{"id":85168,"date":"2022-09-13T15:24:21","date_gmt":"2022-09-13T13:24:21","guid":{"rendered":"https:\/\/keramamueblesdejardin.com\/sem%20categoria\/conjunto-de-jardim-2-redes-e-mesa-lateral-40x40-java-light\/"},"modified":"2024-08-08T13:03:24","modified_gmt":"2024-08-08T11:03:24","slug":"jardim-set-2-redes-e-auxiliar-mesa-40x40-java-luz","status":"publish","type":"product","link":"https:\/\/keramamueblesdejardin.com\/pt-pt\/espreguicadeiras-e-descanso\/jardim-set-2-redes-e-auxiliar-mesa-40x40-java-luz\/","title":{"rendered":"Conjunto de jardim 2 redes e mesa lateral 40&#215;40 &#8211; Java Light"},"content":{"rendered":"<p>Conjunto composto por 2 redes de jardim dobr\u00e1veis feitas de madeira clara e com tecido de lona ecru e um meista auxiliar dobr\u00e1vel de 40x40x45cm. A rede \u00e9 dobr\u00e1vel e muito pr\u00e1tica, pode ser colocada em v\u00e1rias posi\u00e7\u00f5es. O tecido \u00e9 defus\u00e1vel e lav\u00e1vel. Medidas de posi\u00e7\u00e3o mais baixa: 103,5x60x86,5cm. Medidas mais elevadas: 95,5x60x98cm. Peso 4,6kg<\/p>\n","protected":false},"excerpt":{"rendered":"<ul>\n<li>2 Rede de jardim dobr\u00e1vel feita de madeira clara e com tecido ecru<\/li>\n<li>Dobr\u00e1vel e tem v\u00e1rias posi\u00e7\u00f5es<\/li>\n<li>Tecido amov\u00edvel e lav\u00e1vel<\/li>\n<li>1 mesa lateral dobr\u00e1vel 40&#215;40&gt;<\/li>\n<\/ul>\n","protected":false},"featured_media":39108,"comment_status":"closed","ping_status":"closed","template":"","meta":{"_acf_changed":false},"product_brand":[],"product_cat":[412,498],"product_tag":[430,434,435,429,439,433,438],"class_list":{"0":"post-85168","1":"product","2":"type-product","3":"status-publish","4":"has-post-thumbnail","6":"product_cat-espreguicadeiras-e-descanso","7":"product_cat-redes","8":"product_tag-acacia-pt-pt","9":"product_tag-desmontavel","10":"product_tag-diretor","11":"product_tag-madeira-pt-pt","12":"product_tag-rede","13":"product_tag-rio-java-pt-pt","14":"product_tag-vereador-pt-pt","15":"product_shipping_class-envio-gratuito-pt-pt","16":"pa_asientos-2-pt-pt-2","17":"pa_coleccion-java-light-pt-pt","18":"pa_forma-quadrado","19":"pa_material-madera-clara-pt-pt","20":"pa_tamano-espacio-pequeno-pt-pt-2","22":"first","23":"instock","24":"sale","25":"purchasable","26":"product-type-simple","27":"add-to-wishlist-before_image"},"acf":[],"yoast_head":"<!-- This site is optimized with the Yoast SEO plugin v27.4 - https:\/\/yoast.com\/product\/yoast-seo-wordpress\/ -->\n<title>Conjunto de jardim 2 redes e mesa lateral 40x40 - Java Light - Kerama<\/title>\n<meta name=\"robots\" content=\"index, follow, max-snippet:-1, max-image-preview:large, max-video-preview:-1\" \/>\n<link rel=\"canonical\" href=\"https:\/\/keramamueblesdejardin.com\/pt-pt\/espreguicadeiras-e-descanso\/jardim-set-2-redes-e-auxiliar-mesa-40x40-java-luz\/\" \/>\n<meta property=\"og:locale\" content=\"pt_PT\" \/>\n<meta property=\"og:type\" content=\"article\" \/>\n<meta property=\"og:title\" content=\"Conjunto de jardim 2 redes e mesa lateral 40x40 - Java Light - Kerama\" \/>\n<meta property=\"og:description\" content=\"2 Rede de jardim dobr\u00e1vel feita de madeira clara e com tecido ecru  Dobr\u00e1vel e tem v\u00e1rias posi\u00e7\u00f5es  Tecido amov\u00edvel e lav\u00e1vel  1 mesa lateral dobr\u00e1vel 40x40&gt;\" \/>\n<meta property=\"og:url\" content=\"https:\/\/keramamueblesdejardin.com\/pt-pt\/espreguicadeiras-e-descanso\/jardim-set-2-redes-e-auxiliar-mesa-40x40-java-luz\/\" \/>\n<meta property=\"og:site_name\" content=\"Kerama\" \/>\n<meta property=\"article:publisher\" content=\"https:\/\/www.facebook.com\/Kerama-Muebles-de-Jard%c3%adn-106209328312568\/\" \/>\n<meta property=\"article:modified_time\" content=\"2024-08-08T11:03:24+00:00\" \/>\n<meta property=\"og:image\" content=\"https:\/\/keramamueblesdejardin.com\/wp-content\/uploads\/2022\/09\/L1560489-scaled.jpg\" \/>\n\t<meta property=\"og:image:width\" content=\"2560\" \/>\n\t<meta property=\"og:image:height\" content=\"1707\" \/>\n\t<meta property=\"og:image:type\" content=\"image\/jpeg\" \/>\n<meta name=\"twitter:card\" content=\"summary_large_image\" \/>\n<script type=\"application\/ld+json\" class=\"yoast-schema-graph\">{\"@context\":\"https:\\\/\\\/schema.org\",\"@graph\":[{\"@type\":\"WebPage\",\"@id\":\"https:\\\/\\\/keramamueblesdejardin.com\\\/pt-pt\\\/espreguicadeiras-e-descanso\\\/jardim-set-2-redes-e-auxiliar-mesa-40x40-java-luz\\\/\",\"url\":\"https:\\\/\\\/keramamueblesdejardin.com\\\/pt-pt\\\/espreguicadeiras-e-descanso\\\/jardim-set-2-redes-e-auxiliar-mesa-40x40-java-luz\\\/\",\"name\":\"Conjunto de jardim 2 redes e mesa lateral 40x40 - Java Light - Kerama\",\"isPartOf\":{\"@id\":\"https:\\\/\\\/keramamueblesdejardin.com\\\/pt-pt\\\/#website\"},\"primaryImageOfPage\":{\"@id\":\"https:\\\/\\\/keramamueblesdejardin.com\\\/pt-pt\\\/espreguicadeiras-e-descanso\\\/jardim-set-2-redes-e-auxiliar-mesa-40x40-java-luz\\\/#primaryimage\"},\"image\":{\"@id\":\"https:\\\/\\\/keramamueblesdejardin.com\\\/pt-pt\\\/espreguicadeiras-e-descanso\\\/jardim-set-2-redes-e-auxiliar-mesa-40x40-java-luz\\\/#primaryimage\"},\"thumbnailUrl\":\"https:\\\/\\\/keramamueblesdejardin.com\\\/wp-content\\\/uploads\\\/2022\\\/09\\\/L1560489-scaled.jpg\",\"datePublished\":\"2022-09-13T13:24:21+00:00\",\"dateModified\":\"2024-08-08T11:03:24+00:00\",\"breadcrumb\":{\"@id\":\"https:\\\/\\\/keramamueblesdejardin.com\\\/pt-pt\\\/espreguicadeiras-e-descanso\\\/jardim-set-2-redes-e-auxiliar-mesa-40x40-java-luz\\\/#breadcrumb\"},\"inLanguage\":\"pt-PT\",\"potentialAction\":[{\"@type\":\"ReadAction\",\"target\":[\"https:\\\/\\\/keramamueblesdejardin.com\\\/pt-pt\\\/espreguicadeiras-e-descanso\\\/jardim-set-2-redes-e-auxiliar-mesa-40x40-java-luz\\\/\"]}]},{\"@type\":\"ImageObject\",\"inLanguage\":\"pt-PT\",\"@id\":\"https:\\\/\\\/keramamueblesdejardin.com\\\/pt-pt\\\/espreguicadeiras-e-descanso\\\/jardim-set-2-redes-e-auxiliar-mesa-40x40-java-luz\\\/#primaryimage\",\"url\":\"https:\\\/\\\/keramamueblesdejardin.com\\\/wp-content\\\/uploads\\\/2022\\\/09\\\/L1560489-scaled.jpg\",\"contentUrl\":\"https:\\\/\\\/keramamueblesdejardin.com\\\/wp-content\\\/uploads\\\/2022\\\/09\\\/L1560489-scaled.jpg\",\"width\":2560,\"height\":1707},{\"@type\":\"BreadcrumbList\",\"@id\":\"https:\\\/\\\/keramamueblesdejardin.com\\\/pt-pt\\\/espreguicadeiras-e-descanso\\\/jardim-set-2-redes-e-auxiliar-mesa-40x40-java-luz\\\/#breadcrumb\",\"itemListElement\":[{\"@type\":\"ListItem\",\"position\":1,\"name\":\"Home\",\"item\":\"https:\\\/\\\/keramamueblesdejardin.com\\\/pt-pt\\\/\"},{\"@type\":\"ListItem\",\"position\":2,\"name\":\"Tienda\",\"item\":\"https:\\\/\\\/keramamueblesdejardin.com\\\/pt-pt\\\/tienda-2\\\/\"},{\"@type\":\"ListItem\",\"position\":3,\"name\":\"Espregui\u00e7adeiras e descanso\",\"item\":\"https:\\\/\\\/keramamueblesdejardin.com\\\/pt-pt\\\/espreguicadeiras-e-descanso\\\/\"},{\"@type\":\"ListItem\",\"position\":4,\"name\":\"Conjunto de jardim 2 redes e mesa lateral 40&#215;40 &#8211; Java Light\"}]},{\"@type\":\"WebSite\",\"@id\":\"https:\\\/\\\/keramamueblesdejardin.com\\\/pt-pt\\\/#website\",\"url\":\"https:\\\/\\\/keramamueblesdejardin.com\\\/pt-pt\\\/\",\"name\":\"Kerama\",\"description\":\"muebles de jard\u00edn\",\"publisher\":{\"@id\":\"https:\\\/\\\/keramamueblesdejardin.com\\\/pt-pt\\\/#organization\"},\"potentialAction\":[{\"@type\":\"SearchAction\",\"target\":{\"@type\":\"EntryPoint\",\"urlTemplate\":\"https:\\\/\\\/keramamueblesdejardin.com\\\/pt-pt\\\/?s={search_term_string}\"},\"query-input\":{\"@type\":\"PropertyValueSpecification\",\"valueRequired\":true,\"valueName\":\"search_term_string\"}}],\"inLanguage\":\"pt-PT\"},{\"@type\":\"Organization\",\"@id\":\"https:\\\/\\\/keramamueblesdejardin.com\\\/pt-pt\\\/#organization\",\"name\":\"kerama\",\"url\":\"https:\\\/\\\/keramamueblesdejardin.com\\\/pt-pt\\\/\",\"logo\":{\"@type\":\"ImageObject\",\"inLanguage\":\"pt-PT\",\"@id\":\"https:\\\/\\\/keramamueblesdejardin.com\\\/pt-pt\\\/#\\\/schema\\\/logo\\\/image\\\/\",\"url\":\"https:\\\/\\\/keramamueblesdejardin.com\\\/wp-content\\\/uploads\\\/2020\\\/12\\\/k.-scaled.jpg\",\"contentUrl\":\"https:\\\/\\\/keramamueblesdejardin.com\\\/wp-content\\\/uploads\\\/2020\\\/12\\\/k.-scaled.jpg\",\"width\":2560,\"height\":551,\"caption\":\"kerama\"},\"image\":{\"@id\":\"https:\\\/\\\/keramamueblesdejardin.com\\\/pt-pt\\\/#\\\/schema\\\/logo\\\/image\\\/\"},\"sameAs\":[\"https:\\\/\\\/www.facebook.com\\\/Kerama-Muebles-de-Jard\u00edn-106209328312568\\\/\"]}]}<\/script>\n<!-- \/ Yoast SEO plugin. -->","yoast_head_json":{"title":"Conjunto de jardim 2 redes e mesa lateral 40x40 - Java Light - Kerama","robots":{"index":"index","follow":"follow","max-snippet":"max-snippet:-1","max-image-preview":"max-image-preview:large","max-video-preview":"max-video-preview:-1"},"canonical":"https:\/\/keramamueblesdejardin.com\/pt-pt\/espreguicadeiras-e-descanso\/jardim-set-2-redes-e-auxiliar-mesa-40x40-java-luz\/","og_locale":"pt_PT","og_type":"article","og_title":"Conjunto de jardim 2 redes e mesa lateral 40x40 - Java Light - Kerama","og_description":"2 Rede de jardim dobr\u00e1vel feita de madeira clara e com tecido ecru  Dobr\u00e1vel e tem v\u00e1rias posi\u00e7\u00f5es  Tecido amov\u00edvel e lav\u00e1vel  1 mesa lateral dobr\u00e1vel 40x40&gt;","og_url":"https:\/\/keramamueblesdejardin.com\/pt-pt\/espreguicadeiras-e-descanso\/jardim-set-2-redes-e-auxiliar-mesa-40x40-java-luz\/","og_site_name":"Kerama","article_publisher":"https:\/\/www.facebook.com\/Kerama-Muebles-de-Jard%c3%adn-106209328312568\/","article_modified_time":"2024-08-08T11:03:24+00:00","og_image":[{"width":2560,"height":1707,"url":"https:\/\/keramamueblesdejardin.com\/wp-content\/uploads\/2022\/09\/L1560489-scaled.jpg","type":"image\/jpeg"}],"twitter_card":"summary_large_image","schema":{"@context":"https:\/\/schema.org","@graph":[{"@type":"WebPage","@id":"https:\/\/keramamueblesdejardin.com\/pt-pt\/espreguicadeiras-e-descanso\/jardim-set-2-redes-e-auxiliar-mesa-40x40-java-luz\/","url":"https:\/\/keramamueblesdejardin.com\/pt-pt\/espreguicadeiras-e-descanso\/jardim-set-2-redes-e-auxiliar-mesa-40x40-java-luz\/","name":"Conjunto de jardim 2 redes e mesa lateral 40x40 - Java Light - Kerama","isPartOf":{"@id":"https:\/\/keramamueblesdejardin.com\/pt-pt\/#website"},"primaryImageOfPage":{"@id":"https:\/\/keramamueblesdejardin.com\/pt-pt\/espreguicadeiras-e-descanso\/jardim-set-2-redes-e-auxiliar-mesa-40x40-java-luz\/#primaryimage"},"image":{"@id":"https:\/\/keramamueblesdejardin.com\/pt-pt\/espreguicadeiras-e-descanso\/jardim-set-2-redes-e-auxiliar-mesa-40x40-java-luz\/#primaryimage"},"thumbnailUrl":"https:\/\/keramamueblesdejardin.com\/wp-content\/uploads\/2022\/09\/L1560489-scaled.jpg","datePublished":"2022-09-13T13:24:21+00:00","dateModified":"2024-08-08T11:03:24+00:00","breadcrumb":{"@id":"https:\/\/keramamueblesdejardin.com\/pt-pt\/espreguicadeiras-e-descanso\/jardim-set-2-redes-e-auxiliar-mesa-40x40-java-luz\/#breadcrumb"},"inLanguage":"pt-PT","potentialAction":[{"@type":"ReadAction","target":["https:\/\/keramamueblesdejardin.com\/pt-pt\/espreguicadeiras-e-descanso\/jardim-set-2-redes-e-auxiliar-mesa-40x40-java-luz\/"]}]},{"@type":"ImageObject","inLanguage":"pt-PT","@id":"https:\/\/keramamueblesdejardin.com\/pt-pt\/espreguicadeiras-e-descanso\/jardim-set-2-redes-e-auxiliar-mesa-40x40-java-luz\/#primaryimage","url":"https:\/\/keramamueblesdejardin.com\/wp-content\/uploads\/2022\/09\/L1560489-scaled.jpg","contentUrl":"https:\/\/keramamueblesdejardin.com\/wp-content\/uploads\/2022\/09\/L1560489-scaled.jpg","width":2560,"height":1707},{"@type":"BreadcrumbList","@id":"https:\/\/keramamueblesdejardin.com\/pt-pt\/espreguicadeiras-e-descanso\/jardim-set-2-redes-e-auxiliar-mesa-40x40-java-luz\/#breadcrumb","itemListElement":[{"@type":"ListItem","position":1,"name":"Home","item":"https:\/\/keramamueblesdejardin.com\/pt-pt\/"},{"@type":"ListItem","position":2,"name":"Tienda","item":"https:\/\/keramamueblesdejardin.com\/pt-pt\/tienda-2\/"},{"@type":"ListItem","position":3,"name":"Espregui\u00e7adeiras e descanso","item":"https:\/\/keramamueblesdejardin.com\/pt-pt\/espreguicadeiras-e-descanso\/"},{"@type":"ListItem","position":4,"name":"Conjunto de jardim 2 redes e mesa lateral 40&#215;40 &#8211; Java Light"}]},{"@type":"WebSite","@id":"https:\/\/keramamueblesdejardin.com\/pt-pt\/#website","url":"https:\/\/keramamueblesdejardin.com\/pt-pt\/","name":"Kerama","description":"muebles de jard\u00edn","publisher":{"@id":"https:\/\/keramamueblesdejardin.com\/pt-pt\/#organization"},"potentialAction":[{"@type":"SearchAction","target":{"@type":"EntryPoint","urlTemplate":"https:\/\/keramamueblesdejardin.com\/pt-pt\/?s={search_term_string}"},"query-input":{"@type":"PropertyValueSpecification","valueRequired":true,"valueName":"search_term_string"}}],"inLanguage":"pt-PT"},{"@type":"Organization","@id":"https:\/\/keramamueblesdejardin.com\/pt-pt\/#organization","name":"kerama","url":"https:\/\/keramamueblesdejardin.com\/pt-pt\/","logo":{"@type":"ImageObject","inLanguage":"pt-PT","@id":"https:\/\/keramamueblesdejardin.com\/pt-pt\/#\/schema\/logo\/image\/","url":"https:\/\/keramamueblesdejardin.com\/wp-content\/uploads\/2020\/12\/k.-scaled.jpg","contentUrl":"https:\/\/keramamueblesdejardin.com\/wp-content\/uploads\/2020\/12\/k.-scaled.jpg","width":2560,"height":551,"caption":"kerama"},"image":{"@id":"https:\/\/keramamueblesdejardin.com\/pt-pt\/#\/schema\/logo\/image\/"},"sameAs":["https:\/\/www.facebook.com\/Kerama-Muebles-de-Jard\u00edn-106209328312568\/"]}]}},"df_price":229,"df_sale_price":229,"df_regular_price":280,"df_image_link":"https:\/\/keramamueblesdejardin.com\/wp-content\/uploads\/2022\/09\/L1560489-300x200.jpg","custom_tabs":"","_links":{"self":[{"href":"https:\/\/keramamueblesdejardin.com\/pt-pt\/wp-json\/wp\/v2\/product\/85168","targetHints":{"allow":["GET"]}}],"collection":[{"href":"https:\/\/keramamueblesdejardin.com\/pt-pt\/wp-json\/wp\/v2\/product"}],"about":[{"href":"https:\/\/keramamueblesdejardin.com\/pt-pt\/wp-json\/wp\/v2\/types\/product"}],"replies":[{"embeddable":true,"href":"https:\/\/keramamueblesdejardin.com\/pt-pt\/wp-json\/wp\/v2\/comments?post=85168"}],"wp:featuredmedia":[{"embeddable":true,"href":"https:\/\/keramamueblesdejardin.com\/pt-pt\/wp-json\/wp\/v2\/media\/39108"}],"wp:attachment":[{"href":"https:\/\/keramamueblesdejardin.com\/pt-pt\/wp-json\/wp\/v2\/media?parent=85168"}],"wp:term":[{"taxonomy":"product_brand","embeddable":true,"href":"https:\/\/keramamueblesdejardin.com\/pt-pt\/wp-json\/wp\/v2\/product_brand?post=85168"},{"taxonomy":"product_cat","embeddable":true,"href":"https:\/\/keramamueblesdejardin.com\/pt-pt\/wp-json\/wp\/v2\/product_cat?post=85168"},{"taxonomy":"product_tag","embeddable":true,"href":"https:\/\/keramamueblesdejardin.com\/pt-pt\/wp-json\/wp\/v2\/product_tag?post=85168"}],"curies":[{"name":"wp","href":"https:\/\/api.w.org\/{rel}","templated":true}]}}