{"id":85096,"date":"2023-04-12T16:47:43","date_gmt":"2023-04-12T14:47:43","guid":{"rendered":"https:\/\/keramamueblesdejardin.com\/sem%20categoria\/garden-set-6-lugares-mesa-redonda-branca-e-6-cadeiras-com-almofada-osaka\/"},"modified":"2024-10-21T13:15:44","modified_gmt":"2024-10-21T11:15:44","slug":"jardim-conjunto-6-lugares-branco-mesa-redonda-e-6-cadeiras-com-almofada-osaca","status":"publish","type":"product","link":"https:\/\/keramamueblesdejardin.com\/pt-pt\/salas-de-jantar-ao-ar-livre\/definir-mesa-e-cadeiras-jardim\/jardim-conjunto-6-lugares-branco-mesa-redonda-e-6-cadeiras-com-almofada-osaca\/","title":{"rendered":"Garden set 6 lugares mesa redonda branca e 6 cadeiras com almofada &#8211; Osaka"},"content":{"rendered":"<p>Conjunto composto por uma mesa redonda com ripas de polietileno de alta densidade, imita\u00e7\u00e3o de madeira e estrutura de alum\u00ednio branco de 140cm de di\u00e2metro. A estrutura \u00e9 feita de alum\u00ednio em branco e sobre ripas que sendo feitas de polietileno de alta densidade, t\u00eam o aspeto de madeira, mas eliminando a manuten\u00e7\u00e3o e tratamento que a madeira implica uma vez que \u00e9 um material sint\u00e9tico muito resistente com 6 cadeiras Osaka brancas (Altura 87 x Comprimento 56,5 x Profundidade 54) s\u00e3o feitas de alum\u00ednio branco e bra\u00e7os com polimadeira imitando madeira. Al\u00e9m de ser muito confort\u00e1vel devido aos seus apoios de bra\u00e7os e assento almofadado, \u00e9 empilh\u00e1vel, o que reduz muito o espa\u00e7o de armazenamento e \u00e9 muito leve. As cadeiras v\u00eam com uma almofada bege que \u00e9 remov\u00edvel e f\u00e1cil de lavar. Voc\u00ea pode combin\u00e1-lo com outros produtos da fam\u00edlia Osaka.<\/p>\n","protected":false},"excerpt":{"rendered":"<ul>\n<li>Mesa redonda com caixilharia de alum\u00ednio e tampo de imita\u00e7\u00e3o de madeira<\/li>\n<li>Cadeiras de alum\u00ednio branco com bra\u00e7osImita\u00e7\u00e3o de bra\u00e7os de madeira com almofada<\/li>\n<li>N\u00e3o \u00e9 necess\u00e1ria manuten\u00e7\u00e3o<\/li>\n<\/ul>\n","protected":false},"featured_media":83516,"comment_status":"closed","ping_status":"closed","template":"","meta":{"_acf_changed":false},"product_brand":[],"product_cat":[422,420],"product_tag":[427,441],"class_list":{"0":"post-85096","1":"product","2":"type-product","3":"status-publish","4":"has-post-thumbnail","6":"product_cat-definir-mesa-e-cadeiras-jardim","7":"product_cat-salas-de-jantar-ao-ar-livre","8":"product_tag-espacos-amplos","9":"product_tag-osaka-pt-pt","10":"product_shipping_class-envio-gratuito-pt-pt","11":"pa_coleccion-osaka-pt-pt","12":"pa_material-aluminio-pt-pt","14":"first","15":"instock","16":"sale","17":"purchasable","18":"product-type-simple","19":"add-to-wishlist-before_image"},"acf":[],"yoast_head":"<!-- This site is optimized with the Yoast SEO plugin v27.2 - https:\/\/yoast.com\/product\/yoast-seo-wordpress\/ -->\n<title>Garden set 6 lugares mesa redonda branca e 6 cadeiras com almofada - Osaka - Kerama<\/title>\n<meta name=\"robots\" content=\"index, follow, max-snippet:-1, max-image-preview:large, max-video-preview:-1\" \/>\n<link rel=\"canonical\" href=\"https:\/\/keramamueblesdejardin.com\/pt-pt\/salas-de-jantar-ao-ar-livre\/definir-mesa-e-cadeiras-jardim\/jardim-conjunto-6-lugares-branco-mesa-redonda-e-6-cadeiras-com-almofada-osaca\/\" \/>\n<meta property=\"og:locale\" content=\"pt_PT\" \/>\n<meta property=\"og:type\" content=\"article\" \/>\n<meta property=\"og:title\" content=\"Garden set 6 lugares mesa redonda branca e 6 cadeiras com almofada - Osaka - Kerama\" \/>\n<meta property=\"og:description\" content=\"Mesa redonda com caixilharia de alum\u00ednio e tampo de imita\u00e7\u00e3o de madeira  Cadeiras de alum\u00ednio branco com bra\u00e7osImita\u00e7\u00e3o de bra\u00e7os de madeira com almofada  N\u00e3o \u00e9 necess\u00e1ria manuten\u00e7\u00e3o\" \/>\n<meta property=\"og:url\" content=\"https:\/\/keramamueblesdejardin.com\/pt-pt\/salas-de-jantar-ao-ar-livre\/definir-mesa-e-cadeiras-jardim\/jardim-conjunto-6-lugares-branco-mesa-redonda-e-6-cadeiras-com-almofada-osaca\/\" \/>\n<meta property=\"og:site_name\" content=\"Kerama\" \/>\n<meta property=\"article:publisher\" content=\"https:\/\/www.facebook.com\/Kerama-Muebles-de-Jard%c3%adn-106209328312568\/\" \/>\n<meta property=\"article:modified_time\" content=\"2024-10-21T11:15:44+00:00\" \/>\n<meta property=\"og:image\" content=\"https:\/\/keramamueblesdejardin.com\/wp-content\/uploads\/2023\/04\/osaka-6-blanca-cojin.jpg\" \/>\n\t<meta property=\"og:image:width\" content=\"1200\" \/>\n\t<meta property=\"og:image:height\" content=\"1200\" \/>\n\t<meta property=\"og:image:type\" content=\"image\/jpeg\" \/>\n<meta name=\"twitter:card\" content=\"summary_large_image\" \/>\n<meta name=\"twitter:label1\" content=\"Tempo estimado de leitura\" \/>\n\t<meta name=\"twitter:data1\" content=\"1 minuto\" \/>\n<script type=\"application\/ld+json\" class=\"yoast-schema-graph\">{\"@context\":\"https:\/\/schema.org\",\"@graph\":[{\"@type\":\"WebPage\",\"@id\":\"https:\/\/keramamueblesdejardin.com\/pt-pt\/salas-de-jantar-ao-ar-livre\/definir-mesa-e-cadeiras-jardim\/jardim-conjunto-6-lugares-branco-mesa-redonda-e-6-cadeiras-com-almofada-osaca\/\",\"url\":\"https:\/\/keramamueblesdejardin.com\/pt-pt\/salas-de-jantar-ao-ar-livre\/definir-mesa-e-cadeiras-jardim\/jardim-conjunto-6-lugares-branco-mesa-redonda-e-6-cadeiras-com-almofada-osaca\/\",\"name\":\"Garden set 6 lugares mesa redonda branca e 6 cadeiras com almofada - Osaka - Kerama\",\"isPartOf\":{\"@id\":\"https:\/\/keramamueblesdejardin.com\/pt-pt\/#website\"},\"primaryImageOfPage\":{\"@id\":\"https:\/\/keramamueblesdejardin.com\/pt-pt\/salas-de-jantar-ao-ar-livre\/definir-mesa-e-cadeiras-jardim\/jardim-conjunto-6-lugares-branco-mesa-redonda-e-6-cadeiras-com-almofada-osaca\/#primaryimage\"},\"image\":{\"@id\":\"https:\/\/keramamueblesdejardin.com\/pt-pt\/salas-de-jantar-ao-ar-livre\/definir-mesa-e-cadeiras-jardim\/jardim-conjunto-6-lugares-branco-mesa-redonda-e-6-cadeiras-com-almofada-osaca\/#primaryimage\"},\"thumbnailUrl\":\"https:\/\/keramamueblesdejardin.com\/wp-content\/uploads\/2023\/04\/osaka-6-blanca-cojin.jpg\",\"datePublished\":\"2023-04-12T14:47:43+00:00\",\"dateModified\":\"2024-10-21T11:15:44+00:00\",\"breadcrumb\":{\"@id\":\"https:\/\/keramamueblesdejardin.com\/pt-pt\/salas-de-jantar-ao-ar-livre\/definir-mesa-e-cadeiras-jardim\/jardim-conjunto-6-lugares-branco-mesa-redonda-e-6-cadeiras-com-almofada-osaca\/#breadcrumb\"},\"inLanguage\":\"pt-PT\",\"potentialAction\":[{\"@type\":\"ReadAction\",\"target\":[\"https:\/\/keramamueblesdejardin.com\/pt-pt\/salas-de-jantar-ao-ar-livre\/definir-mesa-e-cadeiras-jardim\/jardim-conjunto-6-lugares-branco-mesa-redonda-e-6-cadeiras-com-almofada-osaca\/\"]}]},{\"@type\":\"ImageObject\",\"inLanguage\":\"pt-PT\",\"@id\":\"https:\/\/keramamueblesdejardin.com\/pt-pt\/salas-de-jantar-ao-ar-livre\/definir-mesa-e-cadeiras-jardim\/jardim-conjunto-6-lugares-branco-mesa-redonda-e-6-cadeiras-com-almofada-osaca\/#primaryimage\",\"url\":\"https:\/\/keramamueblesdejardin.com\/wp-content\/uploads\/2023\/04\/osaka-6-blanca-cojin.jpg\",\"contentUrl\":\"https:\/\/keramamueblesdejardin.com\/wp-content\/uploads\/2023\/04\/osaka-6-blanca-cojin.jpg\",\"width\":1200,\"height\":1200},{\"@type\":\"BreadcrumbList\",\"@id\":\"https:\/\/keramamueblesdejardin.com\/pt-pt\/salas-de-jantar-ao-ar-livre\/definir-mesa-e-cadeiras-jardim\/jardim-conjunto-6-lugares-branco-mesa-redonda-e-6-cadeiras-com-almofada-osaca\/#breadcrumb\",\"itemListElement\":[{\"@type\":\"ListItem\",\"position\":1,\"name\":\"Home\",\"item\":\"https:\/\/keramamueblesdejardin.com\/pt-pt\/\"},{\"@type\":\"ListItem\",\"position\":2,\"name\":\"Tienda\",\"item\":\"https:\/\/keramamueblesdejardin.com\/pt-pt\/tienda-2\/\"},{\"@type\":\"ListItem\",\"position\":3,\"name\":\"Salas de jantar ao ar livre\",\"item\":\"https:\/\/keramamueblesdejardin.com\/pt-pt\/salas-de-jantar-ao-ar-livre\/\"},{\"@type\":\"ListItem\",\"position\":4,\"name\":\"Definir mesa e cadeiras jardim\",\"item\":\"https:\/\/keramamueblesdejardin.com\/pt-pt\/salas-de-jantar-ao-ar-livre\/definir-mesa-e-cadeiras-jardim\/\"},{\"@type\":\"ListItem\",\"position\":5,\"name\":\"Garden set 6 lugares mesa redonda branca e 6 cadeiras com almofada &#8211; Osaka\"}]},{\"@type\":\"WebSite\",\"@id\":\"https:\/\/keramamueblesdejardin.com\/pt-pt\/#website\",\"url\":\"https:\/\/keramamueblesdejardin.com\/pt-pt\/\",\"name\":\"Kerama\",\"description\":\"muebles de jard\u00edn\",\"publisher\":{\"@id\":\"https:\/\/keramamueblesdejardin.com\/pt-pt\/#organization\"},\"potentialAction\":[{\"@type\":\"SearchAction\",\"target\":{\"@type\":\"EntryPoint\",\"urlTemplate\":\"https:\/\/keramamueblesdejardin.com\/pt-pt\/?s={search_term_string}\"},\"query-input\":{\"@type\":\"PropertyValueSpecification\",\"valueRequired\":true,\"valueName\":\"search_term_string\"}}],\"inLanguage\":\"pt-PT\"},{\"@type\":\"Organization\",\"@id\":\"https:\/\/keramamueblesdejardin.com\/pt-pt\/#organization\",\"name\":\"kerama\",\"url\":\"https:\/\/keramamueblesdejardin.com\/pt-pt\/\",\"logo\":{\"@type\":\"ImageObject\",\"inLanguage\":\"pt-PT\",\"@id\":\"https:\/\/keramamueblesdejardin.com\/pt-pt\/#\/schema\/logo\/image\/\",\"url\":\"https:\/\/keramamueblesdejardin.com\/wp-content\/uploads\/2020\/12\/k.-scaled.jpg\",\"contentUrl\":\"https:\/\/keramamueblesdejardin.com\/wp-content\/uploads\/2020\/12\/k.-scaled.jpg\",\"width\":2560,\"height\":551,\"caption\":\"kerama\"},\"image\":{\"@id\":\"https:\/\/keramamueblesdejardin.com\/pt-pt\/#\/schema\/logo\/image\/\"},\"sameAs\":[\"https:\/\/www.facebook.com\/Kerama-Muebles-de-Jard\u00edn-106209328312568\/\"]}]}<\/script>\n<!-- \/ Yoast SEO plugin. -->","yoast_head_json":{"title":"Garden set 6 lugares mesa redonda branca e 6 cadeiras com almofada - Osaka - Kerama","robots":{"index":"index","follow":"follow","max-snippet":"max-snippet:-1","max-image-preview":"max-image-preview:large","max-video-preview":"max-video-preview:-1"},"canonical":"https:\/\/keramamueblesdejardin.com\/pt-pt\/salas-de-jantar-ao-ar-livre\/definir-mesa-e-cadeiras-jardim\/jardim-conjunto-6-lugares-branco-mesa-redonda-e-6-cadeiras-com-almofada-osaca\/","og_locale":"pt_PT","og_type":"article","og_title":"Garden set 6 lugares mesa redonda branca e 6 cadeiras com almofada - Osaka - Kerama","og_description":"Mesa redonda com caixilharia de alum\u00ednio e tampo de imita\u00e7\u00e3o de madeira  Cadeiras de alum\u00ednio branco com bra\u00e7osImita\u00e7\u00e3o de bra\u00e7os de madeira com almofada  N\u00e3o \u00e9 necess\u00e1ria manuten\u00e7\u00e3o","og_url":"https:\/\/keramamueblesdejardin.com\/pt-pt\/salas-de-jantar-ao-ar-livre\/definir-mesa-e-cadeiras-jardim\/jardim-conjunto-6-lugares-branco-mesa-redonda-e-6-cadeiras-com-almofada-osaca\/","og_site_name":"Kerama","article_publisher":"https:\/\/www.facebook.com\/Kerama-Muebles-de-Jard%c3%adn-106209328312568\/","article_modified_time":"2024-10-21T11:15:44+00:00","og_image":[{"width":1200,"height":1200,"url":"https:\/\/keramamueblesdejardin.com\/wp-content\/uploads\/2023\/04\/osaka-6-blanca-cojin.jpg","type":"image\/jpeg"}],"twitter_card":"summary_large_image","twitter_misc":{"Tempo estimado de leitura":"1 minuto"},"schema":{"@context":"https:\/\/schema.org","@graph":[{"@type":"WebPage","@id":"https:\/\/keramamueblesdejardin.com\/pt-pt\/salas-de-jantar-ao-ar-livre\/definir-mesa-e-cadeiras-jardim\/jardim-conjunto-6-lugares-branco-mesa-redonda-e-6-cadeiras-com-almofada-osaca\/","url":"https:\/\/keramamueblesdejardin.com\/pt-pt\/salas-de-jantar-ao-ar-livre\/definir-mesa-e-cadeiras-jardim\/jardim-conjunto-6-lugares-branco-mesa-redonda-e-6-cadeiras-com-almofada-osaca\/","name":"Garden set 6 lugares mesa redonda branca e 6 cadeiras com almofada - Osaka - Kerama","isPartOf":{"@id":"https:\/\/keramamueblesdejardin.com\/pt-pt\/#website"},"primaryImageOfPage":{"@id":"https:\/\/keramamueblesdejardin.com\/pt-pt\/salas-de-jantar-ao-ar-livre\/definir-mesa-e-cadeiras-jardim\/jardim-conjunto-6-lugares-branco-mesa-redonda-e-6-cadeiras-com-almofada-osaca\/#primaryimage"},"image":{"@id":"https:\/\/keramamueblesdejardin.com\/pt-pt\/salas-de-jantar-ao-ar-livre\/definir-mesa-e-cadeiras-jardim\/jardim-conjunto-6-lugares-branco-mesa-redonda-e-6-cadeiras-com-almofada-osaca\/#primaryimage"},"thumbnailUrl":"https:\/\/keramamueblesdejardin.com\/wp-content\/uploads\/2023\/04\/osaka-6-blanca-cojin.jpg","datePublished":"2023-04-12T14:47:43+00:00","dateModified":"2024-10-21T11:15:44+00:00","breadcrumb":{"@id":"https:\/\/keramamueblesdejardin.com\/pt-pt\/salas-de-jantar-ao-ar-livre\/definir-mesa-e-cadeiras-jardim\/jardim-conjunto-6-lugares-branco-mesa-redonda-e-6-cadeiras-com-almofada-osaca\/#breadcrumb"},"inLanguage":"pt-PT","potentialAction":[{"@type":"ReadAction","target":["https:\/\/keramamueblesdejardin.com\/pt-pt\/salas-de-jantar-ao-ar-livre\/definir-mesa-e-cadeiras-jardim\/jardim-conjunto-6-lugares-branco-mesa-redonda-e-6-cadeiras-com-almofada-osaca\/"]}]},{"@type":"ImageObject","inLanguage":"pt-PT","@id":"https:\/\/keramamueblesdejardin.com\/pt-pt\/salas-de-jantar-ao-ar-livre\/definir-mesa-e-cadeiras-jardim\/jardim-conjunto-6-lugares-branco-mesa-redonda-e-6-cadeiras-com-almofada-osaca\/#primaryimage","url":"https:\/\/keramamueblesdejardin.com\/wp-content\/uploads\/2023\/04\/osaka-6-blanca-cojin.jpg","contentUrl":"https:\/\/keramamueblesdejardin.com\/wp-content\/uploads\/2023\/04\/osaka-6-blanca-cojin.jpg","width":1200,"height":1200},{"@type":"BreadcrumbList","@id":"https:\/\/keramamueblesdejardin.com\/pt-pt\/salas-de-jantar-ao-ar-livre\/definir-mesa-e-cadeiras-jardim\/jardim-conjunto-6-lugares-branco-mesa-redonda-e-6-cadeiras-com-almofada-osaca\/#breadcrumb","itemListElement":[{"@type":"ListItem","position":1,"name":"Home","item":"https:\/\/keramamueblesdejardin.com\/pt-pt\/"},{"@type":"ListItem","position":2,"name":"Tienda","item":"https:\/\/keramamueblesdejardin.com\/pt-pt\/tienda-2\/"},{"@type":"ListItem","position":3,"name":"Salas de jantar ao ar livre","item":"https:\/\/keramamueblesdejardin.com\/pt-pt\/salas-de-jantar-ao-ar-livre\/"},{"@type":"ListItem","position":4,"name":"Definir mesa e cadeiras jardim","item":"https:\/\/keramamueblesdejardin.com\/pt-pt\/salas-de-jantar-ao-ar-livre\/definir-mesa-e-cadeiras-jardim\/"},{"@type":"ListItem","position":5,"name":"Garden set 6 lugares mesa redonda branca e 6 cadeiras com almofada &#8211; Osaka"}]},{"@type":"WebSite","@id":"https:\/\/keramamueblesdejardin.com\/pt-pt\/#website","url":"https:\/\/keramamueblesdejardin.com\/pt-pt\/","name":"Kerama","description":"muebles de jard\u00edn","publisher":{"@id":"https:\/\/keramamueblesdejardin.com\/pt-pt\/#organization"},"potentialAction":[{"@type":"SearchAction","target":{"@type":"EntryPoint","urlTemplate":"https:\/\/keramamueblesdejardin.com\/pt-pt\/?s={search_term_string}"},"query-input":{"@type":"PropertyValueSpecification","valueRequired":true,"valueName":"search_term_string"}}],"inLanguage":"pt-PT"},{"@type":"Organization","@id":"https:\/\/keramamueblesdejardin.com\/pt-pt\/#organization","name":"kerama","url":"https:\/\/keramamueblesdejardin.com\/pt-pt\/","logo":{"@type":"ImageObject","inLanguage":"pt-PT","@id":"https:\/\/keramamueblesdejardin.com\/pt-pt\/#\/schema\/logo\/image\/","url":"https:\/\/keramamueblesdejardin.com\/wp-content\/uploads\/2020\/12\/k.-scaled.jpg","contentUrl":"https:\/\/keramamueblesdejardin.com\/wp-content\/uploads\/2020\/12\/k.-scaled.jpg","width":2560,"height":551,"caption":"kerama"},"image":{"@id":"https:\/\/keramamueblesdejardin.com\/pt-pt\/#\/schema\/logo\/image\/"},"sameAs":["https:\/\/www.facebook.com\/Kerama-Muebles-de-Jard\u00edn-106209328312568\/"]}]}},"df_price":1339,"df_sale_price":1339,"df_regular_price":1645,"df_image_link":"https:\/\/keramamueblesdejardin.com\/wp-content\/uploads\/2023\/04\/osaka-6-blanca-cojin-300x300.jpg","custom_tabs":[{"title":"MEDI\u00c7\u00c3O","id":"medi\u00e7\u00e3o","content":"<div class=\"list\">Alto: Cadeira 87 cm \/ Tabela 75 cm<br style=\"color: #282828;\"><strong style=\"font-weight: bold; color: #282828;\">Largura:<\/strong><span style=\"color: #282828;\"> Cadeira 56,5 cm \/ Mesa 140 cm<\/span><br style=\"color: #282828;\"><strong style=\"font-weight: bold; color: #282828;\">Profundidade:<\/strong><span style=\"color: #282828;\"> Cadeira 54cm \/ Mesa 140cm<\/span><br style=\"color: #282828;\"><strong style=\"font-weight: bold; color: #282828;\">Altura do assento:<\/strong><span style=\"color: #282828;\"> 50<\/span><br style=\"color: #282828;\">Profundidade do assento: 50 cm<\/div>"},{"title":"DESEMBALAR E ASSEMBL\u00c9IA","id":"desembalar-e-assembleia","content":"<div class=\"list\"><strong style=\"font-weight: bold; color: #282828;\">Recomenda\u00e7\u00f5es para desempacotar:<\/strong><span style=\"color: #282828;\"> N\u00e3o utilizar ferramentas afiadas ao desembalar o mobili\u00e1rio, pois isso pode causar danos.<\/span><br style=\"color: #282828;\"><strong style=\"font-weight: bold; color: #282828;\">Montagem necess\u00e1ria (S\/N):<\/strong><span style=\"color: #282828;\"> Sim<\/span><br style=\"color: #282828;\"><strong style=\"font-weight: bold; color: #282828;\">Dificuldade de montagem:<\/strong><span style=\"color: #282828;\"> Baixo<\/span><br style=\"color: #282828;\"><strong style=\"font-weight: bold; color: #282828;\">Tempo de montagem:<\/strong> <span style=\"color: #282828;\">30 minutos<\/span><br style=\"color: #282828;\"><strong style=\"font-weight: bold; color: #282828;\">Pessoas recomendadas para a montagem:<\/strong><span style=\"color: #282828;\"> 2<\/span><br style=\"color: #282828;\"><strong style=\"font-weight: bold; color: #282828;\">Sugest\u00f5es da assembleia:<\/strong><span style=\"color: #282828;\">  Preparar uma \u00e1rea de montagem limpa e seca, verificar se nenhuma das pe\u00e7as listadas no manual est\u00e1 em falta. Recomendamos o uso de luvas adequadas para a montagem. Utilize apenas pe\u00e7as e hardware fornecidos. N\u00c3O recomendamos a op\u00e7\u00e3o de compra com montagem para este item, uma vez que a dificuldade de montagem \u00e9 muito baixa.<\/span><\/div>"},{"title":"MANUTEN\u00c7\u00c3O E GARANTIAS","id":"manutencao-e-garantias","content":"<strong>Recomenda\u00e7\u00f5es gerais:<\/strong>\n\u2022 Avarias ou danos causados por:\n\u2022 Causas acidentais como quedas, golpes, derrame de l\u00edquidos, introdu\u00e7\u00e3o de corpos estranhos, bem como qualquer outro caso de for\u00e7a maior.\n\u2022 Uso negligente, impr\u00f3prio ou n\u00e3o dom\u00e9stico, n\u00e3o seguindo as instru\u00e7\u00f5es de uso.\n\u2022 Danos, corros\u00e3o e\/ou oxida\u00e7\u00e3o acelerados por condi\u00e7\u00f5es ambientais adversas\n\u2022 Manchas e descolora\u00e7\u00f5es devido ao n\u00e3o respeito dos nossos slogans de limpeza\n\u2022 Os danos ocorreram durante a montagem e o manuseamento sem ter seguido as instru\u00e7\u00f5es de montagem indicadas.\n\n<strong>Instru\u00e7\u00f5es de utiliza\u00e7\u00e3o e manuten\u00e7\u00e3o:<\/strong>\n\u2022 Em dias ensolarados, use uma cobertura de mesa, especialmente com copos, copos e recipientes de vidro, pois amplifica a temperatura do sol e pode derreter poliestireno. Evite qualquer tipo de cobertura que possa gerar o mesmo efeito.\n\u2022 Limpe com a ajuda de um pano suavemente ou utilize um sab\u00e3o l\u00edquido neutro, enxaguando com muita \u00e1gua.\n\u2022 Retire regularmente o p\u00f3 com a ajuda de um pano macio e \u00e1gua l\u00edmpia.\n\u2022 N\u00e3o utilize detergentes ou produtos abrasivos para a limpeza.\n\u2022 Ap\u00f3s a chuva, seque a mesa com um pano limpo para evitar manchas\n\u2022 Proteja com uma toalha de mesa ou cobertura protetora respir\u00e1vel\n<strong>Anos de garantia:<\/strong> 3 anos\n<strong>Fabricado de acordo com a Norma:<\/strong> 581-1.581-2.581-3"}],"_links":{"self":[{"href":"https:\/\/keramamueblesdejardin.com\/pt-pt\/wp-json\/wp\/v2\/product\/85096","targetHints":{"allow":["GET"]}}],"collection":[{"href":"https:\/\/keramamueblesdejardin.com\/pt-pt\/wp-json\/wp\/v2\/product"}],"about":[{"href":"https:\/\/keramamueblesdejardin.com\/pt-pt\/wp-json\/wp\/v2\/types\/product"}],"replies":[{"embeddable":true,"href":"https:\/\/keramamueblesdejardin.com\/pt-pt\/wp-json\/wp\/v2\/comments?post=85096"}],"wp:featuredmedia":[{"embeddable":true,"href":"https:\/\/keramamueblesdejardin.com\/pt-pt\/wp-json\/wp\/v2\/media\/83516"}],"wp:attachment":[{"href":"https:\/\/keramamueblesdejardin.com\/pt-pt\/wp-json\/wp\/v2\/media?parent=85096"}],"wp:term":[{"taxonomy":"product_brand","embeddable":true,"href":"https:\/\/keramamueblesdejardin.com\/pt-pt\/wp-json\/wp\/v2\/product_brand?post=85096"},{"taxonomy":"product_cat","embeddable":true,"href":"https:\/\/keramamueblesdejardin.com\/pt-pt\/wp-json\/wp\/v2\/product_cat?post=85096"},{"taxonomy":"product_tag","embeddable":true,"href":"https:\/\/keramamueblesdejardin.com\/pt-pt\/wp-json\/wp\/v2\/product_tag?post=85096"}],"curies":[{"name":"wp","href":"https:\/\/api.w.org\/{rel}","templated":true}]}}