{"id":78141,"date":"2023-01-09T12:11:37","date_gmt":"2023-01-09T11:11:37","guid":{"rendered":"https:\/\/keramamueblesdejardin.com\/sem%20categoria\/conjunto-de-2-espreguicadeiras-e-mesa-bolonha\/"},"modified":"2025-01-02T13:37:39","modified_gmt":"2025-01-02T12:37:39","slug":"conjunto-de-2-espreguicadeiras-e-mesa-bolonha","status":"publish","type":"product","link":"https:\/\/keramamueblesdejardin.com\/pt-pt\/espreguicadeiras-e-descanso\/espreguicadeiras\/conjunto-de-2-espreguicadeiras-e-mesa-bolonha\/","title":{"rendered":"Conjunto de 2 espregui\u00e7adeiras e mesa Bolonha"},"content":{"rendered":"<p>Pacote de 2 espregui\u00e7adeiras com almofada e rodas Bolonha 194x64x32cm. A estrutura da espregui\u00e7adeira \u00e9 feita de alum\u00ednio e rattan sint\u00e9tico marrom. A almofada \u00e9 remov\u00edvel, 6 cm de espessura muito confort\u00e1vel em bege. A espregui\u00e7adeira tem rodas o que facilita muito o transporte. O encosto \u00e9 reclinado a 5 posi\u00e7\u00f5es para tomar banhos de sol, ler, descansar na posi\u00e7\u00e3o ideal + 1 mesa lateral Bologna 50x50x44cm. A estrutura da mesa \u00e9 feita de alum\u00ednio e rattan sint\u00e9tico marrom. A parte superior da mesa \u00e9 feita de vidro temperado de 5 mm de espessura (seguran\u00e7a).<\/p>\n","protected":false},"excerpt":{"rendered":"<ul>\n<li>Estrutura de rattan de alum\u00ednio e marrom<\/li>\n<li>Grande espessura das almofadas 6cm<\/li>\n<li>Almofadas amov\u00edveis e lav\u00e1veis<\/li>\n<li>Tem rodas para f\u00e1cil transporte<\/li>\n<li>Encosto reclin\u00e1vel em 5 posi\u00e7\u00f5es<\/li>\n<\/ul>\n","protected":false},"featured_media":81123,"comment_status":"closed","ping_status":"closed","template":"","meta":{"_acf_changed":false},"product_brand":[],"product_cat":[417,412],"product_tag":[],"class_list":{"0":"post-78141","1":"product","2":"type-product","3":"status-publish","4":"has-post-thumbnail","6":"product_cat-espreguicadeiras","7":"product_cat-espreguicadeiras-e-descanso","8":"product_shipping_class-envio-gratuito-pt-pt","9":"pa_caracteristicas-coberturas-lavaveis","10":"pa_coleccion-bolonia-pt-pt","11":"pa_coleccion-java-light-pt-pt","12":"pa_tamano-espacio-grande-pt-pt-2","14":"first","15":"instock","16":"sale","17":"purchasable","18":"product-type-simple","19":"add-to-wishlist-before_image"},"acf":[],"yoast_head":"<!-- This site is optimized with the Yoast SEO plugin v27.4 - https:\/\/yoast.com\/product\/yoast-seo-wordpress\/ -->\n<title>Conjunto de 2 espregui\u00e7adeiras e mesa Bolonha - Kerama<\/title>\n<meta name=\"robots\" content=\"index, follow, max-snippet:-1, max-image-preview:large, max-video-preview:-1\" \/>\n<link rel=\"canonical\" href=\"https:\/\/keramamueblesdejardin.com\/pt-pt\/espreguicadeiras-e-descanso\/espreguicadeiras\/conjunto-de-2-espreguicadeiras-e-mesa-bolonha\/\" \/>\n<meta property=\"og:locale\" content=\"pt_PT\" \/>\n<meta property=\"og:type\" content=\"article\" \/>\n<meta property=\"og:title\" content=\"Conjunto de 2 espregui\u00e7adeiras e mesa Bolonha - Kerama\" \/>\n<meta property=\"og:description\" content=\"Estrutura de rattan de alum\u00ednio e marrom  Grande espessura das almofadas 6cm  Almofadas amov\u00edveis e lav\u00e1veis  Tem rodas para f\u00e1cil transporte  Encosto reclin\u00e1vel em 5 posi\u00e7\u00f5es\" \/>\n<meta property=\"og:url\" content=\"https:\/\/keramamueblesdejardin.com\/pt-pt\/espreguicadeiras-e-descanso\/espreguicadeiras\/conjunto-de-2-espreguicadeiras-e-mesa-bolonha\/\" \/>\n<meta property=\"og:site_name\" content=\"Kerama\" \/>\n<meta property=\"article:publisher\" content=\"https:\/\/www.facebook.com\/Kerama-Muebles-de-Jard%c3%adn-106209328312568\/\" \/>\n<meta property=\"article:modified_time\" content=\"2025-01-02T12:37:39+00:00\" \/>\n<meta property=\"og:image\" content=\"https:\/\/keramamueblesdejardin.com\/wp-content\/uploads\/2023\/01\/x2-bolonia.jpg\" \/>\n\t<meta property=\"og:image:width\" content=\"1200\" \/>\n\t<meta property=\"og:image:height\" content=\"1200\" \/>\n\t<meta property=\"og:image:type\" content=\"image\/jpeg\" \/>\n<meta name=\"twitter:card\" content=\"summary_large_image\" \/>\n<meta name=\"twitter:label1\" content=\"Tempo estimado de leitura\" \/>\n\t<meta name=\"twitter:data1\" content=\"1 minuto\" \/>\n<script type=\"application\/ld+json\" class=\"yoast-schema-graph\">{\"@context\":\"https:\\\/\\\/schema.org\",\"@graph\":[{\"@type\":\"WebPage\",\"@id\":\"https:\\\/\\\/keramamueblesdejardin.com\\\/pt-pt\\\/espreguicadeiras-e-descanso\\\/espreguicadeiras\\\/conjunto-de-2-espreguicadeiras-e-mesa-bolonha\\\/\",\"url\":\"https:\\\/\\\/keramamueblesdejardin.com\\\/pt-pt\\\/espreguicadeiras-e-descanso\\\/espreguicadeiras\\\/conjunto-de-2-espreguicadeiras-e-mesa-bolonha\\\/\",\"name\":\"Conjunto de 2 espregui\u00e7adeiras e mesa Bolonha - Kerama\",\"isPartOf\":{\"@id\":\"https:\\\/\\\/keramamueblesdejardin.com\\\/pt-pt\\\/#website\"},\"primaryImageOfPage\":{\"@id\":\"https:\\\/\\\/keramamueblesdejardin.com\\\/pt-pt\\\/espreguicadeiras-e-descanso\\\/espreguicadeiras\\\/conjunto-de-2-espreguicadeiras-e-mesa-bolonha\\\/#primaryimage\"},\"image\":{\"@id\":\"https:\\\/\\\/keramamueblesdejardin.com\\\/pt-pt\\\/espreguicadeiras-e-descanso\\\/espreguicadeiras\\\/conjunto-de-2-espreguicadeiras-e-mesa-bolonha\\\/#primaryimage\"},\"thumbnailUrl\":\"https:\\\/\\\/keramamueblesdejardin.com\\\/wp-content\\\/uploads\\\/2023\\\/01\\\/x2-bolonia.jpg\",\"datePublished\":\"2023-01-09T11:11:37+00:00\",\"dateModified\":\"2025-01-02T12:37:39+00:00\",\"breadcrumb\":{\"@id\":\"https:\\\/\\\/keramamueblesdejardin.com\\\/pt-pt\\\/espreguicadeiras-e-descanso\\\/espreguicadeiras\\\/conjunto-de-2-espreguicadeiras-e-mesa-bolonha\\\/#breadcrumb\"},\"inLanguage\":\"pt-PT\",\"potentialAction\":[{\"@type\":\"ReadAction\",\"target\":[\"https:\\\/\\\/keramamueblesdejardin.com\\\/pt-pt\\\/espreguicadeiras-e-descanso\\\/espreguicadeiras\\\/conjunto-de-2-espreguicadeiras-e-mesa-bolonha\\\/\"]}]},{\"@type\":\"ImageObject\",\"inLanguage\":\"pt-PT\",\"@id\":\"https:\\\/\\\/keramamueblesdejardin.com\\\/pt-pt\\\/espreguicadeiras-e-descanso\\\/espreguicadeiras\\\/conjunto-de-2-espreguicadeiras-e-mesa-bolonha\\\/#primaryimage\",\"url\":\"https:\\\/\\\/keramamueblesdejardin.com\\\/wp-content\\\/uploads\\\/2023\\\/01\\\/x2-bolonia.jpg\",\"contentUrl\":\"https:\\\/\\\/keramamueblesdejardin.com\\\/wp-content\\\/uploads\\\/2023\\\/01\\\/x2-bolonia.jpg\",\"width\":1200,\"height\":1200},{\"@type\":\"BreadcrumbList\",\"@id\":\"https:\\\/\\\/keramamueblesdejardin.com\\\/pt-pt\\\/espreguicadeiras-e-descanso\\\/espreguicadeiras\\\/conjunto-de-2-espreguicadeiras-e-mesa-bolonha\\\/#breadcrumb\",\"itemListElement\":[{\"@type\":\"ListItem\",\"position\":1,\"name\":\"Home\",\"item\":\"https:\\\/\\\/keramamueblesdejardin.com\\\/pt-pt\\\/\"},{\"@type\":\"ListItem\",\"position\":2,\"name\":\"Tienda\",\"item\":\"https:\\\/\\\/keramamueblesdejardin.com\\\/pt-pt\\\/tienda-2\\\/\"},{\"@type\":\"ListItem\",\"position\":3,\"name\":\"Espregui\u00e7adeiras e descanso\",\"item\":\"https:\\\/\\\/keramamueblesdejardin.com\\\/pt-pt\\\/espreguicadeiras-e-descanso\\\/\"},{\"@type\":\"ListItem\",\"position\":4,\"name\":\"Espregui\u00e7adeiras\",\"item\":\"https:\\\/\\\/keramamueblesdejardin.com\\\/pt-pt\\\/espreguicadeiras-e-descanso\\\/espreguicadeiras\\\/\"},{\"@type\":\"ListItem\",\"position\":5,\"name\":\"Conjunto de 2 espregui\u00e7adeiras e mesa Bolonha\"}]},{\"@type\":\"WebSite\",\"@id\":\"https:\\\/\\\/keramamueblesdejardin.com\\\/pt-pt\\\/#website\",\"url\":\"https:\\\/\\\/keramamueblesdejardin.com\\\/pt-pt\\\/\",\"name\":\"Kerama\",\"description\":\"muebles de jard\u00edn\",\"publisher\":{\"@id\":\"https:\\\/\\\/keramamueblesdejardin.com\\\/pt-pt\\\/#organization\"},\"potentialAction\":[{\"@type\":\"SearchAction\",\"target\":{\"@type\":\"EntryPoint\",\"urlTemplate\":\"https:\\\/\\\/keramamueblesdejardin.com\\\/pt-pt\\\/?s={search_term_string}\"},\"query-input\":{\"@type\":\"PropertyValueSpecification\",\"valueRequired\":true,\"valueName\":\"search_term_string\"}}],\"inLanguage\":\"pt-PT\"},{\"@type\":\"Organization\",\"@id\":\"https:\\\/\\\/keramamueblesdejardin.com\\\/pt-pt\\\/#organization\",\"name\":\"kerama\",\"url\":\"https:\\\/\\\/keramamueblesdejardin.com\\\/pt-pt\\\/\",\"logo\":{\"@type\":\"ImageObject\",\"inLanguage\":\"pt-PT\",\"@id\":\"https:\\\/\\\/keramamueblesdejardin.com\\\/pt-pt\\\/#\\\/schema\\\/logo\\\/image\\\/\",\"url\":\"https:\\\/\\\/keramamueblesdejardin.com\\\/wp-content\\\/uploads\\\/2020\\\/12\\\/k.-scaled.jpg\",\"contentUrl\":\"https:\\\/\\\/keramamueblesdejardin.com\\\/wp-content\\\/uploads\\\/2020\\\/12\\\/k.-scaled.jpg\",\"width\":2560,\"height\":551,\"caption\":\"kerama\"},\"image\":{\"@id\":\"https:\\\/\\\/keramamueblesdejardin.com\\\/pt-pt\\\/#\\\/schema\\\/logo\\\/image\\\/\"},\"sameAs\":[\"https:\\\/\\\/www.facebook.com\\\/Kerama-Muebles-de-Jard\u00edn-106209328312568\\\/\"]}]}<\/script>\n<!-- \/ Yoast SEO plugin. -->","yoast_head_json":{"title":"Conjunto de 2 espregui\u00e7adeiras e mesa Bolonha - Kerama","robots":{"index":"index","follow":"follow","max-snippet":"max-snippet:-1","max-image-preview":"max-image-preview:large","max-video-preview":"max-video-preview:-1"},"canonical":"https:\/\/keramamueblesdejardin.com\/pt-pt\/espreguicadeiras-e-descanso\/espreguicadeiras\/conjunto-de-2-espreguicadeiras-e-mesa-bolonha\/","og_locale":"pt_PT","og_type":"article","og_title":"Conjunto de 2 espregui\u00e7adeiras e mesa Bolonha - Kerama","og_description":"Estrutura de rattan de alum\u00ednio e marrom  Grande espessura das almofadas 6cm  Almofadas amov\u00edveis e lav\u00e1veis  Tem rodas para f\u00e1cil transporte  Encosto reclin\u00e1vel em 5 posi\u00e7\u00f5es","og_url":"https:\/\/keramamueblesdejardin.com\/pt-pt\/espreguicadeiras-e-descanso\/espreguicadeiras\/conjunto-de-2-espreguicadeiras-e-mesa-bolonha\/","og_site_name":"Kerama","article_publisher":"https:\/\/www.facebook.com\/Kerama-Muebles-de-Jard%c3%adn-106209328312568\/","article_modified_time":"2025-01-02T12:37:39+00:00","og_image":[{"width":1200,"height":1200,"url":"https:\/\/keramamueblesdejardin.com\/wp-content\/uploads\/2023\/01\/x2-bolonia.jpg","type":"image\/jpeg"}],"twitter_card":"summary_large_image","twitter_misc":{"Tempo estimado de leitura":"1 minuto"},"schema":{"@context":"https:\/\/schema.org","@graph":[{"@type":"WebPage","@id":"https:\/\/keramamueblesdejardin.com\/pt-pt\/espreguicadeiras-e-descanso\/espreguicadeiras\/conjunto-de-2-espreguicadeiras-e-mesa-bolonha\/","url":"https:\/\/keramamueblesdejardin.com\/pt-pt\/espreguicadeiras-e-descanso\/espreguicadeiras\/conjunto-de-2-espreguicadeiras-e-mesa-bolonha\/","name":"Conjunto de 2 espregui\u00e7adeiras e mesa Bolonha - Kerama","isPartOf":{"@id":"https:\/\/keramamueblesdejardin.com\/pt-pt\/#website"},"primaryImageOfPage":{"@id":"https:\/\/keramamueblesdejardin.com\/pt-pt\/espreguicadeiras-e-descanso\/espreguicadeiras\/conjunto-de-2-espreguicadeiras-e-mesa-bolonha\/#primaryimage"},"image":{"@id":"https:\/\/keramamueblesdejardin.com\/pt-pt\/espreguicadeiras-e-descanso\/espreguicadeiras\/conjunto-de-2-espreguicadeiras-e-mesa-bolonha\/#primaryimage"},"thumbnailUrl":"https:\/\/keramamueblesdejardin.com\/wp-content\/uploads\/2023\/01\/x2-bolonia.jpg","datePublished":"2023-01-09T11:11:37+00:00","dateModified":"2025-01-02T12:37:39+00:00","breadcrumb":{"@id":"https:\/\/keramamueblesdejardin.com\/pt-pt\/espreguicadeiras-e-descanso\/espreguicadeiras\/conjunto-de-2-espreguicadeiras-e-mesa-bolonha\/#breadcrumb"},"inLanguage":"pt-PT","potentialAction":[{"@type":"ReadAction","target":["https:\/\/keramamueblesdejardin.com\/pt-pt\/espreguicadeiras-e-descanso\/espreguicadeiras\/conjunto-de-2-espreguicadeiras-e-mesa-bolonha\/"]}]},{"@type":"ImageObject","inLanguage":"pt-PT","@id":"https:\/\/keramamueblesdejardin.com\/pt-pt\/espreguicadeiras-e-descanso\/espreguicadeiras\/conjunto-de-2-espreguicadeiras-e-mesa-bolonha\/#primaryimage","url":"https:\/\/keramamueblesdejardin.com\/wp-content\/uploads\/2023\/01\/x2-bolonia.jpg","contentUrl":"https:\/\/keramamueblesdejardin.com\/wp-content\/uploads\/2023\/01\/x2-bolonia.jpg","width":1200,"height":1200},{"@type":"BreadcrumbList","@id":"https:\/\/keramamueblesdejardin.com\/pt-pt\/espreguicadeiras-e-descanso\/espreguicadeiras\/conjunto-de-2-espreguicadeiras-e-mesa-bolonha\/#breadcrumb","itemListElement":[{"@type":"ListItem","position":1,"name":"Home","item":"https:\/\/keramamueblesdejardin.com\/pt-pt\/"},{"@type":"ListItem","position":2,"name":"Tienda","item":"https:\/\/keramamueblesdejardin.com\/pt-pt\/tienda-2\/"},{"@type":"ListItem","position":3,"name":"Espregui\u00e7adeiras e descanso","item":"https:\/\/keramamueblesdejardin.com\/pt-pt\/espreguicadeiras-e-descanso\/"},{"@type":"ListItem","position":4,"name":"Espregui\u00e7adeiras","item":"https:\/\/keramamueblesdejardin.com\/pt-pt\/espreguicadeiras-e-descanso\/espreguicadeiras\/"},{"@type":"ListItem","position":5,"name":"Conjunto de 2 espregui\u00e7adeiras e mesa Bolonha"}]},{"@type":"WebSite","@id":"https:\/\/keramamueblesdejardin.com\/pt-pt\/#website","url":"https:\/\/keramamueblesdejardin.com\/pt-pt\/","name":"Kerama","description":"muebles de jard\u00edn","publisher":{"@id":"https:\/\/keramamueblesdejardin.com\/pt-pt\/#organization"},"potentialAction":[{"@type":"SearchAction","target":{"@type":"EntryPoint","urlTemplate":"https:\/\/keramamueblesdejardin.com\/pt-pt\/?s={search_term_string}"},"query-input":{"@type":"PropertyValueSpecification","valueRequired":true,"valueName":"search_term_string"}}],"inLanguage":"pt-PT"},{"@type":"Organization","@id":"https:\/\/keramamueblesdejardin.com\/pt-pt\/#organization","name":"kerama","url":"https:\/\/keramamueblesdejardin.com\/pt-pt\/","logo":{"@type":"ImageObject","inLanguage":"pt-PT","@id":"https:\/\/keramamueblesdejardin.com\/pt-pt\/#\/schema\/logo\/image\/","url":"https:\/\/keramamueblesdejardin.com\/wp-content\/uploads\/2020\/12\/k.-scaled.jpg","contentUrl":"https:\/\/keramamueblesdejardin.com\/wp-content\/uploads\/2020\/12\/k.-scaled.jpg","width":2560,"height":551,"caption":"kerama"},"image":{"@id":"https:\/\/keramamueblesdejardin.com\/pt-pt\/#\/schema\/logo\/image\/"},"sameAs":["https:\/\/www.facebook.com\/Kerama-Muebles-de-Jard\u00edn-106209328312568\/"]}]}},"df_price":599,"df_sale_price":599,"df_regular_price":740,"df_image_link":"https:\/\/keramamueblesdejardin.com\/wp-content\/uploads\/2023\/01\/x2-bolonia-300x300.jpg","custom_tabs":[{"title":"MEDI\u00c7\u00c3O","id":"medi\u00e7\u00e3o","content":"<div class=\"list\">\n<div class=\"list\" style=\"color: #282828;\"><strong style=\"font-weight: bold;\">Altura: <\/strong>32cm \/mesa 44cm<\/div>\n<div class=\"list\" style=\"color: #282828;\"><strong style=\"font-weight: bold;\">Largura: <\/strong>194cm \/ mesa 50cm<\/div>\n<div class=\"list\" style=\"color: #282828;\"><strong style=\"font-weight: bold;\">Profundidade: <\/strong>64cm \/mesa 50cm<\/div>\n<\/div>"},{"title":"DESEMBALAR E ASSEMBL\u00c9IA","id":"desembalar-e-assembleia","content":"<div class=\"list\"><strong style=\"font-weight: bold; color: #282828;\">Recomenda\u00e7\u00f5es para desempacotar:<\/strong><span style=\"color: #282828;\"> N\u00e3o utilizar ferramentas afiadas ao desembalar o mobili\u00e1rio, pois isso pode causar danos.<\/span><br style=\"color: #282828;\"><strong style=\"font-weight: bold; color: #282828;\">Montagem necess\u00e1ria (S\/N):<\/strong><span style=\"color: #282828;\"> Sim<\/span><br style=\"color: #282828;\"><strong style=\"font-weight: bold; color: #282828;\">Dificuldade de montagem:<\/strong> <span style=\"color: #282828;\">Meias<\/span><br style=\"color: #282828;\"><strong style=\"font-weight: bold; color: #282828;\">Tempo de montagem:<\/strong><span style=\"color: #282828;\"> 60 minutos<\/span><br style=\"color: #282828;\"><strong style=\"font-weight: bold; color: #282828;\">Pessoas recomendadas para a montagem:<\/strong><span style=\"color: #282828;\"> 2<\/span><br style=\"color: #282828;\"><strong style=\"font-weight: bold; color: #282828;\">Sugest\u00f5es da assembleia:<\/strong><span style=\"color: #282828;\">  Preparar uma \u00e1rea de montagem limpa e seca, verificar se nenhuma das pe\u00e7as listadas no manual est\u00e1 em falta. Recomendamos o uso de luvas adequadas para a montagem. Utilize apenas pe\u00e7as e hardware fornecidos. N\u00c3O recomendamos a op\u00e7\u00e3o de compra com montagem para este item, uma vez que a dificuldade de montagem \u00e9 muito baixa.<\/span><\/div>"},{"title":"MANUTEN\u00c7\u00c3O E GARANTIAS","id":"manutencao-e-garantias","content":"<div class=\"moz-signature\">\n<div class=\"list\"><strong>Recomenda\u00e7\u00f5es gerais:<\/strong>\n\u2022 Avarias ou danos causados por:\n\u2022 Causas acidentais como quedas, golpes, derrame de l\u00edquidos, introdu\u00e7\u00e3o de corpos estranhos, bem como qualquer outro caso de for\u00e7a maior.\n\u2022 Utiliza\u00e7\u00e3o negligente, impr\u00f3pria ou n\u00e3o dom\u00e9stica.\n\u2022 Danos, corros\u00e3o e\/ou oxida\u00e7\u00e3o acelerados por condi\u00e7\u00f5es ambientais adversas\n\u2022 Manchas e descolora\u00e7\u00f5es devido ao n\u00e3o respeito dos nossos slogans de limpeza\n\u2022 Os danos ocorreram durante a montagem e o manuseamento sem ter seguido as instru\u00e7\u00f5es de montagem indicadas.\n<strong>Instru\u00e7\u00f5es de utiliza\u00e7\u00e3o e manuten\u00e7\u00e3o:<\/strong>\n\u2022 Limpe com a ajuda de um pano suavemente ou utilize um sab\u00e3o l\u00edquido neutro, enxaguando com muita \u00e1gua.\n\u2022 Retire regularmente o p\u00f3 com a ajuda de um pano macio e \u00e1gua l\u00edmpia.\n\u2022 N\u00e3o utilize detergentes ou produtos abrasivos para a limpeza.\n<strong>Anos de garantia:<\/strong> 3 anos\n<strong>Fabricado de acordo com a Norma:<\/strong> 581-1.581-2.581-3<\/div>\n<\/div>"}],"_links":{"self":[{"href":"https:\/\/keramamueblesdejardin.com\/pt-pt\/wp-json\/wp\/v2\/product\/78141","targetHints":{"allow":["GET"]}}],"collection":[{"href":"https:\/\/keramamueblesdejardin.com\/pt-pt\/wp-json\/wp\/v2\/product"}],"about":[{"href":"https:\/\/keramamueblesdejardin.com\/pt-pt\/wp-json\/wp\/v2\/types\/product"}],"replies":[{"embeddable":true,"href":"https:\/\/keramamueblesdejardin.com\/pt-pt\/wp-json\/wp\/v2\/comments?post=78141"}],"wp:featuredmedia":[{"embeddable":true,"href":"https:\/\/keramamueblesdejardin.com\/pt-pt\/wp-json\/wp\/v2\/media\/81123"}],"wp:attachment":[{"href":"https:\/\/keramamueblesdejardin.com\/pt-pt\/wp-json\/wp\/v2\/media?parent=78141"}],"wp:term":[{"taxonomy":"product_brand","embeddable":true,"href":"https:\/\/keramamueblesdejardin.com\/pt-pt\/wp-json\/wp\/v2\/product_brand?post=78141"},{"taxonomy":"product_cat","embeddable":true,"href":"https:\/\/keramamueblesdejardin.com\/pt-pt\/wp-json\/wp\/v2\/product_cat?post=78141"},{"taxonomy":"product_tag","embeddable":true,"href":"https:\/\/keramamueblesdejardin.com\/pt-pt\/wp-json\/wp\/v2\/product_tag?post=78141"}],"curies":[{"name":"wp","href":"https:\/\/api.w.org\/{rel}","templated":true}]}}