{"id":78056,"date":"2022-08-30T12:42:07","date_gmt":"2022-08-30T10:42:07","guid":{"rendered":"https:\/\/keramamueblesdejardin.com\/sem%20categoria\/pacote-suspenso-sunshade-round-antracite-estrutura-antracite-preto-tecido-antracite-cinza-3m-bases-capa-impermeavel-milao\/"},"modified":"2023-08-30T10:12:05","modified_gmt":"2023-08-30T08:12:05","slug":"pack-guarda-sol-suspenso-estrutura-anthracite-fabric-gray-dark-anthracite-3m-bases-waterproof-cover-milan","status":"publish","type":"product","link":"https:\/\/keramamueblesdejardin.com\/pt-pt\/guarda-sois-e-pergulas\/guarda-sois-guarda-sois-e-pergulas\/pack-guarda-sol-suspenso-estrutura-anthracite-fabric-gray-dark-anthracite-3m-bases-waterproof-cover-milan\/","title":{"rendered":"Pacote suspenso sunshade round antracite estrutura antracite preto tecido antracite cinza 3m + bases + capa imperme\u00e1vel &#8211; Mil\u00e3o"},"content":{"rendered":"","protected":false},"excerpt":{"rendered":"<ul>\n<li>Estrutura antracite e tecido antracite cinzento escuro<\/li>\n<li>Inclui 4 bases de 25 kg<\/li>\n<li>Inclui caixa de prote\u00e7\u00e3o imperme\u00e1vel<\/li>\n<li>Medida 3m ajust\u00e1vel 360\u00ba<\/li>\n<\/ul>\n<p>&nbsp;<\/p>\n","protected":false},"featured_media":38569,"comment_status":"closed","ping_status":"open","template":"","meta":{"_acf_changed":false},"product_brand":[],"product_cat":[431,424],"product_tag":[],"class_list":{"0":"post-78056","1":"product","2":"type-product","3":"status-publish","4":"has-post-thumbnail","6":"product_cat-guarda-sois-guarda-sois-e-pergulas","7":"product_cat-guarda-sois-e-pergulas","8":"product_shipping_class-envio-gratuito-pt-pt","9":"pa_coleccion-milan-pt-pt","10":"pa_forma-quadrado","11":"pa_material-aluminio-pt-pt","12":"pa_material-poliester-pt-pt","14":"first","15":"instock","16":"sale","17":"purchasable","18":"product-type-simple","19":"add-to-wishlist-before_image"},"acf":[],"yoast_head":"<!-- This site is optimized with the Yoast SEO plugin v27.2 - https:\/\/yoast.com\/product\/yoast-seo-wordpress\/ -->\n<title>Pacote suspenso sunshade round antracite estrutura antracite preto tecido antracite cinza 3m + bases + capa imperme\u00e1vel - Mil\u00e3o - Kerama<\/title>\n<meta name=\"robots\" content=\"index, follow, max-snippet:-1, max-image-preview:large, max-video-preview:-1\" \/>\n<link rel=\"canonical\" href=\"https:\/\/keramamueblesdejardin.com\/pt-pt\/guarda-sois-e-pergulas\/guarda-sois-guarda-sois-e-pergulas\/pack-guarda-sol-suspenso-estrutura-anthracite-fabric-gray-dark-anthracite-3m-bases-waterproof-cover-milan\/\" \/>\n<meta property=\"og:locale\" content=\"pt_PT\" \/>\n<meta property=\"og:type\" content=\"article\" \/>\n<meta property=\"og:title\" content=\"Pacote suspenso sunshade round antracite estrutura antracite preto tecido antracite cinza 3m + bases + capa imperme\u00e1vel - Mil\u00e3o - Kerama\" \/>\n<meta property=\"og:description\" content=\"Estrutura antracite e tecido antracite cinzento escuro  Inclui 4 bases de 25 kg  Inclui caixa de prote\u00e7\u00e3o imperme\u00e1vel  Medida 3m ajust\u00e1vel 360\u00ba &nbsp;\" \/>\n<meta property=\"og:url\" content=\"https:\/\/keramamueblesdejardin.com\/pt-pt\/guarda-sois-e-pergulas\/guarda-sois-guarda-sois-e-pergulas\/pack-guarda-sol-suspenso-estrutura-anthracite-fabric-gray-dark-anthracite-3m-bases-waterproof-cover-milan\/\" \/>\n<meta property=\"og:site_name\" content=\"Kerama\" \/>\n<meta property=\"article:publisher\" content=\"https:\/\/www.facebook.com\/Kerama-Muebles-de-Jard%c3%adn-106209328312568\/\" \/>\n<meta property=\"article:modified_time\" content=\"2023-08-30T08:12:05+00:00\" \/>\n<meta property=\"og:image\" content=\"https:\/\/keramamueblesdejardin.com\/wp-content\/uploads\/2022\/08\/Parasol-excentrico-estructura-antracita-tejido-antracita-3m-redondo.jpg\" \/>\n\t<meta property=\"og:image:width\" content=\"2560\" \/>\n\t<meta property=\"og:image:height\" content=\"1707\" \/>\n\t<meta property=\"og:image:type\" content=\"image\/jpeg\" \/>\n<meta name=\"twitter:card\" content=\"summary_large_image\" \/>\n<script type=\"application\/ld+json\" class=\"yoast-schema-graph\">{\"@context\":\"https:\/\/schema.org\",\"@graph\":[{\"@type\":\"WebPage\",\"@id\":\"https:\/\/keramamueblesdejardin.com\/pt-pt\/guarda-sois-e-pergulas\/guarda-sois-guarda-sois-e-pergulas\/pack-guarda-sol-suspenso-estrutura-anthracite-fabric-gray-dark-anthracite-3m-bases-waterproof-cover-milan\/\",\"url\":\"https:\/\/keramamueblesdejardin.com\/pt-pt\/guarda-sois-e-pergulas\/guarda-sois-guarda-sois-e-pergulas\/pack-guarda-sol-suspenso-estrutura-anthracite-fabric-gray-dark-anthracite-3m-bases-waterproof-cover-milan\/\",\"name\":\"Pacote suspenso sunshade round antracite estrutura antracite preto tecido antracite cinza 3m + bases + capa imperme\u00e1vel - Mil\u00e3o - Kerama\",\"isPartOf\":{\"@id\":\"https:\/\/keramamueblesdejardin.com\/pt-pt\/#website\"},\"primaryImageOfPage\":{\"@id\":\"https:\/\/keramamueblesdejardin.com\/pt-pt\/guarda-sois-e-pergulas\/guarda-sois-guarda-sois-e-pergulas\/pack-guarda-sol-suspenso-estrutura-anthracite-fabric-gray-dark-anthracite-3m-bases-waterproof-cover-milan\/#primaryimage\"},\"image\":{\"@id\":\"https:\/\/keramamueblesdejardin.com\/pt-pt\/guarda-sois-e-pergulas\/guarda-sois-guarda-sois-e-pergulas\/pack-guarda-sol-suspenso-estrutura-anthracite-fabric-gray-dark-anthracite-3m-bases-waterproof-cover-milan\/#primaryimage\"},\"thumbnailUrl\":\"https:\/\/keramamueblesdejardin.com\/wp-content\/uploads\/2022\/08\/Parasol-excentrico-estructura-antracita-tejido-antracita-3m-redondo.jpg\",\"datePublished\":\"2022-08-30T10:42:07+00:00\",\"dateModified\":\"2023-08-30T08:12:05+00:00\",\"breadcrumb\":{\"@id\":\"https:\/\/keramamueblesdejardin.com\/pt-pt\/guarda-sois-e-pergulas\/guarda-sois-guarda-sois-e-pergulas\/pack-guarda-sol-suspenso-estrutura-anthracite-fabric-gray-dark-anthracite-3m-bases-waterproof-cover-milan\/#breadcrumb\"},\"inLanguage\":\"pt-PT\",\"potentialAction\":[{\"@type\":\"ReadAction\",\"target\":[\"https:\/\/keramamueblesdejardin.com\/pt-pt\/guarda-sois-e-pergulas\/guarda-sois-guarda-sois-e-pergulas\/pack-guarda-sol-suspenso-estrutura-anthracite-fabric-gray-dark-anthracite-3m-bases-waterproof-cover-milan\/\"]}]},{\"@type\":\"ImageObject\",\"inLanguage\":\"pt-PT\",\"@id\":\"https:\/\/keramamueblesdejardin.com\/pt-pt\/guarda-sois-e-pergulas\/guarda-sois-guarda-sois-e-pergulas\/pack-guarda-sol-suspenso-estrutura-anthracite-fabric-gray-dark-anthracite-3m-bases-waterproof-cover-milan\/#primaryimage\",\"url\":\"https:\/\/keramamueblesdejardin.com\/wp-content\/uploads\/2022\/08\/Parasol-excentrico-estructura-antracita-tejido-antracita-3m-redondo.jpg\",\"contentUrl\":\"https:\/\/keramamueblesdejardin.com\/wp-content\/uploads\/2022\/08\/Parasol-excentrico-estructura-antracita-tejido-antracita-3m-redondo.jpg\",\"width\":2560,\"height\":1707},{\"@type\":\"BreadcrumbList\",\"@id\":\"https:\/\/keramamueblesdejardin.com\/pt-pt\/guarda-sois-e-pergulas\/guarda-sois-guarda-sois-e-pergulas\/pack-guarda-sol-suspenso-estrutura-anthracite-fabric-gray-dark-anthracite-3m-bases-waterproof-cover-milan\/#breadcrumb\",\"itemListElement\":[{\"@type\":\"ListItem\",\"position\":1,\"name\":\"Home\",\"item\":\"https:\/\/keramamueblesdejardin.com\/pt-pt\/\"},{\"@type\":\"ListItem\",\"position\":2,\"name\":\"Tienda\",\"item\":\"https:\/\/keramamueblesdejardin.com\/pt-pt\/tienda-2\/\"},{\"@type\":\"ListItem\",\"position\":3,\"name\":\"Guarda-s\u00f3is e p\u00e9rgulas\",\"item\":\"https:\/\/keramamueblesdejardin.com\/pt-pt\/guarda-sois-e-pergulas\/\"},{\"@type\":\"ListItem\",\"position\":4,\"name\":\"Guarda-s\u00f3is\",\"item\":\"https:\/\/keramamueblesdejardin.com\/pt-pt\/guarda-sois-e-pergulas\/guarda-sois-guarda-sois-e-pergulas\/\"},{\"@type\":\"ListItem\",\"position\":5,\"name\":\"Pacote suspenso sunshade round antracite estrutura antracite preto tecido antracite cinza 3m + bases + capa imperme\u00e1vel &#8211; Mil\u00e3o\"}]},{\"@type\":\"WebSite\",\"@id\":\"https:\/\/keramamueblesdejardin.com\/pt-pt\/#website\",\"url\":\"https:\/\/keramamueblesdejardin.com\/pt-pt\/\",\"name\":\"Kerama\",\"description\":\"muebles de jard\u00edn\",\"publisher\":{\"@id\":\"https:\/\/keramamueblesdejardin.com\/pt-pt\/#organization\"},\"potentialAction\":[{\"@type\":\"SearchAction\",\"target\":{\"@type\":\"EntryPoint\",\"urlTemplate\":\"https:\/\/keramamueblesdejardin.com\/pt-pt\/?s={search_term_string}\"},\"query-input\":{\"@type\":\"PropertyValueSpecification\",\"valueRequired\":true,\"valueName\":\"search_term_string\"}}],\"inLanguage\":\"pt-PT\"},{\"@type\":\"Organization\",\"@id\":\"https:\/\/keramamueblesdejardin.com\/pt-pt\/#organization\",\"name\":\"kerama\",\"url\":\"https:\/\/keramamueblesdejardin.com\/pt-pt\/\",\"logo\":{\"@type\":\"ImageObject\",\"inLanguage\":\"pt-PT\",\"@id\":\"https:\/\/keramamueblesdejardin.com\/pt-pt\/#\/schema\/logo\/image\/\",\"url\":\"https:\/\/keramamueblesdejardin.com\/wp-content\/uploads\/2020\/12\/k.-scaled.jpg\",\"contentUrl\":\"https:\/\/keramamueblesdejardin.com\/wp-content\/uploads\/2020\/12\/k.-scaled.jpg\",\"width\":2560,\"height\":551,\"caption\":\"kerama\"},\"image\":{\"@id\":\"https:\/\/keramamueblesdejardin.com\/pt-pt\/#\/schema\/logo\/image\/\"},\"sameAs\":[\"https:\/\/www.facebook.com\/Kerama-Muebles-de-Jard\u00edn-106209328312568\/\"]}]}<\/script>\n<!-- \/ Yoast SEO plugin. -->","yoast_head_json":{"title":"Pacote suspenso sunshade round antracite estrutura antracite preto tecido antracite cinza 3m + bases + capa imperme\u00e1vel - Mil\u00e3o - Kerama","robots":{"index":"index","follow":"follow","max-snippet":"max-snippet:-1","max-image-preview":"max-image-preview:large","max-video-preview":"max-video-preview:-1"},"canonical":"https:\/\/keramamueblesdejardin.com\/pt-pt\/guarda-sois-e-pergulas\/guarda-sois-guarda-sois-e-pergulas\/pack-guarda-sol-suspenso-estrutura-anthracite-fabric-gray-dark-anthracite-3m-bases-waterproof-cover-milan\/","og_locale":"pt_PT","og_type":"article","og_title":"Pacote suspenso sunshade round antracite estrutura antracite preto tecido antracite cinza 3m + bases + capa imperme\u00e1vel - Mil\u00e3o - Kerama","og_description":"Estrutura antracite e tecido antracite cinzento escuro  Inclui 4 bases de 25 kg  Inclui caixa de prote\u00e7\u00e3o imperme\u00e1vel  Medida 3m ajust\u00e1vel 360\u00ba &nbsp;","og_url":"https:\/\/keramamueblesdejardin.com\/pt-pt\/guarda-sois-e-pergulas\/guarda-sois-guarda-sois-e-pergulas\/pack-guarda-sol-suspenso-estrutura-anthracite-fabric-gray-dark-anthracite-3m-bases-waterproof-cover-milan\/","og_site_name":"Kerama","article_publisher":"https:\/\/www.facebook.com\/Kerama-Muebles-de-Jard%c3%adn-106209328312568\/","article_modified_time":"2023-08-30T08:12:05+00:00","og_image":[{"width":2560,"height":1707,"url":"https:\/\/keramamueblesdejardin.com\/wp-content\/uploads\/2022\/08\/Parasol-excentrico-estructura-antracita-tejido-antracita-3m-redondo.jpg","type":"image\/jpeg"}],"twitter_card":"summary_large_image","schema":{"@context":"https:\/\/schema.org","@graph":[{"@type":"WebPage","@id":"https:\/\/keramamueblesdejardin.com\/pt-pt\/guarda-sois-e-pergulas\/guarda-sois-guarda-sois-e-pergulas\/pack-guarda-sol-suspenso-estrutura-anthracite-fabric-gray-dark-anthracite-3m-bases-waterproof-cover-milan\/","url":"https:\/\/keramamueblesdejardin.com\/pt-pt\/guarda-sois-e-pergulas\/guarda-sois-guarda-sois-e-pergulas\/pack-guarda-sol-suspenso-estrutura-anthracite-fabric-gray-dark-anthracite-3m-bases-waterproof-cover-milan\/","name":"Pacote suspenso sunshade round antracite estrutura antracite preto tecido antracite cinza 3m + bases + capa imperme\u00e1vel - Mil\u00e3o - Kerama","isPartOf":{"@id":"https:\/\/keramamueblesdejardin.com\/pt-pt\/#website"},"primaryImageOfPage":{"@id":"https:\/\/keramamueblesdejardin.com\/pt-pt\/guarda-sois-e-pergulas\/guarda-sois-guarda-sois-e-pergulas\/pack-guarda-sol-suspenso-estrutura-anthracite-fabric-gray-dark-anthracite-3m-bases-waterproof-cover-milan\/#primaryimage"},"image":{"@id":"https:\/\/keramamueblesdejardin.com\/pt-pt\/guarda-sois-e-pergulas\/guarda-sois-guarda-sois-e-pergulas\/pack-guarda-sol-suspenso-estrutura-anthracite-fabric-gray-dark-anthracite-3m-bases-waterproof-cover-milan\/#primaryimage"},"thumbnailUrl":"https:\/\/keramamueblesdejardin.com\/wp-content\/uploads\/2022\/08\/Parasol-excentrico-estructura-antracita-tejido-antracita-3m-redondo.jpg","datePublished":"2022-08-30T10:42:07+00:00","dateModified":"2023-08-30T08:12:05+00:00","breadcrumb":{"@id":"https:\/\/keramamueblesdejardin.com\/pt-pt\/guarda-sois-e-pergulas\/guarda-sois-guarda-sois-e-pergulas\/pack-guarda-sol-suspenso-estrutura-anthracite-fabric-gray-dark-anthracite-3m-bases-waterproof-cover-milan\/#breadcrumb"},"inLanguage":"pt-PT","potentialAction":[{"@type":"ReadAction","target":["https:\/\/keramamueblesdejardin.com\/pt-pt\/guarda-sois-e-pergulas\/guarda-sois-guarda-sois-e-pergulas\/pack-guarda-sol-suspenso-estrutura-anthracite-fabric-gray-dark-anthracite-3m-bases-waterproof-cover-milan\/"]}]},{"@type":"ImageObject","inLanguage":"pt-PT","@id":"https:\/\/keramamueblesdejardin.com\/pt-pt\/guarda-sois-e-pergulas\/guarda-sois-guarda-sois-e-pergulas\/pack-guarda-sol-suspenso-estrutura-anthracite-fabric-gray-dark-anthracite-3m-bases-waterproof-cover-milan\/#primaryimage","url":"https:\/\/keramamueblesdejardin.com\/wp-content\/uploads\/2022\/08\/Parasol-excentrico-estructura-antracita-tejido-antracita-3m-redondo.jpg","contentUrl":"https:\/\/keramamueblesdejardin.com\/wp-content\/uploads\/2022\/08\/Parasol-excentrico-estructura-antracita-tejido-antracita-3m-redondo.jpg","width":2560,"height":1707},{"@type":"BreadcrumbList","@id":"https:\/\/keramamueblesdejardin.com\/pt-pt\/guarda-sois-e-pergulas\/guarda-sois-guarda-sois-e-pergulas\/pack-guarda-sol-suspenso-estrutura-anthracite-fabric-gray-dark-anthracite-3m-bases-waterproof-cover-milan\/#breadcrumb","itemListElement":[{"@type":"ListItem","position":1,"name":"Home","item":"https:\/\/keramamueblesdejardin.com\/pt-pt\/"},{"@type":"ListItem","position":2,"name":"Tienda","item":"https:\/\/keramamueblesdejardin.com\/pt-pt\/tienda-2\/"},{"@type":"ListItem","position":3,"name":"Guarda-s\u00f3is e p\u00e9rgulas","item":"https:\/\/keramamueblesdejardin.com\/pt-pt\/guarda-sois-e-pergulas\/"},{"@type":"ListItem","position":4,"name":"Guarda-s\u00f3is","item":"https:\/\/keramamueblesdejardin.com\/pt-pt\/guarda-sois-e-pergulas\/guarda-sois-guarda-sois-e-pergulas\/"},{"@type":"ListItem","position":5,"name":"Pacote suspenso sunshade round antracite estrutura antracite preto tecido antracite cinza 3m + bases + capa imperme\u00e1vel &#8211; Mil\u00e3o"}]},{"@type":"WebSite","@id":"https:\/\/keramamueblesdejardin.com\/pt-pt\/#website","url":"https:\/\/keramamueblesdejardin.com\/pt-pt\/","name":"Kerama","description":"muebles de jard\u00edn","publisher":{"@id":"https:\/\/keramamueblesdejardin.com\/pt-pt\/#organization"},"potentialAction":[{"@type":"SearchAction","target":{"@type":"EntryPoint","urlTemplate":"https:\/\/keramamueblesdejardin.com\/pt-pt\/?s={search_term_string}"},"query-input":{"@type":"PropertyValueSpecification","valueRequired":true,"valueName":"search_term_string"}}],"inLanguage":"pt-PT"},{"@type":"Organization","@id":"https:\/\/keramamueblesdejardin.com\/pt-pt\/#organization","name":"kerama","url":"https:\/\/keramamueblesdejardin.com\/pt-pt\/","logo":{"@type":"ImageObject","inLanguage":"pt-PT","@id":"https:\/\/keramamueblesdejardin.com\/pt-pt\/#\/schema\/logo\/image\/","url":"https:\/\/keramamueblesdejardin.com\/wp-content\/uploads\/2020\/12\/k.-scaled.jpg","contentUrl":"https:\/\/keramamueblesdejardin.com\/wp-content\/uploads\/2020\/12\/k.-scaled.jpg","width":2560,"height":551,"caption":"kerama"},"image":{"@id":"https:\/\/keramamueblesdejardin.com\/pt-pt\/#\/schema\/logo\/image\/"},"sameAs":["https:\/\/www.facebook.com\/Kerama-Muebles-de-Jard\u00edn-106209328312568\/"]}]}},"df_price":629,"df_sale_price":629,"df_regular_price":766,"df_image_link":"https:\/\/keramamueblesdejardin.com\/wp-content\/uploads\/2022\/08\/Parasol-excentrico-estructura-antracita-tejido-antracita-3m-redondo-300x200.jpg","custom_tabs":[],"_links":{"self":[{"href":"https:\/\/keramamueblesdejardin.com\/pt-pt\/wp-json\/wp\/v2\/product\/78056","targetHints":{"allow":["GET"]}}],"collection":[{"href":"https:\/\/keramamueblesdejardin.com\/pt-pt\/wp-json\/wp\/v2\/product"}],"about":[{"href":"https:\/\/keramamueblesdejardin.com\/pt-pt\/wp-json\/wp\/v2\/types\/product"}],"replies":[{"embeddable":true,"href":"https:\/\/keramamueblesdejardin.com\/pt-pt\/wp-json\/wp\/v2\/comments?post=78056"}],"wp:featuredmedia":[{"embeddable":true,"href":"https:\/\/keramamueblesdejardin.com\/pt-pt\/wp-json\/wp\/v2\/media\/38569"}],"wp:attachment":[{"href":"https:\/\/keramamueblesdejardin.com\/pt-pt\/wp-json\/wp\/v2\/media?parent=78056"}],"wp:term":[{"taxonomy":"product_brand","embeddable":true,"href":"https:\/\/keramamueblesdejardin.com\/pt-pt\/wp-json\/wp\/v2\/product_brand?post=78056"},{"taxonomy":"product_cat","embeddable":true,"href":"https:\/\/keramamueblesdejardin.com\/pt-pt\/wp-json\/wp\/v2\/product_cat?post=78056"},{"taxonomy":"product_tag","embeddable":true,"href":"https:\/\/keramamueblesdejardin.com\/pt-pt\/wp-json\/wp\/v2\/product_tag?post=78056"}],"curies":[{"name":"wp","href":"https:\/\/api.w.org\/{rel}","templated":true}]}}