{"id":78041,"date":"2022-08-30T12:42:07","date_gmt":"2022-08-30T10:42:07","guid":{"rendered":"https:\/\/keramamueblesdejardin.com\/sem%20categoria\/pacote-suspenso-sunshade-quadrado-antracite-estrutura-antracite-tecido-antracite-cinza-escuro-25x25m-bases-cobertura-impermeavel-milao\/"},"modified":"2023-08-30T10:08:54","modified_gmt":"2023-08-30T08:08:54","slug":"pack-guarda-sol-suspenso-estrutura-anthracite-fabric-gray-dark-anthracite-25x25m-bases-impermeaveis-cover-milan","status":"publish","type":"product","link":"https:\/\/keramamueblesdejardin.com\/pt-pt\/guarda-sois-e-pergulas\/guarda-sois-guarda-sois-e-pergulas\/pack-guarda-sol-suspenso-estrutura-anthracite-fabric-gray-dark-anthracite-25x25m-bases-impermeaveis-cover-milan\/","title":{"rendered":"Pacote suspenso sunshade quadrado antracite estrutura antracite tecido antracite cinza escuro 2,5&#215;2,5m + bases + cobertura imperme\u00e1vel &#8211; Mil\u00e3o"},"content":{"rendered":"<p>Pacote de cobertura, guarda-sol 2.5\u00d72.5 Mil\u00e3o e 4 bases de guarda-sol.<\/p>\n<p>O exc\u00eantrico guarda-sol ao ar livre Mil\u00e3o 2.5\u00d72.5 para jardim ou terra\u00e7o, tem um mastro lateral muito robusto feito de alum\u00ednio antracite. O tecido tem um acabamento cinza escuro agrad\u00e1vel, que \u00e9 repelente de \u00e1gua, \u00e0 prova de manchas e tamb\u00e9m inclui uma lareira de ventila\u00e7\u00e3o.<\/p>\n<p>Pode ser rodado 360 graus e \u00e9 inclinado em altura, o que lhe permite escolher a orienta\u00e7\u00e3o mais conveniente e tem uma manivela que lhe permite abrir e fechar o guarda-sol muito simplesmente.<\/p>\n<p>O exc\u00eantrico guarda-sol de Mil\u00e3o tem uma estrutura resistente com um total de 8 hastes e um design elegante que o torna ideal para formar um conjunto de jardim ou terra\u00e7o que voc\u00ea quer manter durante todo o ano.<\/p>\n<p>&nbsp;<\/p>\n<ul>\n<li>Mastro de alum\u00ednio e varas<\/li>\n<li>Tecido 100% poli\u00e9ster<\/li>\n<li>Utiliza\u00e7\u00e3o: exterior<\/li>\n<li>Altura m\u00e1xima: 2.40m<\/li>\n<li>Rota\u00e7\u00e3o 360\u00ba<\/li>\n<li>Inclina\u00e7\u00e3o em altura: Sim<\/li>\n<li>Remov\u00edvel: Sim<\/li>\n<li>Repelente de \u00e1gua: Sim<\/li>\n<li>Anti manchas; Sim<\/li>\n<li>Tecido com lareira: Sim<\/li>\n<li>Com saia: N\u00c3O<\/li>\n<li>Abertura \/ Fecho com manivela: Sim<\/li>\n<li>Peso do produto: 25 kg<\/li>\n<li>Dimens\u00e3o do mastro: 53 x 77mm<\/li>\n<li>Dimens\u00e3o da haste: 14 x 24mm<\/li>\n<li>N\u00famero de varas: 8<\/li>\n<li>Requer uma montagem de baixa dificuldade<\/li>\n<li>Tamp\u00f5es de pl\u00e1stico nas pernas para proteger o ch\u00e3o<\/li>\n<\/ul>\n","protected":false},"excerpt":{"rendered":"<ul>\n<li>Estrutura antracite e tecido antracite cinzento escuro<\/li>\n<li>Inclui 4 bases de 25 kg<\/li>\n<li>Inclui caixa de prote\u00e7\u00e3o imperme\u00e1vel<\/li>\n<li>Medida 2,5&#215;2,5m ajust\u00e1vel 360\u00ba<\/li>\n<\/ul>\n","protected":false},"featured_media":38561,"comment_status":"closed","ping_status":"open","template":"","meta":{"_acf_changed":false},"product_brand":[],"product_cat":[431,424],"product_tag":[],"class_list":{"0":"post-78041","1":"product","2":"type-product","3":"status-publish","4":"has-post-thumbnail","6":"product_cat-guarda-sois-guarda-sois-e-pergulas","7":"product_cat-guarda-sois-e-pergulas","8":"product_shipping_class-envio-gratuito-pt-pt","9":"pa_forma-quadrado","10":"pa_material-aluminio-pt-pt","11":"pa_material-poliester-pt-pt","13":"first","14":"instock","15":"sale","16":"purchasable","17":"product-type-simple","18":"add-to-wishlist-before_image"},"acf":[],"yoast_head":"<!-- This site is optimized with the Yoast SEO plugin v27.2 - https:\/\/yoast.com\/product\/yoast-seo-wordpress\/ -->\n<title>Pacote suspenso sunshade quadrado antracite estrutura antracite tecido antracite cinza escuro 2,5x2,5m + bases + cobertura imperme\u00e1vel - Mil\u00e3o - Kerama<\/title>\n<meta name=\"robots\" content=\"index, follow, max-snippet:-1, max-image-preview:large, max-video-preview:-1\" \/>\n<link rel=\"canonical\" href=\"https:\/\/keramamueblesdejardin.com\/pt-pt\/guarda-sois-e-pergulas\/guarda-sois-guarda-sois-e-pergulas\/pack-guarda-sol-suspenso-estrutura-anthracite-fabric-gray-dark-anthracite-25x25m-bases-impermeaveis-cover-milan\/\" \/>\n<meta property=\"og:locale\" content=\"pt_PT\" \/>\n<meta property=\"og:type\" content=\"article\" \/>\n<meta property=\"og:title\" content=\"Pacote suspenso sunshade quadrado antracite estrutura antracite tecido antracite cinza escuro 2,5x2,5m + bases + cobertura imperme\u00e1vel - Mil\u00e3o - Kerama\" \/>\n<meta property=\"og:description\" content=\"Estrutura antracite e tecido antracite cinzento escuro  Inclui 4 bases de 25 kg  Inclui caixa de prote\u00e7\u00e3o imperme\u00e1vel  Medida 2,5x2,5m ajust\u00e1vel 360\u00ba\" \/>\n<meta property=\"og:url\" content=\"https:\/\/keramamueblesdejardin.com\/pt-pt\/guarda-sois-e-pergulas\/guarda-sois-guarda-sois-e-pergulas\/pack-guarda-sol-suspenso-estrutura-anthracite-fabric-gray-dark-anthracite-25x25m-bases-impermeaveis-cover-milan\/\" \/>\n<meta property=\"og:site_name\" content=\"Kerama\" \/>\n<meta property=\"article:publisher\" content=\"https:\/\/www.facebook.com\/Kerama-Muebles-de-Jard%c3%adn-106209328312568\/\" \/>\n<meta property=\"article:modified_time\" content=\"2023-08-30T08:08:54+00:00\" \/>\n<meta property=\"og:image\" content=\"https:\/\/keramamueblesdejardin.com\/wp-content\/uploads\/2022\/08\/Parasol-excentrico-estructura-antracita-tejido-antracita-25\u00d725m-\u2013-Milan.jpg\" \/>\n\t<meta property=\"og:image:width\" content=\"2560\" \/>\n\t<meta property=\"og:image:height\" content=\"1707\" \/>\n\t<meta property=\"og:image:type\" content=\"image\/jpeg\" \/>\n<meta name=\"twitter:card\" content=\"summary_large_image\" \/>\n<meta name=\"twitter:label1\" content=\"Tempo estimado de leitura\" \/>\n\t<meta name=\"twitter:data1\" content=\"1 minuto\" \/>\n<script type=\"application\/ld+json\" class=\"yoast-schema-graph\">{\"@context\":\"https:\/\/schema.org\",\"@graph\":[{\"@type\":\"WebPage\",\"@id\":\"https:\/\/keramamueblesdejardin.com\/pt-pt\/guarda-sois-e-pergulas\/guarda-sois-guarda-sois-e-pergulas\/pack-guarda-sol-suspenso-estrutura-anthracite-fabric-gray-dark-anthracite-25x25m-bases-impermeaveis-cover-milan\/\",\"url\":\"https:\/\/keramamueblesdejardin.com\/pt-pt\/guarda-sois-e-pergulas\/guarda-sois-guarda-sois-e-pergulas\/pack-guarda-sol-suspenso-estrutura-anthracite-fabric-gray-dark-anthracite-25x25m-bases-impermeaveis-cover-milan\/\",\"name\":\"Pacote suspenso sunshade quadrado antracite estrutura antracite tecido antracite cinza escuro 2,5x2,5m + bases + cobertura imperme\u00e1vel - Mil\u00e3o - Kerama\",\"isPartOf\":{\"@id\":\"https:\/\/keramamueblesdejardin.com\/pt-pt\/#website\"},\"primaryImageOfPage\":{\"@id\":\"https:\/\/keramamueblesdejardin.com\/pt-pt\/guarda-sois-e-pergulas\/guarda-sois-guarda-sois-e-pergulas\/pack-guarda-sol-suspenso-estrutura-anthracite-fabric-gray-dark-anthracite-25x25m-bases-impermeaveis-cover-milan\/#primaryimage\"},\"image\":{\"@id\":\"https:\/\/keramamueblesdejardin.com\/pt-pt\/guarda-sois-e-pergulas\/guarda-sois-guarda-sois-e-pergulas\/pack-guarda-sol-suspenso-estrutura-anthracite-fabric-gray-dark-anthracite-25x25m-bases-impermeaveis-cover-milan\/#primaryimage\"},\"thumbnailUrl\":\"https:\/\/keramamueblesdejardin.com\/wp-content\/uploads\/2022\/08\/Parasol-excentrico-estructura-antracita-tejido-antracita-25\u00d725m-\u2013-Milan.jpg\",\"datePublished\":\"2022-08-30T10:42:07+00:00\",\"dateModified\":\"2023-08-30T08:08:54+00:00\",\"breadcrumb\":{\"@id\":\"https:\/\/keramamueblesdejardin.com\/pt-pt\/guarda-sois-e-pergulas\/guarda-sois-guarda-sois-e-pergulas\/pack-guarda-sol-suspenso-estrutura-anthracite-fabric-gray-dark-anthracite-25x25m-bases-impermeaveis-cover-milan\/#breadcrumb\"},\"inLanguage\":\"pt-PT\",\"potentialAction\":[{\"@type\":\"ReadAction\",\"target\":[\"https:\/\/keramamueblesdejardin.com\/pt-pt\/guarda-sois-e-pergulas\/guarda-sois-guarda-sois-e-pergulas\/pack-guarda-sol-suspenso-estrutura-anthracite-fabric-gray-dark-anthracite-25x25m-bases-impermeaveis-cover-milan\/\"]}]},{\"@type\":\"ImageObject\",\"inLanguage\":\"pt-PT\",\"@id\":\"https:\/\/keramamueblesdejardin.com\/pt-pt\/guarda-sois-e-pergulas\/guarda-sois-guarda-sois-e-pergulas\/pack-guarda-sol-suspenso-estrutura-anthracite-fabric-gray-dark-anthracite-25x25m-bases-impermeaveis-cover-milan\/#primaryimage\",\"url\":\"https:\/\/keramamueblesdejardin.com\/wp-content\/uploads\/2022\/08\/Parasol-excentrico-estructura-antracita-tejido-antracita-25\u00d725m-\u2013-Milan.jpg\",\"contentUrl\":\"https:\/\/keramamueblesdejardin.com\/wp-content\/uploads\/2022\/08\/Parasol-excentrico-estructura-antracita-tejido-antracita-25\u00d725m-\u2013-Milan.jpg\",\"width\":2560,\"height\":1707},{\"@type\":\"BreadcrumbList\",\"@id\":\"https:\/\/keramamueblesdejardin.com\/pt-pt\/guarda-sois-e-pergulas\/guarda-sois-guarda-sois-e-pergulas\/pack-guarda-sol-suspenso-estrutura-anthracite-fabric-gray-dark-anthracite-25x25m-bases-impermeaveis-cover-milan\/#breadcrumb\",\"itemListElement\":[{\"@type\":\"ListItem\",\"position\":1,\"name\":\"Home\",\"item\":\"https:\/\/keramamueblesdejardin.com\/pt-pt\/\"},{\"@type\":\"ListItem\",\"position\":2,\"name\":\"Tienda\",\"item\":\"https:\/\/keramamueblesdejardin.com\/pt-pt\/tienda-2\/\"},{\"@type\":\"ListItem\",\"position\":3,\"name\":\"Guarda-s\u00f3is e p\u00e9rgulas\",\"item\":\"https:\/\/keramamueblesdejardin.com\/pt-pt\/guarda-sois-e-pergulas\/\"},{\"@type\":\"ListItem\",\"position\":4,\"name\":\"Guarda-s\u00f3is\",\"item\":\"https:\/\/keramamueblesdejardin.com\/pt-pt\/guarda-sois-e-pergulas\/guarda-sois-guarda-sois-e-pergulas\/\"},{\"@type\":\"ListItem\",\"position\":5,\"name\":\"Pacote suspenso sunshade quadrado antracite estrutura antracite tecido antracite cinza escuro 2,5&#215;2,5m + bases + cobertura imperme\u00e1vel &#8211; Mil\u00e3o\"}]},{\"@type\":\"WebSite\",\"@id\":\"https:\/\/keramamueblesdejardin.com\/pt-pt\/#website\",\"url\":\"https:\/\/keramamueblesdejardin.com\/pt-pt\/\",\"name\":\"Kerama\",\"description\":\"muebles de jard\u00edn\",\"publisher\":{\"@id\":\"https:\/\/keramamueblesdejardin.com\/pt-pt\/#organization\"},\"potentialAction\":[{\"@type\":\"SearchAction\",\"target\":{\"@type\":\"EntryPoint\",\"urlTemplate\":\"https:\/\/keramamueblesdejardin.com\/pt-pt\/?s={search_term_string}\"},\"query-input\":{\"@type\":\"PropertyValueSpecification\",\"valueRequired\":true,\"valueName\":\"search_term_string\"}}],\"inLanguage\":\"pt-PT\"},{\"@type\":\"Organization\",\"@id\":\"https:\/\/keramamueblesdejardin.com\/pt-pt\/#organization\",\"name\":\"kerama\",\"url\":\"https:\/\/keramamueblesdejardin.com\/pt-pt\/\",\"logo\":{\"@type\":\"ImageObject\",\"inLanguage\":\"pt-PT\",\"@id\":\"https:\/\/keramamueblesdejardin.com\/pt-pt\/#\/schema\/logo\/image\/\",\"url\":\"https:\/\/keramamueblesdejardin.com\/wp-content\/uploads\/2020\/12\/k.-scaled.jpg\",\"contentUrl\":\"https:\/\/keramamueblesdejardin.com\/wp-content\/uploads\/2020\/12\/k.-scaled.jpg\",\"width\":2560,\"height\":551,\"caption\":\"kerama\"},\"image\":{\"@id\":\"https:\/\/keramamueblesdejardin.com\/pt-pt\/#\/schema\/logo\/image\/\"},\"sameAs\":[\"https:\/\/www.facebook.com\/Kerama-Muebles-de-Jard\u00edn-106209328312568\/\"]}]}<\/script>\n<!-- \/ Yoast SEO plugin. -->","yoast_head_json":{"title":"Pacote suspenso sunshade quadrado antracite estrutura antracite tecido antracite cinza escuro 2,5x2,5m + bases + cobertura imperme\u00e1vel - Mil\u00e3o - Kerama","robots":{"index":"index","follow":"follow","max-snippet":"max-snippet:-1","max-image-preview":"max-image-preview:large","max-video-preview":"max-video-preview:-1"},"canonical":"https:\/\/keramamueblesdejardin.com\/pt-pt\/guarda-sois-e-pergulas\/guarda-sois-guarda-sois-e-pergulas\/pack-guarda-sol-suspenso-estrutura-anthracite-fabric-gray-dark-anthracite-25x25m-bases-impermeaveis-cover-milan\/","og_locale":"pt_PT","og_type":"article","og_title":"Pacote suspenso sunshade quadrado antracite estrutura antracite tecido antracite cinza escuro 2,5x2,5m + bases + cobertura imperme\u00e1vel - Mil\u00e3o - Kerama","og_description":"Estrutura antracite e tecido antracite cinzento escuro  Inclui 4 bases de 25 kg  Inclui caixa de prote\u00e7\u00e3o imperme\u00e1vel  Medida 2,5x2,5m ajust\u00e1vel 360\u00ba","og_url":"https:\/\/keramamueblesdejardin.com\/pt-pt\/guarda-sois-e-pergulas\/guarda-sois-guarda-sois-e-pergulas\/pack-guarda-sol-suspenso-estrutura-anthracite-fabric-gray-dark-anthracite-25x25m-bases-impermeaveis-cover-milan\/","og_site_name":"Kerama","article_publisher":"https:\/\/www.facebook.com\/Kerama-Muebles-de-Jard%c3%adn-106209328312568\/","article_modified_time":"2023-08-30T08:08:54+00:00","og_image":[{"width":2560,"height":1707,"url":"https:\/\/keramamueblesdejardin.com\/wp-content\/uploads\/2022\/08\/Parasol-excentrico-estructura-antracita-tejido-antracita-25\u00d725m-\u2013-Milan.jpg","type":"image\/jpeg"}],"twitter_card":"summary_large_image","twitter_misc":{"Tempo estimado de leitura":"1 minuto"},"schema":{"@context":"https:\/\/schema.org","@graph":[{"@type":"WebPage","@id":"https:\/\/keramamueblesdejardin.com\/pt-pt\/guarda-sois-e-pergulas\/guarda-sois-guarda-sois-e-pergulas\/pack-guarda-sol-suspenso-estrutura-anthracite-fabric-gray-dark-anthracite-25x25m-bases-impermeaveis-cover-milan\/","url":"https:\/\/keramamueblesdejardin.com\/pt-pt\/guarda-sois-e-pergulas\/guarda-sois-guarda-sois-e-pergulas\/pack-guarda-sol-suspenso-estrutura-anthracite-fabric-gray-dark-anthracite-25x25m-bases-impermeaveis-cover-milan\/","name":"Pacote suspenso sunshade quadrado antracite estrutura antracite tecido antracite cinza escuro 2,5x2,5m + bases + cobertura imperme\u00e1vel - Mil\u00e3o - Kerama","isPartOf":{"@id":"https:\/\/keramamueblesdejardin.com\/pt-pt\/#website"},"primaryImageOfPage":{"@id":"https:\/\/keramamueblesdejardin.com\/pt-pt\/guarda-sois-e-pergulas\/guarda-sois-guarda-sois-e-pergulas\/pack-guarda-sol-suspenso-estrutura-anthracite-fabric-gray-dark-anthracite-25x25m-bases-impermeaveis-cover-milan\/#primaryimage"},"image":{"@id":"https:\/\/keramamueblesdejardin.com\/pt-pt\/guarda-sois-e-pergulas\/guarda-sois-guarda-sois-e-pergulas\/pack-guarda-sol-suspenso-estrutura-anthracite-fabric-gray-dark-anthracite-25x25m-bases-impermeaveis-cover-milan\/#primaryimage"},"thumbnailUrl":"https:\/\/keramamueblesdejardin.com\/wp-content\/uploads\/2022\/08\/Parasol-excentrico-estructura-antracita-tejido-antracita-25\u00d725m-\u2013-Milan.jpg","datePublished":"2022-08-30T10:42:07+00:00","dateModified":"2023-08-30T08:08:54+00:00","breadcrumb":{"@id":"https:\/\/keramamueblesdejardin.com\/pt-pt\/guarda-sois-e-pergulas\/guarda-sois-guarda-sois-e-pergulas\/pack-guarda-sol-suspenso-estrutura-anthracite-fabric-gray-dark-anthracite-25x25m-bases-impermeaveis-cover-milan\/#breadcrumb"},"inLanguage":"pt-PT","potentialAction":[{"@type":"ReadAction","target":["https:\/\/keramamueblesdejardin.com\/pt-pt\/guarda-sois-e-pergulas\/guarda-sois-guarda-sois-e-pergulas\/pack-guarda-sol-suspenso-estrutura-anthracite-fabric-gray-dark-anthracite-25x25m-bases-impermeaveis-cover-milan\/"]}]},{"@type":"ImageObject","inLanguage":"pt-PT","@id":"https:\/\/keramamueblesdejardin.com\/pt-pt\/guarda-sois-e-pergulas\/guarda-sois-guarda-sois-e-pergulas\/pack-guarda-sol-suspenso-estrutura-anthracite-fabric-gray-dark-anthracite-25x25m-bases-impermeaveis-cover-milan\/#primaryimage","url":"https:\/\/keramamueblesdejardin.com\/wp-content\/uploads\/2022\/08\/Parasol-excentrico-estructura-antracita-tejido-antracita-25\u00d725m-\u2013-Milan.jpg","contentUrl":"https:\/\/keramamueblesdejardin.com\/wp-content\/uploads\/2022\/08\/Parasol-excentrico-estructura-antracita-tejido-antracita-25\u00d725m-\u2013-Milan.jpg","width":2560,"height":1707},{"@type":"BreadcrumbList","@id":"https:\/\/keramamueblesdejardin.com\/pt-pt\/guarda-sois-e-pergulas\/guarda-sois-guarda-sois-e-pergulas\/pack-guarda-sol-suspenso-estrutura-anthracite-fabric-gray-dark-anthracite-25x25m-bases-impermeaveis-cover-milan\/#breadcrumb","itemListElement":[{"@type":"ListItem","position":1,"name":"Home","item":"https:\/\/keramamueblesdejardin.com\/pt-pt\/"},{"@type":"ListItem","position":2,"name":"Tienda","item":"https:\/\/keramamueblesdejardin.com\/pt-pt\/tienda-2\/"},{"@type":"ListItem","position":3,"name":"Guarda-s\u00f3is e p\u00e9rgulas","item":"https:\/\/keramamueblesdejardin.com\/pt-pt\/guarda-sois-e-pergulas\/"},{"@type":"ListItem","position":4,"name":"Guarda-s\u00f3is","item":"https:\/\/keramamueblesdejardin.com\/pt-pt\/guarda-sois-e-pergulas\/guarda-sois-guarda-sois-e-pergulas\/"},{"@type":"ListItem","position":5,"name":"Pacote suspenso sunshade quadrado antracite estrutura antracite tecido antracite cinza escuro 2,5&#215;2,5m + bases + cobertura imperme\u00e1vel &#8211; Mil\u00e3o"}]},{"@type":"WebSite","@id":"https:\/\/keramamueblesdejardin.com\/pt-pt\/#website","url":"https:\/\/keramamueblesdejardin.com\/pt-pt\/","name":"Kerama","description":"muebles de jard\u00edn","publisher":{"@id":"https:\/\/keramamueblesdejardin.com\/pt-pt\/#organization"},"potentialAction":[{"@type":"SearchAction","target":{"@type":"EntryPoint","urlTemplate":"https:\/\/keramamueblesdejardin.com\/pt-pt\/?s={search_term_string}"},"query-input":{"@type":"PropertyValueSpecification","valueRequired":true,"valueName":"search_term_string"}}],"inLanguage":"pt-PT"},{"@type":"Organization","@id":"https:\/\/keramamueblesdejardin.com\/pt-pt\/#organization","name":"kerama","url":"https:\/\/keramamueblesdejardin.com\/pt-pt\/","logo":{"@type":"ImageObject","inLanguage":"pt-PT","@id":"https:\/\/keramamueblesdejardin.com\/pt-pt\/#\/schema\/logo\/image\/","url":"https:\/\/keramamueblesdejardin.com\/wp-content\/uploads\/2020\/12\/k.-scaled.jpg","contentUrl":"https:\/\/keramamueblesdejardin.com\/wp-content\/uploads\/2020\/12\/k.-scaled.jpg","width":2560,"height":551,"caption":"kerama"},"image":{"@id":"https:\/\/keramamueblesdejardin.com\/pt-pt\/#\/schema\/logo\/image\/"},"sameAs":["https:\/\/www.facebook.com\/Kerama-Muebles-de-Jard\u00edn-106209328312568\/"]}]}},"df_price":629,"df_sale_price":629,"df_regular_price":766,"df_image_link":"https:\/\/keramamueblesdejardin.com\/wp-content\/uploads\/2022\/08\/Parasol-excentrico-estructura-antracita-tejido-antracita-25\u00d725m-\u2013-Milan-300x200.jpg","custom_tabs":[],"_links":{"self":[{"href":"https:\/\/keramamueblesdejardin.com\/pt-pt\/wp-json\/wp\/v2\/product\/78041","targetHints":{"allow":["GET"]}}],"collection":[{"href":"https:\/\/keramamueblesdejardin.com\/pt-pt\/wp-json\/wp\/v2\/product"}],"about":[{"href":"https:\/\/keramamueblesdejardin.com\/pt-pt\/wp-json\/wp\/v2\/types\/product"}],"replies":[{"embeddable":true,"href":"https:\/\/keramamueblesdejardin.com\/pt-pt\/wp-json\/wp\/v2\/comments?post=78041"}],"wp:featuredmedia":[{"embeddable":true,"href":"https:\/\/keramamueblesdejardin.com\/pt-pt\/wp-json\/wp\/v2\/media\/38561"}],"wp:attachment":[{"href":"https:\/\/keramamueblesdejardin.com\/pt-pt\/wp-json\/wp\/v2\/media?parent=78041"}],"wp:term":[{"taxonomy":"product_brand","embeddable":true,"href":"https:\/\/keramamueblesdejardin.com\/pt-pt\/wp-json\/wp\/v2\/product_brand?post=78041"},{"taxonomy":"product_cat","embeddable":true,"href":"https:\/\/keramamueblesdejardin.com\/pt-pt\/wp-json\/wp\/v2\/product_cat?post=78041"},{"taxonomy":"product_tag","embeddable":true,"href":"https:\/\/keramamueblesdejardin.com\/pt-pt\/wp-json\/wp\/v2\/product_tag?post=78041"}],"curies":[{"name":"wp","href":"https:\/\/api.w.org\/{rel}","templated":true}]}}