{"id":77653,"date":"2022-09-13T15:23:51","date_gmt":"2022-09-13T13:23:51","guid":{"rendered":"https:\/\/keramamueblesdejardin.com\/sem%20categoria\/conjunto-de-jardim-2-sofas-para-3-pessoas-1-mesa-de-madeira-baixa-riviera-bolonhariviera\/"},"modified":"2024-12-02T15:44:53","modified_gmt":"2024-12-02T14:44:53","slug":"conjunto-de-jardim-2-sofas-de-3-assentos-1-mesa-low-madeira-riviera-bolognariviera","status":"publish","type":"product","link":"https:\/\/keramamueblesdejardin.com\/pt-pt\/lounges-ao-ar-livre\/conjuntos-de-jardim\/conjunto-de-jardim-2-sofas-de-3-assentos-1-mesa-low-madeira-riviera-bolognariviera\/","title":{"rendered":"Conjunto de jardim 2 sof\u00e1s para 3 pessoas + 1 mesa de madeira baixa Riviera &#8211; Bolonha&amp;Riviera"},"content":{"rendered":"<p>O conjunto de mobili\u00e1rio exterior para jardim ou terra\u00e7o Bolonha \u00e9 feito de alum\u00ednio revestido com rattan sint\u00e9tico em baige marrom.<br \/>\nO conjunto pode acomodar at\u00e9 6 pessoas, uma vez que tem 2 sof\u00e1s de 3 lugares e uma mesa de madeira baixa.<br \/>\nOs materiais do conjunto s\u00e3o resistentes e f\u00e1ceis de limpar e, ao mesmo tempo, gra\u00e7as \u00e0 sua constru\u00e7\u00e3o leve, todas as pe\u00e7as podem ser movidas facilmente. As almofadas s\u00e3o poli\u00e9ster amov\u00edvel 230g e lav\u00e1veis.<\/p>\n","protected":false},"excerpt":{"rendered":"<ul>\n<li>Estrutura de alum\u00ednio e rattan sint\u00e9tico bege marrom<\/li>\n<li>2 sof\u00e1s 3 lugares + mesa de madeira baixa<\/li>\n<li>Almofadas amov\u00edveis, bege<\/li>\n<li>Voc\u00ea pode combin\u00e1-lo com outros elementos da fam\u00edlia Bolonha<\/li>\n<\/ul>\n","protected":false},"featured_media":76222,"comment_status":"closed","ping_status":"closed","template":"","meta":{"_acf_changed":false},"product_brand":[],"product_cat":[445,446],"product_tag":[829,427,429,463,458],"class_list":{"0":"post-77653","1":"product","2":"type-product","3":"status-publish","4":"has-post-thumbnail","6":"product_cat-conjuntos-de-jardim","7":"product_cat-lounges-ao-ar-livre","8":"product_tag-bolonha","9":"product_tag-espacos-amplos","10":"product_tag-madeira-pt-pt","11":"product_tag-rio-rattan","12":"product_tag-riviera-pt-pt","13":"product_shipping_class-envio-gratuito-pt-pt","14":"pa_asientos-6-pt-pt","15":"pa_caracteristicas-coberturas-lavaveis","16":"pa_coleccion-bolonia-pt-pt","17":"pa_coleccion-riviera-pt-pt","18":"pa_material-madera-pt-pt","19":"pa_material-ratan-pt-pt","20":"pa_tamano-espacio-grande-pt-pt-2","22":"first","23":"instock","24":"sale","25":"purchasable","26":"product-type-simple","27":"add-to-wishlist-before_image"},"acf":[],"yoast_head":"<!-- This site is optimized with the Yoast SEO plugin v27.2 - https:\/\/yoast.com\/product\/yoast-seo-wordpress\/ -->\n<title>Conjunto de jardim 2 sof\u00e1s para 3 pessoas + 1 mesa de madeira baixa Riviera - Bolonha&amp;Riviera - Kerama<\/title>\n<meta name=\"robots\" content=\"index, follow, max-snippet:-1, max-image-preview:large, max-video-preview:-1\" \/>\n<link rel=\"canonical\" href=\"https:\/\/keramamueblesdejardin.com\/pt-pt\/lounges-ao-ar-livre\/conjuntos-de-jardim\/conjunto-de-jardim-2-sofas-de-3-assentos-1-mesa-low-madeira-riviera-bolognariviera\/\" \/>\n<meta property=\"og:locale\" content=\"pt_PT\" \/>\n<meta property=\"og:type\" content=\"article\" \/>\n<meta property=\"og:title\" content=\"Conjunto de jardim 2 sof\u00e1s para 3 pessoas + 1 mesa de madeira baixa Riviera - Bolonha&amp;Riviera - Kerama\" \/>\n<meta property=\"og:description\" content=\"Estrutura de alum\u00ednio e rattan sint\u00e9tico bege marrom  2 sof\u00e1s 3 lugares + mesa de madeira baixa  Almofadas amov\u00edveis, bege  Voc\u00ea pode combin\u00e1-lo com outros elementos da fam\u00edlia Bolonha\" \/>\n<meta property=\"og:url\" content=\"https:\/\/keramamueblesdejardin.com\/pt-pt\/lounges-ao-ar-livre\/conjuntos-de-jardim\/conjunto-de-jardim-2-sofas-de-3-assentos-1-mesa-low-madeira-riviera-bolognariviera\/\" \/>\n<meta property=\"og:site_name\" content=\"Kerama\" \/>\n<meta property=\"article:publisher\" content=\"https:\/\/www.facebook.com\/Kerama-Muebles-de-Jard%c3%adn-106209328312568\/\" \/>\n<meta property=\"article:modified_time\" content=\"2024-12-02T14:44:53+00:00\" \/>\n<meta property=\"og:image\" content=\"https:\/\/keramamueblesdejardin.com\/wp-content\/uploads\/2022\/09\/Bolonia-6-sof-Riviera-baja-e1697463135915.jpg\" \/>\n\t<meta property=\"og:image:width\" content=\"1200\" \/>\n\t<meta property=\"og:image:height\" content=\"1200\" \/>\n\t<meta property=\"og:image:type\" content=\"image\/jpeg\" \/>\n<meta name=\"twitter:card\" content=\"summary_large_image\" \/>\n<script type=\"application\/ld+json\" class=\"yoast-schema-graph\">{\"@context\":\"https:\/\/schema.org\",\"@graph\":[{\"@type\":\"WebPage\",\"@id\":\"https:\/\/keramamueblesdejardin.com\/pt-pt\/lounges-ao-ar-livre\/conjuntos-de-jardim\/conjunto-de-jardim-2-sofas-de-3-assentos-1-mesa-low-madeira-riviera-bolognariviera\/\",\"url\":\"https:\/\/keramamueblesdejardin.com\/pt-pt\/lounges-ao-ar-livre\/conjuntos-de-jardim\/conjunto-de-jardim-2-sofas-de-3-assentos-1-mesa-low-madeira-riviera-bolognariviera\/\",\"name\":\"Conjunto de jardim 2 sof\u00e1s para 3 pessoas + 1 mesa de madeira baixa Riviera - Bolonha&amp;Riviera - Kerama\",\"isPartOf\":{\"@id\":\"https:\/\/keramamueblesdejardin.com\/pt-pt\/#website\"},\"primaryImageOfPage\":{\"@id\":\"https:\/\/keramamueblesdejardin.com\/pt-pt\/lounges-ao-ar-livre\/conjuntos-de-jardim\/conjunto-de-jardim-2-sofas-de-3-assentos-1-mesa-low-madeira-riviera-bolognariviera\/#primaryimage\"},\"image\":{\"@id\":\"https:\/\/keramamueblesdejardin.com\/pt-pt\/lounges-ao-ar-livre\/conjuntos-de-jardim\/conjunto-de-jardim-2-sofas-de-3-assentos-1-mesa-low-madeira-riviera-bolognariviera\/#primaryimage\"},\"thumbnailUrl\":\"https:\/\/keramamueblesdejardin.com\/wp-content\/uploads\/2022\/09\/Bolonia-6-sof-Riviera-baja-e1697463135915.jpg\",\"datePublished\":\"2022-09-13T13:23:51+00:00\",\"dateModified\":\"2024-12-02T14:44:53+00:00\",\"breadcrumb\":{\"@id\":\"https:\/\/keramamueblesdejardin.com\/pt-pt\/lounges-ao-ar-livre\/conjuntos-de-jardim\/conjunto-de-jardim-2-sofas-de-3-assentos-1-mesa-low-madeira-riviera-bolognariviera\/#breadcrumb\"},\"inLanguage\":\"pt-PT\",\"potentialAction\":[{\"@type\":\"ReadAction\",\"target\":[\"https:\/\/keramamueblesdejardin.com\/pt-pt\/lounges-ao-ar-livre\/conjuntos-de-jardim\/conjunto-de-jardim-2-sofas-de-3-assentos-1-mesa-low-madeira-riviera-bolognariviera\/\"]}]},{\"@type\":\"ImageObject\",\"inLanguage\":\"pt-PT\",\"@id\":\"https:\/\/keramamueblesdejardin.com\/pt-pt\/lounges-ao-ar-livre\/conjuntos-de-jardim\/conjunto-de-jardim-2-sofas-de-3-assentos-1-mesa-low-madeira-riviera-bolognariviera\/#primaryimage\",\"url\":\"https:\/\/keramamueblesdejardin.com\/wp-content\/uploads\/2022\/09\/Bolonia-6-sof-Riviera-baja-e1697463135915.jpg\",\"contentUrl\":\"https:\/\/keramamueblesdejardin.com\/wp-content\/uploads\/2022\/09\/Bolonia-6-sof-Riviera-baja-e1697463135915.jpg\",\"width\":1200,\"height\":1200},{\"@type\":\"BreadcrumbList\",\"@id\":\"https:\/\/keramamueblesdejardin.com\/pt-pt\/lounges-ao-ar-livre\/conjuntos-de-jardim\/conjunto-de-jardim-2-sofas-de-3-assentos-1-mesa-low-madeira-riviera-bolognariviera\/#breadcrumb\",\"itemListElement\":[{\"@type\":\"ListItem\",\"position\":1,\"name\":\"Home\",\"item\":\"https:\/\/keramamueblesdejardin.com\/pt-pt\/\"},{\"@type\":\"ListItem\",\"position\":2,\"name\":\"Tienda\",\"item\":\"https:\/\/keramamueblesdejardin.com\/pt-pt\/tienda-2\/\"},{\"@type\":\"ListItem\",\"position\":3,\"name\":\"Lounges ao ar livre\",\"item\":\"https:\/\/keramamueblesdejardin.com\/pt-pt\/lounges-ao-ar-livre\/\"},{\"@type\":\"ListItem\",\"position\":4,\"name\":\"Conjuntos de jardim\",\"item\":\"https:\/\/keramamueblesdejardin.com\/pt-pt\/lounges-ao-ar-livre\/conjuntos-de-jardim\/\"},{\"@type\":\"ListItem\",\"position\":5,\"name\":\"Conjunto de jardim 2 sof\u00e1s para 3 pessoas + 1 mesa de madeira baixa Riviera &#8211; Bolonha&amp;Riviera\"}]},{\"@type\":\"WebSite\",\"@id\":\"https:\/\/keramamueblesdejardin.com\/pt-pt\/#website\",\"url\":\"https:\/\/keramamueblesdejardin.com\/pt-pt\/\",\"name\":\"Kerama\",\"description\":\"muebles de jard\u00edn\",\"publisher\":{\"@id\":\"https:\/\/keramamueblesdejardin.com\/pt-pt\/#organization\"},\"potentialAction\":[{\"@type\":\"SearchAction\",\"target\":{\"@type\":\"EntryPoint\",\"urlTemplate\":\"https:\/\/keramamueblesdejardin.com\/pt-pt\/?s={search_term_string}\"},\"query-input\":{\"@type\":\"PropertyValueSpecification\",\"valueRequired\":true,\"valueName\":\"search_term_string\"}}],\"inLanguage\":\"pt-PT\"},{\"@type\":\"Organization\",\"@id\":\"https:\/\/keramamueblesdejardin.com\/pt-pt\/#organization\",\"name\":\"kerama\",\"url\":\"https:\/\/keramamueblesdejardin.com\/pt-pt\/\",\"logo\":{\"@type\":\"ImageObject\",\"inLanguage\":\"pt-PT\",\"@id\":\"https:\/\/keramamueblesdejardin.com\/pt-pt\/#\/schema\/logo\/image\/\",\"url\":\"https:\/\/keramamueblesdejardin.com\/wp-content\/uploads\/2020\/12\/k.-scaled.jpg\",\"contentUrl\":\"https:\/\/keramamueblesdejardin.com\/wp-content\/uploads\/2020\/12\/k.-scaled.jpg\",\"width\":2560,\"height\":551,\"caption\":\"kerama\"},\"image\":{\"@id\":\"https:\/\/keramamueblesdejardin.com\/pt-pt\/#\/schema\/logo\/image\/\"},\"sameAs\":[\"https:\/\/www.facebook.com\/Kerama-Muebles-de-Jard\u00edn-106209328312568\/\"]}]}<\/script>\n<!-- \/ Yoast SEO plugin. -->","yoast_head_json":{"title":"Conjunto de jardim 2 sof\u00e1s para 3 pessoas + 1 mesa de madeira baixa Riviera - Bolonha&amp;Riviera - Kerama","robots":{"index":"index","follow":"follow","max-snippet":"max-snippet:-1","max-image-preview":"max-image-preview:large","max-video-preview":"max-video-preview:-1"},"canonical":"https:\/\/keramamueblesdejardin.com\/pt-pt\/lounges-ao-ar-livre\/conjuntos-de-jardim\/conjunto-de-jardim-2-sofas-de-3-assentos-1-mesa-low-madeira-riviera-bolognariviera\/","og_locale":"pt_PT","og_type":"article","og_title":"Conjunto de jardim 2 sof\u00e1s para 3 pessoas + 1 mesa de madeira baixa Riviera - Bolonha&amp;Riviera - Kerama","og_description":"Estrutura de alum\u00ednio e rattan sint\u00e9tico bege marrom  2 sof\u00e1s 3 lugares + mesa de madeira baixa  Almofadas amov\u00edveis, bege  Voc\u00ea pode combin\u00e1-lo com outros elementos da fam\u00edlia Bolonha","og_url":"https:\/\/keramamueblesdejardin.com\/pt-pt\/lounges-ao-ar-livre\/conjuntos-de-jardim\/conjunto-de-jardim-2-sofas-de-3-assentos-1-mesa-low-madeira-riviera-bolognariviera\/","og_site_name":"Kerama","article_publisher":"https:\/\/www.facebook.com\/Kerama-Muebles-de-Jard%c3%adn-106209328312568\/","article_modified_time":"2024-12-02T14:44:53+00:00","og_image":[{"width":1200,"height":1200,"url":"https:\/\/keramamueblesdejardin.com\/wp-content\/uploads\/2022\/09\/Bolonia-6-sof-Riviera-baja-e1697463135915.jpg","type":"image\/jpeg"}],"twitter_card":"summary_large_image","schema":{"@context":"https:\/\/schema.org","@graph":[{"@type":"WebPage","@id":"https:\/\/keramamueblesdejardin.com\/pt-pt\/lounges-ao-ar-livre\/conjuntos-de-jardim\/conjunto-de-jardim-2-sofas-de-3-assentos-1-mesa-low-madeira-riviera-bolognariviera\/","url":"https:\/\/keramamueblesdejardin.com\/pt-pt\/lounges-ao-ar-livre\/conjuntos-de-jardim\/conjunto-de-jardim-2-sofas-de-3-assentos-1-mesa-low-madeira-riviera-bolognariviera\/","name":"Conjunto de jardim 2 sof\u00e1s para 3 pessoas + 1 mesa de madeira baixa Riviera - Bolonha&amp;Riviera - Kerama","isPartOf":{"@id":"https:\/\/keramamueblesdejardin.com\/pt-pt\/#website"},"primaryImageOfPage":{"@id":"https:\/\/keramamueblesdejardin.com\/pt-pt\/lounges-ao-ar-livre\/conjuntos-de-jardim\/conjunto-de-jardim-2-sofas-de-3-assentos-1-mesa-low-madeira-riviera-bolognariviera\/#primaryimage"},"image":{"@id":"https:\/\/keramamueblesdejardin.com\/pt-pt\/lounges-ao-ar-livre\/conjuntos-de-jardim\/conjunto-de-jardim-2-sofas-de-3-assentos-1-mesa-low-madeira-riviera-bolognariviera\/#primaryimage"},"thumbnailUrl":"https:\/\/keramamueblesdejardin.com\/wp-content\/uploads\/2022\/09\/Bolonia-6-sof-Riviera-baja-e1697463135915.jpg","datePublished":"2022-09-13T13:23:51+00:00","dateModified":"2024-12-02T14:44:53+00:00","breadcrumb":{"@id":"https:\/\/keramamueblesdejardin.com\/pt-pt\/lounges-ao-ar-livre\/conjuntos-de-jardim\/conjunto-de-jardim-2-sofas-de-3-assentos-1-mesa-low-madeira-riviera-bolognariviera\/#breadcrumb"},"inLanguage":"pt-PT","potentialAction":[{"@type":"ReadAction","target":["https:\/\/keramamueblesdejardin.com\/pt-pt\/lounges-ao-ar-livre\/conjuntos-de-jardim\/conjunto-de-jardim-2-sofas-de-3-assentos-1-mesa-low-madeira-riviera-bolognariviera\/"]}]},{"@type":"ImageObject","inLanguage":"pt-PT","@id":"https:\/\/keramamueblesdejardin.com\/pt-pt\/lounges-ao-ar-livre\/conjuntos-de-jardim\/conjunto-de-jardim-2-sofas-de-3-assentos-1-mesa-low-madeira-riviera-bolognariviera\/#primaryimage","url":"https:\/\/keramamueblesdejardin.com\/wp-content\/uploads\/2022\/09\/Bolonia-6-sof-Riviera-baja-e1697463135915.jpg","contentUrl":"https:\/\/keramamueblesdejardin.com\/wp-content\/uploads\/2022\/09\/Bolonia-6-sof-Riviera-baja-e1697463135915.jpg","width":1200,"height":1200},{"@type":"BreadcrumbList","@id":"https:\/\/keramamueblesdejardin.com\/pt-pt\/lounges-ao-ar-livre\/conjuntos-de-jardim\/conjunto-de-jardim-2-sofas-de-3-assentos-1-mesa-low-madeira-riviera-bolognariviera\/#breadcrumb","itemListElement":[{"@type":"ListItem","position":1,"name":"Home","item":"https:\/\/keramamueblesdejardin.com\/pt-pt\/"},{"@type":"ListItem","position":2,"name":"Tienda","item":"https:\/\/keramamueblesdejardin.com\/pt-pt\/tienda-2\/"},{"@type":"ListItem","position":3,"name":"Lounges ao ar livre","item":"https:\/\/keramamueblesdejardin.com\/pt-pt\/lounges-ao-ar-livre\/"},{"@type":"ListItem","position":4,"name":"Conjuntos de jardim","item":"https:\/\/keramamueblesdejardin.com\/pt-pt\/lounges-ao-ar-livre\/conjuntos-de-jardim\/"},{"@type":"ListItem","position":5,"name":"Conjunto de jardim 2 sof\u00e1s para 3 pessoas + 1 mesa de madeira baixa Riviera &#8211; Bolonha&amp;Riviera"}]},{"@type":"WebSite","@id":"https:\/\/keramamueblesdejardin.com\/pt-pt\/#website","url":"https:\/\/keramamueblesdejardin.com\/pt-pt\/","name":"Kerama","description":"muebles de jard\u00edn","publisher":{"@id":"https:\/\/keramamueblesdejardin.com\/pt-pt\/#organization"},"potentialAction":[{"@type":"SearchAction","target":{"@type":"EntryPoint","urlTemplate":"https:\/\/keramamueblesdejardin.com\/pt-pt\/?s={search_term_string}"},"query-input":{"@type":"PropertyValueSpecification","valueRequired":true,"valueName":"search_term_string"}}],"inLanguage":"pt-PT"},{"@type":"Organization","@id":"https:\/\/keramamueblesdejardin.com\/pt-pt\/#organization","name":"kerama","url":"https:\/\/keramamueblesdejardin.com\/pt-pt\/","logo":{"@type":"ImageObject","inLanguage":"pt-PT","@id":"https:\/\/keramamueblesdejardin.com\/pt-pt\/#\/schema\/logo\/image\/","url":"https:\/\/keramamueblesdejardin.com\/wp-content\/uploads\/2020\/12\/k.-scaled.jpg","contentUrl":"https:\/\/keramamueblesdejardin.com\/wp-content\/uploads\/2020\/12\/k.-scaled.jpg","width":2560,"height":551,"caption":"kerama"},"image":{"@id":"https:\/\/keramamueblesdejardin.com\/pt-pt\/#\/schema\/logo\/image\/"},"sameAs":["https:\/\/www.facebook.com\/Kerama-Muebles-de-Jard\u00edn-106209328312568\/"]}]}},"df_price":1589,"df_sale_price":1589,"df_regular_price":1957,"df_image_link":"https:\/\/keramamueblesdejardin.com\/wp-content\/uploads\/2022\/09\/Bolonia-6-sof-Riviera-baja-300x300.jpg","custom_tabs":[{"title":"MEDI\u00c7\u00c3O","id":"medi\u00e7\u00e3o","content":"<div class=\"list\"><strong>Alto<\/strong>: 3 sof\u00e1 sentado 78cm \/ Mesa Riviera 36cm\n<strong>Largura<\/strong>: 3 sof\u00e1 sentado 204cm \/ Mesa Riviera 127,5cm\n<strong>Profundidade<\/strong>: 3 sof\u00e1 sentado 84cm \/ Mesa Riviera 65cm<\/div>\n<div>\n<div><strong>Altura do assento: <\/strong>45cm<\/div>\n<div><strong>Profundidade do assento com almofada: <\/strong>51cm<\/div>\n<div><strong>Profundidade do assento sem <\/strong><b>almofada: <\/b>62cm<\/div>\n<\/div>"},{"title":"DESEMBALAR E ASSEMBL\u00c9IA","id":"desembalar-e-assembleia","content":"<div class=\"list\"><strong style=\"font-weight: bold; color: #282828;\">Recomenda\u00e7\u00f5es para desempacotar:<\/strong><span style=\"color: #282828;\"> N\u00e3o utilizar ferramentas afiadas ao desembalar o mobili\u00e1rio, pois isso pode causar danos.<\/span><br style=\"color: #282828;\"><strong style=\"font-weight: bold; color: #282828;\">Montagem necess\u00e1ria (S\/N):<\/strong><span style=\"color: #282828;\"> Sim<\/span><br style=\"color: #282828;\"><strong style=\"font-weight: bold; color: #282828;\">Dificuldade de montagem:<\/strong> <span style=\"color: #282828;\">Meias<\/span><br style=\"color: #282828;\"><strong style=\"font-weight: bold; color: #282828;\">Tempo de montagem:<\/strong><span style=\"color: #282828;\"> 60 minutos<\/span><br style=\"color: #282828;\"><strong style=\"font-weight: bold; color: #282828;\">Pessoas recomendadas para a montagem:<\/strong><span style=\"color: #282828;\"> 2<\/span><br style=\"color: #282828;\"><strong style=\"font-weight: bold; color: #282828;\">Sugest\u00f5es da assembleia:<\/strong><span style=\"color: #282828;\">  Preparar uma \u00e1rea de montagem limpa e seca, verificar se nenhuma das pe\u00e7as listadas no manual est\u00e1 em falta. Recomendamos o uso de luvas adequadas para a montagem. Utilize apenas pe\u00e7as e hardware fornecidos. N\u00c3O recomendamos a op\u00e7\u00e3o de compra com montagem para este item, uma vez que a dificuldade de montagem \u00e9 muito baixa.<\/span><\/div>"},{"title":"MANUTEN\u00c7\u00c3O E GARANTIAS","id":"manutencao-e-garantias","content":"<div class=\"moz-signature\">\n<div class=\"list\"><strong>Recomenda\u00e7\u00f5es gerais:<\/strong>\n\u2022 Avarias ou danos causados por:\n\u2022 Causas acidentais como quedas, golpes, derrame de l\u00edquidos, introdu\u00e7\u00e3o de corpos estranhos, bem como qualquer outro caso de for\u00e7a maior.\n\u2022 Utiliza\u00e7\u00e3o negligente, impr\u00f3pria ou n\u00e3o dom\u00e9stica.\n\u2022 Danos, corros\u00e3o e\/ou oxida\u00e7\u00e3o acelerados por condi\u00e7\u00f5es ambientais adversas\n\u2022 Manchas e descolora\u00e7\u00f5es devido ao n\u00e3o respeito dos nossos slogans de limpeza\n\u2022 Os danos ocorreram durante a montagem e o manuseamento sem ter seguido as instru\u00e7\u00f5es de montagem indicadas.\n<strong>Instru\u00e7\u00f5es de utiliza\u00e7\u00e3o e manuten\u00e7\u00e3o:<\/strong>\n\u2022 Limpe com a ajuda de um pano suavemente ou utilize um sab\u00e3o l\u00edquido neutro, enxaguando com muita \u00e1gua.\n\u2022 Retire regularmente o p\u00f3 com a ajuda de um pano macio e \u00e1gua l\u00edmpia.\n\u2022 N\u00e3o utilize detergentes ou produtos abrasivos para a limpeza.\n<strong>Anos de garantia:<\/strong> 3 anos\n<strong>Fabricado de acordo com a Norma:<\/strong> 581-1.581-2.581-3<\/div>\n<\/div>"}],"_links":{"self":[{"href":"https:\/\/keramamueblesdejardin.com\/pt-pt\/wp-json\/wp\/v2\/product\/77653","targetHints":{"allow":["GET"]}}],"collection":[{"href":"https:\/\/keramamueblesdejardin.com\/pt-pt\/wp-json\/wp\/v2\/product"}],"about":[{"href":"https:\/\/keramamueblesdejardin.com\/pt-pt\/wp-json\/wp\/v2\/types\/product"}],"replies":[{"embeddable":true,"href":"https:\/\/keramamueblesdejardin.com\/pt-pt\/wp-json\/wp\/v2\/comments?post=77653"}],"wp:featuredmedia":[{"embeddable":true,"href":"https:\/\/keramamueblesdejardin.com\/pt-pt\/wp-json\/wp\/v2\/media\/76222"}],"wp:attachment":[{"href":"https:\/\/keramamueblesdejardin.com\/pt-pt\/wp-json\/wp\/v2\/media?parent=77653"}],"wp:term":[{"taxonomy":"product_brand","embeddable":true,"href":"https:\/\/keramamueblesdejardin.com\/pt-pt\/wp-json\/wp\/v2\/product_brand?post=77653"},{"taxonomy":"product_cat","embeddable":true,"href":"https:\/\/keramamueblesdejardin.com\/pt-pt\/wp-json\/wp\/v2\/product_cat?post=77653"},{"taxonomy":"product_tag","embeddable":true,"href":"https:\/\/keramamueblesdejardin.com\/pt-pt\/wp-json\/wp\/v2\/product_tag?post=77653"}],"curies":[{"name":"wp","href":"https:\/\/api.w.org\/{rel}","templated":true}]}}