{"id":77260,"date":"2022-09-13T15:24:51","date_gmt":"2022-09-13T13:24:51","guid":{"rendered":"https:\/\/keramamueblesdejardin.com\/sem%20categoria\/conjunto-de-varanda-terraco-mesa-lateral-baixa-40x40x45cm-2-cadeiras-com-apoios-de-bracos-com-almofadas-java-light\/"},"modified":"2023-08-31T08:47:50","modified_gmt":"2023-08-31T06:47:50","slug":"conjunto-de-varanda-terraco-mesa-auxiliar-baixo-40x40x45cm-2-chairs-with-arms-with-almofadas-java-light","status":"publish","type":"product","link":"https:\/\/keramamueblesdejardin.com\/pt-pt\/salas-de-jantar-ao-ar-livre\/definir-mesa-e-cadeiras-jardim\/conjunto-de-varanda-terraco-mesa-auxiliar-baixo-40x40x45cm-2-chairs-with-arms-with-almofadas-java-light\/","title":{"rendered":"Conjunto de varanda terra\u00e7o mesa lateral baixa 40x40x45cm + 2 cadeiras com apoios de bra\u00e7os com almofadas &#8211; Java Light"},"content":{"rendered":"<p>Pacote de 2 cadeiras dobr\u00e1veis feitas de madeira de ac\u00e1cia com bra\u00e7os e almofadas. O acabamento da madeira est\u00e1 em tom claro. Medidas 41x56x89cm. Peso 5 kg<br \/>\nMesa lateral dobr\u00e1vel baixa feita de madeira de ac\u00e1cia FSC em cor clara. Medidas 40x40x45cm<\/p>\n","protected":false},"excerpt":{"rendered":"<ul>\n<li>Pacote de 2 poltronas com bra\u00e7os de jardim dobr\u00e1veis feitos de madeira de ac\u00e1cia com almofadas<\/li>\n<li>Acabamento em madeira de cor clara<\/li>\n<li>Feito de madeira de ac\u00e1cia certificada FSC<\/li>\n<li>Quadrado dobr\u00e1vel baixo varanda lado mesa 40x40x45cm<\/li>\n<\/ul>\n","protected":false},"featured_media":39086,"comment_status":"closed","ping_status":"closed","template":"","meta":{"_acf_changed":false},"product_brand":[],"product_cat":[422,420],"product_tag":[430,434,444,429,433],"class_list":{"0":"post-77260","1":"product","2":"type-product","3":"status-publish","4":"has-post-thumbnail","6":"product_cat-definir-mesa-e-cadeiras-jardim","7":"product_cat-salas-de-jantar-ao-ar-livre","8":"product_tag-acacia-pt-pt","9":"product_tag-desmontavel","10":"product_tag-extensivel","11":"product_tag-madeira-pt-pt","12":"product_tag-rio-java-pt-pt","13":"product_shipping_class-envio-gratuito-pt-pt","14":"pa_ancho-60-pt-pt","15":"pa_asientos-2-pt-pt-2","16":"pa_caracteristicas-bracos","17":"pa_caracteristicas-dobrando-pt-pt","18":"pa_coleccion-java-light-pt-pt","19":"pa_forma-quadrado","20":"pa_largo-200-pt-pt","21":"pa_m2-120-pt-pt","22":"pa_material-madera-clara-pt-pt","23":"pa_tamano-espacio-pequeno-pt-pt-2","25":"first","26":"instock","27":"sale","28":"purchasable","29":"product-type-simple","30":"add-to-wishlist-before_image"},"acf":[],"yoast_head":"<!-- This site is optimized with the Yoast SEO plugin v27.2 - https:\/\/yoast.com\/product\/yoast-seo-wordpress\/ -->\n<title>Conjunto de varanda terra\u00e7o mesa lateral baixa 40x40x45cm + 2 cadeiras com apoios de bra\u00e7os com almofadas - Java Light - Kerama<\/title>\n<meta name=\"robots\" content=\"index, follow, max-snippet:-1, max-image-preview:large, max-video-preview:-1\" \/>\n<link rel=\"canonical\" href=\"https:\/\/keramamueblesdejardin.com\/pt-pt\/salas-de-jantar-ao-ar-livre\/definir-mesa-e-cadeiras-jardim\/conjunto-de-varanda-terraco-mesa-auxiliar-baixo-40x40x45cm-2-chairs-with-arms-with-almofadas-java-light\/\" \/>\n<meta property=\"og:locale\" content=\"pt_PT\" \/>\n<meta property=\"og:type\" content=\"article\" \/>\n<meta property=\"og:title\" content=\"Conjunto de varanda terra\u00e7o mesa lateral baixa 40x40x45cm + 2 cadeiras com apoios de bra\u00e7os com almofadas - Java Light - Kerama\" \/>\n<meta property=\"og:description\" content=\"Pacote de 2 poltronas com bra\u00e7os de jardim dobr\u00e1veis feitos de madeira de ac\u00e1cia com almofadas  Acabamento em madeira de cor clara  Feito de madeira de ac\u00e1cia certificada FSC  Quadrado dobr\u00e1vel baixo varanda lado mesa 40x40x45cm\" \/>\n<meta property=\"og:url\" content=\"https:\/\/keramamueblesdejardin.com\/pt-pt\/salas-de-jantar-ao-ar-livre\/definir-mesa-e-cadeiras-jardim\/conjunto-de-varanda-terraco-mesa-auxiliar-baixo-40x40x45cm-2-chairs-with-arms-with-almofadas-java-light\/\" \/>\n<meta property=\"og:site_name\" content=\"Kerama\" \/>\n<meta property=\"article:publisher\" content=\"https:\/\/www.facebook.com\/Kerama-Muebles-de-Jard%c3%adn-106209328312568\/\" \/>\n<meta property=\"article:modified_time\" content=\"2023-08-31T06:47:50+00:00\" \/>\n<meta property=\"og:image\" content=\"https:\/\/keramamueblesdejardin.com\/wp-content\/uploads\/2022\/09\/L1560473-scaled.jpg\" \/>\n\t<meta property=\"og:image:width\" content=\"2560\" \/>\n\t<meta property=\"og:image:height\" content=\"1707\" \/>\n\t<meta property=\"og:image:type\" content=\"image\/jpeg\" \/>\n<meta name=\"twitter:card\" content=\"summary_large_image\" \/>\n<script type=\"application\/ld+json\" class=\"yoast-schema-graph\">{\"@context\":\"https:\/\/schema.org\",\"@graph\":[{\"@type\":\"WebPage\",\"@id\":\"https:\/\/keramamueblesdejardin.com\/pt-pt\/salas-de-jantar-ao-ar-livre\/definir-mesa-e-cadeiras-jardim\/conjunto-de-varanda-terraco-mesa-auxiliar-baixo-40x40x45cm-2-chairs-with-arms-with-almofadas-java-light\/\",\"url\":\"https:\/\/keramamueblesdejardin.com\/pt-pt\/salas-de-jantar-ao-ar-livre\/definir-mesa-e-cadeiras-jardim\/conjunto-de-varanda-terraco-mesa-auxiliar-baixo-40x40x45cm-2-chairs-with-arms-with-almofadas-java-light\/\",\"name\":\"Conjunto de varanda terra\u00e7o mesa lateral baixa 40x40x45cm + 2 cadeiras com apoios de bra\u00e7os com almofadas - Java Light - Kerama\",\"isPartOf\":{\"@id\":\"https:\/\/keramamueblesdejardin.com\/pt-pt\/#website\"},\"primaryImageOfPage\":{\"@id\":\"https:\/\/keramamueblesdejardin.com\/pt-pt\/salas-de-jantar-ao-ar-livre\/definir-mesa-e-cadeiras-jardim\/conjunto-de-varanda-terraco-mesa-auxiliar-baixo-40x40x45cm-2-chairs-with-arms-with-almofadas-java-light\/#primaryimage\"},\"image\":{\"@id\":\"https:\/\/keramamueblesdejardin.com\/pt-pt\/salas-de-jantar-ao-ar-livre\/definir-mesa-e-cadeiras-jardim\/conjunto-de-varanda-terraco-mesa-auxiliar-baixo-40x40x45cm-2-chairs-with-arms-with-almofadas-java-light\/#primaryimage\"},\"thumbnailUrl\":\"https:\/\/keramamueblesdejardin.com\/wp-content\/uploads\/2022\/09\/L1560473-scaled.jpg\",\"datePublished\":\"2022-09-13T13:24:51+00:00\",\"dateModified\":\"2023-08-31T06:47:50+00:00\",\"breadcrumb\":{\"@id\":\"https:\/\/keramamueblesdejardin.com\/pt-pt\/salas-de-jantar-ao-ar-livre\/definir-mesa-e-cadeiras-jardim\/conjunto-de-varanda-terraco-mesa-auxiliar-baixo-40x40x45cm-2-chairs-with-arms-with-almofadas-java-light\/#breadcrumb\"},\"inLanguage\":\"pt-PT\",\"potentialAction\":[{\"@type\":\"ReadAction\",\"target\":[\"https:\/\/keramamueblesdejardin.com\/pt-pt\/salas-de-jantar-ao-ar-livre\/definir-mesa-e-cadeiras-jardim\/conjunto-de-varanda-terraco-mesa-auxiliar-baixo-40x40x45cm-2-chairs-with-arms-with-almofadas-java-light\/\"]}]},{\"@type\":\"ImageObject\",\"inLanguage\":\"pt-PT\",\"@id\":\"https:\/\/keramamueblesdejardin.com\/pt-pt\/salas-de-jantar-ao-ar-livre\/definir-mesa-e-cadeiras-jardim\/conjunto-de-varanda-terraco-mesa-auxiliar-baixo-40x40x45cm-2-chairs-with-arms-with-almofadas-java-light\/#primaryimage\",\"url\":\"https:\/\/keramamueblesdejardin.com\/wp-content\/uploads\/2022\/09\/L1560473-scaled.jpg\",\"contentUrl\":\"https:\/\/keramamueblesdejardin.com\/wp-content\/uploads\/2022\/09\/L1560473-scaled.jpg\",\"width\":2560,\"height\":1707},{\"@type\":\"BreadcrumbList\",\"@id\":\"https:\/\/keramamueblesdejardin.com\/pt-pt\/salas-de-jantar-ao-ar-livre\/definir-mesa-e-cadeiras-jardim\/conjunto-de-varanda-terraco-mesa-auxiliar-baixo-40x40x45cm-2-chairs-with-arms-with-almofadas-java-light\/#breadcrumb\",\"itemListElement\":[{\"@type\":\"ListItem\",\"position\":1,\"name\":\"Home\",\"item\":\"https:\/\/keramamueblesdejardin.com\/pt-pt\/\"},{\"@type\":\"ListItem\",\"position\":2,\"name\":\"Tienda\",\"item\":\"https:\/\/keramamueblesdejardin.com\/pt-pt\/tienda-2\/\"},{\"@type\":\"ListItem\",\"position\":3,\"name\":\"Salas de jantar ao ar livre\",\"item\":\"https:\/\/keramamueblesdejardin.com\/pt-pt\/salas-de-jantar-ao-ar-livre\/\"},{\"@type\":\"ListItem\",\"position\":4,\"name\":\"Definir mesa e cadeiras jardim\",\"item\":\"https:\/\/keramamueblesdejardin.com\/pt-pt\/salas-de-jantar-ao-ar-livre\/definir-mesa-e-cadeiras-jardim\/\"},{\"@type\":\"ListItem\",\"position\":5,\"name\":\"Conjunto de varanda terra\u00e7o mesa lateral baixa 40x40x45cm + 2 cadeiras com apoios de bra\u00e7os com almofadas &#8211; Java Light\"}]},{\"@type\":\"WebSite\",\"@id\":\"https:\/\/keramamueblesdejardin.com\/pt-pt\/#website\",\"url\":\"https:\/\/keramamueblesdejardin.com\/pt-pt\/\",\"name\":\"Kerama\",\"description\":\"muebles de jard\u00edn\",\"publisher\":{\"@id\":\"https:\/\/keramamueblesdejardin.com\/pt-pt\/#organization\"},\"potentialAction\":[{\"@type\":\"SearchAction\",\"target\":{\"@type\":\"EntryPoint\",\"urlTemplate\":\"https:\/\/keramamueblesdejardin.com\/pt-pt\/?s={search_term_string}\"},\"query-input\":{\"@type\":\"PropertyValueSpecification\",\"valueRequired\":true,\"valueName\":\"search_term_string\"}}],\"inLanguage\":\"pt-PT\"},{\"@type\":\"Organization\",\"@id\":\"https:\/\/keramamueblesdejardin.com\/pt-pt\/#organization\",\"name\":\"kerama\",\"url\":\"https:\/\/keramamueblesdejardin.com\/pt-pt\/\",\"logo\":{\"@type\":\"ImageObject\",\"inLanguage\":\"pt-PT\",\"@id\":\"https:\/\/keramamueblesdejardin.com\/pt-pt\/#\/schema\/logo\/image\/\",\"url\":\"https:\/\/keramamueblesdejardin.com\/wp-content\/uploads\/2020\/12\/k.-scaled.jpg\",\"contentUrl\":\"https:\/\/keramamueblesdejardin.com\/wp-content\/uploads\/2020\/12\/k.-scaled.jpg\",\"width\":2560,\"height\":551,\"caption\":\"kerama\"},\"image\":{\"@id\":\"https:\/\/keramamueblesdejardin.com\/pt-pt\/#\/schema\/logo\/image\/\"},\"sameAs\":[\"https:\/\/www.facebook.com\/Kerama-Muebles-de-Jard\u00edn-106209328312568\/\"]}]}<\/script>\n<!-- \/ Yoast SEO plugin. -->","yoast_head_json":{"title":"Conjunto de varanda terra\u00e7o mesa lateral baixa 40x40x45cm + 2 cadeiras com apoios de bra\u00e7os com almofadas - Java Light - Kerama","robots":{"index":"index","follow":"follow","max-snippet":"max-snippet:-1","max-image-preview":"max-image-preview:large","max-video-preview":"max-video-preview:-1"},"canonical":"https:\/\/keramamueblesdejardin.com\/pt-pt\/salas-de-jantar-ao-ar-livre\/definir-mesa-e-cadeiras-jardim\/conjunto-de-varanda-terraco-mesa-auxiliar-baixo-40x40x45cm-2-chairs-with-arms-with-almofadas-java-light\/","og_locale":"pt_PT","og_type":"article","og_title":"Conjunto de varanda terra\u00e7o mesa lateral baixa 40x40x45cm + 2 cadeiras com apoios de bra\u00e7os com almofadas - Java Light - Kerama","og_description":"Pacote de 2 poltronas com bra\u00e7os de jardim dobr\u00e1veis feitos de madeira de ac\u00e1cia com almofadas  Acabamento em madeira de cor clara  Feito de madeira de ac\u00e1cia certificada FSC  Quadrado dobr\u00e1vel baixo varanda lado mesa 40x40x45cm","og_url":"https:\/\/keramamueblesdejardin.com\/pt-pt\/salas-de-jantar-ao-ar-livre\/definir-mesa-e-cadeiras-jardim\/conjunto-de-varanda-terraco-mesa-auxiliar-baixo-40x40x45cm-2-chairs-with-arms-with-almofadas-java-light\/","og_site_name":"Kerama","article_publisher":"https:\/\/www.facebook.com\/Kerama-Muebles-de-Jard%c3%adn-106209328312568\/","article_modified_time":"2023-08-31T06:47:50+00:00","og_image":[{"width":2560,"height":1707,"url":"https:\/\/keramamueblesdejardin.com\/wp-content\/uploads\/2022\/09\/L1560473-scaled.jpg","type":"image\/jpeg"}],"twitter_card":"summary_large_image","schema":{"@context":"https:\/\/schema.org","@graph":[{"@type":"WebPage","@id":"https:\/\/keramamueblesdejardin.com\/pt-pt\/salas-de-jantar-ao-ar-livre\/definir-mesa-e-cadeiras-jardim\/conjunto-de-varanda-terraco-mesa-auxiliar-baixo-40x40x45cm-2-chairs-with-arms-with-almofadas-java-light\/","url":"https:\/\/keramamueblesdejardin.com\/pt-pt\/salas-de-jantar-ao-ar-livre\/definir-mesa-e-cadeiras-jardim\/conjunto-de-varanda-terraco-mesa-auxiliar-baixo-40x40x45cm-2-chairs-with-arms-with-almofadas-java-light\/","name":"Conjunto de varanda terra\u00e7o mesa lateral baixa 40x40x45cm + 2 cadeiras com apoios de bra\u00e7os com almofadas - Java Light - Kerama","isPartOf":{"@id":"https:\/\/keramamueblesdejardin.com\/pt-pt\/#website"},"primaryImageOfPage":{"@id":"https:\/\/keramamueblesdejardin.com\/pt-pt\/salas-de-jantar-ao-ar-livre\/definir-mesa-e-cadeiras-jardim\/conjunto-de-varanda-terraco-mesa-auxiliar-baixo-40x40x45cm-2-chairs-with-arms-with-almofadas-java-light\/#primaryimage"},"image":{"@id":"https:\/\/keramamueblesdejardin.com\/pt-pt\/salas-de-jantar-ao-ar-livre\/definir-mesa-e-cadeiras-jardim\/conjunto-de-varanda-terraco-mesa-auxiliar-baixo-40x40x45cm-2-chairs-with-arms-with-almofadas-java-light\/#primaryimage"},"thumbnailUrl":"https:\/\/keramamueblesdejardin.com\/wp-content\/uploads\/2022\/09\/L1560473-scaled.jpg","datePublished":"2022-09-13T13:24:51+00:00","dateModified":"2023-08-31T06:47:50+00:00","breadcrumb":{"@id":"https:\/\/keramamueblesdejardin.com\/pt-pt\/salas-de-jantar-ao-ar-livre\/definir-mesa-e-cadeiras-jardim\/conjunto-de-varanda-terraco-mesa-auxiliar-baixo-40x40x45cm-2-chairs-with-arms-with-almofadas-java-light\/#breadcrumb"},"inLanguage":"pt-PT","potentialAction":[{"@type":"ReadAction","target":["https:\/\/keramamueblesdejardin.com\/pt-pt\/salas-de-jantar-ao-ar-livre\/definir-mesa-e-cadeiras-jardim\/conjunto-de-varanda-terraco-mesa-auxiliar-baixo-40x40x45cm-2-chairs-with-arms-with-almofadas-java-light\/"]}]},{"@type":"ImageObject","inLanguage":"pt-PT","@id":"https:\/\/keramamueblesdejardin.com\/pt-pt\/salas-de-jantar-ao-ar-livre\/definir-mesa-e-cadeiras-jardim\/conjunto-de-varanda-terraco-mesa-auxiliar-baixo-40x40x45cm-2-chairs-with-arms-with-almofadas-java-light\/#primaryimage","url":"https:\/\/keramamueblesdejardin.com\/wp-content\/uploads\/2022\/09\/L1560473-scaled.jpg","contentUrl":"https:\/\/keramamueblesdejardin.com\/wp-content\/uploads\/2022\/09\/L1560473-scaled.jpg","width":2560,"height":1707},{"@type":"BreadcrumbList","@id":"https:\/\/keramamueblesdejardin.com\/pt-pt\/salas-de-jantar-ao-ar-livre\/definir-mesa-e-cadeiras-jardim\/conjunto-de-varanda-terraco-mesa-auxiliar-baixo-40x40x45cm-2-chairs-with-arms-with-almofadas-java-light\/#breadcrumb","itemListElement":[{"@type":"ListItem","position":1,"name":"Home","item":"https:\/\/keramamueblesdejardin.com\/pt-pt\/"},{"@type":"ListItem","position":2,"name":"Tienda","item":"https:\/\/keramamueblesdejardin.com\/pt-pt\/tienda-2\/"},{"@type":"ListItem","position":3,"name":"Salas de jantar ao ar livre","item":"https:\/\/keramamueblesdejardin.com\/pt-pt\/salas-de-jantar-ao-ar-livre\/"},{"@type":"ListItem","position":4,"name":"Definir mesa e cadeiras jardim","item":"https:\/\/keramamueblesdejardin.com\/pt-pt\/salas-de-jantar-ao-ar-livre\/definir-mesa-e-cadeiras-jardim\/"},{"@type":"ListItem","position":5,"name":"Conjunto de varanda terra\u00e7o mesa lateral baixa 40x40x45cm + 2 cadeiras com apoios de bra\u00e7os com almofadas &#8211; Java Light"}]},{"@type":"WebSite","@id":"https:\/\/keramamueblesdejardin.com\/pt-pt\/#website","url":"https:\/\/keramamueblesdejardin.com\/pt-pt\/","name":"Kerama","description":"muebles de jard\u00edn","publisher":{"@id":"https:\/\/keramamueblesdejardin.com\/pt-pt\/#organization"},"potentialAction":[{"@type":"SearchAction","target":{"@type":"EntryPoint","urlTemplate":"https:\/\/keramamueblesdejardin.com\/pt-pt\/?s={search_term_string}"},"query-input":{"@type":"PropertyValueSpecification","valueRequired":true,"valueName":"search_term_string"}}],"inLanguage":"pt-PT"},{"@type":"Organization","@id":"https:\/\/keramamueblesdejardin.com\/pt-pt\/#organization","name":"kerama","url":"https:\/\/keramamueblesdejardin.com\/pt-pt\/","logo":{"@type":"ImageObject","inLanguage":"pt-PT","@id":"https:\/\/keramamueblesdejardin.com\/pt-pt\/#\/schema\/logo\/image\/","url":"https:\/\/keramamueblesdejardin.com\/wp-content\/uploads\/2020\/12\/k.-scaled.jpg","contentUrl":"https:\/\/keramamueblesdejardin.com\/wp-content\/uploads\/2020\/12\/k.-scaled.jpg","width":2560,"height":551,"caption":"kerama"},"image":{"@id":"https:\/\/keramamueblesdejardin.com\/pt-pt\/#\/schema\/logo\/image\/"},"sameAs":["https:\/\/www.facebook.com\/Kerama-Muebles-de-Jard\u00edn-106209328312568\/"]}]}},"df_price":309,"df_sale_price":309,"df_regular_price":384,"df_image_link":"https:\/\/keramamueblesdejardin.com\/wp-content\/uploads\/2022\/09\/L1560473-300x200.jpg","custom_tabs":"","_links":{"self":[{"href":"https:\/\/keramamueblesdejardin.com\/pt-pt\/wp-json\/wp\/v2\/product\/77260","targetHints":{"allow":["GET"]}}],"collection":[{"href":"https:\/\/keramamueblesdejardin.com\/pt-pt\/wp-json\/wp\/v2\/product"}],"about":[{"href":"https:\/\/keramamueblesdejardin.com\/pt-pt\/wp-json\/wp\/v2\/types\/product"}],"replies":[{"embeddable":true,"href":"https:\/\/keramamueblesdejardin.com\/pt-pt\/wp-json\/wp\/v2\/comments?post=77260"}],"wp:featuredmedia":[{"embeddable":true,"href":"https:\/\/keramamueblesdejardin.com\/pt-pt\/wp-json\/wp\/v2\/media\/39086"}],"wp:attachment":[{"href":"https:\/\/keramamueblesdejardin.com\/pt-pt\/wp-json\/wp\/v2\/media?parent=77260"}],"wp:term":[{"taxonomy":"product_brand","embeddable":true,"href":"https:\/\/keramamueblesdejardin.com\/pt-pt\/wp-json\/wp\/v2\/product_brand?post=77260"},{"taxonomy":"product_cat","embeddable":true,"href":"https:\/\/keramamueblesdejardin.com\/pt-pt\/wp-json\/wp\/v2\/product_cat?post=77260"},{"taxonomy":"product_tag","embeddable":true,"href":"https:\/\/keramamueblesdejardin.com\/pt-pt\/wp-json\/wp\/v2\/product_tag?post=77260"}],"curies":[{"name":"wp","href":"https:\/\/api.w.org\/{rel}","templated":true}]}}