{"id":77197,"date":"2022-08-03T13:22:18","date_gmt":"2022-08-03T11:22:18","guid":{"rendered":"https:\/\/keramamueblesdejardin.com\/sem%20categoria\/tecido-de-substituicao-para-guarda-sol-excentrico-suspenso-300cm-round-dark-grey-anthracite-sunny\/"},"modified":"2023-08-30T09:45:15","modified_gmt":"2023-08-30T07:45:15","slug":"reposicao-tecido-para-guarda-sol-excentrico-suspenso-300cm-redondo-cinza-escuro-antracite-ensolarado","status":"publish","type":"product","link":"https:\/\/keramamueblesdejardin.com\/pt-pt\/guarda-sois-e-pergulas\/pecas-sobressalentes-texteis\/reposicao-tecido-para-guarda-sol-excentrico-suspenso-300cm-redondo-cinza-escuro-antracite-ensolarado\/","title":{"rendered":"Tecido de substitui\u00e7\u00e3o para guarda-sol exc\u00eantrico suspenso 300cm round Dark Grey Anthracite &#8211; Sunny"},"content":{"rendered":"<p>Tecido de substitui\u00e7\u00e3o para guarda-sol 300cm redondo Antracite Cinzento Escuro 100% poli\u00e9ster 235g com acabamento Teflonated. Montagem f\u00e1cil e resistente aos RAIOS. V\u00e1lido para guarda-s\u00f3is de 8 varas<\/p>\n","protected":false},"excerpt":{"rendered":"<ul>\n<li style=\"list-style-type: none;\">\n<ul>n<\/p>\n<li>Tecido de substitui\u00e7\u00e3o para guarda-sol suspenso 300cm redondo<\/li>\n<\/ul>\n<\/li>\n<\/ul>\n<p>n<\/p>\n<ul>\n<li style=\"list-style-type: none;\">\n<ul>\n<li>Tecido antracite cinzento cinzento resistente aos raios UV<\/li>\n<\/ul>\n<\/li>\n<\/ul>\n<p>n<\/p>\n<ul>\n<li style=\"list-style-type: none;\">\n<ul>\n<li>100% poli\u00e9ster 235g com acabamento Teflon<\/li>\n<\/ul>\n<\/li>\n<\/ul>\n<p>n<\/p>\n<ul>\n<li style=\"list-style-type: none;\">\n<ul>\n<li>V\u00e1lido para guarda-s\u00f3is de 8 varas<\/li>\n<\/ul>\n<\/li>\n<\/ul>\n<p>n<\/p>\n","protected":false},"featured_media":35398,"comment_status":"closed","ping_status":"open","template":"","meta":{"_acf_changed":false},"product_brand":[],"product_cat":[424,457],"product_tag":[464,427],"class_list":{"0":"post-77197","1":"product","2":"type-product","3":"status-publish","4":"has-post-thumbnail","6":"product_cat-guarda-sois-e-pergulas","7":"product_cat-pecas-sobressalentes-texteis","8":"product_tag-ensolarado","9":"product_tag-espacos-amplos","10":"product_shipping_class-envio-gratuito-pt-pt","11":"pa_coleccion-sunny-pt-pt","12":"pa_forma-redondo-pt-pt-2","13":"pa_material-poliester-pt-pt","15":"first","16":"instock","17":"sale","18":"purchasable","19":"product-type-simple","20":"add-to-wishlist-before_image"},"acf":[],"yoast_head":"<!-- This site is optimized with the Yoast SEO plugin v27.2 - https:\/\/yoast.com\/product\/yoast-seo-wordpress\/ -->\n<title>Tecido de substitui\u00e7\u00e3o para guarda-sol exc\u00eantrico suspenso 300cm round Dark Grey Anthracite - Sunny - Kerama<\/title>\n<meta name=\"robots\" content=\"index, follow, max-snippet:-1, max-image-preview:large, max-video-preview:-1\" \/>\n<link rel=\"canonical\" href=\"https:\/\/keramamueblesdejardin.com\/pt-pt\/guarda-sois-e-pergulas\/pecas-sobressalentes-texteis\/reposicao-tecido-para-guarda-sol-excentrico-suspenso-300cm-redondo-cinza-escuro-antracite-ensolarado\/\" \/>\n<meta property=\"og:locale\" content=\"pt_PT\" \/>\n<meta property=\"og:type\" content=\"article\" \/>\n<meta property=\"og:title\" content=\"Tecido de substitui\u00e7\u00e3o para guarda-sol exc\u00eantrico suspenso 300cm round Dark Grey Anthracite - Sunny - Kerama\" \/>\n<meta property=\"og:description\" content=\"n  Tecido de substitui\u00e7\u00e3o para guarda-sol suspenso 300cm redondo  n    Tecido antracite cinzento cinzento resistente aos raios UV  n    100% poli\u00e9ster 235g com acabamento Teflon  n    V\u00e1lido para guarda-s\u00f3is de 8 varas  n\" \/>\n<meta property=\"og:url\" content=\"https:\/\/keramamueblesdejardin.com\/pt-pt\/guarda-sois-e-pergulas\/pecas-sobressalentes-texteis\/reposicao-tecido-para-guarda-sol-excentrico-suspenso-300cm-redondo-cinza-escuro-antracite-ensolarado\/\" \/>\n<meta property=\"og:site_name\" content=\"Kerama\" \/>\n<meta property=\"article:publisher\" content=\"https:\/\/www.facebook.com\/Kerama-Muebles-de-Jard%c3%adn-106209328312568\/\" \/>\n<meta property=\"article:modified_time\" content=\"2023-08-30T07:45:15+00:00\" \/>\n<meta property=\"og:image\" content=\"https:\/\/keramamueblesdejardin.com\/wp-content\/uploads\/2022\/07\/L1530781-scaled.jpg\" \/>\n\t<meta property=\"og:image:width\" content=\"2560\" \/>\n\t<meta property=\"og:image:height\" content=\"1707\" \/>\n\t<meta property=\"og:image:type\" content=\"image\/jpeg\" \/>\n<meta name=\"twitter:card\" content=\"summary_large_image\" \/>\n<script type=\"application\/ld+json\" class=\"yoast-schema-graph\">{\"@context\":\"https:\/\/schema.org\",\"@graph\":[{\"@type\":\"WebPage\",\"@id\":\"https:\/\/keramamueblesdejardin.com\/pt-pt\/guarda-sois-e-pergulas\/pecas-sobressalentes-texteis\/reposicao-tecido-para-guarda-sol-excentrico-suspenso-300cm-redondo-cinza-escuro-antracite-ensolarado\/\",\"url\":\"https:\/\/keramamueblesdejardin.com\/pt-pt\/guarda-sois-e-pergulas\/pecas-sobressalentes-texteis\/reposicao-tecido-para-guarda-sol-excentrico-suspenso-300cm-redondo-cinza-escuro-antracite-ensolarado\/\",\"name\":\"Tecido de substitui\u00e7\u00e3o para guarda-sol exc\u00eantrico suspenso 300cm round Dark Grey Anthracite - Sunny - Kerama\",\"isPartOf\":{\"@id\":\"https:\/\/keramamueblesdejardin.com\/pt-pt\/#website\"},\"primaryImageOfPage\":{\"@id\":\"https:\/\/keramamueblesdejardin.com\/pt-pt\/guarda-sois-e-pergulas\/pecas-sobressalentes-texteis\/reposicao-tecido-para-guarda-sol-excentrico-suspenso-300cm-redondo-cinza-escuro-antracite-ensolarado\/#primaryimage\"},\"image\":{\"@id\":\"https:\/\/keramamueblesdejardin.com\/pt-pt\/guarda-sois-e-pergulas\/pecas-sobressalentes-texteis\/reposicao-tecido-para-guarda-sol-excentrico-suspenso-300cm-redondo-cinza-escuro-antracite-ensolarado\/#primaryimage\"},\"thumbnailUrl\":\"https:\/\/keramamueblesdejardin.com\/wp-content\/uploads\/2022\/07\/L1530781-scaled.jpg\",\"datePublished\":\"2022-08-03T11:22:18+00:00\",\"dateModified\":\"2023-08-30T07:45:15+00:00\",\"breadcrumb\":{\"@id\":\"https:\/\/keramamueblesdejardin.com\/pt-pt\/guarda-sois-e-pergulas\/pecas-sobressalentes-texteis\/reposicao-tecido-para-guarda-sol-excentrico-suspenso-300cm-redondo-cinza-escuro-antracite-ensolarado\/#breadcrumb\"},\"inLanguage\":\"pt-PT\",\"potentialAction\":[{\"@type\":\"ReadAction\",\"target\":[\"https:\/\/keramamueblesdejardin.com\/pt-pt\/guarda-sois-e-pergulas\/pecas-sobressalentes-texteis\/reposicao-tecido-para-guarda-sol-excentrico-suspenso-300cm-redondo-cinza-escuro-antracite-ensolarado\/\"]}]},{\"@type\":\"ImageObject\",\"inLanguage\":\"pt-PT\",\"@id\":\"https:\/\/keramamueblesdejardin.com\/pt-pt\/guarda-sois-e-pergulas\/pecas-sobressalentes-texteis\/reposicao-tecido-para-guarda-sol-excentrico-suspenso-300cm-redondo-cinza-escuro-antracite-ensolarado\/#primaryimage\",\"url\":\"https:\/\/keramamueblesdejardin.com\/wp-content\/uploads\/2022\/07\/L1530781-scaled.jpg\",\"contentUrl\":\"https:\/\/keramamueblesdejardin.com\/wp-content\/uploads\/2022\/07\/L1530781-scaled.jpg\",\"width\":2560,\"height\":1707},{\"@type\":\"BreadcrumbList\",\"@id\":\"https:\/\/keramamueblesdejardin.com\/pt-pt\/guarda-sois-e-pergulas\/pecas-sobressalentes-texteis\/reposicao-tecido-para-guarda-sol-excentrico-suspenso-300cm-redondo-cinza-escuro-antracite-ensolarado\/#breadcrumb\",\"itemListElement\":[{\"@type\":\"ListItem\",\"position\":1,\"name\":\"Home\",\"item\":\"https:\/\/keramamueblesdejardin.com\/pt-pt\/\"},{\"@type\":\"ListItem\",\"position\":2,\"name\":\"Tienda\",\"item\":\"https:\/\/keramamueblesdejardin.com\/pt-pt\/tienda-2\/\"},{\"@type\":\"ListItem\",\"position\":3,\"name\":\"Guarda-s\u00f3is e p\u00e9rgulas\",\"item\":\"https:\/\/keramamueblesdejardin.com\/pt-pt\/guarda-sois-e-pergulas\/\"},{\"@type\":\"ListItem\",\"position\":4,\"name\":\"Pe\u00e7as sobressalentes t\u00eaxteis\",\"item\":\"https:\/\/keramamueblesdejardin.com\/pt-pt\/guarda-sois-e-pergulas\/pecas-sobressalentes-texteis\/\"},{\"@type\":\"ListItem\",\"position\":5,\"name\":\"Tecido de substitui\u00e7\u00e3o para guarda-sol exc\u00eantrico suspenso 300cm round Dark Grey Anthracite &#8211; Sunny\"}]},{\"@type\":\"WebSite\",\"@id\":\"https:\/\/keramamueblesdejardin.com\/pt-pt\/#website\",\"url\":\"https:\/\/keramamueblesdejardin.com\/pt-pt\/\",\"name\":\"Kerama\",\"description\":\"muebles de jard\u00edn\",\"publisher\":{\"@id\":\"https:\/\/keramamueblesdejardin.com\/pt-pt\/#organization\"},\"potentialAction\":[{\"@type\":\"SearchAction\",\"target\":{\"@type\":\"EntryPoint\",\"urlTemplate\":\"https:\/\/keramamueblesdejardin.com\/pt-pt\/?s={search_term_string}\"},\"query-input\":{\"@type\":\"PropertyValueSpecification\",\"valueRequired\":true,\"valueName\":\"search_term_string\"}}],\"inLanguage\":\"pt-PT\"},{\"@type\":\"Organization\",\"@id\":\"https:\/\/keramamueblesdejardin.com\/pt-pt\/#organization\",\"name\":\"kerama\",\"url\":\"https:\/\/keramamueblesdejardin.com\/pt-pt\/\",\"logo\":{\"@type\":\"ImageObject\",\"inLanguage\":\"pt-PT\",\"@id\":\"https:\/\/keramamueblesdejardin.com\/pt-pt\/#\/schema\/logo\/image\/\",\"url\":\"https:\/\/keramamueblesdejardin.com\/wp-content\/uploads\/2020\/12\/k.-scaled.jpg\",\"contentUrl\":\"https:\/\/keramamueblesdejardin.com\/wp-content\/uploads\/2020\/12\/k.-scaled.jpg\",\"width\":2560,\"height\":551,\"caption\":\"kerama\"},\"image\":{\"@id\":\"https:\/\/keramamueblesdejardin.com\/pt-pt\/#\/schema\/logo\/image\/\"},\"sameAs\":[\"https:\/\/www.facebook.com\/Kerama-Muebles-de-Jard\u00edn-106209328312568\/\"]}]}<\/script>\n<!-- \/ Yoast SEO plugin. -->","yoast_head_json":{"title":"Tecido de substitui\u00e7\u00e3o para guarda-sol exc\u00eantrico suspenso 300cm round Dark Grey Anthracite - Sunny - Kerama","robots":{"index":"index","follow":"follow","max-snippet":"max-snippet:-1","max-image-preview":"max-image-preview:large","max-video-preview":"max-video-preview:-1"},"canonical":"https:\/\/keramamueblesdejardin.com\/pt-pt\/guarda-sois-e-pergulas\/pecas-sobressalentes-texteis\/reposicao-tecido-para-guarda-sol-excentrico-suspenso-300cm-redondo-cinza-escuro-antracite-ensolarado\/","og_locale":"pt_PT","og_type":"article","og_title":"Tecido de substitui\u00e7\u00e3o para guarda-sol exc\u00eantrico suspenso 300cm round Dark Grey Anthracite - Sunny - Kerama","og_description":"n  Tecido de substitui\u00e7\u00e3o para guarda-sol suspenso 300cm redondo  n    Tecido antracite cinzento cinzento resistente aos raios UV  n    100% poli\u00e9ster 235g com acabamento Teflon  n    V\u00e1lido para guarda-s\u00f3is de 8 varas  n","og_url":"https:\/\/keramamueblesdejardin.com\/pt-pt\/guarda-sois-e-pergulas\/pecas-sobressalentes-texteis\/reposicao-tecido-para-guarda-sol-excentrico-suspenso-300cm-redondo-cinza-escuro-antracite-ensolarado\/","og_site_name":"Kerama","article_publisher":"https:\/\/www.facebook.com\/Kerama-Muebles-de-Jard%c3%adn-106209328312568\/","article_modified_time":"2023-08-30T07:45:15+00:00","og_image":[{"width":2560,"height":1707,"url":"https:\/\/keramamueblesdejardin.com\/wp-content\/uploads\/2022\/07\/L1530781-scaled.jpg","type":"image\/jpeg"}],"twitter_card":"summary_large_image","schema":{"@context":"https:\/\/schema.org","@graph":[{"@type":"WebPage","@id":"https:\/\/keramamueblesdejardin.com\/pt-pt\/guarda-sois-e-pergulas\/pecas-sobressalentes-texteis\/reposicao-tecido-para-guarda-sol-excentrico-suspenso-300cm-redondo-cinza-escuro-antracite-ensolarado\/","url":"https:\/\/keramamueblesdejardin.com\/pt-pt\/guarda-sois-e-pergulas\/pecas-sobressalentes-texteis\/reposicao-tecido-para-guarda-sol-excentrico-suspenso-300cm-redondo-cinza-escuro-antracite-ensolarado\/","name":"Tecido de substitui\u00e7\u00e3o para guarda-sol exc\u00eantrico suspenso 300cm round Dark Grey Anthracite - Sunny - Kerama","isPartOf":{"@id":"https:\/\/keramamueblesdejardin.com\/pt-pt\/#website"},"primaryImageOfPage":{"@id":"https:\/\/keramamueblesdejardin.com\/pt-pt\/guarda-sois-e-pergulas\/pecas-sobressalentes-texteis\/reposicao-tecido-para-guarda-sol-excentrico-suspenso-300cm-redondo-cinza-escuro-antracite-ensolarado\/#primaryimage"},"image":{"@id":"https:\/\/keramamueblesdejardin.com\/pt-pt\/guarda-sois-e-pergulas\/pecas-sobressalentes-texteis\/reposicao-tecido-para-guarda-sol-excentrico-suspenso-300cm-redondo-cinza-escuro-antracite-ensolarado\/#primaryimage"},"thumbnailUrl":"https:\/\/keramamueblesdejardin.com\/wp-content\/uploads\/2022\/07\/L1530781-scaled.jpg","datePublished":"2022-08-03T11:22:18+00:00","dateModified":"2023-08-30T07:45:15+00:00","breadcrumb":{"@id":"https:\/\/keramamueblesdejardin.com\/pt-pt\/guarda-sois-e-pergulas\/pecas-sobressalentes-texteis\/reposicao-tecido-para-guarda-sol-excentrico-suspenso-300cm-redondo-cinza-escuro-antracite-ensolarado\/#breadcrumb"},"inLanguage":"pt-PT","potentialAction":[{"@type":"ReadAction","target":["https:\/\/keramamueblesdejardin.com\/pt-pt\/guarda-sois-e-pergulas\/pecas-sobressalentes-texteis\/reposicao-tecido-para-guarda-sol-excentrico-suspenso-300cm-redondo-cinza-escuro-antracite-ensolarado\/"]}]},{"@type":"ImageObject","inLanguage":"pt-PT","@id":"https:\/\/keramamueblesdejardin.com\/pt-pt\/guarda-sois-e-pergulas\/pecas-sobressalentes-texteis\/reposicao-tecido-para-guarda-sol-excentrico-suspenso-300cm-redondo-cinza-escuro-antracite-ensolarado\/#primaryimage","url":"https:\/\/keramamueblesdejardin.com\/wp-content\/uploads\/2022\/07\/L1530781-scaled.jpg","contentUrl":"https:\/\/keramamueblesdejardin.com\/wp-content\/uploads\/2022\/07\/L1530781-scaled.jpg","width":2560,"height":1707},{"@type":"BreadcrumbList","@id":"https:\/\/keramamueblesdejardin.com\/pt-pt\/guarda-sois-e-pergulas\/pecas-sobressalentes-texteis\/reposicao-tecido-para-guarda-sol-excentrico-suspenso-300cm-redondo-cinza-escuro-antracite-ensolarado\/#breadcrumb","itemListElement":[{"@type":"ListItem","position":1,"name":"Home","item":"https:\/\/keramamueblesdejardin.com\/pt-pt\/"},{"@type":"ListItem","position":2,"name":"Tienda","item":"https:\/\/keramamueblesdejardin.com\/pt-pt\/tienda-2\/"},{"@type":"ListItem","position":3,"name":"Guarda-s\u00f3is e p\u00e9rgulas","item":"https:\/\/keramamueblesdejardin.com\/pt-pt\/guarda-sois-e-pergulas\/"},{"@type":"ListItem","position":4,"name":"Pe\u00e7as sobressalentes t\u00eaxteis","item":"https:\/\/keramamueblesdejardin.com\/pt-pt\/guarda-sois-e-pergulas\/pecas-sobressalentes-texteis\/"},{"@type":"ListItem","position":5,"name":"Tecido de substitui\u00e7\u00e3o para guarda-sol exc\u00eantrico suspenso 300cm round Dark Grey Anthracite &#8211; Sunny"}]},{"@type":"WebSite","@id":"https:\/\/keramamueblesdejardin.com\/pt-pt\/#website","url":"https:\/\/keramamueblesdejardin.com\/pt-pt\/","name":"Kerama","description":"muebles de jard\u00edn","publisher":{"@id":"https:\/\/keramamueblesdejardin.com\/pt-pt\/#organization"},"potentialAction":[{"@type":"SearchAction","target":{"@type":"EntryPoint","urlTemplate":"https:\/\/keramamueblesdejardin.com\/pt-pt\/?s={search_term_string}"},"query-input":{"@type":"PropertyValueSpecification","valueRequired":true,"valueName":"search_term_string"}}],"inLanguage":"pt-PT"},{"@type":"Organization","@id":"https:\/\/keramamueblesdejardin.com\/pt-pt\/#organization","name":"kerama","url":"https:\/\/keramamueblesdejardin.com\/pt-pt\/","logo":{"@type":"ImageObject","inLanguage":"pt-PT","@id":"https:\/\/keramamueblesdejardin.com\/pt-pt\/#\/schema\/logo\/image\/","url":"https:\/\/keramamueblesdejardin.com\/wp-content\/uploads\/2020\/12\/k.-scaled.jpg","contentUrl":"https:\/\/keramamueblesdejardin.com\/wp-content\/uploads\/2020\/12\/k.-scaled.jpg","width":2560,"height":551,"caption":"kerama"},"image":{"@id":"https:\/\/keramamueblesdejardin.com\/pt-pt\/#\/schema\/logo\/image\/"},"sameAs":["https:\/\/www.facebook.com\/Kerama-Muebles-de-Jard\u00edn-106209328312568\/"]}]}},"df_price":99,"df_sale_price":99,"df_regular_price":127,"df_image_link":"https:\/\/keramamueblesdejardin.com\/wp-content\/uploads\/2022\/07\/L1530781-300x200.jpg","custom_tabs":"","_links":{"self":[{"href":"https:\/\/keramamueblesdejardin.com\/pt-pt\/wp-json\/wp\/v2\/product\/77197","targetHints":{"allow":["GET"]}}],"collection":[{"href":"https:\/\/keramamueblesdejardin.com\/pt-pt\/wp-json\/wp\/v2\/product"}],"about":[{"href":"https:\/\/keramamueblesdejardin.com\/pt-pt\/wp-json\/wp\/v2\/types\/product"}],"replies":[{"embeddable":true,"href":"https:\/\/keramamueblesdejardin.com\/pt-pt\/wp-json\/wp\/v2\/comments?post=77197"}],"wp:featuredmedia":[{"embeddable":true,"href":"https:\/\/keramamueblesdejardin.com\/pt-pt\/wp-json\/wp\/v2\/media\/35398"}],"wp:attachment":[{"href":"https:\/\/keramamueblesdejardin.com\/pt-pt\/wp-json\/wp\/v2\/media?parent=77197"}],"wp:term":[{"taxonomy":"product_brand","embeddable":true,"href":"https:\/\/keramamueblesdejardin.com\/pt-pt\/wp-json\/wp\/v2\/product_brand?post=77197"},{"taxonomy":"product_cat","embeddable":true,"href":"https:\/\/keramamueblesdejardin.com\/pt-pt\/wp-json\/wp\/v2\/product_cat?post=77197"},{"taxonomy":"product_tag","embeddable":true,"href":"https:\/\/keramamueblesdejardin.com\/pt-pt\/wp-json\/wp\/v2\/product_tag?post=77197"}],"curies":[{"name":"wp","href":"https:\/\/api.w.org\/{rel}","templated":true}]}}