{"id":77181,"date":"2022-09-13T15:24:57","date_gmt":"2022-09-13T13:24:57","guid":{"rendered":"https:\/\/keramamueblesdejardin.com\/sem%20categoria\/diretor-de-jardim-de-jardim-de-horta-tecido-de-cola-madeira-cor-de-luz-java-light\/"},"modified":"2023-08-31T09:06:08","modified_gmt":"2023-08-31T07:06:08","slug":"poltrona-director-jardim-vegetal-tecido-cola-madeira-clara-cor-java-luz","status":"publish","type":"product","link":"https:\/\/keramamueblesdejardin.com\/pt-pt\/salas-de-jantar-ao-ar-livre\/cadeiras-de-jardim\/poltrona-director-jardim-vegetal-tecido-cola-madeira-clara-cor-java-luz\/","title":{"rendered":"Diretor de jardim de jardim de horta tecido de cola madeira cor de luz &#8211; Java Light"},"content":{"rendered":"<p>Poltrona de diretor de jardim dobr\u00e1vel feita de cor clara de madeira de ac\u00e1cia e tecido impresso. A cadeira \u00e9 dobr\u00e1vel e muito pr\u00e1tica. O tecido \u00e9 remov\u00edvel e lav\u00e1vel. Feito de madeira de ac\u00e1cia certificada fSC (garantia de florestas bem geridas ambiental e socialmente). Medidas 53x51x87cm. Peso 4kg<\/p>\n","protected":false},"excerpt":{"rendered":"<ul>\n<li>Poltrona de diretor de jardim dobr\u00e1vel feita de madeira de ac\u00e1cia e tecido impresso<\/li>\n<li>O tecido \u00e9 remov\u00edvel e lav\u00e1vel<\/li>\n<li>Feito de madeira de ac\u00e1cia certificada FSC<\/li>\n<li>Ac\u00e1cia de cor clara<\/li>\n<\/ul>\n","protected":false},"featured_media":63036,"comment_status":"closed","ping_status":"open","template":"","meta":{"_acf_changed":false},"product_brand":[],"product_cat":[419,420],"product_tag":[430,434,435,429,433,438],"class_list":{"0":"post-77181","1":"product","2":"type-product","3":"status-publish","4":"has-post-thumbnail","6":"product_cat-cadeiras-de-jardim","7":"product_cat-salas-de-jantar-ao-ar-livre","8":"product_tag-acacia-pt-pt","9":"product_tag-desmontavel","10":"product_tag-diretor","11":"product_tag-madeira-pt-pt","12":"product_tag-rio-java-pt-pt","13":"product_tag-vereador-pt-pt","14":"product_shipping_class-envio-gratuito-pt-pt","15":"pa_caracteristicas-bracos","16":"pa_caracteristicas-dobrando-pt-pt","17":"pa_coleccion-java-light-pt-pt","18":"pa_material-madera-clara-pt-pt","19":"pa_material-tela-pt-pt","21":"first","22":"instock","23":"sale","24":"purchasable","25":"product-type-simple","26":"add-to-wishlist-before_image"},"acf":[],"yoast_head":"<!-- This site is optimized with the Yoast SEO plugin v27.2 - https:\/\/yoast.com\/product\/yoast-seo-wordpress\/ -->\n<title>Diretor de jardim de jardim de horta tecido de cola madeira cor de luz - Java Light - Kerama<\/title>\n<meta name=\"robots\" content=\"index, follow, max-snippet:-1, max-image-preview:large, max-video-preview:-1\" \/>\n<link rel=\"canonical\" href=\"https:\/\/keramamueblesdejardin.com\/pt-pt\/salas-de-jantar-ao-ar-livre\/cadeiras-de-jardim\/poltrona-director-jardim-vegetal-tecido-cola-madeira-clara-cor-java-luz\/\" \/>\n<meta property=\"og:locale\" content=\"pt_PT\" \/>\n<meta property=\"og:type\" content=\"article\" \/>\n<meta property=\"og:title\" content=\"Diretor de jardim de jardim de horta tecido de cola madeira cor de luz - Java Light - Kerama\" \/>\n<meta property=\"og:description\" content=\"Poltrona de diretor de jardim dobr\u00e1vel feita de madeira de ac\u00e1cia e tecido impresso  O tecido \u00e9 remov\u00edvel e lav\u00e1vel  Feito de madeira de ac\u00e1cia certificada FSC  Ac\u00e1cia de cor clara\" \/>\n<meta property=\"og:url\" content=\"https:\/\/keramamueblesdejardin.com\/pt-pt\/salas-de-jantar-ao-ar-livre\/cadeiras-de-jardim\/poltrona-director-jardim-vegetal-tecido-cola-madeira-clara-cor-java-luz\/\" \/>\n<meta property=\"og:site_name\" content=\"Kerama\" \/>\n<meta property=\"article:publisher\" content=\"https:\/\/www.facebook.com\/Kerama-Muebles-de-Jard%c3%adn-106209328312568\/\" \/>\n<meta property=\"article:modified_time\" content=\"2023-08-31T07:06:08+00:00\" \/>\n<meta property=\"og:image\" content=\"https:\/\/keramamueblesdejardin.com\/wp-content\/uploads\/2022\/09\/L1570009_scaled-1.jpg\" \/>\n\t<meta property=\"og:image:width\" content=\"2560\" \/>\n\t<meta property=\"og:image:height\" content=\"1707\" \/>\n\t<meta property=\"og:image:type\" content=\"image\/jpeg\" \/>\n<meta name=\"twitter:card\" content=\"summary_large_image\" \/>\n<script type=\"application\/ld+json\" class=\"yoast-schema-graph\">{\"@context\":\"https:\/\/schema.org\",\"@graph\":[{\"@type\":\"WebPage\",\"@id\":\"https:\/\/keramamueblesdejardin.com\/pt-pt\/salas-de-jantar-ao-ar-livre\/cadeiras-de-jardim\/poltrona-director-jardim-vegetal-tecido-cola-madeira-clara-cor-java-luz\/\",\"url\":\"https:\/\/keramamueblesdejardin.com\/pt-pt\/salas-de-jantar-ao-ar-livre\/cadeiras-de-jardim\/poltrona-director-jardim-vegetal-tecido-cola-madeira-clara-cor-java-luz\/\",\"name\":\"Diretor de jardim de jardim de horta tecido de cola madeira cor de luz - Java Light - Kerama\",\"isPartOf\":{\"@id\":\"https:\/\/keramamueblesdejardin.com\/pt-pt\/#website\"},\"primaryImageOfPage\":{\"@id\":\"https:\/\/keramamueblesdejardin.com\/pt-pt\/salas-de-jantar-ao-ar-livre\/cadeiras-de-jardim\/poltrona-director-jardim-vegetal-tecido-cola-madeira-clara-cor-java-luz\/#primaryimage\"},\"image\":{\"@id\":\"https:\/\/keramamueblesdejardin.com\/pt-pt\/salas-de-jantar-ao-ar-livre\/cadeiras-de-jardim\/poltrona-director-jardim-vegetal-tecido-cola-madeira-clara-cor-java-luz\/#primaryimage\"},\"thumbnailUrl\":\"https:\/\/keramamueblesdejardin.com\/wp-content\/uploads\/2022\/09\/L1570009_scaled-1.jpg\",\"datePublished\":\"2022-09-13T13:24:57+00:00\",\"dateModified\":\"2023-08-31T07:06:08+00:00\",\"breadcrumb\":{\"@id\":\"https:\/\/keramamueblesdejardin.com\/pt-pt\/salas-de-jantar-ao-ar-livre\/cadeiras-de-jardim\/poltrona-director-jardim-vegetal-tecido-cola-madeira-clara-cor-java-luz\/#breadcrumb\"},\"inLanguage\":\"pt-PT\",\"potentialAction\":[{\"@type\":\"ReadAction\",\"target\":[\"https:\/\/keramamueblesdejardin.com\/pt-pt\/salas-de-jantar-ao-ar-livre\/cadeiras-de-jardim\/poltrona-director-jardim-vegetal-tecido-cola-madeira-clara-cor-java-luz\/\"]}]},{\"@type\":\"ImageObject\",\"inLanguage\":\"pt-PT\",\"@id\":\"https:\/\/keramamueblesdejardin.com\/pt-pt\/salas-de-jantar-ao-ar-livre\/cadeiras-de-jardim\/poltrona-director-jardim-vegetal-tecido-cola-madeira-clara-cor-java-luz\/#primaryimage\",\"url\":\"https:\/\/keramamueblesdejardin.com\/wp-content\/uploads\/2022\/09\/L1570009_scaled-1.jpg\",\"contentUrl\":\"https:\/\/keramamueblesdejardin.com\/wp-content\/uploads\/2022\/09\/L1570009_scaled-1.jpg\",\"width\":2560,\"height\":1707},{\"@type\":\"BreadcrumbList\",\"@id\":\"https:\/\/keramamueblesdejardin.com\/pt-pt\/salas-de-jantar-ao-ar-livre\/cadeiras-de-jardim\/poltrona-director-jardim-vegetal-tecido-cola-madeira-clara-cor-java-luz\/#breadcrumb\",\"itemListElement\":[{\"@type\":\"ListItem\",\"position\":1,\"name\":\"Home\",\"item\":\"https:\/\/keramamueblesdejardin.com\/pt-pt\/\"},{\"@type\":\"ListItem\",\"position\":2,\"name\":\"Tienda\",\"item\":\"https:\/\/keramamueblesdejardin.com\/pt-pt\/tienda-2\/\"},{\"@type\":\"ListItem\",\"position\":3,\"name\":\"Salas de jantar ao ar livre\",\"item\":\"https:\/\/keramamueblesdejardin.com\/pt-pt\/salas-de-jantar-ao-ar-livre\/\"},{\"@type\":\"ListItem\",\"position\":4,\"name\":\"Cadeiras de jardim\",\"item\":\"https:\/\/keramamueblesdejardin.com\/pt-pt\/salas-de-jantar-ao-ar-livre\/cadeiras-de-jardim\/\"},{\"@type\":\"ListItem\",\"position\":5,\"name\":\"Diretor de jardim de jardim de horta tecido de cola madeira cor de luz &#8211; Java Light\"}]},{\"@type\":\"WebSite\",\"@id\":\"https:\/\/keramamueblesdejardin.com\/pt-pt\/#website\",\"url\":\"https:\/\/keramamueblesdejardin.com\/pt-pt\/\",\"name\":\"Kerama\",\"description\":\"muebles de jard\u00edn\",\"publisher\":{\"@id\":\"https:\/\/keramamueblesdejardin.com\/pt-pt\/#organization\"},\"potentialAction\":[{\"@type\":\"SearchAction\",\"target\":{\"@type\":\"EntryPoint\",\"urlTemplate\":\"https:\/\/keramamueblesdejardin.com\/pt-pt\/?s={search_term_string}\"},\"query-input\":{\"@type\":\"PropertyValueSpecification\",\"valueRequired\":true,\"valueName\":\"search_term_string\"}}],\"inLanguage\":\"pt-PT\"},{\"@type\":\"Organization\",\"@id\":\"https:\/\/keramamueblesdejardin.com\/pt-pt\/#organization\",\"name\":\"kerama\",\"url\":\"https:\/\/keramamueblesdejardin.com\/pt-pt\/\",\"logo\":{\"@type\":\"ImageObject\",\"inLanguage\":\"pt-PT\",\"@id\":\"https:\/\/keramamueblesdejardin.com\/pt-pt\/#\/schema\/logo\/image\/\",\"url\":\"https:\/\/keramamueblesdejardin.com\/wp-content\/uploads\/2020\/12\/k.-scaled.jpg\",\"contentUrl\":\"https:\/\/keramamueblesdejardin.com\/wp-content\/uploads\/2020\/12\/k.-scaled.jpg\",\"width\":2560,\"height\":551,\"caption\":\"kerama\"},\"image\":{\"@id\":\"https:\/\/keramamueblesdejardin.com\/pt-pt\/#\/schema\/logo\/image\/\"},\"sameAs\":[\"https:\/\/www.facebook.com\/Kerama-Muebles-de-Jard\u00edn-106209328312568\/\"]}]}<\/script>\n<!-- \/ Yoast SEO plugin. -->","yoast_head_json":{"title":"Diretor de jardim de jardim de horta tecido de cola madeira cor de luz - Java Light - Kerama","robots":{"index":"index","follow":"follow","max-snippet":"max-snippet:-1","max-image-preview":"max-image-preview:large","max-video-preview":"max-video-preview:-1"},"canonical":"https:\/\/keramamueblesdejardin.com\/pt-pt\/salas-de-jantar-ao-ar-livre\/cadeiras-de-jardim\/poltrona-director-jardim-vegetal-tecido-cola-madeira-clara-cor-java-luz\/","og_locale":"pt_PT","og_type":"article","og_title":"Diretor de jardim de jardim de horta tecido de cola madeira cor de luz - Java Light - Kerama","og_description":"Poltrona de diretor de jardim dobr\u00e1vel feita de madeira de ac\u00e1cia e tecido impresso  O tecido \u00e9 remov\u00edvel e lav\u00e1vel  Feito de madeira de ac\u00e1cia certificada FSC  Ac\u00e1cia de cor clara","og_url":"https:\/\/keramamueblesdejardin.com\/pt-pt\/salas-de-jantar-ao-ar-livre\/cadeiras-de-jardim\/poltrona-director-jardim-vegetal-tecido-cola-madeira-clara-cor-java-luz\/","og_site_name":"Kerama","article_publisher":"https:\/\/www.facebook.com\/Kerama-Muebles-de-Jard%c3%adn-106209328312568\/","article_modified_time":"2023-08-31T07:06:08+00:00","og_image":[{"width":2560,"height":1707,"url":"https:\/\/keramamueblesdejardin.com\/wp-content\/uploads\/2022\/09\/L1570009_scaled-1.jpg","type":"image\/jpeg"}],"twitter_card":"summary_large_image","schema":{"@context":"https:\/\/schema.org","@graph":[{"@type":"WebPage","@id":"https:\/\/keramamueblesdejardin.com\/pt-pt\/salas-de-jantar-ao-ar-livre\/cadeiras-de-jardim\/poltrona-director-jardim-vegetal-tecido-cola-madeira-clara-cor-java-luz\/","url":"https:\/\/keramamueblesdejardin.com\/pt-pt\/salas-de-jantar-ao-ar-livre\/cadeiras-de-jardim\/poltrona-director-jardim-vegetal-tecido-cola-madeira-clara-cor-java-luz\/","name":"Diretor de jardim de jardim de horta tecido de cola madeira cor de luz - Java Light - Kerama","isPartOf":{"@id":"https:\/\/keramamueblesdejardin.com\/pt-pt\/#website"},"primaryImageOfPage":{"@id":"https:\/\/keramamueblesdejardin.com\/pt-pt\/salas-de-jantar-ao-ar-livre\/cadeiras-de-jardim\/poltrona-director-jardim-vegetal-tecido-cola-madeira-clara-cor-java-luz\/#primaryimage"},"image":{"@id":"https:\/\/keramamueblesdejardin.com\/pt-pt\/salas-de-jantar-ao-ar-livre\/cadeiras-de-jardim\/poltrona-director-jardim-vegetal-tecido-cola-madeira-clara-cor-java-luz\/#primaryimage"},"thumbnailUrl":"https:\/\/keramamueblesdejardin.com\/wp-content\/uploads\/2022\/09\/L1570009_scaled-1.jpg","datePublished":"2022-09-13T13:24:57+00:00","dateModified":"2023-08-31T07:06:08+00:00","breadcrumb":{"@id":"https:\/\/keramamueblesdejardin.com\/pt-pt\/salas-de-jantar-ao-ar-livre\/cadeiras-de-jardim\/poltrona-director-jardim-vegetal-tecido-cola-madeira-clara-cor-java-luz\/#breadcrumb"},"inLanguage":"pt-PT","potentialAction":[{"@type":"ReadAction","target":["https:\/\/keramamueblesdejardin.com\/pt-pt\/salas-de-jantar-ao-ar-livre\/cadeiras-de-jardim\/poltrona-director-jardim-vegetal-tecido-cola-madeira-clara-cor-java-luz\/"]}]},{"@type":"ImageObject","inLanguage":"pt-PT","@id":"https:\/\/keramamueblesdejardin.com\/pt-pt\/salas-de-jantar-ao-ar-livre\/cadeiras-de-jardim\/poltrona-director-jardim-vegetal-tecido-cola-madeira-clara-cor-java-luz\/#primaryimage","url":"https:\/\/keramamueblesdejardin.com\/wp-content\/uploads\/2022\/09\/L1570009_scaled-1.jpg","contentUrl":"https:\/\/keramamueblesdejardin.com\/wp-content\/uploads\/2022\/09\/L1570009_scaled-1.jpg","width":2560,"height":1707},{"@type":"BreadcrumbList","@id":"https:\/\/keramamueblesdejardin.com\/pt-pt\/salas-de-jantar-ao-ar-livre\/cadeiras-de-jardim\/poltrona-director-jardim-vegetal-tecido-cola-madeira-clara-cor-java-luz\/#breadcrumb","itemListElement":[{"@type":"ListItem","position":1,"name":"Home","item":"https:\/\/keramamueblesdejardin.com\/pt-pt\/"},{"@type":"ListItem","position":2,"name":"Tienda","item":"https:\/\/keramamueblesdejardin.com\/pt-pt\/tienda-2\/"},{"@type":"ListItem","position":3,"name":"Salas de jantar ao ar livre","item":"https:\/\/keramamueblesdejardin.com\/pt-pt\/salas-de-jantar-ao-ar-livre\/"},{"@type":"ListItem","position":4,"name":"Cadeiras de jardim","item":"https:\/\/keramamueblesdejardin.com\/pt-pt\/salas-de-jantar-ao-ar-livre\/cadeiras-de-jardim\/"},{"@type":"ListItem","position":5,"name":"Diretor de jardim de jardim de horta tecido de cola madeira cor de luz &#8211; Java Light"}]},{"@type":"WebSite","@id":"https:\/\/keramamueblesdejardin.com\/pt-pt\/#website","url":"https:\/\/keramamueblesdejardin.com\/pt-pt\/","name":"Kerama","description":"muebles de jard\u00edn","publisher":{"@id":"https:\/\/keramamueblesdejardin.com\/pt-pt\/#organization"},"potentialAction":[{"@type":"SearchAction","target":{"@type":"EntryPoint","urlTemplate":"https:\/\/keramamueblesdejardin.com\/pt-pt\/?s={search_term_string}"},"query-input":{"@type":"PropertyValueSpecification","valueRequired":true,"valueName":"search_term_string"}}],"inLanguage":"pt-PT"},{"@type":"Organization","@id":"https:\/\/keramamueblesdejardin.com\/pt-pt\/#organization","name":"kerama","url":"https:\/\/keramamueblesdejardin.com\/pt-pt\/","logo":{"@type":"ImageObject","inLanguage":"pt-PT","@id":"https:\/\/keramamueblesdejardin.com\/pt-pt\/#\/schema\/logo\/image\/","url":"https:\/\/keramamueblesdejardin.com\/wp-content\/uploads\/2020\/12\/k.-scaled.jpg","contentUrl":"https:\/\/keramamueblesdejardin.com\/wp-content\/uploads\/2020\/12\/k.-scaled.jpg","width":2560,"height":551,"caption":"kerama"},"image":{"@id":"https:\/\/keramamueblesdejardin.com\/pt-pt\/#\/schema\/logo\/image\/"},"sameAs":["https:\/\/www.facebook.com\/Kerama-Muebles-de-Jard\u00edn-106209328312568\/"]}]}},"df_price":89,"df_sale_price":89,"df_regular_price":114,"df_image_link":"https:\/\/keramamueblesdejardin.com\/wp-content\/uploads\/2022\/09\/L1570009_scaled-1-300x200.jpg","custom_tabs":[],"_links":{"self":[{"href":"https:\/\/keramamueblesdejardin.com\/pt-pt\/wp-json\/wp\/v2\/product\/77181","targetHints":{"allow":["GET"]}}],"collection":[{"href":"https:\/\/keramamueblesdejardin.com\/pt-pt\/wp-json\/wp\/v2\/product"}],"about":[{"href":"https:\/\/keramamueblesdejardin.com\/pt-pt\/wp-json\/wp\/v2\/types\/product"}],"replies":[{"embeddable":true,"href":"https:\/\/keramamueblesdejardin.com\/pt-pt\/wp-json\/wp\/v2\/comments?post=77181"}],"wp:featuredmedia":[{"embeddable":true,"href":"https:\/\/keramamueblesdejardin.com\/pt-pt\/wp-json\/wp\/v2\/media\/63036"}],"wp:attachment":[{"href":"https:\/\/keramamueblesdejardin.com\/pt-pt\/wp-json\/wp\/v2\/media?parent=77181"}],"wp:term":[{"taxonomy":"product_brand","embeddable":true,"href":"https:\/\/keramamueblesdejardin.com\/pt-pt\/wp-json\/wp\/v2\/product_brand?post=77181"},{"taxonomy":"product_cat","embeddable":true,"href":"https:\/\/keramamueblesdejardin.com\/pt-pt\/wp-json\/wp\/v2\/product_cat?post=77181"},{"taxonomy":"product_tag","embeddable":true,"href":"https:\/\/keramamueblesdejardin.com\/pt-pt\/wp-json\/wp\/v2\/product_tag?post=77181"}],"curies":[{"name":"wp","href":"https:\/\/api.w.org\/{rel}","templated":true}]}}