{"id":77113,"date":"2022-07-22T10:02:34","date_gmt":"2022-07-22T08:02:34","guid":{"rendered":"https:\/\/keramamueblesdejardin.com\/sem%20categoria\/estrutura-de-guarda-sol-excentrico-tecido-antracite-3m-round-milao\/"},"modified":"2023-08-29T13:16:02","modified_gmt":"2023-08-29T11:16:02","slug":"guarda-sol-suspenso-estrutura-antracite-fabric-antracite-3m-round-milan","status":"publish","type":"product","link":"https:\/\/keramamueblesdejardin.com\/pt-pt\/guarda-sois-e-pergulas\/guarda-sois-guarda-sois-e-pergulas\/guarda-sol-suspenso-estrutura-antracite-fabric-antracite-3m-round-milan\/","title":{"rendered":"Estrutura de guarda-sol exc\u00eantrico tecido antracite 3m round &#8211; Mil\u00e3o"},"content":{"rendered":"<p>O exc\u00eantrico guarda-sol redondo de Mil\u00e3o 3m sem saia exterior para jardim ou terra\u00e7o, tem um mastro lateral muito robusto feito de alum\u00ednio antracite. O tecido tem um acabamento antracite agrad\u00e1vel, que \u00e9 repelente de \u00e1gua, \u00e0 prova de manchas e tamb\u00e9m inclui uma ventila\u00e7\u00e3o.<\/p>\n<p>Pode ser rodado 360 graus e \u00e9 inclinado em altura, o que lhe permite escolher a orienta\u00e7\u00e3o mais conveniente e tem uma manivela que lhe permite abrir e fechar o guarda-sol muito simplesmente.<\/p>\n<p>O exc\u00eantrico guarda-sol de Mil\u00e3o tem uma estrutura resistente com um total de 8 hastes e um design elegante que o torna ideal para formar um conjunto de jardim ou terra\u00e7o que voc\u00ea quer manter durante todo o ano.<\/p>\n<ul>\n<li>Mastro de alum\u00ednio e varas<\/li>\n<li>Tecido 100% poli\u00e9ster<\/li>\n<li>Utiliza\u00e7\u00e3o: exterior<\/li>\n<li>Altura m\u00e1xima: 2.40m<\/li>\n<li>Rota\u00e7\u00e3o 360\u00ba<\/li>\n<li>Inclina\u00e7\u00e3o em altura: Sim<\/li>\n<li>Remov\u00edvel: Sim<\/li>\n<li>Repelente de \u00e1gua: Sim<\/li>\n<li>Anti manchas; Sim<\/li>\n<li>Tecido com lareira: Sim<\/li>\n<li>Com saia: N\u00e3o<\/li>\n<li>Abertura \/ Fecho com manivela: Sim<\/li>\n<li>Peso do produto: 25 kg<\/li>\n<li>Dimens\u00e3o do mastro: 50 x 67mm<\/li>\n<li>Dimens\u00e3o da haste: 13 x 22mm<\/li>\n<li>N\u00famero de varas: 8<\/li>\n<li>Requer uma montagem de baixa dificuldade<\/li>\n<li>Tamp\u00f5es de pl\u00e1stico nas pernas para proteger o ch\u00e3o<\/li>\n<\/ul>\n","protected":false},"excerpt":{"rendered":"<p>O exc\u00eantrico guarda-sol redondo de Mil\u00e3o 3m sem saia exterior para jardim ou terra\u00e7o, tem um mastro lateral muito robusto feito de alum\u00ednio antracite. O tecido tem um acabamento antracite agrad\u00e1vel, que \u00e9 repelente de \u00e1gua, \u00e0 prova de manchas e tamb\u00e9m inclui uma ventila\u00e7\u00e3o.<\/p>\n<p>Pode ser rodado 360 graus e \u00e9 inclinado em altura, o que lhe permite escolher a orienta\u00e7\u00e3o mais conveniente e tem uma manivela que lhe permite abrir e fechar o guarda-sol muito simplesmente.<\/p>\n<p>O exc\u00eantrico guarda-sol de Mil\u00e3o tem uma estrutura resistente com um total de 8 hastes e um design elegante que o torna ideal para formar um conjunto de jardim ou terra\u00e7o que voc\u00ea quer manter durante todo o ano.<\/p>\n","protected":false},"featured_media":35398,"comment_status":"closed","ping_status":"open","template":"","meta":{"_acf_changed":false},"product_brand":[],"product_cat":[431,424],"product_tag":[426,427,447],"class_list":{"0":"post-77113","1":"product","2":"type-product","3":"status-publish","4":"has-post-thumbnail","6":"product_cat-guarda-sois-guarda-sois-e-pergulas","7":"product_cat-guarda-sois-e-pergulas","8":"product_tag-aluminio-pt-pt","9":"product_tag-espacos-amplos","10":"product_tag-milao","11":"product_shipping_class-envio-gratuito-pt-pt","12":"pa_forma-redondo-pt-pt-2","13":"pa_material-aluminio-pt-pt","14":"pa_material-poliester-pt-pt","16":"first","17":"instock","18":"sale","19":"purchasable","20":"product-type-simple","21":"add-to-wishlist-before_image"},"acf":[],"yoast_head":"<!-- This site is optimized with the Yoast SEO plugin v27.2 - https:\/\/yoast.com\/product\/yoast-seo-wordpress\/ -->\n<title>Estrutura de guarda-sol exc\u00eantrico tecido antracite 3m round - Mil\u00e3o - Kerama<\/title>\n<meta name=\"robots\" content=\"index, follow, max-snippet:-1, max-image-preview:large, max-video-preview:-1\" \/>\n<link rel=\"canonical\" href=\"https:\/\/keramamueblesdejardin.com\/pt-pt\/guarda-sois-e-pergulas\/guarda-sois-guarda-sois-e-pergulas\/guarda-sol-suspenso-estrutura-antracite-fabric-antracite-3m-round-milan\/\" \/>\n<meta property=\"og:locale\" content=\"pt_PT\" \/>\n<meta property=\"og:type\" content=\"article\" \/>\n<meta property=\"og:title\" content=\"Estrutura de guarda-sol exc\u00eantrico tecido antracite 3m round - Mil\u00e3o - Kerama\" \/>\n<meta property=\"og:description\" content=\"O exc\u00eantrico guarda-sol redondo de Mil\u00e3o 3m sem saia exterior para jardim ou terra\u00e7o, tem um mastro lateral muito robusto feito de alum\u00ednio antracite. O tecido tem um acabamento antracite agrad\u00e1vel, que \u00e9 repelente de \u00e1gua, \u00e0 prova de manchas e tamb\u00e9m inclui uma ventila\u00e7\u00e3o. Pode ser rodado 360 graus e \u00e9 inclinado em altura, o que lhe permite escolher a orienta\u00e7\u00e3o mais conveniente e tem uma manivela que lhe permite abrir e fechar o guarda-sol muito simplesmente. O exc\u00eantrico guarda-sol de Mil\u00e3o tem uma estrutura resistente com um total de 8 hastes e um design elegante que o torna ideal para formar um conjunto de jardim ou terra\u00e7o que voc\u00ea quer manter durante todo o ano.\" \/>\n<meta property=\"og:url\" content=\"https:\/\/keramamueblesdejardin.com\/pt-pt\/guarda-sois-e-pergulas\/guarda-sois-guarda-sois-e-pergulas\/guarda-sol-suspenso-estrutura-antracite-fabric-antracite-3m-round-milan\/\" \/>\n<meta property=\"og:site_name\" content=\"Kerama\" \/>\n<meta property=\"article:publisher\" content=\"https:\/\/www.facebook.com\/Kerama-Muebles-de-Jard%c3%adn-106209328312568\/\" \/>\n<meta property=\"article:modified_time\" content=\"2023-08-29T11:16:02+00:00\" \/>\n<meta property=\"og:image\" content=\"https:\/\/keramamueblesdejardin.com\/wp-content\/uploads\/2022\/07\/L1530781-scaled.jpg\" \/>\n\t<meta property=\"og:image:width\" content=\"2560\" \/>\n\t<meta property=\"og:image:height\" content=\"1707\" \/>\n\t<meta property=\"og:image:type\" content=\"image\/jpeg\" \/>\n<meta name=\"twitter:card\" content=\"summary_large_image\" \/>\n<meta name=\"twitter:label1\" content=\"Tempo estimado de leitura\" \/>\n\t<meta name=\"twitter:data1\" content=\"1 minuto\" \/>\n<script type=\"application\/ld+json\" class=\"yoast-schema-graph\">{\"@context\":\"https:\/\/schema.org\",\"@graph\":[{\"@type\":\"WebPage\",\"@id\":\"https:\/\/keramamueblesdejardin.com\/pt-pt\/guarda-sois-e-pergulas\/guarda-sois-guarda-sois-e-pergulas\/guarda-sol-suspenso-estrutura-antracite-fabric-antracite-3m-round-milan\/\",\"url\":\"https:\/\/keramamueblesdejardin.com\/pt-pt\/guarda-sois-e-pergulas\/guarda-sois-guarda-sois-e-pergulas\/guarda-sol-suspenso-estrutura-antracite-fabric-antracite-3m-round-milan\/\",\"name\":\"Estrutura de guarda-sol exc\u00eantrico tecido antracite 3m round - Mil\u00e3o - Kerama\",\"isPartOf\":{\"@id\":\"https:\/\/keramamueblesdejardin.com\/pt-pt\/#website\"},\"primaryImageOfPage\":{\"@id\":\"https:\/\/keramamueblesdejardin.com\/pt-pt\/guarda-sois-e-pergulas\/guarda-sois-guarda-sois-e-pergulas\/guarda-sol-suspenso-estrutura-antracite-fabric-antracite-3m-round-milan\/#primaryimage\"},\"image\":{\"@id\":\"https:\/\/keramamueblesdejardin.com\/pt-pt\/guarda-sois-e-pergulas\/guarda-sois-guarda-sois-e-pergulas\/guarda-sol-suspenso-estrutura-antracite-fabric-antracite-3m-round-milan\/#primaryimage\"},\"thumbnailUrl\":\"https:\/\/keramamueblesdejardin.com\/wp-content\/uploads\/2022\/07\/L1530781-scaled.jpg\",\"datePublished\":\"2022-07-22T08:02:34+00:00\",\"dateModified\":\"2023-08-29T11:16:02+00:00\",\"breadcrumb\":{\"@id\":\"https:\/\/keramamueblesdejardin.com\/pt-pt\/guarda-sois-e-pergulas\/guarda-sois-guarda-sois-e-pergulas\/guarda-sol-suspenso-estrutura-antracite-fabric-antracite-3m-round-milan\/#breadcrumb\"},\"inLanguage\":\"pt-PT\",\"potentialAction\":[{\"@type\":\"ReadAction\",\"target\":[\"https:\/\/keramamueblesdejardin.com\/pt-pt\/guarda-sois-e-pergulas\/guarda-sois-guarda-sois-e-pergulas\/guarda-sol-suspenso-estrutura-antracite-fabric-antracite-3m-round-milan\/\"]}]},{\"@type\":\"ImageObject\",\"inLanguage\":\"pt-PT\",\"@id\":\"https:\/\/keramamueblesdejardin.com\/pt-pt\/guarda-sois-e-pergulas\/guarda-sois-guarda-sois-e-pergulas\/guarda-sol-suspenso-estrutura-antracite-fabric-antracite-3m-round-milan\/#primaryimage\",\"url\":\"https:\/\/keramamueblesdejardin.com\/wp-content\/uploads\/2022\/07\/L1530781-scaled.jpg\",\"contentUrl\":\"https:\/\/keramamueblesdejardin.com\/wp-content\/uploads\/2022\/07\/L1530781-scaled.jpg\",\"width\":2560,\"height\":1707},{\"@type\":\"BreadcrumbList\",\"@id\":\"https:\/\/keramamueblesdejardin.com\/pt-pt\/guarda-sois-e-pergulas\/guarda-sois-guarda-sois-e-pergulas\/guarda-sol-suspenso-estrutura-antracite-fabric-antracite-3m-round-milan\/#breadcrumb\",\"itemListElement\":[{\"@type\":\"ListItem\",\"position\":1,\"name\":\"Home\",\"item\":\"https:\/\/keramamueblesdejardin.com\/pt-pt\/\"},{\"@type\":\"ListItem\",\"position\":2,\"name\":\"Tienda\",\"item\":\"https:\/\/keramamueblesdejardin.com\/pt-pt\/tienda-2\/\"},{\"@type\":\"ListItem\",\"position\":3,\"name\":\"Guarda-s\u00f3is e p\u00e9rgulas\",\"item\":\"https:\/\/keramamueblesdejardin.com\/pt-pt\/guarda-sois-e-pergulas\/\"},{\"@type\":\"ListItem\",\"position\":4,\"name\":\"Guarda-s\u00f3is\",\"item\":\"https:\/\/keramamueblesdejardin.com\/pt-pt\/guarda-sois-e-pergulas\/guarda-sois-guarda-sois-e-pergulas\/\"},{\"@type\":\"ListItem\",\"position\":5,\"name\":\"Estrutura de guarda-sol exc\u00eantrico tecido antracite 3m round &#8211; Mil\u00e3o\"}]},{\"@type\":\"WebSite\",\"@id\":\"https:\/\/keramamueblesdejardin.com\/pt-pt\/#website\",\"url\":\"https:\/\/keramamueblesdejardin.com\/pt-pt\/\",\"name\":\"Kerama\",\"description\":\"muebles de jard\u00edn\",\"publisher\":{\"@id\":\"https:\/\/keramamueblesdejardin.com\/pt-pt\/#organization\"},\"potentialAction\":[{\"@type\":\"SearchAction\",\"target\":{\"@type\":\"EntryPoint\",\"urlTemplate\":\"https:\/\/keramamueblesdejardin.com\/pt-pt\/?s={search_term_string}\"},\"query-input\":{\"@type\":\"PropertyValueSpecification\",\"valueRequired\":true,\"valueName\":\"search_term_string\"}}],\"inLanguage\":\"pt-PT\"},{\"@type\":\"Organization\",\"@id\":\"https:\/\/keramamueblesdejardin.com\/pt-pt\/#organization\",\"name\":\"kerama\",\"url\":\"https:\/\/keramamueblesdejardin.com\/pt-pt\/\",\"logo\":{\"@type\":\"ImageObject\",\"inLanguage\":\"pt-PT\",\"@id\":\"https:\/\/keramamueblesdejardin.com\/pt-pt\/#\/schema\/logo\/image\/\",\"url\":\"https:\/\/keramamueblesdejardin.com\/wp-content\/uploads\/2020\/12\/k.-scaled.jpg\",\"contentUrl\":\"https:\/\/keramamueblesdejardin.com\/wp-content\/uploads\/2020\/12\/k.-scaled.jpg\",\"width\":2560,\"height\":551,\"caption\":\"kerama\"},\"image\":{\"@id\":\"https:\/\/keramamueblesdejardin.com\/pt-pt\/#\/schema\/logo\/image\/\"},\"sameAs\":[\"https:\/\/www.facebook.com\/Kerama-Muebles-de-Jard\u00edn-106209328312568\/\"]}]}<\/script>\n<!-- \/ Yoast SEO plugin. -->","yoast_head_json":{"title":"Estrutura de guarda-sol exc\u00eantrico tecido antracite 3m round - Mil\u00e3o - Kerama","robots":{"index":"index","follow":"follow","max-snippet":"max-snippet:-1","max-image-preview":"max-image-preview:large","max-video-preview":"max-video-preview:-1"},"canonical":"https:\/\/keramamueblesdejardin.com\/pt-pt\/guarda-sois-e-pergulas\/guarda-sois-guarda-sois-e-pergulas\/guarda-sol-suspenso-estrutura-antracite-fabric-antracite-3m-round-milan\/","og_locale":"pt_PT","og_type":"article","og_title":"Estrutura de guarda-sol exc\u00eantrico tecido antracite 3m round - Mil\u00e3o - Kerama","og_description":"O exc\u00eantrico guarda-sol redondo de Mil\u00e3o 3m sem saia exterior para jardim ou terra\u00e7o, tem um mastro lateral muito robusto feito de alum\u00ednio antracite. O tecido tem um acabamento antracite agrad\u00e1vel, que \u00e9 repelente de \u00e1gua, \u00e0 prova de manchas e tamb\u00e9m inclui uma ventila\u00e7\u00e3o. Pode ser rodado 360 graus e \u00e9 inclinado em altura, o que lhe permite escolher a orienta\u00e7\u00e3o mais conveniente e tem uma manivela que lhe permite abrir e fechar o guarda-sol muito simplesmente. O exc\u00eantrico guarda-sol de Mil\u00e3o tem uma estrutura resistente com um total de 8 hastes e um design elegante que o torna ideal para formar um conjunto de jardim ou terra\u00e7o que voc\u00ea quer manter durante todo o ano.","og_url":"https:\/\/keramamueblesdejardin.com\/pt-pt\/guarda-sois-e-pergulas\/guarda-sois-guarda-sois-e-pergulas\/guarda-sol-suspenso-estrutura-antracite-fabric-antracite-3m-round-milan\/","og_site_name":"Kerama","article_publisher":"https:\/\/www.facebook.com\/Kerama-Muebles-de-Jard%c3%adn-106209328312568\/","article_modified_time":"2023-08-29T11:16:02+00:00","og_image":[{"width":2560,"height":1707,"url":"https:\/\/keramamueblesdejardin.com\/wp-content\/uploads\/2022\/07\/L1530781-scaled.jpg","type":"image\/jpeg"}],"twitter_card":"summary_large_image","twitter_misc":{"Tempo estimado de leitura":"1 minuto"},"schema":{"@context":"https:\/\/schema.org","@graph":[{"@type":"WebPage","@id":"https:\/\/keramamueblesdejardin.com\/pt-pt\/guarda-sois-e-pergulas\/guarda-sois-guarda-sois-e-pergulas\/guarda-sol-suspenso-estrutura-antracite-fabric-antracite-3m-round-milan\/","url":"https:\/\/keramamueblesdejardin.com\/pt-pt\/guarda-sois-e-pergulas\/guarda-sois-guarda-sois-e-pergulas\/guarda-sol-suspenso-estrutura-antracite-fabric-antracite-3m-round-milan\/","name":"Estrutura de guarda-sol exc\u00eantrico tecido antracite 3m round - Mil\u00e3o - Kerama","isPartOf":{"@id":"https:\/\/keramamueblesdejardin.com\/pt-pt\/#website"},"primaryImageOfPage":{"@id":"https:\/\/keramamueblesdejardin.com\/pt-pt\/guarda-sois-e-pergulas\/guarda-sois-guarda-sois-e-pergulas\/guarda-sol-suspenso-estrutura-antracite-fabric-antracite-3m-round-milan\/#primaryimage"},"image":{"@id":"https:\/\/keramamueblesdejardin.com\/pt-pt\/guarda-sois-e-pergulas\/guarda-sois-guarda-sois-e-pergulas\/guarda-sol-suspenso-estrutura-antracite-fabric-antracite-3m-round-milan\/#primaryimage"},"thumbnailUrl":"https:\/\/keramamueblesdejardin.com\/wp-content\/uploads\/2022\/07\/L1530781-scaled.jpg","datePublished":"2022-07-22T08:02:34+00:00","dateModified":"2023-08-29T11:16:02+00:00","breadcrumb":{"@id":"https:\/\/keramamueblesdejardin.com\/pt-pt\/guarda-sois-e-pergulas\/guarda-sois-guarda-sois-e-pergulas\/guarda-sol-suspenso-estrutura-antracite-fabric-antracite-3m-round-milan\/#breadcrumb"},"inLanguage":"pt-PT","potentialAction":[{"@type":"ReadAction","target":["https:\/\/keramamueblesdejardin.com\/pt-pt\/guarda-sois-e-pergulas\/guarda-sois-guarda-sois-e-pergulas\/guarda-sol-suspenso-estrutura-antracite-fabric-antracite-3m-round-milan\/"]}]},{"@type":"ImageObject","inLanguage":"pt-PT","@id":"https:\/\/keramamueblesdejardin.com\/pt-pt\/guarda-sois-e-pergulas\/guarda-sois-guarda-sois-e-pergulas\/guarda-sol-suspenso-estrutura-antracite-fabric-antracite-3m-round-milan\/#primaryimage","url":"https:\/\/keramamueblesdejardin.com\/wp-content\/uploads\/2022\/07\/L1530781-scaled.jpg","contentUrl":"https:\/\/keramamueblesdejardin.com\/wp-content\/uploads\/2022\/07\/L1530781-scaled.jpg","width":2560,"height":1707},{"@type":"BreadcrumbList","@id":"https:\/\/keramamueblesdejardin.com\/pt-pt\/guarda-sois-e-pergulas\/guarda-sois-guarda-sois-e-pergulas\/guarda-sol-suspenso-estrutura-antracite-fabric-antracite-3m-round-milan\/#breadcrumb","itemListElement":[{"@type":"ListItem","position":1,"name":"Home","item":"https:\/\/keramamueblesdejardin.com\/pt-pt\/"},{"@type":"ListItem","position":2,"name":"Tienda","item":"https:\/\/keramamueblesdejardin.com\/pt-pt\/tienda-2\/"},{"@type":"ListItem","position":3,"name":"Guarda-s\u00f3is e p\u00e9rgulas","item":"https:\/\/keramamueblesdejardin.com\/pt-pt\/guarda-sois-e-pergulas\/"},{"@type":"ListItem","position":4,"name":"Guarda-s\u00f3is","item":"https:\/\/keramamueblesdejardin.com\/pt-pt\/guarda-sois-e-pergulas\/guarda-sois-guarda-sois-e-pergulas\/"},{"@type":"ListItem","position":5,"name":"Estrutura de guarda-sol exc\u00eantrico tecido antracite 3m round &#8211; Mil\u00e3o"}]},{"@type":"WebSite","@id":"https:\/\/keramamueblesdejardin.com\/pt-pt\/#website","url":"https:\/\/keramamueblesdejardin.com\/pt-pt\/","name":"Kerama","description":"muebles de jard\u00edn","publisher":{"@id":"https:\/\/keramamueblesdejardin.com\/pt-pt\/#organization"},"potentialAction":[{"@type":"SearchAction","target":{"@type":"EntryPoint","urlTemplate":"https:\/\/keramamueblesdejardin.com\/pt-pt\/?s={search_term_string}"},"query-input":{"@type":"PropertyValueSpecification","valueRequired":true,"valueName":"search_term_string"}}],"inLanguage":"pt-PT"},{"@type":"Organization","@id":"https:\/\/keramamueblesdejardin.com\/pt-pt\/#organization","name":"kerama","url":"https:\/\/keramamueblesdejardin.com\/pt-pt\/","logo":{"@type":"ImageObject","inLanguage":"pt-PT","@id":"https:\/\/keramamueblesdejardin.com\/pt-pt\/#\/schema\/logo\/image\/","url":"https:\/\/keramamueblesdejardin.com\/wp-content\/uploads\/2020\/12\/k.-scaled.jpg","contentUrl":"https:\/\/keramamueblesdejardin.com\/wp-content\/uploads\/2020\/12\/k.-scaled.jpg","width":2560,"height":551,"caption":"kerama"},"image":{"@id":"https:\/\/keramamueblesdejardin.com\/pt-pt\/#\/schema\/logo\/image\/"},"sameAs":["https:\/\/www.facebook.com\/Kerama-Muebles-de-Jard\u00edn-106209328312568\/"]}]}},"df_price":319,"df_sale_price":319,"df_regular_price":397,"df_image_link":"https:\/\/keramamueblesdejardin.com\/wp-content\/uploads\/2022\/07\/L1530781-300x200.jpg","custom_tabs":[{"title":"MEDI\u00c7\u00c3O","id":"medi\u00e7\u00e3o","content":"<div class=\"list\">\n<div class=\"list\"><strong>Altura: <\/strong>240cm<\/div>\n<div class=\"list\"><strong>Largura: <\/strong>250 x 250cm<\/div>\n<div>Dimens\u00e3o do mastro: 50 x 67mm<\/div>\n<div><strong>Dimens\u00e3o da haste:<\/strong> 13 x 22mm<\/div>\n<div>N\u00famero de varas: 8<\/div>\n<div class=\"list\"><strong>Peso do produto: <\/strong>25kg<\/div>\n<\/div>"},{"title":"MANUTEN\u00c7\u00c3O E GARANTIAS","id":"manutencao-e-garantias","content":"<div class=\"moz-signature\">\n<div class=\"list\"><strong>Recomenda\u00e7\u00f5es gerais:<\/strong>\n\u2022 Avarias ou danos causados por:\n\u2022 Causas acidentais como quedas, golpes, derrame de l\u00edquidos, introdu\u00e7\u00e3o de corpos estranhos, bem como qualquer outro caso de for\u00e7a maior.\n\u2022 Utiliza\u00e7\u00e3o negligente, impr\u00f3pria ou n\u00e3o dom\u00e9stica.\n\u2022 Danos, corros\u00e3o e\/ou oxida\u00e7\u00e3o acelerados por condi\u00e7\u00f5es ambientais adversas\n\u2022 Manchas e descolora\u00e7\u00f5es devido ao n\u00e3o respeito dos nossos slogans de limpeza\n\u2022 Os danos ocorreram durante a montagem e o manuseamento sem ter seguido as instru\u00e7\u00f5es de montagem indicadas.\n<strong>Instru\u00e7\u00f5es de utiliza\u00e7\u00e3o e manuten\u00e7\u00e3o:<\/strong>\n\u2022 Limpe com a ajuda de um pano suavemente ou utilize um sab\u00e3o l\u00edquido neutro, enxaguando com muita \u00e1gua.\n\u2022 Retire regularmente o p\u00f3 com a ajuda de um pano macio e \u00e1gua l\u00edmpia.\n\u2022 N\u00e3o utilize detergentes ou produtos abrasivos para a limpeza.\n<strong>Anos de garantia:<\/strong> 3 anos\n<strong>Fabricado de acordo com a Norma:<\/strong> 581-1.581-2.581-3<\/div>\n<\/div>"}],"_links":{"self":[{"href":"https:\/\/keramamueblesdejardin.com\/pt-pt\/wp-json\/wp\/v2\/product\/77113","targetHints":{"allow":["GET"]}}],"collection":[{"href":"https:\/\/keramamueblesdejardin.com\/pt-pt\/wp-json\/wp\/v2\/product"}],"about":[{"href":"https:\/\/keramamueblesdejardin.com\/pt-pt\/wp-json\/wp\/v2\/types\/product"}],"replies":[{"embeddable":true,"href":"https:\/\/keramamueblesdejardin.com\/pt-pt\/wp-json\/wp\/v2\/comments?post=77113"}],"wp:featuredmedia":[{"embeddable":true,"href":"https:\/\/keramamueblesdejardin.com\/pt-pt\/wp-json\/wp\/v2\/media\/35398"}],"wp:attachment":[{"href":"https:\/\/keramamueblesdejardin.com\/pt-pt\/wp-json\/wp\/v2\/media?parent=77113"}],"wp:term":[{"taxonomy":"product_brand","embeddable":true,"href":"https:\/\/keramamueblesdejardin.com\/pt-pt\/wp-json\/wp\/v2\/product_brand?post=77113"},{"taxonomy":"product_cat","embeddable":true,"href":"https:\/\/keramamueblesdejardin.com\/pt-pt\/wp-json\/wp\/v2\/product_cat?post=77113"},{"taxonomy":"product_tag","embeddable":true,"href":"https:\/\/keramamueblesdejardin.com\/pt-pt\/wp-json\/wp\/v2\/product_tag?post=77113"}],"curies":[{"name":"wp","href":"https:\/\/api.w.org\/{rel}","templated":true}]}}