{"id":33404,"date":"2021-10-14T17:44:45","date_gmt":"2021-10-14T15:44:45","guid":{"rendered":"https:\/\/keramamueblesdejardin.com\/sem%20categoria\/capa-de-mobiliario-de-jardim-pilha-80x80x120-jeans-azuis-jeans-protech\/"},"modified":"2023-08-29T14:19:00","modified_gmt":"2023-08-29T12:19:00","slug":"capa-para-jardim-mobiliario-stack-cadeiras-80x80x120-jeans-jeans-jeans-protech","status":"publish","type":"product","link":"https:\/\/keramamueblesdejardin.com\/pt-pt\/acessorios-ao-ar-livre\/capas-de-moveis-de-jardim\/capa-para-jardim-mobiliario-stack-cadeiras-80x80x120-jeans-jeans-jeans-protech\/","title":{"rendered":"Capa de mobili\u00e1rio de jardim pilha 80x80x120 jeans azuis (jeans) &#8211; Protech"},"content":{"rendered":"<p>Capa para mobili\u00e1rio de jardim de 80x80x120cm ideal para pilhas de cadeiras. O tecido utilizado \u00e9 de qualidade superior (acr\u00edlico em massa) que tem um tratamento laminado que o torna resistente ao clima, bem como \u00e0 prova de \u00e1gua. Inclui tiras de velcro para caber na mob\u00edlia. Recomendamos sempre colocar um objeto debaixo da tampa para que a superf\u00edcie da tampa seja sempre levantada e assim evitar a cria\u00e7\u00e3o de sacos de \u00e1gua se chover. Al\u00e9m disso, recomendamos tamb\u00e9m que o mobili\u00e1rio n\u00e3o esteja coberto na sua totalidade, de forma a permitir que o mobili\u00e1rio coberto transpire. Jeans azuis de cor (jeans)<\/p>\n","protected":false},"excerpt":{"rendered":"<ul>\n<li>Capa para mobili\u00e1rio de jardim de 80x80x120cm ideal para pilhas de cadeiras<\/li>\n<li>Tecido usado \u00e9 de qualidade superior acr\u00edlico tingido em jeans azuis de cor de massa (jeans)<\/li>\n<li>\u00c0 prova de tempo e \u00e0 prova de \u00e1gua gra\u00e7as ao interior plasti\u00e3o<\/li>\n<\/ul>\n","protected":false},"featured_media":31336,"comment_status":"closed","ping_status":"open","template":"","meta":{"_acf_changed":false},"product_brand":[],"product_cat":[415,526],"product_tag":[533,528,532,531,529],"class_list":{"0":"post-33404","1":"product","2":"type-product","3":"status-publish","4":"has-post-thumbnail","6":"product_cat-acessorios-ao-ar-livre","7":"product_cat-capas-de-moveis-de-jardim","8":"product_tag-acrilico-pt-pt","9":"product_tag-capas-pt-pt","10":"product_tag-gabardina","11":"product_tag-mobiliario","12":"product_tag-protecao","13":"product_shipping_class-envio-gratuito-pt-pt","14":"pa_caracteristicas-resistente-a-agua","15":"pa_coleccion-protech-pt-pt","16":"pa_material-tela-pt-pt","18":"first","19":"outofstock","20":"sale","21":"purchasable","22":"product-type-simple","23":"add-to-wishlist-before_image"},"acf":[],"yoast_head":"<!-- This site is optimized with the Yoast SEO plugin v27.2 - https:\/\/yoast.com\/product\/yoast-seo-wordpress\/ -->\n<title>Capa de mobili\u00e1rio de jardim pilha 80x80x120 jeans azuis (jeans) - Protech - Kerama<\/title>\n<meta name=\"robots\" content=\"index, follow, max-snippet:-1, max-image-preview:large, max-video-preview:-1\" \/>\n<link rel=\"canonical\" href=\"https:\/\/keramamueblesdejardin.com\/pt-pt\/acessorios-ao-ar-livre\/capas-de-moveis-de-jardim\/capa-para-jardim-mobiliario-stack-cadeiras-80x80x120-jeans-jeans-jeans-protech\/\" \/>\n<meta property=\"og:locale\" content=\"pt_PT\" \/>\n<meta property=\"og:type\" content=\"article\" \/>\n<meta property=\"og:title\" content=\"Capa de mobili\u00e1rio de jardim pilha 80x80x120 jeans azuis (jeans) - Protech - Kerama\" \/>\n<meta property=\"og:description\" content=\"Capa para mobili\u00e1rio de jardim de 80x80x120cm ideal para pilhas de cadeiras  Tecido usado \u00e9 de qualidade superior acr\u00edlico tingido em jeans azuis de cor de massa (jeans)  \u00c0 prova de tempo e \u00e0 prova de \u00e1gua gra\u00e7as ao interior plasti\u00e3o\" \/>\n<meta property=\"og:url\" content=\"https:\/\/keramamueblesdejardin.com\/pt-pt\/acessorios-ao-ar-livre\/capas-de-moveis-de-jardim\/capa-para-jardim-mobiliario-stack-cadeiras-80x80x120-jeans-jeans-jeans-protech\/\" \/>\n<meta property=\"og:site_name\" content=\"Kerama\" \/>\n<meta property=\"article:publisher\" content=\"https:\/\/www.facebook.com\/Kerama-Muebles-de-Jard%c3%adn-106209328312568\/\" \/>\n<meta property=\"article:modified_time\" content=\"2023-08-29T12:19:00+00:00\" \/>\n<meta property=\"og:image\" content=\"https:\/\/keramamueblesdejardin.com\/wp-content\/uploads\/2021\/10\/KMJ21364_01-1-scaled.jpg\" \/>\n\t<meta property=\"og:image:width\" content=\"2560\" \/>\n\t<meta property=\"og:image:height\" content=\"2560\" \/>\n\t<meta property=\"og:image:type\" content=\"image\/jpeg\" \/>\n<meta name=\"twitter:card\" content=\"summary_large_image\" \/>\n<meta name=\"twitter:label1\" content=\"Tempo estimado de leitura\" \/>\n\t<meta name=\"twitter:data1\" content=\"1 minuto\" \/>\n<script type=\"application\/ld+json\" class=\"yoast-schema-graph\">{\"@context\":\"https:\/\/schema.org\",\"@graph\":[{\"@type\":\"WebPage\",\"@id\":\"https:\/\/keramamueblesdejardin.com\/pt-pt\/acessorios-ao-ar-livre\/capas-de-moveis-de-jardim\/capa-para-jardim-mobiliario-stack-cadeiras-80x80x120-jeans-jeans-jeans-protech\/\",\"url\":\"https:\/\/keramamueblesdejardin.com\/pt-pt\/acessorios-ao-ar-livre\/capas-de-moveis-de-jardim\/capa-para-jardim-mobiliario-stack-cadeiras-80x80x120-jeans-jeans-jeans-protech\/\",\"name\":\"Capa de mobili\u00e1rio de jardim pilha 80x80x120 jeans azuis (jeans) - Protech - Kerama\",\"isPartOf\":{\"@id\":\"https:\/\/keramamueblesdejardin.com\/pt-pt\/#website\"},\"primaryImageOfPage\":{\"@id\":\"https:\/\/keramamueblesdejardin.com\/pt-pt\/acessorios-ao-ar-livre\/capas-de-moveis-de-jardim\/capa-para-jardim-mobiliario-stack-cadeiras-80x80x120-jeans-jeans-jeans-protech\/#primaryimage\"},\"image\":{\"@id\":\"https:\/\/keramamueblesdejardin.com\/pt-pt\/acessorios-ao-ar-livre\/capas-de-moveis-de-jardim\/capa-para-jardim-mobiliario-stack-cadeiras-80x80x120-jeans-jeans-jeans-protech\/#primaryimage\"},\"thumbnailUrl\":\"https:\/\/keramamueblesdejardin.com\/wp-content\/uploads\/2021\/10\/KMJ21364_01-1-scaled.jpg\",\"datePublished\":\"2021-10-14T15:44:45+00:00\",\"dateModified\":\"2023-08-29T12:19:00+00:00\",\"breadcrumb\":{\"@id\":\"https:\/\/keramamueblesdejardin.com\/pt-pt\/acessorios-ao-ar-livre\/capas-de-moveis-de-jardim\/capa-para-jardim-mobiliario-stack-cadeiras-80x80x120-jeans-jeans-jeans-protech\/#breadcrumb\"},\"inLanguage\":\"pt-PT\",\"potentialAction\":[{\"@type\":\"ReadAction\",\"target\":[\"https:\/\/keramamueblesdejardin.com\/pt-pt\/acessorios-ao-ar-livre\/capas-de-moveis-de-jardim\/capa-para-jardim-mobiliario-stack-cadeiras-80x80x120-jeans-jeans-jeans-protech\/\"]}]},{\"@type\":\"ImageObject\",\"inLanguage\":\"pt-PT\",\"@id\":\"https:\/\/keramamueblesdejardin.com\/pt-pt\/acessorios-ao-ar-livre\/capas-de-moveis-de-jardim\/capa-para-jardim-mobiliario-stack-cadeiras-80x80x120-jeans-jeans-jeans-protech\/#primaryimage\",\"url\":\"https:\/\/keramamueblesdejardin.com\/wp-content\/uploads\/2021\/10\/KMJ21364_01-1-scaled.jpg\",\"contentUrl\":\"https:\/\/keramamueblesdejardin.com\/wp-content\/uploads\/2021\/10\/KMJ21364_01-1-scaled.jpg\",\"width\":2560,\"height\":2560},{\"@type\":\"BreadcrumbList\",\"@id\":\"https:\/\/keramamueblesdejardin.com\/pt-pt\/acessorios-ao-ar-livre\/capas-de-moveis-de-jardim\/capa-para-jardim-mobiliario-stack-cadeiras-80x80x120-jeans-jeans-jeans-protech\/#breadcrumb\",\"itemListElement\":[{\"@type\":\"ListItem\",\"position\":1,\"name\":\"Home\",\"item\":\"https:\/\/keramamueblesdejardin.com\/pt-pt\/\"},{\"@type\":\"ListItem\",\"position\":2,\"name\":\"Tienda\",\"item\":\"https:\/\/keramamueblesdejardin.com\/pt-pt\/tienda-2\/\"},{\"@type\":\"ListItem\",\"position\":3,\"name\":\"Acess\u00f3rios ao ar livre\",\"item\":\"https:\/\/keramamueblesdejardin.com\/pt-pt\/acessorios-ao-ar-livre\/\"},{\"@type\":\"ListItem\",\"position\":4,\"name\":\"Capas de m\u00f3veis de jardim\",\"item\":\"https:\/\/keramamueblesdejardin.com\/pt-pt\/acessorios-ao-ar-livre\/capas-de-moveis-de-jardim\/\"},{\"@type\":\"ListItem\",\"position\":5,\"name\":\"Capa de mobili\u00e1rio de jardim pilha 80x80x120 jeans azuis (jeans) &#8211; Protech\"}]},{\"@type\":\"WebSite\",\"@id\":\"https:\/\/keramamueblesdejardin.com\/pt-pt\/#website\",\"url\":\"https:\/\/keramamueblesdejardin.com\/pt-pt\/\",\"name\":\"Kerama\",\"description\":\"muebles de jard\u00edn\",\"publisher\":{\"@id\":\"https:\/\/keramamueblesdejardin.com\/pt-pt\/#organization\"},\"potentialAction\":[{\"@type\":\"SearchAction\",\"target\":{\"@type\":\"EntryPoint\",\"urlTemplate\":\"https:\/\/keramamueblesdejardin.com\/pt-pt\/?s={search_term_string}\"},\"query-input\":{\"@type\":\"PropertyValueSpecification\",\"valueRequired\":true,\"valueName\":\"search_term_string\"}}],\"inLanguage\":\"pt-PT\"},{\"@type\":\"Organization\",\"@id\":\"https:\/\/keramamueblesdejardin.com\/pt-pt\/#organization\",\"name\":\"kerama\",\"url\":\"https:\/\/keramamueblesdejardin.com\/pt-pt\/\",\"logo\":{\"@type\":\"ImageObject\",\"inLanguage\":\"pt-PT\",\"@id\":\"https:\/\/keramamueblesdejardin.com\/pt-pt\/#\/schema\/logo\/image\/\",\"url\":\"https:\/\/keramamueblesdejardin.com\/wp-content\/uploads\/2020\/12\/k.-scaled.jpg\",\"contentUrl\":\"https:\/\/keramamueblesdejardin.com\/wp-content\/uploads\/2020\/12\/k.-scaled.jpg\",\"width\":2560,\"height\":551,\"caption\":\"kerama\"},\"image\":{\"@id\":\"https:\/\/keramamueblesdejardin.com\/pt-pt\/#\/schema\/logo\/image\/\"},\"sameAs\":[\"https:\/\/www.facebook.com\/Kerama-Muebles-de-Jard\u00edn-106209328312568\/\"]}]}<\/script>\n<!-- \/ Yoast SEO plugin. -->","yoast_head_json":{"title":"Capa de mobili\u00e1rio de jardim pilha 80x80x120 jeans azuis (jeans) - Protech - Kerama","robots":{"index":"index","follow":"follow","max-snippet":"max-snippet:-1","max-image-preview":"max-image-preview:large","max-video-preview":"max-video-preview:-1"},"canonical":"https:\/\/keramamueblesdejardin.com\/pt-pt\/acessorios-ao-ar-livre\/capas-de-moveis-de-jardim\/capa-para-jardim-mobiliario-stack-cadeiras-80x80x120-jeans-jeans-jeans-protech\/","og_locale":"pt_PT","og_type":"article","og_title":"Capa de mobili\u00e1rio de jardim pilha 80x80x120 jeans azuis (jeans) - Protech - Kerama","og_description":"Capa para mobili\u00e1rio de jardim de 80x80x120cm ideal para pilhas de cadeiras  Tecido usado \u00e9 de qualidade superior acr\u00edlico tingido em jeans azuis de cor de massa (jeans)  \u00c0 prova de tempo e \u00e0 prova de \u00e1gua gra\u00e7as ao interior plasti\u00e3o","og_url":"https:\/\/keramamueblesdejardin.com\/pt-pt\/acessorios-ao-ar-livre\/capas-de-moveis-de-jardim\/capa-para-jardim-mobiliario-stack-cadeiras-80x80x120-jeans-jeans-jeans-protech\/","og_site_name":"Kerama","article_publisher":"https:\/\/www.facebook.com\/Kerama-Muebles-de-Jard%c3%adn-106209328312568\/","article_modified_time":"2023-08-29T12:19:00+00:00","og_image":[{"width":2560,"height":2560,"url":"https:\/\/keramamueblesdejardin.com\/wp-content\/uploads\/2021\/10\/KMJ21364_01-1-scaled.jpg","type":"image\/jpeg"}],"twitter_card":"summary_large_image","twitter_misc":{"Tempo estimado de leitura":"1 minuto"},"schema":{"@context":"https:\/\/schema.org","@graph":[{"@type":"WebPage","@id":"https:\/\/keramamueblesdejardin.com\/pt-pt\/acessorios-ao-ar-livre\/capas-de-moveis-de-jardim\/capa-para-jardim-mobiliario-stack-cadeiras-80x80x120-jeans-jeans-jeans-protech\/","url":"https:\/\/keramamueblesdejardin.com\/pt-pt\/acessorios-ao-ar-livre\/capas-de-moveis-de-jardim\/capa-para-jardim-mobiliario-stack-cadeiras-80x80x120-jeans-jeans-jeans-protech\/","name":"Capa de mobili\u00e1rio de jardim pilha 80x80x120 jeans azuis (jeans) - Protech - Kerama","isPartOf":{"@id":"https:\/\/keramamueblesdejardin.com\/pt-pt\/#website"},"primaryImageOfPage":{"@id":"https:\/\/keramamueblesdejardin.com\/pt-pt\/acessorios-ao-ar-livre\/capas-de-moveis-de-jardim\/capa-para-jardim-mobiliario-stack-cadeiras-80x80x120-jeans-jeans-jeans-protech\/#primaryimage"},"image":{"@id":"https:\/\/keramamueblesdejardin.com\/pt-pt\/acessorios-ao-ar-livre\/capas-de-moveis-de-jardim\/capa-para-jardim-mobiliario-stack-cadeiras-80x80x120-jeans-jeans-jeans-protech\/#primaryimage"},"thumbnailUrl":"https:\/\/keramamueblesdejardin.com\/wp-content\/uploads\/2021\/10\/KMJ21364_01-1-scaled.jpg","datePublished":"2021-10-14T15:44:45+00:00","dateModified":"2023-08-29T12:19:00+00:00","breadcrumb":{"@id":"https:\/\/keramamueblesdejardin.com\/pt-pt\/acessorios-ao-ar-livre\/capas-de-moveis-de-jardim\/capa-para-jardim-mobiliario-stack-cadeiras-80x80x120-jeans-jeans-jeans-protech\/#breadcrumb"},"inLanguage":"pt-PT","potentialAction":[{"@type":"ReadAction","target":["https:\/\/keramamueblesdejardin.com\/pt-pt\/acessorios-ao-ar-livre\/capas-de-moveis-de-jardim\/capa-para-jardim-mobiliario-stack-cadeiras-80x80x120-jeans-jeans-jeans-protech\/"]}]},{"@type":"ImageObject","inLanguage":"pt-PT","@id":"https:\/\/keramamueblesdejardin.com\/pt-pt\/acessorios-ao-ar-livre\/capas-de-moveis-de-jardim\/capa-para-jardim-mobiliario-stack-cadeiras-80x80x120-jeans-jeans-jeans-protech\/#primaryimage","url":"https:\/\/keramamueblesdejardin.com\/wp-content\/uploads\/2021\/10\/KMJ21364_01-1-scaled.jpg","contentUrl":"https:\/\/keramamueblesdejardin.com\/wp-content\/uploads\/2021\/10\/KMJ21364_01-1-scaled.jpg","width":2560,"height":2560},{"@type":"BreadcrumbList","@id":"https:\/\/keramamueblesdejardin.com\/pt-pt\/acessorios-ao-ar-livre\/capas-de-moveis-de-jardim\/capa-para-jardim-mobiliario-stack-cadeiras-80x80x120-jeans-jeans-jeans-protech\/#breadcrumb","itemListElement":[{"@type":"ListItem","position":1,"name":"Home","item":"https:\/\/keramamueblesdejardin.com\/pt-pt\/"},{"@type":"ListItem","position":2,"name":"Tienda","item":"https:\/\/keramamueblesdejardin.com\/pt-pt\/tienda-2\/"},{"@type":"ListItem","position":3,"name":"Acess\u00f3rios ao ar livre","item":"https:\/\/keramamueblesdejardin.com\/pt-pt\/acessorios-ao-ar-livre\/"},{"@type":"ListItem","position":4,"name":"Capas de m\u00f3veis de jardim","item":"https:\/\/keramamueblesdejardin.com\/pt-pt\/acessorios-ao-ar-livre\/capas-de-moveis-de-jardim\/"},{"@type":"ListItem","position":5,"name":"Capa de mobili\u00e1rio de jardim pilha 80x80x120 jeans azuis (jeans) &#8211; Protech"}]},{"@type":"WebSite","@id":"https:\/\/keramamueblesdejardin.com\/pt-pt\/#website","url":"https:\/\/keramamueblesdejardin.com\/pt-pt\/","name":"Kerama","description":"muebles de jard\u00edn","publisher":{"@id":"https:\/\/keramamueblesdejardin.com\/pt-pt\/#organization"},"potentialAction":[{"@type":"SearchAction","target":{"@type":"EntryPoint","urlTemplate":"https:\/\/keramamueblesdejardin.com\/pt-pt\/?s={search_term_string}"},"query-input":{"@type":"PropertyValueSpecification","valueRequired":true,"valueName":"search_term_string"}}],"inLanguage":"pt-PT"},{"@type":"Organization","@id":"https:\/\/keramamueblesdejardin.com\/pt-pt\/#organization","name":"kerama","url":"https:\/\/keramamueblesdejardin.com\/pt-pt\/","logo":{"@type":"ImageObject","inLanguage":"pt-PT","@id":"https:\/\/keramamueblesdejardin.com\/pt-pt\/#\/schema\/logo\/image\/","url":"https:\/\/keramamueblesdejardin.com\/wp-content\/uploads\/2020\/12\/k.-scaled.jpg","contentUrl":"https:\/\/keramamueblesdejardin.com\/wp-content\/uploads\/2020\/12\/k.-scaled.jpg","width":2560,"height":551,"caption":"kerama"},"image":{"@id":"https:\/\/keramamueblesdejardin.com\/pt-pt\/#\/schema\/logo\/image\/"},"sameAs":["https:\/\/www.facebook.com\/Kerama-Muebles-de-Jard\u00edn-106209328312568\/"]}]}},"df_price":49,"df_sale_price":49,"df_regular_price":64,"df_image_link":"https:\/\/keramamueblesdejardin.com\/wp-content\/uploads\/2021\/10\/KMJ21364_01-1-300x300.jpg","custom_tabs":[{"title":"MEDI\u00c7\u00c3O","id":"medi\u00e7\u00e3o","content":"<strong>Altura:<\/strong> 120 cm\n<strong>Largura:<\/strong> 80 cm\nComprimento: 80 cm"},{"title":"DESEMBALAR E ASSEMBL\u00c9IA","id":"desembalar-e-assembleia","content":"<strong>Recomenda\u00e7\u00f5es de desembalagem:<\/strong> N\u00e3o utilize utens\u00edlios afiados ao desempacotar o mobili\u00e1rio, pois pode causar danos\n<strong>Requer montagem (sim\/n\u00e3o):<\/strong> N\u00e3o"},{"title":"MANUTEN\u00c7\u00c3O E GARANTIAS","id":"manutencao-e-garantias","content":"<strong>Condi\u00e7\u00f5es gerais:<\/strong>\n\u2022 Avarias ou danos causados por:\n\u2022 Causas acidentais como quedas, golpes, derrame de l\u00edquidos, introdu\u00e7\u00e3o de corpos estranhos, bem como qualquer outro caso de for\u00e7a maior.\n\u2022 Utiliza\u00e7\u00e3o negligente, impr\u00f3pria ou n\u00e3o dom\u00e9stica.\n\u2022 Danos, corros\u00e3o e\/ou oxida\u00e7\u00e3o acelerados por condi\u00e7\u00f5es ambientais adversas\n\u2022 Manchas e descolora\u00e7\u00f5es devido ao n\u00e3o respeito dos nossos slogans de limpeza\n\u2022 Os danos ocorreram durante a montagem e o manuseamento sem ter seguido as instru\u00e7\u00f5es de montagem indicadas.\n<strong>Instru\u00e7\u00f5es de utiliza\u00e7\u00e3o e manuten\u00e7\u00e3o:<\/strong>\n\u2022 Limpe com a ajuda de um pano suavemente ou utilize um sab\u00e3o l\u00edquido neutro, enxaguando com muita \u00e1gua.\n\u2022 Retire regularmente o p\u00f3 com a ajuda de um pano macio e \u00e1gua l\u00edmpia.\n\u2022 N\u00e3o utilize detergentes ou produtos abrasivos para a limpeza.\n<strong>Anos de garantia:<\/strong> 3 anos"}],"_links":{"self":[{"href":"https:\/\/keramamueblesdejardin.com\/pt-pt\/wp-json\/wp\/v2\/product\/33404","targetHints":{"allow":["GET"]}}],"collection":[{"href":"https:\/\/keramamueblesdejardin.com\/pt-pt\/wp-json\/wp\/v2\/product"}],"about":[{"href":"https:\/\/keramamueblesdejardin.com\/pt-pt\/wp-json\/wp\/v2\/types\/product"}],"replies":[{"embeddable":true,"href":"https:\/\/keramamueblesdejardin.com\/pt-pt\/wp-json\/wp\/v2\/comments?post=33404"}],"wp:featuredmedia":[{"embeddable":true,"href":"https:\/\/keramamueblesdejardin.com\/pt-pt\/wp-json\/wp\/v2\/media\/31336"}],"wp:attachment":[{"href":"https:\/\/keramamueblesdejardin.com\/pt-pt\/wp-json\/wp\/v2\/media?parent=33404"}],"wp:term":[{"taxonomy":"product_brand","embeddable":true,"href":"https:\/\/keramamueblesdejardin.com\/pt-pt\/wp-json\/wp\/v2\/product_brand?post=33404"},{"taxonomy":"product_cat","embeddable":true,"href":"https:\/\/keramamueblesdejardin.com\/pt-pt\/wp-json\/wp\/v2\/product_cat?post=33404"},{"taxonomy":"product_tag","embeddable":true,"href":"https:\/\/keramamueblesdejardin.com\/pt-pt\/wp-json\/wp\/v2\/product_tag?post=33404"}],"curies":[{"name":"wp","href":"https:\/\/api.w.org\/{rel}","templated":true}]}}