{"id":33369,"date":"2021-10-14T17:44:51","date_gmt":"2021-10-14T15:44:51","guid":{"rendered":"https:\/\/keramamueblesdejardin.com\/sem%20categoria\/mesa-de-jardim-160-80x80-cm-e-4-cadeiras-de-aluminio-branco-e-textil-acolchoado-osaka\/"},"modified":"2024-10-21T15:38:59","modified_gmt":"2024-10-21T13:38:59","slug":"set-table-garden-160-80x80-cm-y-4-chairs-aluminio-branco-e-textil-acolchoado-osaka","status":"publish","type":"product","link":"https:\/\/keramamueblesdejardin.com\/pt-pt\/salas-de-jantar-ao-ar-livre\/definir-mesa-e-cadeiras-jardim\/set-table-garden-160-80x80-cm-y-4-chairs-aluminio-branco-e-textil-acolchoado-osaka\/","title":{"rendered":"Mesa de jardim 160\/80&#215;80 cm e 4 cadeiras de alum\u00ednio branco e t\u00eaxtil acolchoado \u2013 Osaka"},"content":{"rendered":"<p><span style=\\\"font-weight: 400;\\\">O <\/span><b>conjunto de mesa e cadeiras para jardim ou terra\u00e7o Osaka<\/b><span style=\\\"font-weight: 400;\\\"> \u00e9 formado por uma <\/span><b>mesa extens\u00edvel de alum\u00ednio branco <\/b>com ripas de poliwood com madeira de imita\u00e7\u00e3o e<b> 4 cadeiras empilh\u00e1veis<\/b><span style=\\\"font-weight: 400;\\\"> de cor branca, t\u00eaxtil acolchoado bege e bra\u00e7os de madeira de imita\u00e7\u00e3o de poliwood.<\/span><\/p>\n<p><span style=\\\"font-weight: 400;\\\">O conjunto foi concebido para<\/span><b> tirar o m\u00e1ximo partido dele<\/b><span style=\\\"font-weight: 400;\\\"> gra\u00e7as ao sistema de extens\u00e3o da<\/span><b> tabela que lhe permite expandir duas vezes <\/b> <span style=\\\"font-weight: 400;\\\">(de 80 cm a 160 cm). \u00c9 ideal para aumentar o n\u00famero de comensais.<\/span><\/p>\n<p><span style=\\\"font-weight: 400;\\\">Voc\u00ea pode <\/span><b>combinar o conjunto com outros produtos<\/b><span style=\\\"font-weight: 400;\\\"> que fazem parte da<\/span><a href=\\\"https:\/\/keramamueblesdejardin.com\/etiqueta\/osaka\/\\\" target=\\\"_blank\\\" rel=\\\"noopener\\\"> <span style=\\\"font-weight: 400;\\\">fam\u00edlia Osaka<\/span><\/a><span style=\\\"font-weight: 400;\\\">.<\/span><\/p>\n<p><span style=\\\"font-weight: 400;\\\">Veja a nossa<\/span><a href=\\\"https:\/\/keramamueblesdejardin.com\/comedores-exterior\/conjunto-mesa-y-sillas-jardin\/\\\" target=\\\"_blank\\\" rel=\\\"noopener\\\"> <span style=\\\"font-weight: 400;\\\">mesa de jardim e conjuntos de cadeiras<\/span><\/a><span style=\\\"font-weight: 400;\\\">.<\/span><\/p>\n","protected":false},"excerpt":{"rendered":"<ul>\n<li>Jardim conjunto com mesa e 4 cadeiras empilh\u00e1veis Osaka<\/li>\n<li>Mesa extens\u00edvel feita de alum\u00ednio branco e folhas de poliwood imitam madeira<\/li>\n<li>Cadeiras de alum\u00ednio branco com arma de poliwood imita\u00e7\u00e3o de madeira t\u00eaxtil acolchoado bege<\/li>\n<li>Tamanho da mesa: 80\u00d780 cm (fechado) 160\u00d780 cm (estendido)<\/li>\n<\/ul>\n","protected":false},"featured_media":31225,"comment_status":"closed","ping_status":"closed","template":"","meta":{"_acf_changed":false},"product_brand":[],"product_cat":[422,420],"product_tag":[426,427,441,440],"class_list":{"0":"post-33369","1":"product","2":"type-product","3":"status-publish","4":"has-post-thumbnail","6":"product_cat-definir-mesa-e-cadeiras-jardim","7":"product_cat-salas-de-jantar-ao-ar-livre","8":"product_tag-aluminio-pt-pt","9":"product_tag-espacos-amplos","10":"product_tag-osaka-pt-pt","11":"product_tag-toquio","12":"product_shipping_class-envio-gratuito-pt-pt","13":"pa_ancho-80-pt-pt","14":"pa_asientos-4-pt-pt","15":"pa_caracteristicas-bracos","16":"pa_caracteristicas-empilhavel","17":"pa_caracteristicas-extensivel","18":"pa_caracteristicas-resistente-a-agua","19":"pa_coleccion-osaka-pt-pt","20":"pa_espacio-2-56-pt-pt","21":"pa_forma-retangular","22":"pa_largo-320-pt-pt","23":"pa_m2-256-pt-pt","24":"pa_material-aluminio-pt-pt","25":"pa_material-textileno-pt-pt","26":"pa_tamano-espacio-pequeno-pt-pt-2","28":"first","29":"instock","30":"sale","31":"purchasable","32":"product-type-simple","33":"add-to-wishlist-before_image"},"acf":[],"yoast_head":"<!-- This site is optimized with the Yoast SEO plugin v27.2 - https:\/\/yoast.com\/product\/yoast-seo-wordpress\/ -->\n<title>Mesa de jardim 160\/80x80 cm e 4 cadeiras de alum\u00ednio branco e t\u00eaxtil acolchoado \u2013 Osaka - Kerama<\/title>\n<meta name=\"robots\" content=\"index, follow, max-snippet:-1, max-image-preview:large, max-video-preview:-1\" \/>\n<link rel=\"canonical\" href=\"https:\/\/keramamueblesdejardin.com\/pt-pt\/salas-de-jantar-ao-ar-livre\/definir-mesa-e-cadeiras-jardim\/set-table-garden-160-80x80-cm-y-4-chairs-aluminio-branco-e-textil-acolchoado-osaka\/\" \/>\n<meta property=\"og:locale\" content=\"pt_PT\" \/>\n<meta property=\"og:type\" content=\"article\" \/>\n<meta property=\"og:title\" content=\"Mesa de jardim 160\/80x80 cm e 4 cadeiras de alum\u00ednio branco e t\u00eaxtil acolchoado \u2013 Osaka - Kerama\" \/>\n<meta property=\"og:description\" content=\"Jardim conjunto com mesa e 4 cadeiras empilh\u00e1veis Osaka  Mesa extens\u00edvel feita de alum\u00ednio branco e folhas de poliwood imitam madeira  Cadeiras de alum\u00ednio branco com arma de poliwood imita\u00e7\u00e3o de madeira t\u00eaxtil acolchoado bege  Tamanho da mesa: 80\u00d780 cm (fechado) 160\u00d780 cm (estendido)\" \/>\n<meta property=\"og:url\" content=\"https:\/\/keramamueblesdejardin.com\/pt-pt\/salas-de-jantar-ao-ar-livre\/definir-mesa-e-cadeiras-jardim\/set-table-garden-160-80x80-cm-y-4-chairs-aluminio-branco-e-textil-acolchoado-osaka\/\" \/>\n<meta property=\"og:site_name\" content=\"Kerama\" \/>\n<meta property=\"article:publisher\" content=\"https:\/\/www.facebook.com\/Kerama-Muebles-de-Jard%c3%adn-106209328312568\/\" \/>\n<meta property=\"article:modified_time\" content=\"2024-10-21T13:38:59+00:00\" \/>\n<meta property=\"og:image\" content=\"https:\/\/keramamueblesdejardin.com\/wp-content\/uploads\/2021\/10\/L1440650_SILU_-scaled-e1697714578335.jpg\" \/>\n\t<meta property=\"og:image:width\" content=\"1200\" \/>\n\t<meta property=\"og:image:height\" content=\"1200\" \/>\n\t<meta property=\"og:image:type\" content=\"image\/jpeg\" \/>\n<meta name=\"twitter:card\" content=\"summary_large_image\" \/>\n<meta name=\"twitter:label1\" content=\"Tempo estimado de leitura\" \/>\n\t<meta name=\"twitter:data1\" content=\"1 minuto\" \/>\n<script type=\"application\/ld+json\" class=\"yoast-schema-graph\">{\"@context\":\"https:\/\/schema.org\",\"@graph\":[{\"@type\":\"WebPage\",\"@id\":\"https:\/\/keramamueblesdejardin.com\/pt-pt\/salas-de-jantar-ao-ar-livre\/definir-mesa-e-cadeiras-jardim\/set-table-garden-160-80x80-cm-y-4-chairs-aluminio-branco-e-textil-acolchoado-osaka\/\",\"url\":\"https:\/\/keramamueblesdejardin.com\/pt-pt\/salas-de-jantar-ao-ar-livre\/definir-mesa-e-cadeiras-jardim\/set-table-garden-160-80x80-cm-y-4-chairs-aluminio-branco-e-textil-acolchoado-osaka\/\",\"name\":\"Mesa de jardim 160\/80x80 cm e 4 cadeiras de alum\u00ednio branco e t\u00eaxtil acolchoado \u2013 Osaka - Kerama\",\"isPartOf\":{\"@id\":\"https:\/\/keramamueblesdejardin.com\/pt-pt\/#website\"},\"primaryImageOfPage\":{\"@id\":\"https:\/\/keramamueblesdejardin.com\/pt-pt\/salas-de-jantar-ao-ar-livre\/definir-mesa-e-cadeiras-jardim\/set-table-garden-160-80x80-cm-y-4-chairs-aluminio-branco-e-textil-acolchoado-osaka\/#primaryimage\"},\"image\":{\"@id\":\"https:\/\/keramamueblesdejardin.com\/pt-pt\/salas-de-jantar-ao-ar-livre\/definir-mesa-e-cadeiras-jardim\/set-table-garden-160-80x80-cm-y-4-chairs-aluminio-branco-e-textil-acolchoado-osaka\/#primaryimage\"},\"thumbnailUrl\":\"https:\/\/keramamueblesdejardin.com\/wp-content\/uploads\/2021\/10\/L1440650_SILU_-scaled-e1697714578335.jpg\",\"datePublished\":\"2021-10-14T15:44:51+00:00\",\"dateModified\":\"2024-10-21T13:38:59+00:00\",\"breadcrumb\":{\"@id\":\"https:\/\/keramamueblesdejardin.com\/pt-pt\/salas-de-jantar-ao-ar-livre\/definir-mesa-e-cadeiras-jardim\/set-table-garden-160-80x80-cm-y-4-chairs-aluminio-branco-e-textil-acolchoado-osaka\/#breadcrumb\"},\"inLanguage\":\"pt-PT\",\"potentialAction\":[{\"@type\":\"ReadAction\",\"target\":[\"https:\/\/keramamueblesdejardin.com\/pt-pt\/salas-de-jantar-ao-ar-livre\/definir-mesa-e-cadeiras-jardim\/set-table-garden-160-80x80-cm-y-4-chairs-aluminio-branco-e-textil-acolchoado-osaka\/\"]}]},{\"@type\":\"ImageObject\",\"inLanguage\":\"pt-PT\",\"@id\":\"https:\/\/keramamueblesdejardin.com\/pt-pt\/salas-de-jantar-ao-ar-livre\/definir-mesa-e-cadeiras-jardim\/set-table-garden-160-80x80-cm-y-4-chairs-aluminio-branco-e-textil-acolchoado-osaka\/#primaryimage\",\"url\":\"https:\/\/keramamueblesdejardin.com\/wp-content\/uploads\/2021\/10\/L1440650_SILU_-scaled-e1697714578335.jpg\",\"contentUrl\":\"https:\/\/keramamueblesdejardin.com\/wp-content\/uploads\/2021\/10\/L1440650_SILU_-scaled-e1697714578335.jpg\",\"width\":1200,\"height\":1200},{\"@type\":\"BreadcrumbList\",\"@id\":\"https:\/\/keramamueblesdejardin.com\/pt-pt\/salas-de-jantar-ao-ar-livre\/definir-mesa-e-cadeiras-jardim\/set-table-garden-160-80x80-cm-y-4-chairs-aluminio-branco-e-textil-acolchoado-osaka\/#breadcrumb\",\"itemListElement\":[{\"@type\":\"ListItem\",\"position\":1,\"name\":\"Home\",\"item\":\"https:\/\/keramamueblesdejardin.com\/pt-pt\/\"},{\"@type\":\"ListItem\",\"position\":2,\"name\":\"Tienda\",\"item\":\"https:\/\/keramamueblesdejardin.com\/pt-pt\/tienda-2\/\"},{\"@type\":\"ListItem\",\"position\":3,\"name\":\"Salas de jantar ao ar livre\",\"item\":\"https:\/\/keramamueblesdejardin.com\/pt-pt\/salas-de-jantar-ao-ar-livre\/\"},{\"@type\":\"ListItem\",\"position\":4,\"name\":\"Definir mesa e cadeiras jardim\",\"item\":\"https:\/\/keramamueblesdejardin.com\/pt-pt\/salas-de-jantar-ao-ar-livre\/definir-mesa-e-cadeiras-jardim\/\"},{\"@type\":\"ListItem\",\"position\":5,\"name\":\"Mesa de jardim 160\/80&#215;80 cm e 4 cadeiras de alum\u00ednio branco e t\u00eaxtil acolchoado \u2013 Osaka\"}]},{\"@type\":\"WebSite\",\"@id\":\"https:\/\/keramamueblesdejardin.com\/pt-pt\/#website\",\"url\":\"https:\/\/keramamueblesdejardin.com\/pt-pt\/\",\"name\":\"Kerama\",\"description\":\"muebles de jard\u00edn\",\"publisher\":{\"@id\":\"https:\/\/keramamueblesdejardin.com\/pt-pt\/#organization\"},\"potentialAction\":[{\"@type\":\"SearchAction\",\"target\":{\"@type\":\"EntryPoint\",\"urlTemplate\":\"https:\/\/keramamueblesdejardin.com\/pt-pt\/?s={search_term_string}\"},\"query-input\":{\"@type\":\"PropertyValueSpecification\",\"valueRequired\":true,\"valueName\":\"search_term_string\"}}],\"inLanguage\":\"pt-PT\"},{\"@type\":\"Organization\",\"@id\":\"https:\/\/keramamueblesdejardin.com\/pt-pt\/#organization\",\"name\":\"kerama\",\"url\":\"https:\/\/keramamueblesdejardin.com\/pt-pt\/\",\"logo\":{\"@type\":\"ImageObject\",\"inLanguage\":\"pt-PT\",\"@id\":\"https:\/\/keramamueblesdejardin.com\/pt-pt\/#\/schema\/logo\/image\/\",\"url\":\"https:\/\/keramamueblesdejardin.com\/wp-content\/uploads\/2020\/12\/k.-scaled.jpg\",\"contentUrl\":\"https:\/\/keramamueblesdejardin.com\/wp-content\/uploads\/2020\/12\/k.-scaled.jpg\",\"width\":2560,\"height\":551,\"caption\":\"kerama\"},\"image\":{\"@id\":\"https:\/\/keramamueblesdejardin.com\/pt-pt\/#\/schema\/logo\/image\/\"},\"sameAs\":[\"https:\/\/www.facebook.com\/Kerama-Muebles-de-Jard\u00edn-106209328312568\/\"]}]}<\/script>\n<!-- \/ Yoast SEO plugin. -->","yoast_head_json":{"title":"Mesa de jardim 160\/80x80 cm e 4 cadeiras de alum\u00ednio branco e t\u00eaxtil acolchoado \u2013 Osaka - Kerama","robots":{"index":"index","follow":"follow","max-snippet":"max-snippet:-1","max-image-preview":"max-image-preview:large","max-video-preview":"max-video-preview:-1"},"canonical":"https:\/\/keramamueblesdejardin.com\/pt-pt\/salas-de-jantar-ao-ar-livre\/definir-mesa-e-cadeiras-jardim\/set-table-garden-160-80x80-cm-y-4-chairs-aluminio-branco-e-textil-acolchoado-osaka\/","og_locale":"pt_PT","og_type":"article","og_title":"Mesa de jardim 160\/80x80 cm e 4 cadeiras de alum\u00ednio branco e t\u00eaxtil acolchoado \u2013 Osaka - Kerama","og_description":"Jardim conjunto com mesa e 4 cadeiras empilh\u00e1veis Osaka  Mesa extens\u00edvel feita de alum\u00ednio branco e folhas de poliwood imitam madeira  Cadeiras de alum\u00ednio branco com arma de poliwood imita\u00e7\u00e3o de madeira t\u00eaxtil acolchoado bege  Tamanho da mesa: 80\u00d780 cm (fechado) 160\u00d780 cm (estendido)","og_url":"https:\/\/keramamueblesdejardin.com\/pt-pt\/salas-de-jantar-ao-ar-livre\/definir-mesa-e-cadeiras-jardim\/set-table-garden-160-80x80-cm-y-4-chairs-aluminio-branco-e-textil-acolchoado-osaka\/","og_site_name":"Kerama","article_publisher":"https:\/\/www.facebook.com\/Kerama-Muebles-de-Jard%c3%adn-106209328312568\/","article_modified_time":"2024-10-21T13:38:59+00:00","og_image":[{"width":1200,"height":1200,"url":"https:\/\/keramamueblesdejardin.com\/wp-content\/uploads\/2021\/10\/L1440650_SILU_-scaled-e1697714578335.jpg","type":"image\/jpeg"}],"twitter_card":"summary_large_image","twitter_misc":{"Tempo estimado de leitura":"1 minuto"},"schema":{"@context":"https:\/\/schema.org","@graph":[{"@type":"WebPage","@id":"https:\/\/keramamueblesdejardin.com\/pt-pt\/salas-de-jantar-ao-ar-livre\/definir-mesa-e-cadeiras-jardim\/set-table-garden-160-80x80-cm-y-4-chairs-aluminio-branco-e-textil-acolchoado-osaka\/","url":"https:\/\/keramamueblesdejardin.com\/pt-pt\/salas-de-jantar-ao-ar-livre\/definir-mesa-e-cadeiras-jardim\/set-table-garden-160-80x80-cm-y-4-chairs-aluminio-branco-e-textil-acolchoado-osaka\/","name":"Mesa de jardim 160\/80x80 cm e 4 cadeiras de alum\u00ednio branco e t\u00eaxtil acolchoado \u2013 Osaka - Kerama","isPartOf":{"@id":"https:\/\/keramamueblesdejardin.com\/pt-pt\/#website"},"primaryImageOfPage":{"@id":"https:\/\/keramamueblesdejardin.com\/pt-pt\/salas-de-jantar-ao-ar-livre\/definir-mesa-e-cadeiras-jardim\/set-table-garden-160-80x80-cm-y-4-chairs-aluminio-branco-e-textil-acolchoado-osaka\/#primaryimage"},"image":{"@id":"https:\/\/keramamueblesdejardin.com\/pt-pt\/salas-de-jantar-ao-ar-livre\/definir-mesa-e-cadeiras-jardim\/set-table-garden-160-80x80-cm-y-4-chairs-aluminio-branco-e-textil-acolchoado-osaka\/#primaryimage"},"thumbnailUrl":"https:\/\/keramamueblesdejardin.com\/wp-content\/uploads\/2021\/10\/L1440650_SILU_-scaled-e1697714578335.jpg","datePublished":"2021-10-14T15:44:51+00:00","dateModified":"2024-10-21T13:38:59+00:00","breadcrumb":{"@id":"https:\/\/keramamueblesdejardin.com\/pt-pt\/salas-de-jantar-ao-ar-livre\/definir-mesa-e-cadeiras-jardim\/set-table-garden-160-80x80-cm-y-4-chairs-aluminio-branco-e-textil-acolchoado-osaka\/#breadcrumb"},"inLanguage":"pt-PT","potentialAction":[{"@type":"ReadAction","target":["https:\/\/keramamueblesdejardin.com\/pt-pt\/salas-de-jantar-ao-ar-livre\/definir-mesa-e-cadeiras-jardim\/set-table-garden-160-80x80-cm-y-4-chairs-aluminio-branco-e-textil-acolchoado-osaka\/"]}]},{"@type":"ImageObject","inLanguage":"pt-PT","@id":"https:\/\/keramamueblesdejardin.com\/pt-pt\/salas-de-jantar-ao-ar-livre\/definir-mesa-e-cadeiras-jardim\/set-table-garden-160-80x80-cm-y-4-chairs-aluminio-branco-e-textil-acolchoado-osaka\/#primaryimage","url":"https:\/\/keramamueblesdejardin.com\/wp-content\/uploads\/2021\/10\/L1440650_SILU_-scaled-e1697714578335.jpg","contentUrl":"https:\/\/keramamueblesdejardin.com\/wp-content\/uploads\/2021\/10\/L1440650_SILU_-scaled-e1697714578335.jpg","width":1200,"height":1200},{"@type":"BreadcrumbList","@id":"https:\/\/keramamueblesdejardin.com\/pt-pt\/salas-de-jantar-ao-ar-livre\/definir-mesa-e-cadeiras-jardim\/set-table-garden-160-80x80-cm-y-4-chairs-aluminio-branco-e-textil-acolchoado-osaka\/#breadcrumb","itemListElement":[{"@type":"ListItem","position":1,"name":"Home","item":"https:\/\/keramamueblesdejardin.com\/pt-pt\/"},{"@type":"ListItem","position":2,"name":"Tienda","item":"https:\/\/keramamueblesdejardin.com\/pt-pt\/tienda-2\/"},{"@type":"ListItem","position":3,"name":"Salas de jantar ao ar livre","item":"https:\/\/keramamueblesdejardin.com\/pt-pt\/salas-de-jantar-ao-ar-livre\/"},{"@type":"ListItem","position":4,"name":"Definir mesa e cadeiras jardim","item":"https:\/\/keramamueblesdejardin.com\/pt-pt\/salas-de-jantar-ao-ar-livre\/definir-mesa-e-cadeiras-jardim\/"},{"@type":"ListItem","position":5,"name":"Mesa de jardim 160\/80&#215;80 cm e 4 cadeiras de alum\u00ednio branco e t\u00eaxtil acolchoado \u2013 Osaka"}]},{"@type":"WebSite","@id":"https:\/\/keramamueblesdejardin.com\/pt-pt\/#website","url":"https:\/\/keramamueblesdejardin.com\/pt-pt\/","name":"Kerama","description":"muebles de jard\u00edn","publisher":{"@id":"https:\/\/keramamueblesdejardin.com\/pt-pt\/#organization"},"potentialAction":[{"@type":"SearchAction","target":{"@type":"EntryPoint","urlTemplate":"https:\/\/keramamueblesdejardin.com\/pt-pt\/?s={search_term_string}"},"query-input":{"@type":"PropertyValueSpecification","valueRequired":true,"valueName":"search_term_string"}}],"inLanguage":"pt-PT"},{"@type":"Organization","@id":"https:\/\/keramamueblesdejardin.com\/pt-pt\/#organization","name":"kerama","url":"https:\/\/keramamueblesdejardin.com\/pt-pt\/","logo":{"@type":"ImageObject","inLanguage":"pt-PT","@id":"https:\/\/keramamueblesdejardin.com\/pt-pt\/#\/schema\/logo\/image\/","url":"https:\/\/keramamueblesdejardin.com\/wp-content\/uploads\/2020\/12\/k.-scaled.jpg","contentUrl":"https:\/\/keramamueblesdejardin.com\/wp-content\/uploads\/2020\/12\/k.-scaled.jpg","width":2560,"height":551,"caption":"kerama"},"image":{"@id":"https:\/\/keramamueblesdejardin.com\/pt-pt\/#\/schema\/logo\/image\/"},"sameAs":["https:\/\/www.facebook.com\/Kerama-Muebles-de-Jard\u00edn-106209328312568\/"]}]}},"df_price":779,"df_sale_price":779,"df_regular_price":961,"df_image_link":"https:\/\/keramamueblesdejardin.com\/wp-content\/uploads\/2021\/10\/L1440650_SILU_-300x300.jpg","custom_tabs":[{"title":"MEDI\u00c7\u00c3O","id":"medi\u00e7\u00e3o","content":"<strong>Alto:<\/strong> Cadeira 86 cm \/ Tabela 75 cm\n<strong>Largo:<\/strong> Cadeira 57 cm \/ Tabela 80 cm\n<strong>Em baixo:<\/strong> Cadeira 65 cm \/ Tabela 80 cm (n\u00e3o assumida) 160 cm (estendida)\n<strong>Altura do assento:<\/strong> 45 cm\n<strong>Profundidade do assento:<\/strong> 55 cm"},{"title":"DESEMBALAR E ASSEMBL\u00c9IA","id":"desembalar-e-assembleia","content":"<strong>Recomenda\u00e7\u00f5es de desembalagem:<\/strong> N\u00e3o utilize utens\u00edlios afiados ao desempacotar o mobili\u00e1rio, pois pode causar danos\n<strong>Requer montagem (sim\/n\u00e3o):<\/strong> Sim\n<strong>Dificuldade de montagem:<\/strong> Acidente\n<strong>Tempo de montagem:<\/strong> 20 minutos\n<strong>Pessoas recomendadas para montagem:<\/strong> 2\n<strong>Sugest\u00f5es de montagem:<\/strong> Prepare uma \u00e1rea de montagem limpa e seca, verifique se n\u00e3o faltam nenhuma das pe\u00e7as indicadas no manual. Recomendamos o uso de luvas adequadas para a montagem. Utilize apenas pe\u00e7as e hardware fornecidos. N\u00c3O recomendamos a op\u00e7\u00e3o de compra com montagem para este item, uma vez que a dificuldade de montagem \u00e9 muito baixa."},{"title":"MANUTEN\u00c7\u00c3O E GARANTIAS","id":"manutencao-e-garantias","content":"<strong>Recomenda\u00e7\u00f5es gerais:<\/strong>\n\u2022 Avarias ou danos causados por:\n\u2022 Causas acidentais como quedas, golpes, derrame de l\u00edquidos, introdu\u00e7\u00e3o de corpos estranhos, bem como qualquer outro caso de for\u00e7a maior.\n\u2022 Uso negligente, impr\u00f3prio ou n\u00e3o dom\u00e9stico, n\u00e3o seguindo as instru\u00e7\u00f5es de uso.\n\u2022 Danos, corros\u00e3o e\/ou oxida\u00e7\u00e3o acelerados por condi\u00e7\u00f5es ambientais adversas\n\u2022 Manchas e descolora\u00e7\u00f5es devido ao n\u00e3o respeito dos nossos slogans de limpeza\n\u2022 Os danos ocorreram durante a montagem e o manuseamento sem ter seguido as instru\u00e7\u00f5es de montagem indicadas.\n\n<strong>Instru\u00e7\u00f5es de utiliza\u00e7\u00e3o e manuten\u00e7\u00e3o:<\/strong>\n\u2022 Em dias ensolarados, use uma cobertura de mesa, especialmente com copos, copos e recipientes de vidro, pois amplifica a temperatura do sol e pode derreter poliestireno. Evite qualquer tipo de cobertura que possa gerar o mesmo efeito.\n\u2022 Limpe com a ajuda de um pano suavemente ou utilize um sab\u00e3o l\u00edquido neutro, enxaguando com muita \u00e1gua.\n\u2022 Retire regularmente o p\u00f3 com a ajuda de um pano macio e \u00e1gua l\u00edmpia.\n\u2022 N\u00e3o utilize detergentes ou produtos abrasivos para a limpeza.\n\u2022 Ap\u00f3s a chuva, seque a mesa com um pano limpo para evitar manchas\n\u2022 Proteja com uma toalha de mesa ou cobertura protetora respir\u00e1vel\n<strong>Anos de garantia:<\/strong> 3 anos\n<strong>Fabricado de acordo com a Norma:<\/strong> 581-1.581-2.581-3"}],"_links":{"self":[{"href":"https:\/\/keramamueblesdejardin.com\/pt-pt\/wp-json\/wp\/v2\/product\/33369","targetHints":{"allow":["GET"]}}],"collection":[{"href":"https:\/\/keramamueblesdejardin.com\/pt-pt\/wp-json\/wp\/v2\/product"}],"about":[{"href":"https:\/\/keramamueblesdejardin.com\/pt-pt\/wp-json\/wp\/v2\/types\/product"}],"replies":[{"embeddable":true,"href":"https:\/\/keramamueblesdejardin.com\/pt-pt\/wp-json\/wp\/v2\/comments?post=33369"}],"wp:featuredmedia":[{"embeddable":true,"href":"https:\/\/keramamueblesdejardin.com\/pt-pt\/wp-json\/wp\/v2\/media\/31225"}],"wp:attachment":[{"href":"https:\/\/keramamueblesdejardin.com\/pt-pt\/wp-json\/wp\/v2\/media?parent=33369"}],"wp:term":[{"taxonomy":"product_brand","embeddable":true,"href":"https:\/\/keramamueblesdejardin.com\/pt-pt\/wp-json\/wp\/v2\/product_brand?post=33369"},{"taxonomy":"product_cat","embeddable":true,"href":"https:\/\/keramamueblesdejardin.com\/pt-pt\/wp-json\/wp\/v2\/product_cat?post=33369"},{"taxonomy":"product_tag","embeddable":true,"href":"https:\/\/keramamueblesdejardin.com\/pt-pt\/wp-json\/wp\/v2\/product_tag?post=33369"}],"curies":[{"name":"wp","href":"https:\/\/api.w.org\/{rel}","templated":true}]}}