{"id":33357,"date":"2021-10-14T17:44:48","date_gmt":"2021-10-14T15:44:48","guid":{"rendered":"https:\/\/keramamueblesdejardin.com\/sem%20categoria\/pacote-de-8-cadeiras-de-aluminio-branco-empilhavel-com-almofada-osaka\/"},"modified":"2026-02-10T20:06:34","modified_gmt":"2026-02-10T19:06:34","slug":"pack-of-8-cadeiras-stackable-aluminio-branco-com-almofada-osaka","status":"publish","type":"product","link":"https:\/\/keramamueblesdejardin.com\/pt-pt\/salas-de-jantar-ao-ar-livre\/cadeiras-de-jardim\/pack-of-8-cadeiras-stackable-aluminio-branco-com-almofada-osaka\/","title":{"rendered":"Pacote de 8 cadeiras de alum\u00ednio branco empilh\u00e1vel com almofada &#8211; Osaka"},"content":{"rendered":"<p><span style=\"font-weight: 400;\">O <\/span><b>pacote de 8 cadeiras Osaka branco<\/b><span style=\"font-weight: 400;\">  \u00c9 feito de alum\u00ednio branco e bra\u00e7os com madeira imitadora de poliwood. Al\u00e9m de ser muito confort\u00e1vel dado os seus apoios de bra\u00e7os e o seu assento acolchoado e encadeado, \u00e9 empilh\u00e1vel, o que reduz consideravelmente o espa\u00e7o de armazenamento e \u00e9 muito leve. As cadeiras v\u00eam com uma almofada bege que \u00e9 remov\u00edvel e f\u00e1cil de lavar.<\/span><\/p>\n<p><span style=\"font-weight: 400;\">Voc\u00ea pode <\/span><b>combinar esta cadeira com outros produtos<\/b><a href=\"https:\/\/keramamueblesdejardin.com\/pt-pt\/?attachment_id=177178\" target=\"_blank\" rel=\"noopener\"> <b>da fam\u00edlia Osaka<\/b><\/a><span style=\"font-weight: 400;\">.<\/span><\/p>\n<p><span style=\"font-weight: 400;\">Veja a nossa<\/span><a href=\"https:\/\/keramamueblesdejardin.com\/pt-pt\/salas-de-jantar-ao-ar-livre\/definir-mesa-e-cadeiras-jardim\/\" target=\"_blank\" rel=\"noopener\"> <b>mesa de jardim e conjuntos de cadeiras.<\/b><\/a><\/p>\n","protected":false},"excerpt":{"rendered":"<ul>\n<li>Pacote de cadeiras empilh\u00e1veis em alum\u00ednio branco<\/li>\n<li>Bra\u00e7os de poliwood imitam madeira e almofadas bege<\/li>\n<li>Voc\u00ea pode combin\u00e1-lo com outros elementos da fam\u00edlia Osaka<\/li>\n<\/ul>\n","protected":false},"featured_media":35834,"comment_status":"closed","ping_status":"closed","template":"","meta":{"_acf_changed":false},"product_brand":[],"product_cat":[419,420],"product_tag":[426,427,436,441,440],"class_list":{"0":"post-33357","1":"product","2":"type-product","3":"status-publish","4":"has-post-thumbnail","6":"product_cat-cadeiras-de-jardim","7":"product_cat-salas-de-jantar-ao-ar-livre","8":"product_tag-aluminio-pt-pt","9":"product_tag-espacos-amplos","10":"product_tag-espacos-pequenos","11":"product_tag-osaka-pt-pt","12":"product_tag-toquio","13":"product_shipping_class-envio-gratuito-pt-pt","14":"pa_asientos-8-pt-pt","15":"pa_caracteristicas-bracos","16":"pa_caracteristicas-empilhavel","17":"pa_caracteristicas-resistente-a-agua","18":"pa_coleccion-osaka-pt-pt","19":"pa_material-aluminio-pt-pt","20":"pa_material-imitacao-de-madeira","22":"first","23":"instock","24":"sale","25":"purchasable","26":"product-type-simple","27":"add-to-wishlist-before_image"},"acf":[],"yoast_head":"<!-- This site is optimized with the Yoast SEO plugin v27.2 - https:\/\/yoast.com\/product\/yoast-seo-wordpress\/ -->\n<title>Pacote de 8 cadeiras de alum\u00ednio branco empilh\u00e1vel com almofada - Osaka - Kerama<\/title>\n<meta name=\"robots\" content=\"index, follow, max-snippet:-1, max-image-preview:large, max-video-preview:-1\" \/>\n<link rel=\"canonical\" href=\"https:\/\/keramamueblesdejardin.com\/pt-pt\/salas-de-jantar-ao-ar-livre\/cadeiras-de-jardim\/pack-of-8-cadeiras-stackable-aluminio-branco-com-almofada-osaka\/\" \/>\n<meta property=\"og:locale\" content=\"pt_PT\" \/>\n<meta property=\"og:type\" content=\"article\" \/>\n<meta property=\"og:title\" content=\"Pacote de 8 cadeiras de alum\u00ednio branco empilh\u00e1vel com almofada - Osaka - Kerama\" \/>\n<meta property=\"og:description\" content=\"Pacote de cadeiras empilh\u00e1veis em alum\u00ednio branco  Bra\u00e7os de poliwood imitam madeira e almofadas bege  Voc\u00ea pode combin\u00e1-lo com outros elementos da fam\u00edlia Osaka\" \/>\n<meta property=\"og:url\" content=\"https:\/\/keramamueblesdejardin.com\/pt-pt\/salas-de-jantar-ao-ar-livre\/cadeiras-de-jardim\/pack-of-8-cadeiras-stackable-aluminio-branco-com-almofada-osaka\/\" \/>\n<meta property=\"og:site_name\" content=\"Kerama\" \/>\n<meta property=\"article:publisher\" content=\"https:\/\/www.facebook.com\/Kerama-Muebles-de-Jard%c3%adn-106209328312568\/\" \/>\n<meta property=\"article:modified_time\" content=\"2026-02-10T19:06:34+00:00\" \/>\n<meta property=\"og:image\" content=\"https:\/\/keramamueblesdejardin.com\/wp-content\/uploads\/2021\/11\/osaka-blanca-alu-x-e1697018535932.jpg\" \/>\n\t<meta property=\"og:image:width\" content=\"1200\" \/>\n\t<meta property=\"og:image:height\" content=\"1200\" \/>\n\t<meta property=\"og:image:type\" content=\"image\/jpeg\" \/>\n<meta name=\"twitter:card\" content=\"summary_large_image\" \/>\n<script type=\"application\/ld+json\" class=\"yoast-schema-graph\">{\"@context\":\"https:\/\/schema.org\",\"@graph\":[{\"@type\":\"WebPage\",\"@id\":\"https:\/\/keramamueblesdejardin.com\/pt-pt\/salas-de-jantar-ao-ar-livre\/cadeiras-de-jardim\/pack-of-8-cadeiras-stackable-aluminio-branco-com-almofada-osaka\/\",\"url\":\"https:\/\/keramamueblesdejardin.com\/pt-pt\/salas-de-jantar-ao-ar-livre\/cadeiras-de-jardim\/pack-of-8-cadeiras-stackable-aluminio-branco-com-almofada-osaka\/\",\"name\":\"Pacote de 8 cadeiras de alum\u00ednio branco empilh\u00e1vel com almofada - Osaka - Kerama\",\"isPartOf\":{\"@id\":\"https:\/\/keramamueblesdejardin.com\/pt-pt\/#website\"},\"primaryImageOfPage\":{\"@id\":\"https:\/\/keramamueblesdejardin.com\/pt-pt\/salas-de-jantar-ao-ar-livre\/cadeiras-de-jardim\/pack-of-8-cadeiras-stackable-aluminio-branco-com-almofada-osaka\/#primaryimage\"},\"image\":{\"@id\":\"https:\/\/keramamueblesdejardin.com\/pt-pt\/salas-de-jantar-ao-ar-livre\/cadeiras-de-jardim\/pack-of-8-cadeiras-stackable-aluminio-branco-com-almofada-osaka\/#primaryimage\"},\"thumbnailUrl\":\"https:\/\/keramamueblesdejardin.com\/wp-content\/uploads\/2021\/11\/osaka-blanca-alu-x-e1697018535932.jpg\",\"datePublished\":\"2021-10-14T15:44:48+00:00\",\"dateModified\":\"2026-02-10T19:06:34+00:00\",\"breadcrumb\":{\"@id\":\"https:\/\/keramamueblesdejardin.com\/pt-pt\/salas-de-jantar-ao-ar-livre\/cadeiras-de-jardim\/pack-of-8-cadeiras-stackable-aluminio-branco-com-almofada-osaka\/#breadcrumb\"},\"inLanguage\":\"pt-PT\",\"potentialAction\":[{\"@type\":\"ReadAction\",\"target\":[\"https:\/\/keramamueblesdejardin.com\/pt-pt\/salas-de-jantar-ao-ar-livre\/cadeiras-de-jardim\/pack-of-8-cadeiras-stackable-aluminio-branco-com-almofada-osaka\/\"]}]},{\"@type\":\"ImageObject\",\"inLanguage\":\"pt-PT\",\"@id\":\"https:\/\/keramamueblesdejardin.com\/pt-pt\/salas-de-jantar-ao-ar-livre\/cadeiras-de-jardim\/pack-of-8-cadeiras-stackable-aluminio-branco-com-almofada-osaka\/#primaryimage\",\"url\":\"https:\/\/keramamueblesdejardin.com\/wp-content\/uploads\/2021\/11\/osaka-blanca-alu-x-e1697018535932.jpg\",\"contentUrl\":\"https:\/\/keramamueblesdejardin.com\/wp-content\/uploads\/2021\/11\/osaka-blanca-alu-x-e1697018535932.jpg\",\"width\":1200,\"height\":1200},{\"@type\":\"BreadcrumbList\",\"@id\":\"https:\/\/keramamueblesdejardin.com\/pt-pt\/salas-de-jantar-ao-ar-livre\/cadeiras-de-jardim\/pack-of-8-cadeiras-stackable-aluminio-branco-com-almofada-osaka\/#breadcrumb\",\"itemListElement\":[{\"@type\":\"ListItem\",\"position\":1,\"name\":\"Home\",\"item\":\"https:\/\/keramamueblesdejardin.com\/pt-pt\/\"},{\"@type\":\"ListItem\",\"position\":2,\"name\":\"Tienda\",\"item\":\"https:\/\/keramamueblesdejardin.com\/pt-pt\/tienda-2\/\"},{\"@type\":\"ListItem\",\"position\":3,\"name\":\"Salas de jantar ao ar livre\",\"item\":\"https:\/\/keramamueblesdejardin.com\/pt-pt\/salas-de-jantar-ao-ar-livre\/\"},{\"@type\":\"ListItem\",\"position\":4,\"name\":\"Cadeiras de jardim\",\"item\":\"https:\/\/keramamueblesdejardin.com\/pt-pt\/salas-de-jantar-ao-ar-livre\/cadeiras-de-jardim\/\"},{\"@type\":\"ListItem\",\"position\":5,\"name\":\"Pacote de 8 cadeiras de alum\u00ednio branco empilh\u00e1vel com almofada &#8211; Osaka\"}]},{\"@type\":\"WebSite\",\"@id\":\"https:\/\/keramamueblesdejardin.com\/pt-pt\/#website\",\"url\":\"https:\/\/keramamueblesdejardin.com\/pt-pt\/\",\"name\":\"Kerama\",\"description\":\"muebles de jard\u00edn\",\"publisher\":{\"@id\":\"https:\/\/keramamueblesdejardin.com\/pt-pt\/#organization\"},\"potentialAction\":[{\"@type\":\"SearchAction\",\"target\":{\"@type\":\"EntryPoint\",\"urlTemplate\":\"https:\/\/keramamueblesdejardin.com\/pt-pt\/?s={search_term_string}\"},\"query-input\":{\"@type\":\"PropertyValueSpecification\",\"valueRequired\":true,\"valueName\":\"search_term_string\"}}],\"inLanguage\":\"pt-PT\"},{\"@type\":\"Organization\",\"@id\":\"https:\/\/keramamueblesdejardin.com\/pt-pt\/#organization\",\"name\":\"kerama\",\"url\":\"https:\/\/keramamueblesdejardin.com\/pt-pt\/\",\"logo\":{\"@type\":\"ImageObject\",\"inLanguage\":\"pt-PT\",\"@id\":\"https:\/\/keramamueblesdejardin.com\/pt-pt\/#\/schema\/logo\/image\/\",\"url\":\"https:\/\/keramamueblesdejardin.com\/wp-content\/uploads\/2020\/12\/k.-scaled.jpg\",\"contentUrl\":\"https:\/\/keramamueblesdejardin.com\/wp-content\/uploads\/2020\/12\/k.-scaled.jpg\",\"width\":2560,\"height\":551,\"caption\":\"kerama\"},\"image\":{\"@id\":\"https:\/\/keramamueblesdejardin.com\/pt-pt\/#\/schema\/logo\/image\/\"},\"sameAs\":[\"https:\/\/www.facebook.com\/Kerama-Muebles-de-Jard\u00edn-106209328312568\/\"]}]}<\/script>\n<!-- \/ Yoast SEO plugin. -->","yoast_head_json":{"title":"Pacote de 8 cadeiras de alum\u00ednio branco empilh\u00e1vel com almofada - Osaka - Kerama","robots":{"index":"index","follow":"follow","max-snippet":"max-snippet:-1","max-image-preview":"max-image-preview:large","max-video-preview":"max-video-preview:-1"},"canonical":"https:\/\/keramamueblesdejardin.com\/pt-pt\/salas-de-jantar-ao-ar-livre\/cadeiras-de-jardim\/pack-of-8-cadeiras-stackable-aluminio-branco-com-almofada-osaka\/","og_locale":"pt_PT","og_type":"article","og_title":"Pacote de 8 cadeiras de alum\u00ednio branco empilh\u00e1vel com almofada - Osaka - Kerama","og_description":"Pacote de cadeiras empilh\u00e1veis em alum\u00ednio branco  Bra\u00e7os de poliwood imitam madeira e almofadas bege  Voc\u00ea pode combin\u00e1-lo com outros elementos da fam\u00edlia Osaka","og_url":"https:\/\/keramamueblesdejardin.com\/pt-pt\/salas-de-jantar-ao-ar-livre\/cadeiras-de-jardim\/pack-of-8-cadeiras-stackable-aluminio-branco-com-almofada-osaka\/","og_site_name":"Kerama","article_publisher":"https:\/\/www.facebook.com\/Kerama-Muebles-de-Jard%c3%adn-106209328312568\/","article_modified_time":"2026-02-10T19:06:34+00:00","og_image":[{"width":1200,"height":1200,"url":"https:\/\/keramamueblesdejardin.com\/wp-content\/uploads\/2021\/11\/osaka-blanca-alu-x-e1697018535932.jpg","type":"image\/jpeg"}],"twitter_card":"summary_large_image","schema":{"@context":"https:\/\/schema.org","@graph":[{"@type":"WebPage","@id":"https:\/\/keramamueblesdejardin.com\/pt-pt\/salas-de-jantar-ao-ar-livre\/cadeiras-de-jardim\/pack-of-8-cadeiras-stackable-aluminio-branco-com-almofada-osaka\/","url":"https:\/\/keramamueblesdejardin.com\/pt-pt\/salas-de-jantar-ao-ar-livre\/cadeiras-de-jardim\/pack-of-8-cadeiras-stackable-aluminio-branco-com-almofada-osaka\/","name":"Pacote de 8 cadeiras de alum\u00ednio branco empilh\u00e1vel com almofada - Osaka - Kerama","isPartOf":{"@id":"https:\/\/keramamueblesdejardin.com\/pt-pt\/#website"},"primaryImageOfPage":{"@id":"https:\/\/keramamueblesdejardin.com\/pt-pt\/salas-de-jantar-ao-ar-livre\/cadeiras-de-jardim\/pack-of-8-cadeiras-stackable-aluminio-branco-com-almofada-osaka\/#primaryimage"},"image":{"@id":"https:\/\/keramamueblesdejardin.com\/pt-pt\/salas-de-jantar-ao-ar-livre\/cadeiras-de-jardim\/pack-of-8-cadeiras-stackable-aluminio-branco-com-almofada-osaka\/#primaryimage"},"thumbnailUrl":"https:\/\/keramamueblesdejardin.com\/wp-content\/uploads\/2021\/11\/osaka-blanca-alu-x-e1697018535932.jpg","datePublished":"2021-10-14T15:44:48+00:00","dateModified":"2026-02-10T19:06:34+00:00","breadcrumb":{"@id":"https:\/\/keramamueblesdejardin.com\/pt-pt\/salas-de-jantar-ao-ar-livre\/cadeiras-de-jardim\/pack-of-8-cadeiras-stackable-aluminio-branco-com-almofada-osaka\/#breadcrumb"},"inLanguage":"pt-PT","potentialAction":[{"@type":"ReadAction","target":["https:\/\/keramamueblesdejardin.com\/pt-pt\/salas-de-jantar-ao-ar-livre\/cadeiras-de-jardim\/pack-of-8-cadeiras-stackable-aluminio-branco-com-almofada-osaka\/"]}]},{"@type":"ImageObject","inLanguage":"pt-PT","@id":"https:\/\/keramamueblesdejardin.com\/pt-pt\/salas-de-jantar-ao-ar-livre\/cadeiras-de-jardim\/pack-of-8-cadeiras-stackable-aluminio-branco-com-almofada-osaka\/#primaryimage","url":"https:\/\/keramamueblesdejardin.com\/wp-content\/uploads\/2021\/11\/osaka-blanca-alu-x-e1697018535932.jpg","contentUrl":"https:\/\/keramamueblesdejardin.com\/wp-content\/uploads\/2021\/11\/osaka-blanca-alu-x-e1697018535932.jpg","width":1200,"height":1200},{"@type":"BreadcrumbList","@id":"https:\/\/keramamueblesdejardin.com\/pt-pt\/salas-de-jantar-ao-ar-livre\/cadeiras-de-jardim\/pack-of-8-cadeiras-stackable-aluminio-branco-com-almofada-osaka\/#breadcrumb","itemListElement":[{"@type":"ListItem","position":1,"name":"Home","item":"https:\/\/keramamueblesdejardin.com\/pt-pt\/"},{"@type":"ListItem","position":2,"name":"Tienda","item":"https:\/\/keramamueblesdejardin.com\/pt-pt\/tienda-2\/"},{"@type":"ListItem","position":3,"name":"Salas de jantar ao ar livre","item":"https:\/\/keramamueblesdejardin.com\/pt-pt\/salas-de-jantar-ao-ar-livre\/"},{"@type":"ListItem","position":4,"name":"Cadeiras de jardim","item":"https:\/\/keramamueblesdejardin.com\/pt-pt\/salas-de-jantar-ao-ar-livre\/cadeiras-de-jardim\/"},{"@type":"ListItem","position":5,"name":"Pacote de 8 cadeiras de alum\u00ednio branco empilh\u00e1vel com almofada &#8211; Osaka"}]},{"@type":"WebSite","@id":"https:\/\/keramamueblesdejardin.com\/pt-pt\/#website","url":"https:\/\/keramamueblesdejardin.com\/pt-pt\/","name":"Kerama","description":"muebles de jard\u00edn","publisher":{"@id":"https:\/\/keramamueblesdejardin.com\/pt-pt\/#organization"},"potentialAction":[{"@type":"SearchAction","target":{"@type":"EntryPoint","urlTemplate":"https:\/\/keramamueblesdejardin.com\/pt-pt\/?s={search_term_string}"},"query-input":{"@type":"PropertyValueSpecification","valueRequired":true,"valueName":"search_term_string"}}],"inLanguage":"pt-PT"},{"@type":"Organization","@id":"https:\/\/keramamueblesdejardin.com\/pt-pt\/#organization","name":"kerama","url":"https:\/\/keramamueblesdejardin.com\/pt-pt\/","logo":{"@type":"ImageObject","inLanguage":"pt-PT","@id":"https:\/\/keramamueblesdejardin.com\/pt-pt\/#\/schema\/logo\/image\/","url":"https:\/\/keramamueblesdejardin.com\/wp-content\/uploads\/2020\/12\/k.-scaled.jpg","contentUrl":"https:\/\/keramamueblesdejardin.com\/wp-content\/uploads\/2020\/12\/k.-scaled.jpg","width":2560,"height":551,"caption":"kerama"},"image":{"@id":"https:\/\/keramamueblesdejardin.com\/pt-pt\/#\/schema\/logo\/image\/"},"sameAs":["https:\/\/www.facebook.com\/Kerama-Muebles-de-Jard\u00edn-106209328312568\/"]}]}},"df_price":1069,"df_sale_price":1069,"df_regular_price":1312,"df_image_link":"https:\/\/keramamueblesdejardin.com\/wp-content\/uploads\/2021\/11\/osaka-blanca-alu-x-300x300.jpg","custom_tabs":[{"title":"MEDI\u00c7\u00c3O","id":"medi\u00e7\u00e3o","content":"<strong>Altura:<\/strong> 87 cm\n<strong>Largura:<\/strong> 56.5 cm\n<strong>Profundidade:<\/strong> 54 cm\n<strong>Altura do assento:<\/strong> 50 cm\n<strong>Profundidade do assento:<\/strong> 50 cm"},{"title":"DESEMBALAR E ASSEMBL\u00c9IA","id":"desembalar-e-assembleia","content":"<strong>Recomenda\u00e7\u00f5es para desembalar:<\/strong> N\u00e3o utilize utens\u00edlios cortantes ao desembalar os m\u00f3veis, pois pode causar danos\n<strong>Montagem necess\u00e1ria (sim\/n\u00e3o):<\/strong> N\u00e3o"},{"title":"MANUTEN\u00c7\u00c3O E GARANTIAS","id":"manutencao-e-garantias","content":"<strong>Condi\u00e7\u00f5es gerais:<\/strong>\n\u2022 Avarias ou danos causados por:\n \u2022 Causas acidentais como quedas, golpes, derrame de l\u00edquidos, introdu\u00e7\u00e3o de corpos estranhos, bem como qualquer outra for\u00e7a maior, est\u00e3o exclu\u00eddos da garantia.\n\u2022 Uso negligente, inadequado ou n\u00e3o dom\u00e9stico.\n\u2022 Danos, corros\u00e3o e\/ou oxida\u00e7\u00e3o acelerados por condi\u00e7\u00f5es ambientais adversas\n\u2022 Manchas e descolora\u00e7\u00e3o devido ao incumprimento das nossas instru\u00e7\u00f5es de limpeza\n\u2022 Danos ocorridos durante a montagem e manuseamento sem o cumprimento das instru\u00e7\u00f5es indicadas.\n<strong>Instru\u00e7\u00f5es de utiliza\u00e7\u00e3o e manuten\u00e7\u00e3o:<\/strong>\n\u2022 Limpe suavemente com a ajuda de um pano ou use um sabonete l\u00edquido neutro, enxaguando com bastante \u00e1gua.\n\u2022 Retire o p\u00f3 regularmente com a ajuda de um pano macio e \u00e1gua l\u00edmpida.\n\u2022 N\u00e3o utilize detergentes ou produtos abrasivos para a limpeza.\n<strong>Anos de garantia:<\/strong> 3 anos\n<strong>Fabricado de acordo com a Norma:<\/strong> 581-1.581-2"}],"_links":{"self":[{"href":"https:\/\/keramamueblesdejardin.com\/pt-pt\/wp-json\/wp\/v2\/product\/33357","targetHints":{"allow":["GET"]}}],"collection":[{"href":"https:\/\/keramamueblesdejardin.com\/pt-pt\/wp-json\/wp\/v2\/product"}],"about":[{"href":"https:\/\/keramamueblesdejardin.com\/pt-pt\/wp-json\/wp\/v2\/types\/product"}],"replies":[{"embeddable":true,"href":"https:\/\/keramamueblesdejardin.com\/pt-pt\/wp-json\/wp\/v2\/comments?post=33357"}],"wp:featuredmedia":[{"embeddable":true,"href":"https:\/\/keramamueblesdejardin.com\/pt-pt\/wp-json\/wp\/v2\/media\/35834"}],"wp:attachment":[{"href":"https:\/\/keramamueblesdejardin.com\/pt-pt\/wp-json\/wp\/v2\/media?parent=33357"}],"wp:term":[{"taxonomy":"product_brand","embeddable":true,"href":"https:\/\/keramamueblesdejardin.com\/pt-pt\/wp-json\/wp\/v2\/product_brand?post=33357"},{"taxonomy":"product_cat","embeddable":true,"href":"https:\/\/keramamueblesdejardin.com\/pt-pt\/wp-json\/wp\/v2\/product_cat?post=33357"},{"taxonomy":"product_tag","embeddable":true,"href":"https:\/\/keramamueblesdejardin.com\/pt-pt\/wp-json\/wp\/v2\/product_tag?post=33357"}],"curies":[{"name":"wp","href":"https:\/\/api.w.org\/{rel}","templated":true}]}}