{"id":33337,"date":"2021-10-14T17:44:48","date_gmt":"2021-10-14T15:44:48","guid":{"rendered":"https:\/\/keramamueblesdejardin.com\/sem%20categoria\/mesa-de-jardim-160-80x80-cm-e-4-cadeiras-de-aluminio-branco-osaka\/"},"modified":"2026-02-10T20:07:24","modified_gmt":"2026-02-10T19:07:24","slug":"set-table-garden-160-80x80-cm-e-4-cadeiras-aluminio-branco-osaka","status":"publish","type":"product","link":"https:\/\/keramamueblesdejardin.com\/pt-pt\/salas-de-jantar-ao-ar-livre\/definir-mesa-e-cadeiras-jardim\/set-table-garden-160-80x80-cm-e-4-cadeiras-aluminio-branco-osaka\/","title":{"rendered":"Mesa de jardim 160\/80&#215;80 cm e 4 cadeiras de alum\u00ednio branco &#8211; Osaka"},"content":{"rendered":"<p><span style=\"font-weight: 400;\">O <\/span><b>conjunto de mesa e cadeiras para jardim ou terra\u00e7o Osaka<\/b><span style=\"font-weight: 400;\"> consiste de uma <\/span><b>mesa extens\u00edvel de alum\u00ednio branco<\/b><span style=\"font-weight: 400;\"> com ripas de poliwood com madeira de imita\u00e7\u00e3o e <\/span><b>4 cadeiras empilh\u00e1veis<\/b><span style=\"font-weight: 400;\">  alum\u00ednio branco acolchoado com bra\u00e7os de poliwood. Al\u00e9m disso, tem  <\/span><b>almofadas cinzentas amov\u00edveis<\/b><span style=\"font-weight: 400;\"> para uma f\u00e1cil limpeza.<\/span><\/p>\n<p><span style=\"font-weight: 400;\">O conjunto \u00e9 projetado para tirar o m\u00e1ximo partido dos espa\u00e7os pequenos, dado o <\/span><b>sistema de extens\u00e3o da<\/b><span style=\"font-weight: 400;\"> tabela que permite<\/span><b> expandir para o dobro do seu tamanho facilmente e confortavelmente<\/b><span style=\"font-weight: 400;\">. \u00c9 ideal para varandas, cozinhas e pequenos terra\u00e7os.<\/span><\/p>\n<p><span style=\"font-weight: 400;\">Voc\u00ea pode combinar o conjunto com outros produtos que fazem parte da <\/span><a href=\"https:\/\/keramamueblesdejardin.com\/pt-pt\/?attachment_id=177178\" target=\"_blank\" rel=\"noopener\"><br \/>\n  <b>fam\u00edlia Osaka<\/b><br \/>\n<\/a><span style=\"font-weight: 400;\">.<\/span><\/p>\n<p><span style=\"font-weight: 400;\">Veja a nossa <\/span><a href=\"https:\/\/keramamueblesdejardin.com\/pt-pt\/salas-de-jantar-ao-ar-livre\/definir-mesa-e-cadeiras-jardim\/\" target=\"_blank\" rel=\"noopener\"><br \/>\n  <b>mesa de jardim e conjuntos de cadeiras<\/b><br \/>\n<\/a><b>.<\/b><\/p>\n","protected":false},"excerpt":{"rendered":"<ul>\n<li>Jardim conjunto com mesa e 4 cadeiras empilh\u00e1veis Osaka<\/li>\n<li>Mesa extens\u00edvel feita de alum\u00ednio branco e folhas de poliwood imitam madeira<\/li>\n<li>Cadeiras de alum\u00ednio branco com madeira de imita\u00e7\u00e3o de bra\u00e7os de poliwood e almofadas cinzentas<\/li>\n<li>Tamanho da mesa: 80\u00d780 cm (fechado) 160\u00d780 cm (estendido)<\/li>\n<\/ul>\n","protected":false},"featured_media":31244,"comment_status":"closed","ping_status":"closed","template":"","meta":{"_acf_changed":false},"product_brand":[],"product_cat":[422,420],"product_tag":[426,436,441,440],"class_list":{"0":"post-33337","1":"product","2":"type-product","3":"status-publish","4":"has-post-thumbnail","6":"product_cat-definir-mesa-e-cadeiras-jardim","7":"product_cat-salas-de-jantar-ao-ar-livre","8":"product_tag-aluminio-pt-pt","9":"product_tag-espacos-pequenos","10":"product_tag-osaka-pt-pt","11":"product_tag-toquio","12":"product_shipping_class-envio-gratuito-pt-pt","13":"pa_ancho-80-pt-pt","14":"pa_asientos-4-pt-pt","15":"pa_caracteristicas-bracos","16":"pa_caracteristicas-empilhavel","17":"pa_caracteristicas-extensivel","18":"pa_caracteristicas-resistente-a-agua","19":"pa_coleccion-osaka-pt-pt","20":"pa_espacio-2-56-pt-pt","21":"pa_forma-retangular","22":"pa_largo-320-pt-pt","23":"pa_m2-256-pt-pt","24":"pa_material-aluminio-pt-pt","25":"pa_material-cristal-templado-pt-pt","26":"pa_tamano-espacio-pequeno-pt-pt-2","28":"first","29":"instock","30":"sale","31":"purchasable","32":"product-type-simple","33":"add-to-wishlist-before_image"},"acf":[],"yoast_head":"<!-- This site is optimized with the Yoast SEO plugin v27.2 - https:\/\/yoast.com\/product\/yoast-seo-wordpress\/ -->\n<title>Mesa de jardim 160\/80x80 cm e 4 cadeiras de alum\u00ednio branco - Osaka - Kerama<\/title>\n<meta name=\"robots\" content=\"index, follow, max-snippet:-1, max-image-preview:large, max-video-preview:-1\" \/>\n<link rel=\"canonical\" href=\"https:\/\/keramamueblesdejardin.com\/pt-pt\/salas-de-jantar-ao-ar-livre\/definir-mesa-e-cadeiras-jardim\/set-table-garden-160-80x80-cm-e-4-cadeiras-aluminio-branco-osaka\/\" \/>\n<meta property=\"og:locale\" content=\"pt_PT\" \/>\n<meta property=\"og:type\" content=\"article\" \/>\n<meta property=\"og:title\" content=\"Mesa de jardim 160\/80x80 cm e 4 cadeiras de alum\u00ednio branco - Osaka - Kerama\" \/>\n<meta property=\"og:description\" content=\"Jardim conjunto com mesa e 4 cadeiras empilh\u00e1veis Osaka  Mesa extens\u00edvel feita de alum\u00ednio branco e folhas de poliwood imitam madeira  Cadeiras de alum\u00ednio branco com madeira de imita\u00e7\u00e3o de bra\u00e7os de poliwood e almofadas cinzentas  Tamanho da mesa: 80\u00d780 cm (fechado) 160\u00d780 cm (estendido)\" \/>\n<meta property=\"og:url\" content=\"https:\/\/keramamueblesdejardin.com\/pt-pt\/salas-de-jantar-ao-ar-livre\/definir-mesa-e-cadeiras-jardim\/set-table-garden-160-80x80-cm-e-4-cadeiras-aluminio-branco-osaka\/\" \/>\n<meta property=\"og:site_name\" content=\"Kerama\" \/>\n<meta property=\"article:publisher\" content=\"https:\/\/www.facebook.com\/Kerama-Muebles-de-Jard%c3%adn-106209328312568\/\" \/>\n<meta property=\"article:modified_time\" content=\"2026-02-10T19:07:24+00:00\" \/>\n<meta property=\"og:image\" content=\"https:\/\/keramamueblesdejardin.com\/wp-content\/uploads\/2021\/10\/L1440646_SILU_-scaled-e1697714479286.jpg\" \/>\n\t<meta property=\"og:image:width\" content=\"1200\" \/>\n\t<meta property=\"og:image:height\" content=\"1200\" \/>\n\t<meta property=\"og:image:type\" content=\"image\/jpeg\" \/>\n<meta name=\"twitter:card\" content=\"summary_large_image\" \/>\n<meta name=\"twitter:label1\" content=\"Tempo estimado de leitura\" \/>\n\t<meta name=\"twitter:data1\" content=\"1 minuto\" \/>\n<script type=\"application\/ld+json\" class=\"yoast-schema-graph\">{\"@context\":\"https:\/\/schema.org\",\"@graph\":[{\"@type\":\"WebPage\",\"@id\":\"https:\/\/keramamueblesdejardin.com\/pt-pt\/salas-de-jantar-ao-ar-livre\/definir-mesa-e-cadeiras-jardim\/set-table-garden-160-80x80-cm-e-4-cadeiras-aluminio-branco-osaka\/\",\"url\":\"https:\/\/keramamueblesdejardin.com\/pt-pt\/salas-de-jantar-ao-ar-livre\/definir-mesa-e-cadeiras-jardim\/set-table-garden-160-80x80-cm-e-4-cadeiras-aluminio-branco-osaka\/\",\"name\":\"Mesa de jardim 160\/80x80 cm e 4 cadeiras de alum\u00ednio branco - Osaka - Kerama\",\"isPartOf\":{\"@id\":\"https:\/\/keramamueblesdejardin.com\/pt-pt\/#website\"},\"primaryImageOfPage\":{\"@id\":\"https:\/\/keramamueblesdejardin.com\/pt-pt\/salas-de-jantar-ao-ar-livre\/definir-mesa-e-cadeiras-jardim\/set-table-garden-160-80x80-cm-e-4-cadeiras-aluminio-branco-osaka\/#primaryimage\"},\"image\":{\"@id\":\"https:\/\/keramamueblesdejardin.com\/pt-pt\/salas-de-jantar-ao-ar-livre\/definir-mesa-e-cadeiras-jardim\/set-table-garden-160-80x80-cm-e-4-cadeiras-aluminio-branco-osaka\/#primaryimage\"},\"thumbnailUrl\":\"https:\/\/keramamueblesdejardin.com\/wp-content\/uploads\/2021\/10\/L1440646_SILU_-scaled-e1697714479286.jpg\",\"datePublished\":\"2021-10-14T15:44:48+00:00\",\"dateModified\":\"2026-02-10T19:07:24+00:00\",\"breadcrumb\":{\"@id\":\"https:\/\/keramamueblesdejardin.com\/pt-pt\/salas-de-jantar-ao-ar-livre\/definir-mesa-e-cadeiras-jardim\/set-table-garden-160-80x80-cm-e-4-cadeiras-aluminio-branco-osaka\/#breadcrumb\"},\"inLanguage\":\"pt-PT\",\"potentialAction\":[{\"@type\":\"ReadAction\",\"target\":[\"https:\/\/keramamueblesdejardin.com\/pt-pt\/salas-de-jantar-ao-ar-livre\/definir-mesa-e-cadeiras-jardim\/set-table-garden-160-80x80-cm-e-4-cadeiras-aluminio-branco-osaka\/\"]}]},{\"@type\":\"ImageObject\",\"inLanguage\":\"pt-PT\",\"@id\":\"https:\/\/keramamueblesdejardin.com\/pt-pt\/salas-de-jantar-ao-ar-livre\/definir-mesa-e-cadeiras-jardim\/set-table-garden-160-80x80-cm-e-4-cadeiras-aluminio-branco-osaka\/#primaryimage\",\"url\":\"https:\/\/keramamueblesdejardin.com\/wp-content\/uploads\/2021\/10\/L1440646_SILU_-scaled-e1697714479286.jpg\",\"contentUrl\":\"https:\/\/keramamueblesdejardin.com\/wp-content\/uploads\/2021\/10\/L1440646_SILU_-scaled-e1697714479286.jpg\",\"width\":1200,\"height\":1200},{\"@type\":\"BreadcrumbList\",\"@id\":\"https:\/\/keramamueblesdejardin.com\/pt-pt\/salas-de-jantar-ao-ar-livre\/definir-mesa-e-cadeiras-jardim\/set-table-garden-160-80x80-cm-e-4-cadeiras-aluminio-branco-osaka\/#breadcrumb\",\"itemListElement\":[{\"@type\":\"ListItem\",\"position\":1,\"name\":\"Home\",\"item\":\"https:\/\/keramamueblesdejardin.com\/pt-pt\/\"},{\"@type\":\"ListItem\",\"position\":2,\"name\":\"Tienda\",\"item\":\"https:\/\/keramamueblesdejardin.com\/pt-pt\/tienda-2\/\"},{\"@type\":\"ListItem\",\"position\":3,\"name\":\"Salas de jantar ao ar livre\",\"item\":\"https:\/\/keramamueblesdejardin.com\/pt-pt\/salas-de-jantar-ao-ar-livre\/\"},{\"@type\":\"ListItem\",\"position\":4,\"name\":\"Definir mesa e cadeiras jardim\",\"item\":\"https:\/\/keramamueblesdejardin.com\/pt-pt\/salas-de-jantar-ao-ar-livre\/definir-mesa-e-cadeiras-jardim\/\"},{\"@type\":\"ListItem\",\"position\":5,\"name\":\"Mesa de jardim 160\/80&#215;80 cm e 4 cadeiras de alum\u00ednio branco &#8211; Osaka\"}]},{\"@type\":\"WebSite\",\"@id\":\"https:\/\/keramamueblesdejardin.com\/pt-pt\/#website\",\"url\":\"https:\/\/keramamueblesdejardin.com\/pt-pt\/\",\"name\":\"Kerama\",\"description\":\"muebles de jard\u00edn\",\"publisher\":{\"@id\":\"https:\/\/keramamueblesdejardin.com\/pt-pt\/#organization\"},\"potentialAction\":[{\"@type\":\"SearchAction\",\"target\":{\"@type\":\"EntryPoint\",\"urlTemplate\":\"https:\/\/keramamueblesdejardin.com\/pt-pt\/?s={search_term_string}\"},\"query-input\":{\"@type\":\"PropertyValueSpecification\",\"valueRequired\":true,\"valueName\":\"search_term_string\"}}],\"inLanguage\":\"pt-PT\"},{\"@type\":\"Organization\",\"@id\":\"https:\/\/keramamueblesdejardin.com\/pt-pt\/#organization\",\"name\":\"kerama\",\"url\":\"https:\/\/keramamueblesdejardin.com\/pt-pt\/\",\"logo\":{\"@type\":\"ImageObject\",\"inLanguage\":\"pt-PT\",\"@id\":\"https:\/\/keramamueblesdejardin.com\/pt-pt\/#\/schema\/logo\/image\/\",\"url\":\"https:\/\/keramamueblesdejardin.com\/wp-content\/uploads\/2020\/12\/k.-scaled.jpg\",\"contentUrl\":\"https:\/\/keramamueblesdejardin.com\/wp-content\/uploads\/2020\/12\/k.-scaled.jpg\",\"width\":2560,\"height\":551,\"caption\":\"kerama\"},\"image\":{\"@id\":\"https:\/\/keramamueblesdejardin.com\/pt-pt\/#\/schema\/logo\/image\/\"},\"sameAs\":[\"https:\/\/www.facebook.com\/Kerama-Muebles-de-Jard\u00edn-106209328312568\/\"]}]}<\/script>\n<!-- \/ Yoast SEO plugin. -->","yoast_head_json":{"title":"Mesa de jardim 160\/80x80 cm e 4 cadeiras de alum\u00ednio branco - Osaka - Kerama","robots":{"index":"index","follow":"follow","max-snippet":"max-snippet:-1","max-image-preview":"max-image-preview:large","max-video-preview":"max-video-preview:-1"},"canonical":"https:\/\/keramamueblesdejardin.com\/pt-pt\/salas-de-jantar-ao-ar-livre\/definir-mesa-e-cadeiras-jardim\/set-table-garden-160-80x80-cm-e-4-cadeiras-aluminio-branco-osaka\/","og_locale":"pt_PT","og_type":"article","og_title":"Mesa de jardim 160\/80x80 cm e 4 cadeiras de alum\u00ednio branco - Osaka - Kerama","og_description":"Jardim conjunto com mesa e 4 cadeiras empilh\u00e1veis Osaka  Mesa extens\u00edvel feita de alum\u00ednio branco e folhas de poliwood imitam madeira  Cadeiras de alum\u00ednio branco com madeira de imita\u00e7\u00e3o de bra\u00e7os de poliwood e almofadas cinzentas  Tamanho da mesa: 80\u00d780 cm (fechado) 160\u00d780 cm (estendido)","og_url":"https:\/\/keramamueblesdejardin.com\/pt-pt\/salas-de-jantar-ao-ar-livre\/definir-mesa-e-cadeiras-jardim\/set-table-garden-160-80x80-cm-e-4-cadeiras-aluminio-branco-osaka\/","og_site_name":"Kerama","article_publisher":"https:\/\/www.facebook.com\/Kerama-Muebles-de-Jard%c3%adn-106209328312568\/","article_modified_time":"2026-02-10T19:07:24+00:00","og_image":[{"width":1200,"height":1200,"url":"https:\/\/keramamueblesdejardin.com\/wp-content\/uploads\/2021\/10\/L1440646_SILU_-scaled-e1697714479286.jpg","type":"image\/jpeg"}],"twitter_card":"summary_large_image","twitter_misc":{"Tempo estimado de leitura":"1 minuto"},"schema":{"@context":"https:\/\/schema.org","@graph":[{"@type":"WebPage","@id":"https:\/\/keramamueblesdejardin.com\/pt-pt\/salas-de-jantar-ao-ar-livre\/definir-mesa-e-cadeiras-jardim\/set-table-garden-160-80x80-cm-e-4-cadeiras-aluminio-branco-osaka\/","url":"https:\/\/keramamueblesdejardin.com\/pt-pt\/salas-de-jantar-ao-ar-livre\/definir-mesa-e-cadeiras-jardim\/set-table-garden-160-80x80-cm-e-4-cadeiras-aluminio-branco-osaka\/","name":"Mesa de jardim 160\/80x80 cm e 4 cadeiras de alum\u00ednio branco - Osaka - Kerama","isPartOf":{"@id":"https:\/\/keramamueblesdejardin.com\/pt-pt\/#website"},"primaryImageOfPage":{"@id":"https:\/\/keramamueblesdejardin.com\/pt-pt\/salas-de-jantar-ao-ar-livre\/definir-mesa-e-cadeiras-jardim\/set-table-garden-160-80x80-cm-e-4-cadeiras-aluminio-branco-osaka\/#primaryimage"},"image":{"@id":"https:\/\/keramamueblesdejardin.com\/pt-pt\/salas-de-jantar-ao-ar-livre\/definir-mesa-e-cadeiras-jardim\/set-table-garden-160-80x80-cm-e-4-cadeiras-aluminio-branco-osaka\/#primaryimage"},"thumbnailUrl":"https:\/\/keramamueblesdejardin.com\/wp-content\/uploads\/2021\/10\/L1440646_SILU_-scaled-e1697714479286.jpg","datePublished":"2021-10-14T15:44:48+00:00","dateModified":"2026-02-10T19:07:24+00:00","breadcrumb":{"@id":"https:\/\/keramamueblesdejardin.com\/pt-pt\/salas-de-jantar-ao-ar-livre\/definir-mesa-e-cadeiras-jardim\/set-table-garden-160-80x80-cm-e-4-cadeiras-aluminio-branco-osaka\/#breadcrumb"},"inLanguage":"pt-PT","potentialAction":[{"@type":"ReadAction","target":["https:\/\/keramamueblesdejardin.com\/pt-pt\/salas-de-jantar-ao-ar-livre\/definir-mesa-e-cadeiras-jardim\/set-table-garden-160-80x80-cm-e-4-cadeiras-aluminio-branco-osaka\/"]}]},{"@type":"ImageObject","inLanguage":"pt-PT","@id":"https:\/\/keramamueblesdejardin.com\/pt-pt\/salas-de-jantar-ao-ar-livre\/definir-mesa-e-cadeiras-jardim\/set-table-garden-160-80x80-cm-e-4-cadeiras-aluminio-branco-osaka\/#primaryimage","url":"https:\/\/keramamueblesdejardin.com\/wp-content\/uploads\/2021\/10\/L1440646_SILU_-scaled-e1697714479286.jpg","contentUrl":"https:\/\/keramamueblesdejardin.com\/wp-content\/uploads\/2021\/10\/L1440646_SILU_-scaled-e1697714479286.jpg","width":1200,"height":1200},{"@type":"BreadcrumbList","@id":"https:\/\/keramamueblesdejardin.com\/pt-pt\/salas-de-jantar-ao-ar-livre\/definir-mesa-e-cadeiras-jardim\/set-table-garden-160-80x80-cm-e-4-cadeiras-aluminio-branco-osaka\/#breadcrumb","itemListElement":[{"@type":"ListItem","position":1,"name":"Home","item":"https:\/\/keramamueblesdejardin.com\/pt-pt\/"},{"@type":"ListItem","position":2,"name":"Tienda","item":"https:\/\/keramamueblesdejardin.com\/pt-pt\/tienda-2\/"},{"@type":"ListItem","position":3,"name":"Salas de jantar ao ar livre","item":"https:\/\/keramamueblesdejardin.com\/pt-pt\/salas-de-jantar-ao-ar-livre\/"},{"@type":"ListItem","position":4,"name":"Definir mesa e cadeiras jardim","item":"https:\/\/keramamueblesdejardin.com\/pt-pt\/salas-de-jantar-ao-ar-livre\/definir-mesa-e-cadeiras-jardim\/"},{"@type":"ListItem","position":5,"name":"Mesa de jardim 160\/80&#215;80 cm e 4 cadeiras de alum\u00ednio branco &#8211; Osaka"}]},{"@type":"WebSite","@id":"https:\/\/keramamueblesdejardin.com\/pt-pt\/#website","url":"https:\/\/keramamueblesdejardin.com\/pt-pt\/","name":"Kerama","description":"muebles de jard\u00edn","publisher":{"@id":"https:\/\/keramamueblesdejardin.com\/pt-pt\/#organization"},"potentialAction":[{"@type":"SearchAction","target":{"@type":"EntryPoint","urlTemplate":"https:\/\/keramamueblesdejardin.com\/pt-pt\/?s={search_term_string}"},"query-input":{"@type":"PropertyValueSpecification","valueRequired":true,"valueName":"search_term_string"}}],"inLanguage":"pt-PT"},{"@type":"Organization","@id":"https:\/\/keramamueblesdejardin.com\/pt-pt\/#organization","name":"kerama","url":"https:\/\/keramamueblesdejardin.com\/pt-pt\/","logo":{"@type":"ImageObject","inLanguage":"pt-PT","@id":"https:\/\/keramamueblesdejardin.com\/pt-pt\/#\/schema\/logo\/image\/","url":"https:\/\/keramamueblesdejardin.com\/wp-content\/uploads\/2020\/12\/k.-scaled.jpg","contentUrl":"https:\/\/keramamueblesdejardin.com\/wp-content\/uploads\/2020\/12\/k.-scaled.jpg","width":2560,"height":551,"caption":"kerama"},"image":{"@id":"https:\/\/keramamueblesdejardin.com\/pt-pt\/#\/schema\/logo\/image\/"},"sameAs":["https:\/\/www.facebook.com\/Kerama-Muebles-de-Jard\u00edn-106209328312568\/"]}]}},"df_price":919,"df_sale_price":919,"df_regular_price":1130,"df_image_link":"https:\/\/keramamueblesdejardin.com\/wp-content\/uploads\/2021\/10\/L1440646_SILU_-300x300.jpg","custom_tabs":[{"title":"MEDI\u00c7\u00c3O","id":"medi\u00e7\u00e3o","content":"<strong>Alta:<\/strong> Cadeira 87 cm \/ Mesa 75 cm\n<strong>Largura:<\/strong> Cadeira 56.5 cm \/ Tabela 80 cm\n<strong>Profundidade:<\/strong> Cadeira 54 cm \/ Mesa 80 cm (n\u00e3o estendida) 160 cm (estendida)\n <strong>Altura do assento:<\/strong> 50 cm\n<strong>Profundidade do assento:<\/strong> 50 cm"},{"title":"DESEMBALAR E ASSEMBL\u00c9IA","id":"desembalar-e-assembleia","content":"<strong>Recomenda\u00e7\u00f5es de desembalagem:<\/strong> N\u00e3o utilize utens\u00edlios afiados ao desempacotar o mobili\u00e1rio, pois pode causar danos\n<strong>Requer montagem (sim\/n\u00e3o):<\/strong> Sim\n<strong>Dificuldade de montagem:<\/strong> Acidente\n<strong>Tempo de montagem:<\/strong> 20 minutos\n<strong>Pessoas recomendadas para montagem:<\/strong> 2\n<strong>Sugest\u00f5es de montagem:<\/strong> Prepare uma \u00e1rea de montagem limpa e seca, verifique se n\u00e3o faltam nenhuma das pe\u00e7as indicadas no manual. Recomendamos o uso de luvas adequadas para a montagem. Utilize apenas pe\u00e7as e hardware fornecidos. N\u00c3O recomendamos a op\u00e7\u00e3o de compra com montagem para este item, uma vez que a dificuldade de montagem \u00e9 muito baixa."},{"title":"MANUTEN\u00c7\u00c3O E GARANTIAS","id":"manutencao-e-garantias","content":"<strong>Recomenda\u00e7\u00f5es gerais:<\/strong>\n\u2022 Avarias ou danos causados por:\n \u2022 Causas acidentais como quedas, golpes, derrame de l\u00edquidos, introdu\u00e7\u00e3o de corpos estranhos, bem como qualquer outra for\u00e7a maior, est\u00e3o exclu\u00eddos da garantia.\n\u2022 Uso negligente, inadequado ou n\u00e3o dom\u00e9stico, n\u00e3o seguindo as instru\u00e7\u00f5es de utiliza\u00e7\u00e3o.\n\u2022 Danos, corros\u00e3o e\/ou oxida\u00e7\u00e3o acelerados por condi\u00e7\u00f5es ambientais adversas\n\u2022 Manchas e descolora\u00e7\u00e3o devido ao incumprimento das nossas instru\u00e7\u00f5es de limpeza\n\u2022 Danos ocorridos durante a montagem e manuseamento sem o cumprimento das instru\u00e7\u00f5es indicadas.\n\n<strong>Instru\u00e7\u00f5es para uso e manuten\u00e7\u00e3o:<\/strong>\n\u2022 Em dias de sol, use uma capa de mesa, especialmente com copos, copos e recipientes de vidro, pois amplifica a temperatura do sol e pode derreter o poliestireno. Evite qualquer tipo de cobertura que possa gerar o mesmo efeito.\n\u2022 Limpe suavemente com a ajuda de um pano ou use um sabonete l\u00edquido neutro, enxagueando com bastante \u00e1gua.\n\u2022 Remover o p\u00f3 regularmente com a ajuda de um pano macio e \u00e1gua limpa.\n\u2022 N\u00e3o use detergentes ou produtos abrasivos para limpeza.\n\u2022 Depois da chuva, seque a mesa com um pano limpo para evitar manchas\n\u2022 Proteja com uma toalha de mesa respir\u00e1vel ou uma capa protetora\n<strong>Anos de garantia:<\/strong> 3 anos\n<strong>Fabricado de acordo com a Norma:<\/strong> 581-1.581-2.581-3"}],"_links":{"self":[{"href":"https:\/\/keramamueblesdejardin.com\/pt-pt\/wp-json\/wp\/v2\/product\/33337","targetHints":{"allow":["GET"]}}],"collection":[{"href":"https:\/\/keramamueblesdejardin.com\/pt-pt\/wp-json\/wp\/v2\/product"}],"about":[{"href":"https:\/\/keramamueblesdejardin.com\/pt-pt\/wp-json\/wp\/v2\/types\/product"}],"replies":[{"embeddable":true,"href":"https:\/\/keramamueblesdejardin.com\/pt-pt\/wp-json\/wp\/v2\/comments?post=33337"}],"wp:featuredmedia":[{"embeddable":true,"href":"https:\/\/keramamueblesdejardin.com\/pt-pt\/wp-json\/wp\/v2\/media\/31244"}],"wp:attachment":[{"href":"https:\/\/keramamueblesdejardin.com\/pt-pt\/wp-json\/wp\/v2\/media?parent=33337"}],"wp:term":[{"taxonomy":"product_brand","embeddable":true,"href":"https:\/\/keramamueblesdejardin.com\/pt-pt\/wp-json\/wp\/v2\/product_brand?post=33337"},{"taxonomy":"product_cat","embeddable":true,"href":"https:\/\/keramamueblesdejardin.com\/pt-pt\/wp-json\/wp\/v2\/product_cat?post=33337"},{"taxonomy":"product_tag","embeddable":true,"href":"https:\/\/keramamueblesdejardin.com\/pt-pt\/wp-json\/wp\/v2\/product_tag?post=33337"}],"curies":[{"name":"wp","href":"https:\/\/api.w.org\/{rel}","templated":true}]}}