{"id":33329,"date":"2021-10-14T17:44:51","date_gmt":"2021-10-14T15:44:51","guid":{"rendered":"https:\/\/keramamueblesdejardin.com\/sem%20categoria\/mesa-de-jardim-osaka-definida-200-140x90-cm-e-6-cadeiras-toquio-aluminio-branco\/"},"modified":"2025-02-21T10:19:09","modified_gmt":"2025-02-21T09:19:09","slug":"set-table-garden-osaka-200-140x90-cm-e-6-chairs-tokyo-aluminio-branco","status":"publish","type":"product","link":"https:\/\/keramamueblesdejardin.com\/pt-pt\/salas-de-jantar-ao-ar-livre\/definir-mesa-e-cadeiras-jardim\/set-table-garden-osaka-200-140x90-cm-e-6-chairs-tokyo-aluminio-branco\/","title":{"rendered":"Mesa de jardim osaka definida 200\/140&#215;90 cm e 6 cadeiras T\u00f3quio alum\u00ednio branco"},"content":{"rendered":"<p><span style=\"font-weight: 400;\">O <strong>conjunto de mesa e cadeiras para jardim ou terra\u00e7o Osaka<\/strong> consiste de uma <strong>mesa extens\u00edvel de alum\u00ednio branco<\/strong> com ripas de poliwood <strong>com madeira de imita\u00e7\u00e3o e 6 cadeiras empilh\u00e1veis<\/strong> de alum\u00ednio branco T\u00f3quio com t\u00eaxtil acolchoado cinza.<\/span><\/p>\n<p><span style=\"font-weight: 400;\">O conjunto foi concebido para <strong>aumentar o n\u00famero de comensais gra\u00e7as<\/strong> ao sistema de extens\u00e3o da tabela que permite <strong>que seja expandido de 140cm para 200cm<\/strong>. \u00c9 ideal <strong>para desfrutar na companhia de amigos e refei\u00e7\u00f5es em fam\u00edlia<\/strong> , churrascos e reuni\u00f5es no exterior.<\/span><\/p>\n<p><span style=\"font-weight: 400;\">Voc\u00ea pode combinar o conjunto com outros produtos que fazem parte da <\/span><a href=\"https:\/\/keramamueblesdejardin.com\/etiqueta\/osaka\/\" target=\"_blank\" rel=\"noopener\"><br \/>\n  <span style=\"font-weight: 400;\">fam\u00edlia Osaka<\/span><br \/>\n<\/a><span style=\"font-weight: 400;\">.<\/span><\/p>\n<p><span style=\"font-weight: 400;\">Veja a nossa <\/span><a href=\"https:\/\/keramamueblesdejardin.com\/comedores-exterior\/conjunto-mesa-y-sillas-jardin\/\" target=\"_blank\" rel=\"noopener\"><br \/>\n  <span style=\"font-weight: 400;\">mesa de jardim e conjuntos de cadeiras<\/span><br \/>\n<\/a><span style=\"font-weight: 400;\">.<\/span><\/p>\n","protected":false},"excerpt":{"rendered":"<ul>\n<li>Conjunto de jardim com mesa de Osaka e 6 cadeiras empilh\u00e1veis T\u00f3quio<\/li>\n<li>Mesa extens\u00edvel de alum\u00ednio branco e folhas de poliwood imitam madeira.<\/li>\n<li>Cadeiras de alum\u00ednio branco e t\u00eaxtil acolchoado cinza<\/li>\n<li>Tamanho da mesa: 140\u00d790 cm (fechado) 200\u00d790 cm (estendido)<\/li>\n<\/ul>\n","protected":false},"featured_media":31240,"comment_status":"closed","ping_status":"closed","template":"","meta":{"_acf_changed":false},"product_brand":[],"product_cat":[422,420],"product_tag":[426,427,441,440],"class_list":{"0":"post-33329","1":"product","2":"type-product","3":"status-publish","4":"has-post-thumbnail","6":"product_cat-definir-mesa-e-cadeiras-jardim","7":"product_cat-salas-de-jantar-ao-ar-livre","8":"product_tag-aluminio-pt-pt","9":"product_tag-espacos-amplos","10":"product_tag-osaka-pt-pt","11":"product_tag-toquio","12":"product_shipping_class-envio-gratuito-pt-pt","13":"pa_ancho-250-pt-pt","14":"pa_asientos-6-pt-pt","15":"pa_caracteristicas-bracos","16":"pa_caracteristicas-empilhavel","17":"pa_caracteristicas-extensivel","18":"pa_caracteristicas-resistente-a-agua","19":"pa_coleccion-osaka-pt-pt","20":"pa_coleccion-tokyo-pt-pt","21":"pa_espacio-9-pt-pt","22":"pa_forma-retangular","23":"pa_largo-360-pt-pt","24":"pa_m2-900-pt-pt","25":"pa_material-aluminio-pt-pt","26":"pa_material-imitacao-de-madeira","27":"pa_material-textileno-pt-pt","28":"pa_tamano-espacio-grande-pt-pt-2","30":"first","31":"instock","32":"sale","33":"purchasable","34":"product-type-simple","35":"add-to-wishlist-before_image"},"acf":[],"yoast_head":"<!-- This site is optimized with the Yoast SEO plugin v27.2 - https:\/\/yoast.com\/product\/yoast-seo-wordpress\/ -->\n<title>Mesa de jardim osaka definida 200\/140x90 cm e 6 cadeiras T\u00f3quio alum\u00ednio branco - Kerama<\/title>\n<meta name=\"robots\" content=\"index, follow, max-snippet:-1, max-image-preview:large, max-video-preview:-1\" \/>\n<link rel=\"canonical\" href=\"https:\/\/keramamueblesdejardin.com\/pt-pt\/salas-de-jantar-ao-ar-livre\/definir-mesa-e-cadeiras-jardim\/set-table-garden-osaka-200-140x90-cm-e-6-chairs-tokyo-aluminio-branco\/\" \/>\n<meta property=\"og:locale\" content=\"pt_PT\" \/>\n<meta property=\"og:type\" content=\"article\" \/>\n<meta property=\"og:title\" content=\"Mesa de jardim osaka definida 200\/140x90 cm e 6 cadeiras T\u00f3quio alum\u00ednio branco - Kerama\" \/>\n<meta property=\"og:description\" content=\"Conjunto de jardim com mesa de Osaka e 6 cadeiras empilh\u00e1veis T\u00f3quio  Mesa extens\u00edvel de alum\u00ednio branco e folhas de poliwood imitam madeira.  Cadeiras de alum\u00ednio branco e t\u00eaxtil acolchoado cinza  Tamanho da mesa: 140\u00d790 cm (fechado) 200\u00d790 cm (estendido)\" \/>\n<meta property=\"og:url\" content=\"https:\/\/keramamueblesdejardin.com\/pt-pt\/salas-de-jantar-ao-ar-livre\/definir-mesa-e-cadeiras-jardim\/set-table-garden-osaka-200-140x90-cm-e-6-chairs-tokyo-aluminio-branco\/\" \/>\n<meta property=\"og:site_name\" content=\"Kerama\" \/>\n<meta property=\"article:publisher\" content=\"https:\/\/www.facebook.com\/Kerama-Muebles-de-Jard%c3%adn-106209328312568\/\" \/>\n<meta property=\"article:modified_time\" content=\"2025-02-21T09:19:09+00:00\" \/>\n<meta property=\"og:image\" content=\"https:\/\/keramamueblesdejardin.com\/wp-content\/uploads\/2021\/10\/L1440604_SILU_-1-scaled-e1697714488433.jpg\" \/>\n\t<meta property=\"og:image:width\" content=\"1200\" \/>\n\t<meta property=\"og:image:height\" content=\"1200\" \/>\n\t<meta property=\"og:image:type\" content=\"image\/jpeg\" \/>\n<meta name=\"twitter:card\" content=\"summary_large_image\" \/>\n<meta name=\"twitter:label1\" content=\"Tempo estimado de leitura\" \/>\n\t<meta name=\"twitter:data1\" content=\"1 minuto\" \/>\n<script type=\"application\/ld+json\" class=\"yoast-schema-graph\">{\"@context\":\"https:\/\/schema.org\",\"@graph\":[{\"@type\":\"WebPage\",\"@id\":\"https:\/\/keramamueblesdejardin.com\/pt-pt\/salas-de-jantar-ao-ar-livre\/definir-mesa-e-cadeiras-jardim\/set-table-garden-osaka-200-140x90-cm-e-6-chairs-tokyo-aluminio-branco\/\",\"url\":\"https:\/\/keramamueblesdejardin.com\/pt-pt\/salas-de-jantar-ao-ar-livre\/definir-mesa-e-cadeiras-jardim\/set-table-garden-osaka-200-140x90-cm-e-6-chairs-tokyo-aluminio-branco\/\",\"name\":\"Mesa de jardim osaka definida 200\/140x90 cm e 6 cadeiras T\u00f3quio alum\u00ednio branco - Kerama\",\"isPartOf\":{\"@id\":\"https:\/\/keramamueblesdejardin.com\/pt-pt\/#website\"},\"primaryImageOfPage\":{\"@id\":\"https:\/\/keramamueblesdejardin.com\/pt-pt\/salas-de-jantar-ao-ar-livre\/definir-mesa-e-cadeiras-jardim\/set-table-garden-osaka-200-140x90-cm-e-6-chairs-tokyo-aluminio-branco\/#primaryimage\"},\"image\":{\"@id\":\"https:\/\/keramamueblesdejardin.com\/pt-pt\/salas-de-jantar-ao-ar-livre\/definir-mesa-e-cadeiras-jardim\/set-table-garden-osaka-200-140x90-cm-e-6-chairs-tokyo-aluminio-branco\/#primaryimage\"},\"thumbnailUrl\":\"https:\/\/keramamueblesdejardin.com\/wp-content\/uploads\/2021\/10\/L1440604_SILU_-1-scaled-e1697714488433.jpg\",\"datePublished\":\"2021-10-14T15:44:51+00:00\",\"dateModified\":\"2025-02-21T09:19:09+00:00\",\"breadcrumb\":{\"@id\":\"https:\/\/keramamueblesdejardin.com\/pt-pt\/salas-de-jantar-ao-ar-livre\/definir-mesa-e-cadeiras-jardim\/set-table-garden-osaka-200-140x90-cm-e-6-chairs-tokyo-aluminio-branco\/#breadcrumb\"},\"inLanguage\":\"pt-PT\",\"potentialAction\":[{\"@type\":\"ReadAction\",\"target\":[\"https:\/\/keramamueblesdejardin.com\/pt-pt\/salas-de-jantar-ao-ar-livre\/definir-mesa-e-cadeiras-jardim\/set-table-garden-osaka-200-140x90-cm-e-6-chairs-tokyo-aluminio-branco\/\"]}]},{\"@type\":\"ImageObject\",\"inLanguage\":\"pt-PT\",\"@id\":\"https:\/\/keramamueblesdejardin.com\/pt-pt\/salas-de-jantar-ao-ar-livre\/definir-mesa-e-cadeiras-jardim\/set-table-garden-osaka-200-140x90-cm-e-6-chairs-tokyo-aluminio-branco\/#primaryimage\",\"url\":\"https:\/\/keramamueblesdejardin.com\/wp-content\/uploads\/2021\/10\/L1440604_SILU_-1-scaled-e1697714488433.jpg\",\"contentUrl\":\"https:\/\/keramamueblesdejardin.com\/wp-content\/uploads\/2021\/10\/L1440604_SILU_-1-scaled-e1697714488433.jpg\",\"width\":1200,\"height\":1200},{\"@type\":\"BreadcrumbList\",\"@id\":\"https:\/\/keramamueblesdejardin.com\/pt-pt\/salas-de-jantar-ao-ar-livre\/definir-mesa-e-cadeiras-jardim\/set-table-garden-osaka-200-140x90-cm-e-6-chairs-tokyo-aluminio-branco\/#breadcrumb\",\"itemListElement\":[{\"@type\":\"ListItem\",\"position\":1,\"name\":\"Home\",\"item\":\"https:\/\/keramamueblesdejardin.com\/pt-pt\/\"},{\"@type\":\"ListItem\",\"position\":2,\"name\":\"Tienda\",\"item\":\"https:\/\/keramamueblesdejardin.com\/pt-pt\/tienda-2\/\"},{\"@type\":\"ListItem\",\"position\":3,\"name\":\"Salas de jantar ao ar livre\",\"item\":\"https:\/\/keramamueblesdejardin.com\/pt-pt\/salas-de-jantar-ao-ar-livre\/\"},{\"@type\":\"ListItem\",\"position\":4,\"name\":\"Definir mesa e cadeiras jardim\",\"item\":\"https:\/\/keramamueblesdejardin.com\/pt-pt\/salas-de-jantar-ao-ar-livre\/definir-mesa-e-cadeiras-jardim\/\"},{\"@type\":\"ListItem\",\"position\":5,\"name\":\"Mesa de jardim osaka definida 200\/140&#215;90 cm e 6 cadeiras T\u00f3quio alum\u00ednio branco\"}]},{\"@type\":\"WebSite\",\"@id\":\"https:\/\/keramamueblesdejardin.com\/pt-pt\/#website\",\"url\":\"https:\/\/keramamueblesdejardin.com\/pt-pt\/\",\"name\":\"Kerama\",\"description\":\"muebles de jard\u00edn\",\"publisher\":{\"@id\":\"https:\/\/keramamueblesdejardin.com\/pt-pt\/#organization\"},\"potentialAction\":[{\"@type\":\"SearchAction\",\"target\":{\"@type\":\"EntryPoint\",\"urlTemplate\":\"https:\/\/keramamueblesdejardin.com\/pt-pt\/?s={search_term_string}\"},\"query-input\":{\"@type\":\"PropertyValueSpecification\",\"valueRequired\":true,\"valueName\":\"search_term_string\"}}],\"inLanguage\":\"pt-PT\"},{\"@type\":\"Organization\",\"@id\":\"https:\/\/keramamueblesdejardin.com\/pt-pt\/#organization\",\"name\":\"kerama\",\"url\":\"https:\/\/keramamueblesdejardin.com\/pt-pt\/\",\"logo\":{\"@type\":\"ImageObject\",\"inLanguage\":\"pt-PT\",\"@id\":\"https:\/\/keramamueblesdejardin.com\/pt-pt\/#\/schema\/logo\/image\/\",\"url\":\"https:\/\/keramamueblesdejardin.com\/wp-content\/uploads\/2020\/12\/k.-scaled.jpg\",\"contentUrl\":\"https:\/\/keramamueblesdejardin.com\/wp-content\/uploads\/2020\/12\/k.-scaled.jpg\",\"width\":2560,\"height\":551,\"caption\":\"kerama\"},\"image\":{\"@id\":\"https:\/\/keramamueblesdejardin.com\/pt-pt\/#\/schema\/logo\/image\/\"},\"sameAs\":[\"https:\/\/www.facebook.com\/Kerama-Muebles-de-Jard\u00edn-106209328312568\/\"]}]}<\/script>\n<!-- \/ Yoast SEO plugin. -->","yoast_head_json":{"title":"Mesa de jardim osaka definida 200\/140x90 cm e 6 cadeiras T\u00f3quio alum\u00ednio branco - Kerama","robots":{"index":"index","follow":"follow","max-snippet":"max-snippet:-1","max-image-preview":"max-image-preview:large","max-video-preview":"max-video-preview:-1"},"canonical":"https:\/\/keramamueblesdejardin.com\/pt-pt\/salas-de-jantar-ao-ar-livre\/definir-mesa-e-cadeiras-jardim\/set-table-garden-osaka-200-140x90-cm-e-6-chairs-tokyo-aluminio-branco\/","og_locale":"pt_PT","og_type":"article","og_title":"Mesa de jardim osaka definida 200\/140x90 cm e 6 cadeiras T\u00f3quio alum\u00ednio branco - Kerama","og_description":"Conjunto de jardim com mesa de Osaka e 6 cadeiras empilh\u00e1veis T\u00f3quio  Mesa extens\u00edvel de alum\u00ednio branco e folhas de poliwood imitam madeira.  Cadeiras de alum\u00ednio branco e t\u00eaxtil acolchoado cinza  Tamanho da mesa: 140\u00d790 cm (fechado) 200\u00d790 cm (estendido)","og_url":"https:\/\/keramamueblesdejardin.com\/pt-pt\/salas-de-jantar-ao-ar-livre\/definir-mesa-e-cadeiras-jardim\/set-table-garden-osaka-200-140x90-cm-e-6-chairs-tokyo-aluminio-branco\/","og_site_name":"Kerama","article_publisher":"https:\/\/www.facebook.com\/Kerama-Muebles-de-Jard%c3%adn-106209328312568\/","article_modified_time":"2025-02-21T09:19:09+00:00","og_image":[{"width":1200,"height":1200,"url":"https:\/\/keramamueblesdejardin.com\/wp-content\/uploads\/2021\/10\/L1440604_SILU_-1-scaled-e1697714488433.jpg","type":"image\/jpeg"}],"twitter_card":"summary_large_image","twitter_misc":{"Tempo estimado de leitura":"1 minuto"},"schema":{"@context":"https:\/\/schema.org","@graph":[{"@type":"WebPage","@id":"https:\/\/keramamueblesdejardin.com\/pt-pt\/salas-de-jantar-ao-ar-livre\/definir-mesa-e-cadeiras-jardim\/set-table-garden-osaka-200-140x90-cm-e-6-chairs-tokyo-aluminio-branco\/","url":"https:\/\/keramamueblesdejardin.com\/pt-pt\/salas-de-jantar-ao-ar-livre\/definir-mesa-e-cadeiras-jardim\/set-table-garden-osaka-200-140x90-cm-e-6-chairs-tokyo-aluminio-branco\/","name":"Mesa de jardim osaka definida 200\/140x90 cm e 6 cadeiras T\u00f3quio alum\u00ednio branco - Kerama","isPartOf":{"@id":"https:\/\/keramamueblesdejardin.com\/pt-pt\/#website"},"primaryImageOfPage":{"@id":"https:\/\/keramamueblesdejardin.com\/pt-pt\/salas-de-jantar-ao-ar-livre\/definir-mesa-e-cadeiras-jardim\/set-table-garden-osaka-200-140x90-cm-e-6-chairs-tokyo-aluminio-branco\/#primaryimage"},"image":{"@id":"https:\/\/keramamueblesdejardin.com\/pt-pt\/salas-de-jantar-ao-ar-livre\/definir-mesa-e-cadeiras-jardim\/set-table-garden-osaka-200-140x90-cm-e-6-chairs-tokyo-aluminio-branco\/#primaryimage"},"thumbnailUrl":"https:\/\/keramamueblesdejardin.com\/wp-content\/uploads\/2021\/10\/L1440604_SILU_-1-scaled-e1697714488433.jpg","datePublished":"2021-10-14T15:44:51+00:00","dateModified":"2025-02-21T09:19:09+00:00","breadcrumb":{"@id":"https:\/\/keramamueblesdejardin.com\/pt-pt\/salas-de-jantar-ao-ar-livre\/definir-mesa-e-cadeiras-jardim\/set-table-garden-osaka-200-140x90-cm-e-6-chairs-tokyo-aluminio-branco\/#breadcrumb"},"inLanguage":"pt-PT","potentialAction":[{"@type":"ReadAction","target":["https:\/\/keramamueblesdejardin.com\/pt-pt\/salas-de-jantar-ao-ar-livre\/definir-mesa-e-cadeiras-jardim\/set-table-garden-osaka-200-140x90-cm-e-6-chairs-tokyo-aluminio-branco\/"]}]},{"@type":"ImageObject","inLanguage":"pt-PT","@id":"https:\/\/keramamueblesdejardin.com\/pt-pt\/salas-de-jantar-ao-ar-livre\/definir-mesa-e-cadeiras-jardim\/set-table-garden-osaka-200-140x90-cm-e-6-chairs-tokyo-aluminio-branco\/#primaryimage","url":"https:\/\/keramamueblesdejardin.com\/wp-content\/uploads\/2021\/10\/L1440604_SILU_-1-scaled-e1697714488433.jpg","contentUrl":"https:\/\/keramamueblesdejardin.com\/wp-content\/uploads\/2021\/10\/L1440604_SILU_-1-scaled-e1697714488433.jpg","width":1200,"height":1200},{"@type":"BreadcrumbList","@id":"https:\/\/keramamueblesdejardin.com\/pt-pt\/salas-de-jantar-ao-ar-livre\/definir-mesa-e-cadeiras-jardim\/set-table-garden-osaka-200-140x90-cm-e-6-chairs-tokyo-aluminio-branco\/#breadcrumb","itemListElement":[{"@type":"ListItem","position":1,"name":"Home","item":"https:\/\/keramamueblesdejardin.com\/pt-pt\/"},{"@type":"ListItem","position":2,"name":"Tienda","item":"https:\/\/keramamueblesdejardin.com\/pt-pt\/tienda-2\/"},{"@type":"ListItem","position":3,"name":"Salas de jantar ao ar livre","item":"https:\/\/keramamueblesdejardin.com\/pt-pt\/salas-de-jantar-ao-ar-livre\/"},{"@type":"ListItem","position":4,"name":"Definir mesa e cadeiras jardim","item":"https:\/\/keramamueblesdejardin.com\/pt-pt\/salas-de-jantar-ao-ar-livre\/definir-mesa-e-cadeiras-jardim\/"},{"@type":"ListItem","position":5,"name":"Mesa de jardim osaka definida 200\/140&#215;90 cm e 6 cadeiras T\u00f3quio alum\u00ednio branco"}]},{"@type":"WebSite","@id":"https:\/\/keramamueblesdejardin.com\/pt-pt\/#website","url":"https:\/\/keramamueblesdejardin.com\/pt-pt\/","name":"Kerama","description":"muebles de jard\u00edn","publisher":{"@id":"https:\/\/keramamueblesdejardin.com\/pt-pt\/#organization"},"potentialAction":[{"@type":"SearchAction","target":{"@type":"EntryPoint","urlTemplate":"https:\/\/keramamueblesdejardin.com\/pt-pt\/?s={search_term_string}"},"query-input":{"@type":"PropertyValueSpecification","valueRequired":true,"valueName":"search_term_string"}}],"inLanguage":"pt-PT"},{"@type":"Organization","@id":"https:\/\/keramamueblesdejardin.com\/pt-pt\/#organization","name":"kerama","url":"https:\/\/keramamueblesdejardin.com\/pt-pt\/","logo":{"@type":"ImageObject","inLanguage":"pt-PT","@id":"https:\/\/keramamueblesdejardin.com\/pt-pt\/#\/schema\/logo\/image\/","url":"https:\/\/keramamueblesdejardin.com\/wp-content\/uploads\/2020\/12\/k.-scaled.jpg","contentUrl":"https:\/\/keramamueblesdejardin.com\/wp-content\/uploads\/2020\/12\/k.-scaled.jpg","width":2560,"height":551,"caption":"kerama"},"image":{"@id":"https:\/\/keramamueblesdejardin.com\/pt-pt\/#\/schema\/logo\/image\/"},"sameAs":["https:\/\/www.facebook.com\/Kerama-Muebles-de-Jard\u00edn-106209328312568\/"]}]}},"df_price":1009,"df_sale_price":1009,"df_regular_price":1247,"df_image_link":"https:\/\/keramamueblesdejardin.com\/wp-content\/uploads\/2021\/10\/L1440604_SILU_-1-300x300.jpg","custom_tabs":[{"title":"MEDI\u00c7\u00c3O","id":"medi\u00e7\u00e3o","content":"<strong>Alto:<\/strong> Cadeira 90 cm \/ Tabela 75 cm\n<strong>Largo:<\/strong> Cadeira 60 cm \/ Tabela 90 cm\n<strong>Em baixo:<\/strong> Cadeira 57 cm \/ Tabela 140 cm (n\u00e3o assumida) 200 cm (estendida)\n<strong>Altura do assento:<\/strong> 37,5 cm\n<strong>Profundidade do assento:<\/strong> 47 cm"},{"title":"DESEMBALAR E ASSEMBL\u00c9IA","id":"desembalar-e-assembleia","content":"<strong>Recomenda\u00e7\u00f5es de desembalagem:<\/strong> N\u00e3o utilize utens\u00edlios afiados ao desempacotar o mobili\u00e1rio, pois pode causar danos\n<strong>Requer montagem (sim\/n\u00e3o):<\/strong> Sim\n<strong>Dificuldade de montagem:<\/strong> Acidente\n<strong>Tempo de montagem:<\/strong> 20 minutos\n<strong>Pessoas recomendadas para montagem:<\/strong> 2\n<strong>Sugest\u00f5es de montagem:<\/strong> Prepare uma \u00e1rea de montagem limpa e seca, verifique se n\u00e3o faltam nenhuma das pe\u00e7as indicadas no manual. Recomendamos o uso de luvas adequadas para a montagem. Utilize apenas pe\u00e7as e hardware fornecidos. N\u00c3O recomendamos a op\u00e7\u00e3o de compra com montagem para este item, uma vez que a dificuldade de montagem \u00e9 muito baixa."},{"title":"MANUTEN\u00c7\u00c3O E GARANTIAS","id":"manutencao-e-garantias","content":"<strong>Recomenda\u00e7\u00f5es gerais:<\/strong>\n\u2022 Avarias ou danos causados por:\n\u2022 Causas acidentais como quedas, golpes, derrame de l\u00edquidos, introdu\u00e7\u00e3o de corpos estranhos, bem como qualquer outro caso de for\u00e7a maior.\n\u2022 Uso negligente, impr\u00f3prio ou n\u00e3o dom\u00e9stico, n\u00e3o seguindo as instru\u00e7\u00f5es de uso.\n\u2022 Danos, corros\u00e3o e\/ou oxida\u00e7\u00e3o acelerados por condi\u00e7\u00f5es ambientais adversas\n\u2022 Manchas e descolora\u00e7\u00f5es devido ao n\u00e3o respeito dos nossos slogans de limpeza\n\u2022 Os danos ocorreram durante a montagem e o manuseamento sem ter seguido as instru\u00e7\u00f5es de montagem indicadas.\n\n<strong>Instru\u00e7\u00f5es de utiliza\u00e7\u00e3o e manuten\u00e7\u00e3o:<\/strong>\n\u2022 Em dias ensolarados, use uma cobertura de mesa, especialmente com copos, copos e recipientes de vidro, pois amplifica a temperatura do sol e pode derreter poliestireno. Evite qualquer tipo de cobertura que possa gerar o mesmo efeito.\n\u2022 Limpe com a ajuda de um pano suavemente ou utilize um sab\u00e3o l\u00edquido neutro, enxaguando com muita \u00e1gua.\n\u2022 Retire regularmente o p\u00f3 com a ajuda de um pano macio e \u00e1gua l\u00edmpia.\n\u2022 N\u00e3o utilize detergentes ou produtos abrasivos para a limpeza.\n\u2022 Ap\u00f3s a chuva, seque a mesa com um pano limpo para evitar manchas\n\u2022 Proteja com uma toalha de mesa ou cobertura protetora respir\u00e1vel\n<strong>Anos de garantia:<\/strong> 3 anos\n<strong>Fabricado de acordo com a Norma:<\/strong> 581-1.581-2.581-3"}],"_links":{"self":[{"href":"https:\/\/keramamueblesdejardin.com\/pt-pt\/wp-json\/wp\/v2\/product\/33329","targetHints":{"allow":["GET"]}}],"collection":[{"href":"https:\/\/keramamueblesdejardin.com\/pt-pt\/wp-json\/wp\/v2\/product"}],"about":[{"href":"https:\/\/keramamueblesdejardin.com\/pt-pt\/wp-json\/wp\/v2\/types\/product"}],"replies":[{"embeddable":true,"href":"https:\/\/keramamueblesdejardin.com\/pt-pt\/wp-json\/wp\/v2\/comments?post=33329"}],"wp:featuredmedia":[{"embeddable":true,"href":"https:\/\/keramamueblesdejardin.com\/pt-pt\/wp-json\/wp\/v2\/media\/31240"}],"wp:attachment":[{"href":"https:\/\/keramamueblesdejardin.com\/pt-pt\/wp-json\/wp\/v2\/media?parent=33329"}],"wp:term":[{"taxonomy":"product_brand","embeddable":true,"href":"https:\/\/keramamueblesdejardin.com\/pt-pt\/wp-json\/wp\/v2\/product_brand?post=33329"},{"taxonomy":"product_cat","embeddable":true,"href":"https:\/\/keramamueblesdejardin.com\/pt-pt\/wp-json\/wp\/v2\/product_cat?post=33329"},{"taxonomy":"product_tag","embeddable":true,"href":"https:\/\/keramamueblesdejardin.com\/pt-pt\/wp-json\/wp\/v2\/product_tag?post=33329"}],"curies":[{"name":"wp","href":"https:\/\/api.w.org\/{rel}","templated":true}]}}