{"id":33196,"date":"2022-06-02T09:38:18","date_gmt":"2022-06-02T07:38:18","guid":{"rendered":"https:\/\/keramamueblesdejardin.com\/?post_type=product&#038;p=33196"},"modified":"2023-08-30T09:41:09","modified_gmt":"2023-08-30T07:41:09","slug":"acacia-madeira-banco-com-almofada-classico","status":"publish","type":"product","link":"https:\/\/keramamueblesdejardin.com\/pt-pt\/lounges-ao-ar-livre\/sofas-de-jardim\/acacia-madeira-banco-com-almofada-classico\/","title":{"rendered":"Banco de madeira de Ac\u00e1cia com almofada &#8211; Cl\u00e1ssico"},"content":{"rendered":"<p>Banco de madeira cl\u00e1ssico com apoios de bra\u00e7os. Inclui almofada em algod\u00e3o natural com la\u00e7os para fixar o mobili\u00e1rio. Feito de madeira de ac\u00e1cia. Ideal para completar e decorar qualquer canto do seu terra\u00e7o ou jardim, ou para aproveitar ao m\u00e1ximo o espa\u00e7o na sua varanda.<\/p>\n","protected":false},"excerpt":{"rendered":"<ul>\n<li>Madeira de ac\u00e1cia acabada em \u00f3leo de linha\u00e7a (acabamento natural)<\/li>\n<li>Assento e encalhando em ripas de madeira<\/li>\n<li>Madeira certificada FSC<\/li>\n<li>Almofada inclu\u00edda 142 x 49 x 6cm<\/li>\n<\/ul>\n","protected":false},"featured_media":78566,"comment_status":"closed","ping_status":"closed","template":"","meta":{"_acf_changed":false},"product_brand":[],"product_cat":[446,460],"product_tag":[516,427,429],"class_list":{"0":"post-33196","1":"product","2":"type-product","3":"status-publish","4":"has-post-thumbnail","6":"product_cat-lounges-ao-ar-livre","7":"product_cat-sofas-de-jardim","8":"product_tag-classico","9":"product_tag-espacos-amplos","10":"product_tag-madeira-pt-pt","11":"product_shipping_class-envio-gratuito-pt-pt","12":"pa_coleccion-classic-pt-pt","13":"pa_material-madera-pt-pt","15":"first","16":"outofstock","17":"sale","18":"purchasable","19":"product-type-simple","20":"add-to-wishlist-before_image"},"acf":[],"yoast_head":"<!-- This site is optimized with the Yoast SEO plugin v27.2 - https:\/\/yoast.com\/product\/yoast-seo-wordpress\/ -->\n<title>Banco de madeira de Ac\u00e1cia com almofada - Cl\u00e1ssico - Kerama<\/title>\n<meta name=\"robots\" content=\"index, follow, max-snippet:-1, max-image-preview:large, max-video-preview:-1\" \/>\n<link rel=\"canonical\" href=\"https:\/\/keramamueblesdejardin.com\/pt-pt\/lounges-ao-ar-livre\/sofas-de-jardim\/acacia-madeira-banco-com-almofada-classico\/\" \/>\n<meta property=\"og:locale\" content=\"pt_PT\" \/>\n<meta property=\"og:type\" content=\"article\" \/>\n<meta property=\"og:title\" content=\"Banco de madeira de Ac\u00e1cia com almofada - Cl\u00e1ssico - Kerama\" \/>\n<meta property=\"og:description\" content=\"Madeira de ac\u00e1cia acabada em \u00f3leo de linha\u00e7a (acabamento natural)  Assento e encalhando em ripas de madeira  Madeira certificada FSC  Almofada inclu\u00edda 142 x 49 x 6cm\" \/>\n<meta property=\"og:url\" content=\"https:\/\/keramamueblesdejardin.com\/pt-pt\/lounges-ao-ar-livre\/sofas-de-jardim\/acacia-madeira-banco-com-almofada-classico\/\" \/>\n<meta property=\"og:site_name\" content=\"Kerama\" \/>\n<meta property=\"article:publisher\" content=\"https:\/\/www.facebook.com\/Kerama-Muebles-de-Jard%c3%adn-106209328312568\/\" \/>\n<meta property=\"article:modified_time\" content=\"2023-08-30T07:41:09+00:00\" \/>\n<meta property=\"og:image\" content=\"https:\/\/keramamueblesdejardin.com\/wp-content\/uploads\/2022\/06\/L1530348-1-scaled.jpg\" \/>\n\t<meta property=\"og:image:width\" content=\"2560\" \/>\n\t<meta property=\"og:image:height\" content=\"1707\" \/>\n\t<meta property=\"og:image:type\" content=\"image\/jpeg\" \/>\n<meta name=\"twitter:card\" content=\"summary_large_image\" \/>\n<script type=\"application\/ld+json\" class=\"yoast-schema-graph\">{\"@context\":\"https:\/\/schema.org\",\"@graph\":[{\"@type\":\"WebPage\",\"@id\":\"https:\/\/keramamueblesdejardin.com\/pt-pt\/lounges-ao-ar-livre\/sofas-de-jardim\/acacia-madeira-banco-com-almofada-classico\/\",\"url\":\"https:\/\/keramamueblesdejardin.com\/pt-pt\/lounges-ao-ar-livre\/sofas-de-jardim\/acacia-madeira-banco-com-almofada-classico\/\",\"name\":\"Banco de madeira de Ac\u00e1cia com almofada - Cl\u00e1ssico - Kerama\",\"isPartOf\":{\"@id\":\"https:\/\/keramamueblesdejardin.com\/pt-pt\/#website\"},\"primaryImageOfPage\":{\"@id\":\"https:\/\/keramamueblesdejardin.com\/pt-pt\/lounges-ao-ar-livre\/sofas-de-jardim\/acacia-madeira-banco-com-almofada-classico\/#primaryimage\"},\"image\":{\"@id\":\"https:\/\/keramamueblesdejardin.com\/pt-pt\/lounges-ao-ar-livre\/sofas-de-jardim\/acacia-madeira-banco-com-almofada-classico\/#primaryimage\"},\"thumbnailUrl\":\"https:\/\/keramamueblesdejardin.com\/wp-content\/uploads\/2022\/06\/L1530348-1-scaled.jpg\",\"datePublished\":\"2022-06-02T07:38:18+00:00\",\"dateModified\":\"2023-08-30T07:41:09+00:00\",\"breadcrumb\":{\"@id\":\"https:\/\/keramamueblesdejardin.com\/pt-pt\/lounges-ao-ar-livre\/sofas-de-jardim\/acacia-madeira-banco-com-almofada-classico\/#breadcrumb\"},\"inLanguage\":\"pt-PT\",\"potentialAction\":[{\"@type\":\"ReadAction\",\"target\":[\"https:\/\/keramamueblesdejardin.com\/pt-pt\/lounges-ao-ar-livre\/sofas-de-jardim\/acacia-madeira-banco-com-almofada-classico\/\"]}]},{\"@type\":\"ImageObject\",\"inLanguage\":\"pt-PT\",\"@id\":\"https:\/\/keramamueblesdejardin.com\/pt-pt\/lounges-ao-ar-livre\/sofas-de-jardim\/acacia-madeira-banco-com-almofada-classico\/#primaryimage\",\"url\":\"https:\/\/keramamueblesdejardin.com\/wp-content\/uploads\/2022\/06\/L1530348-1-scaled.jpg\",\"contentUrl\":\"https:\/\/keramamueblesdejardin.com\/wp-content\/uploads\/2022\/06\/L1530348-1-scaled.jpg\",\"width\":2560,\"height\":1707},{\"@type\":\"BreadcrumbList\",\"@id\":\"https:\/\/keramamueblesdejardin.com\/pt-pt\/lounges-ao-ar-livre\/sofas-de-jardim\/acacia-madeira-banco-com-almofada-classico\/#breadcrumb\",\"itemListElement\":[{\"@type\":\"ListItem\",\"position\":1,\"name\":\"Home\",\"item\":\"https:\/\/keramamueblesdejardin.com\/pt-pt\/\"},{\"@type\":\"ListItem\",\"position\":2,\"name\":\"Tienda\",\"item\":\"https:\/\/keramamueblesdejardin.com\/pt-pt\/tienda-2\/\"},{\"@type\":\"ListItem\",\"position\":3,\"name\":\"Lounges ao ar livre\",\"item\":\"https:\/\/keramamueblesdejardin.com\/pt-pt\/lounges-ao-ar-livre\/\"},{\"@type\":\"ListItem\",\"position\":4,\"name\":\"Sof\u00e1s de jardim\",\"item\":\"https:\/\/keramamueblesdejardin.com\/pt-pt\/lounges-ao-ar-livre\/sofas-de-jardim\/\"},{\"@type\":\"ListItem\",\"position\":5,\"name\":\"Banco de madeira de Ac\u00e1cia com almofada &#8211; Cl\u00e1ssico\"}]},{\"@type\":\"WebSite\",\"@id\":\"https:\/\/keramamueblesdejardin.com\/pt-pt\/#website\",\"url\":\"https:\/\/keramamueblesdejardin.com\/pt-pt\/\",\"name\":\"Kerama\",\"description\":\"muebles de jard\u00edn\",\"publisher\":{\"@id\":\"https:\/\/keramamueblesdejardin.com\/pt-pt\/#organization\"},\"potentialAction\":[{\"@type\":\"SearchAction\",\"target\":{\"@type\":\"EntryPoint\",\"urlTemplate\":\"https:\/\/keramamueblesdejardin.com\/pt-pt\/?s={search_term_string}\"},\"query-input\":{\"@type\":\"PropertyValueSpecification\",\"valueRequired\":true,\"valueName\":\"search_term_string\"}}],\"inLanguage\":\"pt-PT\"},{\"@type\":\"Organization\",\"@id\":\"https:\/\/keramamueblesdejardin.com\/pt-pt\/#organization\",\"name\":\"kerama\",\"url\":\"https:\/\/keramamueblesdejardin.com\/pt-pt\/\",\"logo\":{\"@type\":\"ImageObject\",\"inLanguage\":\"pt-PT\",\"@id\":\"https:\/\/keramamueblesdejardin.com\/pt-pt\/#\/schema\/logo\/image\/\",\"url\":\"https:\/\/keramamueblesdejardin.com\/wp-content\/uploads\/2020\/12\/k.-scaled.jpg\",\"contentUrl\":\"https:\/\/keramamueblesdejardin.com\/wp-content\/uploads\/2020\/12\/k.-scaled.jpg\",\"width\":2560,\"height\":551,\"caption\":\"kerama\"},\"image\":{\"@id\":\"https:\/\/keramamueblesdejardin.com\/pt-pt\/#\/schema\/logo\/image\/\"},\"sameAs\":[\"https:\/\/www.facebook.com\/Kerama-Muebles-de-Jard\u00edn-106209328312568\/\"]}]}<\/script>\n<!-- \/ Yoast SEO plugin. -->","yoast_head_json":{"title":"Banco de madeira de Ac\u00e1cia com almofada - Cl\u00e1ssico - Kerama","robots":{"index":"index","follow":"follow","max-snippet":"max-snippet:-1","max-image-preview":"max-image-preview:large","max-video-preview":"max-video-preview:-1"},"canonical":"https:\/\/keramamueblesdejardin.com\/pt-pt\/lounges-ao-ar-livre\/sofas-de-jardim\/acacia-madeira-banco-com-almofada-classico\/","og_locale":"pt_PT","og_type":"article","og_title":"Banco de madeira de Ac\u00e1cia com almofada - Cl\u00e1ssico - Kerama","og_description":"Madeira de ac\u00e1cia acabada em \u00f3leo de linha\u00e7a (acabamento natural)  Assento e encalhando em ripas de madeira  Madeira certificada FSC  Almofada inclu\u00edda 142 x 49 x 6cm","og_url":"https:\/\/keramamueblesdejardin.com\/pt-pt\/lounges-ao-ar-livre\/sofas-de-jardim\/acacia-madeira-banco-com-almofada-classico\/","og_site_name":"Kerama","article_publisher":"https:\/\/www.facebook.com\/Kerama-Muebles-de-Jard%c3%adn-106209328312568\/","article_modified_time":"2023-08-30T07:41:09+00:00","og_image":[{"width":2560,"height":1707,"url":"https:\/\/keramamueblesdejardin.com\/wp-content\/uploads\/2022\/06\/L1530348-1-scaled.jpg","type":"image\/jpeg"}],"twitter_card":"summary_large_image","schema":{"@context":"https:\/\/schema.org","@graph":[{"@type":"WebPage","@id":"https:\/\/keramamueblesdejardin.com\/pt-pt\/lounges-ao-ar-livre\/sofas-de-jardim\/acacia-madeira-banco-com-almofada-classico\/","url":"https:\/\/keramamueblesdejardin.com\/pt-pt\/lounges-ao-ar-livre\/sofas-de-jardim\/acacia-madeira-banco-com-almofada-classico\/","name":"Banco de madeira de Ac\u00e1cia com almofada - Cl\u00e1ssico - Kerama","isPartOf":{"@id":"https:\/\/keramamueblesdejardin.com\/pt-pt\/#website"},"primaryImageOfPage":{"@id":"https:\/\/keramamueblesdejardin.com\/pt-pt\/lounges-ao-ar-livre\/sofas-de-jardim\/acacia-madeira-banco-com-almofada-classico\/#primaryimage"},"image":{"@id":"https:\/\/keramamueblesdejardin.com\/pt-pt\/lounges-ao-ar-livre\/sofas-de-jardim\/acacia-madeira-banco-com-almofada-classico\/#primaryimage"},"thumbnailUrl":"https:\/\/keramamueblesdejardin.com\/wp-content\/uploads\/2022\/06\/L1530348-1-scaled.jpg","datePublished":"2022-06-02T07:38:18+00:00","dateModified":"2023-08-30T07:41:09+00:00","breadcrumb":{"@id":"https:\/\/keramamueblesdejardin.com\/pt-pt\/lounges-ao-ar-livre\/sofas-de-jardim\/acacia-madeira-banco-com-almofada-classico\/#breadcrumb"},"inLanguage":"pt-PT","potentialAction":[{"@type":"ReadAction","target":["https:\/\/keramamueblesdejardin.com\/pt-pt\/lounges-ao-ar-livre\/sofas-de-jardim\/acacia-madeira-banco-com-almofada-classico\/"]}]},{"@type":"ImageObject","inLanguage":"pt-PT","@id":"https:\/\/keramamueblesdejardin.com\/pt-pt\/lounges-ao-ar-livre\/sofas-de-jardim\/acacia-madeira-banco-com-almofada-classico\/#primaryimage","url":"https:\/\/keramamueblesdejardin.com\/wp-content\/uploads\/2022\/06\/L1530348-1-scaled.jpg","contentUrl":"https:\/\/keramamueblesdejardin.com\/wp-content\/uploads\/2022\/06\/L1530348-1-scaled.jpg","width":2560,"height":1707},{"@type":"BreadcrumbList","@id":"https:\/\/keramamueblesdejardin.com\/pt-pt\/lounges-ao-ar-livre\/sofas-de-jardim\/acacia-madeira-banco-com-almofada-classico\/#breadcrumb","itemListElement":[{"@type":"ListItem","position":1,"name":"Home","item":"https:\/\/keramamueblesdejardin.com\/pt-pt\/"},{"@type":"ListItem","position":2,"name":"Tienda","item":"https:\/\/keramamueblesdejardin.com\/pt-pt\/tienda-2\/"},{"@type":"ListItem","position":3,"name":"Lounges ao ar livre","item":"https:\/\/keramamueblesdejardin.com\/pt-pt\/lounges-ao-ar-livre\/"},{"@type":"ListItem","position":4,"name":"Sof\u00e1s de jardim","item":"https:\/\/keramamueblesdejardin.com\/pt-pt\/lounges-ao-ar-livre\/sofas-de-jardim\/"},{"@type":"ListItem","position":5,"name":"Banco de madeira de Ac\u00e1cia com almofada &#8211; Cl\u00e1ssico"}]},{"@type":"WebSite","@id":"https:\/\/keramamueblesdejardin.com\/pt-pt\/#website","url":"https:\/\/keramamueblesdejardin.com\/pt-pt\/","name":"Kerama","description":"muebles de jard\u00edn","publisher":{"@id":"https:\/\/keramamueblesdejardin.com\/pt-pt\/#organization"},"potentialAction":[{"@type":"SearchAction","target":{"@type":"EntryPoint","urlTemplate":"https:\/\/keramamueblesdejardin.com\/pt-pt\/?s={search_term_string}"},"query-input":{"@type":"PropertyValueSpecification","valueRequired":true,"valueName":"search_term_string"}}],"inLanguage":"pt-PT"},{"@type":"Organization","@id":"https:\/\/keramamueblesdejardin.com\/pt-pt\/#organization","name":"kerama","url":"https:\/\/keramamueblesdejardin.com\/pt-pt\/","logo":{"@type":"ImageObject","inLanguage":"pt-PT","@id":"https:\/\/keramamueblesdejardin.com\/pt-pt\/#\/schema\/logo\/image\/","url":"https:\/\/keramamueblesdejardin.com\/wp-content\/uploads\/2020\/12\/k.-scaled.jpg","contentUrl":"https:\/\/keramamueblesdejardin.com\/wp-content\/uploads\/2020\/12\/k.-scaled.jpg","width":2560,"height":551,"caption":"kerama"},"image":{"@id":"https:\/\/keramamueblesdejardin.com\/pt-pt\/#\/schema\/logo\/image\/"},"sameAs":["https:\/\/www.facebook.com\/Kerama-Muebles-de-Jard\u00edn-106209328312568\/"]}]}},"df_price":249,"df_sale_price":249,"df_regular_price":306,"df_image_link":"https:\/\/keramamueblesdejardin.com\/wp-content\/uploads\/2022\/06\/L1530348-1-300x200.jpg","custom_tabs":[{"title":"MEDI\u00c7\u00c3O","id":"medi\u00e7\u00e3o","content":"<div class=\"list\">Altura: 89 cm<br style=\"font-weight: 400; color: #282828;\"><span style=\"font-weight: 400; color: #282828;\">Comprimento: 150 cm<\/span><br style=\"font-weight: 400; color: #282828;\">Profundidade: 65 cm<br style=\"font-weight: 400; color: #282828;\">Peso do produto: 15,5 kg<br style=\"font-weight: 400; color: #282828;\">Peso m\u00e1ximo suportado: 120kg<br style=\"font-weight: 400; color: #282828;\">Altura do assento: 44,5 cm<br style=\"font-weight: 400; color: #282828;\">Profundidade do assento: 49,5 cm<br style=\"font-weight: 400; color: #282828;\"><span style=\"font-weight: 400; color: #282828;\">Altura do apoio para os bra\u00e7os: 62 cm<\/span><\/div>"}],"_links":{"self":[{"href":"https:\/\/keramamueblesdejardin.com\/pt-pt\/wp-json\/wp\/v2\/product\/33196","targetHints":{"allow":["GET"]}}],"collection":[{"href":"https:\/\/keramamueblesdejardin.com\/pt-pt\/wp-json\/wp\/v2\/product"}],"about":[{"href":"https:\/\/keramamueblesdejardin.com\/pt-pt\/wp-json\/wp\/v2\/types\/product"}],"replies":[{"embeddable":true,"href":"https:\/\/keramamueblesdejardin.com\/pt-pt\/wp-json\/wp\/v2\/comments?post=33196"}],"wp:featuredmedia":[{"embeddable":true,"href":"https:\/\/keramamueblesdejardin.com\/pt-pt\/wp-json\/wp\/v2\/media\/78566"}],"wp:attachment":[{"href":"https:\/\/keramamueblesdejardin.com\/pt-pt\/wp-json\/wp\/v2\/media?parent=33196"}],"wp:term":[{"taxonomy":"product_brand","embeddable":true,"href":"https:\/\/keramamueblesdejardin.com\/pt-pt\/wp-json\/wp\/v2\/product_brand?post=33196"},{"taxonomy":"product_cat","embeddable":true,"href":"https:\/\/keramamueblesdejardin.com\/pt-pt\/wp-json\/wp\/v2\/product_cat?post=33196"},{"taxonomy":"product_tag","embeddable":true,"href":"https:\/\/keramamueblesdejardin.com\/pt-pt\/wp-json\/wp\/v2\/product_tag?post=33196"}],"curies":[{"name":"wp","href":"https:\/\/api.w.org\/{rel}","templated":true}]}}