{"id":33174,"date":"2021-05-06T06:49:14","date_gmt":"2021-05-06T04:49:14","guid":{"rendered":"https:\/\/keramamueblesdejardin.com\/sem%20categoria\/conjunto-de-jardim-de-aluminio-nova-iorque\/"},"modified":"2023-08-29T09:53:25","modified_gmt":"2023-08-29T07:53:25","slug":"jardim-aluminio-nova-iorque-conjunto","status":"publish","type":"product","link":"https:\/\/keramamueblesdejardin.com\/pt-pt\/lounges-ao-ar-livre\/conjuntos-de-jardim\/jardim-aluminio-nova-iorque-conjunto\/","title":{"rendered":"Conjunto de jardim de alum\u00ednio &#8211; Nova Iorque"},"content":{"rendered":"<p><span style=\"font-weight: 400;\">O <\/span><b>complexo de jardinagem de Nova Iorque<\/b><span style=\"font-weight: 400;\"> \u00e9 feito de uma estrutura de alum\u00ednio robosto cinza.<\/span><\/p>\n<p><span style=\"font-weight: 400;\">Este conjunto <strong>\u00e9 composto por dois sof\u00e1s laterais duplos, uma poltrona de canto \u00fanico, uma poltrona central \u00fanica, uma resposapi\u00e9s\/chaise longue\/mesa grande e uma pequena<\/strong>. Al\u00e9m disso, tem <strong>almofadas amov\u00edveis e lav\u00e1veis.<\/strong><\/span><\/p>\n<p><span style=\"font-weight: 400;\">Sendo um conjunto modular, pode coloc\u00e1-lo da maneira que melhor se adequa ao seu espa\u00e7o e necessidade.<\/span><\/p>\n<p><span style=\"font-weight: 400;\">Voc\u00ea pode combinar o conjunto com outros <strong>produtos na <\/strong><\/span><strong><br \/>\n  <a href=\"https:\/\/keramamueblesdejardin.com\/etiqueta\/new-york\/\">gama nova-iorquina<\/a><br \/>\n<\/strong><span style=\"font-weight: 400;\">.<\/span><\/p>\n<p><span style=\"font-weight: 400;\">Veja outros dos<strong> nossos <\/strong><\/span><strong><br \/>\n  <a href=\"https:\/\/keramamueblesdejardin.com\/salones-exterior\/conjuntos-jardin\/\">conjuntos de jardim<\/a><br \/>\n<\/strong><span style=\"font-weight: 400;\">.<\/span><\/p>\n","protected":false},"excerpt":{"rendered":"<ul>\n<li>Estrutura de alum\u00ednio cinza robusto<\/li>\n<li>Almofadas amov\u00edveis antracite<\/li>\n<li>Dimens\u00f5es generosas com grande profundidade de assento<\/li>\n<li>Inclui reguladores de altura para nivelar as pernas e ganchos para unir as pe\u00e7as<\/li>\n<li>Dada a sua natureza modular, pode configur\u00e1-lo de acordo com a necessidade do seu espa\u00e7o<\/li>\n<\/ul>\n","protected":false},"featured_media":29898,"comment_status":"closed","ping_status":"open","template":"","meta":{"_acf_changed":false},"product_brand":[],"product_cat":[445,446],"product_tag":[426,427,503],"class_list":{"0":"post-33174","1":"product","2":"type-product","3":"status-publish","4":"has-post-thumbnail","6":"product_cat-conjuntos-de-jardim","7":"product_cat-lounges-ao-ar-livre","8":"product_tag-aluminio-pt-pt","9":"product_tag-espacos-amplos","10":"product_tag-nova-iorque","11":"product_shipping_class-envio-gratuito-pt-pt","12":"pa_asientos-6-pt-pt","13":"pa_caracteristicas-coberturas-lavaveis","14":"pa_caracteristicas-cornerback-pt-pt","15":"pa_coleccion-new-york-pt-pt","16":"pa_espacio-7-3-pt-pt","17":"pa_forma-cornerback","18":"pa_material-aluminio-pt-pt","19":"pa_tamano-espacio-grande-pt-pt-2","21":"first","22":"instock","23":"sale","24":"purchasable","25":"product-type-simple","26":"add-to-wishlist-before_image"},"acf":[],"yoast_head":"<!-- This site is optimized with the Yoast SEO plugin v27.2 - https:\/\/yoast.com\/product\/yoast-seo-wordpress\/ -->\n<title>Conjunto de jardim de alum\u00ednio - Nova Iorque - Kerama<\/title>\n<meta name=\"robots\" content=\"index, follow, max-snippet:-1, max-image-preview:large, max-video-preview:-1\" \/>\n<link rel=\"canonical\" href=\"https:\/\/keramamueblesdejardin.com\/pt-pt\/lounges-ao-ar-livre\/conjuntos-de-jardim\/jardim-aluminio-nova-iorque-conjunto\/\" \/>\n<meta property=\"og:locale\" content=\"pt_PT\" \/>\n<meta property=\"og:type\" content=\"article\" \/>\n<meta property=\"og:title\" content=\"Conjunto de jardim de alum\u00ednio - Nova Iorque - Kerama\" \/>\n<meta property=\"og:description\" content=\"Estrutura de alum\u00ednio cinza robusto  Almofadas amov\u00edveis antracite  Dimens\u00f5es generosas com grande profundidade de assento  Inclui reguladores de altura para nivelar as pernas e ganchos para unir as pe\u00e7as  Dada a sua natureza modular, pode configur\u00e1-lo de acordo com a necessidade do seu espa\u00e7o\" \/>\n<meta property=\"og:url\" content=\"https:\/\/keramamueblesdejardin.com\/pt-pt\/lounges-ao-ar-livre\/conjuntos-de-jardim\/jardim-aluminio-nova-iorque-conjunto\/\" \/>\n<meta property=\"og:site_name\" content=\"Kerama\" \/>\n<meta property=\"article:publisher\" content=\"https:\/\/www.facebook.com\/Kerama-Muebles-de-Jard%c3%adn-106209328312568\/\" \/>\n<meta property=\"article:modified_time\" content=\"2023-08-29T07:53:25+00:00\" \/>\n<meta property=\"og:image\" content=\"https:\/\/keramamueblesdejardin.com\/wp-content\/uploads\/2021\/05\/3070_SILU.jpg\" \/>\n\t<meta property=\"og:image:width\" content=\"1920\" \/>\n\t<meta property=\"og:image:height\" content=\"1280\" \/>\n\t<meta property=\"og:image:type\" content=\"image\/jpeg\" \/>\n<meta name=\"twitter:card\" content=\"summary_large_image\" \/>\n<script type=\"application\/ld+json\" class=\"yoast-schema-graph\">{\"@context\":\"https:\/\/schema.org\",\"@graph\":[{\"@type\":\"WebPage\",\"@id\":\"https:\/\/keramamueblesdejardin.com\/pt-pt\/lounges-ao-ar-livre\/conjuntos-de-jardim\/jardim-aluminio-nova-iorque-conjunto\/\",\"url\":\"https:\/\/keramamueblesdejardin.com\/pt-pt\/lounges-ao-ar-livre\/conjuntos-de-jardim\/jardim-aluminio-nova-iorque-conjunto\/\",\"name\":\"Conjunto de jardim de alum\u00ednio - Nova Iorque - Kerama\",\"isPartOf\":{\"@id\":\"https:\/\/keramamueblesdejardin.com\/pt-pt\/#website\"},\"primaryImageOfPage\":{\"@id\":\"https:\/\/keramamueblesdejardin.com\/pt-pt\/lounges-ao-ar-livre\/conjuntos-de-jardim\/jardim-aluminio-nova-iorque-conjunto\/#primaryimage\"},\"image\":{\"@id\":\"https:\/\/keramamueblesdejardin.com\/pt-pt\/lounges-ao-ar-livre\/conjuntos-de-jardim\/jardim-aluminio-nova-iorque-conjunto\/#primaryimage\"},\"thumbnailUrl\":\"https:\/\/keramamueblesdejardin.com\/wp-content\/uploads\/2021\/05\/3070_SILU.jpg\",\"datePublished\":\"2021-05-06T04:49:14+00:00\",\"dateModified\":\"2023-08-29T07:53:25+00:00\",\"breadcrumb\":{\"@id\":\"https:\/\/keramamueblesdejardin.com\/pt-pt\/lounges-ao-ar-livre\/conjuntos-de-jardim\/jardim-aluminio-nova-iorque-conjunto\/#breadcrumb\"},\"inLanguage\":\"pt-PT\",\"potentialAction\":[{\"@type\":\"ReadAction\",\"target\":[\"https:\/\/keramamueblesdejardin.com\/pt-pt\/lounges-ao-ar-livre\/conjuntos-de-jardim\/jardim-aluminio-nova-iorque-conjunto\/\"]}]},{\"@type\":\"ImageObject\",\"inLanguage\":\"pt-PT\",\"@id\":\"https:\/\/keramamueblesdejardin.com\/pt-pt\/lounges-ao-ar-livre\/conjuntos-de-jardim\/jardim-aluminio-nova-iorque-conjunto\/#primaryimage\",\"url\":\"https:\/\/keramamueblesdejardin.com\/wp-content\/uploads\/2021\/05\/3070_SILU.jpg\",\"contentUrl\":\"https:\/\/keramamueblesdejardin.com\/wp-content\/uploads\/2021\/05\/3070_SILU.jpg\",\"width\":1920,\"height\":1280},{\"@type\":\"BreadcrumbList\",\"@id\":\"https:\/\/keramamueblesdejardin.com\/pt-pt\/lounges-ao-ar-livre\/conjuntos-de-jardim\/jardim-aluminio-nova-iorque-conjunto\/#breadcrumb\",\"itemListElement\":[{\"@type\":\"ListItem\",\"position\":1,\"name\":\"Home\",\"item\":\"https:\/\/keramamueblesdejardin.com\/pt-pt\/\"},{\"@type\":\"ListItem\",\"position\":2,\"name\":\"Tienda\",\"item\":\"https:\/\/keramamueblesdejardin.com\/pt-pt\/tienda-2\/\"},{\"@type\":\"ListItem\",\"position\":3,\"name\":\"Lounges ao ar livre\",\"item\":\"https:\/\/keramamueblesdejardin.com\/pt-pt\/lounges-ao-ar-livre\/\"},{\"@type\":\"ListItem\",\"position\":4,\"name\":\"Conjuntos de jardim\",\"item\":\"https:\/\/keramamueblesdejardin.com\/pt-pt\/lounges-ao-ar-livre\/conjuntos-de-jardim\/\"},{\"@type\":\"ListItem\",\"position\":5,\"name\":\"Conjunto de jardim de alum\u00ednio &#8211; Nova Iorque\"}]},{\"@type\":\"WebSite\",\"@id\":\"https:\/\/keramamueblesdejardin.com\/pt-pt\/#website\",\"url\":\"https:\/\/keramamueblesdejardin.com\/pt-pt\/\",\"name\":\"Kerama\",\"description\":\"muebles de jard\u00edn\",\"publisher\":{\"@id\":\"https:\/\/keramamueblesdejardin.com\/pt-pt\/#organization\"},\"potentialAction\":[{\"@type\":\"SearchAction\",\"target\":{\"@type\":\"EntryPoint\",\"urlTemplate\":\"https:\/\/keramamueblesdejardin.com\/pt-pt\/?s={search_term_string}\"},\"query-input\":{\"@type\":\"PropertyValueSpecification\",\"valueRequired\":true,\"valueName\":\"search_term_string\"}}],\"inLanguage\":\"pt-PT\"},{\"@type\":\"Organization\",\"@id\":\"https:\/\/keramamueblesdejardin.com\/pt-pt\/#organization\",\"name\":\"kerama\",\"url\":\"https:\/\/keramamueblesdejardin.com\/pt-pt\/\",\"logo\":{\"@type\":\"ImageObject\",\"inLanguage\":\"pt-PT\",\"@id\":\"https:\/\/keramamueblesdejardin.com\/pt-pt\/#\/schema\/logo\/image\/\",\"url\":\"https:\/\/keramamueblesdejardin.com\/wp-content\/uploads\/2020\/12\/k.-scaled.jpg\",\"contentUrl\":\"https:\/\/keramamueblesdejardin.com\/wp-content\/uploads\/2020\/12\/k.-scaled.jpg\",\"width\":2560,\"height\":551,\"caption\":\"kerama\"},\"image\":{\"@id\":\"https:\/\/keramamueblesdejardin.com\/pt-pt\/#\/schema\/logo\/image\/\"},\"sameAs\":[\"https:\/\/www.facebook.com\/Kerama-Muebles-de-Jard\u00edn-106209328312568\/\"]}]}<\/script>\n<!-- \/ Yoast SEO plugin. -->","yoast_head_json":{"title":"Conjunto de jardim de alum\u00ednio - Nova Iorque - Kerama","robots":{"index":"index","follow":"follow","max-snippet":"max-snippet:-1","max-image-preview":"max-image-preview:large","max-video-preview":"max-video-preview:-1"},"canonical":"https:\/\/keramamueblesdejardin.com\/pt-pt\/lounges-ao-ar-livre\/conjuntos-de-jardim\/jardim-aluminio-nova-iorque-conjunto\/","og_locale":"pt_PT","og_type":"article","og_title":"Conjunto de jardim de alum\u00ednio - Nova Iorque - Kerama","og_description":"Estrutura de alum\u00ednio cinza robusto  Almofadas amov\u00edveis antracite  Dimens\u00f5es generosas com grande profundidade de assento  Inclui reguladores de altura para nivelar as pernas e ganchos para unir as pe\u00e7as  Dada a sua natureza modular, pode configur\u00e1-lo de acordo com a necessidade do seu espa\u00e7o","og_url":"https:\/\/keramamueblesdejardin.com\/pt-pt\/lounges-ao-ar-livre\/conjuntos-de-jardim\/jardim-aluminio-nova-iorque-conjunto\/","og_site_name":"Kerama","article_publisher":"https:\/\/www.facebook.com\/Kerama-Muebles-de-Jard%c3%adn-106209328312568\/","article_modified_time":"2023-08-29T07:53:25+00:00","og_image":[{"width":1920,"height":1280,"url":"https:\/\/keramamueblesdejardin.com\/wp-content\/uploads\/2021\/05\/3070_SILU.jpg","type":"image\/jpeg"}],"twitter_card":"summary_large_image","schema":{"@context":"https:\/\/schema.org","@graph":[{"@type":"WebPage","@id":"https:\/\/keramamueblesdejardin.com\/pt-pt\/lounges-ao-ar-livre\/conjuntos-de-jardim\/jardim-aluminio-nova-iorque-conjunto\/","url":"https:\/\/keramamueblesdejardin.com\/pt-pt\/lounges-ao-ar-livre\/conjuntos-de-jardim\/jardim-aluminio-nova-iorque-conjunto\/","name":"Conjunto de jardim de alum\u00ednio - Nova Iorque - Kerama","isPartOf":{"@id":"https:\/\/keramamueblesdejardin.com\/pt-pt\/#website"},"primaryImageOfPage":{"@id":"https:\/\/keramamueblesdejardin.com\/pt-pt\/lounges-ao-ar-livre\/conjuntos-de-jardim\/jardim-aluminio-nova-iorque-conjunto\/#primaryimage"},"image":{"@id":"https:\/\/keramamueblesdejardin.com\/pt-pt\/lounges-ao-ar-livre\/conjuntos-de-jardim\/jardim-aluminio-nova-iorque-conjunto\/#primaryimage"},"thumbnailUrl":"https:\/\/keramamueblesdejardin.com\/wp-content\/uploads\/2021\/05\/3070_SILU.jpg","datePublished":"2021-05-06T04:49:14+00:00","dateModified":"2023-08-29T07:53:25+00:00","breadcrumb":{"@id":"https:\/\/keramamueblesdejardin.com\/pt-pt\/lounges-ao-ar-livre\/conjuntos-de-jardim\/jardim-aluminio-nova-iorque-conjunto\/#breadcrumb"},"inLanguage":"pt-PT","potentialAction":[{"@type":"ReadAction","target":["https:\/\/keramamueblesdejardin.com\/pt-pt\/lounges-ao-ar-livre\/conjuntos-de-jardim\/jardim-aluminio-nova-iorque-conjunto\/"]}]},{"@type":"ImageObject","inLanguage":"pt-PT","@id":"https:\/\/keramamueblesdejardin.com\/pt-pt\/lounges-ao-ar-livre\/conjuntos-de-jardim\/jardim-aluminio-nova-iorque-conjunto\/#primaryimage","url":"https:\/\/keramamueblesdejardin.com\/wp-content\/uploads\/2021\/05\/3070_SILU.jpg","contentUrl":"https:\/\/keramamueblesdejardin.com\/wp-content\/uploads\/2021\/05\/3070_SILU.jpg","width":1920,"height":1280},{"@type":"BreadcrumbList","@id":"https:\/\/keramamueblesdejardin.com\/pt-pt\/lounges-ao-ar-livre\/conjuntos-de-jardim\/jardim-aluminio-nova-iorque-conjunto\/#breadcrumb","itemListElement":[{"@type":"ListItem","position":1,"name":"Home","item":"https:\/\/keramamueblesdejardin.com\/pt-pt\/"},{"@type":"ListItem","position":2,"name":"Tienda","item":"https:\/\/keramamueblesdejardin.com\/pt-pt\/tienda-2\/"},{"@type":"ListItem","position":3,"name":"Lounges ao ar livre","item":"https:\/\/keramamueblesdejardin.com\/pt-pt\/lounges-ao-ar-livre\/"},{"@type":"ListItem","position":4,"name":"Conjuntos de jardim","item":"https:\/\/keramamueblesdejardin.com\/pt-pt\/lounges-ao-ar-livre\/conjuntos-de-jardim\/"},{"@type":"ListItem","position":5,"name":"Conjunto de jardim de alum\u00ednio &#8211; Nova Iorque"}]},{"@type":"WebSite","@id":"https:\/\/keramamueblesdejardin.com\/pt-pt\/#website","url":"https:\/\/keramamueblesdejardin.com\/pt-pt\/","name":"Kerama","description":"muebles de jard\u00edn","publisher":{"@id":"https:\/\/keramamueblesdejardin.com\/pt-pt\/#organization"},"potentialAction":[{"@type":"SearchAction","target":{"@type":"EntryPoint","urlTemplate":"https:\/\/keramamueblesdejardin.com\/pt-pt\/?s={search_term_string}"},"query-input":{"@type":"PropertyValueSpecification","valueRequired":true,"valueName":"search_term_string"}}],"inLanguage":"pt-PT"},{"@type":"Organization","@id":"https:\/\/keramamueblesdejardin.com\/pt-pt\/#organization","name":"kerama","url":"https:\/\/keramamueblesdejardin.com\/pt-pt\/","logo":{"@type":"ImageObject","inLanguage":"pt-PT","@id":"https:\/\/keramamueblesdejardin.com\/pt-pt\/#\/schema\/logo\/image\/","url":"https:\/\/keramamueblesdejardin.com\/wp-content\/uploads\/2020\/12\/k.-scaled.jpg","contentUrl":"https:\/\/keramamueblesdejardin.com\/wp-content\/uploads\/2020\/12\/k.-scaled.jpg","width":2560,"height":551,"caption":"kerama"},"image":{"@id":"https:\/\/keramamueblesdejardin.com\/pt-pt\/#\/schema\/logo\/image\/"},"sameAs":["https:\/\/www.facebook.com\/Kerama-Muebles-de-Jard\u00edn-106209328312568\/"]}]}},"df_price":3369,"df_sale_price":3369,"df_regular_price":4380,"df_image_link":"https:\/\/keramamueblesdejardin.com\/wp-content\/uploads\/2021\/05\/3070_SILU-300x200.jpg","custom_tabs":[{"title":"MEDI\u00c7\u00c3O","id":"medi\u00e7\u00e3o","content":"<strong>Alto:<\/strong> Sof\u00e1s 65 cm \/ Canto 65 cm \/ Central 65 cm \/ Otomano 25 cm \/ Mesa de apoio para os p\u00e9s 25 cm\n<strong>Largo:<\/strong> Sof\u00e1s 165 cm \/ Canto 85 cm \/ Central 75 cm \/ Otomano 74,5 cm \/ Mesa de apoio para os p\u00e9s 74 cm\n<strong>Em baixo:<\/strong> Sof\u00e1s 85 cm \/ Canto 85 cm \/ Central 85 cm \/ Otomano 147 cm \/ Mesa de apoio para os p\u00e9s 74 cm\n<strong>Peso do produto:<\/strong> Sof\u00e1s 28,20 kg \/ Canto 14,40 kg \/ Central 14,10 cm \/ Otomano 16,40 kg \/ Mesa de apoio para os p\u00e9s 9,40 kg\n<b>Comprimento total do sof\u00e1: <\/b>250cm x 325cm\n\n<strong>Altura do assento:<\/strong> 42 cm\n<strong>Profundidade do assento:<\/strong> 72 cm"},{"title":"DESEMBALAR E ASSEMBL\u00c9IA","id":"desembalar-e-assembleia","content":"<strong>Recomenda\u00e7\u00f5es de desembalagem:<\/strong> N\u00e3o utilize utens\u00edlios afiados ao desempacotar o mobili\u00e1rio, pois pode causar danos\n<strong>Requer montagem (sim\/n\u00e3o):<\/strong> N\u00e3o"},{"title":"MANUTEN\u00c7\u00c3O E GARANTIAS","id":"manutencao-e-garantias","content":"<div class=\"moz-signature\">\n<div class=\"list\"><strong>Recomenda\u00e7\u00f5es gerais:<\/strong>\n\u2022 Avarias ou danos causados por:\n\u2022 Causas acidentais como quedas, golpes, derrame de l\u00edquidos, introdu\u00e7\u00e3o de corpos estranhos, bem como qualquer outro caso de for\u00e7a maior.\n\u2022 Utiliza\u00e7\u00e3o negligente, impr\u00f3pria ou n\u00e3o dom\u00e9stica.\n\u2022 Danos, corros\u00e3o e\/ou oxida\u00e7\u00e3o acelerados por condi\u00e7\u00f5es ambientais adversas\n\u2022 Manchas e descolora\u00e7\u00f5es devido ao n\u00e3o respeito dos nossos slogans de limpeza\n\u2022 Os danos ocorreram durante a montagem e o manuseamento sem ter seguido as instru\u00e7\u00f5es de montagem indicadas.\n<strong>Instru\u00e7\u00f5es de utiliza\u00e7\u00e3o e manuten\u00e7\u00e3o:<\/strong>\n\u2022 Limpe com a ajuda de um pano suavemente ou utilize um sab\u00e3o l\u00edquido neutro, enxaguando com muita \u00e1gua.\n\u2022 Retire regularmente o p\u00f3 com a ajuda de um pano macio e \u00e1gua l\u00edmpia.\n\u2022 N\u00e3o utilize detergentes ou produtos abrasivos para a limpeza.\n<strong>Anos de garantia:<\/strong> 3 anos\n<strong>Fabricado de acordo com a Norma:<\/strong> 581-1.581-2.581-3<\/div>\n<\/div>"}],"_links":{"self":[{"href":"https:\/\/keramamueblesdejardin.com\/pt-pt\/wp-json\/wp\/v2\/product\/33174","targetHints":{"allow":["GET"]}}],"collection":[{"href":"https:\/\/keramamueblesdejardin.com\/pt-pt\/wp-json\/wp\/v2\/product"}],"about":[{"href":"https:\/\/keramamueblesdejardin.com\/pt-pt\/wp-json\/wp\/v2\/types\/product"}],"replies":[{"embeddable":true,"href":"https:\/\/keramamueblesdejardin.com\/pt-pt\/wp-json\/wp\/v2\/comments?post=33174"}],"wp:featuredmedia":[{"embeddable":true,"href":"https:\/\/keramamueblesdejardin.com\/pt-pt\/wp-json\/wp\/v2\/media\/29898"}],"wp:attachment":[{"href":"https:\/\/keramamueblesdejardin.com\/pt-pt\/wp-json\/wp\/v2\/media?parent=33174"}],"wp:term":[{"taxonomy":"product_brand","embeddable":true,"href":"https:\/\/keramamueblesdejardin.com\/pt-pt\/wp-json\/wp\/v2\/product_brand?post=33174"},{"taxonomy":"product_cat","embeddable":true,"href":"https:\/\/keramamueblesdejardin.com\/pt-pt\/wp-json\/wp\/v2\/product_cat?post=33174"},{"taxonomy":"product_tag","embeddable":true,"href":"https:\/\/keramamueblesdejardin.com\/pt-pt\/wp-json\/wp\/v2\/product_tag?post=33174"}],"curies":[{"name":"wp","href":"https:\/\/api.w.org\/{rel}","templated":true}]}}