{"id":33163,"date":"2021-05-06T08:49:24","date_gmt":"2021-05-06T06:49:24","guid":{"rendered":"https:\/\/keramamueblesdejardin.com\/sem%20categoria\/rattan-sintetico-de-jardim-e-mesa-de-aco-6-poltronas-verona\/"},"modified":"2023-08-29T10:50:41","modified_gmt":"2023-08-29T08:50:41","slug":"conjunto-de-jardim-ratan-sintetico-e-aco-mesa-6-poltronas-verona","status":"publish","type":"product","link":"https:\/\/keramamueblesdejardin.com\/pt-pt\/salas-de-jantar-ao-ar-livre\/definir-mesa-e-cadeiras-jardim\/conjunto-de-jardim-ratan-sintetico-e-aco-mesa-6-poltronas-verona\/","title":{"rendered":"Rattan sint\u00e9tico de jardim e mesa de a\u00e7o + 6 poltronas &#8211; Verona"},"content":{"rendered":"<p><span style=\"font-weight: 400;\">O <strong>conjunto de sala de jantar para jardim ou terra\u00e7o Verona<\/strong> \u00e9 feito de a\u00e7o revestido com rattan sint\u00e9tico na <\/span><b>cor da areia<\/b><span style=\"font-weight: 400;\">.<\/span><\/p>\n<p><span style=\"font-weight: 400;\">O conjunto \u00e9 composto por uma mesa com um envelope transparente de vidro e 6 <\/span><b>cadeiras empilh\u00e1veis<\/b><span style=\"font-weight: 400;\"> que poupam espa\u00e7o ao guard\u00e1-las. <\/span> <span style=\"font-weight: 400;\">As <\/span><b>almofadas s\u00e3o remov\u00edveis<\/b><span style=\"font-weight: 400;\"> para poderem limp\u00e1-las facilmente e est\u00e3o bem presas \u00e0 cadeira gra\u00e7as ao detalhe das tiras.<\/span><\/p>\n<p><span style=\"font-weight: 400;\">Pode <\/span><b>combinar este conjunto com os diferentes elementos que comp\u00f5em o <a href=\"https:\/\/keramamueblesdejardin.com\/etiqueta\/verona\/\" target=\"_blank\" rel=\"noopener\">modelo Verona<\/a><\/b><span style=\"font-weight: 400;\">.<\/span><\/p>\n<p><span style=\"font-weight: 400;\">Confira os <\/span><a href=\"https:\/\/keramamueblesdejardin.com\/comedores-exterior\/conjunto-mesa-y-sillas-jardin\/\" target=\"_blank\" rel=\"noopener\"><br \/>\n  <b>nossos conjuntos de mesas e cadeiras<\/b><br \/>\n  <b> para jardim ou terra\u00e7o<\/b><br \/>\n<\/a><span style=\"font-weight: 400;\">.<\/span><\/p>\n","protected":false},"excerpt":{"rendered":"<ul>\n<li>Estrutura de a\u00e7o e imita\u00e7\u00e3o natural de rattan sint\u00e9tico<\/li>\n<li>6 cadeiras empilh\u00e1veis + mesa com envelope transparente de vidro<\/li>\n<li>Almofadas amov\u00edveis, cor de areia com al\u00e7as para segurar<\/li>\n<li>Voc\u00ea pode combin\u00e1-lo com outros elementos da fam\u00edlia Verona<\/li>\n<\/ul>\n","protected":false},"featured_media":39150,"comment_status":"closed","ping_status":"open","template":"","meta":{"_acf_changed":false},"product_brand":[],"product_cat":[422,420],"product_tag":[816,427,463,508],"class_list":{"0":"post-33163","1":"product","2":"type-product","3":"status-publish","4":"has-post-thumbnail","6":"product_cat-definir-mesa-e-cadeiras-jardim","7":"product_cat-salas-de-jantar-ao-ar-livre","8":"product_tag-complexo-de-jardim-rattan","9":"product_tag-espacos-amplos","10":"product_tag-rio-rattan","11":"product_tag-rio-verona","12":"product_shipping_class-envio-gratuito-pt-pt","13":"pa_asientos-6-pt-pt","14":"pa_caracteristicas-coberturas-lavaveis","15":"pa_coleccion-verona-pt-pt","16":"pa_espacio-7-75-pt-pt","17":"pa_material-acero-pt-pt","18":"pa_material-ratan-pt-pt","19":"pa_tamano-espacio-grande-pt-pt-2","21":"first","22":"instock","23":"sale","24":"purchasable","25":"product-type-simple","26":"add-to-wishlist-before_image"},"acf":[],"yoast_head":"<!-- This site is optimized with the Yoast SEO plugin v27.2 - https:\/\/yoast.com\/product\/yoast-seo-wordpress\/ -->\n<title>Rattan sint\u00e9tico de jardim e mesa de a\u00e7o + 6 poltronas - Verona - Kerama<\/title>\n<meta name=\"robots\" content=\"index, follow, max-snippet:-1, max-image-preview:large, max-video-preview:-1\" \/>\n<link rel=\"canonical\" href=\"https:\/\/keramamueblesdejardin.com\/pt-pt\/salas-de-jantar-ao-ar-livre\/definir-mesa-e-cadeiras-jardim\/conjunto-de-jardim-ratan-sintetico-e-aco-mesa-6-poltronas-verona\/\" \/>\n<meta property=\"og:locale\" content=\"pt_PT\" \/>\n<meta property=\"og:type\" content=\"article\" \/>\n<meta property=\"og:title\" content=\"Rattan sint\u00e9tico de jardim e mesa de a\u00e7o + 6 poltronas - Verona - Kerama\" \/>\n<meta property=\"og:description\" content=\"Estrutura de a\u00e7o e imita\u00e7\u00e3o natural de rattan sint\u00e9tico  6 cadeiras empilh\u00e1veis + mesa com envelope transparente de vidro  Almofadas amov\u00edveis, cor de areia com al\u00e7as para segurar  Voc\u00ea pode combin\u00e1-lo com outros elementos da fam\u00edlia Verona\" \/>\n<meta property=\"og:url\" content=\"https:\/\/keramamueblesdejardin.com\/pt-pt\/salas-de-jantar-ao-ar-livre\/definir-mesa-e-cadeiras-jardim\/conjunto-de-jardim-ratan-sintetico-e-aco-mesa-6-poltronas-verona\/\" \/>\n<meta property=\"og:site_name\" content=\"Kerama\" \/>\n<meta property=\"article:publisher\" content=\"https:\/\/www.facebook.com\/Kerama-Muebles-de-Jard%c3%adn-106209328312568\/\" \/>\n<meta property=\"article:modified_time\" content=\"2023-08-29T08:50:41+00:00\" \/>\n<meta property=\"og:image\" content=\"https:\/\/keramamueblesdejardin.com\/wp-content\/uploads\/2021\/05\/KMJ21114_01-scaled-1-e1697451259639.jpg\" \/>\n\t<meta property=\"og:image:width\" content=\"1200\" \/>\n\t<meta property=\"og:image:height\" content=\"1200\" \/>\n\t<meta property=\"og:image:type\" content=\"image\/jpeg\" \/>\n<meta name=\"twitter:card\" content=\"summary_large_image\" \/>\n<script type=\"application\/ld+json\" class=\"yoast-schema-graph\">{\"@context\":\"https:\/\/schema.org\",\"@graph\":[{\"@type\":\"WebPage\",\"@id\":\"https:\/\/keramamueblesdejardin.com\/pt-pt\/salas-de-jantar-ao-ar-livre\/definir-mesa-e-cadeiras-jardim\/conjunto-de-jardim-ratan-sintetico-e-aco-mesa-6-poltronas-verona\/\",\"url\":\"https:\/\/keramamueblesdejardin.com\/pt-pt\/salas-de-jantar-ao-ar-livre\/definir-mesa-e-cadeiras-jardim\/conjunto-de-jardim-ratan-sintetico-e-aco-mesa-6-poltronas-verona\/\",\"name\":\"Rattan sint\u00e9tico de jardim e mesa de a\u00e7o + 6 poltronas - Verona - Kerama\",\"isPartOf\":{\"@id\":\"https:\/\/keramamueblesdejardin.com\/pt-pt\/#website\"},\"primaryImageOfPage\":{\"@id\":\"https:\/\/keramamueblesdejardin.com\/pt-pt\/salas-de-jantar-ao-ar-livre\/definir-mesa-e-cadeiras-jardim\/conjunto-de-jardim-ratan-sintetico-e-aco-mesa-6-poltronas-verona\/#primaryimage\"},\"image\":{\"@id\":\"https:\/\/keramamueblesdejardin.com\/pt-pt\/salas-de-jantar-ao-ar-livre\/definir-mesa-e-cadeiras-jardim\/conjunto-de-jardim-ratan-sintetico-e-aco-mesa-6-poltronas-verona\/#primaryimage\"},\"thumbnailUrl\":\"https:\/\/keramamueblesdejardin.com\/wp-content\/uploads\/2021\/05\/KMJ21114_01-scaled-1-e1697451259639.jpg\",\"datePublished\":\"2021-05-06T06:49:24+00:00\",\"dateModified\":\"2023-08-29T08:50:41+00:00\",\"breadcrumb\":{\"@id\":\"https:\/\/keramamueblesdejardin.com\/pt-pt\/salas-de-jantar-ao-ar-livre\/definir-mesa-e-cadeiras-jardim\/conjunto-de-jardim-ratan-sintetico-e-aco-mesa-6-poltronas-verona\/#breadcrumb\"},\"inLanguage\":\"pt-PT\",\"potentialAction\":[{\"@type\":\"ReadAction\",\"target\":[\"https:\/\/keramamueblesdejardin.com\/pt-pt\/salas-de-jantar-ao-ar-livre\/definir-mesa-e-cadeiras-jardim\/conjunto-de-jardim-ratan-sintetico-e-aco-mesa-6-poltronas-verona\/\"]}]},{\"@type\":\"ImageObject\",\"inLanguage\":\"pt-PT\",\"@id\":\"https:\/\/keramamueblesdejardin.com\/pt-pt\/salas-de-jantar-ao-ar-livre\/definir-mesa-e-cadeiras-jardim\/conjunto-de-jardim-ratan-sintetico-e-aco-mesa-6-poltronas-verona\/#primaryimage\",\"url\":\"https:\/\/keramamueblesdejardin.com\/wp-content\/uploads\/2021\/05\/KMJ21114_01-scaled-1-e1697451259639.jpg\",\"contentUrl\":\"https:\/\/keramamueblesdejardin.com\/wp-content\/uploads\/2021\/05\/KMJ21114_01-scaled-1-e1697451259639.jpg\",\"width\":1200,\"height\":1200},{\"@type\":\"BreadcrumbList\",\"@id\":\"https:\/\/keramamueblesdejardin.com\/pt-pt\/salas-de-jantar-ao-ar-livre\/definir-mesa-e-cadeiras-jardim\/conjunto-de-jardim-ratan-sintetico-e-aco-mesa-6-poltronas-verona\/#breadcrumb\",\"itemListElement\":[{\"@type\":\"ListItem\",\"position\":1,\"name\":\"Home\",\"item\":\"https:\/\/keramamueblesdejardin.com\/pt-pt\/\"},{\"@type\":\"ListItem\",\"position\":2,\"name\":\"Tienda\",\"item\":\"https:\/\/keramamueblesdejardin.com\/pt-pt\/tienda-2\/\"},{\"@type\":\"ListItem\",\"position\":3,\"name\":\"Salas de jantar ao ar livre\",\"item\":\"https:\/\/keramamueblesdejardin.com\/pt-pt\/salas-de-jantar-ao-ar-livre\/\"},{\"@type\":\"ListItem\",\"position\":4,\"name\":\"Definir mesa e cadeiras jardim\",\"item\":\"https:\/\/keramamueblesdejardin.com\/pt-pt\/salas-de-jantar-ao-ar-livre\/definir-mesa-e-cadeiras-jardim\/\"},{\"@type\":\"ListItem\",\"position\":5,\"name\":\"Rattan sint\u00e9tico de jardim e mesa de a\u00e7o + 6 poltronas &#8211; Verona\"}]},{\"@type\":\"WebSite\",\"@id\":\"https:\/\/keramamueblesdejardin.com\/pt-pt\/#website\",\"url\":\"https:\/\/keramamueblesdejardin.com\/pt-pt\/\",\"name\":\"Kerama\",\"description\":\"muebles de jard\u00edn\",\"publisher\":{\"@id\":\"https:\/\/keramamueblesdejardin.com\/pt-pt\/#organization\"},\"potentialAction\":[{\"@type\":\"SearchAction\",\"target\":{\"@type\":\"EntryPoint\",\"urlTemplate\":\"https:\/\/keramamueblesdejardin.com\/pt-pt\/?s={search_term_string}\"},\"query-input\":{\"@type\":\"PropertyValueSpecification\",\"valueRequired\":true,\"valueName\":\"search_term_string\"}}],\"inLanguage\":\"pt-PT\"},{\"@type\":\"Organization\",\"@id\":\"https:\/\/keramamueblesdejardin.com\/pt-pt\/#organization\",\"name\":\"kerama\",\"url\":\"https:\/\/keramamueblesdejardin.com\/pt-pt\/\",\"logo\":{\"@type\":\"ImageObject\",\"inLanguage\":\"pt-PT\",\"@id\":\"https:\/\/keramamueblesdejardin.com\/pt-pt\/#\/schema\/logo\/image\/\",\"url\":\"https:\/\/keramamueblesdejardin.com\/wp-content\/uploads\/2020\/12\/k.-scaled.jpg\",\"contentUrl\":\"https:\/\/keramamueblesdejardin.com\/wp-content\/uploads\/2020\/12\/k.-scaled.jpg\",\"width\":2560,\"height\":551,\"caption\":\"kerama\"},\"image\":{\"@id\":\"https:\/\/keramamueblesdejardin.com\/pt-pt\/#\/schema\/logo\/image\/\"},\"sameAs\":[\"https:\/\/www.facebook.com\/Kerama-Muebles-de-Jard\u00edn-106209328312568\/\"]}]}<\/script>\n<!-- \/ Yoast SEO plugin. -->","yoast_head_json":{"title":"Rattan sint\u00e9tico de jardim e mesa de a\u00e7o + 6 poltronas - Verona - Kerama","robots":{"index":"index","follow":"follow","max-snippet":"max-snippet:-1","max-image-preview":"max-image-preview:large","max-video-preview":"max-video-preview:-1"},"canonical":"https:\/\/keramamueblesdejardin.com\/pt-pt\/salas-de-jantar-ao-ar-livre\/definir-mesa-e-cadeiras-jardim\/conjunto-de-jardim-ratan-sintetico-e-aco-mesa-6-poltronas-verona\/","og_locale":"pt_PT","og_type":"article","og_title":"Rattan sint\u00e9tico de jardim e mesa de a\u00e7o + 6 poltronas - Verona - Kerama","og_description":"Estrutura de a\u00e7o e imita\u00e7\u00e3o natural de rattan sint\u00e9tico  6 cadeiras empilh\u00e1veis + mesa com envelope transparente de vidro  Almofadas amov\u00edveis, cor de areia com al\u00e7as para segurar  Voc\u00ea pode combin\u00e1-lo com outros elementos da fam\u00edlia Verona","og_url":"https:\/\/keramamueblesdejardin.com\/pt-pt\/salas-de-jantar-ao-ar-livre\/definir-mesa-e-cadeiras-jardim\/conjunto-de-jardim-ratan-sintetico-e-aco-mesa-6-poltronas-verona\/","og_site_name":"Kerama","article_publisher":"https:\/\/www.facebook.com\/Kerama-Muebles-de-Jard%c3%adn-106209328312568\/","article_modified_time":"2023-08-29T08:50:41+00:00","og_image":[{"width":1200,"height":1200,"url":"https:\/\/keramamueblesdejardin.com\/wp-content\/uploads\/2021\/05\/KMJ21114_01-scaled-1-e1697451259639.jpg","type":"image\/jpeg"}],"twitter_card":"summary_large_image","schema":{"@context":"https:\/\/schema.org","@graph":[{"@type":"WebPage","@id":"https:\/\/keramamueblesdejardin.com\/pt-pt\/salas-de-jantar-ao-ar-livre\/definir-mesa-e-cadeiras-jardim\/conjunto-de-jardim-ratan-sintetico-e-aco-mesa-6-poltronas-verona\/","url":"https:\/\/keramamueblesdejardin.com\/pt-pt\/salas-de-jantar-ao-ar-livre\/definir-mesa-e-cadeiras-jardim\/conjunto-de-jardim-ratan-sintetico-e-aco-mesa-6-poltronas-verona\/","name":"Rattan sint\u00e9tico de jardim e mesa de a\u00e7o + 6 poltronas - Verona - Kerama","isPartOf":{"@id":"https:\/\/keramamueblesdejardin.com\/pt-pt\/#website"},"primaryImageOfPage":{"@id":"https:\/\/keramamueblesdejardin.com\/pt-pt\/salas-de-jantar-ao-ar-livre\/definir-mesa-e-cadeiras-jardim\/conjunto-de-jardim-ratan-sintetico-e-aco-mesa-6-poltronas-verona\/#primaryimage"},"image":{"@id":"https:\/\/keramamueblesdejardin.com\/pt-pt\/salas-de-jantar-ao-ar-livre\/definir-mesa-e-cadeiras-jardim\/conjunto-de-jardim-ratan-sintetico-e-aco-mesa-6-poltronas-verona\/#primaryimage"},"thumbnailUrl":"https:\/\/keramamueblesdejardin.com\/wp-content\/uploads\/2021\/05\/KMJ21114_01-scaled-1-e1697451259639.jpg","datePublished":"2021-05-06T06:49:24+00:00","dateModified":"2023-08-29T08:50:41+00:00","breadcrumb":{"@id":"https:\/\/keramamueblesdejardin.com\/pt-pt\/salas-de-jantar-ao-ar-livre\/definir-mesa-e-cadeiras-jardim\/conjunto-de-jardim-ratan-sintetico-e-aco-mesa-6-poltronas-verona\/#breadcrumb"},"inLanguage":"pt-PT","potentialAction":[{"@type":"ReadAction","target":["https:\/\/keramamueblesdejardin.com\/pt-pt\/salas-de-jantar-ao-ar-livre\/definir-mesa-e-cadeiras-jardim\/conjunto-de-jardim-ratan-sintetico-e-aco-mesa-6-poltronas-verona\/"]}]},{"@type":"ImageObject","inLanguage":"pt-PT","@id":"https:\/\/keramamueblesdejardin.com\/pt-pt\/salas-de-jantar-ao-ar-livre\/definir-mesa-e-cadeiras-jardim\/conjunto-de-jardim-ratan-sintetico-e-aco-mesa-6-poltronas-verona\/#primaryimage","url":"https:\/\/keramamueblesdejardin.com\/wp-content\/uploads\/2021\/05\/KMJ21114_01-scaled-1-e1697451259639.jpg","contentUrl":"https:\/\/keramamueblesdejardin.com\/wp-content\/uploads\/2021\/05\/KMJ21114_01-scaled-1-e1697451259639.jpg","width":1200,"height":1200},{"@type":"BreadcrumbList","@id":"https:\/\/keramamueblesdejardin.com\/pt-pt\/salas-de-jantar-ao-ar-livre\/definir-mesa-e-cadeiras-jardim\/conjunto-de-jardim-ratan-sintetico-e-aco-mesa-6-poltronas-verona\/#breadcrumb","itemListElement":[{"@type":"ListItem","position":1,"name":"Home","item":"https:\/\/keramamueblesdejardin.com\/pt-pt\/"},{"@type":"ListItem","position":2,"name":"Tienda","item":"https:\/\/keramamueblesdejardin.com\/pt-pt\/tienda-2\/"},{"@type":"ListItem","position":3,"name":"Salas de jantar ao ar livre","item":"https:\/\/keramamueblesdejardin.com\/pt-pt\/salas-de-jantar-ao-ar-livre\/"},{"@type":"ListItem","position":4,"name":"Definir mesa e cadeiras jardim","item":"https:\/\/keramamueblesdejardin.com\/pt-pt\/salas-de-jantar-ao-ar-livre\/definir-mesa-e-cadeiras-jardim\/"},{"@type":"ListItem","position":5,"name":"Rattan sint\u00e9tico de jardim e mesa de a\u00e7o + 6 poltronas &#8211; Verona"}]},{"@type":"WebSite","@id":"https:\/\/keramamueblesdejardin.com\/pt-pt\/#website","url":"https:\/\/keramamueblesdejardin.com\/pt-pt\/","name":"Kerama","description":"muebles de jard\u00edn","publisher":{"@id":"https:\/\/keramamueblesdejardin.com\/pt-pt\/#organization"},"potentialAction":[{"@type":"SearchAction","target":{"@type":"EntryPoint","urlTemplate":"https:\/\/keramamueblesdejardin.com\/pt-pt\/?s={search_term_string}"},"query-input":{"@type":"PropertyValueSpecification","valueRequired":true,"valueName":"search_term_string"}}],"inLanguage":"pt-PT"},{"@type":"Organization","@id":"https:\/\/keramamueblesdejardin.com\/pt-pt\/#organization","name":"kerama","url":"https:\/\/keramamueblesdejardin.com\/pt-pt\/","logo":{"@type":"ImageObject","inLanguage":"pt-PT","@id":"https:\/\/keramamueblesdejardin.com\/pt-pt\/#\/schema\/logo\/image\/","url":"https:\/\/keramamueblesdejardin.com\/wp-content\/uploads\/2020\/12\/k.-scaled.jpg","contentUrl":"https:\/\/keramamueblesdejardin.com\/wp-content\/uploads\/2020\/12\/k.-scaled.jpg","width":2560,"height":551,"caption":"kerama"},"image":{"@id":"https:\/\/keramamueblesdejardin.com\/pt-pt\/#\/schema\/logo\/image\/"},"sameAs":["https:\/\/www.facebook.com\/Kerama-Muebles-de-Jard\u00edn-106209328312568\/"]}]}},"df_price":829,"df_sale_price":829,"df_regular_price":1013,"df_image_link":"https:\/\/keramamueblesdejardin.com\/wp-content\/uploads\/2021\/05\/KMJ21114_01-scaled-1-300x300.jpg","custom_tabs":[{"title":"MEDI\u00c7\u00c3O","id":"medi\u00e7\u00e3o","content":"<strong>Alto:<\/strong> Tabela 76 cm \/ Cadeiras 94 cm\n<strong>Largo:<\/strong> Tabela 90 cm \/ Cadeiras 56 cm\nComprimento: Tabela 150 cm \/ Cadeiras 65 cm\n<strong>Peso do produto:<\/strong> Tabela 28 kg \/ Cadeira 4,8 kg\n<strong>Altura do assento: <\/strong>47cm\n<strong>Profundidade do assento: <\/strong>52cm"},{"title":"DESEMBALAR E ASSEMBL\u00c9IA","id":"desembalar-e-assembleia","content":"<strong>Recomenda\u00e7\u00f5es de desembalagem:<\/strong> N\u00e3o utilize utens\u00edlios afiados ao desempacotar o mobili\u00e1rio, pois pode causar danos\n<strong>Requer montagem (sim\/n\u00e3o):<\/strong> Sim\n<strong>Dificuldade de montagem:<\/strong> Acidente\n<strong>Tempo de montagem:<\/strong> 30 minutos\n<strong>Pessoas recomendadas para montagem:<\/strong> 2\n<strong>Sugest\u00f5es de montagem:<\/strong> Prepare uma \u00e1rea de montagem limpa e seca, verifique se n\u00e3o faltam nenhuma das pe\u00e7as indicadas no manual. Recomendamos o uso de luvas adequadas para a montagem. Utilize apenas pe\u00e7as e hardware fornecidos."},{"title":"MANUTEN\u00c7\u00c3O E GARANTIAS","id":"manutencao-e-garantias","content":"<div class=\"moz-signature\">\n<div class=\"list\"><strong>Recomenda\u00e7\u00f5es gerais:<\/strong>\n\u2022 Avarias ou danos causados por:\n\u2022 Causas acidentais como quedas, golpes, derrame de l\u00edquidos, introdu\u00e7\u00e3o de corpos estranhos, bem como qualquer outro caso de for\u00e7a maior.\n\u2022 Utiliza\u00e7\u00e3o negligente, impr\u00f3pria ou n\u00e3o dom\u00e9stica.\n\u2022 Danos, corros\u00e3o e\/ou oxida\u00e7\u00e3o acelerados por condi\u00e7\u00f5es ambientais adversas\n\u2022 Manchas e descolora\u00e7\u00f5es devido ao n\u00e3o respeito dos nossos slogans de limpeza\n\u2022 Os danos ocorreram durante a montagem e o manuseamento sem ter seguido as instru\u00e7\u00f5es de montagem indicadas.\n<strong>Instru\u00e7\u00f5es de utiliza\u00e7\u00e3o e manuten\u00e7\u00e3o:<\/strong>\n\u2022 Limpe com a ajuda de um pano suavemente ou utilize um sab\u00e3o l\u00edquido neutro, enxaguando com muita \u00e1gua.\n\u2022 Retire regularmente o p\u00f3 com a ajuda de um pano macio e \u00e1gua l\u00edmpia.\n\u2022 N\u00e3o utilize detergentes ou produtos abrasivos para a limpeza.\n<strong>Anos de garantia:<\/strong> 3 anos\n<strong>Fabricado de acordo com a Norma:<\/strong> 581-1.581-2.581-3<\/div>\n<\/div>"}],"_links":{"self":[{"href":"https:\/\/keramamueblesdejardin.com\/pt-pt\/wp-json\/wp\/v2\/product\/33163","targetHints":{"allow":["GET"]}}],"collection":[{"href":"https:\/\/keramamueblesdejardin.com\/pt-pt\/wp-json\/wp\/v2\/product"}],"about":[{"href":"https:\/\/keramamueblesdejardin.com\/pt-pt\/wp-json\/wp\/v2\/types\/product"}],"replies":[{"embeddable":true,"href":"https:\/\/keramamueblesdejardin.com\/pt-pt\/wp-json\/wp\/v2\/comments?post=33163"}],"wp:featuredmedia":[{"embeddable":true,"href":"https:\/\/keramamueblesdejardin.com\/pt-pt\/wp-json\/wp\/v2\/media\/39150"}],"wp:attachment":[{"href":"https:\/\/keramamueblesdejardin.com\/pt-pt\/wp-json\/wp\/v2\/media?parent=33163"}],"wp:term":[{"taxonomy":"product_brand","embeddable":true,"href":"https:\/\/keramamueblesdejardin.com\/pt-pt\/wp-json\/wp\/v2\/product_brand?post=33163"},{"taxonomy":"product_cat","embeddable":true,"href":"https:\/\/keramamueblesdejardin.com\/pt-pt\/wp-json\/wp\/v2\/product_cat?post=33163"},{"taxonomy":"product_tag","embeddable":true,"href":"https:\/\/keramamueblesdejardin.com\/pt-pt\/wp-json\/wp\/v2\/product_tag?post=33163"}],"curies":[{"name":"wp","href":"https:\/\/api.w.org\/{rel}","templated":true}]}}