{"id":33125,"date":"2021-05-06T08:49:38","date_gmt":"2021-05-06T06:49:38","guid":{"rendered":"https:\/\/keramamueblesdejardin.com\/sem%20categoria\/jardim-vermelho-definido-com-fosso-de-fogo-4-assentos-chester\/"},"modified":"2024-01-26T12:35:41","modified_gmt":"2024-01-26T11:35:41","slug":"conjunto-de-jardim-vermelho-com-fogo-pit-4-quadrado-chester","status":"publish","type":"product","link":"https:\/\/keramamueblesdejardin.com\/pt-pt\/lounges-ao-ar-livre\/conjuntos-de-jardim\/conjunto-de-jardim-vermelho-com-fogo-pit-4-quadrado-chester\/","title":{"rendered":"Jardim vermelho definido com fosso de fogo 4 assentos &#8211; Chester"},"content":{"rendered":"<p><span style=\\\"\\\"font-weight:\\\">O <\/span><b>conjunto de jardim Chester<\/b><span style=\\\"\\\"font-weight:\\\"> \u00e9 feito de alum\u00ednio e preenchido com espuma de secagem r\u00e1pida.<\/span><\/p>\n<p><span style=\\\"\\\"font-weight:\\\">Este conjunto \u00e9 composto por um <\/span><b>sof\u00e1 de dois lugares e 2 poltronas vermelhas e uma mesa lateral cinzenta.<\/b> <span style=\\\"\\\"font-weight:\\\">A estrutura da tabela \u00e9 feita de cimento de fibra quadrada com<\/span><b>chama f ungindo ajust\u00e1vel em intensidade<\/b><span style=\\\"\\\"font-weight:\\\">. Tamb\u00e9m inclui uma tampa para a fun\u00e7\u00e3o de mesa.<\/span><\/p>\n<p><span style=\\\"\\\"font-weight:\\\">Veja outros dos nossos <\/span><a href=\\\"%5C%22https:\/\/keramamueblesdejardin.com\/salones-exterior\/conjuntos-jardin\/%5C%22\\\" target=\\\"\\\"_blank\\\"\\\" rel=\\\"\\\"noopener\\\"\\\"><br \/>\n  <span style=\\\"\\\"font-weight:\\\">conjuntos de jardim<\/span><br \/>\n<\/a><span style=\\\"\\\"font-weight:\\\">.<\/span><\/p>\n","protected":false},"excerpt":{"rendered":"<ul>\n<li>Conjunto composto por um sof\u00e1 de 2 lugares e 2 sof\u00e1s vermelhos 1\u00ba quadrado com 1\u00aa mesa lateral<\/li>\n<li>Sof\u00e1s de alum\u00ednio chester, enchimento de espuma de secagem r\u00e1pida<\/li>\n<li>Mesa lateral de jardim de fibrocimento quadrado quente de fibra quadrada com fun\u00e7\u00e3o de fogueira<\/li>\n<li>Resist\u00eancia total ao tempo<\/li>\n<\/ul>\n<p>&nbsp;<\/p>\n<p>&nbsp;<\/p>\n","protected":false},"featured_media":29837,"comment_status":"closed","ping_status":"closed","template":"","meta":{"_acf_changed":false},"product_brand":[],"product_cat":[445,446],"product_tag":[426,427,510],"class_list":{"0":"post-33125","1":"product","2":"type-product","3":"status-publish","4":"has-post-thumbnail","6":"product_cat-conjuntos-de-jardim","7":"product_cat-lounges-ao-ar-livre","8":"product_tag-aluminio-pt-pt","9":"product_tag-espacos-amplos","10":"product_tag-rio-chester","11":"product_shipping_class-envio-gratuito-pt-pt","12":"pa_ancho-386-pt-pt","13":"pa_asientos-4-pt-pt","14":"pa_caracteristicas-espuma-secado-rapido-pt-pt","15":"pa_coleccion-chester-pt-pt","16":"pa_espacio-8-84-pt-pt","17":"pa_largo-229-pt-pt","18":"pa_m2-884-pt-pt","19":"pa_material-aluminio-pt-pt","20":"pa_material-cemento-pt-pt","21":"pa_material-espuma-secado-rapido-pt-pt","22":"pa_tamano-espacio-grande-pt-pt-2","24":"first","25":"outofstock","26":"sale","27":"purchasable","28":"product-type-simple","29":"add-to-wishlist-before_image"},"acf":[],"yoast_head":"<!-- This site is optimized with the Yoast SEO plugin v27.2 - https:\/\/yoast.com\/product\/yoast-seo-wordpress\/ -->\n<title>Jardim vermelho definido com fosso de fogo 4 assentos - Chester - Kerama<\/title>\n<meta name=\"robots\" content=\"index, follow, max-snippet:-1, max-image-preview:large, max-video-preview:-1\" \/>\n<link rel=\"canonical\" href=\"https:\/\/keramamueblesdejardin.com\/pt-pt\/lounges-ao-ar-livre\/conjuntos-de-jardim\/conjunto-de-jardim-vermelho-com-fogo-pit-4-quadrado-chester\/\" \/>\n<meta property=\"og:locale\" content=\"pt_PT\" \/>\n<meta property=\"og:type\" content=\"article\" \/>\n<meta property=\"og:title\" content=\"Jardim vermelho definido com fosso de fogo 4 assentos - Chester - Kerama\" \/>\n<meta property=\"og:description\" content=\"Conjunto composto por um sof\u00e1 de 2 lugares e 2 sof\u00e1s vermelhos 1\u00ba quadrado com 1\u00aa mesa lateral  Sof\u00e1s de alum\u00ednio chester, enchimento de espuma de secagem r\u00e1pida  Mesa lateral de jardim de fibrocimento quadrado quente de fibra quadrada com fun\u00e7\u00e3o de fogueira  Resist\u00eancia total ao tempo &nbsp; &nbsp;\" \/>\n<meta property=\"og:url\" content=\"https:\/\/keramamueblesdejardin.com\/pt-pt\/lounges-ao-ar-livre\/conjuntos-de-jardim\/conjunto-de-jardim-vermelho-com-fogo-pit-4-quadrado-chester\/\" \/>\n<meta property=\"og:site_name\" content=\"Kerama\" \/>\n<meta property=\"article:publisher\" content=\"https:\/\/www.facebook.com\/Kerama-Muebles-de-Jard%c3%adn-106209328312568\/\" \/>\n<meta property=\"article:modified_time\" content=\"2024-01-26T11:35:41+00:00\" \/>\n<meta property=\"og:image\" content=\"https:\/\/keramamueblesdejardin.com\/wp-content\/uploads\/2021\/05\/L1390022_SILU.jpg\" \/>\n\t<meta property=\"og:image:width\" content=\"1920\" \/>\n\t<meta property=\"og:image:height\" content=\"1280\" \/>\n\t<meta property=\"og:image:type\" content=\"image\/jpeg\" \/>\n<meta name=\"twitter:card\" content=\"summary_large_image\" \/>\n<script type=\"application\/ld+json\" class=\"yoast-schema-graph\">{\"@context\":\"https:\/\/schema.org\",\"@graph\":[{\"@type\":\"WebPage\",\"@id\":\"https:\/\/keramamueblesdejardin.com\/pt-pt\/lounges-ao-ar-livre\/conjuntos-de-jardim\/conjunto-de-jardim-vermelho-com-fogo-pit-4-quadrado-chester\/\",\"url\":\"https:\/\/keramamueblesdejardin.com\/pt-pt\/lounges-ao-ar-livre\/conjuntos-de-jardim\/conjunto-de-jardim-vermelho-com-fogo-pit-4-quadrado-chester\/\",\"name\":\"Jardim vermelho definido com fosso de fogo 4 assentos - Chester - Kerama\",\"isPartOf\":{\"@id\":\"https:\/\/keramamueblesdejardin.com\/pt-pt\/#website\"},\"primaryImageOfPage\":{\"@id\":\"https:\/\/keramamueblesdejardin.com\/pt-pt\/lounges-ao-ar-livre\/conjuntos-de-jardim\/conjunto-de-jardim-vermelho-com-fogo-pit-4-quadrado-chester\/#primaryimage\"},\"image\":{\"@id\":\"https:\/\/keramamueblesdejardin.com\/pt-pt\/lounges-ao-ar-livre\/conjuntos-de-jardim\/conjunto-de-jardim-vermelho-com-fogo-pit-4-quadrado-chester\/#primaryimage\"},\"thumbnailUrl\":\"https:\/\/keramamueblesdejardin.com\/wp-content\/uploads\/2021\/05\/L1390022_SILU.jpg\",\"datePublished\":\"2021-05-06T06:49:38+00:00\",\"dateModified\":\"2024-01-26T11:35:41+00:00\",\"breadcrumb\":{\"@id\":\"https:\/\/keramamueblesdejardin.com\/pt-pt\/lounges-ao-ar-livre\/conjuntos-de-jardim\/conjunto-de-jardim-vermelho-com-fogo-pit-4-quadrado-chester\/#breadcrumb\"},\"inLanguage\":\"pt-PT\",\"potentialAction\":[{\"@type\":\"ReadAction\",\"target\":[\"https:\/\/keramamueblesdejardin.com\/pt-pt\/lounges-ao-ar-livre\/conjuntos-de-jardim\/conjunto-de-jardim-vermelho-com-fogo-pit-4-quadrado-chester\/\"]}]},{\"@type\":\"ImageObject\",\"inLanguage\":\"pt-PT\",\"@id\":\"https:\/\/keramamueblesdejardin.com\/pt-pt\/lounges-ao-ar-livre\/conjuntos-de-jardim\/conjunto-de-jardim-vermelho-com-fogo-pit-4-quadrado-chester\/#primaryimage\",\"url\":\"https:\/\/keramamueblesdejardin.com\/wp-content\/uploads\/2021\/05\/L1390022_SILU.jpg\",\"contentUrl\":\"https:\/\/keramamueblesdejardin.com\/wp-content\/uploads\/2021\/05\/L1390022_SILU.jpg\",\"width\":1920,\"height\":1280},{\"@type\":\"BreadcrumbList\",\"@id\":\"https:\/\/keramamueblesdejardin.com\/pt-pt\/lounges-ao-ar-livre\/conjuntos-de-jardim\/conjunto-de-jardim-vermelho-com-fogo-pit-4-quadrado-chester\/#breadcrumb\",\"itemListElement\":[{\"@type\":\"ListItem\",\"position\":1,\"name\":\"Home\",\"item\":\"https:\/\/keramamueblesdejardin.com\/pt-pt\/\"},{\"@type\":\"ListItem\",\"position\":2,\"name\":\"Tienda\",\"item\":\"https:\/\/keramamueblesdejardin.com\/pt-pt\/tienda-2\/\"},{\"@type\":\"ListItem\",\"position\":3,\"name\":\"Lounges ao ar livre\",\"item\":\"https:\/\/keramamueblesdejardin.com\/pt-pt\/lounges-ao-ar-livre\/\"},{\"@type\":\"ListItem\",\"position\":4,\"name\":\"Conjuntos de jardim\",\"item\":\"https:\/\/keramamueblesdejardin.com\/pt-pt\/lounges-ao-ar-livre\/conjuntos-de-jardim\/\"},{\"@type\":\"ListItem\",\"position\":5,\"name\":\"Jardim vermelho definido com fosso de fogo 4 assentos &#8211; Chester\"}]},{\"@type\":\"WebSite\",\"@id\":\"https:\/\/keramamueblesdejardin.com\/pt-pt\/#website\",\"url\":\"https:\/\/keramamueblesdejardin.com\/pt-pt\/\",\"name\":\"Kerama\",\"description\":\"muebles de jard\u00edn\",\"publisher\":{\"@id\":\"https:\/\/keramamueblesdejardin.com\/pt-pt\/#organization\"},\"potentialAction\":[{\"@type\":\"SearchAction\",\"target\":{\"@type\":\"EntryPoint\",\"urlTemplate\":\"https:\/\/keramamueblesdejardin.com\/pt-pt\/?s={search_term_string}\"},\"query-input\":{\"@type\":\"PropertyValueSpecification\",\"valueRequired\":true,\"valueName\":\"search_term_string\"}}],\"inLanguage\":\"pt-PT\"},{\"@type\":\"Organization\",\"@id\":\"https:\/\/keramamueblesdejardin.com\/pt-pt\/#organization\",\"name\":\"kerama\",\"url\":\"https:\/\/keramamueblesdejardin.com\/pt-pt\/\",\"logo\":{\"@type\":\"ImageObject\",\"inLanguage\":\"pt-PT\",\"@id\":\"https:\/\/keramamueblesdejardin.com\/pt-pt\/#\/schema\/logo\/image\/\",\"url\":\"https:\/\/keramamueblesdejardin.com\/wp-content\/uploads\/2020\/12\/k.-scaled.jpg\",\"contentUrl\":\"https:\/\/keramamueblesdejardin.com\/wp-content\/uploads\/2020\/12\/k.-scaled.jpg\",\"width\":2560,\"height\":551,\"caption\":\"kerama\"},\"image\":{\"@id\":\"https:\/\/keramamueblesdejardin.com\/pt-pt\/#\/schema\/logo\/image\/\"},\"sameAs\":[\"https:\/\/www.facebook.com\/Kerama-Muebles-de-Jard\u00edn-106209328312568\/\"]}]}<\/script>\n<!-- \/ Yoast SEO plugin. -->","yoast_head_json":{"title":"Jardim vermelho definido com fosso de fogo 4 assentos - Chester - Kerama","robots":{"index":"index","follow":"follow","max-snippet":"max-snippet:-1","max-image-preview":"max-image-preview:large","max-video-preview":"max-video-preview:-1"},"canonical":"https:\/\/keramamueblesdejardin.com\/pt-pt\/lounges-ao-ar-livre\/conjuntos-de-jardim\/conjunto-de-jardim-vermelho-com-fogo-pit-4-quadrado-chester\/","og_locale":"pt_PT","og_type":"article","og_title":"Jardim vermelho definido com fosso de fogo 4 assentos - Chester - Kerama","og_description":"Conjunto composto por um sof\u00e1 de 2 lugares e 2 sof\u00e1s vermelhos 1\u00ba quadrado com 1\u00aa mesa lateral  Sof\u00e1s de alum\u00ednio chester, enchimento de espuma de secagem r\u00e1pida  Mesa lateral de jardim de fibrocimento quadrado quente de fibra quadrada com fun\u00e7\u00e3o de fogueira  Resist\u00eancia total ao tempo &nbsp; &nbsp;","og_url":"https:\/\/keramamueblesdejardin.com\/pt-pt\/lounges-ao-ar-livre\/conjuntos-de-jardim\/conjunto-de-jardim-vermelho-com-fogo-pit-4-quadrado-chester\/","og_site_name":"Kerama","article_publisher":"https:\/\/www.facebook.com\/Kerama-Muebles-de-Jard%c3%adn-106209328312568\/","article_modified_time":"2024-01-26T11:35:41+00:00","og_image":[{"width":1920,"height":1280,"url":"https:\/\/keramamueblesdejardin.com\/wp-content\/uploads\/2021\/05\/L1390022_SILU.jpg","type":"image\/jpeg"}],"twitter_card":"summary_large_image","schema":{"@context":"https:\/\/schema.org","@graph":[{"@type":"WebPage","@id":"https:\/\/keramamueblesdejardin.com\/pt-pt\/lounges-ao-ar-livre\/conjuntos-de-jardim\/conjunto-de-jardim-vermelho-com-fogo-pit-4-quadrado-chester\/","url":"https:\/\/keramamueblesdejardin.com\/pt-pt\/lounges-ao-ar-livre\/conjuntos-de-jardim\/conjunto-de-jardim-vermelho-com-fogo-pit-4-quadrado-chester\/","name":"Jardim vermelho definido com fosso de fogo 4 assentos - Chester - Kerama","isPartOf":{"@id":"https:\/\/keramamueblesdejardin.com\/pt-pt\/#website"},"primaryImageOfPage":{"@id":"https:\/\/keramamueblesdejardin.com\/pt-pt\/lounges-ao-ar-livre\/conjuntos-de-jardim\/conjunto-de-jardim-vermelho-com-fogo-pit-4-quadrado-chester\/#primaryimage"},"image":{"@id":"https:\/\/keramamueblesdejardin.com\/pt-pt\/lounges-ao-ar-livre\/conjuntos-de-jardim\/conjunto-de-jardim-vermelho-com-fogo-pit-4-quadrado-chester\/#primaryimage"},"thumbnailUrl":"https:\/\/keramamueblesdejardin.com\/wp-content\/uploads\/2021\/05\/L1390022_SILU.jpg","datePublished":"2021-05-06T06:49:38+00:00","dateModified":"2024-01-26T11:35:41+00:00","breadcrumb":{"@id":"https:\/\/keramamueblesdejardin.com\/pt-pt\/lounges-ao-ar-livre\/conjuntos-de-jardim\/conjunto-de-jardim-vermelho-com-fogo-pit-4-quadrado-chester\/#breadcrumb"},"inLanguage":"pt-PT","potentialAction":[{"@type":"ReadAction","target":["https:\/\/keramamueblesdejardin.com\/pt-pt\/lounges-ao-ar-livre\/conjuntos-de-jardim\/conjunto-de-jardim-vermelho-com-fogo-pit-4-quadrado-chester\/"]}]},{"@type":"ImageObject","inLanguage":"pt-PT","@id":"https:\/\/keramamueblesdejardin.com\/pt-pt\/lounges-ao-ar-livre\/conjuntos-de-jardim\/conjunto-de-jardim-vermelho-com-fogo-pit-4-quadrado-chester\/#primaryimage","url":"https:\/\/keramamueblesdejardin.com\/wp-content\/uploads\/2021\/05\/L1390022_SILU.jpg","contentUrl":"https:\/\/keramamueblesdejardin.com\/wp-content\/uploads\/2021\/05\/L1390022_SILU.jpg","width":1920,"height":1280},{"@type":"BreadcrumbList","@id":"https:\/\/keramamueblesdejardin.com\/pt-pt\/lounges-ao-ar-livre\/conjuntos-de-jardim\/conjunto-de-jardim-vermelho-com-fogo-pit-4-quadrado-chester\/#breadcrumb","itemListElement":[{"@type":"ListItem","position":1,"name":"Home","item":"https:\/\/keramamueblesdejardin.com\/pt-pt\/"},{"@type":"ListItem","position":2,"name":"Tienda","item":"https:\/\/keramamueblesdejardin.com\/pt-pt\/tienda-2\/"},{"@type":"ListItem","position":3,"name":"Lounges ao ar livre","item":"https:\/\/keramamueblesdejardin.com\/pt-pt\/lounges-ao-ar-livre\/"},{"@type":"ListItem","position":4,"name":"Conjuntos de jardim","item":"https:\/\/keramamueblesdejardin.com\/pt-pt\/lounges-ao-ar-livre\/conjuntos-de-jardim\/"},{"@type":"ListItem","position":5,"name":"Jardim vermelho definido com fosso de fogo 4 assentos &#8211; Chester"}]},{"@type":"WebSite","@id":"https:\/\/keramamueblesdejardin.com\/pt-pt\/#website","url":"https:\/\/keramamueblesdejardin.com\/pt-pt\/","name":"Kerama","description":"muebles de jard\u00edn","publisher":{"@id":"https:\/\/keramamueblesdejardin.com\/pt-pt\/#organization"},"potentialAction":[{"@type":"SearchAction","target":{"@type":"EntryPoint","urlTemplate":"https:\/\/keramamueblesdejardin.com\/pt-pt\/?s={search_term_string}"},"query-input":{"@type":"PropertyValueSpecification","valueRequired":true,"valueName":"search_term_string"}}],"inLanguage":"pt-PT"},{"@type":"Organization","@id":"https:\/\/keramamueblesdejardin.com\/pt-pt\/#organization","name":"kerama","url":"https:\/\/keramamueblesdejardin.com\/pt-pt\/","logo":{"@type":"ImageObject","inLanguage":"pt-PT","@id":"https:\/\/keramamueblesdejardin.com\/pt-pt\/#\/schema\/logo\/image\/","url":"https:\/\/keramamueblesdejardin.com\/wp-content\/uploads\/2020\/12\/k.-scaled.jpg","contentUrl":"https:\/\/keramamueblesdejardin.com\/wp-content\/uploads\/2020\/12\/k.-scaled.jpg","width":2560,"height":551,"caption":"kerama"},"image":{"@id":"https:\/\/keramamueblesdejardin.com\/pt-pt\/#\/schema\/logo\/image\/"},"sameAs":["https:\/\/www.facebook.com\/Kerama-Muebles-de-Jard\u00edn-106209328312568\/"]}]}},"df_price":2275,"df_sale_price":2275,"df_regular_price":2958,"df_image_link":"https:\/\/keramamueblesdejardin.com\/wp-content\/uploads\/2021\/05\/L1390022_SILU-300x200.jpg","custom_tabs":[{"title":"MEDI\u00c7\u00c3O","id":"medi\u00e7\u00e3o","content":"<strong>Alto:<\/strong> Sof\u00e1 1 assento 77 cm \/ Sof\u00e1 2 assentos 77 cm \/ Mesa lateral 40 cm\n<strong>Largo:<\/strong> Sof\u00e1 1 assento 131 cm\/ Sof\u00e1 2 assentos 190 cm\/ Mesa lateral 91,50 cm\n<strong>Em baixo:<\/strong> Sof\u00e1 1 assento 98 cm \/ Sof\u00e1 2 assentos 98 cm \/ Mesa lateral 91,50 cm\n<strong>Peso do produto:<\/strong> Sof\u00e1 1 assento 38,6 kg \/ Sof\u00e1 2 assentos 52,80 kg \/ Mesa lateral 37 kg\n<strong>Altura do assento:<\/strong>\n<strong>Profundidade do assento:<\/strong>"},{"title":"DESEMBALAR E ASSEMBL\u00c9IA","id":"desembalar-e-assembleia","content":"<strong>Recomenda\u00e7\u00f5es de desembalagem:<\/strong> N\u00e3o utilize utens\u00edlios afiados ao desempacotar o mobili\u00e1rio, pois pode causar danos\n<strong>Requer montagem (sim\/n\u00e3o):<\/strong> N\u00e3o"},{"title":"MANUTEN\u00c7\u00c3O E GARANTIAS","id":"manutencao-e-garantias","content":"<strong>Condi\u00e7\u00f5es gerais:<\/strong>\n\u2022 Avarias ou danos causados por:\n\u2022 Causas acidentais como quedas, golpes, derrame de l\u00edquidos, introdu\u00e7\u00e3o de corpos estranhos, bem como qualquer outro caso de for\u00e7a maior.\n\u2022 Utiliza\u00e7\u00e3o negligente, impr\u00f3pria ou n\u00e3o dom\u00e9stica.\n\u2022 Danos, corros\u00e3o e\/ou oxida\u00e7\u00e3o acelerados por condi\u00e7\u00f5es ambientais adversas\n\u2022 Manchas e descolora\u00e7\u00f5es devido ao n\u00e3o respeito dos nossos slogans de limpeza\n\u2022 Os danos ocorreram durante a montagem e o manuseamento sem ter seguido as instru\u00e7\u00f5es de montagem indicadas.\n<strong>Instru\u00e7\u00f5es de utiliza\u00e7\u00e3o e manuten\u00e7\u00e3o:<\/strong>\n\u2022 Limpe com a ajuda de um pano suavemente ou use um sab\u00e3o l\u00edquido neutro, enxaguando com muita \u00e1gua\n\u2022 Retire regularmente o p\u00f3 com a ajuda de um pano macio e \u00e1gua l\u00edmpia.\n\u2022 N\u00e3o utilize detergentes ou produtos abrasivos para a limpeza.\n\u2022 Para limpar as almofadas, siga as instru\u00e7\u00f5es da etiqueta t\u00eaxtil.\n<strong>Anos de garantia:<\/strong> 3 anos\n<strong>Fabricado de acordo com a Norma:<\/strong> 581-1.581-2.581-3"}],"_links":{"self":[{"href":"https:\/\/keramamueblesdejardin.com\/pt-pt\/wp-json\/wp\/v2\/product\/33125","targetHints":{"allow":["GET"]}}],"collection":[{"href":"https:\/\/keramamueblesdejardin.com\/pt-pt\/wp-json\/wp\/v2\/product"}],"about":[{"href":"https:\/\/keramamueblesdejardin.com\/pt-pt\/wp-json\/wp\/v2\/types\/product"}],"replies":[{"embeddable":true,"href":"https:\/\/keramamueblesdejardin.com\/pt-pt\/wp-json\/wp\/v2\/comments?post=33125"}],"wp:featuredmedia":[{"embeddable":true,"href":"https:\/\/keramamueblesdejardin.com\/pt-pt\/wp-json\/wp\/v2\/media\/29837"}],"wp:attachment":[{"href":"https:\/\/keramamueblesdejardin.com\/pt-pt\/wp-json\/wp\/v2\/media?parent=33125"}],"wp:term":[{"taxonomy":"product_brand","embeddable":true,"href":"https:\/\/keramamueblesdejardin.com\/pt-pt\/wp-json\/wp\/v2\/product_brand?post=33125"},{"taxonomy":"product_cat","embeddable":true,"href":"https:\/\/keramamueblesdejardin.com\/pt-pt\/wp-json\/wp\/v2\/product_cat?post=33125"},{"taxonomy":"product_tag","embeddable":true,"href":"https:\/\/keramamueblesdejardin.com\/pt-pt\/wp-json\/wp\/v2\/product_tag?post=33125"}],"curies":[{"name":"wp","href":"https:\/\/api.w.org\/{rel}","templated":true}]}}