{"id":33099,"date":"2021-05-06T08:49:34","date_gmt":"2021-05-06T06:49:34","guid":{"rendered":"https:\/\/keramamueblesdejardin.com\/sem%20categoria\/praia-dobravel-de-guarda-sol-mini-lima-praia\/"},"modified":"2023-08-29T11:11:51","modified_gmt":"2023-08-29T09:11:51","slug":"sunshade-praia-folding-mini-praia","status":"publish","type":"product","link":"https:\/\/keramamueblesdejardin.com\/pt-pt\/guarda-sois-e-pergulas\/guarda-sois-guarda-sois-e-pergulas\/sunshade-praia-folding-mini-praia\/","title":{"rendered":"Praia dobr\u00e1vel de guarda-sol mini lima &#8211; Praia"},"content":{"rendered":"<p>Guarda-sol dobr\u00e1vel em 3 partes 1,8 m \u00d8 cor azul. Estrutura de a\u00e7o e poli\u00e9ster de 180 g com revestimento prateado para m\u00e1xima prote\u00e7\u00e3o UV.<\/p>\n","protected":false},"excerpt":{"rendered":"<p>Guarda-sol dobr\u00e1vel em 3 partes 1,8 m \u00d8 cor azul. Estrutura de a\u00e7o e poli\u00e9ster de 180 g com revestimento prateado para m\u00e1xima prote\u00e7\u00e3o UV.<\/p>\n","protected":false},"featured_media":30043,"comment_status":"closed","ping_status":"open","template":"","meta":{"_acf_changed":false},"product_brand":[],"product_cat":[431,424],"product_tag":[427,483],"class_list":{"0":"post-33099","1":"product","2":"type-product","3":"status-publish","4":"has-post-thumbnail","6":"product_cat-guarda-sois-guarda-sois-e-pergulas","7":"product_cat-guarda-sois-e-pergulas","8":"product_tag-espacos-amplos","9":"product_tag-praia","10":"product_shipping_class-envio-gratuito-pt-pt","11":"pa_caracteristicas-guarda-sol","12":"pa_coleccion-praia","13":"pa_forma-redondo-pt-pt-2","14":"pa_material-acero-pt-pt","15":"pa_material-poliester-pt-pt","17":"first","18":"instock","19":"sale","20":"purchasable","21":"product-type-simple","22":"add-to-wishlist-before_image"},"acf":[],"yoast_head":"<!-- This site is optimized with the Yoast SEO plugin v27.2 - https:\/\/yoast.com\/product\/yoast-seo-wordpress\/ -->\n<title>Praia dobr\u00e1vel de guarda-sol mini lima - Praia - Kerama<\/title>\n<meta name=\"robots\" content=\"index, follow, max-snippet:-1, max-image-preview:large, max-video-preview:-1\" \/>\n<link rel=\"canonical\" href=\"https:\/\/keramamueblesdejardin.com\/pt-pt\/guarda-sois-e-pergulas\/guarda-sois-guarda-sois-e-pergulas\/sunshade-praia-folding-mini-praia\/\" \/>\n<meta property=\"og:locale\" content=\"pt_PT\" \/>\n<meta property=\"og:type\" content=\"article\" \/>\n<meta property=\"og:title\" content=\"Praia dobr\u00e1vel de guarda-sol mini lima - Praia - Kerama\" \/>\n<meta property=\"og:description\" content=\"Guarda-sol dobr\u00e1vel em 3 partes 1,8 m \u00d8 cor azul. Estrutura de a\u00e7o e poli\u00e9ster de 180 g com revestimento prateado para m\u00e1xima prote\u00e7\u00e3o UV.\" \/>\n<meta property=\"og:url\" content=\"https:\/\/keramamueblesdejardin.com\/pt-pt\/guarda-sois-e-pergulas\/guarda-sois-guarda-sois-e-pergulas\/sunshade-praia-folding-mini-praia\/\" \/>\n<meta property=\"og:site_name\" content=\"Kerama\" \/>\n<meta property=\"article:publisher\" content=\"https:\/\/www.facebook.com\/Kerama-Muebles-de-Jard%c3%adn-106209328312568\/\" \/>\n<meta property=\"article:modified_time\" content=\"2023-08-29T09:11:51+00:00\" \/>\n<meta property=\"og:image\" content=\"https:\/\/keramamueblesdejardin.com\/wp-content\/uploads\/2021\/05\/KMJ21150_001.jpg\" \/>\n\t<meta property=\"og:image:width\" content=\"1200\" \/>\n\t<meta property=\"og:image:height\" content=\"1405\" \/>\n\t<meta property=\"og:image:type\" content=\"image\/jpeg\" \/>\n<meta name=\"twitter:card\" content=\"summary_large_image\" \/>\n<script type=\"application\/ld+json\" class=\"yoast-schema-graph\">{\"@context\":\"https:\/\/schema.org\",\"@graph\":[{\"@type\":\"WebPage\",\"@id\":\"https:\/\/keramamueblesdejardin.com\/pt-pt\/guarda-sois-e-pergulas\/guarda-sois-guarda-sois-e-pergulas\/sunshade-praia-folding-mini-praia\/\",\"url\":\"https:\/\/keramamueblesdejardin.com\/pt-pt\/guarda-sois-e-pergulas\/guarda-sois-guarda-sois-e-pergulas\/sunshade-praia-folding-mini-praia\/\",\"name\":\"Praia dobr\u00e1vel de guarda-sol mini lima - Praia - Kerama\",\"isPartOf\":{\"@id\":\"https:\/\/keramamueblesdejardin.com\/pt-pt\/#website\"},\"primaryImageOfPage\":{\"@id\":\"https:\/\/keramamueblesdejardin.com\/pt-pt\/guarda-sois-e-pergulas\/guarda-sois-guarda-sois-e-pergulas\/sunshade-praia-folding-mini-praia\/#primaryimage\"},\"image\":{\"@id\":\"https:\/\/keramamueblesdejardin.com\/pt-pt\/guarda-sois-e-pergulas\/guarda-sois-guarda-sois-e-pergulas\/sunshade-praia-folding-mini-praia\/#primaryimage\"},\"thumbnailUrl\":\"https:\/\/keramamueblesdejardin.com\/wp-content\/uploads\/2021\/05\/KMJ21150_001.jpg\",\"datePublished\":\"2021-05-06T06:49:34+00:00\",\"dateModified\":\"2023-08-29T09:11:51+00:00\",\"breadcrumb\":{\"@id\":\"https:\/\/keramamueblesdejardin.com\/pt-pt\/guarda-sois-e-pergulas\/guarda-sois-guarda-sois-e-pergulas\/sunshade-praia-folding-mini-praia\/#breadcrumb\"},\"inLanguage\":\"pt-PT\",\"potentialAction\":[{\"@type\":\"ReadAction\",\"target\":[\"https:\/\/keramamueblesdejardin.com\/pt-pt\/guarda-sois-e-pergulas\/guarda-sois-guarda-sois-e-pergulas\/sunshade-praia-folding-mini-praia\/\"]}]},{\"@type\":\"ImageObject\",\"inLanguage\":\"pt-PT\",\"@id\":\"https:\/\/keramamueblesdejardin.com\/pt-pt\/guarda-sois-e-pergulas\/guarda-sois-guarda-sois-e-pergulas\/sunshade-praia-folding-mini-praia\/#primaryimage\",\"url\":\"https:\/\/keramamueblesdejardin.com\/wp-content\/uploads\/2021\/05\/KMJ21150_001.jpg\",\"contentUrl\":\"https:\/\/keramamueblesdejardin.com\/wp-content\/uploads\/2021\/05\/KMJ21150_001.jpg\",\"width\":1200,\"height\":1405},{\"@type\":\"BreadcrumbList\",\"@id\":\"https:\/\/keramamueblesdejardin.com\/pt-pt\/guarda-sois-e-pergulas\/guarda-sois-guarda-sois-e-pergulas\/sunshade-praia-folding-mini-praia\/#breadcrumb\",\"itemListElement\":[{\"@type\":\"ListItem\",\"position\":1,\"name\":\"Home\",\"item\":\"https:\/\/keramamueblesdejardin.com\/pt-pt\/\"},{\"@type\":\"ListItem\",\"position\":2,\"name\":\"Tienda\",\"item\":\"https:\/\/keramamueblesdejardin.com\/pt-pt\/tienda-2\/\"},{\"@type\":\"ListItem\",\"position\":3,\"name\":\"Guarda-s\u00f3is e p\u00e9rgulas\",\"item\":\"https:\/\/keramamueblesdejardin.com\/pt-pt\/guarda-sois-e-pergulas\/\"},{\"@type\":\"ListItem\",\"position\":4,\"name\":\"Guarda-s\u00f3is\",\"item\":\"https:\/\/keramamueblesdejardin.com\/pt-pt\/guarda-sois-e-pergulas\/guarda-sois-guarda-sois-e-pergulas\/\"},{\"@type\":\"ListItem\",\"position\":5,\"name\":\"Praia dobr\u00e1vel de guarda-sol mini lima &#8211; Praia\"}]},{\"@type\":\"WebSite\",\"@id\":\"https:\/\/keramamueblesdejardin.com\/pt-pt\/#website\",\"url\":\"https:\/\/keramamueblesdejardin.com\/pt-pt\/\",\"name\":\"Kerama\",\"description\":\"muebles de jard\u00edn\",\"publisher\":{\"@id\":\"https:\/\/keramamueblesdejardin.com\/pt-pt\/#organization\"},\"potentialAction\":[{\"@type\":\"SearchAction\",\"target\":{\"@type\":\"EntryPoint\",\"urlTemplate\":\"https:\/\/keramamueblesdejardin.com\/pt-pt\/?s={search_term_string}\"},\"query-input\":{\"@type\":\"PropertyValueSpecification\",\"valueRequired\":true,\"valueName\":\"search_term_string\"}}],\"inLanguage\":\"pt-PT\"},{\"@type\":\"Organization\",\"@id\":\"https:\/\/keramamueblesdejardin.com\/pt-pt\/#organization\",\"name\":\"kerama\",\"url\":\"https:\/\/keramamueblesdejardin.com\/pt-pt\/\",\"logo\":{\"@type\":\"ImageObject\",\"inLanguage\":\"pt-PT\",\"@id\":\"https:\/\/keramamueblesdejardin.com\/pt-pt\/#\/schema\/logo\/image\/\",\"url\":\"https:\/\/keramamueblesdejardin.com\/wp-content\/uploads\/2020\/12\/k.-scaled.jpg\",\"contentUrl\":\"https:\/\/keramamueblesdejardin.com\/wp-content\/uploads\/2020\/12\/k.-scaled.jpg\",\"width\":2560,\"height\":551,\"caption\":\"kerama\"},\"image\":{\"@id\":\"https:\/\/keramamueblesdejardin.com\/pt-pt\/#\/schema\/logo\/image\/\"},\"sameAs\":[\"https:\/\/www.facebook.com\/Kerama-Muebles-de-Jard\u00edn-106209328312568\/\"]}]}<\/script>\n<!-- \/ Yoast SEO plugin. -->","yoast_head_json":{"title":"Praia dobr\u00e1vel de guarda-sol mini lima - Praia - Kerama","robots":{"index":"index","follow":"follow","max-snippet":"max-snippet:-1","max-image-preview":"max-image-preview:large","max-video-preview":"max-video-preview:-1"},"canonical":"https:\/\/keramamueblesdejardin.com\/pt-pt\/guarda-sois-e-pergulas\/guarda-sois-guarda-sois-e-pergulas\/sunshade-praia-folding-mini-praia\/","og_locale":"pt_PT","og_type":"article","og_title":"Praia dobr\u00e1vel de guarda-sol mini lima - Praia - Kerama","og_description":"Guarda-sol dobr\u00e1vel em 3 partes 1,8 m \u00d8 cor azul. Estrutura de a\u00e7o e poli\u00e9ster de 180 g com revestimento prateado para m\u00e1xima prote\u00e7\u00e3o UV.","og_url":"https:\/\/keramamueblesdejardin.com\/pt-pt\/guarda-sois-e-pergulas\/guarda-sois-guarda-sois-e-pergulas\/sunshade-praia-folding-mini-praia\/","og_site_name":"Kerama","article_publisher":"https:\/\/www.facebook.com\/Kerama-Muebles-de-Jard%c3%adn-106209328312568\/","article_modified_time":"2023-08-29T09:11:51+00:00","og_image":[{"width":1200,"height":1405,"url":"https:\/\/keramamueblesdejardin.com\/wp-content\/uploads\/2021\/05\/KMJ21150_001.jpg","type":"image\/jpeg"}],"twitter_card":"summary_large_image","schema":{"@context":"https:\/\/schema.org","@graph":[{"@type":"WebPage","@id":"https:\/\/keramamueblesdejardin.com\/pt-pt\/guarda-sois-e-pergulas\/guarda-sois-guarda-sois-e-pergulas\/sunshade-praia-folding-mini-praia\/","url":"https:\/\/keramamueblesdejardin.com\/pt-pt\/guarda-sois-e-pergulas\/guarda-sois-guarda-sois-e-pergulas\/sunshade-praia-folding-mini-praia\/","name":"Praia dobr\u00e1vel de guarda-sol mini lima - Praia - Kerama","isPartOf":{"@id":"https:\/\/keramamueblesdejardin.com\/pt-pt\/#website"},"primaryImageOfPage":{"@id":"https:\/\/keramamueblesdejardin.com\/pt-pt\/guarda-sois-e-pergulas\/guarda-sois-guarda-sois-e-pergulas\/sunshade-praia-folding-mini-praia\/#primaryimage"},"image":{"@id":"https:\/\/keramamueblesdejardin.com\/pt-pt\/guarda-sois-e-pergulas\/guarda-sois-guarda-sois-e-pergulas\/sunshade-praia-folding-mini-praia\/#primaryimage"},"thumbnailUrl":"https:\/\/keramamueblesdejardin.com\/wp-content\/uploads\/2021\/05\/KMJ21150_001.jpg","datePublished":"2021-05-06T06:49:34+00:00","dateModified":"2023-08-29T09:11:51+00:00","breadcrumb":{"@id":"https:\/\/keramamueblesdejardin.com\/pt-pt\/guarda-sois-e-pergulas\/guarda-sois-guarda-sois-e-pergulas\/sunshade-praia-folding-mini-praia\/#breadcrumb"},"inLanguage":"pt-PT","potentialAction":[{"@type":"ReadAction","target":["https:\/\/keramamueblesdejardin.com\/pt-pt\/guarda-sois-e-pergulas\/guarda-sois-guarda-sois-e-pergulas\/sunshade-praia-folding-mini-praia\/"]}]},{"@type":"ImageObject","inLanguage":"pt-PT","@id":"https:\/\/keramamueblesdejardin.com\/pt-pt\/guarda-sois-e-pergulas\/guarda-sois-guarda-sois-e-pergulas\/sunshade-praia-folding-mini-praia\/#primaryimage","url":"https:\/\/keramamueblesdejardin.com\/wp-content\/uploads\/2021\/05\/KMJ21150_001.jpg","contentUrl":"https:\/\/keramamueblesdejardin.com\/wp-content\/uploads\/2021\/05\/KMJ21150_001.jpg","width":1200,"height":1405},{"@type":"BreadcrumbList","@id":"https:\/\/keramamueblesdejardin.com\/pt-pt\/guarda-sois-e-pergulas\/guarda-sois-guarda-sois-e-pergulas\/sunshade-praia-folding-mini-praia\/#breadcrumb","itemListElement":[{"@type":"ListItem","position":1,"name":"Home","item":"https:\/\/keramamueblesdejardin.com\/pt-pt\/"},{"@type":"ListItem","position":2,"name":"Tienda","item":"https:\/\/keramamueblesdejardin.com\/pt-pt\/tienda-2\/"},{"@type":"ListItem","position":3,"name":"Guarda-s\u00f3is e p\u00e9rgulas","item":"https:\/\/keramamueblesdejardin.com\/pt-pt\/guarda-sois-e-pergulas\/"},{"@type":"ListItem","position":4,"name":"Guarda-s\u00f3is","item":"https:\/\/keramamueblesdejardin.com\/pt-pt\/guarda-sois-e-pergulas\/guarda-sois-guarda-sois-e-pergulas\/"},{"@type":"ListItem","position":5,"name":"Praia dobr\u00e1vel de guarda-sol mini lima &#8211; Praia"}]},{"@type":"WebSite","@id":"https:\/\/keramamueblesdejardin.com\/pt-pt\/#website","url":"https:\/\/keramamueblesdejardin.com\/pt-pt\/","name":"Kerama","description":"muebles de jard\u00edn","publisher":{"@id":"https:\/\/keramamueblesdejardin.com\/pt-pt\/#organization"},"potentialAction":[{"@type":"SearchAction","target":{"@type":"EntryPoint","urlTemplate":"https:\/\/keramamueblesdejardin.com\/pt-pt\/?s={search_term_string}"},"query-input":{"@type":"PropertyValueSpecification","valueRequired":true,"valueName":"search_term_string"}}],"inLanguage":"pt-PT"},{"@type":"Organization","@id":"https:\/\/keramamueblesdejardin.com\/pt-pt\/#organization","name":"kerama","url":"https:\/\/keramamueblesdejardin.com\/pt-pt\/","logo":{"@type":"ImageObject","inLanguage":"pt-PT","@id":"https:\/\/keramamueblesdejardin.com\/pt-pt\/#\/schema\/logo\/image\/","url":"https:\/\/keramamueblesdejardin.com\/wp-content\/uploads\/2020\/12\/k.-scaled.jpg","contentUrl":"https:\/\/keramamueblesdejardin.com\/wp-content\/uploads\/2020\/12\/k.-scaled.jpg","width":2560,"height":551,"caption":"kerama"},"image":{"@id":"https:\/\/keramamueblesdejardin.com\/pt-pt\/#\/schema\/logo\/image\/"},"sameAs":["https:\/\/www.facebook.com\/Kerama-Muebles-de-Jard\u00edn-106209328312568\/"]}]}},"df_price":49,"df_sale_price":49,"df_regular_price":64,"df_image_link":"https:\/\/keramamueblesdejardin.com\/wp-content\/uploads\/2021\/05\/KMJ21150_001-256x300.jpg","custom_tabs":"","_links":{"self":[{"href":"https:\/\/keramamueblesdejardin.com\/pt-pt\/wp-json\/wp\/v2\/product\/33099","targetHints":{"allow":["GET"]}}],"collection":[{"href":"https:\/\/keramamueblesdejardin.com\/pt-pt\/wp-json\/wp\/v2\/product"}],"about":[{"href":"https:\/\/keramamueblesdejardin.com\/pt-pt\/wp-json\/wp\/v2\/types\/product"}],"replies":[{"embeddable":true,"href":"https:\/\/keramamueblesdejardin.com\/pt-pt\/wp-json\/wp\/v2\/comments?post=33099"}],"wp:featuredmedia":[{"embeddable":true,"href":"https:\/\/keramamueblesdejardin.com\/pt-pt\/wp-json\/wp\/v2\/media\/30043"}],"wp:attachment":[{"href":"https:\/\/keramamueblesdejardin.com\/pt-pt\/wp-json\/wp\/v2\/media?parent=33099"}],"wp:term":[{"taxonomy":"product_brand","embeddable":true,"href":"https:\/\/keramamueblesdejardin.com\/pt-pt\/wp-json\/wp\/v2\/product_brand?post=33099"},{"taxonomy":"product_cat","embeddable":true,"href":"https:\/\/keramamueblesdejardin.com\/pt-pt\/wp-json\/wp\/v2\/product_cat?post=33099"},{"taxonomy":"product_tag","embeddable":true,"href":"https:\/\/keramamueblesdejardin.com\/pt-pt\/wp-json\/wp\/v2\/product_tag?post=33099"}],"curies":[{"name":"wp","href":"https:\/\/api.w.org\/{rel}","templated":true}]}}