{"id":33010,"date":"2021-05-06T08:49:41","date_gmt":"2021-05-06T06:49:41","guid":{"rendered":"https:\/\/keramamueblesdejardin.com\/sem%20categoria\/tecido-de-substituicao-para-guarda-sol-250cm-redondo-olive-green-sunny\/"},"modified":"2023-08-29T11:43:13","modified_gmt":"2023-08-29T09:43:13","slug":"sobressalente-tecido-para-guarda-sol-250cm-redondo-verde-azeitona-ensolarado","status":"publish","type":"product","link":"https:\/\/keramamueblesdejardin.com\/pt-pt\/guarda-sois-e-pergulas\/pecas-sobressalentes-texteis\/sobressalente-tecido-para-guarda-sol-250cm-redondo-verde-azeitona-ensolarado\/","title":{"rendered":"Tecido de substitui\u00e7\u00e3o para guarda-sol 250cm redondo Olive Green &#8211; Sunny"},"content":{"rendered":"<p>Tecido de substitui\u00e7\u00e3o para guarda-sol 250cm verde azeitona redonda 100% poli\u00e9ster 235g com acabamento Teflon. Montagem f\u00e1cil e resistente aos RAIOS. V\u00e1lido para guarda-s\u00f3is de 8 varas<\/p>\n","protected":false},"excerpt":{"rendered":"<ul>\n<li>Tecido de substitui\u00e7\u00e3o para guarda-sol central redondo de 250 cm de di\u00e2metro<\/li>\n<li>Tecido verde-azeitona resistente aos RAIOS<\/li>\n<li>100% poli\u00e9ster 235g com acabamento Teflon<\/li>\n<li>V\u00e1lido para guarda-s\u00f3is de 8 varas<\/li>\n<\/ul>\n","protected":false},"featured_media":23243,"comment_status":"closed","ping_status":"open","template":"","meta":{"_acf_changed":false},"product_brand":[],"product_cat":[424,457],"product_tag":[464,427],"class_list":{"0":"post-33010","1":"product","2":"type-product","3":"status-publish","4":"has-post-thumbnail","6":"product_cat-guarda-sois-e-pergulas","7":"product_cat-pecas-sobressalentes-texteis","8":"product_tag-ensolarado","9":"product_tag-espacos-amplos","10":"product_shipping_class-envio-gratuito-pt-pt","11":"pa_caracteristicas-guarda-sol","12":"pa_coleccion-sunny-pt-pt","13":"pa_material-poliester-pt-pt","15":"first","16":"instock","17":"sale","18":"purchasable","19":"product-type-simple","20":"add-to-wishlist-before_image"},"acf":[],"yoast_head":"<!-- This site is optimized with the Yoast SEO plugin v27.2 - https:\/\/yoast.com\/product\/yoast-seo-wordpress\/ -->\n<title>Tecido de substitui\u00e7\u00e3o para guarda-sol 250cm redondo Olive Green - Sunny - Kerama<\/title>\n<meta name=\"robots\" content=\"index, follow, max-snippet:-1, max-image-preview:large, max-video-preview:-1\" \/>\n<link rel=\"canonical\" href=\"https:\/\/keramamueblesdejardin.com\/pt-pt\/guarda-sois-e-pergulas\/pecas-sobressalentes-texteis\/sobressalente-tecido-para-guarda-sol-250cm-redondo-verde-azeitona-ensolarado\/\" \/>\n<meta property=\"og:locale\" content=\"pt_PT\" \/>\n<meta property=\"og:type\" content=\"article\" \/>\n<meta property=\"og:title\" content=\"Tecido de substitui\u00e7\u00e3o para guarda-sol 250cm redondo Olive Green - Sunny - Kerama\" \/>\n<meta property=\"og:description\" content=\"Tecido de substitui\u00e7\u00e3o para guarda-sol central redondo de 250 cm de di\u00e2metro  Tecido verde-azeitona resistente aos RAIOS  100% poli\u00e9ster 235g com acabamento Teflon  V\u00e1lido para guarda-s\u00f3is de 8 varas\" \/>\n<meta property=\"og:url\" content=\"https:\/\/keramamueblesdejardin.com\/pt-pt\/guarda-sois-e-pergulas\/pecas-sobressalentes-texteis\/sobressalente-tecido-para-guarda-sol-250cm-redondo-verde-azeitona-ensolarado\/\" \/>\n<meta property=\"og:site_name\" content=\"Kerama\" \/>\n<meta property=\"article:publisher\" content=\"https:\/\/www.facebook.com\/Kerama-Muebles-de-Jard%c3%adn-106209328312568\/\" \/>\n<meta property=\"article:modified_time\" content=\"2023-08-29T09:43:13+00:00\" \/>\n<meta property=\"og:image\" content=\"https:\/\/keramamueblesdejardin.com\/wp-content\/uploads\/2021\/04\/KMJ21184-002.jpg\" \/>\n\t<meta property=\"og:image:width\" content=\"2079\" \/>\n\t<meta property=\"og:image:height\" content=\"2164\" \/>\n\t<meta property=\"og:image:type\" content=\"image\/jpeg\" \/>\n<meta name=\"twitter:card\" content=\"summary_large_image\" \/>\n<script type=\"application\/ld+json\" class=\"yoast-schema-graph\">{\"@context\":\"https:\/\/schema.org\",\"@graph\":[{\"@type\":\"WebPage\",\"@id\":\"https:\/\/keramamueblesdejardin.com\/pt-pt\/guarda-sois-e-pergulas\/pecas-sobressalentes-texteis\/sobressalente-tecido-para-guarda-sol-250cm-redondo-verde-azeitona-ensolarado\/\",\"url\":\"https:\/\/keramamueblesdejardin.com\/pt-pt\/guarda-sois-e-pergulas\/pecas-sobressalentes-texteis\/sobressalente-tecido-para-guarda-sol-250cm-redondo-verde-azeitona-ensolarado\/\",\"name\":\"Tecido de substitui\u00e7\u00e3o para guarda-sol 250cm redondo Olive Green - Sunny - Kerama\",\"isPartOf\":{\"@id\":\"https:\/\/keramamueblesdejardin.com\/pt-pt\/#website\"},\"primaryImageOfPage\":{\"@id\":\"https:\/\/keramamueblesdejardin.com\/pt-pt\/guarda-sois-e-pergulas\/pecas-sobressalentes-texteis\/sobressalente-tecido-para-guarda-sol-250cm-redondo-verde-azeitona-ensolarado\/#primaryimage\"},\"image\":{\"@id\":\"https:\/\/keramamueblesdejardin.com\/pt-pt\/guarda-sois-e-pergulas\/pecas-sobressalentes-texteis\/sobressalente-tecido-para-guarda-sol-250cm-redondo-verde-azeitona-ensolarado\/#primaryimage\"},\"thumbnailUrl\":\"https:\/\/keramamueblesdejardin.com\/wp-content\/uploads\/2021\/04\/KMJ21184-002.jpg\",\"datePublished\":\"2021-05-06T06:49:41+00:00\",\"dateModified\":\"2023-08-29T09:43:13+00:00\",\"breadcrumb\":{\"@id\":\"https:\/\/keramamueblesdejardin.com\/pt-pt\/guarda-sois-e-pergulas\/pecas-sobressalentes-texteis\/sobressalente-tecido-para-guarda-sol-250cm-redondo-verde-azeitona-ensolarado\/#breadcrumb\"},\"inLanguage\":\"pt-PT\",\"potentialAction\":[{\"@type\":\"ReadAction\",\"target\":[\"https:\/\/keramamueblesdejardin.com\/pt-pt\/guarda-sois-e-pergulas\/pecas-sobressalentes-texteis\/sobressalente-tecido-para-guarda-sol-250cm-redondo-verde-azeitona-ensolarado\/\"]}]},{\"@type\":\"ImageObject\",\"inLanguage\":\"pt-PT\",\"@id\":\"https:\/\/keramamueblesdejardin.com\/pt-pt\/guarda-sois-e-pergulas\/pecas-sobressalentes-texteis\/sobressalente-tecido-para-guarda-sol-250cm-redondo-verde-azeitona-ensolarado\/#primaryimage\",\"url\":\"https:\/\/keramamueblesdejardin.com\/wp-content\/uploads\/2021\/04\/KMJ21184-002.jpg\",\"contentUrl\":\"https:\/\/keramamueblesdejardin.com\/wp-content\/uploads\/2021\/04\/KMJ21184-002.jpg\",\"width\":2079,\"height\":2164},{\"@type\":\"BreadcrumbList\",\"@id\":\"https:\/\/keramamueblesdejardin.com\/pt-pt\/guarda-sois-e-pergulas\/pecas-sobressalentes-texteis\/sobressalente-tecido-para-guarda-sol-250cm-redondo-verde-azeitona-ensolarado\/#breadcrumb\",\"itemListElement\":[{\"@type\":\"ListItem\",\"position\":1,\"name\":\"Home\",\"item\":\"https:\/\/keramamueblesdejardin.com\/pt-pt\/\"},{\"@type\":\"ListItem\",\"position\":2,\"name\":\"Tienda\",\"item\":\"https:\/\/keramamueblesdejardin.com\/pt-pt\/tienda-2\/\"},{\"@type\":\"ListItem\",\"position\":3,\"name\":\"Guarda-s\u00f3is e p\u00e9rgulas\",\"item\":\"https:\/\/keramamueblesdejardin.com\/pt-pt\/guarda-sois-e-pergulas\/\"},{\"@type\":\"ListItem\",\"position\":4,\"name\":\"Pe\u00e7as sobressalentes t\u00eaxteis\",\"item\":\"https:\/\/keramamueblesdejardin.com\/pt-pt\/guarda-sois-e-pergulas\/pecas-sobressalentes-texteis\/\"},{\"@type\":\"ListItem\",\"position\":5,\"name\":\"Tecido de substitui\u00e7\u00e3o para guarda-sol 250cm redondo Olive Green &#8211; Sunny\"}]},{\"@type\":\"WebSite\",\"@id\":\"https:\/\/keramamueblesdejardin.com\/pt-pt\/#website\",\"url\":\"https:\/\/keramamueblesdejardin.com\/pt-pt\/\",\"name\":\"Kerama\",\"description\":\"muebles de jard\u00edn\",\"publisher\":{\"@id\":\"https:\/\/keramamueblesdejardin.com\/pt-pt\/#organization\"},\"potentialAction\":[{\"@type\":\"SearchAction\",\"target\":{\"@type\":\"EntryPoint\",\"urlTemplate\":\"https:\/\/keramamueblesdejardin.com\/pt-pt\/?s={search_term_string}\"},\"query-input\":{\"@type\":\"PropertyValueSpecification\",\"valueRequired\":true,\"valueName\":\"search_term_string\"}}],\"inLanguage\":\"pt-PT\"},{\"@type\":\"Organization\",\"@id\":\"https:\/\/keramamueblesdejardin.com\/pt-pt\/#organization\",\"name\":\"kerama\",\"url\":\"https:\/\/keramamueblesdejardin.com\/pt-pt\/\",\"logo\":{\"@type\":\"ImageObject\",\"inLanguage\":\"pt-PT\",\"@id\":\"https:\/\/keramamueblesdejardin.com\/pt-pt\/#\/schema\/logo\/image\/\",\"url\":\"https:\/\/keramamueblesdejardin.com\/wp-content\/uploads\/2020\/12\/k.-scaled.jpg\",\"contentUrl\":\"https:\/\/keramamueblesdejardin.com\/wp-content\/uploads\/2020\/12\/k.-scaled.jpg\",\"width\":2560,\"height\":551,\"caption\":\"kerama\"},\"image\":{\"@id\":\"https:\/\/keramamueblesdejardin.com\/pt-pt\/#\/schema\/logo\/image\/\"},\"sameAs\":[\"https:\/\/www.facebook.com\/Kerama-Muebles-de-Jard\u00edn-106209328312568\/\"]}]}<\/script>\n<!-- \/ Yoast SEO plugin. -->","yoast_head_json":{"title":"Tecido de substitui\u00e7\u00e3o para guarda-sol 250cm redondo Olive Green - Sunny - Kerama","robots":{"index":"index","follow":"follow","max-snippet":"max-snippet:-1","max-image-preview":"max-image-preview:large","max-video-preview":"max-video-preview:-1"},"canonical":"https:\/\/keramamueblesdejardin.com\/pt-pt\/guarda-sois-e-pergulas\/pecas-sobressalentes-texteis\/sobressalente-tecido-para-guarda-sol-250cm-redondo-verde-azeitona-ensolarado\/","og_locale":"pt_PT","og_type":"article","og_title":"Tecido de substitui\u00e7\u00e3o para guarda-sol 250cm redondo Olive Green - Sunny - Kerama","og_description":"Tecido de substitui\u00e7\u00e3o para guarda-sol central redondo de 250 cm de di\u00e2metro  Tecido verde-azeitona resistente aos RAIOS  100% poli\u00e9ster 235g com acabamento Teflon  V\u00e1lido para guarda-s\u00f3is de 8 varas","og_url":"https:\/\/keramamueblesdejardin.com\/pt-pt\/guarda-sois-e-pergulas\/pecas-sobressalentes-texteis\/sobressalente-tecido-para-guarda-sol-250cm-redondo-verde-azeitona-ensolarado\/","og_site_name":"Kerama","article_publisher":"https:\/\/www.facebook.com\/Kerama-Muebles-de-Jard%c3%adn-106209328312568\/","article_modified_time":"2023-08-29T09:43:13+00:00","og_image":[{"width":2079,"height":2164,"url":"https:\/\/keramamueblesdejardin.com\/wp-content\/uploads\/2021\/04\/KMJ21184-002.jpg","type":"image\/jpeg"}],"twitter_card":"summary_large_image","schema":{"@context":"https:\/\/schema.org","@graph":[{"@type":"WebPage","@id":"https:\/\/keramamueblesdejardin.com\/pt-pt\/guarda-sois-e-pergulas\/pecas-sobressalentes-texteis\/sobressalente-tecido-para-guarda-sol-250cm-redondo-verde-azeitona-ensolarado\/","url":"https:\/\/keramamueblesdejardin.com\/pt-pt\/guarda-sois-e-pergulas\/pecas-sobressalentes-texteis\/sobressalente-tecido-para-guarda-sol-250cm-redondo-verde-azeitona-ensolarado\/","name":"Tecido de substitui\u00e7\u00e3o para guarda-sol 250cm redondo Olive Green - Sunny - Kerama","isPartOf":{"@id":"https:\/\/keramamueblesdejardin.com\/pt-pt\/#website"},"primaryImageOfPage":{"@id":"https:\/\/keramamueblesdejardin.com\/pt-pt\/guarda-sois-e-pergulas\/pecas-sobressalentes-texteis\/sobressalente-tecido-para-guarda-sol-250cm-redondo-verde-azeitona-ensolarado\/#primaryimage"},"image":{"@id":"https:\/\/keramamueblesdejardin.com\/pt-pt\/guarda-sois-e-pergulas\/pecas-sobressalentes-texteis\/sobressalente-tecido-para-guarda-sol-250cm-redondo-verde-azeitona-ensolarado\/#primaryimage"},"thumbnailUrl":"https:\/\/keramamueblesdejardin.com\/wp-content\/uploads\/2021\/04\/KMJ21184-002.jpg","datePublished":"2021-05-06T06:49:41+00:00","dateModified":"2023-08-29T09:43:13+00:00","breadcrumb":{"@id":"https:\/\/keramamueblesdejardin.com\/pt-pt\/guarda-sois-e-pergulas\/pecas-sobressalentes-texteis\/sobressalente-tecido-para-guarda-sol-250cm-redondo-verde-azeitona-ensolarado\/#breadcrumb"},"inLanguage":"pt-PT","potentialAction":[{"@type":"ReadAction","target":["https:\/\/keramamueblesdejardin.com\/pt-pt\/guarda-sois-e-pergulas\/pecas-sobressalentes-texteis\/sobressalente-tecido-para-guarda-sol-250cm-redondo-verde-azeitona-ensolarado\/"]}]},{"@type":"ImageObject","inLanguage":"pt-PT","@id":"https:\/\/keramamueblesdejardin.com\/pt-pt\/guarda-sois-e-pergulas\/pecas-sobressalentes-texteis\/sobressalente-tecido-para-guarda-sol-250cm-redondo-verde-azeitona-ensolarado\/#primaryimage","url":"https:\/\/keramamueblesdejardin.com\/wp-content\/uploads\/2021\/04\/KMJ21184-002.jpg","contentUrl":"https:\/\/keramamueblesdejardin.com\/wp-content\/uploads\/2021\/04\/KMJ21184-002.jpg","width":2079,"height":2164},{"@type":"BreadcrumbList","@id":"https:\/\/keramamueblesdejardin.com\/pt-pt\/guarda-sois-e-pergulas\/pecas-sobressalentes-texteis\/sobressalente-tecido-para-guarda-sol-250cm-redondo-verde-azeitona-ensolarado\/#breadcrumb","itemListElement":[{"@type":"ListItem","position":1,"name":"Home","item":"https:\/\/keramamueblesdejardin.com\/pt-pt\/"},{"@type":"ListItem","position":2,"name":"Tienda","item":"https:\/\/keramamueblesdejardin.com\/pt-pt\/tienda-2\/"},{"@type":"ListItem","position":3,"name":"Guarda-s\u00f3is e p\u00e9rgulas","item":"https:\/\/keramamueblesdejardin.com\/pt-pt\/guarda-sois-e-pergulas\/"},{"@type":"ListItem","position":4,"name":"Pe\u00e7as sobressalentes t\u00eaxteis","item":"https:\/\/keramamueblesdejardin.com\/pt-pt\/guarda-sois-e-pergulas\/pecas-sobressalentes-texteis\/"},{"@type":"ListItem","position":5,"name":"Tecido de substitui\u00e7\u00e3o para guarda-sol 250cm redondo Olive Green &#8211; Sunny"}]},{"@type":"WebSite","@id":"https:\/\/keramamueblesdejardin.com\/pt-pt\/#website","url":"https:\/\/keramamueblesdejardin.com\/pt-pt\/","name":"Kerama","description":"muebles de jard\u00edn","publisher":{"@id":"https:\/\/keramamueblesdejardin.com\/pt-pt\/#organization"},"potentialAction":[{"@type":"SearchAction","target":{"@type":"EntryPoint","urlTemplate":"https:\/\/keramamueblesdejardin.com\/pt-pt\/?s={search_term_string}"},"query-input":{"@type":"PropertyValueSpecification","valueRequired":true,"valueName":"search_term_string"}}],"inLanguage":"pt-PT"},{"@type":"Organization","@id":"https:\/\/keramamueblesdejardin.com\/pt-pt\/#organization","name":"kerama","url":"https:\/\/keramamueblesdejardin.com\/pt-pt\/","logo":{"@type":"ImageObject","inLanguage":"pt-PT","@id":"https:\/\/keramamueblesdejardin.com\/pt-pt\/#\/schema\/logo\/image\/","url":"https:\/\/keramamueblesdejardin.com\/wp-content\/uploads\/2020\/12\/k.-scaled.jpg","contentUrl":"https:\/\/keramamueblesdejardin.com\/wp-content\/uploads\/2020\/12\/k.-scaled.jpg","width":2560,"height":551,"caption":"kerama"},"image":{"@id":"https:\/\/keramamueblesdejardin.com\/pt-pt\/#\/schema\/logo\/image\/"},"sameAs":["https:\/\/www.facebook.com\/Kerama-Muebles-de-Jard\u00edn-106209328312568\/"]}]}},"df_price":49,"df_sale_price":49,"df_regular_price":64,"df_image_link":"https:\/\/keramamueblesdejardin.com\/wp-content\/uploads\/2021\/04\/KMJ21184-002-288x300.jpg","custom_tabs":[{"title":"MEDI\u00c7\u00c3O","id":"medi\u00e7\u00e3o","content":"<strong>Di\u00e2metro:<\/strong> 2,5 m\n<strong>Furos de vara:<\/strong> 8"},{"title":"DESEMBALAR E ASSEMBL\u00c9IA","id":"desembalar-e-assembleia","content":"<strong>Recomenda\u00e7\u00f5es de desembalagem:<\/strong> N\u00e3o utilize utens\u00edlios afiados ao desempacotar o mobili\u00e1rio, pois pode causar danos\n<strong>Requer montagem (sim\/n\u00e3o):<\/strong> N\u00e3o"},{"title":"MANUTEN\u00c7\u00c3O E GARANTIAS","id":"manutencao-e-garantias","content":"<div class=\"moz-signature\"><div class=\"list\"><strong>Recomenda\u00e7\u00f5es gerais:<\/strong> <br>\u2022 Avarias ou danos causados por:<br>\u2022 Causas acidentais como quedas, golpes, derrame de l\u00edquidos, introdu\u00e7\u00e3o de corpos estranhos, bem como qualquer outro caso de for\u00e7a maior.<br>\u2022 Utiliza\u00e7\u00e3o negligente, impr\u00f3pria ou n\u00e3o dom\u00e9stica.<br>\u2022 Danos, corros\u00e3o e\/ou oxida\u00e7\u00e3o acelerados por condi\u00e7\u00f5es ambientais adversas<br>\u2022 Manchas e descolora\u00e7\u00f5es devido ao n\u00e3o respeito dos nossos slogans de limpeza<br>\u2022 Os danos ocorreram durante a montagem e o manuseamento sem ter seguido as instru\u00e7\u00f5es de montagem indicadas.<br><strong>Instru\u00e7\u00f5es de utiliza\u00e7\u00e3o e manuten\u00e7\u00e3o:<\/strong> <br>\u2022 Limpe com a ajuda de um pano suavemente ou utilize um sab\u00e3o l\u00edquido neutro, enxaguando com muita \u00e1gua.<br>\u2022 Retire regularmente o p\u00f3 com a ajuda de um pano macio e \u00e1gua l\u00edmpia.<br>\u2022 N\u00e3o utilize detergentes ou produtos abrasivos para a limpeza.<br><strong>Anos de garantia:<\/strong> 3 anos<br><strong>Fabricado de acordo com a Norma:<\/strong> 581-1.581-2.581-3<\/div><\/div>","name":"Manuten\u00e7\u00e3o e Garantias"}],"_links":{"self":[{"href":"https:\/\/keramamueblesdejardin.com\/pt-pt\/wp-json\/wp\/v2\/product\/33010","targetHints":{"allow":["GET"]}}],"collection":[{"href":"https:\/\/keramamueblesdejardin.com\/pt-pt\/wp-json\/wp\/v2\/product"}],"about":[{"href":"https:\/\/keramamueblesdejardin.com\/pt-pt\/wp-json\/wp\/v2\/types\/product"}],"replies":[{"embeddable":true,"href":"https:\/\/keramamueblesdejardin.com\/pt-pt\/wp-json\/wp\/v2\/comments?post=33010"}],"wp:featuredmedia":[{"embeddable":true,"href":"https:\/\/keramamueblesdejardin.com\/pt-pt\/wp-json\/wp\/v2\/media\/23243"}],"wp:attachment":[{"href":"https:\/\/keramamueblesdejardin.com\/pt-pt\/wp-json\/wp\/v2\/media?parent=33010"}],"wp:term":[{"taxonomy":"product_brand","embeddable":true,"href":"https:\/\/keramamueblesdejardin.com\/pt-pt\/wp-json\/wp\/v2\/product_brand?post=33010"},{"taxonomy":"product_cat","embeddable":true,"href":"https:\/\/keramamueblesdejardin.com\/pt-pt\/wp-json\/wp\/v2\/product_cat?post=33010"},{"taxonomy":"product_tag","embeddable":true,"href":"https:\/\/keramamueblesdejardin.com\/pt-pt\/wp-json\/wp\/v2\/product_tag?post=33010"}],"curies":[{"name":"wp","href":"https:\/\/api.w.org\/{rel}","templated":true}]}}