{"id":32989,"date":"2021-05-06T08:49:44","date_gmt":"2021-05-06T06:49:44","guid":{"rendered":"https:\/\/keramamueblesdejardin.com\/sem%20categoria\/almofada-exterior-para-poltrona-multi-posicao-botanica\/"},"modified":"2023-08-29T12:02:37","modified_gmt":"2023-08-29T10:02:37","slug":"almofada-de-exterior-para-poltrona-multiposicoes-botanica","status":"publish","type":"product","link":"https:\/\/keramamueblesdejardin.com\/pt-pt\/acessorios-ao-ar-livre\/almofadas-exteriores\/almofada-de-exterior-para-poltrona-multiposicoes-botanica\/","title":{"rendered":"Almofada exterior para poltrona multi-posi\u00e7\u00e3o &#8211; Bot\u00e2nica"},"content":{"rendered":"<p>Almofada exterior para cadeira com parte de tr\u00e1s (75 + 45) x 49 x 5 cm feito de poli\u00e9ster e algod\u00e3o de 200 g e cheio de espuma de poliuretano. Cor crua. Remov\u00edvel.<\/p>\n","protected":false},"excerpt":{"rendered":"<ul>\n<li>Almofada exterior para cadeira com parte de tr\u00e1s (75+45) x 49 x 5 cm<\/li>\n<li>Feito de poli\u00e9ster e algod\u00e3o de 200 g<\/li>\n<li>Recheio de espuma de poliuretano<\/li>\n<li>Caso remov\u00edvel de cor bruta<\/li>\n<\/ul>\n","protected":false},"featured_media":23214,"comment_status":"closed","ping_status":"open","template":"","meta":{"_acf_changed":false},"product_brand":[],"product_cat":[415,413],"product_tag":[467,427],"class_list":{"0":"post-32989","1":"product","2":"type-product","3":"status-publish","4":"has-post-thumbnail","6":"product_cat-acessorios-ao-ar-livre","7":"product_cat-almofadas-exteriores","8":"product_tag-botanica","9":"product_tag-espacos-amplos","10":"product_shipping_class-envio-gratuito-pt-pt","11":"pa_coleccion-botanico","12":"pa_material-tela-pt-pt","14":"first","15":"outofstock","16":"sale","17":"purchasable","18":"product-type-simple","19":"add-to-wishlist-before_image"},"acf":[],"yoast_head":"<!-- This site is optimized with the Yoast SEO plugin v27.2 - https:\/\/yoast.com\/product\/yoast-seo-wordpress\/ -->\n<title>Almofada exterior para poltrona multi-posi\u00e7\u00e3o - Bot\u00e2nica - Kerama<\/title>\n<meta name=\"robots\" content=\"index, follow, max-snippet:-1, max-image-preview:large, max-video-preview:-1\" \/>\n<link rel=\"canonical\" href=\"https:\/\/keramamueblesdejardin.com\/pt-pt\/acessorios-ao-ar-livre\/almofadas-exteriores\/almofada-de-exterior-para-poltrona-multiposicoes-botanica\/\" \/>\n<meta property=\"og:locale\" content=\"pt_PT\" \/>\n<meta property=\"og:type\" content=\"article\" \/>\n<meta property=\"og:title\" content=\"Almofada exterior para poltrona multi-posi\u00e7\u00e3o - Bot\u00e2nica - Kerama\" \/>\n<meta property=\"og:description\" content=\"Almofada exterior para cadeira com parte de tr\u00e1s (75+45) x 49 x 5 cm  Feito de poli\u00e9ster e algod\u00e3o de 200 g  Recheio de espuma de poliuretano  Caso remov\u00edvel de cor bruta\" \/>\n<meta property=\"og:url\" content=\"https:\/\/keramamueblesdejardin.com\/pt-pt\/acessorios-ao-ar-livre\/almofadas-exteriores\/almofada-de-exterior-para-poltrona-multiposicoes-botanica\/\" \/>\n<meta property=\"og:site_name\" content=\"Kerama\" \/>\n<meta property=\"article:publisher\" content=\"https:\/\/www.facebook.com\/Kerama-Muebles-de-Jard%c3%adn-106209328312568\/\" \/>\n<meta property=\"article:modified_time\" content=\"2023-08-29T10:02:37+00:00\" \/>\n<meta property=\"og:image\" content=\"https:\/\/keramamueblesdejardin.com\/wp-content\/uploads\/2021\/04\/KMJ21205-scaled.jpg\" \/>\n\t<meta property=\"og:image:width\" content=\"2560\" \/>\n\t<meta property=\"og:image:height\" content=\"1707\" \/>\n\t<meta property=\"og:image:type\" content=\"image\/jpeg\" \/>\n<meta name=\"twitter:card\" content=\"summary_large_image\" \/>\n<script type=\"application\/ld+json\" class=\"yoast-schema-graph\">{\"@context\":\"https:\/\/schema.org\",\"@graph\":[{\"@type\":\"WebPage\",\"@id\":\"https:\/\/keramamueblesdejardin.com\/pt-pt\/acessorios-ao-ar-livre\/almofadas-exteriores\/almofada-de-exterior-para-poltrona-multiposicoes-botanica\/\",\"url\":\"https:\/\/keramamueblesdejardin.com\/pt-pt\/acessorios-ao-ar-livre\/almofadas-exteriores\/almofada-de-exterior-para-poltrona-multiposicoes-botanica\/\",\"name\":\"Almofada exterior para poltrona multi-posi\u00e7\u00e3o - Bot\u00e2nica - Kerama\",\"isPartOf\":{\"@id\":\"https:\/\/keramamueblesdejardin.com\/pt-pt\/#website\"},\"primaryImageOfPage\":{\"@id\":\"https:\/\/keramamueblesdejardin.com\/pt-pt\/acessorios-ao-ar-livre\/almofadas-exteriores\/almofada-de-exterior-para-poltrona-multiposicoes-botanica\/#primaryimage\"},\"image\":{\"@id\":\"https:\/\/keramamueblesdejardin.com\/pt-pt\/acessorios-ao-ar-livre\/almofadas-exteriores\/almofada-de-exterior-para-poltrona-multiposicoes-botanica\/#primaryimage\"},\"thumbnailUrl\":\"https:\/\/keramamueblesdejardin.com\/wp-content\/uploads\/2021\/04\/KMJ21205-scaled.jpg\",\"datePublished\":\"2021-05-06T06:49:44+00:00\",\"dateModified\":\"2023-08-29T10:02:37+00:00\",\"breadcrumb\":{\"@id\":\"https:\/\/keramamueblesdejardin.com\/pt-pt\/acessorios-ao-ar-livre\/almofadas-exteriores\/almofada-de-exterior-para-poltrona-multiposicoes-botanica\/#breadcrumb\"},\"inLanguage\":\"pt-PT\",\"potentialAction\":[{\"@type\":\"ReadAction\",\"target\":[\"https:\/\/keramamueblesdejardin.com\/pt-pt\/acessorios-ao-ar-livre\/almofadas-exteriores\/almofada-de-exterior-para-poltrona-multiposicoes-botanica\/\"]}]},{\"@type\":\"ImageObject\",\"inLanguage\":\"pt-PT\",\"@id\":\"https:\/\/keramamueblesdejardin.com\/pt-pt\/acessorios-ao-ar-livre\/almofadas-exteriores\/almofada-de-exterior-para-poltrona-multiposicoes-botanica\/#primaryimage\",\"url\":\"https:\/\/keramamueblesdejardin.com\/wp-content\/uploads\/2021\/04\/KMJ21205-scaled.jpg\",\"contentUrl\":\"https:\/\/keramamueblesdejardin.com\/wp-content\/uploads\/2021\/04\/KMJ21205-scaled.jpg\",\"width\":2560,\"height\":1707},{\"@type\":\"BreadcrumbList\",\"@id\":\"https:\/\/keramamueblesdejardin.com\/pt-pt\/acessorios-ao-ar-livre\/almofadas-exteriores\/almofada-de-exterior-para-poltrona-multiposicoes-botanica\/#breadcrumb\",\"itemListElement\":[{\"@type\":\"ListItem\",\"position\":1,\"name\":\"Home\",\"item\":\"https:\/\/keramamueblesdejardin.com\/pt-pt\/\"},{\"@type\":\"ListItem\",\"position\":2,\"name\":\"Tienda\",\"item\":\"https:\/\/keramamueblesdejardin.com\/pt-pt\/tienda-2\/\"},{\"@type\":\"ListItem\",\"position\":3,\"name\":\"Acess\u00f3rios ao ar livre\",\"item\":\"https:\/\/keramamueblesdejardin.com\/pt-pt\/acessorios-ao-ar-livre\/\"},{\"@type\":\"ListItem\",\"position\":4,\"name\":\"Almofadas exteriores\",\"item\":\"https:\/\/keramamueblesdejardin.com\/pt-pt\/acessorios-ao-ar-livre\/almofadas-exteriores\/\"},{\"@type\":\"ListItem\",\"position\":5,\"name\":\"Almofada exterior para poltrona multi-posi\u00e7\u00e3o &#8211; Bot\u00e2nica\"}]},{\"@type\":\"WebSite\",\"@id\":\"https:\/\/keramamueblesdejardin.com\/pt-pt\/#website\",\"url\":\"https:\/\/keramamueblesdejardin.com\/pt-pt\/\",\"name\":\"Kerama\",\"description\":\"muebles de jard\u00edn\",\"publisher\":{\"@id\":\"https:\/\/keramamueblesdejardin.com\/pt-pt\/#organization\"},\"potentialAction\":[{\"@type\":\"SearchAction\",\"target\":{\"@type\":\"EntryPoint\",\"urlTemplate\":\"https:\/\/keramamueblesdejardin.com\/pt-pt\/?s={search_term_string}\"},\"query-input\":{\"@type\":\"PropertyValueSpecification\",\"valueRequired\":true,\"valueName\":\"search_term_string\"}}],\"inLanguage\":\"pt-PT\"},{\"@type\":\"Organization\",\"@id\":\"https:\/\/keramamueblesdejardin.com\/pt-pt\/#organization\",\"name\":\"kerama\",\"url\":\"https:\/\/keramamueblesdejardin.com\/pt-pt\/\",\"logo\":{\"@type\":\"ImageObject\",\"inLanguage\":\"pt-PT\",\"@id\":\"https:\/\/keramamueblesdejardin.com\/pt-pt\/#\/schema\/logo\/image\/\",\"url\":\"https:\/\/keramamueblesdejardin.com\/wp-content\/uploads\/2020\/12\/k.-scaled.jpg\",\"contentUrl\":\"https:\/\/keramamueblesdejardin.com\/wp-content\/uploads\/2020\/12\/k.-scaled.jpg\",\"width\":2560,\"height\":551,\"caption\":\"kerama\"},\"image\":{\"@id\":\"https:\/\/keramamueblesdejardin.com\/pt-pt\/#\/schema\/logo\/image\/\"},\"sameAs\":[\"https:\/\/www.facebook.com\/Kerama-Muebles-de-Jard\u00edn-106209328312568\/\"]}]}<\/script>\n<!-- \/ Yoast SEO plugin. -->","yoast_head_json":{"title":"Almofada exterior para poltrona multi-posi\u00e7\u00e3o - Bot\u00e2nica - Kerama","robots":{"index":"index","follow":"follow","max-snippet":"max-snippet:-1","max-image-preview":"max-image-preview:large","max-video-preview":"max-video-preview:-1"},"canonical":"https:\/\/keramamueblesdejardin.com\/pt-pt\/acessorios-ao-ar-livre\/almofadas-exteriores\/almofada-de-exterior-para-poltrona-multiposicoes-botanica\/","og_locale":"pt_PT","og_type":"article","og_title":"Almofada exterior para poltrona multi-posi\u00e7\u00e3o - Bot\u00e2nica - Kerama","og_description":"Almofada exterior para cadeira com parte de tr\u00e1s (75+45) x 49 x 5 cm  Feito de poli\u00e9ster e algod\u00e3o de 200 g  Recheio de espuma de poliuretano  Caso remov\u00edvel de cor bruta","og_url":"https:\/\/keramamueblesdejardin.com\/pt-pt\/acessorios-ao-ar-livre\/almofadas-exteriores\/almofada-de-exterior-para-poltrona-multiposicoes-botanica\/","og_site_name":"Kerama","article_publisher":"https:\/\/www.facebook.com\/Kerama-Muebles-de-Jard%c3%adn-106209328312568\/","article_modified_time":"2023-08-29T10:02:37+00:00","og_image":[{"width":2560,"height":1707,"url":"https:\/\/keramamueblesdejardin.com\/wp-content\/uploads\/2021\/04\/KMJ21205-scaled.jpg","type":"image\/jpeg"}],"twitter_card":"summary_large_image","schema":{"@context":"https:\/\/schema.org","@graph":[{"@type":"WebPage","@id":"https:\/\/keramamueblesdejardin.com\/pt-pt\/acessorios-ao-ar-livre\/almofadas-exteriores\/almofada-de-exterior-para-poltrona-multiposicoes-botanica\/","url":"https:\/\/keramamueblesdejardin.com\/pt-pt\/acessorios-ao-ar-livre\/almofadas-exteriores\/almofada-de-exterior-para-poltrona-multiposicoes-botanica\/","name":"Almofada exterior para poltrona multi-posi\u00e7\u00e3o - Bot\u00e2nica - Kerama","isPartOf":{"@id":"https:\/\/keramamueblesdejardin.com\/pt-pt\/#website"},"primaryImageOfPage":{"@id":"https:\/\/keramamueblesdejardin.com\/pt-pt\/acessorios-ao-ar-livre\/almofadas-exteriores\/almofada-de-exterior-para-poltrona-multiposicoes-botanica\/#primaryimage"},"image":{"@id":"https:\/\/keramamueblesdejardin.com\/pt-pt\/acessorios-ao-ar-livre\/almofadas-exteriores\/almofada-de-exterior-para-poltrona-multiposicoes-botanica\/#primaryimage"},"thumbnailUrl":"https:\/\/keramamueblesdejardin.com\/wp-content\/uploads\/2021\/04\/KMJ21205-scaled.jpg","datePublished":"2021-05-06T06:49:44+00:00","dateModified":"2023-08-29T10:02:37+00:00","breadcrumb":{"@id":"https:\/\/keramamueblesdejardin.com\/pt-pt\/acessorios-ao-ar-livre\/almofadas-exteriores\/almofada-de-exterior-para-poltrona-multiposicoes-botanica\/#breadcrumb"},"inLanguage":"pt-PT","potentialAction":[{"@type":"ReadAction","target":["https:\/\/keramamueblesdejardin.com\/pt-pt\/acessorios-ao-ar-livre\/almofadas-exteriores\/almofada-de-exterior-para-poltrona-multiposicoes-botanica\/"]}]},{"@type":"ImageObject","inLanguage":"pt-PT","@id":"https:\/\/keramamueblesdejardin.com\/pt-pt\/acessorios-ao-ar-livre\/almofadas-exteriores\/almofada-de-exterior-para-poltrona-multiposicoes-botanica\/#primaryimage","url":"https:\/\/keramamueblesdejardin.com\/wp-content\/uploads\/2021\/04\/KMJ21205-scaled.jpg","contentUrl":"https:\/\/keramamueblesdejardin.com\/wp-content\/uploads\/2021\/04\/KMJ21205-scaled.jpg","width":2560,"height":1707},{"@type":"BreadcrumbList","@id":"https:\/\/keramamueblesdejardin.com\/pt-pt\/acessorios-ao-ar-livre\/almofadas-exteriores\/almofada-de-exterior-para-poltrona-multiposicoes-botanica\/#breadcrumb","itemListElement":[{"@type":"ListItem","position":1,"name":"Home","item":"https:\/\/keramamueblesdejardin.com\/pt-pt\/"},{"@type":"ListItem","position":2,"name":"Tienda","item":"https:\/\/keramamueblesdejardin.com\/pt-pt\/tienda-2\/"},{"@type":"ListItem","position":3,"name":"Acess\u00f3rios ao ar livre","item":"https:\/\/keramamueblesdejardin.com\/pt-pt\/acessorios-ao-ar-livre\/"},{"@type":"ListItem","position":4,"name":"Almofadas exteriores","item":"https:\/\/keramamueblesdejardin.com\/pt-pt\/acessorios-ao-ar-livre\/almofadas-exteriores\/"},{"@type":"ListItem","position":5,"name":"Almofada exterior para poltrona multi-posi\u00e7\u00e3o &#8211; Bot\u00e2nica"}]},{"@type":"WebSite","@id":"https:\/\/keramamueblesdejardin.com\/pt-pt\/#website","url":"https:\/\/keramamueblesdejardin.com\/pt-pt\/","name":"Kerama","description":"muebles de jard\u00edn","publisher":{"@id":"https:\/\/keramamueblesdejardin.com\/pt-pt\/#organization"},"potentialAction":[{"@type":"SearchAction","target":{"@type":"EntryPoint","urlTemplate":"https:\/\/keramamueblesdejardin.com\/pt-pt\/?s={search_term_string}"},"query-input":{"@type":"PropertyValueSpecification","valueRequired":true,"valueName":"search_term_string"}}],"inLanguage":"pt-PT"},{"@type":"Organization","@id":"https:\/\/keramamueblesdejardin.com\/pt-pt\/#organization","name":"kerama","url":"https:\/\/keramamueblesdejardin.com\/pt-pt\/","logo":{"@type":"ImageObject","inLanguage":"pt-PT","@id":"https:\/\/keramamueblesdejardin.com\/pt-pt\/#\/schema\/logo\/image\/","url":"https:\/\/keramamueblesdejardin.com\/wp-content\/uploads\/2020\/12\/k.-scaled.jpg","contentUrl":"https:\/\/keramamueblesdejardin.com\/wp-content\/uploads\/2020\/12\/k.-scaled.jpg","width":2560,"height":551,"caption":"kerama"},"image":{"@id":"https:\/\/keramamueblesdejardin.com\/pt-pt\/#\/schema\/logo\/image\/"},"sameAs":["https:\/\/www.facebook.com\/Kerama-Muebles-de-Jard\u00edn-106209328312568\/"]}]}},"df_price":49,"df_sale_price":49,"df_regular_price":64,"df_image_link":"https:\/\/keramamueblesdejardin.com\/wp-content\/uploads\/2021\/04\/KMJ21205-300x200.jpg","custom_tabs":[{"id":"medi\u00e7\u00e3o","title":"MEDI\u00c7\u00c3O","content":"<strong>Altura:<\/strong> 5 cm  <br><strong>Largura:<\/strong> 49 cm  <br>Comprimento: 75+45 cm"},{"id":"desembalar-e-assembleia","title":"DESEMBALAR E ASSEMBL\u00c9IA","content":"<br><strong>Recomenda\u00e7\u00f5es de desembalagem:<\/strong> N\u00e3o utilize utens\u00edlios afiados ao desempacotar o mobili\u00e1rio, pois pode causar danos  <br><strong>Requer montagem (sim\/n\u00e3o):<\/strong> N\u00e3o"},{"id":"manutencao-e-garantias","title":"MANUTEN\u00c7\u00c3O E GARANTIAS","content":"<div class=\"moz-signature\"><div class=\"list\"><strong>Recomenda\u00e7\u00f5es gerais:<\/strong> <br>\u2022 Avarias ou danos causados por:<br>\u2022 Causas acidentais como quedas, golpes, derrame de l\u00edquidos, introdu\u00e7\u00e3o de corpos estranhos, bem como qualquer outro caso de for\u00e7a maior.<br>\u2022 Utiliza\u00e7\u00e3o negligente, impr\u00f3pria ou n\u00e3o dom\u00e9stica.<br>\u2022 Danos, corros\u00e3o e\/ou oxida\u00e7\u00e3o acelerados por condi\u00e7\u00f5es ambientais adversas<br>\u2022 Manchas e descolora\u00e7\u00f5es devido ao n\u00e3o respeito dos nossos slogans de limpeza<br>\u2022 Os danos ocorreram durante a montagem e o manuseamento sem ter seguido as instru\u00e7\u00f5es de montagem indicadas.<br><strong>Instru\u00e7\u00f5es de utiliza\u00e7\u00e3o e manuten\u00e7\u00e3o:<\/strong> <br>\u2022 Limpe com a ajuda de um pano suavemente ou utilize um sab\u00e3o l\u00edquido neutro, enxaguando com muita \u00e1gua.<br>\u2022 Retire regularmente o p\u00f3 com a ajuda de um pano macio e \u00e1gua l\u00edmpia.<br>\u2022 N\u00e3o utilize detergentes ou produtos abrasivos para a limpeza.<br><strong>Anos de garantia:<\/strong> 3 anos<br><strong>Fabricado de acordo com a Norma:<\/strong> 581-1.581-2.581-3<\/div><\/div>","name":"Manuten\u00e7\u00e3o e Garantias"}],"_links":{"self":[{"href":"https:\/\/keramamueblesdejardin.com\/pt-pt\/wp-json\/wp\/v2\/product\/32989","targetHints":{"allow":["GET"]}}],"collection":[{"href":"https:\/\/keramamueblesdejardin.com\/pt-pt\/wp-json\/wp\/v2\/product"}],"about":[{"href":"https:\/\/keramamueblesdejardin.com\/pt-pt\/wp-json\/wp\/v2\/types\/product"}],"replies":[{"embeddable":true,"href":"https:\/\/keramamueblesdejardin.com\/pt-pt\/wp-json\/wp\/v2\/comments?post=32989"}],"wp:featuredmedia":[{"embeddable":true,"href":"https:\/\/keramamueblesdejardin.com\/pt-pt\/wp-json\/wp\/v2\/media\/23214"}],"wp:attachment":[{"href":"https:\/\/keramamueblesdejardin.com\/pt-pt\/wp-json\/wp\/v2\/media?parent=32989"}],"wp:term":[{"taxonomy":"product_brand","embeddable":true,"href":"https:\/\/keramamueblesdejardin.com\/pt-pt\/wp-json\/wp\/v2\/product_brand?post=32989"},{"taxonomy":"product_cat","embeddable":true,"href":"https:\/\/keramamueblesdejardin.com\/pt-pt\/wp-json\/wp\/v2\/product_cat?post=32989"},{"taxonomy":"product_tag","embeddable":true,"href":"https:\/\/keramamueblesdejardin.com\/pt-pt\/wp-json\/wp\/v2\/product_tag?post=32989"}],"curies":[{"name":"wp","href":"https:\/\/api.w.org\/{rel}","templated":true}]}}