{"id":32923,"date":"2021-10-21T15:53:17","date_gmt":"2021-10-21T13:53:17","guid":{"rendered":"https:\/\/keramamueblesdejardin.com\/uncategorized\/conjunto-de-varanda-2-cadeiras-com-mesa-baixa-branca-toquio\/"},"modified":"2024-08-22T14:18:05","modified_gmt":"2024-08-22T12:18:05","slug":"conjunto-de-varanda-2-cadeiras-com-mesa-baixo-branco-toquio","status":"publish","type":"product","link":"https:\/\/keramamueblesdejardin.com\/pt-pt\/salas-de-jantar-ao-ar-livre\/definir-mesa-e-cadeiras-jardim\/conjunto-de-varanda-2-cadeiras-com-mesa-baixo-branco-toquio\/","title":{"rendered":"Conjunto de varanda 2 cadeiras com mesa baixa branca &#8211; T\u00f3quio"},"content":{"rendered":"<p><span style=\"font-weight: 400;\">A <strong>mesa e cadeiras do jardim de T\u00f3quio<\/strong> \u00e9 composta por <strong>uma mesa baixa de alum\u00ednio branco 45x45x43 e 2 cadeiras feitas<\/strong> de alum\u00ednio e t\u00eaxteis acolchoados cinza.<\/span><\/p>\n<p><span style=\"font-weight: 400;\">\u00c9 ideal tirar o m\u00e1ximo partido dos <strong>pequenos terra\u00e7os ou varandas<\/strong> e assim desfrutar dos meses de bom tempo em espa\u00e7os exteriores.<\/span><\/p>\n<p><span style=\"font-weight: 400;\">Voc\u00ea pode<strong> combinar o conjunto com outros produtos<\/strong> que fazem parte da <a href=\"https:\/\/keramamueblesdejardin.com\/etiqueta\/tokyo\/\" target=\"_blank\" rel=\"noopener\">fam\u00edlia T\u00f3quio<\/a>.<\/span><\/p>\n<p><span style=\"font-weight: 400;\">Veja a nossa <\/span><a href=\"https:\/\/keramamueblesdejardin.com\/comedores-exterior\/conjunto-mesa-y-sillas-jardin\/\" target=\"_blank\" rel=\"noopener\"><br \/>\n  <span style=\"font-weight: 400;\">mesa de jardim e conjuntos de cadeiras<\/span><br \/>\n<\/a><span style=\"font-weight: 400;\">.<\/span><\/p>\n","protected":false},"excerpt":{"rendered":"<ul>\n<li>Conjunto de 2 cadeiras e uma mesa baixa com estrutura de alum\u00ednio branco<\/li>\n<li>Cadeiras empilh\u00e1veis de alum\u00ednio com t\u00eaxtil acolchoado cinza<\/li>\n<li>Voc\u00ea pode combin\u00e1-lo com outros elementos da fam\u00edlia T\u00f3quio: mesas, espregui\u00e7adeiras, conjuntos de jardim&#8230;<\/li>\n<\/ul>\n","protected":false},"featured_media":30889,"comment_status":"closed","ping_status":"closed","template":"","meta":{"_acf_changed":false},"product_brand":[],"product_cat":[422,420],"product_tag":[436,440],"class_list":{"0":"post-32923","1":"product","2":"type-product","3":"status-publish","4":"has-post-thumbnail","6":"product_cat-definir-mesa-e-cadeiras-jardim","7":"product_cat-salas-de-jantar-ao-ar-livre","8":"product_tag-espacos-pequenos","9":"product_tag-toquio","10":"product_shipping_class-envio-gratuito-pt-pt","11":"pa_ancho-120-pt-pt","12":"pa_asientos-2-pt-pt-2","13":"pa_caracteristicas-bracos","14":"pa_caracteristicas-empilhavel","15":"pa_caracteristicas-espacos-pequenos","16":"pa_caracteristicas-resistente-a-agua","17":"pa_coleccion-osaka-pt-pt","18":"pa_coleccion-tokyo-pt-pt","19":"pa_espacio-1-5-pt-pt","20":"pa_forma-quadrado","21":"pa_largo-125-pt-pt","22":"pa_m2-150-pt-pt","23":"pa_material-aluminio-pt-pt","24":"pa_material-imitacao-de-madeira","25":"pa_material-textileno-pt-pt","26":"pa_tamano-espacio-pequeno-pt-pt-2","28":"first","29":"outofstock","30":"sale","31":"purchasable","32":"product-type-simple","33":"add-to-wishlist-before_image"},"acf":[],"yoast_head":"<!-- This site is optimized with the Yoast SEO plugin v27.2 - https:\/\/yoast.com\/product\/yoast-seo-wordpress\/ -->\n<title>Conjunto de varanda 2 cadeiras com mesa baixa branca - T\u00f3quio - Kerama<\/title>\n<meta name=\"robots\" content=\"index, follow, max-snippet:-1, max-image-preview:large, max-video-preview:-1\" \/>\n<link rel=\"canonical\" href=\"https:\/\/keramamueblesdejardin.com\/pt-pt\/salas-de-jantar-ao-ar-livre\/definir-mesa-e-cadeiras-jardim\/conjunto-de-varanda-2-cadeiras-com-mesa-baixo-branco-toquio\/\" \/>\n<meta property=\"og:locale\" content=\"pt_PT\" \/>\n<meta property=\"og:type\" content=\"article\" \/>\n<meta property=\"og:title\" content=\"Conjunto de varanda 2 cadeiras com mesa baixa branca - T\u00f3quio - Kerama\" \/>\n<meta property=\"og:description\" content=\"Conjunto de 2 cadeiras e uma mesa baixa com estrutura de alum\u00ednio branco  Cadeiras empilh\u00e1veis de alum\u00ednio com t\u00eaxtil acolchoado cinza  Voc\u00ea pode combin\u00e1-lo com outros elementos da fam\u00edlia T\u00f3quio: mesas, espregui\u00e7adeiras, conjuntos de jardim...\" \/>\n<meta property=\"og:url\" content=\"https:\/\/keramamueblesdejardin.com\/pt-pt\/salas-de-jantar-ao-ar-livre\/definir-mesa-e-cadeiras-jardim\/conjunto-de-varanda-2-cadeiras-com-mesa-baixo-branco-toquio\/\" \/>\n<meta property=\"og:site_name\" content=\"Kerama\" \/>\n<meta property=\"article:publisher\" content=\"https:\/\/www.facebook.com\/Kerama-Muebles-de-Jard%c3%adn-106209328312568\/\" \/>\n<meta property=\"article:modified_time\" content=\"2024-08-22T12:18:05+00:00\" \/>\n<meta property=\"og:image\" content=\"https:\/\/keramamueblesdejardin.com\/wp-content\/uploads\/2021\/10\/L1420088-small.jpg\" \/>\n\t<meta property=\"og:image:width\" content=\"2000\" \/>\n\t<meta property=\"og:image:height\" content=\"1333\" \/>\n\t<meta property=\"og:image:type\" content=\"image\/jpeg\" \/>\n<meta name=\"twitter:card\" content=\"summary_large_image\" \/>\n<script type=\"application\/ld+json\" class=\"yoast-schema-graph\">{\"@context\":\"https:\/\/schema.org\",\"@graph\":[{\"@type\":\"WebPage\",\"@id\":\"https:\/\/keramamueblesdejardin.com\/pt-pt\/salas-de-jantar-ao-ar-livre\/definir-mesa-e-cadeiras-jardim\/conjunto-de-varanda-2-cadeiras-com-mesa-baixo-branco-toquio\/\",\"url\":\"https:\/\/keramamueblesdejardin.com\/pt-pt\/salas-de-jantar-ao-ar-livre\/definir-mesa-e-cadeiras-jardim\/conjunto-de-varanda-2-cadeiras-com-mesa-baixo-branco-toquio\/\",\"name\":\"Conjunto de varanda 2 cadeiras com mesa baixa branca - T\u00f3quio - Kerama\",\"isPartOf\":{\"@id\":\"https:\/\/keramamueblesdejardin.com\/pt-pt\/#website\"},\"primaryImageOfPage\":{\"@id\":\"https:\/\/keramamueblesdejardin.com\/pt-pt\/salas-de-jantar-ao-ar-livre\/definir-mesa-e-cadeiras-jardim\/conjunto-de-varanda-2-cadeiras-com-mesa-baixo-branco-toquio\/#primaryimage\"},\"image\":{\"@id\":\"https:\/\/keramamueblesdejardin.com\/pt-pt\/salas-de-jantar-ao-ar-livre\/definir-mesa-e-cadeiras-jardim\/conjunto-de-varanda-2-cadeiras-com-mesa-baixo-branco-toquio\/#primaryimage\"},\"thumbnailUrl\":\"https:\/\/keramamueblesdejardin.com\/wp-content\/uploads\/2021\/10\/L1420088-small.jpg\",\"datePublished\":\"2021-10-21T13:53:17+00:00\",\"dateModified\":\"2024-08-22T12:18:05+00:00\",\"breadcrumb\":{\"@id\":\"https:\/\/keramamueblesdejardin.com\/pt-pt\/salas-de-jantar-ao-ar-livre\/definir-mesa-e-cadeiras-jardim\/conjunto-de-varanda-2-cadeiras-com-mesa-baixo-branco-toquio\/#breadcrumb\"},\"inLanguage\":\"pt-PT\",\"potentialAction\":[{\"@type\":\"ReadAction\",\"target\":[\"https:\/\/keramamueblesdejardin.com\/pt-pt\/salas-de-jantar-ao-ar-livre\/definir-mesa-e-cadeiras-jardim\/conjunto-de-varanda-2-cadeiras-com-mesa-baixo-branco-toquio\/\"]}]},{\"@type\":\"ImageObject\",\"inLanguage\":\"pt-PT\",\"@id\":\"https:\/\/keramamueblesdejardin.com\/pt-pt\/salas-de-jantar-ao-ar-livre\/definir-mesa-e-cadeiras-jardim\/conjunto-de-varanda-2-cadeiras-com-mesa-baixo-branco-toquio\/#primaryimage\",\"url\":\"https:\/\/keramamueblesdejardin.com\/wp-content\/uploads\/2021\/10\/L1420088-small.jpg\",\"contentUrl\":\"https:\/\/keramamueblesdejardin.com\/wp-content\/uploads\/2021\/10\/L1420088-small.jpg\",\"width\":2000,\"height\":1333},{\"@type\":\"BreadcrumbList\",\"@id\":\"https:\/\/keramamueblesdejardin.com\/pt-pt\/salas-de-jantar-ao-ar-livre\/definir-mesa-e-cadeiras-jardim\/conjunto-de-varanda-2-cadeiras-com-mesa-baixo-branco-toquio\/#breadcrumb\",\"itemListElement\":[{\"@type\":\"ListItem\",\"position\":1,\"name\":\"Home\",\"item\":\"https:\/\/keramamueblesdejardin.com\/pt-pt\/\"},{\"@type\":\"ListItem\",\"position\":2,\"name\":\"Tienda\",\"item\":\"https:\/\/keramamueblesdejardin.com\/pt-pt\/tienda-2\/\"},{\"@type\":\"ListItem\",\"position\":3,\"name\":\"Salas de jantar ao ar livre\",\"item\":\"https:\/\/keramamueblesdejardin.com\/pt-pt\/salas-de-jantar-ao-ar-livre\/\"},{\"@type\":\"ListItem\",\"position\":4,\"name\":\"Definir mesa e cadeiras jardim\",\"item\":\"https:\/\/keramamueblesdejardin.com\/pt-pt\/salas-de-jantar-ao-ar-livre\/definir-mesa-e-cadeiras-jardim\/\"},{\"@type\":\"ListItem\",\"position\":5,\"name\":\"Conjunto de varanda 2 cadeiras com mesa baixa branca &#8211; T\u00f3quio\"}]},{\"@type\":\"WebSite\",\"@id\":\"https:\/\/keramamueblesdejardin.com\/pt-pt\/#website\",\"url\":\"https:\/\/keramamueblesdejardin.com\/pt-pt\/\",\"name\":\"Kerama\",\"description\":\"muebles de jard\u00edn\",\"publisher\":{\"@id\":\"https:\/\/keramamueblesdejardin.com\/pt-pt\/#organization\"},\"potentialAction\":[{\"@type\":\"SearchAction\",\"target\":{\"@type\":\"EntryPoint\",\"urlTemplate\":\"https:\/\/keramamueblesdejardin.com\/pt-pt\/?s={search_term_string}\"},\"query-input\":{\"@type\":\"PropertyValueSpecification\",\"valueRequired\":true,\"valueName\":\"search_term_string\"}}],\"inLanguage\":\"pt-PT\"},{\"@type\":\"Organization\",\"@id\":\"https:\/\/keramamueblesdejardin.com\/pt-pt\/#organization\",\"name\":\"kerama\",\"url\":\"https:\/\/keramamueblesdejardin.com\/pt-pt\/\",\"logo\":{\"@type\":\"ImageObject\",\"inLanguage\":\"pt-PT\",\"@id\":\"https:\/\/keramamueblesdejardin.com\/pt-pt\/#\/schema\/logo\/image\/\",\"url\":\"https:\/\/keramamueblesdejardin.com\/wp-content\/uploads\/2020\/12\/k.-scaled.jpg\",\"contentUrl\":\"https:\/\/keramamueblesdejardin.com\/wp-content\/uploads\/2020\/12\/k.-scaled.jpg\",\"width\":2560,\"height\":551,\"caption\":\"kerama\"},\"image\":{\"@id\":\"https:\/\/keramamueblesdejardin.com\/pt-pt\/#\/schema\/logo\/image\/\"},\"sameAs\":[\"https:\/\/www.facebook.com\/Kerama-Muebles-de-Jard\u00edn-106209328312568\/\"]}]}<\/script>\n<!-- \/ Yoast SEO plugin. -->","yoast_head_json":{"title":"Conjunto de varanda 2 cadeiras com mesa baixa branca - T\u00f3quio - Kerama","robots":{"index":"index","follow":"follow","max-snippet":"max-snippet:-1","max-image-preview":"max-image-preview:large","max-video-preview":"max-video-preview:-1"},"canonical":"https:\/\/keramamueblesdejardin.com\/pt-pt\/salas-de-jantar-ao-ar-livre\/definir-mesa-e-cadeiras-jardim\/conjunto-de-varanda-2-cadeiras-com-mesa-baixo-branco-toquio\/","og_locale":"pt_PT","og_type":"article","og_title":"Conjunto de varanda 2 cadeiras com mesa baixa branca - T\u00f3quio - Kerama","og_description":"Conjunto de 2 cadeiras e uma mesa baixa com estrutura de alum\u00ednio branco  Cadeiras empilh\u00e1veis de alum\u00ednio com t\u00eaxtil acolchoado cinza  Voc\u00ea pode combin\u00e1-lo com outros elementos da fam\u00edlia T\u00f3quio: mesas, espregui\u00e7adeiras, conjuntos de jardim...","og_url":"https:\/\/keramamueblesdejardin.com\/pt-pt\/salas-de-jantar-ao-ar-livre\/definir-mesa-e-cadeiras-jardim\/conjunto-de-varanda-2-cadeiras-com-mesa-baixo-branco-toquio\/","og_site_name":"Kerama","article_publisher":"https:\/\/www.facebook.com\/Kerama-Muebles-de-Jard%c3%adn-106209328312568\/","article_modified_time":"2024-08-22T12:18:05+00:00","og_image":[{"width":2000,"height":1333,"url":"https:\/\/keramamueblesdejardin.com\/wp-content\/uploads\/2021\/10\/L1420088-small.jpg","type":"image\/jpeg"}],"twitter_card":"summary_large_image","schema":{"@context":"https:\/\/schema.org","@graph":[{"@type":"WebPage","@id":"https:\/\/keramamueblesdejardin.com\/pt-pt\/salas-de-jantar-ao-ar-livre\/definir-mesa-e-cadeiras-jardim\/conjunto-de-varanda-2-cadeiras-com-mesa-baixo-branco-toquio\/","url":"https:\/\/keramamueblesdejardin.com\/pt-pt\/salas-de-jantar-ao-ar-livre\/definir-mesa-e-cadeiras-jardim\/conjunto-de-varanda-2-cadeiras-com-mesa-baixo-branco-toquio\/","name":"Conjunto de varanda 2 cadeiras com mesa baixa branca - T\u00f3quio - Kerama","isPartOf":{"@id":"https:\/\/keramamueblesdejardin.com\/pt-pt\/#website"},"primaryImageOfPage":{"@id":"https:\/\/keramamueblesdejardin.com\/pt-pt\/salas-de-jantar-ao-ar-livre\/definir-mesa-e-cadeiras-jardim\/conjunto-de-varanda-2-cadeiras-com-mesa-baixo-branco-toquio\/#primaryimage"},"image":{"@id":"https:\/\/keramamueblesdejardin.com\/pt-pt\/salas-de-jantar-ao-ar-livre\/definir-mesa-e-cadeiras-jardim\/conjunto-de-varanda-2-cadeiras-com-mesa-baixo-branco-toquio\/#primaryimage"},"thumbnailUrl":"https:\/\/keramamueblesdejardin.com\/wp-content\/uploads\/2021\/10\/L1420088-small.jpg","datePublished":"2021-10-21T13:53:17+00:00","dateModified":"2024-08-22T12:18:05+00:00","breadcrumb":{"@id":"https:\/\/keramamueblesdejardin.com\/pt-pt\/salas-de-jantar-ao-ar-livre\/definir-mesa-e-cadeiras-jardim\/conjunto-de-varanda-2-cadeiras-com-mesa-baixo-branco-toquio\/#breadcrumb"},"inLanguage":"pt-PT","potentialAction":[{"@type":"ReadAction","target":["https:\/\/keramamueblesdejardin.com\/pt-pt\/salas-de-jantar-ao-ar-livre\/definir-mesa-e-cadeiras-jardim\/conjunto-de-varanda-2-cadeiras-com-mesa-baixo-branco-toquio\/"]}]},{"@type":"ImageObject","inLanguage":"pt-PT","@id":"https:\/\/keramamueblesdejardin.com\/pt-pt\/salas-de-jantar-ao-ar-livre\/definir-mesa-e-cadeiras-jardim\/conjunto-de-varanda-2-cadeiras-com-mesa-baixo-branco-toquio\/#primaryimage","url":"https:\/\/keramamueblesdejardin.com\/wp-content\/uploads\/2021\/10\/L1420088-small.jpg","contentUrl":"https:\/\/keramamueblesdejardin.com\/wp-content\/uploads\/2021\/10\/L1420088-small.jpg","width":2000,"height":1333},{"@type":"BreadcrumbList","@id":"https:\/\/keramamueblesdejardin.com\/pt-pt\/salas-de-jantar-ao-ar-livre\/definir-mesa-e-cadeiras-jardim\/conjunto-de-varanda-2-cadeiras-com-mesa-baixo-branco-toquio\/#breadcrumb","itemListElement":[{"@type":"ListItem","position":1,"name":"Home","item":"https:\/\/keramamueblesdejardin.com\/pt-pt\/"},{"@type":"ListItem","position":2,"name":"Tienda","item":"https:\/\/keramamueblesdejardin.com\/pt-pt\/tienda-2\/"},{"@type":"ListItem","position":3,"name":"Salas de jantar ao ar livre","item":"https:\/\/keramamueblesdejardin.com\/pt-pt\/salas-de-jantar-ao-ar-livre\/"},{"@type":"ListItem","position":4,"name":"Definir mesa e cadeiras jardim","item":"https:\/\/keramamueblesdejardin.com\/pt-pt\/salas-de-jantar-ao-ar-livre\/definir-mesa-e-cadeiras-jardim\/"},{"@type":"ListItem","position":5,"name":"Conjunto de varanda 2 cadeiras com mesa baixa branca &#8211; T\u00f3quio"}]},{"@type":"WebSite","@id":"https:\/\/keramamueblesdejardin.com\/pt-pt\/#website","url":"https:\/\/keramamueblesdejardin.com\/pt-pt\/","name":"Kerama","description":"muebles de jard\u00edn","publisher":{"@id":"https:\/\/keramamueblesdejardin.com\/pt-pt\/#organization"},"potentialAction":[{"@type":"SearchAction","target":{"@type":"EntryPoint","urlTemplate":"https:\/\/keramamueblesdejardin.com\/pt-pt\/?s={search_term_string}"},"query-input":{"@type":"PropertyValueSpecification","valueRequired":true,"valueName":"search_term_string"}}],"inLanguage":"pt-PT"},{"@type":"Organization","@id":"https:\/\/keramamueblesdejardin.com\/pt-pt\/#organization","name":"kerama","url":"https:\/\/keramamueblesdejardin.com\/pt-pt\/","logo":{"@type":"ImageObject","inLanguage":"pt-PT","@id":"https:\/\/keramamueblesdejardin.com\/pt-pt\/#\/schema\/logo\/image\/","url":"https:\/\/keramamueblesdejardin.com\/wp-content\/uploads\/2020\/12\/k.-scaled.jpg","contentUrl":"https:\/\/keramamueblesdejardin.com\/wp-content\/uploads\/2020\/12\/k.-scaled.jpg","width":2560,"height":551,"caption":"kerama"},"image":{"@id":"https:\/\/keramamueblesdejardin.com\/pt-pt\/#\/schema\/logo\/image\/"},"sameAs":["https:\/\/www.facebook.com\/Kerama-Muebles-de-Jard\u00edn-106209328312568\/"]}]}},"df_price":279,"df_sale_price":279,"df_regular_price":345,"df_image_link":"https:\/\/keramamueblesdejardin.com\/wp-content\/uploads\/2021\/10\/L1420088-small-300x200.jpg","custom_tabs":[{"title":"MEDI\u00c7\u00c3O","id":"medi\u00e7\u00e3o","content":"<strong>Alto:<\/strong> Quadro 43 cm \/ Cadeira 90 cm\n<strong>Largo:<\/strong> Quadro 45 cm \/ Cadeira 60 cm\n<strong>Em baixo:<\/strong> Quadro 45 cm \/ Cadeira 57 cm\n<strong>Altura do assento:<\/strong> 43 cm\n<strong>Profundidade do assento:<\/strong> 47 cm"},{"title":"DESEMBALAR E ASSEMBL\u00c9IA","id":"desembalar-e-assembleia","content":"<strong>Recomenda\u00e7\u00f5es de desembalagem:<\/strong> N\u00e3o utilize utens\u00edlios afiados ao desempacotar o mobili\u00e1rio, pois pode causar danos\n<strong>Requer montagem (sim\/n\u00e3o):<\/strong> Sim\n<strong>Dificuldade de montagem:<\/strong> Acidente\n<strong>Tempo de montagem:<\/strong> 15 minutos\n<strong>Pessoas recomendadas para montagem:<\/strong> 2\n<strong>Sugest\u00f5es de montagem:<\/strong> Prepare uma \u00e1rea de montagem limpa e seca, verifique se n\u00e3o faltam nenhuma das pe\u00e7as indicadas no manual. Recomendamos o uso de luvas adequadas para a montagem. Utilize apenas pe\u00e7as e hardware fornecidos."},{"title":"MANUTEN\u00c7\u00c3O E GARANTIAS","id":"manutencao-e-garantias","content":"<div class=\"moz-signature\">\n<div class=\"list\"><strong>Recomenda\u00e7\u00f5es gerais:<\/strong>\n\u2022 Avarias ou danos causados por:\n\u2022 Causas acidentais como quedas, golpes, derrame de l\u00edquidos, introdu\u00e7\u00e3o de corpos estranhos, bem como qualquer outro caso de for\u00e7a maior.\n\u2022 Utiliza\u00e7\u00e3o negligente, impr\u00f3pria ou n\u00e3o dom\u00e9stica.\n\u2022 Danos, corros\u00e3o e\/ou oxida\u00e7\u00e3o acelerados por condi\u00e7\u00f5es ambientais adversas\n\u2022 Manchas e descolora\u00e7\u00f5es devido ao n\u00e3o respeito dos nossos slogans de limpeza\n\u2022 Os danos ocorreram durante a montagem e o manuseamento sem ter seguido as instru\u00e7\u00f5es de montagem indicadas.\n<strong>Instru\u00e7\u00f5es de utiliza\u00e7\u00e3o e manuten\u00e7\u00e3o:<\/strong>\n\u2022 Limpe com a ajuda de um pano suavemente ou utilize um sab\u00e3o l\u00edquido neutro, enxaguando com muita \u00e1gua.\n\u2022 Retire regularmente o p\u00f3 com a ajuda de um pano macio e \u00e1gua l\u00edmpia.\n\u2022 N\u00e3o utilize detergentes ou produtos abrasivos para a limpeza.\n<strong>Anos de garantia:<\/strong> 3 anos\n<strong>Fabricado de acordo com a Norma:<\/strong> 581-1.581-2.581-3<\/div>\n<\/div>"}],"_links":{"self":[{"href":"https:\/\/keramamueblesdejardin.com\/pt-pt\/wp-json\/wp\/v2\/product\/32923","targetHints":{"allow":["GET"]}}],"collection":[{"href":"https:\/\/keramamueblesdejardin.com\/pt-pt\/wp-json\/wp\/v2\/product"}],"about":[{"href":"https:\/\/keramamueblesdejardin.com\/pt-pt\/wp-json\/wp\/v2\/types\/product"}],"replies":[{"embeddable":true,"href":"https:\/\/keramamueblesdejardin.com\/pt-pt\/wp-json\/wp\/v2\/comments?post=32923"}],"wp:featuredmedia":[{"embeddable":true,"href":"https:\/\/keramamueblesdejardin.com\/pt-pt\/wp-json\/wp\/v2\/media\/30889"}],"wp:attachment":[{"href":"https:\/\/keramamueblesdejardin.com\/pt-pt\/wp-json\/wp\/v2\/media?parent=32923"}],"wp:term":[{"taxonomy":"product_brand","embeddable":true,"href":"https:\/\/keramamueblesdejardin.com\/pt-pt\/wp-json\/wp\/v2\/product_brand?post=32923"},{"taxonomy":"product_cat","embeddable":true,"href":"https:\/\/keramamueblesdejardin.com\/pt-pt\/wp-json\/wp\/v2\/product_cat?post=32923"},{"taxonomy":"product_tag","embeddable":true,"href":"https:\/\/keramamueblesdejardin.com\/pt-pt\/wp-json\/wp\/v2\/product_tag?post=32923"}],"curies":[{"name":"wp","href":"https:\/\/api.w.org\/{rel}","templated":true}]}}