{"id":32914,"date":"2021-11-12T14:32:56","date_gmt":"2021-11-12T13:32:56","guid":{"rendered":"https:\/\/keramamueblesdejardin.com\/uncategorized\/mesa-de-jardim-de-madeira-extensivel-150-210x90-cm-java\/"},"modified":"2023-10-25T08:52:58","modified_gmt":"2023-10-25T06:52:58","slug":"mesa-jardim-extensivel-madeira-150-210x90-cm-java","status":"publish","type":"product","link":"https:\/\/keramamueblesdejardin.com\/pt-pt\/salas-de-jantar-ao-ar-livre\/mesas-de-jardim\/mesa-jardim-extensivel-madeira-150-210x90-cm-java\/","title":{"rendered":"Mesa de jardim de madeira extens\u00edvel 150\/210&#215;90 cm &#8211; Java"},"content":{"rendered":"<p><span style=\"font-weight: 400;\">A <\/span><b>mesa do jardim de Java<\/b><span style=\"font-weight: 400;\">  \u00c9 feito de madeira de ac\u00e1cia castanha. P<\/span>pode<b> ser estendido de 150 cm a 210 cm<\/b> permitindo aumentar a capacidade dos comensais.<\/p>\n<p><span style=\"font-weight: 400;\">A madeira \u00e9 certificada pela FSC garantindo assim a gest\u00e3o respons\u00e1vel dos recursos florestais do planeta do ponto de vista ambiental, social e econ\u00f3mico.  <\/span><\/p>\n<p><span style=\"font-weight: 400;\">Voc\u00ea pode <\/span><b>combin\u00e1-lo com outros produtos da<\/b><a href=\"https:\/\/keramamueblesdejardin.com\/etiqueta\/java\/\" target=\"_blank\" rel=\"noopener\"><br \/>\n  <b> fam\u00edlia Java<\/b><br \/>\n<\/a><span style=\"font-weight: 400;\">.<\/span><\/p>\n<p><span style=\"font-weight: 400;\">Veja a nossa<\/span><a href=\"https:\/\/keramamueblesdejardin.com\/comedores-exterior\/conjunto-mesa-y-sillas-jardin\/\" target=\"_blank\" rel=\"noopener\"> <b>mesa de jardim e conjuntos de cadeiras.<\/b><\/a><\/p>\n<h2><\/h2>\n","protected":false},"excerpt":{"rendered":"<ul>\n<li>Mesa de jardim extens\u00edvel 150\/210 x 100 x 74,5 cm<\/li>\n<li>Feito de madeira de ac\u00e1cia certificada FSC<\/li>\n<\/ul>\n","protected":false},"featured_media":32497,"comment_status":"closed","ping_status":"closed","template":"","meta":{"_acf_changed":false},"product_brand":[],"product_cat":[453,420],"product_tag":[430,444,429,433],"class_list":{"0":"post-32914","1":"product","2":"type-product","3":"status-publish","4":"has-post-thumbnail","6":"product_cat-mesas-de-jardim","7":"product_cat-salas-de-jantar-ao-ar-livre","8":"product_tag-acacia-pt-pt","9":"product_tag-extensivel","10":"product_tag-madeira-pt-pt","11":"product_tag-rio-java-pt-pt","12":"product_shipping_class-envio-gratuito-pt-pt","13":"pa_caracteristicas-extensivel","14":"pa_coleccion-java-pt-pt","15":"pa_forma-retangular","16":"pa_material-madera-pt-pt","18":"first","19":"instock","20":"sale","21":"purchasable","22":"product-type-simple","23":"add-to-wishlist-before_image"},"acf":[],"yoast_head":"<!-- This site is optimized with the Yoast SEO plugin v27.2 - https:\/\/yoast.com\/product\/yoast-seo-wordpress\/ -->\n<title>Mesa de jardim de madeira extens\u00edvel 150\/210x90 cm - Java - Kerama<\/title>\n<meta name=\"robots\" content=\"index, follow, max-snippet:-1, max-image-preview:large, max-video-preview:-1\" \/>\n<link rel=\"canonical\" href=\"https:\/\/keramamueblesdejardin.com\/pt-pt\/salas-de-jantar-ao-ar-livre\/mesas-de-jardim\/mesa-jardim-extensivel-madeira-150-210x90-cm-java\/\" \/>\n<meta property=\"og:locale\" content=\"pt_PT\" \/>\n<meta property=\"og:type\" content=\"article\" \/>\n<meta property=\"og:title\" content=\"Mesa de jardim de madeira extens\u00edvel 150\/210x90 cm - Java - Kerama\" \/>\n<meta property=\"og:description\" content=\"Mesa de jardim extens\u00edvel 150\/210 x 100 x 74,5 cm  Feito de madeira de ac\u00e1cia certificada FSC\" \/>\n<meta property=\"og:url\" content=\"https:\/\/keramamueblesdejardin.com\/pt-pt\/salas-de-jantar-ao-ar-livre\/mesas-de-jardim\/mesa-jardim-extensivel-madeira-150-210x90-cm-java\/\" \/>\n<meta property=\"og:site_name\" content=\"Kerama\" \/>\n<meta property=\"article:publisher\" content=\"https:\/\/www.facebook.com\/Kerama-Muebles-de-Jard%c3%adn-106209328312568\/\" \/>\n<meta property=\"article:modified_time\" content=\"2023-10-25T06:52:58+00:00\" \/>\n<meta property=\"og:image\" content=\"https:\/\/keramamueblesdejardin.com\/wp-content\/uploads\/2021\/11\/L1520901-1-scaled.jpg\" \/>\n\t<meta property=\"og:image:width\" content=\"2560\" \/>\n\t<meta property=\"og:image:height\" content=\"1707\" \/>\n\t<meta property=\"og:image:type\" content=\"image\/jpeg\" \/>\n<meta name=\"twitter:card\" content=\"summary_large_image\" \/>\n<script type=\"application\/ld+json\" class=\"yoast-schema-graph\">{\"@context\":\"https:\/\/schema.org\",\"@graph\":[{\"@type\":\"WebPage\",\"@id\":\"https:\/\/keramamueblesdejardin.com\/pt-pt\/salas-de-jantar-ao-ar-livre\/mesas-de-jardim\/mesa-jardim-extensivel-madeira-150-210x90-cm-java\/\",\"url\":\"https:\/\/keramamueblesdejardin.com\/pt-pt\/salas-de-jantar-ao-ar-livre\/mesas-de-jardim\/mesa-jardim-extensivel-madeira-150-210x90-cm-java\/\",\"name\":\"Mesa de jardim de madeira extens\u00edvel 150\/210x90 cm - Java - Kerama\",\"isPartOf\":{\"@id\":\"https:\/\/keramamueblesdejardin.com\/pt-pt\/#website\"},\"primaryImageOfPage\":{\"@id\":\"https:\/\/keramamueblesdejardin.com\/pt-pt\/salas-de-jantar-ao-ar-livre\/mesas-de-jardim\/mesa-jardim-extensivel-madeira-150-210x90-cm-java\/#primaryimage\"},\"image\":{\"@id\":\"https:\/\/keramamueblesdejardin.com\/pt-pt\/salas-de-jantar-ao-ar-livre\/mesas-de-jardim\/mesa-jardim-extensivel-madeira-150-210x90-cm-java\/#primaryimage\"},\"thumbnailUrl\":\"https:\/\/keramamueblesdejardin.com\/wp-content\/uploads\/2021\/11\/L1520901-1-scaled.jpg\",\"datePublished\":\"2021-11-12T13:32:56+00:00\",\"dateModified\":\"2023-10-25T06:52:58+00:00\",\"breadcrumb\":{\"@id\":\"https:\/\/keramamueblesdejardin.com\/pt-pt\/salas-de-jantar-ao-ar-livre\/mesas-de-jardim\/mesa-jardim-extensivel-madeira-150-210x90-cm-java\/#breadcrumb\"},\"inLanguage\":\"pt-PT\",\"potentialAction\":[{\"@type\":\"ReadAction\",\"target\":[\"https:\/\/keramamueblesdejardin.com\/pt-pt\/salas-de-jantar-ao-ar-livre\/mesas-de-jardim\/mesa-jardim-extensivel-madeira-150-210x90-cm-java\/\"]}]},{\"@type\":\"ImageObject\",\"inLanguage\":\"pt-PT\",\"@id\":\"https:\/\/keramamueblesdejardin.com\/pt-pt\/salas-de-jantar-ao-ar-livre\/mesas-de-jardim\/mesa-jardim-extensivel-madeira-150-210x90-cm-java\/#primaryimage\",\"url\":\"https:\/\/keramamueblesdejardin.com\/wp-content\/uploads\/2021\/11\/L1520901-1-scaled.jpg\",\"contentUrl\":\"https:\/\/keramamueblesdejardin.com\/wp-content\/uploads\/2021\/11\/L1520901-1-scaled.jpg\",\"width\":2560,\"height\":1707},{\"@type\":\"BreadcrumbList\",\"@id\":\"https:\/\/keramamueblesdejardin.com\/pt-pt\/salas-de-jantar-ao-ar-livre\/mesas-de-jardim\/mesa-jardim-extensivel-madeira-150-210x90-cm-java\/#breadcrumb\",\"itemListElement\":[{\"@type\":\"ListItem\",\"position\":1,\"name\":\"Home\",\"item\":\"https:\/\/keramamueblesdejardin.com\/pt-pt\/\"},{\"@type\":\"ListItem\",\"position\":2,\"name\":\"Tienda\",\"item\":\"https:\/\/keramamueblesdejardin.com\/pt-pt\/tienda-2\/\"},{\"@type\":\"ListItem\",\"position\":3,\"name\":\"Salas de jantar ao ar livre\",\"item\":\"https:\/\/keramamueblesdejardin.com\/pt-pt\/salas-de-jantar-ao-ar-livre\/\"},{\"@type\":\"ListItem\",\"position\":4,\"name\":\"Mesas de jardim\",\"item\":\"https:\/\/keramamueblesdejardin.com\/pt-pt\/salas-de-jantar-ao-ar-livre\/mesas-de-jardim\/\"},{\"@type\":\"ListItem\",\"position\":5,\"name\":\"Mesa de jardim de madeira extens\u00edvel 150\/210&#215;90 cm &#8211; Java\"}]},{\"@type\":\"WebSite\",\"@id\":\"https:\/\/keramamueblesdejardin.com\/pt-pt\/#website\",\"url\":\"https:\/\/keramamueblesdejardin.com\/pt-pt\/\",\"name\":\"Kerama\",\"description\":\"muebles de jard\u00edn\",\"publisher\":{\"@id\":\"https:\/\/keramamueblesdejardin.com\/pt-pt\/#organization\"},\"potentialAction\":[{\"@type\":\"SearchAction\",\"target\":{\"@type\":\"EntryPoint\",\"urlTemplate\":\"https:\/\/keramamueblesdejardin.com\/pt-pt\/?s={search_term_string}\"},\"query-input\":{\"@type\":\"PropertyValueSpecification\",\"valueRequired\":true,\"valueName\":\"search_term_string\"}}],\"inLanguage\":\"pt-PT\"},{\"@type\":\"Organization\",\"@id\":\"https:\/\/keramamueblesdejardin.com\/pt-pt\/#organization\",\"name\":\"kerama\",\"url\":\"https:\/\/keramamueblesdejardin.com\/pt-pt\/\",\"logo\":{\"@type\":\"ImageObject\",\"inLanguage\":\"pt-PT\",\"@id\":\"https:\/\/keramamueblesdejardin.com\/pt-pt\/#\/schema\/logo\/image\/\",\"url\":\"https:\/\/keramamueblesdejardin.com\/wp-content\/uploads\/2020\/12\/k.-scaled.jpg\",\"contentUrl\":\"https:\/\/keramamueblesdejardin.com\/wp-content\/uploads\/2020\/12\/k.-scaled.jpg\",\"width\":2560,\"height\":551,\"caption\":\"kerama\"},\"image\":{\"@id\":\"https:\/\/keramamueblesdejardin.com\/pt-pt\/#\/schema\/logo\/image\/\"},\"sameAs\":[\"https:\/\/www.facebook.com\/Kerama-Muebles-de-Jard\u00edn-106209328312568\/\"]}]}<\/script>\n<!-- \/ Yoast SEO plugin. -->","yoast_head_json":{"title":"Mesa de jardim de madeira extens\u00edvel 150\/210x90 cm - Java - Kerama","robots":{"index":"index","follow":"follow","max-snippet":"max-snippet:-1","max-image-preview":"max-image-preview:large","max-video-preview":"max-video-preview:-1"},"canonical":"https:\/\/keramamueblesdejardin.com\/pt-pt\/salas-de-jantar-ao-ar-livre\/mesas-de-jardim\/mesa-jardim-extensivel-madeira-150-210x90-cm-java\/","og_locale":"pt_PT","og_type":"article","og_title":"Mesa de jardim de madeira extens\u00edvel 150\/210x90 cm - Java - Kerama","og_description":"Mesa de jardim extens\u00edvel 150\/210 x 100 x 74,5 cm  Feito de madeira de ac\u00e1cia certificada FSC","og_url":"https:\/\/keramamueblesdejardin.com\/pt-pt\/salas-de-jantar-ao-ar-livre\/mesas-de-jardim\/mesa-jardim-extensivel-madeira-150-210x90-cm-java\/","og_site_name":"Kerama","article_publisher":"https:\/\/www.facebook.com\/Kerama-Muebles-de-Jard%c3%adn-106209328312568\/","article_modified_time":"2023-10-25T06:52:58+00:00","og_image":[{"width":2560,"height":1707,"url":"https:\/\/keramamueblesdejardin.com\/wp-content\/uploads\/2021\/11\/L1520901-1-scaled.jpg","type":"image\/jpeg"}],"twitter_card":"summary_large_image","schema":{"@context":"https:\/\/schema.org","@graph":[{"@type":"WebPage","@id":"https:\/\/keramamueblesdejardin.com\/pt-pt\/salas-de-jantar-ao-ar-livre\/mesas-de-jardim\/mesa-jardim-extensivel-madeira-150-210x90-cm-java\/","url":"https:\/\/keramamueblesdejardin.com\/pt-pt\/salas-de-jantar-ao-ar-livre\/mesas-de-jardim\/mesa-jardim-extensivel-madeira-150-210x90-cm-java\/","name":"Mesa de jardim de madeira extens\u00edvel 150\/210x90 cm - Java - Kerama","isPartOf":{"@id":"https:\/\/keramamueblesdejardin.com\/pt-pt\/#website"},"primaryImageOfPage":{"@id":"https:\/\/keramamueblesdejardin.com\/pt-pt\/salas-de-jantar-ao-ar-livre\/mesas-de-jardim\/mesa-jardim-extensivel-madeira-150-210x90-cm-java\/#primaryimage"},"image":{"@id":"https:\/\/keramamueblesdejardin.com\/pt-pt\/salas-de-jantar-ao-ar-livre\/mesas-de-jardim\/mesa-jardim-extensivel-madeira-150-210x90-cm-java\/#primaryimage"},"thumbnailUrl":"https:\/\/keramamueblesdejardin.com\/wp-content\/uploads\/2021\/11\/L1520901-1-scaled.jpg","datePublished":"2021-11-12T13:32:56+00:00","dateModified":"2023-10-25T06:52:58+00:00","breadcrumb":{"@id":"https:\/\/keramamueblesdejardin.com\/pt-pt\/salas-de-jantar-ao-ar-livre\/mesas-de-jardim\/mesa-jardim-extensivel-madeira-150-210x90-cm-java\/#breadcrumb"},"inLanguage":"pt-PT","potentialAction":[{"@type":"ReadAction","target":["https:\/\/keramamueblesdejardin.com\/pt-pt\/salas-de-jantar-ao-ar-livre\/mesas-de-jardim\/mesa-jardim-extensivel-madeira-150-210x90-cm-java\/"]}]},{"@type":"ImageObject","inLanguage":"pt-PT","@id":"https:\/\/keramamueblesdejardin.com\/pt-pt\/salas-de-jantar-ao-ar-livre\/mesas-de-jardim\/mesa-jardim-extensivel-madeira-150-210x90-cm-java\/#primaryimage","url":"https:\/\/keramamueblesdejardin.com\/wp-content\/uploads\/2021\/11\/L1520901-1-scaled.jpg","contentUrl":"https:\/\/keramamueblesdejardin.com\/wp-content\/uploads\/2021\/11\/L1520901-1-scaled.jpg","width":2560,"height":1707},{"@type":"BreadcrumbList","@id":"https:\/\/keramamueblesdejardin.com\/pt-pt\/salas-de-jantar-ao-ar-livre\/mesas-de-jardim\/mesa-jardim-extensivel-madeira-150-210x90-cm-java\/#breadcrumb","itemListElement":[{"@type":"ListItem","position":1,"name":"Home","item":"https:\/\/keramamueblesdejardin.com\/pt-pt\/"},{"@type":"ListItem","position":2,"name":"Tienda","item":"https:\/\/keramamueblesdejardin.com\/pt-pt\/tienda-2\/"},{"@type":"ListItem","position":3,"name":"Salas de jantar ao ar livre","item":"https:\/\/keramamueblesdejardin.com\/pt-pt\/salas-de-jantar-ao-ar-livre\/"},{"@type":"ListItem","position":4,"name":"Mesas de jardim","item":"https:\/\/keramamueblesdejardin.com\/pt-pt\/salas-de-jantar-ao-ar-livre\/mesas-de-jardim\/"},{"@type":"ListItem","position":5,"name":"Mesa de jardim de madeira extens\u00edvel 150\/210&#215;90 cm &#8211; Java"}]},{"@type":"WebSite","@id":"https:\/\/keramamueblesdejardin.com\/pt-pt\/#website","url":"https:\/\/keramamueblesdejardin.com\/pt-pt\/","name":"Kerama","description":"muebles de jard\u00edn","publisher":{"@id":"https:\/\/keramamueblesdejardin.com\/pt-pt\/#organization"},"potentialAction":[{"@type":"SearchAction","target":{"@type":"EntryPoint","urlTemplate":"https:\/\/keramamueblesdejardin.com\/pt-pt\/?s={search_term_string}"},"query-input":{"@type":"PropertyValueSpecification","valueRequired":true,"valueName":"search_term_string"}}],"inLanguage":"pt-PT"},{"@type":"Organization","@id":"https:\/\/keramamueblesdejardin.com\/pt-pt\/#organization","name":"kerama","url":"https:\/\/keramamueblesdejardin.com\/pt-pt\/","logo":{"@type":"ImageObject","inLanguage":"pt-PT","@id":"https:\/\/keramamueblesdejardin.com\/pt-pt\/#\/schema\/logo\/image\/","url":"https:\/\/keramamueblesdejardin.com\/wp-content\/uploads\/2020\/12\/k.-scaled.jpg","contentUrl":"https:\/\/keramamueblesdejardin.com\/wp-content\/uploads\/2020\/12\/k.-scaled.jpg","width":2560,"height":551,"caption":"kerama"},"image":{"@id":"https:\/\/keramamueblesdejardin.com\/pt-pt\/#\/schema\/logo\/image\/"},"sameAs":["https:\/\/www.facebook.com\/Kerama-Muebles-de-Jard\u00edn-106209328312568\/"]}]}},"df_price":549,"df_sale_price":549,"df_regular_price":683,"df_image_link":"https:\/\/keramamueblesdejardin.com\/wp-content\/uploads\/2021\/11\/L1520901-1-300x200.jpg","custom_tabs":[{"title":"MEDI\u00c7\u00c3O","id":"medi\u00e7\u00e3o","content":"<strong>Altura:<\/strong> 74,5 cm\n<strong>Largura:<\/strong> 100 cm\nComprimento: 150 cm (n\u00e3o estendido) 210 cm (estendido)\n<strong>Peso do produto:<\/strong> 31 kg"},{"title":"DESEMBALAR E ASSEMBL\u00c9IA","id":"desembalar-e-assembleia","content":"<strong>Recomenda\u00e7\u00f5es de desembalagem:<\/strong> N\u00e3o utilize utens\u00edlios afiados ao desempacotar o mobili\u00e1rio, pois pode causar danos\n<strong>Requer montagem (sim\/n\u00e3o):<\/strong> Sim\n<strong>Dificuldade de montagem:<\/strong> Meias\n<strong>Hora de montagem:<\/strong> 60\n<strong>Pessoas recomendadas para montagem:<\/strong> 2\n<strong>Sugest\u00f5es de montagem:<\/strong> Prepare uma \u00e1rea de montagem limpa e seca, verifique se n\u00e3o faltam nenhuma das pe\u00e7as indicadas no manual. Recomendamos o uso de luvas adequadas para a montagem. Utilize apenas pe\u00e7as e hardware fornecidos."},{"title":"MANUTEN\u00c7\u00c3O E GARANTIAS","id":"manutencao-e-garantias","content":"<div class=\"moz-signature\"><div class=\"list\"><strong>Recomenda\u00e7\u00f5es gerais:<\/strong> <br>\u2022 Avarias ou danos causados por:<br>\u2022 Causas acidentais como quedas, golpes, derrame de l\u00edquidos, introdu\u00e7\u00e3o de corpos estranhos, bem como qualquer outro caso de for\u00e7a maior.<br>\u2022 Utiliza\u00e7\u00e3o negligente, impr\u00f3pria ou n\u00e3o dom\u00e9stica.<br>\u2022 Danos, corros\u00e3o e\/ou oxida\u00e7\u00e3o acelerados por condi\u00e7\u00f5es ambientais adversas<br>\u2022 Manchas e descolora\u00e7\u00f5es devido ao n\u00e3o respeito dos nossos slogans de limpeza<br>\u2022 Os danos ocorreram durante a montagem e o manuseamento sem ter seguido as instru\u00e7\u00f5es de montagem indicadas.<br><strong>Instru\u00e7\u00f5es de utiliza\u00e7\u00e3o e manuten\u00e7\u00e3o:<\/strong> <br>\u2022 Limpe com a ajuda de um pano suavemente ou utilize um sab\u00e3o l\u00edquido neutro, enxaguando com muita \u00e1gua.<br>\u2022 Retire regularmente o p\u00f3 com a ajuda de um pano macio e \u00e1gua l\u00edmpia.<br>\u2022 N\u00e3o utilize detergentes ou produtos abrasivos para a limpeza.<br><strong>Anos de garantia:<\/strong> 3 anos<br><strong>Fabricado de acordo com a Norma:<\/strong> 581-1.581-2.581-3<\/div><\/div>"}],"_links":{"self":[{"href":"https:\/\/keramamueblesdejardin.com\/pt-pt\/wp-json\/wp\/v2\/product\/32914","targetHints":{"allow":["GET"]}}],"collection":[{"href":"https:\/\/keramamueblesdejardin.com\/pt-pt\/wp-json\/wp\/v2\/product"}],"about":[{"href":"https:\/\/keramamueblesdejardin.com\/pt-pt\/wp-json\/wp\/v2\/types\/product"}],"replies":[{"embeddable":true,"href":"https:\/\/keramamueblesdejardin.com\/pt-pt\/wp-json\/wp\/v2\/comments?post=32914"}],"wp:featuredmedia":[{"embeddable":true,"href":"https:\/\/keramamueblesdejardin.com\/pt-pt\/wp-json\/wp\/v2\/media\/32497"}],"wp:attachment":[{"href":"https:\/\/keramamueblesdejardin.com\/pt-pt\/wp-json\/wp\/v2\/media?parent=32914"}],"wp:term":[{"taxonomy":"product_brand","embeddable":true,"href":"https:\/\/keramamueblesdejardin.com\/pt-pt\/wp-json\/wp\/v2\/product_brand?post=32914"},{"taxonomy":"product_cat","embeddable":true,"href":"https:\/\/keramamueblesdejardin.com\/pt-pt\/wp-json\/wp\/v2\/product_cat?post=32914"},{"taxonomy":"product_tag","embeddable":true,"href":"https:\/\/keramamueblesdejardin.com\/pt-pt\/wp-json\/wp\/v2\/product_tag?post=32914"}],"curies":[{"name":"wp","href":"https:\/\/api.w.org\/{rel}","templated":true}]}}