{"id":32885,"date":"2022-03-29T15:17:22","date_gmt":"2022-03-29T13:17:22","guid":{"rendered":"https:\/\/keramamueblesdejardin.com\/uncategorized\/guarda-sol-suspenso-com-estrutura-antracite-3x3-milao\/"},"modified":"2023-06-01T11:01:50","modified_gmt":"2023-06-01T09:01:50","slug":"guarda-sol-suspenso-com-estrutura-antracite-3x3-milao","status":"publish","type":"product","link":"https:\/\/keramamueblesdejardin.com\/pt-pt\/guarda-sois-e-pergulas\/guarda-sois-guarda-sois-e-pergulas\/guarda-sol-suspenso-com-estrutura-antracite-3x3-milao\/","title":{"rendered":"Estrutura exc\u00eantrica de antracite de tecido antracite taup\u00e9 3x3m &#8211; Mil\u00e3o"},"content":{"rendered":"<p>O exc\u00eantrico guarda-sol de Mil\u00e3o 3&#215;3 com saia exterior para jardim ou terra\u00e7o, tem um mastro lateral muito robusto feito de alum\u00ednio antracite. O tecido tem um agrad\u00e1vel acabamento de cor taup\u00e9, que \u00e9 repelente de \u00e1gua, \u00e0 prova de manchas e tamb\u00e9m inclui uma lareira de ventila\u00e7\u00e3o.<\/p>\n<p>Pode ser rodado 360 graus e \u00e9 inclinado em altura, o que lhe permite escolher a orienta\u00e7\u00e3o mais conveniente e tem uma manivela que lhe permite abrir e fechar o guarda-sol muito simplesmente.<\/p>\n<p>O exc\u00eantrico guarda-sol de Mil\u00e3o tem uma estrutura resistente com um total de 8 hastes e um design elegante que o torna ideal para formar um conjunto de jardim ou terra\u00e7o que voc\u00ea quer manter durante todo o ano.<\/p>\n<p>&nbsp;<\/p>\n<ul>\n<li>Mastro de alum\u00ednio e varas<\/li>\n<li>Tecido 100% poli\u00e9ster<\/li>\n<li>Utiliza\u00e7\u00e3o: exterior<\/li>\n<li>Altura m\u00e1xima: 2.40m<\/li>\n<li>Rota\u00e7\u00e3o 360\u00ba<\/li>\n<li>Inclina\u00e7\u00e3o em altura: Sim<\/li>\n<li>Remov\u00edvel: Sim<\/li>\n<li>Repelente de \u00e1gua: Sim<\/li>\n<li>Anti manchas; Sim<\/li>\n<li>Tecido com lareira: Sim<\/li>\n<li>Com saia: Sim<\/li>\n<li>Abertura \/ Fecho com manivela: Sim<\/li>\n<li>Peso do produto: 25 kg<\/li>\n<li>Dimens\u00e3o do mastro: 53 x 77mm<\/li>\n<li>Dimens\u00e3o da haste: 14 x 24mm<\/li>\n<li>N\u00famero de varas: 8<\/li>\n<li>Requer uma montagem de baixa dificuldade<\/li>\n<li>Tamp\u00f5es de pl\u00e1stico nas pernas para proteger o ch\u00e3o<\/li>\n<\/ul>\n","protected":false},"excerpt":{"rendered":"<ul>\n<li>Mastro feito de alum\u00ednio antracite e estrutura de 8 varas<\/li>\n<li>Tecido de poli\u00e9ster cinzento Taup\u00e9, repelente de \u00e1gua<\/li>\n<li>Inclui lareira de ventila\u00e7\u00e3o e manivela para abrir e fechar o guarda-sol<\/li>\n<li>O guarda-sol pode ser rodado 360 graus e pode ser reclinado em altura<\/li>\n<\/ul>\n","protected":false},"featured_media":31814,"comment_status":"closed","ping_status":"closed","template":"","meta":{"_acf_changed":false},"product_brand":[],"product_cat":[431,424],"product_tag":[426,427,447],"class_list":{"0":"post-32885","1":"product","2":"type-product","3":"status-publish","4":"has-post-thumbnail","6":"product_cat-guarda-sois-guarda-sois-e-pergulas","7":"product_cat-guarda-sois-e-pergulas","8":"product_tag-aluminio-pt-pt","9":"product_tag-espacos-amplos","10":"product_tag-milao","11":"product_shipping_class-envio-gratuito-pt-pt","13":"first","14":"outofstock","15":"sale","16":"purchasable","17":"product-type-simple","18":"add-to-wishlist-before_image"},"acf":[],"yoast_head":"<!-- This site is optimized with the Yoast SEO plugin v27.2 - https:\/\/yoast.com\/product\/yoast-seo-wordpress\/ -->\n<title>Estrutura exc\u00eantrica de antracite de tecido antracite taup\u00e9 3x3m - Mil\u00e3o - Kerama<\/title>\n<meta name=\"robots\" content=\"index, follow, max-snippet:-1, max-image-preview:large, max-video-preview:-1\" \/>\n<link rel=\"canonical\" href=\"https:\/\/keramamueblesdejardin.com\/pt-pt\/guarda-sois-e-pergulas\/guarda-sois-guarda-sois-e-pergulas\/guarda-sol-suspenso-com-estrutura-antracite-3x3-milao\/\" \/>\n<meta property=\"og:locale\" content=\"pt_PT\" \/>\n<meta property=\"og:type\" content=\"article\" \/>\n<meta property=\"og:title\" content=\"Estrutura exc\u00eantrica de antracite de tecido antracite taup\u00e9 3x3m - Mil\u00e3o - Kerama\" \/>\n<meta property=\"og:description\" content=\"Mastro feito de alum\u00ednio antracite e estrutura de 8 varas  Tecido de poli\u00e9ster cinzento Taup\u00e9, repelente de \u00e1gua  Inclui lareira de ventila\u00e7\u00e3o e manivela para abrir e fechar o guarda-sol  O guarda-sol pode ser rodado 360 graus e pode ser reclinado em altura\" \/>\n<meta property=\"og:url\" content=\"https:\/\/keramamueblesdejardin.com\/pt-pt\/guarda-sois-e-pergulas\/guarda-sois-guarda-sois-e-pergulas\/guarda-sol-suspenso-com-estrutura-antracite-3x3-milao\/\" \/>\n<meta property=\"og:site_name\" content=\"Kerama\" \/>\n<meta property=\"article:publisher\" content=\"https:\/\/www.facebook.com\/Kerama-Muebles-de-Jard%c3%adn-106209328312568\/\" \/>\n<meta property=\"article:modified_time\" content=\"2023-06-01T09:01:50+00:00\" \/>\n<meta property=\"og:image\" content=\"https:\/\/keramamueblesdejardin.com\/wp-content\/uploads\/2022\/02\/KMJ21291_01-scaled.jpg\" \/>\n\t<meta property=\"og:image:width\" content=\"2560\" \/>\n\t<meta property=\"og:image:height\" content=\"2560\" \/>\n\t<meta property=\"og:image:type\" content=\"image\/jpeg\" \/>\n<meta name=\"twitter:card\" content=\"summary_large_image\" \/>\n<meta name=\"twitter:label1\" content=\"Tempo estimado de leitura\" \/>\n\t<meta name=\"twitter:data1\" content=\"1 minuto\" \/>\n<script type=\"application\/ld+json\" class=\"yoast-schema-graph\">{\"@context\":\"https:\/\/schema.org\",\"@graph\":[{\"@type\":\"WebPage\",\"@id\":\"https:\/\/keramamueblesdejardin.com\/pt-pt\/guarda-sois-e-pergulas\/guarda-sois-guarda-sois-e-pergulas\/guarda-sol-suspenso-com-estrutura-antracite-3x3-milao\/\",\"url\":\"https:\/\/keramamueblesdejardin.com\/pt-pt\/guarda-sois-e-pergulas\/guarda-sois-guarda-sois-e-pergulas\/guarda-sol-suspenso-com-estrutura-antracite-3x3-milao\/\",\"name\":\"Estrutura exc\u00eantrica de antracite de tecido antracite taup\u00e9 3x3m - Mil\u00e3o - Kerama\",\"isPartOf\":{\"@id\":\"https:\/\/keramamueblesdejardin.com\/pt-pt\/#website\"},\"primaryImageOfPage\":{\"@id\":\"https:\/\/keramamueblesdejardin.com\/pt-pt\/guarda-sois-e-pergulas\/guarda-sois-guarda-sois-e-pergulas\/guarda-sol-suspenso-com-estrutura-antracite-3x3-milao\/#primaryimage\"},\"image\":{\"@id\":\"https:\/\/keramamueblesdejardin.com\/pt-pt\/guarda-sois-e-pergulas\/guarda-sois-guarda-sois-e-pergulas\/guarda-sol-suspenso-com-estrutura-antracite-3x3-milao\/#primaryimage\"},\"thumbnailUrl\":\"https:\/\/keramamueblesdejardin.com\/wp-content\/uploads\/2022\/02\/KMJ21291_01-scaled.jpg\",\"datePublished\":\"2022-03-29T13:17:22+00:00\",\"dateModified\":\"2023-06-01T09:01:50+00:00\",\"breadcrumb\":{\"@id\":\"https:\/\/keramamueblesdejardin.com\/pt-pt\/guarda-sois-e-pergulas\/guarda-sois-guarda-sois-e-pergulas\/guarda-sol-suspenso-com-estrutura-antracite-3x3-milao\/#breadcrumb\"},\"inLanguage\":\"pt-PT\",\"potentialAction\":[{\"@type\":\"ReadAction\",\"target\":[\"https:\/\/keramamueblesdejardin.com\/pt-pt\/guarda-sois-e-pergulas\/guarda-sois-guarda-sois-e-pergulas\/guarda-sol-suspenso-com-estrutura-antracite-3x3-milao\/\"]}]},{\"@type\":\"ImageObject\",\"inLanguage\":\"pt-PT\",\"@id\":\"https:\/\/keramamueblesdejardin.com\/pt-pt\/guarda-sois-e-pergulas\/guarda-sois-guarda-sois-e-pergulas\/guarda-sol-suspenso-com-estrutura-antracite-3x3-milao\/#primaryimage\",\"url\":\"https:\/\/keramamueblesdejardin.com\/wp-content\/uploads\/2022\/02\/KMJ21291_01-scaled.jpg\",\"contentUrl\":\"https:\/\/keramamueblesdejardin.com\/wp-content\/uploads\/2022\/02\/KMJ21291_01-scaled.jpg\",\"width\":2560,\"height\":2560},{\"@type\":\"BreadcrumbList\",\"@id\":\"https:\/\/keramamueblesdejardin.com\/pt-pt\/guarda-sois-e-pergulas\/guarda-sois-guarda-sois-e-pergulas\/guarda-sol-suspenso-com-estrutura-antracite-3x3-milao\/#breadcrumb\",\"itemListElement\":[{\"@type\":\"ListItem\",\"position\":1,\"name\":\"Home\",\"item\":\"https:\/\/keramamueblesdejardin.com\/pt-pt\/\"},{\"@type\":\"ListItem\",\"position\":2,\"name\":\"Tienda\",\"item\":\"https:\/\/keramamueblesdejardin.com\/pt-pt\/tienda-2\/\"},{\"@type\":\"ListItem\",\"position\":3,\"name\":\"Guarda-s\u00f3is e p\u00e9rgulas\",\"item\":\"https:\/\/keramamueblesdejardin.com\/pt-pt\/guarda-sois-e-pergulas\/\"},{\"@type\":\"ListItem\",\"position\":4,\"name\":\"Guarda-s\u00f3is\",\"item\":\"https:\/\/keramamueblesdejardin.com\/pt-pt\/guarda-sois-e-pergulas\/guarda-sois-guarda-sois-e-pergulas\/\"},{\"@type\":\"ListItem\",\"position\":5,\"name\":\"Estrutura exc\u00eantrica de antracite de tecido antracite taup\u00e9 3x3m &#8211; Mil\u00e3o\"}]},{\"@type\":\"WebSite\",\"@id\":\"https:\/\/keramamueblesdejardin.com\/pt-pt\/#website\",\"url\":\"https:\/\/keramamueblesdejardin.com\/pt-pt\/\",\"name\":\"Kerama\",\"description\":\"muebles de jard\u00edn\",\"publisher\":{\"@id\":\"https:\/\/keramamueblesdejardin.com\/pt-pt\/#organization\"},\"potentialAction\":[{\"@type\":\"SearchAction\",\"target\":{\"@type\":\"EntryPoint\",\"urlTemplate\":\"https:\/\/keramamueblesdejardin.com\/pt-pt\/?s={search_term_string}\"},\"query-input\":{\"@type\":\"PropertyValueSpecification\",\"valueRequired\":true,\"valueName\":\"search_term_string\"}}],\"inLanguage\":\"pt-PT\"},{\"@type\":\"Organization\",\"@id\":\"https:\/\/keramamueblesdejardin.com\/pt-pt\/#organization\",\"name\":\"kerama\",\"url\":\"https:\/\/keramamueblesdejardin.com\/pt-pt\/\",\"logo\":{\"@type\":\"ImageObject\",\"inLanguage\":\"pt-PT\",\"@id\":\"https:\/\/keramamueblesdejardin.com\/pt-pt\/#\/schema\/logo\/image\/\",\"url\":\"https:\/\/keramamueblesdejardin.com\/wp-content\/uploads\/2020\/12\/k.-scaled.jpg\",\"contentUrl\":\"https:\/\/keramamueblesdejardin.com\/wp-content\/uploads\/2020\/12\/k.-scaled.jpg\",\"width\":2560,\"height\":551,\"caption\":\"kerama\"},\"image\":{\"@id\":\"https:\/\/keramamueblesdejardin.com\/pt-pt\/#\/schema\/logo\/image\/\"},\"sameAs\":[\"https:\/\/www.facebook.com\/Kerama-Muebles-de-Jard\u00edn-106209328312568\/\"]}]}<\/script>\n<!-- \/ Yoast SEO plugin. -->","yoast_head_json":{"title":"Estrutura exc\u00eantrica de antracite de tecido antracite taup\u00e9 3x3m - Mil\u00e3o - Kerama","robots":{"index":"index","follow":"follow","max-snippet":"max-snippet:-1","max-image-preview":"max-image-preview:large","max-video-preview":"max-video-preview:-1"},"canonical":"https:\/\/keramamueblesdejardin.com\/pt-pt\/guarda-sois-e-pergulas\/guarda-sois-guarda-sois-e-pergulas\/guarda-sol-suspenso-com-estrutura-antracite-3x3-milao\/","og_locale":"pt_PT","og_type":"article","og_title":"Estrutura exc\u00eantrica de antracite de tecido antracite taup\u00e9 3x3m - Mil\u00e3o - Kerama","og_description":"Mastro feito de alum\u00ednio antracite e estrutura de 8 varas  Tecido de poli\u00e9ster cinzento Taup\u00e9, repelente de \u00e1gua  Inclui lareira de ventila\u00e7\u00e3o e manivela para abrir e fechar o guarda-sol  O guarda-sol pode ser rodado 360 graus e pode ser reclinado em altura","og_url":"https:\/\/keramamueblesdejardin.com\/pt-pt\/guarda-sois-e-pergulas\/guarda-sois-guarda-sois-e-pergulas\/guarda-sol-suspenso-com-estrutura-antracite-3x3-milao\/","og_site_name":"Kerama","article_publisher":"https:\/\/www.facebook.com\/Kerama-Muebles-de-Jard%c3%adn-106209328312568\/","article_modified_time":"2023-06-01T09:01:50+00:00","og_image":[{"width":2560,"height":2560,"url":"https:\/\/keramamueblesdejardin.com\/wp-content\/uploads\/2022\/02\/KMJ21291_01-scaled.jpg","type":"image\/jpeg"}],"twitter_card":"summary_large_image","twitter_misc":{"Tempo estimado de leitura":"1 minuto"},"schema":{"@context":"https:\/\/schema.org","@graph":[{"@type":"WebPage","@id":"https:\/\/keramamueblesdejardin.com\/pt-pt\/guarda-sois-e-pergulas\/guarda-sois-guarda-sois-e-pergulas\/guarda-sol-suspenso-com-estrutura-antracite-3x3-milao\/","url":"https:\/\/keramamueblesdejardin.com\/pt-pt\/guarda-sois-e-pergulas\/guarda-sois-guarda-sois-e-pergulas\/guarda-sol-suspenso-com-estrutura-antracite-3x3-milao\/","name":"Estrutura exc\u00eantrica de antracite de tecido antracite taup\u00e9 3x3m - Mil\u00e3o - Kerama","isPartOf":{"@id":"https:\/\/keramamueblesdejardin.com\/pt-pt\/#website"},"primaryImageOfPage":{"@id":"https:\/\/keramamueblesdejardin.com\/pt-pt\/guarda-sois-e-pergulas\/guarda-sois-guarda-sois-e-pergulas\/guarda-sol-suspenso-com-estrutura-antracite-3x3-milao\/#primaryimage"},"image":{"@id":"https:\/\/keramamueblesdejardin.com\/pt-pt\/guarda-sois-e-pergulas\/guarda-sois-guarda-sois-e-pergulas\/guarda-sol-suspenso-com-estrutura-antracite-3x3-milao\/#primaryimage"},"thumbnailUrl":"https:\/\/keramamueblesdejardin.com\/wp-content\/uploads\/2022\/02\/KMJ21291_01-scaled.jpg","datePublished":"2022-03-29T13:17:22+00:00","dateModified":"2023-06-01T09:01:50+00:00","breadcrumb":{"@id":"https:\/\/keramamueblesdejardin.com\/pt-pt\/guarda-sois-e-pergulas\/guarda-sois-guarda-sois-e-pergulas\/guarda-sol-suspenso-com-estrutura-antracite-3x3-milao\/#breadcrumb"},"inLanguage":"pt-PT","potentialAction":[{"@type":"ReadAction","target":["https:\/\/keramamueblesdejardin.com\/pt-pt\/guarda-sois-e-pergulas\/guarda-sois-guarda-sois-e-pergulas\/guarda-sol-suspenso-com-estrutura-antracite-3x3-milao\/"]}]},{"@type":"ImageObject","inLanguage":"pt-PT","@id":"https:\/\/keramamueblesdejardin.com\/pt-pt\/guarda-sois-e-pergulas\/guarda-sois-guarda-sois-e-pergulas\/guarda-sol-suspenso-com-estrutura-antracite-3x3-milao\/#primaryimage","url":"https:\/\/keramamueblesdejardin.com\/wp-content\/uploads\/2022\/02\/KMJ21291_01-scaled.jpg","contentUrl":"https:\/\/keramamueblesdejardin.com\/wp-content\/uploads\/2022\/02\/KMJ21291_01-scaled.jpg","width":2560,"height":2560},{"@type":"BreadcrumbList","@id":"https:\/\/keramamueblesdejardin.com\/pt-pt\/guarda-sois-e-pergulas\/guarda-sois-guarda-sois-e-pergulas\/guarda-sol-suspenso-com-estrutura-antracite-3x3-milao\/#breadcrumb","itemListElement":[{"@type":"ListItem","position":1,"name":"Home","item":"https:\/\/keramamueblesdejardin.com\/pt-pt\/"},{"@type":"ListItem","position":2,"name":"Tienda","item":"https:\/\/keramamueblesdejardin.com\/pt-pt\/tienda-2\/"},{"@type":"ListItem","position":3,"name":"Guarda-s\u00f3is e p\u00e9rgulas","item":"https:\/\/keramamueblesdejardin.com\/pt-pt\/guarda-sois-e-pergulas\/"},{"@type":"ListItem","position":4,"name":"Guarda-s\u00f3is","item":"https:\/\/keramamueblesdejardin.com\/pt-pt\/guarda-sois-e-pergulas\/guarda-sois-guarda-sois-e-pergulas\/"},{"@type":"ListItem","position":5,"name":"Estrutura exc\u00eantrica de antracite de tecido antracite taup\u00e9 3x3m &#8211; Mil\u00e3o"}]},{"@type":"WebSite","@id":"https:\/\/keramamueblesdejardin.com\/pt-pt\/#website","url":"https:\/\/keramamueblesdejardin.com\/pt-pt\/","name":"Kerama","description":"muebles de jard\u00edn","publisher":{"@id":"https:\/\/keramamueblesdejardin.com\/pt-pt\/#organization"},"potentialAction":[{"@type":"SearchAction","target":{"@type":"EntryPoint","urlTemplate":"https:\/\/keramamueblesdejardin.com\/pt-pt\/?s={search_term_string}"},"query-input":{"@type":"PropertyValueSpecification","valueRequired":true,"valueName":"search_term_string"}}],"inLanguage":"pt-PT"},{"@type":"Organization","@id":"https:\/\/keramamueblesdejardin.com\/pt-pt\/#organization","name":"kerama","url":"https:\/\/keramamueblesdejardin.com\/pt-pt\/","logo":{"@type":"ImageObject","inLanguage":"pt-PT","@id":"https:\/\/keramamueblesdejardin.com\/pt-pt\/#\/schema\/logo\/image\/","url":"https:\/\/keramamueblesdejardin.com\/wp-content\/uploads\/2020\/12\/k.-scaled.jpg","contentUrl":"https:\/\/keramamueblesdejardin.com\/wp-content\/uploads\/2020\/12\/k.-scaled.jpg","width":2560,"height":551,"caption":"kerama"},"image":{"@id":"https:\/\/keramamueblesdejardin.com\/pt-pt\/#\/schema\/logo\/image\/"},"sameAs":["https:\/\/www.facebook.com\/Kerama-Muebles-de-Jard\u00edn-106209328312568\/"]}]}},"df_price":445,"df_sale_price":445,"df_regular_price":699,"df_image_link":"https:\/\/keramamueblesdejardin.com\/wp-content\/uploads\/2022\/02\/KMJ21291_01-300x300.jpg","custom_tabs":[{"title":"MEDI\u00c7\u00c3O","id":"medi\u00e7\u00e3o","content":"<div class=\"list\"><span style=\"color: #282828;\">Altura m\u00e1xima: 2,40 m<\/span><br style=\"color: #282828;\">Largura do tecido: 3 m<br style=\"color: #282828;\">Comprimento do tecido: 3 m<br style=\"color: #282828;\"><span style=\"color: #282828;\">Dimens\u00e3o do mastro: 53 x 77 mm<\/span><br style=\"color: #282828;\"><span style=\"color: #282828;\">Dimens\u00e3o da haste: 14 x 24 mm<\/span><br style=\"color: #282828;\"><span style=\"color: #282828;\">N\u00famero de varas: 8<\/span><br style=\"color: #282828;\">Peso do produto: 25 kg<br style=\"color: #282828;\"><span style=\"color: #282828;\">Rota\u00e7\u00e3o: 360\u00ba<\/span><br style=\"color: #282828;\"><span style=\"color: #282828;\">Inclina\u00e7\u00e3o: Sim<\/span><\/div>"},{"title":"MANUTEN\u00c7\u00c3O E GARANTIAS","id":"manutencao-e-garantias","content":"<div class=\"moz-signature\">\n<div class=\"list\"><strong>Recomenda\u00e7\u00f5es gerais:<\/strong>\n\u2022 Avarias ou danos causados por:\n\u2022 Causas acidentais como quedas, golpes, derrame de l\u00edquidos, introdu\u00e7\u00e3o de corpos estranhos, bem como qualquer outro caso de for\u00e7a maior.\n\u2022 Utiliza\u00e7\u00e3o negligente, impr\u00f3pria ou n\u00e3o dom\u00e9stica.\n\u2022 Danos, corros\u00e3o e\/ou oxida\u00e7\u00e3o acelerados por condi\u00e7\u00f5es ambientais adversas\n\u2022 Manchas e descolora\u00e7\u00f5es devido ao n\u00e3o respeito dos nossos slogans de limpeza\n\u2022 Os danos ocorreram durante a montagem e o manuseamento sem ter seguido as instru\u00e7\u00f5es de montagem indicadas.\n<strong>Instru\u00e7\u00f5es de utiliza\u00e7\u00e3o e manuten\u00e7\u00e3o:<\/strong>\n\u2022 Limpe com a ajuda de um pano suavemente ou utilize um sab\u00e3o l\u00edquido neutro, enxaguando com muita \u00e1gua.\n\u2022 Retire regularmente o p\u00f3 com a ajuda de um pano macio e \u00e1gua l\u00edmpia.\n\u2022 N\u00e3o utilize detergentes ou produtos abrasivos para a limpeza.\n<strong>Anos de garantia:<\/strong> 3 anos\n<strong>Fabricado de acordo com a Norma:<\/strong> 581-1.581-2.581-3<\/div>\n<\/div>"}],"_links":{"self":[{"href":"https:\/\/keramamueblesdejardin.com\/pt-pt\/wp-json\/wp\/v2\/product\/32885","targetHints":{"allow":["GET"]}}],"collection":[{"href":"https:\/\/keramamueblesdejardin.com\/pt-pt\/wp-json\/wp\/v2\/product"}],"about":[{"href":"https:\/\/keramamueblesdejardin.com\/pt-pt\/wp-json\/wp\/v2\/types\/product"}],"replies":[{"embeddable":true,"href":"https:\/\/keramamueblesdejardin.com\/pt-pt\/wp-json\/wp\/v2\/comments?post=32885"}],"wp:featuredmedia":[{"embeddable":true,"href":"https:\/\/keramamueblesdejardin.com\/pt-pt\/wp-json\/wp\/v2\/media\/31814"}],"wp:attachment":[{"href":"https:\/\/keramamueblesdejardin.com\/pt-pt\/wp-json\/wp\/v2\/media?parent=32885"}],"wp:term":[{"taxonomy":"product_brand","embeddable":true,"href":"https:\/\/keramamueblesdejardin.com\/pt-pt\/wp-json\/wp\/v2\/product_brand?post=32885"},{"taxonomy":"product_cat","embeddable":true,"href":"https:\/\/keramamueblesdejardin.com\/pt-pt\/wp-json\/wp\/v2\/product_cat?post=32885"},{"taxonomy":"product_tag","embeddable":true,"href":"https:\/\/keramamueblesdejardin.com\/pt-pt\/wp-json\/wp\/v2\/product_tag?post=32885"}],"curies":[{"name":"wp","href":"https:\/\/api.w.org\/{rel}","templated":true}]}}