{"id":32883,"date":"2022-03-07T11:36:11","date_gmt":"2022-03-07T10:36:11","guid":{"rendered":"https:\/\/keramamueblesdejardin.com\/uncategorized\/tecido-textil-a-metros-de-largura-180-cm-color-stripes-amarelo-branco\/"},"modified":"2023-08-30T09:16:14","modified_gmt":"2023-08-30T07:16:14","slug":"tecido-textil-a-metros-largura-180-cm-cor-listras-amarelo-branco","status":"publish","type":"product","link":"https:\/\/keramamueblesdejardin.com\/pt-pt\/acessorios-ao-ar-livre\/tecido-a-metros\/tecido-textil-a-metros-largura-180-cm-cor-listras-amarelo-branco\/","title":{"rendered":"Tecido t\u00eaxtil a metros de largura 180 cm &#8211; Color Stripes amarelo \/branco"},"content":{"rendered":"<p>T\u00eaxtil para as filmagens. S\u00f3 fornecemos o tecido.<br \/>\nEste produto N\u00c3O \u00e9 reemej\u00e1vel.<br \/>\nPre\u00e7o por metro linear.<br \/>\nDimens\u00e3o : Largura 180cm. T\u00eaxtil espesso (2&#215;1 fios)<\/p>\n","protected":false},"excerpt":{"rendered":"<p>T\u00eaxtil para as filmagens. S\u00f3 fornecemos o tecido.<br \/>\nEste produto N\u00c3O \u00e9 reemej\u00e1vel.<br \/>\nPre\u00e7o por metro linear.<br \/>\nDimens\u00e3o : Largura 180cm. T\u00eaxtil espesso (2&#215;1 fios)<\/p>\n","protected":false},"featured_media":31836,"comment_status":"closed","ping_status":"open","template":"","meta":{"_acf_changed":false},"product_brand":[],"product_cat":[415,423],"product_tag":[],"class_list":{"0":"post-32883","1":"product","2":"type-product","3":"status-publish","4":"has-post-thumbnail","6":"product_cat-acessorios-ao-ar-livre","7":"product_cat-tecido-a-metros","8":"product_shipping_class-envio-gratuito-pt-pt","9":"pa_coleccion-tecido-textil","10":"pa_material-textileno-pt-pt","12":"first","13":"instock","14":"sale","15":"purchasable","16":"product-type-simple","17":"add-to-wishlist-before_image"},"acf":[],"yoast_head":"<!-- This site is optimized with the Yoast SEO plugin v27.2 - https:\/\/yoast.com\/product\/yoast-seo-wordpress\/ -->\n<title>Tecido t\u00eaxtil a metros de largura 180 cm - Color Stripes amarelo \/branco - Kerama<\/title>\n<meta name=\"robots\" content=\"index, follow, max-snippet:-1, max-image-preview:large, max-video-preview:-1\" \/>\n<link rel=\"canonical\" href=\"https:\/\/keramamueblesdejardin.com\/pt-pt\/acessorios-ao-ar-livre\/tecido-a-metros\/tecido-textil-a-metros-largura-180-cm-cor-listras-amarelo-branco\/\" \/>\n<meta property=\"og:locale\" content=\"pt_PT\" \/>\n<meta property=\"og:type\" content=\"article\" \/>\n<meta property=\"og:title\" content=\"Tecido t\u00eaxtil a metros de largura 180 cm - Color Stripes amarelo \/branco - Kerama\" \/>\n<meta property=\"og:description\" content=\"T\u00eaxtil para as filmagens. S\u00f3 fornecemos o tecido. Este produto N\u00c3O \u00e9 reemej\u00e1vel. Pre\u00e7o por metro linear. Dimens\u00e3o : Largura 180cm. T\u00eaxtil espesso (2x1 fios)\" \/>\n<meta property=\"og:url\" content=\"https:\/\/keramamueblesdejardin.com\/pt-pt\/acessorios-ao-ar-livre\/tecido-a-metros\/tecido-textil-a-metros-largura-180-cm-cor-listras-amarelo-branco\/\" \/>\n<meta property=\"og:site_name\" content=\"Kerama\" \/>\n<meta property=\"article:publisher\" content=\"https:\/\/www.facebook.com\/Kerama-Muebles-de-Jard%c3%adn-106209328312568\/\" \/>\n<meta property=\"article:modified_time\" content=\"2023-08-30T07:16:14+00:00\" \/>\n<meta property=\"og:image\" content=\"https:\/\/keramamueblesdejardin.com\/wp-content\/uploads\/2022\/03\/IMG_7749.jpg\" \/>\n\t<meta property=\"og:image:width\" content=\"1500\" \/>\n\t<meta property=\"og:image:height\" content=\"2000\" \/>\n\t<meta property=\"og:image:type\" content=\"image\/jpeg\" \/>\n<meta name=\"twitter:card\" content=\"summary_large_image\" \/>\n<script type=\"application\/ld+json\" class=\"yoast-schema-graph\">{\"@context\":\"https:\/\/schema.org\",\"@graph\":[{\"@type\":\"WebPage\",\"@id\":\"https:\/\/keramamueblesdejardin.com\/pt-pt\/acessorios-ao-ar-livre\/tecido-a-metros\/tecido-textil-a-metros-largura-180-cm-cor-listras-amarelo-branco\/\",\"url\":\"https:\/\/keramamueblesdejardin.com\/pt-pt\/acessorios-ao-ar-livre\/tecido-a-metros\/tecido-textil-a-metros-largura-180-cm-cor-listras-amarelo-branco\/\",\"name\":\"Tecido t\u00eaxtil a metros de largura 180 cm - Color Stripes amarelo \/branco - Kerama\",\"isPartOf\":{\"@id\":\"https:\/\/keramamueblesdejardin.com\/pt-pt\/#website\"},\"primaryImageOfPage\":{\"@id\":\"https:\/\/keramamueblesdejardin.com\/pt-pt\/acessorios-ao-ar-livre\/tecido-a-metros\/tecido-textil-a-metros-largura-180-cm-cor-listras-amarelo-branco\/#primaryimage\"},\"image\":{\"@id\":\"https:\/\/keramamueblesdejardin.com\/pt-pt\/acessorios-ao-ar-livre\/tecido-a-metros\/tecido-textil-a-metros-largura-180-cm-cor-listras-amarelo-branco\/#primaryimage\"},\"thumbnailUrl\":\"https:\/\/keramamueblesdejardin.com\/wp-content\/uploads\/2022\/03\/IMG_7749.jpg\",\"datePublished\":\"2022-03-07T10:36:11+00:00\",\"dateModified\":\"2023-08-30T07:16:14+00:00\",\"breadcrumb\":{\"@id\":\"https:\/\/keramamueblesdejardin.com\/pt-pt\/acessorios-ao-ar-livre\/tecido-a-metros\/tecido-textil-a-metros-largura-180-cm-cor-listras-amarelo-branco\/#breadcrumb\"},\"inLanguage\":\"pt-PT\",\"potentialAction\":[{\"@type\":\"ReadAction\",\"target\":[\"https:\/\/keramamueblesdejardin.com\/pt-pt\/acessorios-ao-ar-livre\/tecido-a-metros\/tecido-textil-a-metros-largura-180-cm-cor-listras-amarelo-branco\/\"]}]},{\"@type\":\"ImageObject\",\"inLanguage\":\"pt-PT\",\"@id\":\"https:\/\/keramamueblesdejardin.com\/pt-pt\/acessorios-ao-ar-livre\/tecido-a-metros\/tecido-textil-a-metros-largura-180-cm-cor-listras-amarelo-branco\/#primaryimage\",\"url\":\"https:\/\/keramamueblesdejardin.com\/wp-content\/uploads\/2022\/03\/IMG_7749.jpg\",\"contentUrl\":\"https:\/\/keramamueblesdejardin.com\/wp-content\/uploads\/2022\/03\/IMG_7749.jpg\",\"width\":1500,\"height\":2000},{\"@type\":\"BreadcrumbList\",\"@id\":\"https:\/\/keramamueblesdejardin.com\/pt-pt\/acessorios-ao-ar-livre\/tecido-a-metros\/tecido-textil-a-metros-largura-180-cm-cor-listras-amarelo-branco\/#breadcrumb\",\"itemListElement\":[{\"@type\":\"ListItem\",\"position\":1,\"name\":\"Home\",\"item\":\"https:\/\/keramamueblesdejardin.com\/pt-pt\/\"},{\"@type\":\"ListItem\",\"position\":2,\"name\":\"Tienda\",\"item\":\"https:\/\/keramamueblesdejardin.com\/pt-pt\/tienda-2\/\"},{\"@type\":\"ListItem\",\"position\":3,\"name\":\"Acess\u00f3rios ao ar livre\",\"item\":\"https:\/\/keramamueblesdejardin.com\/pt-pt\/acessorios-ao-ar-livre\/\"},{\"@type\":\"ListItem\",\"position\":4,\"name\":\"Tecido a metros\",\"item\":\"https:\/\/keramamueblesdejardin.com\/pt-pt\/acessorios-ao-ar-livre\/tecido-a-metros\/\"},{\"@type\":\"ListItem\",\"position\":5,\"name\":\"Tecido t\u00eaxtil a metros de largura 180 cm &#8211; Color Stripes amarelo \/branco\"}]},{\"@type\":\"WebSite\",\"@id\":\"https:\/\/keramamueblesdejardin.com\/pt-pt\/#website\",\"url\":\"https:\/\/keramamueblesdejardin.com\/pt-pt\/\",\"name\":\"Kerama\",\"description\":\"muebles de jard\u00edn\",\"publisher\":{\"@id\":\"https:\/\/keramamueblesdejardin.com\/pt-pt\/#organization\"},\"potentialAction\":[{\"@type\":\"SearchAction\",\"target\":{\"@type\":\"EntryPoint\",\"urlTemplate\":\"https:\/\/keramamueblesdejardin.com\/pt-pt\/?s={search_term_string}\"},\"query-input\":{\"@type\":\"PropertyValueSpecification\",\"valueRequired\":true,\"valueName\":\"search_term_string\"}}],\"inLanguage\":\"pt-PT\"},{\"@type\":\"Organization\",\"@id\":\"https:\/\/keramamueblesdejardin.com\/pt-pt\/#organization\",\"name\":\"kerama\",\"url\":\"https:\/\/keramamueblesdejardin.com\/pt-pt\/\",\"logo\":{\"@type\":\"ImageObject\",\"inLanguage\":\"pt-PT\",\"@id\":\"https:\/\/keramamueblesdejardin.com\/pt-pt\/#\/schema\/logo\/image\/\",\"url\":\"https:\/\/keramamueblesdejardin.com\/wp-content\/uploads\/2020\/12\/k.-scaled.jpg\",\"contentUrl\":\"https:\/\/keramamueblesdejardin.com\/wp-content\/uploads\/2020\/12\/k.-scaled.jpg\",\"width\":2560,\"height\":551,\"caption\":\"kerama\"},\"image\":{\"@id\":\"https:\/\/keramamueblesdejardin.com\/pt-pt\/#\/schema\/logo\/image\/\"},\"sameAs\":[\"https:\/\/www.facebook.com\/Kerama-Muebles-de-Jard\u00edn-106209328312568\/\"]}]}<\/script>\n<!-- \/ Yoast SEO plugin. -->","yoast_head_json":{"title":"Tecido t\u00eaxtil a metros de largura 180 cm - Color Stripes amarelo \/branco - Kerama","robots":{"index":"index","follow":"follow","max-snippet":"max-snippet:-1","max-image-preview":"max-image-preview:large","max-video-preview":"max-video-preview:-1"},"canonical":"https:\/\/keramamueblesdejardin.com\/pt-pt\/acessorios-ao-ar-livre\/tecido-a-metros\/tecido-textil-a-metros-largura-180-cm-cor-listras-amarelo-branco\/","og_locale":"pt_PT","og_type":"article","og_title":"Tecido t\u00eaxtil a metros de largura 180 cm - Color Stripes amarelo \/branco - Kerama","og_description":"T\u00eaxtil para as filmagens. S\u00f3 fornecemos o tecido. Este produto N\u00c3O \u00e9 reemej\u00e1vel. Pre\u00e7o por metro linear. Dimens\u00e3o : Largura 180cm. T\u00eaxtil espesso (2x1 fios)","og_url":"https:\/\/keramamueblesdejardin.com\/pt-pt\/acessorios-ao-ar-livre\/tecido-a-metros\/tecido-textil-a-metros-largura-180-cm-cor-listras-amarelo-branco\/","og_site_name":"Kerama","article_publisher":"https:\/\/www.facebook.com\/Kerama-Muebles-de-Jard%c3%adn-106209328312568\/","article_modified_time":"2023-08-30T07:16:14+00:00","og_image":[{"width":1500,"height":2000,"url":"https:\/\/keramamueblesdejardin.com\/wp-content\/uploads\/2022\/03\/IMG_7749.jpg","type":"image\/jpeg"}],"twitter_card":"summary_large_image","schema":{"@context":"https:\/\/schema.org","@graph":[{"@type":"WebPage","@id":"https:\/\/keramamueblesdejardin.com\/pt-pt\/acessorios-ao-ar-livre\/tecido-a-metros\/tecido-textil-a-metros-largura-180-cm-cor-listras-amarelo-branco\/","url":"https:\/\/keramamueblesdejardin.com\/pt-pt\/acessorios-ao-ar-livre\/tecido-a-metros\/tecido-textil-a-metros-largura-180-cm-cor-listras-amarelo-branco\/","name":"Tecido t\u00eaxtil a metros de largura 180 cm - Color Stripes amarelo \/branco - Kerama","isPartOf":{"@id":"https:\/\/keramamueblesdejardin.com\/pt-pt\/#website"},"primaryImageOfPage":{"@id":"https:\/\/keramamueblesdejardin.com\/pt-pt\/acessorios-ao-ar-livre\/tecido-a-metros\/tecido-textil-a-metros-largura-180-cm-cor-listras-amarelo-branco\/#primaryimage"},"image":{"@id":"https:\/\/keramamueblesdejardin.com\/pt-pt\/acessorios-ao-ar-livre\/tecido-a-metros\/tecido-textil-a-metros-largura-180-cm-cor-listras-amarelo-branco\/#primaryimage"},"thumbnailUrl":"https:\/\/keramamueblesdejardin.com\/wp-content\/uploads\/2022\/03\/IMG_7749.jpg","datePublished":"2022-03-07T10:36:11+00:00","dateModified":"2023-08-30T07:16:14+00:00","breadcrumb":{"@id":"https:\/\/keramamueblesdejardin.com\/pt-pt\/acessorios-ao-ar-livre\/tecido-a-metros\/tecido-textil-a-metros-largura-180-cm-cor-listras-amarelo-branco\/#breadcrumb"},"inLanguage":"pt-PT","potentialAction":[{"@type":"ReadAction","target":["https:\/\/keramamueblesdejardin.com\/pt-pt\/acessorios-ao-ar-livre\/tecido-a-metros\/tecido-textil-a-metros-largura-180-cm-cor-listras-amarelo-branco\/"]}]},{"@type":"ImageObject","inLanguage":"pt-PT","@id":"https:\/\/keramamueblesdejardin.com\/pt-pt\/acessorios-ao-ar-livre\/tecido-a-metros\/tecido-textil-a-metros-largura-180-cm-cor-listras-amarelo-branco\/#primaryimage","url":"https:\/\/keramamueblesdejardin.com\/wp-content\/uploads\/2022\/03\/IMG_7749.jpg","contentUrl":"https:\/\/keramamueblesdejardin.com\/wp-content\/uploads\/2022\/03\/IMG_7749.jpg","width":1500,"height":2000},{"@type":"BreadcrumbList","@id":"https:\/\/keramamueblesdejardin.com\/pt-pt\/acessorios-ao-ar-livre\/tecido-a-metros\/tecido-textil-a-metros-largura-180-cm-cor-listras-amarelo-branco\/#breadcrumb","itemListElement":[{"@type":"ListItem","position":1,"name":"Home","item":"https:\/\/keramamueblesdejardin.com\/pt-pt\/"},{"@type":"ListItem","position":2,"name":"Tienda","item":"https:\/\/keramamueblesdejardin.com\/pt-pt\/tienda-2\/"},{"@type":"ListItem","position":3,"name":"Acess\u00f3rios ao ar livre","item":"https:\/\/keramamueblesdejardin.com\/pt-pt\/acessorios-ao-ar-livre\/"},{"@type":"ListItem","position":4,"name":"Tecido a metros","item":"https:\/\/keramamueblesdejardin.com\/pt-pt\/acessorios-ao-ar-livre\/tecido-a-metros\/"},{"@type":"ListItem","position":5,"name":"Tecido t\u00eaxtil a metros de largura 180 cm &#8211; Color Stripes amarelo \/branco"}]},{"@type":"WebSite","@id":"https:\/\/keramamueblesdejardin.com\/pt-pt\/#website","url":"https:\/\/keramamueblesdejardin.com\/pt-pt\/","name":"Kerama","description":"muebles de jard\u00edn","publisher":{"@id":"https:\/\/keramamueblesdejardin.com\/pt-pt\/#organization"},"potentialAction":[{"@type":"SearchAction","target":{"@type":"EntryPoint","urlTemplate":"https:\/\/keramamueblesdejardin.com\/pt-pt\/?s={search_term_string}"},"query-input":{"@type":"PropertyValueSpecification","valueRequired":true,"valueName":"search_term_string"}}],"inLanguage":"pt-PT"},{"@type":"Organization","@id":"https:\/\/keramamueblesdejardin.com\/pt-pt\/#organization","name":"kerama","url":"https:\/\/keramamueblesdejardin.com\/pt-pt\/","logo":{"@type":"ImageObject","inLanguage":"pt-PT","@id":"https:\/\/keramamueblesdejardin.com\/pt-pt\/#\/schema\/logo\/image\/","url":"https:\/\/keramamueblesdejardin.com\/wp-content\/uploads\/2020\/12\/k.-scaled.jpg","contentUrl":"https:\/\/keramamueblesdejardin.com\/wp-content\/uploads\/2020\/12\/k.-scaled.jpg","width":2560,"height":551,"caption":"kerama"},"image":{"@id":"https:\/\/keramamueblesdejardin.com\/pt-pt\/#\/schema\/logo\/image\/"},"sameAs":["https:\/\/www.facebook.com\/Kerama-Muebles-de-Jard\u00edn-106209328312568\/"]}]}},"df_price":39,"df_sale_price":39,"df_regular_price":51,"df_image_link":"https:\/\/keramamueblesdejardin.com\/wp-content\/uploads\/2022\/03\/IMG_7749-225x300.jpg","custom_tabs":"","_links":{"self":[{"href":"https:\/\/keramamueblesdejardin.com\/pt-pt\/wp-json\/wp\/v2\/product\/32883","targetHints":{"allow":["GET"]}}],"collection":[{"href":"https:\/\/keramamueblesdejardin.com\/pt-pt\/wp-json\/wp\/v2\/product"}],"about":[{"href":"https:\/\/keramamueblesdejardin.com\/pt-pt\/wp-json\/wp\/v2\/types\/product"}],"replies":[{"embeddable":true,"href":"https:\/\/keramamueblesdejardin.com\/pt-pt\/wp-json\/wp\/v2\/comments?post=32883"}],"wp:featuredmedia":[{"embeddable":true,"href":"https:\/\/keramamueblesdejardin.com\/pt-pt\/wp-json\/wp\/v2\/media\/31836"}],"wp:attachment":[{"href":"https:\/\/keramamueblesdejardin.com\/pt-pt\/wp-json\/wp\/v2\/media?parent=32883"}],"wp:term":[{"taxonomy":"product_brand","embeddable":true,"href":"https:\/\/keramamueblesdejardin.com\/pt-pt\/wp-json\/wp\/v2\/product_brand?post=32883"},{"taxonomy":"product_cat","embeddable":true,"href":"https:\/\/keramamueblesdejardin.com\/pt-pt\/wp-json\/wp\/v2\/product_cat?post=32883"},{"taxonomy":"product_tag","embeddable":true,"href":"https:\/\/keramamueblesdejardin.com\/pt-pt\/wp-json\/wp\/v2\/product_tag?post=32883"}],"curies":[{"name":"wp","href":"https:\/\/api.w.org\/{rel}","templated":true}]}}