{"id":216833,"date":"2026-04-02T10:53:37","date_gmt":"2026-04-02T08:53:37","guid":{"rendered":"https:\/\/keramamueblesdejardin.com\/sem categoria\/pacote-de-2-espreguicadeiras-brancas-de-aluminio-e-textil-de-secagem-rapida-rena\/"},"modified":"2026-04-02T10:53:37","modified_gmt":"2026-04-02T08:53:37","slug":"pacote-de-2-espreguicadeiras-brancas-de-aluminio-e-textil-de-secagem-rapida-rena","status":"publish","type":"product","link":"https:\/\/keramamueblesdejardin.com\/pt-pt\/espreguicadeiras-e-descanso\/pacote-de-2-espreguicadeiras-brancas-de-aluminio-e-textil-de-secagem-rapida-rena\/","title":{"rendered":"Pacote de 2 espregui\u00e7adeiras brancas de alum\u00ednio e t\u00eaxtil de secagem r\u00e1pida &#8211; Rena"},"content":{"rendered":"<p>Pacote de duas espregui\u00e7adeiras de alum\u00ednio com rodas em t\u00eaxtil almofadado e espuma de secagem r\u00e1pida.<\/p>\n<p>Medidas: 197x68x40cm<\/p>\n","protected":false},"excerpt":{"rendered":"<ul>\n<li>Pacote de 2 espregui\u00e7adeiras de alum\u00ednio e tecido bege<\/li>\n<li>Caixilharia em alum\u00ednio com rodas<\/li>\n<li>T\u00eaxtilino almofadado com espuma de secagem r\u00e1pida<\/li>\n<li>Medidas: 197x68x40cm<\/li>\n<\/ul>\n","protected":false},"featured_media":216825,"comment_status":"open","ping_status":"closed","template":"","meta":{"_acf_changed":false},"product_brand":[],"product_cat":[417,412],"product_tag":[],"class_list":{"0":"post-216833","1":"product","2":"type-product","3":"status-publish","4":"has-post-thumbnail","6":"product_cat-espreguicadeiras","7":"product_cat-espreguicadeiras-e-descanso","9":"first","10":"instock","11":"sale","12":"shipping-taxable","13":"purchasable","14":"product-type-simple","15":"add-to-wishlist-before_image"},"acf":[],"yoast_head":"<!-- This site is optimized with the Yoast SEO plugin v27.2 - https:\/\/yoast.com\/product\/yoast-seo-wordpress\/ -->\n<title>Pacote de 2 espregui\u00e7adeiras brancas de alum\u00ednio e t\u00eaxtil de secagem r\u00e1pida - Rena - Kerama<\/title>\n<meta name=\"robots\" content=\"index, follow, max-snippet:-1, max-image-preview:large, max-video-preview:-1\" \/>\n<link rel=\"canonical\" href=\"https:\/\/keramamueblesdejardin.com\/pt-pt\/espreguicadeiras-e-descanso\/pacote-de-2-espreguicadeiras-brancas-de-aluminio-e-textil-de-secagem-rapida-rena\/\" \/>\n<meta property=\"og:locale\" content=\"pt_PT\" \/>\n<meta property=\"og:type\" content=\"article\" \/>\n<meta property=\"og:title\" content=\"Pacote de 2 espregui\u00e7adeiras brancas de alum\u00ednio e t\u00eaxtil de secagem r\u00e1pida - Rena - Kerama\" \/>\n<meta property=\"og:description\" content=\"Pacote de 2 espregui\u00e7adeiras de alum\u00ednio e tecido bege  Caixilharia em alum\u00ednio com rodas  T\u00eaxtilino almofadado com espuma de secagem r\u00e1pida  Medidas: 197x68x40cm\" \/>\n<meta property=\"og:url\" content=\"https:\/\/keramamueblesdejardin.com\/pt-pt\/espreguicadeiras-e-descanso\/pacote-de-2-espreguicadeiras-brancas-de-aluminio-e-textil-de-secagem-rapida-rena\/\" \/>\n<meta property=\"og:site_name\" content=\"Kerama\" \/>\n<meta property=\"article:publisher\" content=\"https:\/\/www.facebook.com\/Kerama-Muebles-de-Jard%c3%adn-106209328312568\/\" \/>\n<meta property=\"og:image\" content=\"https:\/\/keramamueblesdejardin.com\/wp-content\/uploads\/2026\/04\/s026x2-principal.jpg\" \/>\n\t<meta property=\"og:image:width\" content=\"1200\" \/>\n\t<meta property=\"og:image:height\" content=\"1200\" \/>\n\t<meta property=\"og:image:type\" content=\"image\/jpeg\" \/>\n<meta name=\"twitter:card\" content=\"summary_large_image\" \/>\n<script type=\"application\/ld+json\" class=\"yoast-schema-graph\">{\"@context\":\"https:\/\/schema.org\",\"@graph\":[{\"@type\":\"WebPage\",\"@id\":\"https:\/\/keramamueblesdejardin.com\/pt-pt\/espreguicadeiras-e-descanso\/pacote-de-2-espreguicadeiras-brancas-de-aluminio-e-textil-de-secagem-rapida-rena\/\",\"url\":\"https:\/\/keramamueblesdejardin.com\/pt-pt\/espreguicadeiras-e-descanso\/pacote-de-2-espreguicadeiras-brancas-de-aluminio-e-textil-de-secagem-rapida-rena\/\",\"name\":\"Pacote de 2 espregui\u00e7adeiras brancas de alum\u00ednio e t\u00eaxtil de secagem r\u00e1pida - Rena - Kerama\",\"isPartOf\":{\"@id\":\"https:\/\/keramamueblesdejardin.com\/pt-pt\/#website\"},\"primaryImageOfPage\":{\"@id\":\"https:\/\/keramamueblesdejardin.com\/pt-pt\/espreguicadeiras-e-descanso\/pacote-de-2-espreguicadeiras-brancas-de-aluminio-e-textil-de-secagem-rapida-rena\/#primaryimage\"},\"image\":{\"@id\":\"https:\/\/keramamueblesdejardin.com\/pt-pt\/espreguicadeiras-e-descanso\/pacote-de-2-espreguicadeiras-brancas-de-aluminio-e-textil-de-secagem-rapida-rena\/#primaryimage\"},\"thumbnailUrl\":\"https:\/\/keramamueblesdejardin.com\/wp-content\/uploads\/2026\/04\/s026x2-principal.jpg\",\"datePublished\":\"2026-04-02T08:53:37+00:00\",\"breadcrumb\":{\"@id\":\"https:\/\/keramamueblesdejardin.com\/pt-pt\/espreguicadeiras-e-descanso\/pacote-de-2-espreguicadeiras-brancas-de-aluminio-e-textil-de-secagem-rapida-rena\/#breadcrumb\"},\"inLanguage\":\"pt-PT\",\"potentialAction\":[{\"@type\":\"ReadAction\",\"target\":[\"https:\/\/keramamueblesdejardin.com\/pt-pt\/espreguicadeiras-e-descanso\/pacote-de-2-espreguicadeiras-brancas-de-aluminio-e-textil-de-secagem-rapida-rena\/\"]}]},{\"@type\":\"ImageObject\",\"inLanguage\":\"pt-PT\",\"@id\":\"https:\/\/keramamueblesdejardin.com\/pt-pt\/espreguicadeiras-e-descanso\/pacote-de-2-espreguicadeiras-brancas-de-aluminio-e-textil-de-secagem-rapida-rena\/#primaryimage\",\"url\":\"https:\/\/keramamueblesdejardin.com\/wp-content\/uploads\/2026\/04\/s026x2-principal.jpg\",\"contentUrl\":\"https:\/\/keramamueblesdejardin.com\/wp-content\/uploads\/2026\/04\/s026x2-principal.jpg\",\"width\":1200,\"height\":1200},{\"@type\":\"BreadcrumbList\",\"@id\":\"https:\/\/keramamueblesdejardin.com\/pt-pt\/espreguicadeiras-e-descanso\/pacote-de-2-espreguicadeiras-brancas-de-aluminio-e-textil-de-secagem-rapida-rena\/#breadcrumb\",\"itemListElement\":[{\"@type\":\"ListItem\",\"position\":1,\"name\":\"Home\",\"item\":\"https:\/\/keramamueblesdejardin.com\/pt-pt\/\"},{\"@type\":\"ListItem\",\"position\":2,\"name\":\"Tienda\",\"item\":\"https:\/\/keramamueblesdejardin.com\/pt-pt\/tienda-2\/\"},{\"@type\":\"ListItem\",\"position\":3,\"name\":\"Pacote de 2 espregui\u00e7adeiras brancas de alum\u00ednio e t\u00eaxtil de secagem r\u00e1pida &#8211; Rena\"}]},{\"@type\":\"WebSite\",\"@id\":\"https:\/\/keramamueblesdejardin.com\/pt-pt\/#website\",\"url\":\"https:\/\/keramamueblesdejardin.com\/pt-pt\/\",\"name\":\"Kerama\",\"description\":\"muebles de jard\u00edn\",\"publisher\":{\"@id\":\"https:\/\/keramamueblesdejardin.com\/pt-pt\/#organization\"},\"potentialAction\":[{\"@type\":\"SearchAction\",\"target\":{\"@type\":\"EntryPoint\",\"urlTemplate\":\"https:\/\/keramamueblesdejardin.com\/pt-pt\/?s={search_term_string}\"},\"query-input\":{\"@type\":\"PropertyValueSpecification\",\"valueRequired\":true,\"valueName\":\"search_term_string\"}}],\"inLanguage\":\"pt-PT\"},{\"@type\":\"Organization\",\"@id\":\"https:\/\/keramamueblesdejardin.com\/pt-pt\/#organization\",\"name\":\"kerama\",\"url\":\"https:\/\/keramamueblesdejardin.com\/pt-pt\/\",\"logo\":{\"@type\":\"ImageObject\",\"inLanguage\":\"pt-PT\",\"@id\":\"https:\/\/keramamueblesdejardin.com\/pt-pt\/#\/schema\/logo\/image\/\",\"url\":\"https:\/\/keramamueblesdejardin.com\/wp-content\/uploads\/2020\/12\/k.-scaled.jpg\",\"contentUrl\":\"https:\/\/keramamueblesdejardin.com\/wp-content\/uploads\/2020\/12\/k.-scaled.jpg\",\"width\":2560,\"height\":551,\"caption\":\"kerama\"},\"image\":{\"@id\":\"https:\/\/keramamueblesdejardin.com\/pt-pt\/#\/schema\/logo\/image\/\"},\"sameAs\":[\"https:\/\/www.facebook.com\/Kerama-Muebles-de-Jard\u00edn-106209328312568\/\"]}]}<\/script>\n<!-- \/ Yoast SEO plugin. -->","yoast_head_json":{"title":"Pacote de 2 espregui\u00e7adeiras brancas de alum\u00ednio e t\u00eaxtil de secagem r\u00e1pida - Rena - Kerama","robots":{"index":"index","follow":"follow","max-snippet":"max-snippet:-1","max-image-preview":"max-image-preview:large","max-video-preview":"max-video-preview:-1"},"canonical":"https:\/\/keramamueblesdejardin.com\/pt-pt\/espreguicadeiras-e-descanso\/pacote-de-2-espreguicadeiras-brancas-de-aluminio-e-textil-de-secagem-rapida-rena\/","og_locale":"pt_PT","og_type":"article","og_title":"Pacote de 2 espregui\u00e7adeiras brancas de alum\u00ednio e t\u00eaxtil de secagem r\u00e1pida - Rena - Kerama","og_description":"Pacote de 2 espregui\u00e7adeiras de alum\u00ednio e tecido bege  Caixilharia em alum\u00ednio com rodas  T\u00eaxtilino almofadado com espuma de secagem r\u00e1pida  Medidas: 197x68x40cm","og_url":"https:\/\/keramamueblesdejardin.com\/pt-pt\/espreguicadeiras-e-descanso\/pacote-de-2-espreguicadeiras-brancas-de-aluminio-e-textil-de-secagem-rapida-rena\/","og_site_name":"Kerama","article_publisher":"https:\/\/www.facebook.com\/Kerama-Muebles-de-Jard%c3%adn-106209328312568\/","og_image":[{"width":1200,"height":1200,"url":"https:\/\/keramamueblesdejardin.com\/wp-content\/uploads\/2026\/04\/s026x2-principal.jpg","type":"image\/jpeg"}],"twitter_card":"summary_large_image","schema":{"@context":"https:\/\/schema.org","@graph":[{"@type":"WebPage","@id":"https:\/\/keramamueblesdejardin.com\/pt-pt\/espreguicadeiras-e-descanso\/pacote-de-2-espreguicadeiras-brancas-de-aluminio-e-textil-de-secagem-rapida-rena\/","url":"https:\/\/keramamueblesdejardin.com\/pt-pt\/espreguicadeiras-e-descanso\/pacote-de-2-espreguicadeiras-brancas-de-aluminio-e-textil-de-secagem-rapida-rena\/","name":"Pacote de 2 espregui\u00e7adeiras brancas de alum\u00ednio e t\u00eaxtil de secagem r\u00e1pida - Rena - Kerama","isPartOf":{"@id":"https:\/\/keramamueblesdejardin.com\/pt-pt\/#website"},"primaryImageOfPage":{"@id":"https:\/\/keramamueblesdejardin.com\/pt-pt\/espreguicadeiras-e-descanso\/pacote-de-2-espreguicadeiras-brancas-de-aluminio-e-textil-de-secagem-rapida-rena\/#primaryimage"},"image":{"@id":"https:\/\/keramamueblesdejardin.com\/pt-pt\/espreguicadeiras-e-descanso\/pacote-de-2-espreguicadeiras-brancas-de-aluminio-e-textil-de-secagem-rapida-rena\/#primaryimage"},"thumbnailUrl":"https:\/\/keramamueblesdejardin.com\/wp-content\/uploads\/2026\/04\/s026x2-principal.jpg","datePublished":"2026-04-02T08:53:37+00:00","breadcrumb":{"@id":"https:\/\/keramamueblesdejardin.com\/pt-pt\/espreguicadeiras-e-descanso\/pacote-de-2-espreguicadeiras-brancas-de-aluminio-e-textil-de-secagem-rapida-rena\/#breadcrumb"},"inLanguage":"pt-PT","potentialAction":[{"@type":"ReadAction","target":["https:\/\/keramamueblesdejardin.com\/pt-pt\/espreguicadeiras-e-descanso\/pacote-de-2-espreguicadeiras-brancas-de-aluminio-e-textil-de-secagem-rapida-rena\/"]}]},{"@type":"ImageObject","inLanguage":"pt-PT","@id":"https:\/\/keramamueblesdejardin.com\/pt-pt\/espreguicadeiras-e-descanso\/pacote-de-2-espreguicadeiras-brancas-de-aluminio-e-textil-de-secagem-rapida-rena\/#primaryimage","url":"https:\/\/keramamueblesdejardin.com\/wp-content\/uploads\/2026\/04\/s026x2-principal.jpg","contentUrl":"https:\/\/keramamueblesdejardin.com\/wp-content\/uploads\/2026\/04\/s026x2-principal.jpg","width":1200,"height":1200},{"@type":"BreadcrumbList","@id":"https:\/\/keramamueblesdejardin.com\/pt-pt\/espreguicadeiras-e-descanso\/pacote-de-2-espreguicadeiras-brancas-de-aluminio-e-textil-de-secagem-rapida-rena\/#breadcrumb","itemListElement":[{"@type":"ListItem","position":1,"name":"Home","item":"https:\/\/keramamueblesdejardin.com\/pt-pt\/"},{"@type":"ListItem","position":2,"name":"Tienda","item":"https:\/\/keramamueblesdejardin.com\/pt-pt\/tienda-2\/"},{"@type":"ListItem","position":3,"name":"Pacote de 2 espregui\u00e7adeiras brancas de alum\u00ednio e t\u00eaxtil de secagem r\u00e1pida &#8211; Rena"}]},{"@type":"WebSite","@id":"https:\/\/keramamueblesdejardin.com\/pt-pt\/#website","url":"https:\/\/keramamueblesdejardin.com\/pt-pt\/","name":"Kerama","description":"muebles de jard\u00edn","publisher":{"@id":"https:\/\/keramamueblesdejardin.com\/pt-pt\/#organization"},"potentialAction":[{"@type":"SearchAction","target":{"@type":"EntryPoint","urlTemplate":"https:\/\/keramamueblesdejardin.com\/pt-pt\/?s={search_term_string}"},"query-input":{"@type":"PropertyValueSpecification","valueRequired":true,"valueName":"search_term_string"}}],"inLanguage":"pt-PT"},{"@type":"Organization","@id":"https:\/\/keramamueblesdejardin.com\/pt-pt\/#organization","name":"kerama","url":"https:\/\/keramamueblesdejardin.com\/pt-pt\/","logo":{"@type":"ImageObject","inLanguage":"pt-PT","@id":"https:\/\/keramamueblesdejardin.com\/pt-pt\/#\/schema\/logo\/image\/","url":"https:\/\/keramamueblesdejardin.com\/wp-content\/uploads\/2020\/12\/k.-scaled.jpg","contentUrl":"https:\/\/keramamueblesdejardin.com\/wp-content\/uploads\/2020\/12\/k.-scaled.jpg","width":2560,"height":551,"caption":"kerama"},"image":{"@id":"https:\/\/keramamueblesdejardin.com\/pt-pt\/#\/schema\/logo\/image\/"},"sameAs":["https:\/\/www.facebook.com\/Kerama-Muebles-de-Jard\u00edn-106209328312568\/"]}]}},"df_price":639,"df_sale_price":639,"df_regular_price":759,"df_image_link":"https:\/\/keramamueblesdejardin.com\/wp-content\/uploads\/2026\/04\/s026x2-principal-300x300.jpg","custom_tabs":[{"title":"MEDI\u00c7\u00c3O","id":"medi\u00e7\u00e3o","content":"<div class=\"list\"><strong>Altura: <\/strong>40cm<\/div>\n<div class=\"list\"><strong>Largura: <\/strong>197cm<\/div>\n<div class=\"list\"><strong>Profundidade: <\/strong>68cm<\/div>"},{"title":"DESEMBALAR E ASSEMBL\u00c9IA","id":"desembalar-e-assembleia","content":"<div class=\"list\"><b>Esta espregui\u00e7adeira n\u00e3o requer montagem<\/b><\/div>"}],"_links":{"self":[{"href":"https:\/\/keramamueblesdejardin.com\/pt-pt\/wp-json\/wp\/v2\/product\/216833","targetHints":{"allow":["GET"]}}],"collection":[{"href":"https:\/\/keramamueblesdejardin.com\/pt-pt\/wp-json\/wp\/v2\/product"}],"about":[{"href":"https:\/\/keramamueblesdejardin.com\/pt-pt\/wp-json\/wp\/v2\/types\/product"}],"replies":[{"embeddable":true,"href":"https:\/\/keramamueblesdejardin.com\/pt-pt\/wp-json\/wp\/v2\/comments?post=216833"}],"wp:featuredmedia":[{"embeddable":true,"href":"https:\/\/keramamueblesdejardin.com\/pt-pt\/wp-json\/wp\/v2\/media\/216825"}],"wp:attachment":[{"href":"https:\/\/keramamueblesdejardin.com\/pt-pt\/wp-json\/wp\/v2\/media?parent=216833"}],"wp:term":[{"taxonomy":"product_brand","embeddable":true,"href":"https:\/\/keramamueblesdejardin.com\/pt-pt\/wp-json\/wp\/v2\/product_brand?post=216833"},{"taxonomy":"product_cat","embeddable":true,"href":"https:\/\/keramamueblesdejardin.com\/pt-pt\/wp-json\/wp\/v2\/product_cat?post=216833"},{"taxonomy":"product_tag","embeddable":true,"href":"https:\/\/keramamueblesdejardin.com\/pt-pt\/wp-json\/wp\/v2\/product_tag?post=216833"}],"curies":[{"name":"wp","href":"https:\/\/api.w.org\/{rel}","templated":true}]}}