{"id":216805,"date":"2026-04-01T16:31:21","date_gmt":"2026-04-01T14:31:21","guid":{"rendered":"https:\/\/keramamueblesdejardin.com\/sem%20categoria\/espreguicadeira-de-aluminio-branco-e-tecido-bege-long-island\/"},"modified":"2026-04-02T10:25:24","modified_gmt":"2026-04-02T08:25:24","slug":"espreguicadeira-de-aluminio-branco-e-tecido-bege-long-island","status":"publish","type":"product","link":"https:\/\/keramamueblesdejardin.com\/pt-pt\/espreguicadeiras-e-descanso\/espreguicadeira-de-aluminio-branco-e-tecido-bege-long-island\/","title":{"rendered":"Pack de 2 espregui\u00e7adeira de alum\u00ednio branco e tecido bege &#8211; Long Island"},"content":{"rendered":"<p>Pacote de duas espregui\u00e7adeiras de alum\u00ednio com rodas em t\u00eaxtil almofadado e espuma de secagem r\u00e1pida.<\/p>\n<p>Medidas: 200x70x31cm<\/p>\n","protected":false},"excerpt":{"rendered":"<ul>\n<li>Pacote de 2 espregui\u00e7adeiras de alum\u00ednio branco e tecido bege<\/li>\n<li>Caixilharia em alum\u00ednio com rodas<\/li>\n<li>T\u00eaxtilino almofadado com espuma de secagem r\u00e1pida<\/li>\n<li>Medidas: 200x70x31cm<\/li>\n<\/ul>\n","protected":false},"featured_media":216804,"comment_status":"open","ping_status":"closed","template":"","meta":{"_acf_changed":false},"product_brand":[],"product_cat":[417,412],"product_tag":[],"class_list":{"0":"post-216805","1":"product","2":"type-product","3":"status-publish","4":"has-post-thumbnail","6":"product_cat-espreguicadeiras","7":"product_cat-espreguicadeiras-e-descanso","9":"first","10":"instock","11":"sale","12":"shipping-taxable","13":"purchasable","14":"product-type-simple","15":"add-to-wishlist-before_image"},"acf":[],"yoast_head":"<!-- This site is optimized with the Yoast SEO plugin v27.4 - https:\/\/yoast.com\/product\/yoast-seo-wordpress\/ -->\n<title>Pack de 2 espregui\u00e7adeira de alum\u00ednio branco e tecido bege - Long Island - Kerama<\/title>\n<meta name=\"robots\" content=\"index, follow, max-snippet:-1, max-image-preview:large, max-video-preview:-1\" \/>\n<link rel=\"canonical\" href=\"https:\/\/keramamueblesdejardin.com\/pt-pt\/espreguicadeiras-e-descanso\/espreguicadeira-de-aluminio-branco-e-tecido-bege-long-island\/\" \/>\n<meta property=\"og:locale\" content=\"pt_PT\" \/>\n<meta property=\"og:type\" content=\"article\" \/>\n<meta property=\"og:title\" content=\"Pack de 2 espregui\u00e7adeira de alum\u00ednio branco e tecido bege - Long Island - Kerama\" \/>\n<meta property=\"og:description\" content=\"Pacote de 2 espregui\u00e7adeiras de alum\u00ednio branco e tecido bege  Caixilharia em alum\u00ednio com rodas  T\u00eaxtilino almofadado com espuma de secagem r\u00e1pida  Medidas: 200x70x31cm\" \/>\n<meta property=\"og:url\" content=\"https:\/\/keramamueblesdejardin.com\/pt-pt\/espreguicadeiras-e-descanso\/espreguicadeira-de-aluminio-branco-e-tecido-bege-long-island\/\" \/>\n<meta property=\"og:site_name\" content=\"Kerama\" \/>\n<meta property=\"article:publisher\" content=\"https:\/\/www.facebook.com\/Kerama-Muebles-de-Jard%c3%adn-106209328312568\/\" \/>\n<meta property=\"article:modified_time\" content=\"2026-04-02T08:25:24+00:00\" \/>\n<meta property=\"og:image\" content=\"https:\/\/keramamueblesdejardin.com\/wp-content\/uploads\/2026\/04\/tumbona-long-island-blanco-y-beige.jpg\" \/>\n\t<meta property=\"og:image:width\" content=\"1200\" \/>\n\t<meta property=\"og:image:height\" content=\"1200\" \/>\n\t<meta property=\"og:image:type\" content=\"image\/jpeg\" \/>\n<meta name=\"twitter:card\" content=\"summary_large_image\" \/>\n<meta name=\"twitter:label1\" content=\"Tempo estimado de leitura\" \/>\n\t<meta name=\"twitter:data1\" content=\"1 minuto\" \/>\n<script type=\"application\/ld+json\" class=\"yoast-schema-graph\">{\"@context\":\"https:\\\/\\\/schema.org\",\"@graph\":[{\"@type\":\"WebPage\",\"@id\":\"https:\\\/\\\/keramamueblesdejardin.com\\\/pt-pt\\\/espreguicadeiras-e-descanso\\\/espreguicadeira-de-aluminio-branco-e-tecido-bege-long-island\\\/\",\"url\":\"https:\\\/\\\/keramamueblesdejardin.com\\\/pt-pt\\\/espreguicadeiras-e-descanso\\\/espreguicadeira-de-aluminio-branco-e-tecido-bege-long-island\\\/\",\"name\":\"Pack de 2 espregui\u00e7adeira de alum\u00ednio branco e tecido bege - Long Island - Kerama\",\"isPartOf\":{\"@id\":\"https:\\\/\\\/keramamueblesdejardin.com\\\/pt-pt\\\/#website\"},\"primaryImageOfPage\":{\"@id\":\"https:\\\/\\\/keramamueblesdejardin.com\\\/pt-pt\\\/espreguicadeiras-e-descanso\\\/espreguicadeira-de-aluminio-branco-e-tecido-bege-long-island\\\/#primaryimage\"},\"image\":{\"@id\":\"https:\\\/\\\/keramamueblesdejardin.com\\\/pt-pt\\\/espreguicadeiras-e-descanso\\\/espreguicadeira-de-aluminio-branco-e-tecido-bege-long-island\\\/#primaryimage\"},\"thumbnailUrl\":\"https:\\\/\\\/keramamueblesdejardin.com\\\/wp-content\\\/uploads\\\/2026\\\/04\\\/tumbona-long-island-blanco-y-beige.jpg\",\"datePublished\":\"2026-04-01T14:31:21+00:00\",\"dateModified\":\"2026-04-02T08:25:24+00:00\",\"breadcrumb\":{\"@id\":\"https:\\\/\\\/keramamueblesdejardin.com\\\/pt-pt\\\/espreguicadeiras-e-descanso\\\/espreguicadeira-de-aluminio-branco-e-tecido-bege-long-island\\\/#breadcrumb\"},\"inLanguage\":\"pt-PT\",\"potentialAction\":[{\"@type\":\"ReadAction\",\"target\":[\"https:\\\/\\\/keramamueblesdejardin.com\\\/pt-pt\\\/espreguicadeiras-e-descanso\\\/espreguicadeira-de-aluminio-branco-e-tecido-bege-long-island\\\/\"]}]},{\"@type\":\"ImageObject\",\"inLanguage\":\"pt-PT\",\"@id\":\"https:\\\/\\\/keramamueblesdejardin.com\\\/pt-pt\\\/espreguicadeiras-e-descanso\\\/espreguicadeira-de-aluminio-branco-e-tecido-bege-long-island\\\/#primaryimage\",\"url\":\"https:\\\/\\\/keramamueblesdejardin.com\\\/wp-content\\\/uploads\\\/2026\\\/04\\\/tumbona-long-island-blanco-y-beige.jpg\",\"contentUrl\":\"https:\\\/\\\/keramamueblesdejardin.com\\\/wp-content\\\/uploads\\\/2026\\\/04\\\/tumbona-long-island-blanco-y-beige.jpg\",\"width\":1200,\"height\":1200},{\"@type\":\"BreadcrumbList\",\"@id\":\"https:\\\/\\\/keramamueblesdejardin.com\\\/pt-pt\\\/espreguicadeiras-e-descanso\\\/espreguicadeira-de-aluminio-branco-e-tecido-bege-long-island\\\/#breadcrumb\",\"itemListElement\":[{\"@type\":\"ListItem\",\"position\":1,\"name\":\"Home\",\"item\":\"https:\\\/\\\/keramamueblesdejardin.com\\\/pt-pt\\\/\"},{\"@type\":\"ListItem\",\"position\":2,\"name\":\"Tienda\",\"item\":\"https:\\\/\\\/keramamueblesdejardin.com\\\/pt-pt\\\/tienda-2\\\/\"},{\"@type\":\"ListItem\",\"position\":3,\"name\":\"Espregui\u00e7adeiras e descanso\",\"item\":\"https:\\\/\\\/keramamueblesdejardin.com\\\/pt-pt\\\/espreguicadeiras-e-descanso\\\/\"},{\"@type\":\"ListItem\",\"position\":4,\"name\":\"Pack de 2 espregui\u00e7adeira de alum\u00ednio branco e tecido bege &#8211; Long Island\"}]},{\"@type\":\"WebSite\",\"@id\":\"https:\\\/\\\/keramamueblesdejardin.com\\\/pt-pt\\\/#website\",\"url\":\"https:\\\/\\\/keramamueblesdejardin.com\\\/pt-pt\\\/\",\"name\":\"Kerama\",\"description\":\"muebles de jard\u00edn\",\"publisher\":{\"@id\":\"https:\\\/\\\/keramamueblesdejardin.com\\\/pt-pt\\\/#organization\"},\"potentialAction\":[{\"@type\":\"SearchAction\",\"target\":{\"@type\":\"EntryPoint\",\"urlTemplate\":\"https:\\\/\\\/keramamueblesdejardin.com\\\/pt-pt\\\/?s={search_term_string}\"},\"query-input\":{\"@type\":\"PropertyValueSpecification\",\"valueRequired\":true,\"valueName\":\"search_term_string\"}}],\"inLanguage\":\"pt-PT\"},{\"@type\":\"Organization\",\"@id\":\"https:\\\/\\\/keramamueblesdejardin.com\\\/pt-pt\\\/#organization\",\"name\":\"kerama\",\"url\":\"https:\\\/\\\/keramamueblesdejardin.com\\\/pt-pt\\\/\",\"logo\":{\"@type\":\"ImageObject\",\"inLanguage\":\"pt-PT\",\"@id\":\"https:\\\/\\\/keramamueblesdejardin.com\\\/pt-pt\\\/#\\\/schema\\\/logo\\\/image\\\/\",\"url\":\"https:\\\/\\\/keramamueblesdejardin.com\\\/wp-content\\\/uploads\\\/2020\\\/12\\\/k.-scaled.jpg\",\"contentUrl\":\"https:\\\/\\\/keramamueblesdejardin.com\\\/wp-content\\\/uploads\\\/2020\\\/12\\\/k.-scaled.jpg\",\"width\":2560,\"height\":551,\"caption\":\"kerama\"},\"image\":{\"@id\":\"https:\\\/\\\/keramamueblesdejardin.com\\\/pt-pt\\\/#\\\/schema\\\/logo\\\/image\\\/\"},\"sameAs\":[\"https:\\\/\\\/www.facebook.com\\\/Kerama-Muebles-de-Jard\u00edn-106209328312568\\\/\"]}]}<\/script>\n<!-- \/ Yoast SEO plugin. -->","yoast_head_json":{"title":"Pack de 2 espregui\u00e7adeira de alum\u00ednio branco e tecido bege - Long Island - Kerama","robots":{"index":"index","follow":"follow","max-snippet":"max-snippet:-1","max-image-preview":"max-image-preview:large","max-video-preview":"max-video-preview:-1"},"canonical":"https:\/\/keramamueblesdejardin.com\/pt-pt\/espreguicadeiras-e-descanso\/espreguicadeira-de-aluminio-branco-e-tecido-bege-long-island\/","og_locale":"pt_PT","og_type":"article","og_title":"Pack de 2 espregui\u00e7adeira de alum\u00ednio branco e tecido bege - Long Island - Kerama","og_description":"Pacote de 2 espregui\u00e7adeiras de alum\u00ednio branco e tecido bege  Caixilharia em alum\u00ednio com rodas  T\u00eaxtilino almofadado com espuma de secagem r\u00e1pida  Medidas: 200x70x31cm","og_url":"https:\/\/keramamueblesdejardin.com\/pt-pt\/espreguicadeiras-e-descanso\/espreguicadeira-de-aluminio-branco-e-tecido-bege-long-island\/","og_site_name":"Kerama","article_publisher":"https:\/\/www.facebook.com\/Kerama-Muebles-de-Jard%c3%adn-106209328312568\/","article_modified_time":"2026-04-02T08:25:24+00:00","og_image":[{"width":1200,"height":1200,"url":"https:\/\/keramamueblesdejardin.com\/wp-content\/uploads\/2026\/04\/tumbona-long-island-blanco-y-beige.jpg","type":"image\/jpeg"}],"twitter_card":"summary_large_image","twitter_misc":{"Tempo estimado de leitura":"1 minuto"},"schema":{"@context":"https:\/\/schema.org","@graph":[{"@type":"WebPage","@id":"https:\/\/keramamueblesdejardin.com\/pt-pt\/espreguicadeiras-e-descanso\/espreguicadeira-de-aluminio-branco-e-tecido-bege-long-island\/","url":"https:\/\/keramamueblesdejardin.com\/pt-pt\/espreguicadeiras-e-descanso\/espreguicadeira-de-aluminio-branco-e-tecido-bege-long-island\/","name":"Pack de 2 espregui\u00e7adeira de alum\u00ednio branco e tecido bege - Long Island - Kerama","isPartOf":{"@id":"https:\/\/keramamueblesdejardin.com\/pt-pt\/#website"},"primaryImageOfPage":{"@id":"https:\/\/keramamueblesdejardin.com\/pt-pt\/espreguicadeiras-e-descanso\/espreguicadeira-de-aluminio-branco-e-tecido-bege-long-island\/#primaryimage"},"image":{"@id":"https:\/\/keramamueblesdejardin.com\/pt-pt\/espreguicadeiras-e-descanso\/espreguicadeira-de-aluminio-branco-e-tecido-bege-long-island\/#primaryimage"},"thumbnailUrl":"https:\/\/keramamueblesdejardin.com\/wp-content\/uploads\/2026\/04\/tumbona-long-island-blanco-y-beige.jpg","datePublished":"2026-04-01T14:31:21+00:00","dateModified":"2026-04-02T08:25:24+00:00","breadcrumb":{"@id":"https:\/\/keramamueblesdejardin.com\/pt-pt\/espreguicadeiras-e-descanso\/espreguicadeira-de-aluminio-branco-e-tecido-bege-long-island\/#breadcrumb"},"inLanguage":"pt-PT","potentialAction":[{"@type":"ReadAction","target":["https:\/\/keramamueblesdejardin.com\/pt-pt\/espreguicadeiras-e-descanso\/espreguicadeira-de-aluminio-branco-e-tecido-bege-long-island\/"]}]},{"@type":"ImageObject","inLanguage":"pt-PT","@id":"https:\/\/keramamueblesdejardin.com\/pt-pt\/espreguicadeiras-e-descanso\/espreguicadeira-de-aluminio-branco-e-tecido-bege-long-island\/#primaryimage","url":"https:\/\/keramamueblesdejardin.com\/wp-content\/uploads\/2026\/04\/tumbona-long-island-blanco-y-beige.jpg","contentUrl":"https:\/\/keramamueblesdejardin.com\/wp-content\/uploads\/2026\/04\/tumbona-long-island-blanco-y-beige.jpg","width":1200,"height":1200},{"@type":"BreadcrumbList","@id":"https:\/\/keramamueblesdejardin.com\/pt-pt\/espreguicadeiras-e-descanso\/espreguicadeira-de-aluminio-branco-e-tecido-bege-long-island\/#breadcrumb","itemListElement":[{"@type":"ListItem","position":1,"name":"Home","item":"https:\/\/keramamueblesdejardin.com\/pt-pt\/"},{"@type":"ListItem","position":2,"name":"Tienda","item":"https:\/\/keramamueblesdejardin.com\/pt-pt\/tienda-2\/"},{"@type":"ListItem","position":3,"name":"Espregui\u00e7adeiras e descanso","item":"https:\/\/keramamueblesdejardin.com\/pt-pt\/espreguicadeiras-e-descanso\/"},{"@type":"ListItem","position":4,"name":"Pack de 2 espregui\u00e7adeira de alum\u00ednio branco e tecido bege &#8211; Long Island"}]},{"@type":"WebSite","@id":"https:\/\/keramamueblesdejardin.com\/pt-pt\/#website","url":"https:\/\/keramamueblesdejardin.com\/pt-pt\/","name":"Kerama","description":"muebles de jard\u00edn","publisher":{"@id":"https:\/\/keramamueblesdejardin.com\/pt-pt\/#organization"},"potentialAction":[{"@type":"SearchAction","target":{"@type":"EntryPoint","urlTemplate":"https:\/\/keramamueblesdejardin.com\/pt-pt\/?s={search_term_string}"},"query-input":{"@type":"PropertyValueSpecification","valueRequired":true,"valueName":"search_term_string"}}],"inLanguage":"pt-PT"},{"@type":"Organization","@id":"https:\/\/keramamueblesdejardin.com\/pt-pt\/#organization","name":"kerama","url":"https:\/\/keramamueblesdejardin.com\/pt-pt\/","logo":{"@type":"ImageObject","inLanguage":"pt-PT","@id":"https:\/\/keramamueblesdejardin.com\/pt-pt\/#\/schema\/logo\/image\/","url":"https:\/\/keramamueblesdejardin.com\/wp-content\/uploads\/2020\/12\/k.-scaled.jpg","contentUrl":"https:\/\/keramamueblesdejardin.com\/wp-content\/uploads\/2020\/12\/k.-scaled.jpg","width":2560,"height":551,"caption":"kerama"},"image":{"@id":"https:\/\/keramamueblesdejardin.com\/pt-pt\/#\/schema\/logo\/image\/"},"sameAs":["https:\/\/www.facebook.com\/Kerama-Muebles-de-Jard\u00edn-106209328312568\/"]}]}},"df_price":509,"df_sale_price":509,"df_regular_price":611,"df_image_link":"https:\/\/keramamueblesdejardin.com\/wp-content\/uploads\/2026\/04\/tumbona-long-island-blanco-y-beige-300x300.jpg","custom_tabs":[{"title":"MEDI\u00c7\u00c3O","id":"medicao","content":"<div class=\"list\">\r\n<div class=\"list\"><strong>Altura: <\/strong>31cm<\/div>\r\n<div class=\"list\"><strong>Largura: <\/strong>200cm<\/div>\r\n<div class=\"list\"><strong>Profundidade: <\/strong>70cm<\/div>\r\n<\/div>"},{"title":"DESEMBALAR E ASSEMBL\u00c9IA","id":"desembalar-e-assembleia","content":"<div class=\"list\"><strong style=\"font-weight: bold; color: #282828;\">Recomenda\u00e7\u00f5es para desempacotar:<\/strong><span style=\"color: #282828;\"> N\u00e3o use utens\u00edlios afiados ao desempacotar os m\u00f3veis, pois podem causar danos<\/span><br style=\"color: #282828;\" \/><strong style=\"font-weight: bold; color: #282828;\">Montagem necess\u00e1ria (sim\/n\u00e3o):<\/strong><span style=\"color: #282828;\"> Sim<\/span><br style=\"color: #282828;\" \/><strong style=\"font-weight: bold; color: #282828;\">Dificuldade de instala\u00e7\u00e3o: F\u00e1cil<\/strong><\/div>"}],"_links":{"self":[{"href":"https:\/\/keramamueblesdejardin.com\/pt-pt\/wp-json\/wp\/v2\/product\/216805","targetHints":{"allow":["GET"]}}],"collection":[{"href":"https:\/\/keramamueblesdejardin.com\/pt-pt\/wp-json\/wp\/v2\/product"}],"about":[{"href":"https:\/\/keramamueblesdejardin.com\/pt-pt\/wp-json\/wp\/v2\/types\/product"}],"replies":[{"embeddable":true,"href":"https:\/\/keramamueblesdejardin.com\/pt-pt\/wp-json\/wp\/v2\/comments?post=216805"}],"wp:featuredmedia":[{"embeddable":true,"href":"https:\/\/keramamueblesdejardin.com\/pt-pt\/wp-json\/wp\/v2\/media\/216804"}],"wp:attachment":[{"href":"https:\/\/keramamueblesdejardin.com\/pt-pt\/wp-json\/wp\/v2\/media?parent=216805"}],"wp:term":[{"taxonomy":"product_brand","embeddable":true,"href":"https:\/\/keramamueblesdejardin.com\/pt-pt\/wp-json\/wp\/v2\/product_brand?post=216805"},{"taxonomy":"product_cat","embeddable":true,"href":"https:\/\/keramamueblesdejardin.com\/pt-pt\/wp-json\/wp\/v2\/product_cat?post=216805"},{"taxonomy":"product_tag","embeddable":true,"href":"https:\/\/keramamueblesdejardin.com\/pt-pt\/wp-json\/wp\/v2\/product_tag?post=216805"}],"curies":[{"name":"wp","href":"https:\/\/api.w.org\/{rel}","templated":true}]}}