{"id":177699,"date":"2025-03-24T09:17:22","date_gmt":"2025-03-24T08:17:22","guid":{"rendered":"https:\/\/keramamueblesdejardin.com\/sem categoria\/mesa-de-jardim-extensivel-200-320x100-feita-de-aluminio-antracite-e-madeira-vermont\/"},"modified":"2025-03-24T10:17:22","modified_gmt":"2025-03-24T09:17:22","slug":"extensivel-jardim-mesa-200-320x100-aluminio-antracite-e-madeira-vermont","status":"publish","type":"product","link":"https:\/\/keramamueblesdejardin.com\/pt-pt\/salas-de-jantar-ao-ar-livre\/mesas-de-jardim\/extensivel-jardim-mesa-200-320x100-aluminio-antracite-e-madeira-vermont\/","title":{"rendered":"Mesa de jardim extens\u00edvel 200\/320&#215;100 feita de alum\u00ednio antracite e madeira &#8211; Vermont"},"content":{"rendered":"<p class=\"\" data-start=\"269\" data-end=\"632\">A <strong data-start=\"272\" data-end=\"309\">mesa de jardim extens\u00edvel Vermont<\/strong> \u00e9 uma pe\u00e7a vers\u00e1til e elegante, perfeita para transformar o seu terra\u00e7o, p\u00e1tio ou jardim num espa\u00e7o acolhedor e funcional. Com uma estrutura robusta <strong data-start=\"463\" data-end=\"494\">de alum\u00ednio de cor antracite<\/strong> e superf\u00edcie de <strong data-start=\"511\" data-end=\"549\">teca natural certificada pelo FSC, esta mesa destaca-se<\/strong> pela sua resist\u00eancia \u00e0s intemp\u00e9ries e est\u00e9tica contempor\u00e2nea. <\/p>\n<p class=\"\" data-start=\"634\" data-end=\"985\">O seu <strong data-start=\"648\" data-end=\"683\">sistema de extens\u00e3o dupla com carris<\/strong> permite-lhe expandir confortavelmente a mesa de 200&#215;100 cm para 260&#215;100 cm ou at\u00e9 320&#215;100 cm, ideal para se adaptar a diferentes tempos e n\u00famero de comensais. Gra\u00e7as ao seu design inteligente, as pernas n\u00e3o interferem com o espa\u00e7o dos bancos quando estendidas, garantindo o m\u00e1ximo conforto em cada utiliza\u00e7\u00e3o. <\/p>\n<p class=\"\" data-start=\"987\" data-end=\"1169\">Dur\u00e1vel, elegante e pr\u00e1tica, a <strong data-start=\"1021\" data-end=\"1058\">mesa de jardim extens\u00edvel Vermont<\/strong> \u00e9 a solu\u00e7\u00e3o perfeita para aqueles que valorizam o design e a funcionalidade em seus espa\u00e7os ao ar livre.<\/p>\n","protected":false},"excerpt":{"rendered":"<ul>\n<li>Mesa com dupla extens\u00e3o de alum\u00ednio branco e teca<\/li>\n<li>Sistema de ancoragem para cada extens\u00e3o<\/li>\n<li>Tabela: 200\/260\/320x100cm<\/li>\n<\/ul>\n","protected":false},"featured_media":176659,"comment_status":"closed","ping_status":"open","template":"","meta":{"_acf_changed":false},"product_brand":[],"product_cat":[453,420],"product_tag":[],"class_list":{"0":"post-177699","1":"product","2":"type-product","3":"status-publish","4":"has-post-thumbnail","6":"product_cat-mesas-de-jardim","7":"product_cat-salas-de-jantar-ao-ar-livre","8":"product_shipping_class-envio-gratuito-pt-pt","10":"first","11":"instock","12":"sale","13":"purchasable","14":"product-type-simple","15":"add-to-wishlist-before_image"},"acf":[],"yoast_head":"<!-- This site is optimized with the Yoast SEO plugin v27.2 - https:\/\/yoast.com\/product\/yoast-seo-wordpress\/ -->\n<title>Mesa de jardim extens\u00edvel 200\/320x100 feita de alum\u00ednio antracite e madeira - Vermont - Kerama<\/title>\n<meta name=\"robots\" content=\"index, follow, max-snippet:-1, max-image-preview:large, max-video-preview:-1\" \/>\n<link rel=\"canonical\" href=\"https:\/\/keramamueblesdejardin.com\/pt-pt\/salas-de-jantar-ao-ar-livre\/mesas-de-jardim\/extensivel-jardim-mesa-200-320x100-aluminio-antracite-e-madeira-vermont\/\" \/>\n<meta property=\"og:locale\" content=\"pt_PT\" \/>\n<meta property=\"og:type\" content=\"article\" \/>\n<meta property=\"og:title\" content=\"Mesa de jardim extens\u00edvel 200\/320x100 feita de alum\u00ednio antracite e madeira - Vermont - Kerama\" \/>\n<meta property=\"og:description\" content=\"Mesa com dupla extens\u00e3o de alum\u00ednio branco e teca  Sistema de ancoragem para cada extens\u00e3o  Tabela: 200\/260\/320x100cm\" \/>\n<meta property=\"og:url\" content=\"https:\/\/keramamueblesdejardin.com\/pt-pt\/salas-de-jantar-ao-ar-livre\/mesas-de-jardim\/extensivel-jardim-mesa-200-320x100-aluminio-antracite-e-madeira-vermont\/\" \/>\n<meta property=\"og:site_name\" content=\"Kerama\" \/>\n<meta property=\"article:publisher\" content=\"https:\/\/www.facebook.com\/Kerama-Muebles-de-Jard%c3%adn-106209328312568\/\" \/>\n<meta property=\"article:modified_time\" content=\"2025-03-24T09:17:22+00:00\" \/>\n<meta property=\"og:image\" content=\"https:\/\/keramamueblesdejardin.com\/wp-content\/uploads\/2025\/03\/vermont_0046_set-de-comedor-jardin-extensible-8-plazas-antracita-21.jpg\" \/>\n\t<meta property=\"og:image:width\" content=\"1200\" \/>\n\t<meta property=\"og:image:height\" content=\"1200\" \/>\n\t<meta property=\"og:image:type\" content=\"image\/jpeg\" \/>\n<meta name=\"twitter:card\" content=\"summary_large_image\" \/>\n<meta name=\"twitter:label1\" content=\"Tempo estimado de leitura\" \/>\n\t<meta name=\"twitter:data1\" content=\"1 minuto\" \/>\n<script type=\"application\/ld+json\" class=\"yoast-schema-graph\">{\"@context\":\"https:\/\/schema.org\",\"@graph\":[{\"@type\":\"WebPage\",\"@id\":\"https:\/\/keramamueblesdejardin.com\/pt-pt\/salas-de-jantar-ao-ar-livre\/mesas-de-jardim\/extensivel-jardim-mesa-200-320x100-aluminio-antracite-e-madeira-vermont\/\",\"url\":\"https:\/\/keramamueblesdejardin.com\/pt-pt\/salas-de-jantar-ao-ar-livre\/mesas-de-jardim\/extensivel-jardim-mesa-200-320x100-aluminio-antracite-e-madeira-vermont\/\",\"name\":\"Mesa de jardim extens\u00edvel 200\/320x100 feita de alum\u00ednio antracite e madeira - Vermont - Kerama\",\"isPartOf\":{\"@id\":\"https:\/\/keramamueblesdejardin.com\/pt-pt\/#website\"},\"primaryImageOfPage\":{\"@id\":\"https:\/\/keramamueblesdejardin.com\/pt-pt\/salas-de-jantar-ao-ar-livre\/mesas-de-jardim\/extensivel-jardim-mesa-200-320x100-aluminio-antracite-e-madeira-vermont\/#primaryimage\"},\"image\":{\"@id\":\"https:\/\/keramamueblesdejardin.com\/pt-pt\/salas-de-jantar-ao-ar-livre\/mesas-de-jardim\/extensivel-jardim-mesa-200-320x100-aluminio-antracite-e-madeira-vermont\/#primaryimage\"},\"thumbnailUrl\":\"https:\/\/keramamueblesdejardin.com\/wp-content\/uploads\/2025\/03\/vermont_0046_set-de-comedor-jardin-extensible-8-plazas-antracita-21.jpg\",\"datePublished\":\"2025-03-24T08:17:22+00:00\",\"dateModified\":\"2025-03-24T09:17:22+00:00\",\"breadcrumb\":{\"@id\":\"https:\/\/keramamueblesdejardin.com\/pt-pt\/salas-de-jantar-ao-ar-livre\/mesas-de-jardim\/extensivel-jardim-mesa-200-320x100-aluminio-antracite-e-madeira-vermont\/#breadcrumb\"},\"inLanguage\":\"pt-PT\",\"potentialAction\":[{\"@type\":\"ReadAction\",\"target\":[\"https:\/\/keramamueblesdejardin.com\/pt-pt\/salas-de-jantar-ao-ar-livre\/mesas-de-jardim\/extensivel-jardim-mesa-200-320x100-aluminio-antracite-e-madeira-vermont\/\"]}]},{\"@type\":\"ImageObject\",\"inLanguage\":\"pt-PT\",\"@id\":\"https:\/\/keramamueblesdejardin.com\/pt-pt\/salas-de-jantar-ao-ar-livre\/mesas-de-jardim\/extensivel-jardim-mesa-200-320x100-aluminio-antracite-e-madeira-vermont\/#primaryimage\",\"url\":\"https:\/\/keramamueblesdejardin.com\/wp-content\/uploads\/2025\/03\/vermont_0046_set-de-comedor-jardin-extensible-8-plazas-antracita-21.jpg\",\"contentUrl\":\"https:\/\/keramamueblesdejardin.com\/wp-content\/uploads\/2025\/03\/vermont_0046_set-de-comedor-jardin-extensible-8-plazas-antracita-21.jpg\",\"width\":1200,\"height\":1200},{\"@type\":\"BreadcrumbList\",\"@id\":\"https:\/\/keramamueblesdejardin.com\/pt-pt\/salas-de-jantar-ao-ar-livre\/mesas-de-jardim\/extensivel-jardim-mesa-200-320x100-aluminio-antracite-e-madeira-vermont\/#breadcrumb\",\"itemListElement\":[{\"@type\":\"ListItem\",\"position\":1,\"name\":\"Home\",\"item\":\"https:\/\/keramamueblesdejardin.com\/pt-pt\/\"},{\"@type\":\"ListItem\",\"position\":2,\"name\":\"Tienda\",\"item\":\"https:\/\/keramamueblesdejardin.com\/pt-pt\/tienda-2\/\"},{\"@type\":\"ListItem\",\"position\":3,\"name\":\"Salas de jantar ao ar livre\",\"item\":\"https:\/\/keramamueblesdejardin.com\/pt-pt\/salas-de-jantar-ao-ar-livre\/\"},{\"@type\":\"ListItem\",\"position\":4,\"name\":\"Mesas de jardim\",\"item\":\"https:\/\/keramamueblesdejardin.com\/pt-pt\/salas-de-jantar-ao-ar-livre\/mesas-de-jardim\/\"},{\"@type\":\"ListItem\",\"position\":5,\"name\":\"Mesa de jardim extens\u00edvel 200\/320&#215;100 feita de alum\u00ednio antracite e madeira &#8211; Vermont\"}]},{\"@type\":\"WebSite\",\"@id\":\"https:\/\/keramamueblesdejardin.com\/pt-pt\/#website\",\"url\":\"https:\/\/keramamueblesdejardin.com\/pt-pt\/\",\"name\":\"Kerama\",\"description\":\"muebles de jard\u00edn\",\"publisher\":{\"@id\":\"https:\/\/keramamueblesdejardin.com\/pt-pt\/#organization\"},\"potentialAction\":[{\"@type\":\"SearchAction\",\"target\":{\"@type\":\"EntryPoint\",\"urlTemplate\":\"https:\/\/keramamueblesdejardin.com\/pt-pt\/?s={search_term_string}\"},\"query-input\":{\"@type\":\"PropertyValueSpecification\",\"valueRequired\":true,\"valueName\":\"search_term_string\"}}],\"inLanguage\":\"pt-PT\"},{\"@type\":\"Organization\",\"@id\":\"https:\/\/keramamueblesdejardin.com\/pt-pt\/#organization\",\"name\":\"kerama\",\"url\":\"https:\/\/keramamueblesdejardin.com\/pt-pt\/\",\"logo\":{\"@type\":\"ImageObject\",\"inLanguage\":\"pt-PT\",\"@id\":\"https:\/\/keramamueblesdejardin.com\/pt-pt\/#\/schema\/logo\/image\/\",\"url\":\"https:\/\/keramamueblesdejardin.com\/wp-content\/uploads\/2020\/12\/k.-scaled.jpg\",\"contentUrl\":\"https:\/\/keramamueblesdejardin.com\/wp-content\/uploads\/2020\/12\/k.-scaled.jpg\",\"width\":2560,\"height\":551,\"caption\":\"kerama\"},\"image\":{\"@id\":\"https:\/\/keramamueblesdejardin.com\/pt-pt\/#\/schema\/logo\/image\/\"},\"sameAs\":[\"https:\/\/www.facebook.com\/Kerama-Muebles-de-Jard\u00edn-106209328312568\/\"]}]}<\/script>\n<!-- \/ Yoast SEO plugin. -->","yoast_head_json":{"title":"Mesa de jardim extens\u00edvel 200\/320x100 feita de alum\u00ednio antracite e madeira - Vermont - Kerama","robots":{"index":"index","follow":"follow","max-snippet":"max-snippet:-1","max-image-preview":"max-image-preview:large","max-video-preview":"max-video-preview:-1"},"canonical":"https:\/\/keramamueblesdejardin.com\/pt-pt\/salas-de-jantar-ao-ar-livre\/mesas-de-jardim\/extensivel-jardim-mesa-200-320x100-aluminio-antracite-e-madeira-vermont\/","og_locale":"pt_PT","og_type":"article","og_title":"Mesa de jardim extens\u00edvel 200\/320x100 feita de alum\u00ednio antracite e madeira - Vermont - Kerama","og_description":"Mesa com dupla extens\u00e3o de alum\u00ednio branco e teca  Sistema de ancoragem para cada extens\u00e3o  Tabela: 200\/260\/320x100cm","og_url":"https:\/\/keramamueblesdejardin.com\/pt-pt\/salas-de-jantar-ao-ar-livre\/mesas-de-jardim\/extensivel-jardim-mesa-200-320x100-aluminio-antracite-e-madeira-vermont\/","og_site_name":"Kerama","article_publisher":"https:\/\/www.facebook.com\/Kerama-Muebles-de-Jard%c3%adn-106209328312568\/","article_modified_time":"2025-03-24T09:17:22+00:00","og_image":[{"width":1200,"height":1200,"url":"https:\/\/keramamueblesdejardin.com\/wp-content\/uploads\/2025\/03\/vermont_0046_set-de-comedor-jardin-extensible-8-plazas-antracita-21.jpg","type":"image\/jpeg"}],"twitter_card":"summary_large_image","twitter_misc":{"Tempo estimado de leitura":"1 minuto"},"schema":{"@context":"https:\/\/schema.org","@graph":[{"@type":"WebPage","@id":"https:\/\/keramamueblesdejardin.com\/pt-pt\/salas-de-jantar-ao-ar-livre\/mesas-de-jardim\/extensivel-jardim-mesa-200-320x100-aluminio-antracite-e-madeira-vermont\/","url":"https:\/\/keramamueblesdejardin.com\/pt-pt\/salas-de-jantar-ao-ar-livre\/mesas-de-jardim\/extensivel-jardim-mesa-200-320x100-aluminio-antracite-e-madeira-vermont\/","name":"Mesa de jardim extens\u00edvel 200\/320x100 feita de alum\u00ednio antracite e madeira - Vermont - Kerama","isPartOf":{"@id":"https:\/\/keramamueblesdejardin.com\/pt-pt\/#website"},"primaryImageOfPage":{"@id":"https:\/\/keramamueblesdejardin.com\/pt-pt\/salas-de-jantar-ao-ar-livre\/mesas-de-jardim\/extensivel-jardim-mesa-200-320x100-aluminio-antracite-e-madeira-vermont\/#primaryimage"},"image":{"@id":"https:\/\/keramamueblesdejardin.com\/pt-pt\/salas-de-jantar-ao-ar-livre\/mesas-de-jardim\/extensivel-jardim-mesa-200-320x100-aluminio-antracite-e-madeira-vermont\/#primaryimage"},"thumbnailUrl":"https:\/\/keramamueblesdejardin.com\/wp-content\/uploads\/2025\/03\/vermont_0046_set-de-comedor-jardin-extensible-8-plazas-antracita-21.jpg","datePublished":"2025-03-24T08:17:22+00:00","dateModified":"2025-03-24T09:17:22+00:00","breadcrumb":{"@id":"https:\/\/keramamueblesdejardin.com\/pt-pt\/salas-de-jantar-ao-ar-livre\/mesas-de-jardim\/extensivel-jardim-mesa-200-320x100-aluminio-antracite-e-madeira-vermont\/#breadcrumb"},"inLanguage":"pt-PT","potentialAction":[{"@type":"ReadAction","target":["https:\/\/keramamueblesdejardin.com\/pt-pt\/salas-de-jantar-ao-ar-livre\/mesas-de-jardim\/extensivel-jardim-mesa-200-320x100-aluminio-antracite-e-madeira-vermont\/"]}]},{"@type":"ImageObject","inLanguage":"pt-PT","@id":"https:\/\/keramamueblesdejardin.com\/pt-pt\/salas-de-jantar-ao-ar-livre\/mesas-de-jardim\/extensivel-jardim-mesa-200-320x100-aluminio-antracite-e-madeira-vermont\/#primaryimage","url":"https:\/\/keramamueblesdejardin.com\/wp-content\/uploads\/2025\/03\/vermont_0046_set-de-comedor-jardin-extensible-8-plazas-antracita-21.jpg","contentUrl":"https:\/\/keramamueblesdejardin.com\/wp-content\/uploads\/2025\/03\/vermont_0046_set-de-comedor-jardin-extensible-8-plazas-antracita-21.jpg","width":1200,"height":1200},{"@type":"BreadcrumbList","@id":"https:\/\/keramamueblesdejardin.com\/pt-pt\/salas-de-jantar-ao-ar-livre\/mesas-de-jardim\/extensivel-jardim-mesa-200-320x100-aluminio-antracite-e-madeira-vermont\/#breadcrumb","itemListElement":[{"@type":"ListItem","position":1,"name":"Home","item":"https:\/\/keramamueblesdejardin.com\/pt-pt\/"},{"@type":"ListItem","position":2,"name":"Tienda","item":"https:\/\/keramamueblesdejardin.com\/pt-pt\/tienda-2\/"},{"@type":"ListItem","position":3,"name":"Salas de jantar ao ar livre","item":"https:\/\/keramamueblesdejardin.com\/pt-pt\/salas-de-jantar-ao-ar-livre\/"},{"@type":"ListItem","position":4,"name":"Mesas de jardim","item":"https:\/\/keramamueblesdejardin.com\/pt-pt\/salas-de-jantar-ao-ar-livre\/mesas-de-jardim\/"},{"@type":"ListItem","position":5,"name":"Mesa de jardim extens\u00edvel 200\/320&#215;100 feita de alum\u00ednio antracite e madeira &#8211; Vermont"}]},{"@type":"WebSite","@id":"https:\/\/keramamueblesdejardin.com\/pt-pt\/#website","url":"https:\/\/keramamueblesdejardin.com\/pt-pt\/","name":"Kerama","description":"muebles de jard\u00edn","publisher":{"@id":"https:\/\/keramamueblesdejardin.com\/pt-pt\/#organization"},"potentialAction":[{"@type":"SearchAction","target":{"@type":"EntryPoint","urlTemplate":"https:\/\/keramamueblesdejardin.com\/pt-pt\/?s={search_term_string}"},"query-input":{"@type":"PropertyValueSpecification","valueRequired":true,"valueName":"search_term_string"}}],"inLanguage":"pt-PT"},{"@type":"Organization","@id":"https:\/\/keramamueblesdejardin.com\/pt-pt\/#organization","name":"kerama","url":"https:\/\/keramamueblesdejardin.com\/pt-pt\/","logo":{"@type":"ImageObject","inLanguage":"pt-PT","@id":"https:\/\/keramamueblesdejardin.com\/pt-pt\/#\/schema\/logo\/image\/","url":"https:\/\/keramamueblesdejardin.com\/wp-content\/uploads\/2020\/12\/k.-scaled.jpg","contentUrl":"https:\/\/keramamueblesdejardin.com\/wp-content\/uploads\/2020\/12\/k.-scaled.jpg","width":2560,"height":551,"caption":"kerama"},"image":{"@id":"https:\/\/keramamueblesdejardin.com\/pt-pt\/#\/schema\/logo\/image\/"},"sameAs":["https:\/\/www.facebook.com\/Kerama-Muebles-de-Jard\u00edn-106209328312568\/"]}]}},"df_price":1689,"df_sale_price":1689,"df_regular_price":2027,"df_image_link":"https:\/\/keramamueblesdejardin.com\/wp-content\/uploads\/2025\/03\/vermont_0046_set-de-comedor-jardin-extensible-8-plazas-antracita-21-300x300.jpg","custom_tabs":[{"title":"MEDI\u00c7\u00c3O","id":"medi\u00e7\u00e3o","content":"<div class=\"list\">\n<div class=\"list\"><strong>Alta: <\/strong>Tabela 76cm<\/div>\n<div class=\"list\"><strong>Largura: <\/strong>Tabela 200\/260\/320cm<\/div>\n<div class=\"list\"><strong>Parte inferior: <\/strong>Tabela 100cm<\/div>\n<\/div>"},{"title":"DESEMBALAR E ASSEMBL\u00c9IA","id":"desembalar-e-assembleia","content":"<div class=\"list\"><strong style=\"font-weight: bold; color: #282828;\">Recomenda\u00e7\u00f5es para desempacotar:<\/strong><span style=\"color: #282828;\"> N\u00e3o utilizar ferramentas afiadas ao desembalar o mobili\u00e1rio, pois isso pode causar danos.<\/span><br style=\"color: #282828;\"><strong style=\"font-weight: bold; color: #282828;\">Montagem necess\u00e1ria (S\/N):<\/strong><span style=\"color: #282828;\"> Sim<\/span><br style=\"color: #282828;\"><strong style=\"font-weight: bold; color: #282828;\">Dificuldade de montagem:<\/strong><span style=\"color: #282828;\"> F\u00e1cil<\/span><br style=\"color: #282828;\"><strong style=\"font-weight: bold; color: #282828;\">Tempo de montagem:<\/strong> <span style=\"color: #282828;\">20 minutos<\/span><br style=\"color: #282828;\"><strong style=\"font-weight: bold; color: #282828;\">Pessoas recomendadas para a montagem:<\/strong><span style=\"color: #282828;\"> 2<\/span><br style=\"color: #282828;\"><strong style=\"font-weight: bold; color: #282828;\">Sugest\u00f5es da assembleia:<\/strong><span style=\"color: #282828;\">  Preparar uma \u00e1rea de montagem limpa e seca, verificar se nenhuma das pe\u00e7as listadas no manual est\u00e1 em falta. Recomendamos o uso de luvas adequadas para a montagem. Utilize apenas pe\u00e7as e hardware fornecidos.<\/span><\/div>"},{"title":"MANUTEN\u00c7\u00c3O E GARANTIAS","id":"manutencao-e-garantias","content":"<strong>Recomenda\u00e7\u00f5es gerais:<\/strong>\n\u2022 Avarias ou danos causados por:\n\u2022 Causas acidentais como quedas, golpes, derrames de l\u00edquidos, introdu\u00e7\u00e3o de corpos estranhos, bem como qualquer outro caso de for\u00e7a maior est\u00e3o exclu\u00eddos da garantia.\n\u2022 Uso negligente, inadequado ou n\u00e3o dom\u00e9stico.\n\u2022 Danos, corros\u00e3o e\/ou oxida\u00e7\u00e3o acelerados por condi\u00e7\u00f5es ambientais adversas\n\u2022 Manchas e descolora\u00e7\u00e3o devido ao n\u00e3o cumprimento das nossas instru\u00e7\u00f5es de limpeza\n\u2022 Danos ocorridos durante a montagem e manuseamento sem ter seguido as instru\u00e7\u00f5es de montagem indicadas.\n<strong>Instru\u00e7\u00f5es de utiliza\u00e7\u00e3o e manuten\u00e7\u00e3o:<\/strong>\n\u2022 Limpe suavemente com a ajuda de um pano ou use um sabonete l\u00edquido neutro, enxaguando com bastante \u00e1gua.\n\u2022 Retire o p\u00f3 regularmente com a ajuda de um pano macio e \u00e1gua l\u00edmpida.\n\u2022 N\u00e3o utilize detergentes ou produtos abrasivos para a limpeza.\n\u2022 Tratamento com \u00f3leo de linha\u00e7a: Antes de aplicar uma camada de \u00f3leo de linha\u00e7a sobre o produto em seu estado natural, \u00e9 aconselh\u00e1vel deix\u00e1-lo fora por 2 ou 3 semanas, para que ele assuma uma apar\u00eancia homog\u00eanea e o areje. Limpe com \u00e1gua limpa com uma escova e deixe secar. Uma vez bem seco, deve ser lixado com uma lixa de uma gramagem entre 120 e 150 cuidadosa e soltamente, seguindo, na medida do poss\u00edvel, a dire\u00e7\u00e3o dos gr\u00e3os; Esta opera\u00e7\u00e3o nunca deve ser realizada nas primeiras horas do dia.\nPara manter a cor \u00e9 aconselh\u00e1vel repetir o processo uma ou duas vezes por ano.\nSe o \u00f3leo de linho j\u00e1 tiver sido aplicado no m\u00f3vel, \u00e9 aconselh\u00e1vel lix\u00e1-lo a cada tr\u00eas anos para que as sucessivas camadas de \u00f3leo n\u00e3o impe\u00e7am a madeira de transpirar.\n<strong>Anos de garantia:<\/strong> 3 anos\n<strong>Fabricado de acordo com a Norma:<\/strong> 581-1.581-2.581-3\n<strong>Certificado FSC (S\/N):<\/strong> Sim"}],"_links":{"self":[{"href":"https:\/\/keramamueblesdejardin.com\/pt-pt\/wp-json\/wp\/v2\/product\/177699","targetHints":{"allow":["GET"]}}],"collection":[{"href":"https:\/\/keramamueblesdejardin.com\/pt-pt\/wp-json\/wp\/v2\/product"}],"about":[{"href":"https:\/\/keramamueblesdejardin.com\/pt-pt\/wp-json\/wp\/v2\/types\/product"}],"replies":[{"embeddable":true,"href":"https:\/\/keramamueblesdejardin.com\/pt-pt\/wp-json\/wp\/v2\/comments?post=177699"}],"wp:featuredmedia":[{"embeddable":true,"href":"https:\/\/keramamueblesdejardin.com\/pt-pt\/wp-json\/wp\/v2\/media\/176659"}],"wp:attachment":[{"href":"https:\/\/keramamueblesdejardin.com\/pt-pt\/wp-json\/wp\/v2\/media?parent=177699"}],"wp:term":[{"taxonomy":"product_brand","embeddable":true,"href":"https:\/\/keramamueblesdejardin.com\/pt-pt\/wp-json\/wp\/v2\/product_brand?post=177699"},{"taxonomy":"product_cat","embeddable":true,"href":"https:\/\/keramamueblesdejardin.com\/pt-pt\/wp-json\/wp\/v2\/product_cat?post=177699"},{"taxonomy":"product_tag","embeddable":true,"href":"https:\/\/keramamueblesdejardin.com\/pt-pt\/wp-json\/wp\/v2\/product_tag?post=177699"}],"curies":[{"name":"wp","href":"https:\/\/api.w.org\/{rel}","templated":true}]}}