{"id":177697,"date":"2025-03-24T08:55:13","date_gmt":"2025-03-24T07:55:13","guid":{"rendered":"https:\/\/keramamueblesdejardin.com\/sem categoria\/vermont-200-320x100-mesa-de-jardim-extensivel-feita-de-aluminio-branco-e-madeira\/"},"modified":"2025-03-24T09:55:13","modified_gmt":"2025-03-24T08:55:13","slug":"extensivel-jardim-mesa-200-320x100-aluminio-branco-e-madeira-vermont","status":"publish","type":"product","link":"https:\/\/keramamueblesdejardin.com\/pt-pt\/salas-de-jantar-ao-ar-livre\/mesas-de-jardim\/extensivel-jardim-mesa-200-320x100-aluminio-branco-e-madeira-vermont\/","title":{"rendered":"Vermont 200\/320&#215;100 mesa de jardim extens\u00edvel feita de alum\u00ednio branco e madeira"},"content":{"rendered":"<p class=\"\" data-start=\"252\" data-end=\"608\">A <strong data-start=\"255\" data-end=\"292\">mesa de jardim extens\u00edvel Vermont<\/strong> \u00e9 a escolha ideal para quem procura funcionalidade, design e resist\u00eancia nos seus espa\u00e7os exteriores. Feita com uma estrutura <strong data-start=\"428\" data-end=\"455\">de alum\u00ednio bege<\/strong> e uma elegante superf\u00edcie de <strong data-start=\"485\" data-end=\"509\">teca certificada pelo FSC<\/strong>, esta mesa combina est\u00e9tica moderna com materiais altamente dur\u00e1veis, perfeitos para atividades ao ar livre. <\/p>\n<p class=\"\" data-start=\"610\" data-end=\"942\">O seu pr\u00e1tico sistema de dupla extens\u00e3o com carris permite-lhe ajustar o seu tamanho de forma r\u00e1pida e f\u00e1cil: de 200&#215;100 cm a 260&#215;100 cm ou at\u00e9 320&#215;100 cm. Gra\u00e7as ao seu design inteligente, as extens\u00f5es integram-se sem comprometer o conforto dos clientes, evitando que as pernas interfiram com o espa\u00e7o para as pernas. <\/p>\n<p class=\"\" data-start=\"944\" data-end=\"1233\">Ideal para terra\u00e7os, p\u00e1tios ou jardins, a mesa de Vermont adapta-se facilmente a reuni\u00f5es familiares, refei\u00e7\u00f5es ao ar livre ou celebra\u00e7\u00f5es com amigos. A sua estrutura robusta e acabamentos de qualidade fazem dela uma <strong data-start=\"1160\" data-end=\"1189\">mesa de jardim extens\u00edvel<\/strong> concebida para desfrutar durante todo o ano <\/p>\n","protected":false},"excerpt":{"rendered":"<ul>\n<li>Mesa com dupla extens\u00e3o de alum\u00ednio branco e teca<\/li>\n<li>Sistema de ancoragem para cada extens\u00e3o<\/li>\n<li>Tabela: 200\/260\/320x100cm<\/li>\n<\/ul>\n","protected":false},"featured_media":177106,"comment_status":"closed","ping_status":"open","template":"","meta":{"_acf_changed":false},"product_brand":[],"product_cat":[453,420],"product_tag":[],"class_list":{"0":"post-177697","1":"product","2":"type-product","3":"status-publish","4":"has-post-thumbnail","6":"product_cat-mesas-de-jardim","7":"product_cat-salas-de-jantar-ao-ar-livre","8":"product_shipping_class-envio-gratuito-pt-pt","10":"first","11":"instock","12":"sale","13":"purchasable","14":"product-type-simple","15":"add-to-wishlist-before_image"},"acf":[],"yoast_head":"<!-- This site is optimized with the Yoast SEO plugin v27.2 - https:\/\/yoast.com\/product\/yoast-seo-wordpress\/ -->\n<title>Vermont 200\/320x100 mesa de jardim extens\u00edvel feita de alum\u00ednio branco e madeira - Kerama<\/title>\n<meta name=\"robots\" content=\"index, follow, max-snippet:-1, max-image-preview:large, max-video-preview:-1\" \/>\n<link rel=\"canonical\" href=\"https:\/\/keramamueblesdejardin.com\/pt-pt\/salas-de-jantar-ao-ar-livre\/mesas-de-jardim\/extensivel-jardim-mesa-200-320x100-aluminio-branco-e-madeira-vermont\/\" \/>\n<meta property=\"og:locale\" content=\"pt_PT\" \/>\n<meta property=\"og:type\" content=\"article\" \/>\n<meta property=\"og:title\" content=\"Vermont 200\/320x100 mesa de jardim extens\u00edvel feita de alum\u00ednio branco e madeira - Kerama\" \/>\n<meta property=\"og:description\" content=\"Mesa com dupla extens\u00e3o de alum\u00ednio branco e teca  Sistema de ancoragem para cada extens\u00e3o  Tabela: 200\/260\/320x100cm\" \/>\n<meta property=\"og:url\" content=\"https:\/\/keramamueblesdejardin.com\/pt-pt\/salas-de-jantar-ao-ar-livre\/mesas-de-jardim\/extensivel-jardim-mesa-200-320x100-aluminio-branco-e-madeira-vermont\/\" \/>\n<meta property=\"og:site_name\" content=\"Kerama\" \/>\n<meta property=\"article:publisher\" content=\"https:\/\/www.facebook.com\/Kerama-Muebles-de-Jard%c3%adn-106209328312568\/\" \/>\n<meta property=\"article:modified_time\" content=\"2025-03-24T08:55:13+00:00\" \/>\n<meta property=\"og:image\" content=\"https:\/\/keramamueblesdejardin.com\/wp-content\/uploads\/2025\/03\/mesa-extensible-blanca-vermont.jpg\" \/>\n\t<meta property=\"og:image:width\" content=\"1200\" \/>\n\t<meta property=\"og:image:height\" content=\"1200\" \/>\n\t<meta property=\"og:image:type\" content=\"image\/jpeg\" \/>\n<meta name=\"twitter:card\" content=\"summary_large_image\" \/>\n<meta name=\"twitter:label1\" content=\"Tempo estimado de leitura\" \/>\n\t<meta name=\"twitter:data1\" content=\"1 minuto\" \/>\n<script type=\"application\/ld+json\" class=\"yoast-schema-graph\">{\"@context\":\"https:\/\/schema.org\",\"@graph\":[{\"@type\":\"WebPage\",\"@id\":\"https:\/\/keramamueblesdejardin.com\/pt-pt\/salas-de-jantar-ao-ar-livre\/mesas-de-jardim\/extensivel-jardim-mesa-200-320x100-aluminio-branco-e-madeira-vermont\/\",\"url\":\"https:\/\/keramamueblesdejardin.com\/pt-pt\/salas-de-jantar-ao-ar-livre\/mesas-de-jardim\/extensivel-jardim-mesa-200-320x100-aluminio-branco-e-madeira-vermont\/\",\"name\":\"Vermont 200\/320x100 mesa de jardim extens\u00edvel feita de alum\u00ednio branco e madeira - Kerama\",\"isPartOf\":{\"@id\":\"https:\/\/keramamueblesdejardin.com\/pt-pt\/#website\"},\"primaryImageOfPage\":{\"@id\":\"https:\/\/keramamueblesdejardin.com\/pt-pt\/salas-de-jantar-ao-ar-livre\/mesas-de-jardim\/extensivel-jardim-mesa-200-320x100-aluminio-branco-e-madeira-vermont\/#primaryimage\"},\"image\":{\"@id\":\"https:\/\/keramamueblesdejardin.com\/pt-pt\/salas-de-jantar-ao-ar-livre\/mesas-de-jardim\/extensivel-jardim-mesa-200-320x100-aluminio-branco-e-madeira-vermont\/#primaryimage\"},\"thumbnailUrl\":\"https:\/\/keramamueblesdejardin.com\/wp-content\/uploads\/2025\/03\/mesa-extensible-blanca-vermont.jpg\",\"datePublished\":\"2025-03-24T07:55:13+00:00\",\"dateModified\":\"2025-03-24T08:55:13+00:00\",\"breadcrumb\":{\"@id\":\"https:\/\/keramamueblesdejardin.com\/pt-pt\/salas-de-jantar-ao-ar-livre\/mesas-de-jardim\/extensivel-jardim-mesa-200-320x100-aluminio-branco-e-madeira-vermont\/#breadcrumb\"},\"inLanguage\":\"pt-PT\",\"potentialAction\":[{\"@type\":\"ReadAction\",\"target\":[\"https:\/\/keramamueblesdejardin.com\/pt-pt\/salas-de-jantar-ao-ar-livre\/mesas-de-jardim\/extensivel-jardim-mesa-200-320x100-aluminio-branco-e-madeira-vermont\/\"]}]},{\"@type\":\"ImageObject\",\"inLanguage\":\"pt-PT\",\"@id\":\"https:\/\/keramamueblesdejardin.com\/pt-pt\/salas-de-jantar-ao-ar-livre\/mesas-de-jardim\/extensivel-jardim-mesa-200-320x100-aluminio-branco-e-madeira-vermont\/#primaryimage\",\"url\":\"https:\/\/keramamueblesdejardin.com\/wp-content\/uploads\/2025\/03\/mesa-extensible-blanca-vermont.jpg\",\"contentUrl\":\"https:\/\/keramamueblesdejardin.com\/wp-content\/uploads\/2025\/03\/mesa-extensible-blanca-vermont.jpg\",\"width\":1200,\"height\":1200},{\"@type\":\"BreadcrumbList\",\"@id\":\"https:\/\/keramamueblesdejardin.com\/pt-pt\/salas-de-jantar-ao-ar-livre\/mesas-de-jardim\/extensivel-jardim-mesa-200-320x100-aluminio-branco-e-madeira-vermont\/#breadcrumb\",\"itemListElement\":[{\"@type\":\"ListItem\",\"position\":1,\"name\":\"Home\",\"item\":\"https:\/\/keramamueblesdejardin.com\/pt-pt\/\"},{\"@type\":\"ListItem\",\"position\":2,\"name\":\"Tienda\",\"item\":\"https:\/\/keramamueblesdejardin.com\/pt-pt\/tienda-2\/\"},{\"@type\":\"ListItem\",\"position\":3,\"name\":\"Salas de jantar ao ar livre\",\"item\":\"https:\/\/keramamueblesdejardin.com\/pt-pt\/salas-de-jantar-ao-ar-livre\/\"},{\"@type\":\"ListItem\",\"position\":4,\"name\":\"Mesas de jardim\",\"item\":\"https:\/\/keramamueblesdejardin.com\/pt-pt\/salas-de-jantar-ao-ar-livre\/mesas-de-jardim\/\"},{\"@type\":\"ListItem\",\"position\":5,\"name\":\"Vermont 200\/320&#215;100 mesa de jardim extens\u00edvel feita de alum\u00ednio branco e madeira\"}]},{\"@type\":\"WebSite\",\"@id\":\"https:\/\/keramamueblesdejardin.com\/pt-pt\/#website\",\"url\":\"https:\/\/keramamueblesdejardin.com\/pt-pt\/\",\"name\":\"Kerama\",\"description\":\"muebles de jard\u00edn\",\"publisher\":{\"@id\":\"https:\/\/keramamueblesdejardin.com\/pt-pt\/#organization\"},\"potentialAction\":[{\"@type\":\"SearchAction\",\"target\":{\"@type\":\"EntryPoint\",\"urlTemplate\":\"https:\/\/keramamueblesdejardin.com\/pt-pt\/?s={search_term_string}\"},\"query-input\":{\"@type\":\"PropertyValueSpecification\",\"valueRequired\":true,\"valueName\":\"search_term_string\"}}],\"inLanguage\":\"pt-PT\"},{\"@type\":\"Organization\",\"@id\":\"https:\/\/keramamueblesdejardin.com\/pt-pt\/#organization\",\"name\":\"kerama\",\"url\":\"https:\/\/keramamueblesdejardin.com\/pt-pt\/\",\"logo\":{\"@type\":\"ImageObject\",\"inLanguage\":\"pt-PT\",\"@id\":\"https:\/\/keramamueblesdejardin.com\/pt-pt\/#\/schema\/logo\/image\/\",\"url\":\"https:\/\/keramamueblesdejardin.com\/wp-content\/uploads\/2020\/12\/k.-scaled.jpg\",\"contentUrl\":\"https:\/\/keramamueblesdejardin.com\/wp-content\/uploads\/2020\/12\/k.-scaled.jpg\",\"width\":2560,\"height\":551,\"caption\":\"kerama\"},\"image\":{\"@id\":\"https:\/\/keramamueblesdejardin.com\/pt-pt\/#\/schema\/logo\/image\/\"},\"sameAs\":[\"https:\/\/www.facebook.com\/Kerama-Muebles-de-Jard\u00edn-106209328312568\/\"]}]}<\/script>\n<!-- \/ Yoast SEO plugin. -->","yoast_head_json":{"title":"Vermont 200\/320x100 mesa de jardim extens\u00edvel feita de alum\u00ednio branco e madeira - Kerama","robots":{"index":"index","follow":"follow","max-snippet":"max-snippet:-1","max-image-preview":"max-image-preview:large","max-video-preview":"max-video-preview:-1"},"canonical":"https:\/\/keramamueblesdejardin.com\/pt-pt\/salas-de-jantar-ao-ar-livre\/mesas-de-jardim\/extensivel-jardim-mesa-200-320x100-aluminio-branco-e-madeira-vermont\/","og_locale":"pt_PT","og_type":"article","og_title":"Vermont 200\/320x100 mesa de jardim extens\u00edvel feita de alum\u00ednio branco e madeira - Kerama","og_description":"Mesa com dupla extens\u00e3o de alum\u00ednio branco e teca  Sistema de ancoragem para cada extens\u00e3o  Tabela: 200\/260\/320x100cm","og_url":"https:\/\/keramamueblesdejardin.com\/pt-pt\/salas-de-jantar-ao-ar-livre\/mesas-de-jardim\/extensivel-jardim-mesa-200-320x100-aluminio-branco-e-madeira-vermont\/","og_site_name":"Kerama","article_publisher":"https:\/\/www.facebook.com\/Kerama-Muebles-de-Jard%c3%adn-106209328312568\/","article_modified_time":"2025-03-24T08:55:13+00:00","og_image":[{"width":1200,"height":1200,"url":"https:\/\/keramamueblesdejardin.com\/wp-content\/uploads\/2025\/03\/mesa-extensible-blanca-vermont.jpg","type":"image\/jpeg"}],"twitter_card":"summary_large_image","twitter_misc":{"Tempo estimado de leitura":"1 minuto"},"schema":{"@context":"https:\/\/schema.org","@graph":[{"@type":"WebPage","@id":"https:\/\/keramamueblesdejardin.com\/pt-pt\/salas-de-jantar-ao-ar-livre\/mesas-de-jardim\/extensivel-jardim-mesa-200-320x100-aluminio-branco-e-madeira-vermont\/","url":"https:\/\/keramamueblesdejardin.com\/pt-pt\/salas-de-jantar-ao-ar-livre\/mesas-de-jardim\/extensivel-jardim-mesa-200-320x100-aluminio-branco-e-madeira-vermont\/","name":"Vermont 200\/320x100 mesa de jardim extens\u00edvel feita de alum\u00ednio branco e madeira - Kerama","isPartOf":{"@id":"https:\/\/keramamueblesdejardin.com\/pt-pt\/#website"},"primaryImageOfPage":{"@id":"https:\/\/keramamueblesdejardin.com\/pt-pt\/salas-de-jantar-ao-ar-livre\/mesas-de-jardim\/extensivel-jardim-mesa-200-320x100-aluminio-branco-e-madeira-vermont\/#primaryimage"},"image":{"@id":"https:\/\/keramamueblesdejardin.com\/pt-pt\/salas-de-jantar-ao-ar-livre\/mesas-de-jardim\/extensivel-jardim-mesa-200-320x100-aluminio-branco-e-madeira-vermont\/#primaryimage"},"thumbnailUrl":"https:\/\/keramamueblesdejardin.com\/wp-content\/uploads\/2025\/03\/mesa-extensible-blanca-vermont.jpg","datePublished":"2025-03-24T07:55:13+00:00","dateModified":"2025-03-24T08:55:13+00:00","breadcrumb":{"@id":"https:\/\/keramamueblesdejardin.com\/pt-pt\/salas-de-jantar-ao-ar-livre\/mesas-de-jardim\/extensivel-jardim-mesa-200-320x100-aluminio-branco-e-madeira-vermont\/#breadcrumb"},"inLanguage":"pt-PT","potentialAction":[{"@type":"ReadAction","target":["https:\/\/keramamueblesdejardin.com\/pt-pt\/salas-de-jantar-ao-ar-livre\/mesas-de-jardim\/extensivel-jardim-mesa-200-320x100-aluminio-branco-e-madeira-vermont\/"]}]},{"@type":"ImageObject","inLanguage":"pt-PT","@id":"https:\/\/keramamueblesdejardin.com\/pt-pt\/salas-de-jantar-ao-ar-livre\/mesas-de-jardim\/extensivel-jardim-mesa-200-320x100-aluminio-branco-e-madeira-vermont\/#primaryimage","url":"https:\/\/keramamueblesdejardin.com\/wp-content\/uploads\/2025\/03\/mesa-extensible-blanca-vermont.jpg","contentUrl":"https:\/\/keramamueblesdejardin.com\/wp-content\/uploads\/2025\/03\/mesa-extensible-blanca-vermont.jpg","width":1200,"height":1200},{"@type":"BreadcrumbList","@id":"https:\/\/keramamueblesdejardin.com\/pt-pt\/salas-de-jantar-ao-ar-livre\/mesas-de-jardim\/extensivel-jardim-mesa-200-320x100-aluminio-branco-e-madeira-vermont\/#breadcrumb","itemListElement":[{"@type":"ListItem","position":1,"name":"Home","item":"https:\/\/keramamueblesdejardin.com\/pt-pt\/"},{"@type":"ListItem","position":2,"name":"Tienda","item":"https:\/\/keramamueblesdejardin.com\/pt-pt\/tienda-2\/"},{"@type":"ListItem","position":3,"name":"Salas de jantar ao ar livre","item":"https:\/\/keramamueblesdejardin.com\/pt-pt\/salas-de-jantar-ao-ar-livre\/"},{"@type":"ListItem","position":4,"name":"Mesas de jardim","item":"https:\/\/keramamueblesdejardin.com\/pt-pt\/salas-de-jantar-ao-ar-livre\/mesas-de-jardim\/"},{"@type":"ListItem","position":5,"name":"Vermont 200\/320&#215;100 mesa de jardim extens\u00edvel feita de alum\u00ednio branco e madeira"}]},{"@type":"WebSite","@id":"https:\/\/keramamueblesdejardin.com\/pt-pt\/#website","url":"https:\/\/keramamueblesdejardin.com\/pt-pt\/","name":"Kerama","description":"muebles de jard\u00edn","publisher":{"@id":"https:\/\/keramamueblesdejardin.com\/pt-pt\/#organization"},"potentialAction":[{"@type":"SearchAction","target":{"@type":"EntryPoint","urlTemplate":"https:\/\/keramamueblesdejardin.com\/pt-pt\/?s={search_term_string}"},"query-input":{"@type":"PropertyValueSpecification","valueRequired":true,"valueName":"search_term_string"}}],"inLanguage":"pt-PT"},{"@type":"Organization","@id":"https:\/\/keramamueblesdejardin.com\/pt-pt\/#organization","name":"kerama","url":"https:\/\/keramamueblesdejardin.com\/pt-pt\/","logo":{"@type":"ImageObject","inLanguage":"pt-PT","@id":"https:\/\/keramamueblesdejardin.com\/pt-pt\/#\/schema\/logo\/image\/","url":"https:\/\/keramamueblesdejardin.com\/wp-content\/uploads\/2020\/12\/k.-scaled.jpg","contentUrl":"https:\/\/keramamueblesdejardin.com\/wp-content\/uploads\/2020\/12\/k.-scaled.jpg","width":2560,"height":551,"caption":"kerama"},"image":{"@id":"https:\/\/keramamueblesdejardin.com\/pt-pt\/#\/schema\/logo\/image\/"},"sameAs":["https:\/\/www.facebook.com\/Kerama-Muebles-de-Jard\u00edn-106209328312568\/"]}]}},"df_price":1799,"df_sale_price":1799,"df_regular_price":2027,"df_image_link":"https:\/\/keramamueblesdejardin.com\/wp-content\/uploads\/2025\/03\/mesa-extensible-blanca-vermont-300x300.jpg","custom_tabs":[{"title":"MEDI\u00c7\u00c3O","id":"medi\u00e7\u00e3o","content":"<div class=\"list\">\n<div class=\"list\"><strong>Alta: <\/strong>Tabela 76cm<\/div>\n<div class=\"list\"><strong>Largura: <\/strong>Tabela 200\/260\/320cm<\/div>\n<div class=\"list\"><strong>Parte inferior: <\/strong>Tabela 100cm<\/div>\n<\/div>"},{"title":"DESEMBALAR E ASSEMBL\u00c9IA","id":"desembalar-e-assembleia","content":"<div class=\"list\"><strong style=\"font-weight: bold; color: #282828;\">Recomenda\u00e7\u00f5es para desempacotar:<\/strong><span style=\"color: #282828;\"> N\u00e3o utilizar ferramentas afiadas ao desembalar o mobili\u00e1rio, pois isso pode causar danos.<\/span><br style=\"color: #282828;\"><strong style=\"font-weight: bold; color: #282828;\">Montagem necess\u00e1ria (S\/N):<\/strong><span style=\"color: #282828;\"> Sim<\/span><br style=\"color: #282828;\"><strong style=\"font-weight: bold; color: #282828;\">Dificuldade de montagem:<\/strong><span style=\"color: #282828;\"> F\u00e1cil<\/span><br style=\"color: #282828;\"><strong style=\"font-weight: bold; color: #282828;\">Tempo de montagem:<\/strong> <span style=\"color: #282828;\">20 minutos<\/span><br style=\"color: #282828;\"><strong style=\"font-weight: bold; color: #282828;\">Pessoas recomendadas para a montagem:<\/strong><span style=\"color: #282828;\"> 2<\/span><br style=\"color: #282828;\"><strong style=\"font-weight: bold; color: #282828;\">Sugest\u00f5es da assembleia:<\/strong><span style=\"color: #282828;\">  Preparar uma \u00e1rea de montagem limpa e seca, verificar se nenhuma das pe\u00e7as listadas no manual est\u00e1 em falta. Recomendamos o uso de luvas adequadas para a montagem. Utilize apenas pe\u00e7as e hardware fornecidos.<\/span><\/div>"},{"title":"MANUTEN\u00c7\u00c3O E GARANTIAS","id":"manutencao-e-garantias","content":"<strong>Recomenda\u00e7\u00f5es gerais:<\/strong>\n\u2022 Avarias ou danos causados por:\n\u2022 Causas acidentais como quedas, golpes, derrames de l\u00edquidos, introdu\u00e7\u00e3o de corpos estranhos, bem como qualquer outro caso de for\u00e7a maior est\u00e3o exclu\u00eddos da garantia.\n\u2022 Uso negligente, inadequado ou n\u00e3o dom\u00e9stico.\n\u2022 Danos, corros\u00e3o e\/ou oxida\u00e7\u00e3o acelerados por condi\u00e7\u00f5es ambientais adversas\n\u2022 Manchas e descolora\u00e7\u00e3o devido ao n\u00e3o cumprimento das nossas instru\u00e7\u00f5es de limpeza\n\u2022 Danos ocorridos durante a montagem e manuseamento sem ter seguido as instru\u00e7\u00f5es de montagem indicadas.\n<strong>Instru\u00e7\u00f5es de utiliza\u00e7\u00e3o e manuten\u00e7\u00e3o:<\/strong>\n\u2022 Limpe suavemente com a ajuda de um pano ou use um sabonete l\u00edquido neutro, enxaguando com bastante \u00e1gua.\n\u2022 Retire o p\u00f3 regularmente com a ajuda de um pano macio e \u00e1gua l\u00edmpida.\n\u2022 N\u00e3o utilize detergentes ou produtos abrasivos para a limpeza.\n\u2022 Tratamento com \u00f3leo de linha\u00e7a: Antes de aplicar uma camada de \u00f3leo de linha\u00e7a sobre o produto em seu estado natural, \u00e9 aconselh\u00e1vel deix\u00e1-lo fora por 2 ou 3 semanas, para que ele assuma uma apar\u00eancia homog\u00eanea e o areje. Limpe com \u00e1gua limpa com uma escova e deixe secar. Uma vez bem seco, deve ser lixado com uma lixa de uma gramagem entre 120 e 150 cuidadosa e soltamente, seguindo, na medida do poss\u00edvel, a dire\u00e7\u00e3o dos gr\u00e3os; Esta opera\u00e7\u00e3o nunca deve ser realizada nas primeiras horas do dia.\nPara manter a cor \u00e9 aconselh\u00e1vel repetir o processo uma ou duas vezes por ano.\nSe o \u00f3leo de linho j\u00e1 tiver sido aplicado no m\u00f3vel, \u00e9 aconselh\u00e1vel lix\u00e1-lo a cada tr\u00eas anos para que as sucessivas camadas de \u00f3leo n\u00e3o impe\u00e7am a madeira de transpirar.\n<strong>Anos de garantia:<\/strong> 3 anos\n<strong>Fabricado de acordo com a Norma:<\/strong> 581-1.581-2.581-3\n<strong>Certificado FSC (S\/N):<\/strong> Sim"}],"_links":{"self":[{"href":"https:\/\/keramamueblesdejardin.com\/pt-pt\/wp-json\/wp\/v2\/product\/177697","targetHints":{"allow":["GET"]}}],"collection":[{"href":"https:\/\/keramamueblesdejardin.com\/pt-pt\/wp-json\/wp\/v2\/product"}],"about":[{"href":"https:\/\/keramamueblesdejardin.com\/pt-pt\/wp-json\/wp\/v2\/types\/product"}],"replies":[{"embeddable":true,"href":"https:\/\/keramamueblesdejardin.com\/pt-pt\/wp-json\/wp\/v2\/comments?post=177697"}],"wp:featuredmedia":[{"embeddable":true,"href":"https:\/\/keramamueblesdejardin.com\/pt-pt\/wp-json\/wp\/v2\/media\/177106"}],"wp:attachment":[{"href":"https:\/\/keramamueblesdejardin.com\/pt-pt\/wp-json\/wp\/v2\/media?parent=177697"}],"wp:term":[{"taxonomy":"product_brand","embeddable":true,"href":"https:\/\/keramamueblesdejardin.com\/pt-pt\/wp-json\/wp\/v2\/product_brand?post=177697"},{"taxonomy":"product_cat","embeddable":true,"href":"https:\/\/keramamueblesdejardin.com\/pt-pt\/wp-json\/wp\/v2\/product_cat?post=177697"},{"taxonomy":"product_tag","embeddable":true,"href":"https:\/\/keramamueblesdejardin.com\/pt-pt\/wp-json\/wp\/v2\/product_tag?post=177697"}],"curies":[{"name":"wp","href":"https:\/\/api.w.org\/{rel}","templated":true}]}}