{"id":177675,"date":"2025-03-25T15:50:29","date_gmt":"2025-03-25T14:50:29","guid":{"rendered":"https:\/\/keramamueblesdejardin.com\/sem categoria\/sala-de-jantar-de-8-lugares-em-aluminio-antracite-e-polipropileno-vermontmontreal\/"},"modified":"2025-03-25T16:50:29","modified_gmt":"2025-03-25T15:50:29","slug":"8-lugares-sala-de-jantar-aluminio-antracite-e-polipropileno-vermontreal","status":"publish","type":"product","link":"https:\/\/keramamueblesdejardin.com\/pt-pt\/salas-de-jantar-ao-ar-livre\/definir-mesa-e-cadeiras-jardim\/8-lugares-sala-de-jantar-aluminio-antracite-e-polipropileno-vermontreal\/","title":{"rendered":"Sala de jantar de 8 lugares em alum\u00ednio antracite e polipropileno &#8211; Vermont&amp;Montreal"},"content":{"rendered":"<p class=\"\" data-start=\"328\" data-end=\"726\">O <strong data-start=\"331\" data-end=\"371\">conjunto de jantar com jardim de Ottawa<\/strong> oferece uma combina\u00e7\u00e3o perfeita de design contempor\u00e2neo, materiais dur\u00e1veis e conforto excecional para desfrutar ao ar livre durante todo o ano. A mesa, com estrutura <strong data-start=\"551\" data-end=\"573\">de alum\u00ednio antracite<\/strong> e superf\u00edcie de <strong data-start=\"590\" data-end=\"614\">teca certificada pelo FSC<\/strong>, apresenta linhas modernas e ergon\u00f4micas que trazem estilo e funcionalidade a qualquer terra\u00e7o, p\u00e1tio ou jardim. <\/p>\n<p class=\"\" data-start=\"728\" data-end=\"1061\">Seu <strong data-start=\"742\" data-end=\"777\">sistema de extens\u00e3o dupla usando trilhos<\/strong> permite que a mesa seja facilmente expandida de 200&#215;100 cm para 260&#215;100 cm ou at\u00e9 320&#215;100 cm, sem que as pernas interfiram no conforto dos comensais. Este mecanismo torna a <strong data-start=\"952\" data-end=\"978\">mesa extens\u00edvel de Ottawa<\/strong> ideal para se adaptar a reuni\u00f5es familiares ou reuni\u00f5es com amigos de diferentes tamanhos. <\/p>\n<p class=\"\" data-start=\"1063\" data-end=\"1406\">O conjunto \u00e9 <strong data-start=\"1091\" data-end=\"1138\">completado com 8 cadeiras empilh\u00e1veis da cole\u00e7\u00e3o Montreal<\/strong>, feitas <strong data-start=\"1154\" data-end=\"1210\">de polipropileno de alta resist\u00eancia na cor antracite<\/strong>, com um design envolvente e apoios de bra\u00e7os. Estas cadeiras s\u00e3o projetadas para suportar todos os tipos de clima, sem perder sua forma ou cor, e s\u00e3o f\u00e1ceis de armazenar gra\u00e7as \u00e0 sua estrutura empilh\u00e1vel. <\/p>\n<p class=\"\" data-start=\"1408\" data-end=\"1531\">Este <strong data-start=\"1413\" data-end=\"1446\">conjunto de jantar de jardim<\/strong> combina durabilidade, design e funcionalidade para criar o espa\u00e7o exterior perfeito.<\/p>\n<p class=\"\" data-start=\"1533\" data-end=\"1545\"><strong data-start=\"1533\" data-end=\"1545\">Medi\u00e7\u00e3o:<\/strong><\/p>\n<ul data-start=\"1546\" data-end=\"1605\">\n<li class=\"\" data-start=\"1546\" data-end=\"1576\">\n<p class=\"\" data-start=\"1548\" data-end=\"1576\">Tabela: 200\/260\/320 x 100 cm<\/p>\n<\/li>\n<li class=\"\" data-start=\"1577\" data-end=\"1605\">\n<p class=\"\" data-start=\"1579\" data-end=\"1605\">Cadeira: 56,5 x 58,5 x 80 cm<\/p>\n<\/li>\n<\/ul>\n","protected":false},"excerpt":{"rendered":"<ul>\n<li>Conjunto de jantar mesa extens\u00edvel e 8 cadeiras<\/li>\n<li>Mesa com dupla extens\u00e3o de alum\u00ednio antracite e teca<\/li>\n<li>Cadeiras empilh\u00e1veis em polipropileno antracite<\/li>\n<li>Mesa: 200\/260\/320x100cm, Cadeira: 56.5 x 58.5 x 80 cm<\/li>\n<\/ul>\n","protected":false},"featured_media":177240,"comment_status":"closed","ping_status":"open","template":"","meta":{"_acf_changed":false},"product_brand":[],"product_cat":[422,420],"product_tag":[],"class_list":{"0":"post-177675","1":"product","2":"type-product","3":"status-publish","4":"has-post-thumbnail","6":"product_cat-definir-mesa-e-cadeiras-jardim","7":"product_cat-salas-de-jantar-ao-ar-livre","8":"product_shipping_class-envio-gratuito-pt-pt","10":"first","11":"instock","12":"sale","13":"purchasable","14":"product-type-simple","15":"add-to-wishlist-before_image"},"acf":[],"yoast_head":"<!-- This site is optimized with the Yoast SEO plugin v27.2 - https:\/\/yoast.com\/product\/yoast-seo-wordpress\/ -->\n<title>Sala de jantar de 8 lugares em alum\u00ednio antracite e polipropileno - Vermont&amp;Montreal - Kerama<\/title>\n<meta name=\"robots\" content=\"index, follow, max-snippet:-1, max-image-preview:large, max-video-preview:-1\" \/>\n<link rel=\"canonical\" href=\"https:\/\/keramamueblesdejardin.com\/pt-pt\/salas-de-jantar-ao-ar-livre\/definir-mesa-e-cadeiras-jardim\/8-lugares-sala-de-jantar-aluminio-antracite-e-polipropileno-vermontreal\/\" \/>\n<meta property=\"og:locale\" content=\"pt_PT\" \/>\n<meta property=\"og:type\" content=\"article\" \/>\n<meta property=\"og:title\" content=\"Sala de jantar de 8 lugares em alum\u00ednio antracite e polipropileno - Vermont&amp;Montreal - Kerama\" \/>\n<meta property=\"og:description\" content=\"Conjunto de jantar mesa extens\u00edvel e 8 cadeiras  Mesa com dupla extens\u00e3o de alum\u00ednio antracite e teca  Cadeiras empilh\u00e1veis em polipropileno antracite  Mesa: 200\/260\/320x100cm, Cadeira: 56.5 x 58.5 x 80 cm\" \/>\n<meta property=\"og:url\" content=\"https:\/\/keramamueblesdejardin.com\/pt-pt\/salas-de-jantar-ao-ar-livre\/definir-mesa-e-cadeiras-jardim\/8-lugares-sala-de-jantar-aluminio-antracite-e-polipropileno-vermontreal\/\" \/>\n<meta property=\"og:site_name\" content=\"Kerama\" \/>\n<meta property=\"article:publisher\" content=\"https:\/\/www.facebook.com\/Kerama-Muebles-de-Jard%c3%adn-106209328312568\/\" \/>\n<meta property=\"article:modified_time\" content=\"2025-03-25T15:50:29+00:00\" \/>\n<meta property=\"og:image\" content=\"https:\/\/keramamueblesdejardin.com\/wp-content\/uploads\/2025\/03\/vermont_0006_set-de-comedor-jardin-extensible-8-plazas-antracita.jpg\" \/>\n\t<meta property=\"og:image:width\" content=\"1200\" \/>\n\t<meta property=\"og:image:height\" content=\"1200\" \/>\n\t<meta property=\"og:image:type\" content=\"image\/jpeg\" \/>\n<meta name=\"twitter:card\" content=\"summary_large_image\" \/>\n<meta name=\"twitter:label1\" content=\"Tempo estimado de leitura\" \/>\n\t<meta name=\"twitter:data1\" content=\"1 minuto\" \/>\n<script type=\"application\/ld+json\" class=\"yoast-schema-graph\">{\"@context\":\"https:\/\/schema.org\",\"@graph\":[{\"@type\":\"WebPage\",\"@id\":\"https:\/\/keramamueblesdejardin.com\/pt-pt\/salas-de-jantar-ao-ar-livre\/definir-mesa-e-cadeiras-jardim\/8-lugares-sala-de-jantar-aluminio-antracite-e-polipropileno-vermontreal\/\",\"url\":\"https:\/\/keramamueblesdejardin.com\/pt-pt\/salas-de-jantar-ao-ar-livre\/definir-mesa-e-cadeiras-jardim\/8-lugares-sala-de-jantar-aluminio-antracite-e-polipropileno-vermontreal\/\",\"name\":\"Sala de jantar de 8 lugares em alum\u00ednio antracite e polipropileno - Vermont&amp;Montreal - Kerama\",\"isPartOf\":{\"@id\":\"https:\/\/keramamueblesdejardin.com\/pt-pt\/#website\"},\"primaryImageOfPage\":{\"@id\":\"https:\/\/keramamueblesdejardin.com\/pt-pt\/salas-de-jantar-ao-ar-livre\/definir-mesa-e-cadeiras-jardim\/8-lugares-sala-de-jantar-aluminio-antracite-e-polipropileno-vermontreal\/#primaryimage\"},\"image\":{\"@id\":\"https:\/\/keramamueblesdejardin.com\/pt-pt\/salas-de-jantar-ao-ar-livre\/definir-mesa-e-cadeiras-jardim\/8-lugares-sala-de-jantar-aluminio-antracite-e-polipropileno-vermontreal\/#primaryimage\"},\"thumbnailUrl\":\"https:\/\/keramamueblesdejardin.com\/wp-content\/uploads\/2025\/03\/vermont_0006_set-de-comedor-jardin-extensible-8-plazas-antracita.jpg\",\"datePublished\":\"2025-03-25T14:50:29+00:00\",\"dateModified\":\"2025-03-25T15:50:29+00:00\",\"breadcrumb\":{\"@id\":\"https:\/\/keramamueblesdejardin.com\/pt-pt\/salas-de-jantar-ao-ar-livre\/definir-mesa-e-cadeiras-jardim\/8-lugares-sala-de-jantar-aluminio-antracite-e-polipropileno-vermontreal\/#breadcrumb\"},\"inLanguage\":\"pt-PT\",\"potentialAction\":[{\"@type\":\"ReadAction\",\"target\":[\"https:\/\/keramamueblesdejardin.com\/pt-pt\/salas-de-jantar-ao-ar-livre\/definir-mesa-e-cadeiras-jardim\/8-lugares-sala-de-jantar-aluminio-antracite-e-polipropileno-vermontreal\/\"]}]},{\"@type\":\"ImageObject\",\"inLanguage\":\"pt-PT\",\"@id\":\"https:\/\/keramamueblesdejardin.com\/pt-pt\/salas-de-jantar-ao-ar-livre\/definir-mesa-e-cadeiras-jardim\/8-lugares-sala-de-jantar-aluminio-antracite-e-polipropileno-vermontreal\/#primaryimage\",\"url\":\"https:\/\/keramamueblesdejardin.com\/wp-content\/uploads\/2025\/03\/vermont_0006_set-de-comedor-jardin-extensible-8-plazas-antracita.jpg\",\"contentUrl\":\"https:\/\/keramamueblesdejardin.com\/wp-content\/uploads\/2025\/03\/vermont_0006_set-de-comedor-jardin-extensible-8-plazas-antracita.jpg\",\"width\":1200,\"height\":1200},{\"@type\":\"BreadcrumbList\",\"@id\":\"https:\/\/keramamueblesdejardin.com\/pt-pt\/salas-de-jantar-ao-ar-livre\/definir-mesa-e-cadeiras-jardim\/8-lugares-sala-de-jantar-aluminio-antracite-e-polipropileno-vermontreal\/#breadcrumb\",\"itemListElement\":[{\"@type\":\"ListItem\",\"position\":1,\"name\":\"Home\",\"item\":\"https:\/\/keramamueblesdejardin.com\/pt-pt\/\"},{\"@type\":\"ListItem\",\"position\":2,\"name\":\"Tienda\",\"item\":\"https:\/\/keramamueblesdejardin.com\/pt-pt\/tienda-2\/\"},{\"@type\":\"ListItem\",\"position\":3,\"name\":\"Salas de jantar ao ar livre\",\"item\":\"https:\/\/keramamueblesdejardin.com\/pt-pt\/salas-de-jantar-ao-ar-livre\/\"},{\"@type\":\"ListItem\",\"position\":4,\"name\":\"Definir mesa e cadeiras jardim\",\"item\":\"https:\/\/keramamueblesdejardin.com\/pt-pt\/salas-de-jantar-ao-ar-livre\/definir-mesa-e-cadeiras-jardim\/\"},{\"@type\":\"ListItem\",\"position\":5,\"name\":\"Sala de jantar de 8 lugares em alum\u00ednio antracite e polipropileno &#8211; Vermont&amp;Montreal\"}]},{\"@type\":\"WebSite\",\"@id\":\"https:\/\/keramamueblesdejardin.com\/pt-pt\/#website\",\"url\":\"https:\/\/keramamueblesdejardin.com\/pt-pt\/\",\"name\":\"Kerama\",\"description\":\"muebles de jard\u00edn\",\"publisher\":{\"@id\":\"https:\/\/keramamueblesdejardin.com\/pt-pt\/#organization\"},\"potentialAction\":[{\"@type\":\"SearchAction\",\"target\":{\"@type\":\"EntryPoint\",\"urlTemplate\":\"https:\/\/keramamueblesdejardin.com\/pt-pt\/?s={search_term_string}\"},\"query-input\":{\"@type\":\"PropertyValueSpecification\",\"valueRequired\":true,\"valueName\":\"search_term_string\"}}],\"inLanguage\":\"pt-PT\"},{\"@type\":\"Organization\",\"@id\":\"https:\/\/keramamueblesdejardin.com\/pt-pt\/#organization\",\"name\":\"kerama\",\"url\":\"https:\/\/keramamueblesdejardin.com\/pt-pt\/\",\"logo\":{\"@type\":\"ImageObject\",\"inLanguage\":\"pt-PT\",\"@id\":\"https:\/\/keramamueblesdejardin.com\/pt-pt\/#\/schema\/logo\/image\/\",\"url\":\"https:\/\/keramamueblesdejardin.com\/wp-content\/uploads\/2020\/12\/k.-scaled.jpg\",\"contentUrl\":\"https:\/\/keramamueblesdejardin.com\/wp-content\/uploads\/2020\/12\/k.-scaled.jpg\",\"width\":2560,\"height\":551,\"caption\":\"kerama\"},\"image\":{\"@id\":\"https:\/\/keramamueblesdejardin.com\/pt-pt\/#\/schema\/logo\/image\/\"},\"sameAs\":[\"https:\/\/www.facebook.com\/Kerama-Muebles-de-Jard\u00edn-106209328312568\/\"]}]}<\/script>\n<!-- \/ Yoast SEO plugin. -->","yoast_head_json":{"title":"Sala de jantar de 8 lugares em alum\u00ednio antracite e polipropileno - Vermont&amp;Montreal - Kerama","robots":{"index":"index","follow":"follow","max-snippet":"max-snippet:-1","max-image-preview":"max-image-preview:large","max-video-preview":"max-video-preview:-1"},"canonical":"https:\/\/keramamueblesdejardin.com\/pt-pt\/salas-de-jantar-ao-ar-livre\/definir-mesa-e-cadeiras-jardim\/8-lugares-sala-de-jantar-aluminio-antracite-e-polipropileno-vermontreal\/","og_locale":"pt_PT","og_type":"article","og_title":"Sala de jantar de 8 lugares em alum\u00ednio antracite e polipropileno - Vermont&amp;Montreal - Kerama","og_description":"Conjunto de jantar mesa extens\u00edvel e 8 cadeiras  Mesa com dupla extens\u00e3o de alum\u00ednio antracite e teca  Cadeiras empilh\u00e1veis em polipropileno antracite  Mesa: 200\/260\/320x100cm, Cadeira: 56.5 x 58.5 x 80 cm","og_url":"https:\/\/keramamueblesdejardin.com\/pt-pt\/salas-de-jantar-ao-ar-livre\/definir-mesa-e-cadeiras-jardim\/8-lugares-sala-de-jantar-aluminio-antracite-e-polipropileno-vermontreal\/","og_site_name":"Kerama","article_publisher":"https:\/\/www.facebook.com\/Kerama-Muebles-de-Jard%c3%adn-106209328312568\/","article_modified_time":"2025-03-25T15:50:29+00:00","og_image":[{"width":1200,"height":1200,"url":"https:\/\/keramamueblesdejardin.com\/wp-content\/uploads\/2025\/03\/vermont_0006_set-de-comedor-jardin-extensible-8-plazas-antracita.jpg","type":"image\/jpeg"}],"twitter_card":"summary_large_image","twitter_misc":{"Tempo estimado de leitura":"1 minuto"},"schema":{"@context":"https:\/\/schema.org","@graph":[{"@type":"WebPage","@id":"https:\/\/keramamueblesdejardin.com\/pt-pt\/salas-de-jantar-ao-ar-livre\/definir-mesa-e-cadeiras-jardim\/8-lugares-sala-de-jantar-aluminio-antracite-e-polipropileno-vermontreal\/","url":"https:\/\/keramamueblesdejardin.com\/pt-pt\/salas-de-jantar-ao-ar-livre\/definir-mesa-e-cadeiras-jardim\/8-lugares-sala-de-jantar-aluminio-antracite-e-polipropileno-vermontreal\/","name":"Sala de jantar de 8 lugares em alum\u00ednio antracite e polipropileno - Vermont&amp;Montreal - Kerama","isPartOf":{"@id":"https:\/\/keramamueblesdejardin.com\/pt-pt\/#website"},"primaryImageOfPage":{"@id":"https:\/\/keramamueblesdejardin.com\/pt-pt\/salas-de-jantar-ao-ar-livre\/definir-mesa-e-cadeiras-jardim\/8-lugares-sala-de-jantar-aluminio-antracite-e-polipropileno-vermontreal\/#primaryimage"},"image":{"@id":"https:\/\/keramamueblesdejardin.com\/pt-pt\/salas-de-jantar-ao-ar-livre\/definir-mesa-e-cadeiras-jardim\/8-lugares-sala-de-jantar-aluminio-antracite-e-polipropileno-vermontreal\/#primaryimage"},"thumbnailUrl":"https:\/\/keramamueblesdejardin.com\/wp-content\/uploads\/2025\/03\/vermont_0006_set-de-comedor-jardin-extensible-8-plazas-antracita.jpg","datePublished":"2025-03-25T14:50:29+00:00","dateModified":"2025-03-25T15:50:29+00:00","breadcrumb":{"@id":"https:\/\/keramamueblesdejardin.com\/pt-pt\/salas-de-jantar-ao-ar-livre\/definir-mesa-e-cadeiras-jardim\/8-lugares-sala-de-jantar-aluminio-antracite-e-polipropileno-vermontreal\/#breadcrumb"},"inLanguage":"pt-PT","potentialAction":[{"@type":"ReadAction","target":["https:\/\/keramamueblesdejardin.com\/pt-pt\/salas-de-jantar-ao-ar-livre\/definir-mesa-e-cadeiras-jardim\/8-lugares-sala-de-jantar-aluminio-antracite-e-polipropileno-vermontreal\/"]}]},{"@type":"ImageObject","inLanguage":"pt-PT","@id":"https:\/\/keramamueblesdejardin.com\/pt-pt\/salas-de-jantar-ao-ar-livre\/definir-mesa-e-cadeiras-jardim\/8-lugares-sala-de-jantar-aluminio-antracite-e-polipropileno-vermontreal\/#primaryimage","url":"https:\/\/keramamueblesdejardin.com\/wp-content\/uploads\/2025\/03\/vermont_0006_set-de-comedor-jardin-extensible-8-plazas-antracita.jpg","contentUrl":"https:\/\/keramamueblesdejardin.com\/wp-content\/uploads\/2025\/03\/vermont_0006_set-de-comedor-jardin-extensible-8-plazas-antracita.jpg","width":1200,"height":1200},{"@type":"BreadcrumbList","@id":"https:\/\/keramamueblesdejardin.com\/pt-pt\/salas-de-jantar-ao-ar-livre\/definir-mesa-e-cadeiras-jardim\/8-lugares-sala-de-jantar-aluminio-antracite-e-polipropileno-vermontreal\/#breadcrumb","itemListElement":[{"@type":"ListItem","position":1,"name":"Home","item":"https:\/\/keramamueblesdejardin.com\/pt-pt\/"},{"@type":"ListItem","position":2,"name":"Tienda","item":"https:\/\/keramamueblesdejardin.com\/pt-pt\/tienda-2\/"},{"@type":"ListItem","position":3,"name":"Salas de jantar ao ar livre","item":"https:\/\/keramamueblesdejardin.com\/pt-pt\/salas-de-jantar-ao-ar-livre\/"},{"@type":"ListItem","position":4,"name":"Definir mesa e cadeiras jardim","item":"https:\/\/keramamueblesdejardin.com\/pt-pt\/salas-de-jantar-ao-ar-livre\/definir-mesa-e-cadeiras-jardim\/"},{"@type":"ListItem","position":5,"name":"Sala de jantar de 8 lugares em alum\u00ednio antracite e polipropileno &#8211; Vermont&amp;Montreal"}]},{"@type":"WebSite","@id":"https:\/\/keramamueblesdejardin.com\/pt-pt\/#website","url":"https:\/\/keramamueblesdejardin.com\/pt-pt\/","name":"Kerama","description":"muebles de jard\u00edn","publisher":{"@id":"https:\/\/keramamueblesdejardin.com\/pt-pt\/#organization"},"potentialAction":[{"@type":"SearchAction","target":{"@type":"EntryPoint","urlTemplate":"https:\/\/keramamueblesdejardin.com\/pt-pt\/?s={search_term_string}"},"query-input":{"@type":"PropertyValueSpecification","valueRequired":true,"valueName":"search_term_string"}}],"inLanguage":"pt-PT"},{"@type":"Organization","@id":"https:\/\/keramamueblesdejardin.com\/pt-pt\/#organization","name":"kerama","url":"https:\/\/keramamueblesdejardin.com\/pt-pt\/","logo":{"@type":"ImageObject","inLanguage":"pt-PT","@id":"https:\/\/keramamueblesdejardin.com\/pt-pt\/#\/schema\/logo\/image\/","url":"https:\/\/keramamueblesdejardin.com\/wp-content\/uploads\/2020\/12\/k.-scaled.jpg","contentUrl":"https:\/\/keramamueblesdejardin.com\/wp-content\/uploads\/2020\/12\/k.-scaled.jpg","width":2560,"height":551,"caption":"kerama"},"image":{"@id":"https:\/\/keramamueblesdejardin.com\/pt-pt\/#\/schema\/logo\/image\/"},"sameAs":["https:\/\/www.facebook.com\/Kerama-Muebles-de-Jard\u00edn-106209328312568\/"]}]}},"df_price":2009,"df_sale_price":2009,"df_regular_price":2417,"df_image_link":"https:\/\/keramamueblesdejardin.com\/wp-content\/uploads\/2025\/03\/vermont_0006_set-de-comedor-jardin-extensible-8-plazas-antracita-300x300.jpg","custom_tabs":[{"title":"MEDI\u00c7\u00c3O","id":"medi\u00e7\u00e3o","content":"<div class=\"list\">\n<div class=\"list\"><strong>Alta: <\/strong>Mesa 76cm \/ Cadeira 80cm<\/div>\n<div class=\"list\"><strong>Largura: <\/strong>Mesa 200\/260\/320cm \/ Cadeira 56.5cm<\/div>\n<div class=\"list\"><strong>Parte inferior: <\/strong>Mesa 100cm \/ Cadeira 58.5cm<\/div>\n<\/div>"},{"title":"DESEMBALAR E ASSEMBL\u00c9IA","id":"desembalar-e-assembleia","content":"<div class=\"list\"><strong style=\"font-weight: bold; color: #282828;\">Recomenda\u00e7\u00f5es para desempacotar:<\/strong><span style=\"color: #282828;\"> N\u00e3o utilizar ferramentas afiadas ao desembalar o mobili\u00e1rio, pois isso pode causar danos.<\/span><br style=\"color: #282828;\"><strong style=\"font-weight: bold; color: #282828;\">Montagem necess\u00e1ria (S\/N):<\/strong><span style=\"color: #282828;\"> Sim<\/span><br style=\"color: #282828;\"><strong style=\"font-weight: bold; color: #282828;\">Dificuldade de montagem:<\/strong><span style=\"color: #282828;\"> F\u00e1cil<\/span><br style=\"color: #282828;\"><strong style=\"font-weight: bold; color: #282828;\">Tempo de montagem:<\/strong> <span style=\"color: #282828;\">20 minutos<\/span><br style=\"color: #282828;\"><strong style=\"font-weight: bold; color: #282828;\">Pessoas recomendadas para a montagem:<\/strong><span style=\"color: #282828;\"> 2<\/span><br style=\"color: #282828;\"><strong style=\"font-weight: bold; color: #282828;\">Sugest\u00f5es da assembleia:<\/strong><span style=\"color: #282828;\">  Preparar uma \u00e1rea de montagem limpa e seca, verificar se nenhuma das pe\u00e7as listadas no manual est\u00e1 em falta. Recomendamos o uso de luvas adequadas para a montagem. Utilize apenas pe\u00e7as e hardware fornecidos.<\/span><\/div>"},{"title":"MANUTEN\u00c7\u00c3O E GARANTIAS","id":"manutencao-e-garantias","content":"<div class=\"moz-signature\">\n<div class=\"list\"><strong>Recomenda\u00e7\u00f5es gerais:<\/strong>\n\u2022 Avarias ou danos causados por:\n\u2022 Causas acidentais como quedas, golpes, derrames de l\u00edquidos, introdu\u00e7\u00e3o de corpos estranhos, bem como qualquer outro caso de for\u00e7a maior est\u00e3o exclu\u00eddos da garantia.\n\u2022 Uso negligente, inadequado ou n\u00e3o dom\u00e9stico.\n\u2022 Danos, corros\u00e3o e\/ou oxida\u00e7\u00e3o acelerados por condi\u00e7\u00f5es ambientais adversas\n\u2022 Manchas e descolora\u00e7\u00e3o devido ao n\u00e3o cumprimento das nossas instru\u00e7\u00f5es de limpeza\n\u2022 Danos ocorridos durante a montagem e manuseamento sem ter seguido as instru\u00e7\u00f5es de montagem indicadas.\n<strong>Instru\u00e7\u00f5es de utiliza\u00e7\u00e3o e manuten\u00e7\u00e3o:<\/strong>\n\u2022 Limpe suavemente com a ajuda de um pano ou use um sabonete l\u00edquido neutro, enxaguando com bastante \u00e1gua.\n\u2022 Retire o p\u00f3 regularmente com a ajuda de um pano macio e \u00e1gua l\u00edmpida.\n\u2022 N\u00e3o utilize detergentes ou produtos abrasivos para a limpeza.\n<strong>Anos de garantia:<\/strong> 3 anos\n<strong>Fabricado de acordo com a Norma:<\/strong> 581-1.581-2.581-3<\/div>\n<\/div>"}],"_links":{"self":[{"href":"https:\/\/keramamueblesdejardin.com\/pt-pt\/wp-json\/wp\/v2\/product\/177675","targetHints":{"allow":["GET"]}}],"collection":[{"href":"https:\/\/keramamueblesdejardin.com\/pt-pt\/wp-json\/wp\/v2\/product"}],"about":[{"href":"https:\/\/keramamueblesdejardin.com\/pt-pt\/wp-json\/wp\/v2\/types\/product"}],"replies":[{"embeddable":true,"href":"https:\/\/keramamueblesdejardin.com\/pt-pt\/wp-json\/wp\/v2\/comments?post=177675"}],"wp:featuredmedia":[{"embeddable":true,"href":"https:\/\/keramamueblesdejardin.com\/pt-pt\/wp-json\/wp\/v2\/media\/177240"}],"wp:attachment":[{"href":"https:\/\/keramamueblesdejardin.com\/pt-pt\/wp-json\/wp\/v2\/media?parent=177675"}],"wp:term":[{"taxonomy":"product_brand","embeddable":true,"href":"https:\/\/keramamueblesdejardin.com\/pt-pt\/wp-json\/wp\/v2\/product_brand?post=177675"},{"taxonomy":"product_cat","embeddable":true,"href":"https:\/\/keramamueblesdejardin.com\/pt-pt\/wp-json\/wp\/v2\/product_cat?post=177675"},{"taxonomy":"product_tag","embeddable":true,"href":"https:\/\/keramamueblesdejardin.com\/pt-pt\/wp-json\/wp\/v2\/product_tag?post=177675"}],"curies":[{"name":"wp","href":"https:\/\/api.w.org\/{rel}","templated":true}]}}