{"id":175304,"date":"2024-12-03T12:10:22","date_gmt":"2024-12-03T11:10:22","guid":{"rendered":"https:\/\/keramamueblesdejardin.com\/sem categoria\/conjunto-de-sofa-de-jardim-curvo-soho-de-6-lugares-com-2-mesas-de-cabeceira\/"},"modified":"2024-12-03T12:10:22","modified_gmt":"2024-12-03T11:10:22","slug":"mesas-de-cabeceira-de-6-lugares-curv-sofa-jardim-set-e-2-soho","status":"publish","type":"product","link":"https:\/\/keramamueblesdejardin.com\/pt-pt\/sem categoria\/mesas-de-cabeceira-de-6-lugares-curv-sofa-jardim-set-e-2-soho\/","title":{"rendered":"Conjunto de sof\u00e1 de jardim curvo Soho de 6 lugares com 2 mesas de cabeceira"},"content":{"rendered":"<p><span data-sheets-root=\"1\">O design da cole\u00e7\u00e3o Soho combina formas arredondadas com linhas org\u00e2nicas e ergon\u00f3micas, juntamente com um excelente conforto nos bancos. A cole\u00e7\u00e3o \u00e9 feita de madeira de teca certificada pelo FSC e alum\u00ednio modular pintado ep\u00f3xi e pode ser combinada a seu gosto e intercambi\u00e1vel na posi\u00e7\u00e3o com simples mudan\u00e7as nas pernas, girando os quadros e o encosto. Para al\u00e9m destas pe\u00e7as principais, a cole\u00e7\u00e3o inclui mesas laterais m\u00f3veis. Estas mesas foram concebidas para caber em qualquer lugar ao longo das laterais ou da frente dos elementos, oferecendo mais flexibilidade. As pernas s\u00e3o ajust\u00e1veis em altura.    <\/span>  O conjunto inclui capas para armazen\u00e1-los durante o inverno. Sof\u00e1: 174.5x116x72.5 cm Sof\u00e1: 188.5&#215;155.5&#215;72.5 cm Poltrona: 80x80x72.5 Mesa de teca: 60&#215;22 cm Mesa de cer\u00e2mica: 80&#215;22 cm Mesa lateral: 44&#215;34 cm Altura do assento 38cm Estrutura de alum\u00ednio bege FSC madeira de teca modular e vers\u00e1til Medidas: Sof\u00e1: 174.5x116x72.5cm, Sof\u00e1: 188.5&#215;155.5&#215;72.5cm, Poltrona: 80x80x72.5, Mesa de teca: 60x22cm, Mesa de cer\u00e2mica: 80x22cm, Mesa de apoio:  44x34cent\u00edmetro <\/p>\n","protected":false},"excerpt":{"rendered":"<ul>\n<li>Estrutura em alum\u00ednio bege<\/li>\n<li>Madeira de teca FSC<\/li>\n<li>Modular e vers\u00e1til<\/li>\n<li>Medidas: Sof\u00e1: 174.5x116x72.5cm, Sof\u00e1: 188.5\u00d7155.5\u00d772.5cm, Poltrona: 80x80x72.5cm, Mesa de teca: 60x22cm, Mesa de cer\u00e2mica: 80x22cm, Mesa de apoio: 44x34cm<\/li>\n<\/ul>\n","protected":false},"featured_media":171629,"comment_status":"open","ping_status":"closed","template":"","meta":{"_acf_changed":false},"product_brand":[],"product_cat":[],"product_tag":[],"class_list":{"0":"post-175304","1":"product","2":"type-product","3":"status-publish","4":"has-post-thumbnail","7":"first","8":"instock","9":"sale","10":"shipping-taxable","11":"purchasable","12":"product-type-simple","13":"add-to-wishlist-before_image"},"acf":[],"yoast_head":"<!-- This site is optimized with the Yoast SEO plugin v27.4 - https:\/\/yoast.com\/product\/yoast-seo-wordpress\/ -->\n<title>Conjunto de sof\u00e1 de jardim curvo Soho de 6 lugares com 2 mesas de cabeceira - Kerama<\/title>\n<meta name=\"robots\" content=\"index, follow, max-snippet:-1, max-image-preview:large, max-video-preview:-1\" \/>\n<link rel=\"canonical\" href=\"https:\/\/keramamueblesdejardin.com\/pt-pt\/sem%20categoria\/mesas-de-cabeceira-de-6-lugares-curv-sofa-jardim-set-e-2-soho\/\" \/>\n<meta property=\"og:locale\" content=\"pt_PT\" \/>\n<meta property=\"og:type\" content=\"article\" \/>\n<meta property=\"og:title\" content=\"Conjunto de sof\u00e1 de jardim curvo Soho de 6 lugares com 2 mesas de cabeceira - Kerama\" \/>\n<meta property=\"og:description\" content=\"Estrutura em alum\u00ednio bege  Madeira de teca FSC  Modular e vers\u00e1til  Medidas: Sof\u00e1: 174.5x116x72.5cm, Sof\u00e1: 188.5\u00d7155.5\u00d772.5cm, Poltrona: 80x80x72.5cm, Mesa de teca: 60x22cm, Mesa de cer\u00e2mica: 80x22cm, Mesa de apoio: 44x34cm\" \/>\n<meta property=\"og:url\" content=\"https:\/\/keramamueblesdejardin.com\/pt-pt\/sem categoria\/mesas-de-cabeceira-de-6-lugares-curv-sofa-jardim-set-e-2-soho\/\" \/>\n<meta property=\"og:site_name\" content=\"Kerama\" \/>\n<meta property=\"article:publisher\" content=\"https:\/\/www.facebook.com\/Kerama-Muebles-de-Jard%c3%adn-106209328312568\/\" \/>\n<meta property=\"og:image\" content=\"https:\/\/keramamueblesdejardin.com\/wp-content\/uploads\/2024\/10\/conjunto-saona.jpg\" \/>\n\t<meta property=\"og:image:width\" content=\"1200\" \/>\n\t<meta property=\"og:image:height\" content=\"1200\" \/>\n\t<meta property=\"og:image:type\" content=\"image\/jpeg\" \/>\n<meta name=\"twitter:card\" content=\"summary_large_image\" \/>\n<meta name=\"twitter:label1\" content=\"Tempo estimado de leitura\" \/>\n\t<meta name=\"twitter:data1\" content=\"1 minuto\" \/>\n<script type=\"application\/ld+json\" class=\"yoast-schema-graph\">{\"@context\":\"https:\\\/\\\/schema.org\",\"@graph\":[{\"@type\":\"WebPage\",\"@id\":\"https:\\\/\\\/keramamueblesdejardin.com\\\/pt-pt\\\/sem categoria\\\/mesas-de-cabeceira-de-6-lugares-curv-sofa-jardim-set-e-2-soho\\\/\",\"url\":\"https:\\\/\\\/keramamueblesdejardin.com\\\/pt-pt\\\/sem categoria\\\/mesas-de-cabeceira-de-6-lugares-curv-sofa-jardim-set-e-2-soho\\\/\",\"name\":\"Conjunto de sof\u00e1 de jardim curvo Soho de 6 lugares com 2 mesas de cabeceira - Kerama\",\"isPartOf\":{\"@id\":\"https:\\\/\\\/keramamueblesdejardin.com\\\/pt-pt\\\/#website\"},\"primaryImageOfPage\":{\"@id\":\"https:\\\/\\\/keramamueblesdejardin.com\\\/pt-pt\\\/sem categoria\\\/mesas-de-cabeceira-de-6-lugares-curv-sofa-jardim-set-e-2-soho\\\/#primaryimage\"},\"image\":{\"@id\":\"https:\\\/\\\/keramamueblesdejardin.com\\\/pt-pt\\\/sem categoria\\\/mesas-de-cabeceira-de-6-lugares-curv-sofa-jardim-set-e-2-soho\\\/#primaryimage\"},\"thumbnailUrl\":\"https:\\\/\\\/keramamueblesdejardin.com\\\/wp-content\\\/uploads\\\/2024\\\/10\\\/conjunto-saona.jpg\",\"datePublished\":\"2024-12-03T11:10:22+00:00\",\"breadcrumb\":{\"@id\":\"https:\\\/\\\/keramamueblesdejardin.com\\\/pt-pt\\\/sem categoria\\\/mesas-de-cabeceira-de-6-lugares-curv-sofa-jardim-set-e-2-soho\\\/#breadcrumb\"},\"inLanguage\":\"pt-PT\",\"potentialAction\":[{\"@type\":\"ReadAction\",\"target\":[\"https:\\\/\\\/keramamueblesdejardin.com\\\/pt-pt\\\/sem categoria\\\/mesas-de-cabeceira-de-6-lugares-curv-sofa-jardim-set-e-2-soho\\\/\"]}]},{\"@type\":\"ImageObject\",\"inLanguage\":\"pt-PT\",\"@id\":\"https:\\\/\\\/keramamueblesdejardin.com\\\/pt-pt\\\/sem categoria\\\/mesas-de-cabeceira-de-6-lugares-curv-sofa-jardim-set-e-2-soho\\\/#primaryimage\",\"url\":\"https:\\\/\\\/keramamueblesdejardin.com\\\/wp-content\\\/uploads\\\/2024\\\/10\\\/conjunto-saona.jpg\",\"contentUrl\":\"https:\\\/\\\/keramamueblesdejardin.com\\\/wp-content\\\/uploads\\\/2024\\\/10\\\/conjunto-saona.jpg\",\"width\":1200,\"height\":1200},{\"@type\":\"BreadcrumbList\",\"@id\":\"https:\\\/\\\/keramamueblesdejardin.com\\\/pt-pt\\\/sem categoria\\\/mesas-de-cabeceira-de-6-lugares-curv-sofa-jardim-set-e-2-soho\\\/#breadcrumb\",\"itemListElement\":[{\"@type\":\"ListItem\",\"position\":1,\"name\":\"Home\",\"item\":\"https:\\\/\\\/keramamueblesdejardin.com\\\/pt-pt\\\/\"},{\"@type\":\"ListItem\",\"position\":2,\"name\":\"Tienda\",\"item\":\"https:\\\/\\\/keramamueblesdejardin.com\\\/pt-pt\\\/tienda-2\\\/\"},{\"@type\":\"ListItem\",\"position\":3,\"name\":\"Lounges ao ar livre\",\"item\":\"https:\\\/\\\/keramamueblesdejardin.com\\\/pt-pt\\\/lounges-ao-ar-livre\\\/\"},{\"@type\":\"ListItem\",\"position\":4,\"name\":\"Conjuntos de jardim\",\"item\":\"https:\\\/\\\/keramamueblesdejardin.com\\\/pt-pt\\\/lounges-ao-ar-livre\\\/conjuntos-de-jardim\\\/\"},{\"@type\":\"ListItem\",\"position\":5,\"name\":\"Conjunto de sof\u00e1 de jardim curvo Soho de 6 lugares com 2 mesas de cabeceira\"}]},{\"@type\":\"WebSite\",\"@id\":\"https:\\\/\\\/keramamueblesdejardin.com\\\/pt-pt\\\/#website\",\"url\":\"https:\\\/\\\/keramamueblesdejardin.com\\\/pt-pt\\\/\",\"name\":\"Kerama\",\"description\":\"muebles de jard\u00edn\",\"publisher\":{\"@id\":\"https:\\\/\\\/keramamueblesdejardin.com\\\/pt-pt\\\/#organization\"},\"potentialAction\":[{\"@type\":\"SearchAction\",\"target\":{\"@type\":\"EntryPoint\",\"urlTemplate\":\"https:\\\/\\\/keramamueblesdejardin.com\\\/pt-pt\\\/?s={search_term_string}\"},\"query-input\":{\"@type\":\"PropertyValueSpecification\",\"valueRequired\":true,\"valueName\":\"search_term_string\"}}],\"inLanguage\":\"pt-PT\"},{\"@type\":\"Organization\",\"@id\":\"https:\\\/\\\/keramamueblesdejardin.com\\\/pt-pt\\\/#organization\",\"name\":\"kerama\",\"url\":\"https:\\\/\\\/keramamueblesdejardin.com\\\/pt-pt\\\/\",\"logo\":{\"@type\":\"ImageObject\",\"inLanguage\":\"pt-PT\",\"@id\":\"https:\\\/\\\/keramamueblesdejardin.com\\\/pt-pt\\\/#\\\/schema\\\/logo\\\/image\\\/\",\"url\":\"https:\\\/\\\/keramamueblesdejardin.com\\\/wp-content\\\/uploads\\\/2020\\\/12\\\/k.-scaled.jpg\",\"contentUrl\":\"https:\\\/\\\/keramamueblesdejardin.com\\\/wp-content\\\/uploads\\\/2020\\\/12\\\/k.-scaled.jpg\",\"width\":2560,\"height\":551,\"caption\":\"kerama\"},\"image\":{\"@id\":\"https:\\\/\\\/keramamueblesdejardin.com\\\/pt-pt\\\/#\\\/schema\\\/logo\\\/image\\\/\"},\"sameAs\":[\"https:\\\/\\\/www.facebook.com\\\/Kerama-Muebles-de-Jard\u00edn-106209328312568\\\/\"]}]}<\/script>\n<!-- \/ Yoast SEO plugin. -->","yoast_head_json":{"title":"Conjunto de sof\u00e1 de jardim curvo Soho de 6 lugares com 2 mesas de cabeceira - Kerama","robots":{"index":"index","follow":"follow","max-snippet":"max-snippet:-1","max-image-preview":"max-image-preview:large","max-video-preview":"max-video-preview:-1"},"canonical":"https:\/\/keramamueblesdejardin.com\/pt-pt\/sem categoria\/mesas-de-cabeceira-de-6-lugares-curv-sofa-jardim-set-e-2-soho\/","og_locale":"pt_PT","og_type":"article","og_title":"Conjunto de sof\u00e1 de jardim curvo Soho de 6 lugares com 2 mesas de cabeceira - Kerama","og_description":"Estrutura em alum\u00ednio bege  Madeira de teca FSC  Modular e vers\u00e1til  Medidas: Sof\u00e1: 174.5x116x72.5cm, Sof\u00e1: 188.5\u00d7155.5\u00d772.5cm, Poltrona: 80x80x72.5cm, Mesa de teca: 60x22cm, Mesa de cer\u00e2mica: 80x22cm, Mesa de apoio: 44x34cm","og_url":"https:\/\/keramamueblesdejardin.com\/pt-pt\/sem categoria\/mesas-de-cabeceira-de-6-lugares-curv-sofa-jardim-set-e-2-soho\/","og_site_name":"Kerama","article_publisher":"https:\/\/www.facebook.com\/Kerama-Muebles-de-Jard%c3%adn-106209328312568\/","og_image":[{"width":1200,"height":1200,"url":"https:\/\/keramamueblesdejardin.com\/wp-content\/uploads\/2024\/10\/conjunto-saona.jpg","type":"image\/jpeg"}],"twitter_card":"summary_large_image","twitter_misc":{"Tempo estimado de leitura":"1 minuto"},"schema":{"@context":"https:\/\/schema.org","@graph":[{"@type":"WebPage","@id":"https:\/\/keramamueblesdejardin.com\/pt-pt\/sem categoria\/mesas-de-cabeceira-de-6-lugares-curv-sofa-jardim-set-e-2-soho\/","url":"https:\/\/keramamueblesdejardin.com\/pt-pt\/sem categoria\/mesas-de-cabeceira-de-6-lugares-curv-sofa-jardim-set-e-2-soho\/","name":"Conjunto de sof\u00e1 de jardim curvo Soho de 6 lugares com 2 mesas de cabeceira - Kerama","isPartOf":{"@id":"https:\/\/keramamueblesdejardin.com\/pt-pt\/#website"},"primaryImageOfPage":{"@id":"https:\/\/keramamueblesdejardin.com\/pt-pt\/sem categoria\/mesas-de-cabeceira-de-6-lugares-curv-sofa-jardim-set-e-2-soho\/#primaryimage"},"image":{"@id":"https:\/\/keramamueblesdejardin.com\/pt-pt\/sem categoria\/mesas-de-cabeceira-de-6-lugares-curv-sofa-jardim-set-e-2-soho\/#primaryimage"},"thumbnailUrl":"https:\/\/keramamueblesdejardin.com\/wp-content\/uploads\/2024\/10\/conjunto-saona.jpg","datePublished":"2024-12-03T11:10:22+00:00","breadcrumb":{"@id":"https:\/\/keramamueblesdejardin.com\/pt-pt\/sem categoria\/mesas-de-cabeceira-de-6-lugares-curv-sofa-jardim-set-e-2-soho\/#breadcrumb"},"inLanguage":"pt-PT","potentialAction":[{"@type":"ReadAction","target":["https:\/\/keramamueblesdejardin.com\/pt-pt\/sem categoria\/mesas-de-cabeceira-de-6-lugares-curv-sofa-jardim-set-e-2-soho\/"]}]},{"@type":"ImageObject","inLanguage":"pt-PT","@id":"https:\/\/keramamueblesdejardin.com\/pt-pt\/sem categoria\/mesas-de-cabeceira-de-6-lugares-curv-sofa-jardim-set-e-2-soho\/#primaryimage","url":"https:\/\/keramamueblesdejardin.com\/wp-content\/uploads\/2024\/10\/conjunto-saona.jpg","contentUrl":"https:\/\/keramamueblesdejardin.com\/wp-content\/uploads\/2024\/10\/conjunto-saona.jpg","width":1200,"height":1200},{"@type":"BreadcrumbList","@id":"https:\/\/keramamueblesdejardin.com\/pt-pt\/sem categoria\/mesas-de-cabeceira-de-6-lugares-curv-sofa-jardim-set-e-2-soho\/#breadcrumb","itemListElement":[{"@type":"ListItem","position":1,"name":"Home","item":"https:\/\/keramamueblesdejardin.com\/pt-pt\/"},{"@type":"ListItem","position":2,"name":"Tienda","item":"https:\/\/keramamueblesdejardin.com\/pt-pt\/tienda-2\/"},{"@type":"ListItem","position":3,"name":"Lounges ao ar livre","item":"https:\/\/keramamueblesdejardin.com\/pt-pt\/lounges-ao-ar-livre\/"},{"@type":"ListItem","position":4,"name":"Conjuntos de jardim","item":"https:\/\/keramamueblesdejardin.com\/pt-pt\/lounges-ao-ar-livre\/conjuntos-de-jardim\/"},{"@type":"ListItem","position":5,"name":"Conjunto de sof\u00e1 de jardim curvo Soho de 6 lugares com 2 mesas de cabeceira"}]},{"@type":"WebSite","@id":"https:\/\/keramamueblesdejardin.com\/pt-pt\/#website","url":"https:\/\/keramamueblesdejardin.com\/pt-pt\/","name":"Kerama","description":"muebles de jard\u00edn","publisher":{"@id":"https:\/\/keramamueblesdejardin.com\/pt-pt\/#organization"},"potentialAction":[{"@type":"SearchAction","target":{"@type":"EntryPoint","urlTemplate":"https:\/\/keramamueblesdejardin.com\/pt-pt\/?s={search_term_string}"},"query-input":{"@type":"PropertyValueSpecification","valueRequired":true,"valueName":"search_term_string"}}],"inLanguage":"pt-PT"},{"@type":"Organization","@id":"https:\/\/keramamueblesdejardin.com\/pt-pt\/#organization","name":"kerama","url":"https:\/\/keramamueblesdejardin.com\/pt-pt\/","logo":{"@type":"ImageObject","inLanguage":"pt-PT","@id":"https:\/\/keramamueblesdejardin.com\/pt-pt\/#\/schema\/logo\/image\/","url":"https:\/\/keramamueblesdejardin.com\/wp-content\/uploads\/2020\/12\/k.-scaled.jpg","contentUrl":"https:\/\/keramamueblesdejardin.com\/wp-content\/uploads\/2020\/12\/k.-scaled.jpg","width":2560,"height":551,"caption":"kerama"},"image":{"@id":"https:\/\/keramamueblesdejardin.com\/pt-pt\/#\/schema\/logo\/image\/"},"sameAs":["https:\/\/www.facebook.com\/Kerama-Muebles-de-Jard\u00edn-106209328312568\/"]}]}},"df_price":5415,"df_sale_price":5415,"df_regular_price":6823,"df_image_link":"https:\/\/keramamueblesdejardin.com\/wp-content\/uploads\/2024\/10\/conjunto-saona-300x300.jpg","custom_tabs":[{"title":"MEDI\u00c7\u00c3O","id":"medi\u00e7\u00e3o","content":"<div class=\"list\"><span data-sheets-root=\"1\"><strong>Sof\u00e1:<\/strong> 174.5x116x72.5 cm <strong>Sof\u00e1:<\/strong> 188.5x155.5x72.5 cm <strong>Poltrona:<\/strong> 80x80x72.5cm <strong>Mesa de teca:<\/strong> 60x22 cm <strong>Mesa de cer\u00e2mica:<\/strong> 80x22 cm <strong>Mesa de apoio:<\/strong> 44x34 cm <strong>Altura do assento:<\/strong> 38cm  <\/span><\/div>"},{"title":"DESEMBALAR E ASSEMBL\u00c9IA","id":"desembalar-e-assembleia","content":"<div class=\"list\"><strong style=\"font-weight: bold; color: #282828;\">Recomenda\u00e7\u00f5es para desempacotar:<\/strong><span style=\"color: #282828;\"> N\u00e3o utilizar ferramentas afiadas ao desembalar o mobili\u00e1rio, pois isso pode causar danos.<\/span><br style=\"color: #282828;\"><strong style=\"font-weight: bold; color: #282828;\">Montagem necess\u00e1ria (S\/N):<\/strong><span style=\"color: #282828;\"> Sim<\/span><br style=\"color: #282828;\"><strong style=\"font-weight: bold; color: #282828;\">Dificuldade de montagem:<\/strong><span style=\"color: #282828;\"> Baixo<\/span><br style=\"color: #282828;\"><strong style=\"font-weight: bold; color: #282828;\">Tempo de montagem:<\/strong> <span style=\"color: #282828;\">20 minutos<\/span><br style=\"color: #282828;\"><strong style=\"font-weight: bold; color: #282828;\">Pessoas recomendadas para a montagem:<\/strong><span style=\"color: #282828;\"> 2<\/span><br style=\"color: #282828;\"><strong style=\"font-weight: bold; color: #282828;\">Sugest\u00f5es da assembleia:<\/strong><span style=\"color: #282828;\">  Preparar uma \u00e1rea de montagem limpa e seca, verificar se nenhuma das pe\u00e7as listadas no manual est\u00e1 em falta. Recomendamos o uso de luvas adequadas para a montagem. Utilize apenas pe\u00e7as e hardware fornecidos<\/span><\/div>"},{"title":"MANUTEN\u00c7\u00c3O E GARANTIAS","id":"manutencao-e-garantias","content":"<div class=\"moz-signature\">\n<div class=\"list\"><strong>Recomenda\u00e7\u00f5es gerais:<\/strong> \u2022 Avarias ou danos causados por: \u2022 Causas acidentais como quedas, golpes, derrames de l\u00edquidos, introdu\u00e7\u00e3o de corpos estranhos, bem como qualquer outro caso de for\u00e7a maior est\u00e3o exclu\u00eddos da garantia. \u2022 Utiliza\u00e7\u00e3o negligente, impr\u00f3pria ou n\u00e3o dom\u00e9stica. \u2022 Danos, corros\u00e3o e\/ou oxida\u00e7\u00e3o acelerados por condi\u00e7\u00f5es ambientais adversas \u2022 Manchas e descolora\u00e7\u00e3o devido ao n\u00e3o cumprimento das nossas instru\u00e7\u00f5es de limpeza \u2022 Danos ocorridos durante a montagem e manuseamento sem ter seguido as instru\u00e7\u00f5es de montagem indicadas. <strong>Instru\u00e7\u00f5es de utiliza\u00e7\u00e3o e manuten\u00e7\u00e3o: \u2022 Limpe<\/strong> suavemente com a ajuda de um pano ou use um sabonete l\u00edquido neutro, enxaguando com bastante \u00e1gua. \u2022 Retire regularmente o p\u00f3 com a ajuda de um pano macio e \u00e1gua l\u00edmpia. \u2022 N\u00e3o utilize detergentes ou produtos abrasivos para a limpeza. <strong>Anos de garantia:<\/strong> 3 anos <strong>Fabricado de acordo com a norma:<\/strong> 581-1,581-2,581-3<\/div>\n<\/div>"}],"_links":{"self":[{"href":"https:\/\/keramamueblesdejardin.com\/pt-pt\/wp-json\/wp\/v2\/product\/175304","targetHints":{"allow":["GET"]}}],"collection":[{"href":"https:\/\/keramamueblesdejardin.com\/pt-pt\/wp-json\/wp\/v2\/product"}],"about":[{"href":"https:\/\/keramamueblesdejardin.com\/pt-pt\/wp-json\/wp\/v2\/types\/product"}],"replies":[{"embeddable":true,"href":"https:\/\/keramamueblesdejardin.com\/pt-pt\/wp-json\/wp\/v2\/comments?post=175304"}],"wp:featuredmedia":[{"embeddable":true,"href":"https:\/\/keramamueblesdejardin.com\/pt-pt\/wp-json\/wp\/v2\/media\/171629"}],"wp:attachment":[{"href":"https:\/\/keramamueblesdejardin.com\/pt-pt\/wp-json\/wp\/v2\/media?parent=175304"}],"wp:term":[{"taxonomy":"product_brand","embeddable":true,"href":"https:\/\/keramamueblesdejardin.com\/pt-pt\/wp-json\/wp\/v2\/product_brand?post=175304"},{"taxonomy":"product_cat","embeddable":true,"href":"https:\/\/keramamueblesdejardin.com\/pt-pt\/wp-json\/wp\/v2\/product_cat?post=175304"},{"taxonomy":"product_tag","embeddable":true,"href":"https:\/\/keramamueblesdejardin.com\/pt-pt\/wp-json\/wp\/v2\/product_tag?post=175304"}],"curies":[{"name":"wp","href":"https:\/\/api.w.org\/{rel}","templated":true}]}}