{"id":175275,"date":"2025-01-13T18:18:42","date_gmt":"2025-01-13T17:18:42","guid":{"rendered":"https:\/\/keramamueblesdejardin.com\/sem categoria\/espreguicadeira-dupla-em-aluminio-branco-com-almofada-e-mesas-de-cabeceira-cabrera\/"},"modified":"2025-01-13T19:18:42","modified_gmt":"2025-01-13T18:18:42","slug":"mesas-de-cabeceira-brancas-de-aluminio-duplas-espreguicadeiras-com-almofada-e-cabrera","status":"publish","type":"product","link":"https:\/\/keramamueblesdejardin.com\/pt-pt\/espreguicadeiras-e-descanso\/espreguicadeiras\/mesas-de-cabeceira-brancas-de-aluminio-duplas-espreguicadeiras-com-almofada-e-cabrera\/","title":{"rendered":"Espregui\u00e7adeira dupla em alum\u00ednio branco com almofada e mesas de cabeceira &#8211; Cabrera"},"content":{"rendered":"<div class=\"flex-shrink-0 flex flex-col relative items-end\">\n<div class=\"pt-0\">\n<div class=\"gizmo-bot-avatar flex h-8 w-8 items-center justify-center overflow-hidden rounded-full\">\n<div class=\"relative p-1 rounded-sm flex items-center justify-center bg-token-main-surface-primary text-token-text-primary h-8 w-8\">\n<div class=\"flex-1 overflow-hidden @container\/thread\">\n<div class=\"h-full\">\n<div class=\"react-scroll-to-bottom--css-pqtpp-79elbk h-full\">\n<div class=\"react-scroll-to-bottom--css-pqtpp-1n7m0yu\">\n<div class=\"flex flex-col text-sm md:pb-9\">\n<article class=\"w-full scroll-mb-[var(--thread-trailing-height,150px)] text-token-text-primary focus-visible:outline-2 focus-visible:outline-offset-[-4px]\" dir=\"auto\" data-testid=\"conversation-turn-7\" data-scroll-anchor=\"true\">\n<div class=\"m-auto text-base py-[18px] px-3 md:px-4 w-full md:px-5 lg:px-4 xl:px-5\">\n<div class=\"mx-auto flex flex-1 gap-4 text-base md:gap-5 lg:gap-6 md:max-w-3xl\">\n<div class=\"group\/conversation-turn relative flex w-full min-w-0 flex-col agent-turn\">\n<div class=\"flex-col gap-1 md:gap-3\">\n<div class=\"flex max-w-full flex-col flex-grow\">\n<div class=\"min-h-8 text-message flex w-full flex-col items-end gap-2 whitespace-normal break-words text-start [.text-message+&amp;]:mt-5\" dir=\"auto\" data-message-author-role=\"assistant\" data-message-id=\"e5c36dab-8d82-4c77-a720-3e96f5969b16\" data-message-model-slug=\"gpt-4o-mini\">\n<div class=\"flex w-full flex-col gap-1 empty:hidden first:pt-[3px]\">\n<div class=\"markdown prose w-full break-words dark:prose-invert dark\">  A espregui\u00e7adeira dupla Cabrera combina perfeitamente estilo e funcionalidade. O seu encosto reclina-se em v\u00e1rias posi\u00e7\u00f5es a pedido do utilizador permite um ajuste personalizado para maior conforto, conta ainda com rodas nas pernas o que facilita a coloca\u00e7\u00e3o \u00e0 vontade. A almofada, feita de poli\u00e9ster macio e remov\u00edvel, tem um interior de espuma coberto com textileno com tratamento repelente de \u00e1gua. Acompanhando a espregui\u00e7adeira, as mesas laterais da mesma cole\u00e7\u00e3o Cabrera s\u00e3o totalmente feitas de alum\u00ednio, oferecendo um complemento absolutamente funcional, proporcionando conforto extra \u00e0 pe\u00e7a.     <\/div>\n<\/div>\n<\/div>\n<\/div>\n<\/div>\n<\/div>\n<\/div>\n<\/div>\n<\/article>\n<\/div>\n<\/div>\n<\/div>\n<\/div>\n<\/div>\n<\/div>\n<\/div>\n<\/div>\n<div>Medidas: espregui\u00e7adeira 206x152x34cm mesa de cabeceira: 46x44x46cm<\/div>\n<\/div>\n","protected":false},"excerpt":{"rendered":"<ul>\n<li>Espregui\u00e7adeira dupla de alum\u00ednio branco com rodas<\/li>\n<li>Almofada remov\u00edvel e lav\u00e1vel<\/li>\n<li>Espuma revestida de t\u00eaxtil com tratamento repelente de \u00e1gua<\/li>\n<li>Medidas: espregui\u00e7adeira 206x152x34cm mesa de cabeceira 46x44x46cm<\/li>\n<\/ul>\n","protected":false},"featured_media":174973,"comment_status":"closed","ping_status":"open","template":"","meta":{"_acf_changed":false},"product_brand":[],"product_cat":[417,412],"product_tag":[],"class_list":{"0":"post-175275","1":"product","2":"type-product","3":"status-publish","4":"has-post-thumbnail","6":"product_cat-espreguicadeiras","7":"product_cat-espreguicadeiras-e-descanso","8":"product_shipping_class-envio-gratuito-pt-pt","9":"pa_asientos-2-pt-pt-2","10":"pa_caracteristicas-coberturas-lavaveis","11":"pa_caracteristicas-dobrando","12":"pa_caracteristicas-resistente-a-agua","13":"pa_material-aluminio-pt-pt","15":"first","16":"instock","17":"sale","18":"purchasable","19":"product-type-simple","20":"add-to-wishlist-before_image"},"acf":[],"yoast_head":"<!-- This site is optimized with the Yoast SEO plugin v27.2 - https:\/\/yoast.com\/product\/yoast-seo-wordpress\/ -->\n<title>Espregui\u00e7adeira dupla em alum\u00ednio branco com almofada e mesas de cabeceira - Cabrera - Kerama<\/title>\n<meta name=\"robots\" content=\"index, follow, max-snippet:-1, max-image-preview:large, max-video-preview:-1\" \/>\n<link rel=\"canonical\" href=\"https:\/\/keramamueblesdejardin.com\/pt-pt\/espreguicadeiras-e-descanso\/espreguicadeiras\/mesas-de-cabeceira-brancas-de-aluminio-duplas-espreguicadeiras-com-almofada-e-cabrera\/\" \/>\n<meta property=\"og:locale\" content=\"pt_PT\" \/>\n<meta property=\"og:type\" content=\"article\" \/>\n<meta property=\"og:title\" content=\"Espregui\u00e7adeira dupla em alum\u00ednio branco com almofada e mesas de cabeceira - Cabrera - Kerama\" \/>\n<meta property=\"og:description\" content=\"Espregui\u00e7adeira dupla de alum\u00ednio branco com rodas  Almofada remov\u00edvel e lav\u00e1vel  Espuma revestida de t\u00eaxtil com tratamento repelente de \u00e1gua  Medidas: espregui\u00e7adeira 206x152x34cm mesa de cabeceira 46x44x46cm\" \/>\n<meta property=\"og:url\" content=\"https:\/\/keramamueblesdejardin.com\/pt-pt\/espreguicadeiras-e-descanso\/espreguicadeiras\/mesas-de-cabeceira-brancas-de-aluminio-duplas-espreguicadeiras-com-almofada-e-cabrera\/\" \/>\n<meta property=\"og:site_name\" content=\"Kerama\" \/>\n<meta property=\"article:publisher\" content=\"https:\/\/www.facebook.com\/Kerama-Muebles-de-Jard%c3%adn-106209328312568\/\" \/>\n<meta property=\"article:modified_time\" content=\"2025-01-13T18:18:42+00:00\" \/>\n<meta property=\"og:image\" content=\"https:\/\/keramamueblesdejardin.com\/wp-content\/uploads\/2025\/01\/tumbona-doble-cabrera-con-mesitas.jpg\" \/>\n\t<meta property=\"og:image:width\" content=\"1200\" \/>\n\t<meta property=\"og:image:height\" content=\"1200\" \/>\n\t<meta property=\"og:image:type\" content=\"image\/jpeg\" \/>\n<meta name=\"twitter:card\" content=\"summary_large_image\" \/>\n<meta name=\"twitter:label1\" content=\"Tempo estimado de leitura\" \/>\n\t<meta name=\"twitter:data1\" content=\"1 minuto\" \/>\n<script type=\"application\/ld+json\" class=\"yoast-schema-graph\">{\"@context\":\"https:\/\/schema.org\",\"@graph\":[{\"@type\":\"WebPage\",\"@id\":\"https:\/\/keramamueblesdejardin.com\/pt-pt\/espreguicadeiras-e-descanso\/espreguicadeiras\/mesas-de-cabeceira-brancas-de-aluminio-duplas-espreguicadeiras-com-almofada-e-cabrera\/\",\"url\":\"https:\/\/keramamueblesdejardin.com\/pt-pt\/espreguicadeiras-e-descanso\/espreguicadeiras\/mesas-de-cabeceira-brancas-de-aluminio-duplas-espreguicadeiras-com-almofada-e-cabrera\/\",\"name\":\"Espregui\u00e7adeira dupla em alum\u00ednio branco com almofada e mesas de cabeceira - Cabrera - Kerama\",\"isPartOf\":{\"@id\":\"https:\/\/keramamueblesdejardin.com\/pt-pt\/#website\"},\"primaryImageOfPage\":{\"@id\":\"https:\/\/keramamueblesdejardin.com\/pt-pt\/espreguicadeiras-e-descanso\/espreguicadeiras\/mesas-de-cabeceira-brancas-de-aluminio-duplas-espreguicadeiras-com-almofada-e-cabrera\/#primaryimage\"},\"image\":{\"@id\":\"https:\/\/keramamueblesdejardin.com\/pt-pt\/espreguicadeiras-e-descanso\/espreguicadeiras\/mesas-de-cabeceira-brancas-de-aluminio-duplas-espreguicadeiras-com-almofada-e-cabrera\/#primaryimage\"},\"thumbnailUrl\":\"https:\/\/keramamueblesdejardin.com\/wp-content\/uploads\/2025\/01\/tumbona-doble-cabrera-con-mesitas.jpg\",\"datePublished\":\"2025-01-13T17:18:42+00:00\",\"dateModified\":\"2025-01-13T18:18:42+00:00\",\"breadcrumb\":{\"@id\":\"https:\/\/keramamueblesdejardin.com\/pt-pt\/espreguicadeiras-e-descanso\/espreguicadeiras\/mesas-de-cabeceira-brancas-de-aluminio-duplas-espreguicadeiras-com-almofada-e-cabrera\/#breadcrumb\"},\"inLanguage\":\"pt-PT\",\"potentialAction\":[{\"@type\":\"ReadAction\",\"target\":[\"https:\/\/keramamueblesdejardin.com\/pt-pt\/espreguicadeiras-e-descanso\/espreguicadeiras\/mesas-de-cabeceira-brancas-de-aluminio-duplas-espreguicadeiras-com-almofada-e-cabrera\/\"]}]},{\"@type\":\"ImageObject\",\"inLanguage\":\"pt-PT\",\"@id\":\"https:\/\/keramamueblesdejardin.com\/pt-pt\/espreguicadeiras-e-descanso\/espreguicadeiras\/mesas-de-cabeceira-brancas-de-aluminio-duplas-espreguicadeiras-com-almofada-e-cabrera\/#primaryimage\",\"url\":\"https:\/\/keramamueblesdejardin.com\/wp-content\/uploads\/2025\/01\/tumbona-doble-cabrera-con-mesitas.jpg\",\"contentUrl\":\"https:\/\/keramamueblesdejardin.com\/wp-content\/uploads\/2025\/01\/tumbona-doble-cabrera-con-mesitas.jpg\",\"width\":1200,\"height\":1200},{\"@type\":\"BreadcrumbList\",\"@id\":\"https:\/\/keramamueblesdejardin.com\/pt-pt\/espreguicadeiras-e-descanso\/espreguicadeiras\/mesas-de-cabeceira-brancas-de-aluminio-duplas-espreguicadeiras-com-almofada-e-cabrera\/#breadcrumb\",\"itemListElement\":[{\"@type\":\"ListItem\",\"position\":1,\"name\":\"Home\",\"item\":\"https:\/\/keramamueblesdejardin.com\/pt-pt\/\"},{\"@type\":\"ListItem\",\"position\":2,\"name\":\"Tienda\",\"item\":\"https:\/\/keramamueblesdejardin.com\/pt-pt\/tienda-2\/\"},{\"@type\":\"ListItem\",\"position\":3,\"name\":\"Espregui\u00e7adeiras e descanso\",\"item\":\"https:\/\/keramamueblesdejardin.com\/pt-pt\/espreguicadeiras-e-descanso\/\"},{\"@type\":\"ListItem\",\"position\":4,\"name\":\"Espregui\u00e7adeiras\",\"item\":\"https:\/\/keramamueblesdejardin.com\/pt-pt\/espreguicadeiras-e-descanso\/espreguicadeiras\/\"},{\"@type\":\"ListItem\",\"position\":5,\"name\":\"Espregui\u00e7adeira dupla em alum\u00ednio branco com almofada e mesas de cabeceira &#8211; Cabrera\"}]},{\"@type\":\"WebSite\",\"@id\":\"https:\/\/keramamueblesdejardin.com\/pt-pt\/#website\",\"url\":\"https:\/\/keramamueblesdejardin.com\/pt-pt\/\",\"name\":\"Kerama\",\"description\":\"muebles de jard\u00edn\",\"publisher\":{\"@id\":\"https:\/\/keramamueblesdejardin.com\/pt-pt\/#organization\"},\"potentialAction\":[{\"@type\":\"SearchAction\",\"target\":{\"@type\":\"EntryPoint\",\"urlTemplate\":\"https:\/\/keramamueblesdejardin.com\/pt-pt\/?s={search_term_string}\"},\"query-input\":{\"@type\":\"PropertyValueSpecification\",\"valueRequired\":true,\"valueName\":\"search_term_string\"}}],\"inLanguage\":\"pt-PT\"},{\"@type\":\"Organization\",\"@id\":\"https:\/\/keramamueblesdejardin.com\/pt-pt\/#organization\",\"name\":\"kerama\",\"url\":\"https:\/\/keramamueblesdejardin.com\/pt-pt\/\",\"logo\":{\"@type\":\"ImageObject\",\"inLanguage\":\"pt-PT\",\"@id\":\"https:\/\/keramamueblesdejardin.com\/pt-pt\/#\/schema\/logo\/image\/\",\"url\":\"https:\/\/keramamueblesdejardin.com\/wp-content\/uploads\/2020\/12\/k.-scaled.jpg\",\"contentUrl\":\"https:\/\/keramamueblesdejardin.com\/wp-content\/uploads\/2020\/12\/k.-scaled.jpg\",\"width\":2560,\"height\":551,\"caption\":\"kerama\"},\"image\":{\"@id\":\"https:\/\/keramamueblesdejardin.com\/pt-pt\/#\/schema\/logo\/image\/\"},\"sameAs\":[\"https:\/\/www.facebook.com\/Kerama-Muebles-de-Jard\u00edn-106209328312568\/\"]}]}<\/script>\n<!-- \/ Yoast SEO plugin. -->","yoast_head_json":{"title":"Espregui\u00e7adeira dupla em alum\u00ednio branco com almofada e mesas de cabeceira - Cabrera - Kerama","robots":{"index":"index","follow":"follow","max-snippet":"max-snippet:-1","max-image-preview":"max-image-preview:large","max-video-preview":"max-video-preview:-1"},"canonical":"https:\/\/keramamueblesdejardin.com\/pt-pt\/espreguicadeiras-e-descanso\/espreguicadeiras\/mesas-de-cabeceira-brancas-de-aluminio-duplas-espreguicadeiras-com-almofada-e-cabrera\/","og_locale":"pt_PT","og_type":"article","og_title":"Espregui\u00e7adeira dupla em alum\u00ednio branco com almofada e mesas de cabeceira - Cabrera - Kerama","og_description":"Espregui\u00e7adeira dupla de alum\u00ednio branco com rodas  Almofada remov\u00edvel e lav\u00e1vel  Espuma revestida de t\u00eaxtil com tratamento repelente de \u00e1gua  Medidas: espregui\u00e7adeira 206x152x34cm mesa de cabeceira 46x44x46cm","og_url":"https:\/\/keramamueblesdejardin.com\/pt-pt\/espreguicadeiras-e-descanso\/espreguicadeiras\/mesas-de-cabeceira-brancas-de-aluminio-duplas-espreguicadeiras-com-almofada-e-cabrera\/","og_site_name":"Kerama","article_publisher":"https:\/\/www.facebook.com\/Kerama-Muebles-de-Jard%c3%adn-106209328312568\/","article_modified_time":"2025-01-13T18:18:42+00:00","og_image":[{"width":1200,"height":1200,"url":"https:\/\/keramamueblesdejardin.com\/wp-content\/uploads\/2025\/01\/tumbona-doble-cabrera-con-mesitas.jpg","type":"image\/jpeg"}],"twitter_card":"summary_large_image","twitter_misc":{"Tempo estimado de leitura":"1 minuto"},"schema":{"@context":"https:\/\/schema.org","@graph":[{"@type":"WebPage","@id":"https:\/\/keramamueblesdejardin.com\/pt-pt\/espreguicadeiras-e-descanso\/espreguicadeiras\/mesas-de-cabeceira-brancas-de-aluminio-duplas-espreguicadeiras-com-almofada-e-cabrera\/","url":"https:\/\/keramamueblesdejardin.com\/pt-pt\/espreguicadeiras-e-descanso\/espreguicadeiras\/mesas-de-cabeceira-brancas-de-aluminio-duplas-espreguicadeiras-com-almofada-e-cabrera\/","name":"Espregui\u00e7adeira dupla em alum\u00ednio branco com almofada e mesas de cabeceira - Cabrera - Kerama","isPartOf":{"@id":"https:\/\/keramamueblesdejardin.com\/pt-pt\/#website"},"primaryImageOfPage":{"@id":"https:\/\/keramamueblesdejardin.com\/pt-pt\/espreguicadeiras-e-descanso\/espreguicadeiras\/mesas-de-cabeceira-brancas-de-aluminio-duplas-espreguicadeiras-com-almofada-e-cabrera\/#primaryimage"},"image":{"@id":"https:\/\/keramamueblesdejardin.com\/pt-pt\/espreguicadeiras-e-descanso\/espreguicadeiras\/mesas-de-cabeceira-brancas-de-aluminio-duplas-espreguicadeiras-com-almofada-e-cabrera\/#primaryimage"},"thumbnailUrl":"https:\/\/keramamueblesdejardin.com\/wp-content\/uploads\/2025\/01\/tumbona-doble-cabrera-con-mesitas.jpg","datePublished":"2025-01-13T17:18:42+00:00","dateModified":"2025-01-13T18:18:42+00:00","breadcrumb":{"@id":"https:\/\/keramamueblesdejardin.com\/pt-pt\/espreguicadeiras-e-descanso\/espreguicadeiras\/mesas-de-cabeceira-brancas-de-aluminio-duplas-espreguicadeiras-com-almofada-e-cabrera\/#breadcrumb"},"inLanguage":"pt-PT","potentialAction":[{"@type":"ReadAction","target":["https:\/\/keramamueblesdejardin.com\/pt-pt\/espreguicadeiras-e-descanso\/espreguicadeiras\/mesas-de-cabeceira-brancas-de-aluminio-duplas-espreguicadeiras-com-almofada-e-cabrera\/"]}]},{"@type":"ImageObject","inLanguage":"pt-PT","@id":"https:\/\/keramamueblesdejardin.com\/pt-pt\/espreguicadeiras-e-descanso\/espreguicadeiras\/mesas-de-cabeceira-brancas-de-aluminio-duplas-espreguicadeiras-com-almofada-e-cabrera\/#primaryimage","url":"https:\/\/keramamueblesdejardin.com\/wp-content\/uploads\/2025\/01\/tumbona-doble-cabrera-con-mesitas.jpg","contentUrl":"https:\/\/keramamueblesdejardin.com\/wp-content\/uploads\/2025\/01\/tumbona-doble-cabrera-con-mesitas.jpg","width":1200,"height":1200},{"@type":"BreadcrumbList","@id":"https:\/\/keramamueblesdejardin.com\/pt-pt\/espreguicadeiras-e-descanso\/espreguicadeiras\/mesas-de-cabeceira-brancas-de-aluminio-duplas-espreguicadeiras-com-almofada-e-cabrera\/#breadcrumb","itemListElement":[{"@type":"ListItem","position":1,"name":"Home","item":"https:\/\/keramamueblesdejardin.com\/pt-pt\/"},{"@type":"ListItem","position":2,"name":"Tienda","item":"https:\/\/keramamueblesdejardin.com\/pt-pt\/tienda-2\/"},{"@type":"ListItem","position":3,"name":"Espregui\u00e7adeiras e descanso","item":"https:\/\/keramamueblesdejardin.com\/pt-pt\/espreguicadeiras-e-descanso\/"},{"@type":"ListItem","position":4,"name":"Espregui\u00e7adeiras","item":"https:\/\/keramamueblesdejardin.com\/pt-pt\/espreguicadeiras-e-descanso\/espreguicadeiras\/"},{"@type":"ListItem","position":5,"name":"Espregui\u00e7adeira dupla em alum\u00ednio branco com almofada e mesas de cabeceira &#8211; Cabrera"}]},{"@type":"WebSite","@id":"https:\/\/keramamueblesdejardin.com\/pt-pt\/#website","url":"https:\/\/keramamueblesdejardin.com\/pt-pt\/","name":"Kerama","description":"muebles de jard\u00edn","publisher":{"@id":"https:\/\/keramamueblesdejardin.com\/pt-pt\/#organization"},"potentialAction":[{"@type":"SearchAction","target":{"@type":"EntryPoint","urlTemplate":"https:\/\/keramamueblesdejardin.com\/pt-pt\/?s={search_term_string}"},"query-input":{"@type":"PropertyValueSpecification","valueRequired":true,"valueName":"search_term_string"}}],"inLanguage":"pt-PT"},{"@type":"Organization","@id":"https:\/\/keramamueblesdejardin.com\/pt-pt\/#organization","name":"kerama","url":"https:\/\/keramamueblesdejardin.com\/pt-pt\/","logo":{"@type":"ImageObject","inLanguage":"pt-PT","@id":"https:\/\/keramamueblesdejardin.com\/pt-pt\/#\/schema\/logo\/image\/","url":"https:\/\/keramamueblesdejardin.com\/wp-content\/uploads\/2020\/12\/k.-scaled.jpg","contentUrl":"https:\/\/keramamueblesdejardin.com\/wp-content\/uploads\/2020\/12\/k.-scaled.jpg","width":2560,"height":551,"caption":"kerama"},"image":{"@id":"https:\/\/keramamueblesdejardin.com\/pt-pt\/#\/schema\/logo\/image\/"},"sameAs":["https:\/\/www.facebook.com\/Kerama-Muebles-de-Jard\u00edn-106209328312568\/"]}]}},"df_price":1295,"df_sale_price":1295,"df_regular_price":1659,"df_image_link":"https:\/\/keramamueblesdejardin.com\/wp-content\/uploads\/2025\/01\/tumbona-doble-cabrera-con-mesitas-300x300.jpg","custom_tabs":[{"title":"MEDI\u00c7\u00c3O","id":"medi\u00e7\u00e3o","content":"<div class=\"list\">\n<div class=\"list\"><strong>Alta: <\/strong>Espregui\u00e7adeira 34cm \/ Mesinha 46cm<\/div>\n<div class=\"list\"><strong>Largura: <\/strong>Espregui\u00e7adeira 206cm \/ Mesinha 46cm<\/div>\n<div class=\"list\"><strong>Parte inferior: <\/strong>Espregui\u00e7adeira 152cm \/ Mesinha 44cm<\/div>\n<\/div>"},{"title":"DESEMBALAR E ASSEMBL\u00c9IA","id":"desembalar-e-assembleia","content":"<div class=\"list\"><strong style=\"font-weight: bold; color: #282828;\">Recomenda\u00e7\u00f5es para desembalar:<\/strong><span style=\"color: #282828;\"> N\u00e3o use utens\u00edlios afiados ao desembalar os m\u00f3veis, pois isso pode causar danos<\/span><br style=\"color: #282828;\"><strong style=\"font-weight: bold; color: #282828;\">Montagem necess\u00e1ria (sim\/n\u00e3o):<\/strong><span style=\"color: #282828;\"> N\u00e3o<\/span><\/div>"},{"title":"MANUTEN\u00c7\u00c3O E GARANTIAS","id":"manutencao-e-garantias","content":"<div class=\"moz-signature\">\n<div class=\"list\"><strong>Recomenda\u00e7\u00f5es gerais:<\/strong> \u2022 Avarias ou danos causados por: \u2022 Causas acidentais como quedas, golpes, derrames de l\u00edquidos, introdu\u00e7\u00e3o de corpos estranhos, bem como qualquer outro caso de for\u00e7a maior est\u00e3o exclu\u00eddos da garantia. \u2022 Utiliza\u00e7\u00e3o negligente, impr\u00f3pria ou n\u00e3o dom\u00e9stica. \u2022 Danos, corros\u00e3o e\/ou oxida\u00e7\u00e3o acelerados por condi\u00e7\u00f5es ambientais adversas \u2022 Manchas e descolora\u00e7\u00e3o devido ao n\u00e3o cumprimento das nossas instru\u00e7\u00f5es de limpeza \u2022 Danos ocorridos durante a montagem e manuseamento sem ter seguido as instru\u00e7\u00f5es de montagem indicadas. <strong>Instru\u00e7\u00f5es de utiliza\u00e7\u00e3o e manuten\u00e7\u00e3o: \u2022 Limpe<\/strong> suavemente com a ajuda de um pano ou use um sabonete l\u00edquido neutro, enxaguando com bastante \u00e1gua. \u2022 Retire regularmente o p\u00f3 com a ajuda de um pano macio e \u00e1gua l\u00edmpia. \u2022 N\u00e3o utilize detergentes ou produtos abrasivos para a limpeza. <strong>Anos de garantia:<\/strong> 3 anos <strong>Fabricado de acordo com a norma:<\/strong> 581-1,581-2,581-3<\/div>\n<\/div>"}],"_links":{"self":[{"href":"https:\/\/keramamueblesdejardin.com\/pt-pt\/wp-json\/wp\/v2\/product\/175275","targetHints":{"allow":["GET"]}}],"collection":[{"href":"https:\/\/keramamueblesdejardin.com\/pt-pt\/wp-json\/wp\/v2\/product"}],"about":[{"href":"https:\/\/keramamueblesdejardin.com\/pt-pt\/wp-json\/wp\/v2\/types\/product"}],"replies":[{"embeddable":true,"href":"https:\/\/keramamueblesdejardin.com\/pt-pt\/wp-json\/wp\/v2\/comments?post=175275"}],"wp:featuredmedia":[{"embeddable":true,"href":"https:\/\/keramamueblesdejardin.com\/pt-pt\/wp-json\/wp\/v2\/media\/174973"}],"wp:attachment":[{"href":"https:\/\/keramamueblesdejardin.com\/pt-pt\/wp-json\/wp\/v2\/media?parent=175275"}],"wp:term":[{"taxonomy":"product_brand","embeddable":true,"href":"https:\/\/keramamueblesdejardin.com\/pt-pt\/wp-json\/wp\/v2\/product_brand?post=175275"},{"taxonomy":"product_cat","embeddable":true,"href":"https:\/\/keramamueblesdejardin.com\/pt-pt\/wp-json\/wp\/v2\/product_cat?post=175275"},{"taxonomy":"product_tag","embeddable":true,"href":"https:\/\/keramamueblesdejardin.com\/pt-pt\/wp-json\/wp\/v2\/product_tag?post=175275"}],"curies":[{"name":"wp","href":"https:\/\/api.w.org\/{rel}","templated":true}]}}