{"id":175254,"date":"1970-01-01T00:00:00","date_gmt":"1969-12-31T23:00:00","guid":{"rendered":"https:\/\/keramamueblesdejardin.com\/sem categoria\/mesa-lateral-de-aluminio-antracite-nagano\/"},"modified":"2025-01-17T14:19:27","modified_gmt":"2025-01-17T13:19:27","slug":"mesa-lateral-aluminio-antracite-nagano","status":"publish","type":"product","link":"https:\/\/keramamueblesdejardin.com\/pt-pt\/nao-categorizado\/mesa-lateral-aluminio-antracite-nagano\/","title":{"rendered":"Mesa lateral de alum\u00ednio antracite &#8211; Nagano"},"content":{"rendered":"<p>Mesa lateral exterior com linhas retas e modernas, s\u00e3o ideais para estar ao ar livre devido aos seus materiais espec\u00edficos. Al\u00e9m disso, dada a sua forma, \u00e9 ideal para colocar debaixo de sof\u00e1s e espregui\u00e7adeiras. Mesa de apoio Estrutura de alum\u00ednio Mesa de cor antracite: 44x40x46cm  <\/p>\n","protected":false},"excerpt":{"rendered":"<ul>\n<li>Mesa de apoio\n<li>Estrutura em alum\u00ednio\n<li>Cor antracite\n<li>  Tabela: 44x40x46cm<\/li>\n<\/ul>\n","protected":false},"featured_media":0,"comment_status":"closed","ping_status":"open","template":"","meta":{"_acf_changed":false},"product_brand":[],"product_cat":[421],"product_tag":[],"class_list":{"0":"post-175254","1":"product","2":"type-product","3":"status-publish","5":"product_cat-nao-categorizado","6":"pa_forma-quadrada","7":"pa_material-aluminio-pt-pt","9":"first","10":"instock","11":"product-type-simple","12":"add-to-wishlist-before_image"},"acf":[],"yoast_head":"<!-- This site is optimized with the Yoast SEO plugin v27.2 - https:\/\/yoast.com\/product\/yoast-seo-wordpress\/ -->\n<title>Mesa lateral de alum\u00ednio antracite - Nagano - Kerama<\/title>\n<meta name=\"robots\" content=\"index, follow, max-snippet:-1, max-image-preview:large, max-video-preview:-1\" \/>\n<link rel=\"canonical\" href=\"https:\/\/keramamueblesdejardin.com\/pt-pt\/nao-categorizado\/mesa-lateral-aluminio-antracite-nagano\/\" \/>\n<meta property=\"og:locale\" content=\"pt_PT\" \/>\n<meta property=\"og:type\" content=\"article\" \/>\n<meta property=\"og:title\" content=\"Mesa lateral de alum\u00ednio antracite - Nagano - Kerama\" \/>\n<meta property=\"og:description\" content=\"Mesa de apoio Estrutura em alum\u00ednio Cor antracite  Tabela: 44x40x46cm\" \/>\n<meta property=\"og:url\" content=\"https:\/\/keramamueblesdejardin.com\/pt-pt\/nao-categorizado\/mesa-lateral-aluminio-antracite-nagano\/\" \/>\n<meta property=\"og:site_name\" content=\"Kerama\" \/>\n<meta property=\"article:publisher\" content=\"https:\/\/www.facebook.com\/Kerama-Muebles-de-Jard%c3%adn-106209328312568\/\" \/>\n<meta property=\"article:modified_time\" content=\"2025-01-17T13:19:27+00:00\" \/>\n<meta property=\"og:image\" content=\"https:\/\/keramamueblesdejardin.com\/wp-content\/uploads\/2024\/10\/punta-cana-mesita-antracita.jpg\" \/>\n\t<meta property=\"og:image:width\" content=\"1200\" \/>\n\t<meta property=\"og:image:height\" content=\"1200\" \/>\n\t<meta property=\"og:image:type\" content=\"image\/jpeg\" \/>\n<meta name=\"twitter:card\" content=\"summary_large_image\" \/>\n<script type=\"application\/ld+json\" class=\"yoast-schema-graph\">{\"@context\":\"https:\/\/schema.org\",\"@graph\":[{\"@type\":\"WebPage\",\"@id\":\"https:\/\/keramamueblesdejardin.com\/pt-pt\/nao-categorizado\/mesa-lateral-aluminio-antracite-nagano\/\",\"url\":\"https:\/\/keramamueblesdejardin.com\/pt-pt\/nao-categorizado\/mesa-lateral-aluminio-antracite-nagano\/\",\"name\":\"Mesa lateral de alum\u00ednio antracite - Nagano - Kerama\",\"isPartOf\":{\"@id\":\"https:\/\/keramamueblesdejardin.com\/pt-pt\/#website\"},\"datePublished\":\"1969-12-31T23:00:00+00:00\",\"dateModified\":\"2025-01-17T13:19:27+00:00\",\"breadcrumb\":{\"@id\":\"https:\/\/keramamueblesdejardin.com\/pt-pt\/nao-categorizado\/mesa-lateral-aluminio-antracite-nagano\/#breadcrumb\"},\"inLanguage\":\"pt-PT\",\"potentialAction\":[{\"@type\":\"ReadAction\",\"target\":[\"https:\/\/keramamueblesdejardin.com\/pt-pt\/nao-categorizado\/mesa-lateral-aluminio-antracite-nagano\/\"]}]},{\"@type\":\"BreadcrumbList\",\"@id\":\"https:\/\/keramamueblesdejardin.com\/pt-pt\/nao-categorizado\/mesa-lateral-aluminio-antracite-nagano\/#breadcrumb\",\"itemListElement\":[{\"@type\":\"ListItem\",\"position\":1,\"name\":\"Home\",\"item\":\"https:\/\/keramamueblesdejardin.com\/pt-pt\/\"},{\"@type\":\"ListItem\",\"position\":2,\"name\":\"Tienda\",\"item\":\"https:\/\/keramamueblesdejardin.com\/pt-pt\/tienda-2\/\"},{\"@type\":\"ListItem\",\"position\":3,\"name\":\"Lounges ao ar livre\",\"item\":\"https:\/\/keramamueblesdejardin.com\/pt-pt\/lounges-ao-ar-livre\/\"},{\"@type\":\"ListItem\",\"position\":4,\"name\":\"Mesas laterais do jardim\",\"item\":\"https:\/\/keramamueblesdejardin.com\/pt-pt\/lounges-ao-ar-livre\/mesas-laterais-do-jardim\/\"},{\"@type\":\"ListItem\",\"position\":5,\"name\":\"Mesa lateral de alum\u00ednio antracite &#8211; Nagano\"}]},{\"@type\":\"WebSite\",\"@id\":\"https:\/\/keramamueblesdejardin.com\/pt-pt\/#website\",\"url\":\"https:\/\/keramamueblesdejardin.com\/pt-pt\/\",\"name\":\"Kerama\",\"description\":\"muebles de jard\u00edn\",\"publisher\":{\"@id\":\"https:\/\/keramamueblesdejardin.com\/pt-pt\/#organization\"},\"potentialAction\":[{\"@type\":\"SearchAction\",\"target\":{\"@type\":\"EntryPoint\",\"urlTemplate\":\"https:\/\/keramamueblesdejardin.com\/pt-pt\/?s={search_term_string}\"},\"query-input\":{\"@type\":\"PropertyValueSpecification\",\"valueRequired\":true,\"valueName\":\"search_term_string\"}}],\"inLanguage\":\"pt-PT\"},{\"@type\":\"Organization\",\"@id\":\"https:\/\/keramamueblesdejardin.com\/pt-pt\/#organization\",\"name\":\"kerama\",\"url\":\"https:\/\/keramamueblesdejardin.com\/pt-pt\/\",\"logo\":{\"@type\":\"ImageObject\",\"inLanguage\":\"pt-PT\",\"@id\":\"https:\/\/keramamueblesdejardin.com\/pt-pt\/#\/schema\/logo\/image\/\",\"url\":\"https:\/\/keramamueblesdejardin.com\/wp-content\/uploads\/2020\/12\/k.-scaled.jpg\",\"contentUrl\":\"https:\/\/keramamueblesdejardin.com\/wp-content\/uploads\/2020\/12\/k.-scaled.jpg\",\"width\":2560,\"height\":551,\"caption\":\"kerama\"},\"image\":{\"@id\":\"https:\/\/keramamueblesdejardin.com\/pt-pt\/#\/schema\/logo\/image\/\"},\"sameAs\":[\"https:\/\/www.facebook.com\/Kerama-Muebles-de-Jard\u00edn-106209328312568\/\"]}]}<\/script>\n<!-- \/ Yoast SEO plugin. -->","yoast_head_json":{"title":"Mesa lateral de alum\u00ednio antracite - Nagano - Kerama","robots":{"index":"index","follow":"follow","max-snippet":"max-snippet:-1","max-image-preview":"max-image-preview:large","max-video-preview":"max-video-preview:-1"},"canonical":"https:\/\/keramamueblesdejardin.com\/pt-pt\/nao-categorizado\/mesa-lateral-aluminio-antracite-nagano\/","og_locale":"pt_PT","og_type":"article","og_title":"Mesa lateral de alum\u00ednio antracite - Nagano - Kerama","og_description":"Mesa de apoio Estrutura em alum\u00ednio Cor antracite  Tabela: 44x40x46cm","og_url":"https:\/\/keramamueblesdejardin.com\/pt-pt\/nao-categorizado\/mesa-lateral-aluminio-antracite-nagano\/","og_site_name":"Kerama","article_publisher":"https:\/\/www.facebook.com\/Kerama-Muebles-de-Jard%c3%adn-106209328312568\/","article_modified_time":"2025-01-17T13:19:27+00:00","og_image":[{"width":1200,"height":1200,"url":"https:\/\/keramamueblesdejardin.com\/wp-content\/uploads\/2024\/10\/punta-cana-mesita-antracita.jpg","type":"image\/jpeg"}],"twitter_card":"summary_large_image","schema":{"@context":"https:\/\/schema.org","@graph":[{"@type":"WebPage","@id":"https:\/\/keramamueblesdejardin.com\/pt-pt\/nao-categorizado\/mesa-lateral-aluminio-antracite-nagano\/","url":"https:\/\/keramamueblesdejardin.com\/pt-pt\/nao-categorizado\/mesa-lateral-aluminio-antracite-nagano\/","name":"Mesa lateral de alum\u00ednio antracite - Nagano - Kerama","isPartOf":{"@id":"https:\/\/keramamueblesdejardin.com\/pt-pt\/#website"},"datePublished":"1969-12-31T23:00:00+00:00","dateModified":"2025-01-17T13:19:27+00:00","breadcrumb":{"@id":"https:\/\/keramamueblesdejardin.com\/pt-pt\/nao-categorizado\/mesa-lateral-aluminio-antracite-nagano\/#breadcrumb"},"inLanguage":"pt-PT","potentialAction":[{"@type":"ReadAction","target":["https:\/\/keramamueblesdejardin.com\/pt-pt\/nao-categorizado\/mesa-lateral-aluminio-antracite-nagano\/"]}]},{"@type":"BreadcrumbList","@id":"https:\/\/keramamueblesdejardin.com\/pt-pt\/nao-categorizado\/mesa-lateral-aluminio-antracite-nagano\/#breadcrumb","itemListElement":[{"@type":"ListItem","position":1,"name":"Home","item":"https:\/\/keramamueblesdejardin.com\/pt-pt\/"},{"@type":"ListItem","position":2,"name":"Tienda","item":"https:\/\/keramamueblesdejardin.com\/pt-pt\/tienda-2\/"},{"@type":"ListItem","position":3,"name":"Lounges ao ar livre","item":"https:\/\/keramamueblesdejardin.com\/pt-pt\/lounges-ao-ar-livre\/"},{"@type":"ListItem","position":4,"name":"Mesas laterais do jardim","item":"https:\/\/keramamueblesdejardin.com\/pt-pt\/lounges-ao-ar-livre\/mesas-laterais-do-jardim\/"},{"@type":"ListItem","position":5,"name":"Mesa lateral de alum\u00ednio antracite &#8211; Nagano"}]},{"@type":"WebSite","@id":"https:\/\/keramamueblesdejardin.com\/pt-pt\/#website","url":"https:\/\/keramamueblesdejardin.com\/pt-pt\/","name":"Kerama","description":"muebles de jard\u00edn","publisher":{"@id":"https:\/\/keramamueblesdejardin.com\/pt-pt\/#organization"},"potentialAction":[{"@type":"SearchAction","target":{"@type":"EntryPoint","urlTemplate":"https:\/\/keramamueblesdejardin.com\/pt-pt\/?s={search_term_string}"},"query-input":{"@type":"PropertyValueSpecification","valueRequired":true,"valueName":"search_term_string"}}],"inLanguage":"pt-PT"},{"@type":"Organization","@id":"https:\/\/keramamueblesdejardin.com\/pt-pt\/#organization","name":"kerama","url":"https:\/\/keramamueblesdejardin.com\/pt-pt\/","logo":{"@type":"ImageObject","inLanguage":"pt-PT","@id":"https:\/\/keramamueblesdejardin.com\/pt-pt\/#\/schema\/logo\/image\/","url":"https:\/\/keramamueblesdejardin.com\/wp-content\/uploads\/2020\/12\/k.-scaled.jpg","contentUrl":"https:\/\/keramamueblesdejardin.com\/wp-content\/uploads\/2020\/12\/k.-scaled.jpg","width":2560,"height":551,"caption":"kerama"},"image":{"@id":"https:\/\/keramamueblesdejardin.com\/pt-pt\/#\/schema\/logo\/image\/"},"sameAs":["https:\/\/www.facebook.com\/Kerama-Muebles-de-Jard\u00edn-106209328312568\/"]}]}},"df_price":"","df_sale_price":"","df_regular_price":"","df_image_link":"https:\/\/keramamueblesdejardin.com\/wp-content\/uploads\/woocommerce-placeholder-300x300.png","custom_tabs":[{"title":"MEDI\u00c7\u00c3O","id":"medi\u00e7\u00e3o","content":"<div class=\"list\"><strong>Altura: <\/strong>46cm<\/div>\n<div class=\"list\"><strong>Largura: <\/strong>40cm<\/div>\n<div class=\"list\"><strong>Profundidade: <\/strong>44cm<\/div>"},{"title":"DESEMBALAR E ASSEMBL\u00c9IA","id":"desembalar-e-assembleia","content":"<div class=\"list\"><strong><strong style=\"font-weight: bold; color: #282828;\">Recomenda\u00e7\u00f5es para desempacotar:<\/strong><span style=\"font-weight: 400; color: #282828;\"> N\u00e3o utilizar ferramentas afiadas ao desembalar o mobili\u00e1rio, pois isso pode causar danos.<\/span><br style=\"font-weight: 400; color: #282828;\"><strong style=\"font-weight: bold; color: #282828;\">Montagem necess\u00e1ria (S\/N):<\/strong><span style=\"font-weight: 400; color: #282828;\"> Sim<\/span><br style=\"font-weight: 400; color: #282828;\"><strong style=\"font-weight: bold; color: #282828;\">Dificuldade de montagem:<\/strong><span style=\"font-weight: 400; color: #282828;\"> F\u00e1cil<\/span><br style=\"font-weight: 400; color: #282828;\"><strong style=\"font-weight: bold; color: #282828;\">Tempo de montagem:<\/strong><span style=\"font-weight: 400; color: #282828;\"> 5 minutos<\/span><br style=\"font-weight: 400; color: #282828;\"><strong style=\"font-weight: bold; color: #282828;\">Pessoas recomendadas para a montagem:<\/strong><span style=\"font-weight: 400; color: #282828;\"> 2<\/span><br style=\"font-weight: 400; color: #282828;\"><strong style=\"font-weight: bold; color: #282828;\">Sugest\u00f5es da assembleia:<\/strong><span style=\"font-weight: 400; color: #282828;\">  Preparar uma \u00e1rea de montagem limpa e seca, verificar se nenhuma das pe\u00e7as listadas no manual est\u00e1 em falta. Recomendamos o uso de luvas adequadas para a montagem. Utilize apenas pe\u00e7as e hardware fornecidos.<\/span> <\/strong><\/div>"},{"title":"MANUTEN\u00c7\u00c3O E GARANTIAS","id":"manutencao-e-garantias","content":"<div class=\"moz-signature\">\n<div class=\"list\"><strong>Recomenda\u00e7\u00f5es gerais:<\/strong> \u2022 Avarias ou danos causados por: \u2022 Causas acidentais como quedas, golpes, derrames de l\u00edquidos, introdu\u00e7\u00e3o de corpos estranhos, bem como qualquer outro caso de for\u00e7a maior est\u00e3o exclu\u00eddos da garantia. \u2022 Utiliza\u00e7\u00e3o negligente, impr\u00f3pria ou n\u00e3o dom\u00e9stica. \u2022 Danos, corros\u00e3o e\/ou oxida\u00e7\u00e3o acelerados por condi\u00e7\u00f5es ambientais adversas \u2022 Manchas e descolora\u00e7\u00e3o devido ao n\u00e3o cumprimento das nossas instru\u00e7\u00f5es de limpeza \u2022 Danos ocorridos durante a montagem e manuseamento sem ter seguido as instru\u00e7\u00f5es de montagem indicadas. <strong>Instru\u00e7\u00f5es de utiliza\u00e7\u00e3o e manuten\u00e7\u00e3o: \u2022 Limpe<\/strong> suavemente com a ajuda de um pano ou use um sabonete l\u00edquido neutro, enxaguando com bastante \u00e1gua. \u2022 Retire regularmente o p\u00f3 com a ajuda de um pano macio e \u00e1gua l\u00edmpia. \u2022 N\u00e3o utilize detergentes ou produtos abrasivos para a limpeza. <strong>Anos de garantia:<\/strong> 3 anos <strong>Fabricado de acordo com a norma:<\/strong> 581-1,581-2,581-3<\/div>\n<\/div>"}],"_links":{"self":[{"href":"https:\/\/keramamueblesdejardin.com\/pt-pt\/wp-json\/wp\/v2\/product\/175254","targetHints":{"allow":["GET"]}}],"collection":[{"href":"https:\/\/keramamueblesdejardin.com\/pt-pt\/wp-json\/wp\/v2\/product"}],"about":[{"href":"https:\/\/keramamueblesdejardin.com\/pt-pt\/wp-json\/wp\/v2\/types\/product"}],"replies":[{"embeddable":true,"href":"https:\/\/keramamueblesdejardin.com\/pt-pt\/wp-json\/wp\/v2\/comments?post=175254"}],"wp:attachment":[{"href":"https:\/\/keramamueblesdejardin.com\/pt-pt\/wp-json\/wp\/v2\/media?parent=175254"}],"wp:term":[{"taxonomy":"product_brand","embeddable":true,"href":"https:\/\/keramamueblesdejardin.com\/pt-pt\/wp-json\/wp\/v2\/product_brand?post=175254"},{"taxonomy":"product_cat","embeddable":true,"href":"https:\/\/keramamueblesdejardin.com\/pt-pt\/wp-json\/wp\/v2\/product_cat?post=175254"},{"taxonomy":"product_tag","embeddable":true,"href":"https:\/\/keramamueblesdejardin.com\/pt-pt\/wp-json\/wp\/v2\/product_tag?post=175254"}],"curies":[{"name":"wp","href":"https:\/\/api.w.org\/{rel}","templated":true}]}}