{"id":168090,"date":"2024-05-23T17:08:26","date_gmt":"2024-05-23T15:08:26","guid":{"rendered":"https:\/\/keramamueblesdejardin.com\/sem%20categoria\/conjunto-de-cobertura-impermeavel-tamanho-jardim-m-200x150x80-cinza-protech\/"},"modified":"2024-10-04T13:17:00","modified_gmt":"2024-10-04T11:17:00","slug":"capa-impermeavel-conjunto-jardim-tamanho-m-200x150x80-cinza-protech","status":"publish","type":"product","link":"https:\/\/keramamueblesdejardin.com\/pt-pt\/acessorios-ao-ar-livre\/capas-de-moveis-de-jardim\/capa-impermeavel-conjunto-jardim-tamanho-m-200x150x80-cinza-protech\/","title":{"rendered":"Conjunto de cobertura imperme\u00e1vel tamanho jardim M 200x150x80 cinza &#8211; Protech"},"content":{"rendered":"<p>Cobertura de mobili\u00e1rio de jardim cinza de 200x150x80 cm, ideal para conjuntos de sala de jantar ou mobili\u00e1rio de exterior m\u00e9dio. O tecido utilizado \u00e9 de qualidade superior, possui um tratamento laminado que o torna resistente \u00e0s intemp\u00e9ries, bem como imperme\u00e1vel. Inclui um cabo para ajustar a cobertura ao mobili\u00e1rio. Recomendamos sempre colocar um objeto debaixo da tampa para que a superf\u00edcie da tampa seja sempre levantada e assim evitar a cria\u00e7\u00e3o de sacos de \u00e1gua se chover. Al\u00e9m disso, recomendamos tamb\u00e9m que o mobili\u00e1rio n\u00e3o esteja coberto na sua totalidade, de forma a permitir que o mobili\u00e1rio coberto transpire. Cobertura de mobili\u00e1rio de jardim Cor cinza Dimens\u00f5es: 200x150x80 cm Para conjuntos de jantar ou mobili\u00e1rio de exterior m\u00e9dio<\/p>\n","protected":false},"excerpt":{"rendered":"<ul>\n<li>Cobertura de mobili\u00e1rio de jardim<\/li>\n<li>Cinzento<\/li>\n<li>Dimens\u00f5es: 200x150x80 cm<\/li>\n<li>Para conjuntos de jantar de tamanho m\u00e9dio ou mobili\u00e1rio de exterior<\/li>\n<\/ul>\n","protected":false},"featured_media":166665,"comment_status":"closed","ping_status":"closed","template":"","meta":{"_acf_changed":false},"product_brand":[],"product_cat":[415,526],"product_tag":[5894],"class_list":{"0":"post-168090","1":"product","2":"type-product","3":"status-publish","4":"has-post-thumbnail","6":"product_cat-acessorios-ao-ar-livre","7":"product_cat-capas-de-moveis-de-jardim","8":"product_tag-protech-pt-pt-2","9":"product_shipping_class-envio-gratuito-pt-pt","10":"pa_caracteristicas-capa-de-chuva","11":"pa_coleccion-protech-pt-pt","12":"pa_material-capa-de-chuva","14":"first","15":"instock","16":"sale","17":"purchasable","18":"product-type-simple","19":"add-to-wishlist-before_image"},"acf":[],"yoast_head":"<!-- This site is optimized with the Yoast SEO plugin v27.2 - https:\/\/yoast.com\/product\/yoast-seo-wordpress\/ -->\n<title>Conjunto de cobertura imperme\u00e1vel tamanho jardim M 200x150x80 cinza - Protech - Kerama<\/title>\n<meta name=\"robots\" content=\"index, follow, max-snippet:-1, max-image-preview:large, max-video-preview:-1\" \/>\n<link rel=\"canonical\" href=\"https:\/\/keramamueblesdejardin.com\/pt-pt\/acessorios-ao-ar-livre\/capas-de-moveis-de-jardim\/capa-impermeavel-conjunto-jardim-tamanho-m-200x150x80-cinza-protech\/\" \/>\n<meta property=\"og:locale\" content=\"pt_PT\" \/>\n<meta property=\"og:type\" content=\"article\" \/>\n<meta property=\"og:title\" content=\"Conjunto de cobertura imperme\u00e1vel tamanho jardim M 200x150x80 cinza - Protech - Kerama\" \/>\n<meta property=\"og:description\" content=\"Cobertura de mobili\u00e1rio de jardim  Cinzento  Dimens\u00f5es: 200x150x80 cm  Para conjuntos de jantar de tamanho m\u00e9dio ou mobili\u00e1rio de exterior\" \/>\n<meta property=\"og:url\" content=\"https:\/\/keramamueblesdejardin.com\/pt-pt\/acessorios-ao-ar-livre\/capas-de-moveis-de-jardim\/capa-impermeavel-conjunto-jardim-tamanho-m-200x150x80-cinza-protech\/\" \/>\n<meta property=\"og:site_name\" content=\"Kerama\" \/>\n<meta property=\"article:publisher\" content=\"https:\/\/www.facebook.com\/Kerama-Muebles-de-Jard%c3%adn-106209328312568\/\" \/>\n<meta property=\"article:modified_time\" content=\"2024-10-04T11:17:00+00:00\" \/>\n<meta property=\"og:image\" content=\"https:\/\/keramamueblesdejardin.com\/wp-content\/uploads\/2024\/05\/SET-M.jpg\" \/>\n\t<meta property=\"og:image:width\" content=\"1500\" \/>\n\t<meta property=\"og:image:height\" content=\"1500\" \/>\n\t<meta property=\"og:image:type\" content=\"image\/jpeg\" \/>\n<meta name=\"twitter:card\" content=\"summary_large_image\" \/>\n<meta name=\"twitter:label1\" content=\"Tempo estimado de leitura\" \/>\n\t<meta name=\"twitter:data1\" content=\"1 minuto\" \/>\n<script type=\"application\/ld+json\" class=\"yoast-schema-graph\">{\"@context\":\"https:\/\/schema.org\",\"@graph\":[{\"@type\":\"WebPage\",\"@id\":\"https:\/\/keramamueblesdejardin.com\/pt-pt\/acessorios-ao-ar-livre\/capas-de-moveis-de-jardim\/capa-impermeavel-conjunto-jardim-tamanho-m-200x150x80-cinza-protech\/\",\"url\":\"https:\/\/keramamueblesdejardin.com\/pt-pt\/acessorios-ao-ar-livre\/capas-de-moveis-de-jardim\/capa-impermeavel-conjunto-jardim-tamanho-m-200x150x80-cinza-protech\/\",\"name\":\"Conjunto de cobertura imperme\u00e1vel tamanho jardim M 200x150x80 cinza - Protech - Kerama\",\"isPartOf\":{\"@id\":\"https:\/\/keramamueblesdejardin.com\/pt-pt\/#website\"},\"primaryImageOfPage\":{\"@id\":\"https:\/\/keramamueblesdejardin.com\/pt-pt\/acessorios-ao-ar-livre\/capas-de-moveis-de-jardim\/capa-impermeavel-conjunto-jardim-tamanho-m-200x150x80-cinza-protech\/#primaryimage\"},\"image\":{\"@id\":\"https:\/\/keramamueblesdejardin.com\/pt-pt\/acessorios-ao-ar-livre\/capas-de-moveis-de-jardim\/capa-impermeavel-conjunto-jardim-tamanho-m-200x150x80-cinza-protech\/#primaryimage\"},\"thumbnailUrl\":\"https:\/\/keramamueblesdejardin.com\/wp-content\/uploads\/2024\/05\/SET-M.jpg\",\"datePublished\":\"2024-05-23T15:08:26+00:00\",\"dateModified\":\"2024-10-04T11:17:00+00:00\",\"breadcrumb\":{\"@id\":\"https:\/\/keramamueblesdejardin.com\/pt-pt\/acessorios-ao-ar-livre\/capas-de-moveis-de-jardim\/capa-impermeavel-conjunto-jardim-tamanho-m-200x150x80-cinza-protech\/#breadcrumb\"},\"inLanguage\":\"pt-PT\",\"potentialAction\":[{\"@type\":\"ReadAction\",\"target\":[\"https:\/\/keramamueblesdejardin.com\/pt-pt\/acessorios-ao-ar-livre\/capas-de-moveis-de-jardim\/capa-impermeavel-conjunto-jardim-tamanho-m-200x150x80-cinza-protech\/\"]}]},{\"@type\":\"ImageObject\",\"inLanguage\":\"pt-PT\",\"@id\":\"https:\/\/keramamueblesdejardin.com\/pt-pt\/acessorios-ao-ar-livre\/capas-de-moveis-de-jardim\/capa-impermeavel-conjunto-jardim-tamanho-m-200x150x80-cinza-protech\/#primaryimage\",\"url\":\"https:\/\/keramamueblesdejardin.com\/wp-content\/uploads\/2024\/05\/SET-M.jpg\",\"contentUrl\":\"https:\/\/keramamueblesdejardin.com\/wp-content\/uploads\/2024\/05\/SET-M.jpg\",\"width\":1500,\"height\":1500,\"caption\":\"Capa de Jardim Extra Gtrande\"},{\"@type\":\"BreadcrumbList\",\"@id\":\"https:\/\/keramamueblesdejardin.com\/pt-pt\/acessorios-ao-ar-livre\/capas-de-moveis-de-jardim\/capa-impermeavel-conjunto-jardim-tamanho-m-200x150x80-cinza-protech\/#breadcrumb\",\"itemListElement\":[{\"@type\":\"ListItem\",\"position\":1,\"name\":\"Home\",\"item\":\"https:\/\/keramamueblesdejardin.com\/pt-pt\/\"},{\"@type\":\"ListItem\",\"position\":2,\"name\":\"Tienda\",\"item\":\"https:\/\/keramamueblesdejardin.com\/pt-pt\/tienda-2\/\"},{\"@type\":\"ListItem\",\"position\":3,\"name\":\"Acess\u00f3rios ao ar livre\",\"item\":\"https:\/\/keramamueblesdejardin.com\/pt-pt\/acessorios-ao-ar-livre\/\"},{\"@type\":\"ListItem\",\"position\":4,\"name\":\"Capas de m\u00f3veis de jardim\",\"item\":\"https:\/\/keramamueblesdejardin.com\/pt-pt\/acessorios-ao-ar-livre\/capas-de-moveis-de-jardim\/\"},{\"@type\":\"ListItem\",\"position\":5,\"name\":\"Conjunto de cobertura imperme\u00e1vel tamanho jardim M 200x150x80 cinza &#8211; Protech\"}]},{\"@type\":\"WebSite\",\"@id\":\"https:\/\/keramamueblesdejardin.com\/pt-pt\/#website\",\"url\":\"https:\/\/keramamueblesdejardin.com\/pt-pt\/\",\"name\":\"Kerama\",\"description\":\"muebles de jard\u00edn\",\"publisher\":{\"@id\":\"https:\/\/keramamueblesdejardin.com\/pt-pt\/#organization\"},\"potentialAction\":[{\"@type\":\"SearchAction\",\"target\":{\"@type\":\"EntryPoint\",\"urlTemplate\":\"https:\/\/keramamueblesdejardin.com\/pt-pt\/?s={search_term_string}\"},\"query-input\":{\"@type\":\"PropertyValueSpecification\",\"valueRequired\":true,\"valueName\":\"search_term_string\"}}],\"inLanguage\":\"pt-PT\"},{\"@type\":\"Organization\",\"@id\":\"https:\/\/keramamueblesdejardin.com\/pt-pt\/#organization\",\"name\":\"kerama\",\"url\":\"https:\/\/keramamueblesdejardin.com\/pt-pt\/\",\"logo\":{\"@type\":\"ImageObject\",\"inLanguage\":\"pt-PT\",\"@id\":\"https:\/\/keramamueblesdejardin.com\/pt-pt\/#\/schema\/logo\/image\/\",\"url\":\"https:\/\/keramamueblesdejardin.com\/wp-content\/uploads\/2020\/12\/k.-scaled.jpg\",\"contentUrl\":\"https:\/\/keramamueblesdejardin.com\/wp-content\/uploads\/2020\/12\/k.-scaled.jpg\",\"width\":2560,\"height\":551,\"caption\":\"kerama\"},\"image\":{\"@id\":\"https:\/\/keramamueblesdejardin.com\/pt-pt\/#\/schema\/logo\/image\/\"},\"sameAs\":[\"https:\/\/www.facebook.com\/Kerama-Muebles-de-Jard\u00edn-106209328312568\/\"]}]}<\/script>\n<!-- \/ Yoast SEO plugin. -->","yoast_head_json":{"title":"Conjunto de cobertura imperme\u00e1vel tamanho jardim M 200x150x80 cinza - Protech - Kerama","robots":{"index":"index","follow":"follow","max-snippet":"max-snippet:-1","max-image-preview":"max-image-preview:large","max-video-preview":"max-video-preview:-1"},"canonical":"https:\/\/keramamueblesdejardin.com\/pt-pt\/acessorios-ao-ar-livre\/capas-de-moveis-de-jardim\/capa-impermeavel-conjunto-jardim-tamanho-m-200x150x80-cinza-protech\/","og_locale":"pt_PT","og_type":"article","og_title":"Conjunto de cobertura imperme\u00e1vel tamanho jardim M 200x150x80 cinza - Protech - Kerama","og_description":"Cobertura de mobili\u00e1rio de jardim  Cinzento  Dimens\u00f5es: 200x150x80 cm  Para conjuntos de jantar de tamanho m\u00e9dio ou mobili\u00e1rio de exterior","og_url":"https:\/\/keramamueblesdejardin.com\/pt-pt\/acessorios-ao-ar-livre\/capas-de-moveis-de-jardim\/capa-impermeavel-conjunto-jardim-tamanho-m-200x150x80-cinza-protech\/","og_site_name":"Kerama","article_publisher":"https:\/\/www.facebook.com\/Kerama-Muebles-de-Jard%c3%adn-106209328312568\/","article_modified_time":"2024-10-04T11:17:00+00:00","og_image":[{"width":1500,"height":1500,"url":"https:\/\/keramamueblesdejardin.com\/wp-content\/uploads\/2024\/05\/SET-M.jpg","type":"image\/jpeg"}],"twitter_card":"summary_large_image","twitter_misc":{"Tempo estimado de leitura":"1 minuto"},"schema":{"@context":"https:\/\/schema.org","@graph":[{"@type":"WebPage","@id":"https:\/\/keramamueblesdejardin.com\/pt-pt\/acessorios-ao-ar-livre\/capas-de-moveis-de-jardim\/capa-impermeavel-conjunto-jardim-tamanho-m-200x150x80-cinza-protech\/","url":"https:\/\/keramamueblesdejardin.com\/pt-pt\/acessorios-ao-ar-livre\/capas-de-moveis-de-jardim\/capa-impermeavel-conjunto-jardim-tamanho-m-200x150x80-cinza-protech\/","name":"Conjunto de cobertura imperme\u00e1vel tamanho jardim M 200x150x80 cinza - Protech - Kerama","isPartOf":{"@id":"https:\/\/keramamueblesdejardin.com\/pt-pt\/#website"},"primaryImageOfPage":{"@id":"https:\/\/keramamueblesdejardin.com\/pt-pt\/acessorios-ao-ar-livre\/capas-de-moveis-de-jardim\/capa-impermeavel-conjunto-jardim-tamanho-m-200x150x80-cinza-protech\/#primaryimage"},"image":{"@id":"https:\/\/keramamueblesdejardin.com\/pt-pt\/acessorios-ao-ar-livre\/capas-de-moveis-de-jardim\/capa-impermeavel-conjunto-jardim-tamanho-m-200x150x80-cinza-protech\/#primaryimage"},"thumbnailUrl":"https:\/\/keramamueblesdejardin.com\/wp-content\/uploads\/2024\/05\/SET-M.jpg","datePublished":"2024-05-23T15:08:26+00:00","dateModified":"2024-10-04T11:17:00+00:00","breadcrumb":{"@id":"https:\/\/keramamueblesdejardin.com\/pt-pt\/acessorios-ao-ar-livre\/capas-de-moveis-de-jardim\/capa-impermeavel-conjunto-jardim-tamanho-m-200x150x80-cinza-protech\/#breadcrumb"},"inLanguage":"pt-PT","potentialAction":[{"@type":"ReadAction","target":["https:\/\/keramamueblesdejardin.com\/pt-pt\/acessorios-ao-ar-livre\/capas-de-moveis-de-jardim\/capa-impermeavel-conjunto-jardim-tamanho-m-200x150x80-cinza-protech\/"]}]},{"@type":"ImageObject","inLanguage":"pt-PT","@id":"https:\/\/keramamueblesdejardin.com\/pt-pt\/acessorios-ao-ar-livre\/capas-de-moveis-de-jardim\/capa-impermeavel-conjunto-jardim-tamanho-m-200x150x80-cinza-protech\/#primaryimage","url":"https:\/\/keramamueblesdejardin.com\/wp-content\/uploads\/2024\/05\/SET-M.jpg","contentUrl":"https:\/\/keramamueblesdejardin.com\/wp-content\/uploads\/2024\/05\/SET-M.jpg","width":1500,"height":1500,"caption":"Capa de Jardim Extra Gtrande"},{"@type":"BreadcrumbList","@id":"https:\/\/keramamueblesdejardin.com\/pt-pt\/acessorios-ao-ar-livre\/capas-de-moveis-de-jardim\/capa-impermeavel-conjunto-jardim-tamanho-m-200x150x80-cinza-protech\/#breadcrumb","itemListElement":[{"@type":"ListItem","position":1,"name":"Home","item":"https:\/\/keramamueblesdejardin.com\/pt-pt\/"},{"@type":"ListItem","position":2,"name":"Tienda","item":"https:\/\/keramamueblesdejardin.com\/pt-pt\/tienda-2\/"},{"@type":"ListItem","position":3,"name":"Acess\u00f3rios ao ar livre","item":"https:\/\/keramamueblesdejardin.com\/pt-pt\/acessorios-ao-ar-livre\/"},{"@type":"ListItem","position":4,"name":"Capas de m\u00f3veis de jardim","item":"https:\/\/keramamueblesdejardin.com\/pt-pt\/acessorios-ao-ar-livre\/capas-de-moveis-de-jardim\/"},{"@type":"ListItem","position":5,"name":"Conjunto de cobertura imperme\u00e1vel tamanho jardim M 200x150x80 cinza &#8211; Protech"}]},{"@type":"WebSite","@id":"https:\/\/keramamueblesdejardin.com\/pt-pt\/#website","url":"https:\/\/keramamueblesdejardin.com\/pt-pt\/","name":"Kerama","description":"muebles de jard\u00edn","publisher":{"@id":"https:\/\/keramamueblesdejardin.com\/pt-pt\/#organization"},"potentialAction":[{"@type":"SearchAction","target":{"@type":"EntryPoint","urlTemplate":"https:\/\/keramamueblesdejardin.com\/pt-pt\/?s={search_term_string}"},"query-input":{"@type":"PropertyValueSpecification","valueRequired":true,"valueName":"search_term_string"}}],"inLanguage":"pt-PT"},{"@type":"Organization","@id":"https:\/\/keramamueblesdejardin.com\/pt-pt\/#organization","name":"kerama","url":"https:\/\/keramamueblesdejardin.com\/pt-pt\/","logo":{"@type":"ImageObject","inLanguage":"pt-PT","@id":"https:\/\/keramamueblesdejardin.com\/pt-pt\/#\/schema\/logo\/image\/","url":"https:\/\/keramamueblesdejardin.com\/wp-content\/uploads\/2020\/12\/k.-scaled.jpg","contentUrl":"https:\/\/keramamueblesdejardin.com\/wp-content\/uploads\/2020\/12\/k.-scaled.jpg","width":2560,"height":551,"caption":"kerama"},"image":{"@id":"https:\/\/keramamueblesdejardin.com\/pt-pt\/#\/schema\/logo\/image\/"},"sameAs":["https:\/\/www.facebook.com\/Kerama-Muebles-de-Jard\u00edn-106209328312568\/"]}]}},"df_price":79,"df_sale_price":79,"df_regular_price":100,"df_image_link":"https:\/\/keramamueblesdejardin.com\/wp-content\/uploads\/2024\/05\/SET-M-300x300.jpg","custom_tabs":"","_links":{"self":[{"href":"https:\/\/keramamueblesdejardin.com\/pt-pt\/wp-json\/wp\/v2\/product\/168090","targetHints":{"allow":["GET"]}}],"collection":[{"href":"https:\/\/keramamueblesdejardin.com\/pt-pt\/wp-json\/wp\/v2\/product"}],"about":[{"href":"https:\/\/keramamueblesdejardin.com\/pt-pt\/wp-json\/wp\/v2\/types\/product"}],"replies":[{"embeddable":true,"href":"https:\/\/keramamueblesdejardin.com\/pt-pt\/wp-json\/wp\/v2\/comments?post=168090"}],"wp:featuredmedia":[{"embeddable":true,"href":"https:\/\/keramamueblesdejardin.com\/pt-pt\/wp-json\/wp\/v2\/media\/166665"}],"wp:attachment":[{"href":"https:\/\/keramamueblesdejardin.com\/pt-pt\/wp-json\/wp\/v2\/media?parent=168090"}],"wp:term":[{"taxonomy":"product_brand","embeddable":true,"href":"https:\/\/keramamueblesdejardin.com\/pt-pt\/wp-json\/wp\/v2\/product_brand?post=168090"},{"taxonomy":"product_cat","embeddable":true,"href":"https:\/\/keramamueblesdejardin.com\/pt-pt\/wp-json\/wp\/v2\/product_cat?post=168090"},{"taxonomy":"product_tag","embeddable":true,"href":"https:\/\/keramamueblesdejardin.com\/pt-pt\/wp-json\/wp\/v2\/product_tag?post=168090"}],"curies":[{"name":"wp","href":"https:\/\/api.w.org\/{rel}","templated":true}]}}