{"id":167855,"date":"2024-08-26T16:03:31","date_gmt":"2024-08-26T14:03:31","guid":{"rendered":"https:\/\/keramamueblesdejardin.com\/sem%20categoria\/espreguicadeira-com-rodas-textilene-madeira-e-almofadas-cruas-sicilia\/"},"modified":"2024-10-04T13:18:58","modified_gmt":"2024-10-04T11:18:58","slug":"espreguicadeira-com-rodas-madeira-textil-e-almofadas-ecru-sicilia","status":"publish","type":"product","link":"https:\/\/keramamueblesdejardin.com\/pt-pt\/nao-categorizado\/espreguicadeira-com-rodas-madeira-textil-e-almofadas-ecru-sicilia\/","title":{"rendered":"Espregui\u00e7adeira com rodas, textilene, madeira e almofadas cruas &#8211; Sic\u00edlia"},"content":{"rendered":"<p><span data-sheets-root=\"1\">A cole\u00e7\u00e3o Sicilia \u00e9 feita de uma bela madeira de ac\u00e1cia em cor clara com linhas arredondadas e suaves, que \u00e9 acompanhada por uma corda de poli\u00e9ster tran\u00e7ada \u00e0 m\u00e3o em bege pelos nossos artes\u00e3os e almofadas remov\u00edveis em bege imitando linho. A espregui\u00e7adeira tem rodas para facilitar o movimento e o transporte. Tem um encosto que se reclina em 5 posi\u00e7\u00f5es, para os melhores banhos de sol.<br \/>\nA base \u00e9 feita de textilene e tamb\u00e9m pode ser usada sem almofada.  A almofada de poli\u00e9ster remov\u00edvel bege est\u00e1 inclu\u00edda. Voc\u00ea pode combin\u00e1-lo com o resto dos elementos da fam\u00edlia Provence.<br \/>\nMedidas: 208x65x95cm <\/span><\/p>\n","protected":false},"excerpt":{"rendered":"<ul>\n<li>Espregui\u00e7adeira de ac\u00e1cia e t\u00eaxtil<\/li>\n<li>Encosto reclin\u00e1vel de 5 posi\u00e7\u00f5es e rodas<\/li>\n<li>Almofadas amov\u00edveis e lav\u00e1veis<\/li>\n<li>Medidas: 208x65x95cm<\/li>\n<\/ul>\n","protected":false},"featured_media":167521,"comment_status":"open","ping_status":"closed","template":"","meta":{"_acf_changed":false},"product_brand":[],"product_cat":[421],"product_tag":[],"class_list":{"0":"post-167855","1":"product","2":"type-product","3":"status-publish","4":"has-post-thumbnail","6":"product_cat-nao-categorizado","7":"product_shipping_class-envio-gratuito-pt-pt","8":"pa_coleccion-sicilia-pt-pt","9":"pa_material-madera-pt-pt","11":"first","12":"instock","13":"sale","14":"shipping-taxable","15":"purchasable","16":"product-type-simple","17":"add-to-wishlist-before_image"},"acf":[],"yoast_head":"<!-- This site is optimized with the Yoast SEO plugin v27.2 - https:\/\/yoast.com\/product\/yoast-seo-wordpress\/ -->\n<title>Espregui\u00e7adeira com rodas, textilene, madeira e almofadas cruas - Sic\u00edlia - Kerama<\/title>\n<meta name=\"robots\" content=\"index, follow, max-snippet:-1, max-image-preview:large, max-video-preview:-1\" \/>\n<link rel=\"canonical\" href=\"https:\/\/keramamueblesdejardin.com\/pt-pt\/nao-categorizado\/espreguicadeira-com-rodas-madeira-textil-e-almofadas-ecru-sicilia\/\" \/>\n<meta property=\"og:locale\" content=\"pt_PT\" \/>\n<meta property=\"og:type\" content=\"article\" \/>\n<meta property=\"og:title\" content=\"Espregui\u00e7adeira com rodas, textilene, madeira e almofadas cruas - Sic\u00edlia - Kerama\" \/>\n<meta property=\"og:description\" content=\"Espregui\u00e7adeira de ac\u00e1cia e t\u00eaxtil Encosto reclin\u00e1vel de 5 posi\u00e7\u00f5es e rodas Almofadas amov\u00edveis e lav\u00e1veis Medidas: 208x65x95cm\" \/>\n<meta property=\"og:url\" content=\"https:\/\/keramamueblesdejardin.com\/pt-pt\/nao-categorizado\/espreguicadeira-com-rodas-madeira-textil-e-almofadas-ecru-sicilia\/\" \/>\n<meta property=\"og:site_name\" content=\"Kerama\" \/>\n<meta property=\"article:publisher\" content=\"https:\/\/www.facebook.com\/Kerama-Muebles-de-Jard%c3%adn-106209328312568\/\" \/>\n<meta property=\"article:modified_time\" content=\"2024-10-04T11:18:58+00:00\" \/>\n<meta property=\"og:image\" content=\"https:\/\/keramamueblesdejardin.com\/wp-content\/uploads\/2024\/08\/tumbona-sicilia-2-scaled-e1724680629195.jpg\" \/>\n\t<meta property=\"og:image:width\" content=\"1200\" \/>\n\t<meta property=\"og:image:height\" content=\"1200\" \/>\n\t<meta property=\"og:image:type\" content=\"image\/jpeg\" \/>\n<meta name=\"twitter:card\" content=\"summary_large_image\" \/>\n<meta name=\"twitter:label1\" content=\"Tempo estimado de leitura\" \/>\n\t<meta name=\"twitter:data1\" content=\"1 minuto\" \/>\n<script type=\"application\/ld+json\" class=\"yoast-schema-graph\">{\"@context\":\"https:\/\/schema.org\",\"@graph\":[{\"@type\":\"WebPage\",\"@id\":\"https:\/\/keramamueblesdejardin.com\/pt-pt\/nao-categorizado\/espreguicadeira-com-rodas-madeira-textil-e-almofadas-ecru-sicilia\/\",\"url\":\"https:\/\/keramamueblesdejardin.com\/pt-pt\/nao-categorizado\/espreguicadeira-com-rodas-madeira-textil-e-almofadas-ecru-sicilia\/\",\"name\":\"Espregui\u00e7adeira com rodas, textilene, madeira e almofadas cruas - Sic\u00edlia - Kerama\",\"isPartOf\":{\"@id\":\"https:\/\/keramamueblesdejardin.com\/pt-pt\/#website\"},\"primaryImageOfPage\":{\"@id\":\"https:\/\/keramamueblesdejardin.com\/pt-pt\/nao-categorizado\/espreguicadeira-com-rodas-madeira-textil-e-almofadas-ecru-sicilia\/#primaryimage\"},\"image\":{\"@id\":\"https:\/\/keramamueblesdejardin.com\/pt-pt\/nao-categorizado\/espreguicadeira-com-rodas-madeira-textil-e-almofadas-ecru-sicilia\/#primaryimage\"},\"thumbnailUrl\":\"https:\/\/keramamueblesdejardin.com\/wp-content\/uploads\/2024\/08\/tumbona-sicilia-2-scaled-e1724680629195.jpg\",\"datePublished\":\"2024-08-26T14:03:31+00:00\",\"dateModified\":\"2024-10-04T11:18:58+00:00\",\"breadcrumb\":{\"@id\":\"https:\/\/keramamueblesdejardin.com\/pt-pt\/nao-categorizado\/espreguicadeira-com-rodas-madeira-textil-e-almofadas-ecru-sicilia\/#breadcrumb\"},\"inLanguage\":\"pt-PT\",\"potentialAction\":[{\"@type\":\"ReadAction\",\"target\":[\"https:\/\/keramamueblesdejardin.com\/pt-pt\/nao-categorizado\/espreguicadeira-com-rodas-madeira-textil-e-almofadas-ecru-sicilia\/\"]}]},{\"@type\":\"ImageObject\",\"inLanguage\":\"pt-PT\",\"@id\":\"https:\/\/keramamueblesdejardin.com\/pt-pt\/nao-categorizado\/espreguicadeira-com-rodas-madeira-textil-e-almofadas-ecru-sicilia\/#primaryimage\",\"url\":\"https:\/\/keramamueblesdejardin.com\/wp-content\/uploads\/2024\/08\/tumbona-sicilia-2-scaled-e1724680629195.jpg\",\"contentUrl\":\"https:\/\/keramamueblesdejardin.com\/wp-content\/uploads\/2024\/08\/tumbona-sicilia-2-scaled-e1724680629195.jpg\",\"width\":1200,\"height\":1200},{\"@type\":\"BreadcrumbList\",\"@id\":\"https:\/\/keramamueblesdejardin.com\/pt-pt\/nao-categorizado\/espreguicadeira-com-rodas-madeira-textil-e-almofadas-ecru-sicilia\/#breadcrumb\",\"itemListElement\":[{\"@type\":\"ListItem\",\"position\":1,\"name\":\"Home\",\"item\":\"https:\/\/keramamueblesdejardin.com\/pt-pt\/\"},{\"@type\":\"ListItem\",\"position\":2,\"name\":\"Tienda\",\"item\":\"https:\/\/keramamueblesdejardin.com\/pt-pt\/tienda-2\/\"},{\"@type\":\"ListItem\",\"position\":3,\"name\":\"n\u00e3o categorizado\",\"item\":\"https:\/\/keramamueblesdejardin.com\/pt-pt\/nao-categorizado\/\"},{\"@type\":\"ListItem\",\"position\":4,\"name\":\"Espregui\u00e7adeira com rodas, textilene, madeira e almofadas cruas &#8211; Sic\u00edlia\"}]},{\"@type\":\"WebSite\",\"@id\":\"https:\/\/keramamueblesdejardin.com\/pt-pt\/#website\",\"url\":\"https:\/\/keramamueblesdejardin.com\/pt-pt\/\",\"name\":\"Kerama\",\"description\":\"muebles de jard\u00edn\",\"publisher\":{\"@id\":\"https:\/\/keramamueblesdejardin.com\/pt-pt\/#organization\"},\"potentialAction\":[{\"@type\":\"SearchAction\",\"target\":{\"@type\":\"EntryPoint\",\"urlTemplate\":\"https:\/\/keramamueblesdejardin.com\/pt-pt\/?s={search_term_string}\"},\"query-input\":{\"@type\":\"PropertyValueSpecification\",\"valueRequired\":true,\"valueName\":\"search_term_string\"}}],\"inLanguage\":\"pt-PT\"},{\"@type\":\"Organization\",\"@id\":\"https:\/\/keramamueblesdejardin.com\/pt-pt\/#organization\",\"name\":\"kerama\",\"url\":\"https:\/\/keramamueblesdejardin.com\/pt-pt\/\",\"logo\":{\"@type\":\"ImageObject\",\"inLanguage\":\"pt-PT\",\"@id\":\"https:\/\/keramamueblesdejardin.com\/pt-pt\/#\/schema\/logo\/image\/\",\"url\":\"https:\/\/keramamueblesdejardin.com\/wp-content\/uploads\/2020\/12\/k.-scaled.jpg\",\"contentUrl\":\"https:\/\/keramamueblesdejardin.com\/wp-content\/uploads\/2020\/12\/k.-scaled.jpg\",\"width\":2560,\"height\":551,\"caption\":\"kerama\"},\"image\":{\"@id\":\"https:\/\/keramamueblesdejardin.com\/pt-pt\/#\/schema\/logo\/image\/\"},\"sameAs\":[\"https:\/\/www.facebook.com\/Kerama-Muebles-de-Jard\u00edn-106209328312568\/\"]}]}<\/script>\n<!-- \/ Yoast SEO plugin. -->","yoast_head_json":{"title":"Espregui\u00e7adeira com rodas, textilene, madeira e almofadas cruas - Sic\u00edlia - Kerama","robots":{"index":"index","follow":"follow","max-snippet":"max-snippet:-1","max-image-preview":"max-image-preview:large","max-video-preview":"max-video-preview:-1"},"canonical":"https:\/\/keramamueblesdejardin.com\/pt-pt\/nao-categorizado\/espreguicadeira-com-rodas-madeira-textil-e-almofadas-ecru-sicilia\/","og_locale":"pt_PT","og_type":"article","og_title":"Espregui\u00e7adeira com rodas, textilene, madeira e almofadas cruas - Sic\u00edlia - Kerama","og_description":"Espregui\u00e7adeira de ac\u00e1cia e t\u00eaxtil Encosto reclin\u00e1vel de 5 posi\u00e7\u00f5es e rodas Almofadas amov\u00edveis e lav\u00e1veis Medidas: 208x65x95cm","og_url":"https:\/\/keramamueblesdejardin.com\/pt-pt\/nao-categorizado\/espreguicadeira-com-rodas-madeira-textil-e-almofadas-ecru-sicilia\/","og_site_name":"Kerama","article_publisher":"https:\/\/www.facebook.com\/Kerama-Muebles-de-Jard%c3%adn-106209328312568\/","article_modified_time":"2024-10-04T11:18:58+00:00","og_image":[{"width":1200,"height":1200,"url":"https:\/\/keramamueblesdejardin.com\/wp-content\/uploads\/2024\/08\/tumbona-sicilia-2-scaled-e1724680629195.jpg","type":"image\/jpeg"}],"twitter_card":"summary_large_image","twitter_misc":{"Tempo estimado de leitura":"1 minuto"},"schema":{"@context":"https:\/\/schema.org","@graph":[{"@type":"WebPage","@id":"https:\/\/keramamueblesdejardin.com\/pt-pt\/nao-categorizado\/espreguicadeira-com-rodas-madeira-textil-e-almofadas-ecru-sicilia\/","url":"https:\/\/keramamueblesdejardin.com\/pt-pt\/nao-categorizado\/espreguicadeira-com-rodas-madeira-textil-e-almofadas-ecru-sicilia\/","name":"Espregui\u00e7adeira com rodas, textilene, madeira e almofadas cruas - Sic\u00edlia - Kerama","isPartOf":{"@id":"https:\/\/keramamueblesdejardin.com\/pt-pt\/#website"},"primaryImageOfPage":{"@id":"https:\/\/keramamueblesdejardin.com\/pt-pt\/nao-categorizado\/espreguicadeira-com-rodas-madeira-textil-e-almofadas-ecru-sicilia\/#primaryimage"},"image":{"@id":"https:\/\/keramamueblesdejardin.com\/pt-pt\/nao-categorizado\/espreguicadeira-com-rodas-madeira-textil-e-almofadas-ecru-sicilia\/#primaryimage"},"thumbnailUrl":"https:\/\/keramamueblesdejardin.com\/wp-content\/uploads\/2024\/08\/tumbona-sicilia-2-scaled-e1724680629195.jpg","datePublished":"2024-08-26T14:03:31+00:00","dateModified":"2024-10-04T11:18:58+00:00","breadcrumb":{"@id":"https:\/\/keramamueblesdejardin.com\/pt-pt\/nao-categorizado\/espreguicadeira-com-rodas-madeira-textil-e-almofadas-ecru-sicilia\/#breadcrumb"},"inLanguage":"pt-PT","potentialAction":[{"@type":"ReadAction","target":["https:\/\/keramamueblesdejardin.com\/pt-pt\/nao-categorizado\/espreguicadeira-com-rodas-madeira-textil-e-almofadas-ecru-sicilia\/"]}]},{"@type":"ImageObject","inLanguage":"pt-PT","@id":"https:\/\/keramamueblesdejardin.com\/pt-pt\/nao-categorizado\/espreguicadeira-com-rodas-madeira-textil-e-almofadas-ecru-sicilia\/#primaryimage","url":"https:\/\/keramamueblesdejardin.com\/wp-content\/uploads\/2024\/08\/tumbona-sicilia-2-scaled-e1724680629195.jpg","contentUrl":"https:\/\/keramamueblesdejardin.com\/wp-content\/uploads\/2024\/08\/tumbona-sicilia-2-scaled-e1724680629195.jpg","width":1200,"height":1200},{"@type":"BreadcrumbList","@id":"https:\/\/keramamueblesdejardin.com\/pt-pt\/nao-categorizado\/espreguicadeira-com-rodas-madeira-textil-e-almofadas-ecru-sicilia\/#breadcrumb","itemListElement":[{"@type":"ListItem","position":1,"name":"Home","item":"https:\/\/keramamueblesdejardin.com\/pt-pt\/"},{"@type":"ListItem","position":2,"name":"Tienda","item":"https:\/\/keramamueblesdejardin.com\/pt-pt\/tienda-2\/"},{"@type":"ListItem","position":3,"name":"n\u00e3o categorizado","item":"https:\/\/keramamueblesdejardin.com\/pt-pt\/nao-categorizado\/"},{"@type":"ListItem","position":4,"name":"Espregui\u00e7adeira com rodas, textilene, madeira e almofadas cruas &#8211; Sic\u00edlia"}]},{"@type":"WebSite","@id":"https:\/\/keramamueblesdejardin.com\/pt-pt\/#website","url":"https:\/\/keramamueblesdejardin.com\/pt-pt\/","name":"Kerama","description":"muebles de jard\u00edn","publisher":{"@id":"https:\/\/keramamueblesdejardin.com\/pt-pt\/#organization"},"potentialAction":[{"@type":"SearchAction","target":{"@type":"EntryPoint","urlTemplate":"https:\/\/keramamueblesdejardin.com\/pt-pt\/?s={search_term_string}"},"query-input":{"@type":"PropertyValueSpecification","valueRequired":true,"valueName":"search_term_string"}}],"inLanguage":"pt-PT"},{"@type":"Organization","@id":"https:\/\/keramamueblesdejardin.com\/pt-pt\/#organization","name":"kerama","url":"https:\/\/keramamueblesdejardin.com\/pt-pt\/","logo":{"@type":"ImageObject","inLanguage":"pt-PT","@id":"https:\/\/keramamueblesdejardin.com\/pt-pt\/#\/schema\/logo\/image\/","url":"https:\/\/keramamueblesdejardin.com\/wp-content\/uploads\/2020\/12\/k.-scaled.jpg","contentUrl":"https:\/\/keramamueblesdejardin.com\/wp-content\/uploads\/2020\/12\/k.-scaled.jpg","width":2560,"height":551,"caption":"kerama"},"image":{"@id":"https:\/\/keramamueblesdejardin.com\/pt-pt\/#\/schema\/logo\/image\/"},"sameAs":["https:\/\/www.facebook.com\/Kerama-Muebles-de-Jard\u00edn-106209328312568\/"]}]}},"df_price":409,"df_sale_price":409,"df_regular_price":490,"df_image_link":"https:\/\/keramamueblesdejardin.com\/wp-content\/uploads\/2024\/08\/tumbona-sicilia-2-300x300.jpg","custom_tabs":[{"title":"MEDI\u00c7\u00c3O","id":"medi\u00e7\u00e3o","content":"<div class=\"list\"><strong>Altura: <\/strong>95cm<\/div>\n<div class=\"list\"><strong>Largura: <\/strong>65cm<\/div>\n<div class=\"list\"><strong>Profundidade: <\/strong>208cm<\/div>\n<div class=\"list\"><\/div>"},{"title":"DESEMBALAR E ASSEMBL\u00c9IA","id":"desembalar-e-assembleia","content":"<div class=\"list\"><strong style=\"font-weight: bold; color: #282828;\">Recomenda\u00e7\u00f5es para desempacotar:<\/strong><span style=\"color: #282828;\"> N\u00e3o utilizar ferramentas afiadas ao desembalar o mobili\u00e1rio, pois isso pode causar danos.<\/span><br style=\"color: #282828;\"><strong style=\"font-weight: bold; color: #282828;\">Montagem necess\u00e1ria (sim\/n\u00e3o):<\/strong><span style=\"color: #282828;\"> Sim (apenas tabela)<\/span><br style=\"color: #282828;\"><strong style=\"font-weight: bold; color: #282828;\">Dificuldade de montagem:<\/strong><span style=\"color: #282828;\"> F\u00e1cil<\/span><br style=\"color: #282828;\"><strong style=\"font-weight: bold; color: #282828;\">Tempo de montagem:<\/strong> <span style=\"color: #282828;\">30 minutos<\/span><br style=\"color: #282828;\"><strong style=\"font-weight: bold; color: #282828;\">Pessoas recomendadas para a montagem:<\/strong><span style=\"color: #282828;\"> 2<\/span><br style=\"color: #282828;\"><strong style=\"font-weight: bold; color: #282828;\">Sugest\u00f5es da assembleia:<\/strong><span style=\"color: #282828;\">  Preparar uma \u00e1rea de montagem limpa e seca, verificar se nenhuma das pe\u00e7as listadas no manual est\u00e1 em falta. Recomendamos o uso de luvas adequadas para a montagem. Utilize apenas pe\u00e7as e hardware fornecidos.<\/span><\/div>"},{"title":"MANUTEN\u00c7\u00c3O E GARANTIAS","id":"manutencao-e-garantias","content":"<strong>Recomenda\u00e7\u00f5es gerais:<\/strong> \u2022 Avarias ou danos causados por: \u2022 Causas acidentais como quedas, golpes, derrames de l\u00edquidos, introdu\u00e7\u00e3o de corpos estranhos, bem como qualquer outro caso de for\u00e7a maior est\u00e3o exclu\u00eddos da garantia. \u2022 Utiliza\u00e7\u00e3o negligente, impr\u00f3pria ou n\u00e3o dom\u00e9stica. \u2022 Danos, corros\u00e3o e\/ou oxida\u00e7\u00e3o acelerados por condi\u00e7\u00f5es ambientais adversas \u2022 Manchas e descolora\u00e7\u00e3o devido ao n\u00e3o cumprimento das nossas instru\u00e7\u00f5es de limpeza \u2022 Danos ocorridos durante a montagem e manuseamento sem ter seguido as instru\u00e7\u00f5es de montagem indicadas. <strong>Instru\u00e7\u00f5es de utiliza\u00e7\u00e3o e manuten\u00e7\u00e3o: \u2022 Limpe<\/strong> suavemente com a ajuda de um pano ou use um sabonete l\u00edquido neutro, enxaguando com bastante \u00e1gua. \u2022 Retire regularmente o p\u00f3 com a ajuda de um pano macio e \u00e1gua l\u00edmpia. \u2022 N\u00e3o utilize detergentes ou produtos abrasivos para a limpeza. \u2022 Tratamento com \u00f3leo de linha\u00e7a: Antes de aplicar uma camada de \u00f3leo de linho no produto no seu estado natural, \u00e9 conveniente deix\u00e1-lo l\u00e1 fora durante 2 ou 3 semanas, de modo a ter uma apar\u00eancia homog\u00e9nea e arej\u00e1-lo. Limpe com \u00e1gua limpa com uma escova e deixe secar. Uma vez bem seco, deve ser lixado com uma folha de lixa de peso entre 120 e 150 cuidadosamente e sem apertar, seguindo, na medida do poss\u00edvel, a dire\u00e7\u00e3o das veias; esta opera\u00e7\u00e3o nunca \u00e9 realizada nas primeiras horas do dia. Para manter a cor \u00e9 aconselh\u00e1vel repetir o processo uma ou duas vezes por ano. Se o \u00f3leo de linho j\u00e1 tiver sido aplicado no m\u00f3vel, \u00e9 aconselh\u00e1vel lix\u00e1-lo a cada tr\u00eas anos para que as sucessivas camadas de \u00f3leo n\u00e3o impe\u00e7am a madeira de transpirar. <strong>Anos de garantia:<\/strong> 3 anos <strong>Fabricado de acordo com a norma:<\/strong> 581-1,581-2,581-3 <strong>Certifica\u00e7\u00e3o FSC (sim\/n\u00e3o):<\/strong> Sim"}],"_links":{"self":[{"href":"https:\/\/keramamueblesdejardin.com\/pt-pt\/wp-json\/wp\/v2\/product\/167855","targetHints":{"allow":["GET"]}}],"collection":[{"href":"https:\/\/keramamueblesdejardin.com\/pt-pt\/wp-json\/wp\/v2\/product"}],"about":[{"href":"https:\/\/keramamueblesdejardin.com\/pt-pt\/wp-json\/wp\/v2\/types\/product"}],"replies":[{"embeddable":true,"href":"https:\/\/keramamueblesdejardin.com\/pt-pt\/wp-json\/wp\/v2\/comments?post=167855"}],"wp:featuredmedia":[{"embeddable":true,"href":"https:\/\/keramamueblesdejardin.com\/pt-pt\/wp-json\/wp\/v2\/media\/167521"}],"wp:attachment":[{"href":"https:\/\/keramamueblesdejardin.com\/pt-pt\/wp-json\/wp\/v2\/media?parent=167855"}],"wp:term":[{"taxonomy":"product_brand","embeddable":true,"href":"https:\/\/keramamueblesdejardin.com\/pt-pt\/wp-json\/wp\/v2\/product_brand?post=167855"},{"taxonomy":"product_cat","embeddable":true,"href":"https:\/\/keramamueblesdejardin.com\/pt-pt\/wp-json\/wp\/v2\/product_cat?post=167855"},{"taxonomy":"product_tag","embeddable":true,"href":"https:\/\/keramamueblesdejardin.com\/pt-pt\/wp-json\/wp\/v2\/product_tag?post=167855"}],"curies":[{"name":"wp","href":"https:\/\/api.w.org\/{rel}","templated":true}]}}