{"id":167833,"date":"2024-08-28T15:40:21","date_gmt":"2024-08-28T13:40:21","guid":{"rendered":"https:\/\/keramamueblesdejardin.com\/sem%20categoria\/conjunto-de-jantar-de-jardim-de-madeira-extensivel-de-8-lugares-java-light-sicilia\/"},"modified":"2024-10-21T16:26:54","modified_gmt":"2024-10-21T14:26:54","slug":"jardim-jantar-conjunto-madeira-extensivel-8-lugares-java-luz-sicilia","status":"publish","type":"product","link":"https:\/\/keramamueblesdejardin.com\/pt-pt\/nao-categorizado\/jardim-jantar-conjunto-madeira-extensivel-8-lugares-java-luz-sicilia\/","title":{"rendered":"Conjunto de jantar de jardim de madeira extens\u00edvel de 8 lugares &#8211; Java Light | Sic\u00edlia"},"content":{"rendered":"<p><span data-sheets-root=\"1\">Conjunto de mesa de jardim e 8 cadeiras da cole\u00e7\u00e3o Sicilia. As mesas da cole\u00e7\u00e3o Java Light s\u00e3o feitas de madeira de ac\u00e1cia na cor clara FSC, o que as faz se encaixar em qualquer estilo de terra\u00e7o ou jardim. Al\u00e9m disso, o uso de ripas largas e em conjunto com uma estrutura robusta torna a mesa muito est\u00e1vel. As cadeiras da cole\u00e7\u00e3o Modena foram desenhadas e executadas em madeira de teca certificada pelo FSC, acompanhadas por um belo e pr\u00e1tico rattan sint\u00e9tico em bege tran\u00e7ado \u00e0 m\u00e3o pelos nossos artes\u00e3os. A combina\u00e7\u00e3o de ambos os elementos resulta em pe\u00e7as \u00fanicas capazes de se encaixar em todos os tipos de estilos de decora\u00e7\u00e3o e vestir o seu terra\u00e7o ou jardim com gosto. As cadeiras Sicilia s\u00e3o feitas de uma bela madeira de ac\u00e1cia em uma cor clara acompanhada por uma corda de poli\u00e9ster tran\u00e7ada \u00e0 m\u00e3o em bege por nossos artes\u00e3os e almofadas remov\u00edveis em bege imitando linho. Mesa: 220&#215;100 (fechada) 300&#215;100 (estendida) x75 cm, Cadeira: 53x60x80cm<\/span><\/p>\n","protected":false},"excerpt":{"rendered":"<ul>\n<li>Grande conjunto de jantar extens\u00edvel 8 lugares<\/li>\n<li>Mesa extens\u00edvel de madeira de ac\u00e1cia FSC<\/li>\n<li>Cadeiras de madeira, corda e almofadas remov\u00edveis<\/li>\n<li>Mesa: 220&#215;100 (fechada) 300&#215;100 (estendida) x75 cm, Cadeira: 53x60x80cm<\/li>\n<\/ul>\n","protected":false},"featured_media":167557,"comment_status":"open","ping_status":"closed","template":"","meta":{"_acf_changed":false},"product_brand":[],"product_cat":[421],"product_tag":[],"class_list":{"0":"post-167833","1":"product","2":"type-product","3":"status-publish","4":"has-post-thumbnail","6":"product_cat-nao-categorizado","7":"product_shipping_class-envio-gratuito-pt-pt","8":"pa_asientos-8-pt-pt","9":"pa_caracteristicas-extensivel","10":"pa_coleccion-java-light-pt-pt","11":"pa_coleccion-sicilia-pt-pt","12":"pa_material-cuerda-pt-pt","13":"pa_material-madera-pt-pt","15":"first","16":"instock","17":"sale","18":"shipping-taxable","19":"purchasable","20":"product-type-simple","21":"add-to-wishlist-before_image"},"acf":[],"yoast_head":"<!-- This site is optimized with the Yoast SEO plugin v27.2 - https:\/\/yoast.com\/product\/yoast-seo-wordpress\/ -->\n<title>Conjunto de jantar de jardim de madeira extens\u00edvel de 8 lugares - Java Light | Sic\u00edlia - Kerama<\/title>\n<meta name=\"robots\" content=\"index, follow, max-snippet:-1, max-image-preview:large, max-video-preview:-1\" \/>\n<link rel=\"canonical\" href=\"https:\/\/keramamueblesdejardin.com\/pt-pt\/nao-categorizado\/jardim-jantar-conjunto-madeira-extensivel-8-lugares-java-luz-sicilia\/\" \/>\n<meta property=\"og:locale\" content=\"pt_PT\" \/>\n<meta property=\"og:type\" content=\"article\" \/>\n<meta property=\"og:title\" content=\"Conjunto de jantar de jardim de madeira extens\u00edvel de 8 lugares - Java Light | Sic\u00edlia - Kerama\" \/>\n<meta property=\"og:description\" content=\"Grande conjunto de jantar extens\u00edvel 8 lugares  Mesa extens\u00edvel de madeira de ac\u00e1cia FSC  Cadeiras de madeira, corda e almofadas remov\u00edveis  Mesa: 220x100 (fechada) 300x100 (estendida) x75 cm, Cadeira: 53x60x80cm\" \/>\n<meta property=\"og:url\" content=\"https:\/\/keramamueblesdejardin.com\/pt-pt\/nao-categorizado\/jardim-jantar-conjunto-madeira-extensivel-8-lugares-java-luz-sicilia\/\" \/>\n<meta property=\"og:site_name\" content=\"Kerama\" \/>\n<meta property=\"article:publisher\" content=\"https:\/\/www.facebook.com\/Kerama-Muebles-de-Jard%c3%adn-106209328312568\/\" \/>\n<meta property=\"article:modified_time\" content=\"2024-10-21T14:26:54+00:00\" \/>\n<meta property=\"og:image\" content=\"https:\/\/keramamueblesdejardin.com\/wp-content\/uploads\/2024\/08\/mesa-java-extensible-sicilia-scaled.jpg\" \/>\n\t<meta property=\"og:image:width\" content=\"2560\" \/>\n\t<meta property=\"og:image:height\" content=\"2560\" \/>\n\t<meta property=\"og:image:type\" content=\"image\/jpeg\" \/>\n<meta name=\"twitter:card\" content=\"summary_large_image\" \/>\n<meta name=\"twitter:label1\" content=\"Tempo estimado de leitura\" \/>\n\t<meta name=\"twitter:data1\" content=\"1 minuto\" \/>\n<script type=\"application\/ld+json\" class=\"yoast-schema-graph\">{\"@context\":\"https:\/\/schema.org\",\"@graph\":[{\"@type\":\"WebPage\",\"@id\":\"https:\/\/keramamueblesdejardin.com\/pt-pt\/nao-categorizado\/jardim-jantar-conjunto-madeira-extensivel-8-lugares-java-luz-sicilia\/\",\"url\":\"https:\/\/keramamueblesdejardin.com\/pt-pt\/nao-categorizado\/jardim-jantar-conjunto-madeira-extensivel-8-lugares-java-luz-sicilia\/\",\"name\":\"Conjunto de jantar de jardim de madeira extens\u00edvel de 8 lugares - Java Light | Sic\u00edlia - Kerama\",\"isPartOf\":{\"@id\":\"https:\/\/keramamueblesdejardin.com\/pt-pt\/#website\"},\"primaryImageOfPage\":{\"@id\":\"https:\/\/keramamueblesdejardin.com\/pt-pt\/nao-categorizado\/jardim-jantar-conjunto-madeira-extensivel-8-lugares-java-luz-sicilia\/#primaryimage\"},\"image\":{\"@id\":\"https:\/\/keramamueblesdejardin.com\/pt-pt\/nao-categorizado\/jardim-jantar-conjunto-madeira-extensivel-8-lugares-java-luz-sicilia\/#primaryimage\"},\"thumbnailUrl\":\"https:\/\/keramamueblesdejardin.com\/wp-content\/uploads\/2024\/08\/mesa-java-extensible-sicilia-scaled.jpg\",\"datePublished\":\"2024-08-28T13:40:21+00:00\",\"dateModified\":\"2024-10-21T14:26:54+00:00\",\"breadcrumb\":{\"@id\":\"https:\/\/keramamueblesdejardin.com\/pt-pt\/nao-categorizado\/jardim-jantar-conjunto-madeira-extensivel-8-lugares-java-luz-sicilia\/#breadcrumb\"},\"inLanguage\":\"pt-PT\",\"potentialAction\":[{\"@type\":\"ReadAction\",\"target\":[\"https:\/\/keramamueblesdejardin.com\/pt-pt\/nao-categorizado\/jardim-jantar-conjunto-madeira-extensivel-8-lugares-java-luz-sicilia\/\"]}]},{\"@type\":\"ImageObject\",\"inLanguage\":\"pt-PT\",\"@id\":\"https:\/\/keramamueblesdejardin.com\/pt-pt\/nao-categorizado\/jardim-jantar-conjunto-madeira-extensivel-8-lugares-java-luz-sicilia\/#primaryimage\",\"url\":\"https:\/\/keramamueblesdejardin.com\/wp-content\/uploads\/2024\/08\/mesa-java-extensible-sicilia-scaled.jpg\",\"contentUrl\":\"https:\/\/keramamueblesdejardin.com\/wp-content\/uploads\/2024\/08\/mesa-java-extensible-sicilia-scaled.jpg\",\"width\":2560,\"height\":2560},{\"@type\":\"BreadcrumbList\",\"@id\":\"https:\/\/keramamueblesdejardin.com\/pt-pt\/nao-categorizado\/jardim-jantar-conjunto-madeira-extensivel-8-lugares-java-luz-sicilia\/#breadcrumb\",\"itemListElement\":[{\"@type\":\"ListItem\",\"position\":1,\"name\":\"Home\",\"item\":\"https:\/\/keramamueblesdejardin.com\/pt-pt\/\"},{\"@type\":\"ListItem\",\"position\":2,\"name\":\"Tienda\",\"item\":\"https:\/\/keramamueblesdejardin.com\/pt-pt\/tienda-2\/\"},{\"@type\":\"ListItem\",\"position\":3,\"name\":\"n\u00e3o categorizado\",\"item\":\"https:\/\/keramamueblesdejardin.com\/pt-pt\/nao-categorizado\/\"},{\"@type\":\"ListItem\",\"position\":4,\"name\":\"Conjunto de jantar de jardim de madeira extens\u00edvel de 8 lugares &#8211; Java Light | Sic\u00edlia\"}]},{\"@type\":\"WebSite\",\"@id\":\"https:\/\/keramamueblesdejardin.com\/pt-pt\/#website\",\"url\":\"https:\/\/keramamueblesdejardin.com\/pt-pt\/\",\"name\":\"Kerama\",\"description\":\"muebles de jard\u00edn\",\"publisher\":{\"@id\":\"https:\/\/keramamueblesdejardin.com\/pt-pt\/#organization\"},\"potentialAction\":[{\"@type\":\"SearchAction\",\"target\":{\"@type\":\"EntryPoint\",\"urlTemplate\":\"https:\/\/keramamueblesdejardin.com\/pt-pt\/?s={search_term_string}\"},\"query-input\":{\"@type\":\"PropertyValueSpecification\",\"valueRequired\":true,\"valueName\":\"search_term_string\"}}],\"inLanguage\":\"pt-PT\"},{\"@type\":\"Organization\",\"@id\":\"https:\/\/keramamueblesdejardin.com\/pt-pt\/#organization\",\"name\":\"kerama\",\"url\":\"https:\/\/keramamueblesdejardin.com\/pt-pt\/\",\"logo\":{\"@type\":\"ImageObject\",\"inLanguage\":\"pt-PT\",\"@id\":\"https:\/\/keramamueblesdejardin.com\/pt-pt\/#\/schema\/logo\/image\/\",\"url\":\"https:\/\/keramamueblesdejardin.com\/wp-content\/uploads\/2020\/12\/k.-scaled.jpg\",\"contentUrl\":\"https:\/\/keramamueblesdejardin.com\/wp-content\/uploads\/2020\/12\/k.-scaled.jpg\",\"width\":2560,\"height\":551,\"caption\":\"kerama\"},\"image\":{\"@id\":\"https:\/\/keramamueblesdejardin.com\/pt-pt\/#\/schema\/logo\/image\/\"},\"sameAs\":[\"https:\/\/www.facebook.com\/Kerama-Muebles-de-Jard\u00edn-106209328312568\/\"]}]}<\/script>\n<!-- \/ Yoast SEO plugin. -->","yoast_head_json":{"title":"Conjunto de jantar de jardim de madeira extens\u00edvel de 8 lugares - Java Light | Sic\u00edlia - Kerama","robots":{"index":"index","follow":"follow","max-snippet":"max-snippet:-1","max-image-preview":"max-image-preview:large","max-video-preview":"max-video-preview:-1"},"canonical":"https:\/\/keramamueblesdejardin.com\/pt-pt\/nao-categorizado\/jardim-jantar-conjunto-madeira-extensivel-8-lugares-java-luz-sicilia\/","og_locale":"pt_PT","og_type":"article","og_title":"Conjunto de jantar de jardim de madeira extens\u00edvel de 8 lugares - Java Light | Sic\u00edlia - Kerama","og_description":"Grande conjunto de jantar extens\u00edvel 8 lugares  Mesa extens\u00edvel de madeira de ac\u00e1cia FSC  Cadeiras de madeira, corda e almofadas remov\u00edveis  Mesa: 220x100 (fechada) 300x100 (estendida) x75 cm, Cadeira: 53x60x80cm","og_url":"https:\/\/keramamueblesdejardin.com\/pt-pt\/nao-categorizado\/jardim-jantar-conjunto-madeira-extensivel-8-lugares-java-luz-sicilia\/","og_site_name":"Kerama","article_publisher":"https:\/\/www.facebook.com\/Kerama-Muebles-de-Jard%c3%adn-106209328312568\/","article_modified_time":"2024-10-21T14:26:54+00:00","og_image":[{"width":2560,"height":2560,"url":"https:\/\/keramamueblesdejardin.com\/wp-content\/uploads\/2024\/08\/mesa-java-extensible-sicilia-scaled.jpg","type":"image\/jpeg"}],"twitter_card":"summary_large_image","twitter_misc":{"Tempo estimado de leitura":"1 minuto"},"schema":{"@context":"https:\/\/schema.org","@graph":[{"@type":"WebPage","@id":"https:\/\/keramamueblesdejardin.com\/pt-pt\/nao-categorizado\/jardim-jantar-conjunto-madeira-extensivel-8-lugares-java-luz-sicilia\/","url":"https:\/\/keramamueblesdejardin.com\/pt-pt\/nao-categorizado\/jardim-jantar-conjunto-madeira-extensivel-8-lugares-java-luz-sicilia\/","name":"Conjunto de jantar de jardim de madeira extens\u00edvel de 8 lugares - Java Light | Sic\u00edlia - Kerama","isPartOf":{"@id":"https:\/\/keramamueblesdejardin.com\/pt-pt\/#website"},"primaryImageOfPage":{"@id":"https:\/\/keramamueblesdejardin.com\/pt-pt\/nao-categorizado\/jardim-jantar-conjunto-madeira-extensivel-8-lugares-java-luz-sicilia\/#primaryimage"},"image":{"@id":"https:\/\/keramamueblesdejardin.com\/pt-pt\/nao-categorizado\/jardim-jantar-conjunto-madeira-extensivel-8-lugares-java-luz-sicilia\/#primaryimage"},"thumbnailUrl":"https:\/\/keramamueblesdejardin.com\/wp-content\/uploads\/2024\/08\/mesa-java-extensible-sicilia-scaled.jpg","datePublished":"2024-08-28T13:40:21+00:00","dateModified":"2024-10-21T14:26:54+00:00","breadcrumb":{"@id":"https:\/\/keramamueblesdejardin.com\/pt-pt\/nao-categorizado\/jardim-jantar-conjunto-madeira-extensivel-8-lugares-java-luz-sicilia\/#breadcrumb"},"inLanguage":"pt-PT","potentialAction":[{"@type":"ReadAction","target":["https:\/\/keramamueblesdejardin.com\/pt-pt\/nao-categorizado\/jardim-jantar-conjunto-madeira-extensivel-8-lugares-java-luz-sicilia\/"]}]},{"@type":"ImageObject","inLanguage":"pt-PT","@id":"https:\/\/keramamueblesdejardin.com\/pt-pt\/nao-categorizado\/jardim-jantar-conjunto-madeira-extensivel-8-lugares-java-luz-sicilia\/#primaryimage","url":"https:\/\/keramamueblesdejardin.com\/wp-content\/uploads\/2024\/08\/mesa-java-extensible-sicilia-scaled.jpg","contentUrl":"https:\/\/keramamueblesdejardin.com\/wp-content\/uploads\/2024\/08\/mesa-java-extensible-sicilia-scaled.jpg","width":2560,"height":2560},{"@type":"BreadcrumbList","@id":"https:\/\/keramamueblesdejardin.com\/pt-pt\/nao-categorizado\/jardim-jantar-conjunto-madeira-extensivel-8-lugares-java-luz-sicilia\/#breadcrumb","itemListElement":[{"@type":"ListItem","position":1,"name":"Home","item":"https:\/\/keramamueblesdejardin.com\/pt-pt\/"},{"@type":"ListItem","position":2,"name":"Tienda","item":"https:\/\/keramamueblesdejardin.com\/pt-pt\/tienda-2\/"},{"@type":"ListItem","position":3,"name":"n\u00e3o categorizado","item":"https:\/\/keramamueblesdejardin.com\/pt-pt\/nao-categorizado\/"},{"@type":"ListItem","position":4,"name":"Conjunto de jantar de jardim de madeira extens\u00edvel de 8 lugares &#8211; Java Light | Sic\u00edlia"}]},{"@type":"WebSite","@id":"https:\/\/keramamueblesdejardin.com\/pt-pt\/#website","url":"https:\/\/keramamueblesdejardin.com\/pt-pt\/","name":"Kerama","description":"muebles de jard\u00edn","publisher":{"@id":"https:\/\/keramamueblesdejardin.com\/pt-pt\/#organization"},"potentialAction":[{"@type":"SearchAction","target":{"@type":"EntryPoint","urlTemplate":"https:\/\/keramamueblesdejardin.com\/pt-pt\/?s={search_term_string}"},"query-input":{"@type":"PropertyValueSpecification","valueRequired":true,"valueName":"search_term_string"}}],"inLanguage":"pt-PT"},{"@type":"Organization","@id":"https:\/\/keramamueblesdejardin.com\/pt-pt\/#organization","name":"kerama","url":"https:\/\/keramamueblesdejardin.com\/pt-pt\/","logo":{"@type":"ImageObject","inLanguage":"pt-PT","@id":"https:\/\/keramamueblesdejardin.com\/pt-pt\/#\/schema\/logo\/image\/","url":"https:\/\/keramamueblesdejardin.com\/wp-content\/uploads\/2020\/12\/k.-scaled.jpg","contentUrl":"https:\/\/keramamueblesdejardin.com\/wp-content\/uploads\/2020\/12\/k.-scaled.jpg","width":2560,"height":551,"caption":"kerama"},"image":{"@id":"https:\/\/keramamueblesdejardin.com\/pt-pt\/#\/schema\/logo\/image\/"},"sameAs":["https:\/\/www.facebook.com\/Kerama-Muebles-de-Jard\u00edn-106209328312568\/"]}]}},"df_price":2489,"df_sale_price":2489,"df_regular_price":2998,"df_image_link":"https:\/\/keramamueblesdejardin.com\/wp-content\/uploads\/2024\/08\/mesa-java-extensible-sicilia-300x300.jpg","custom_tabs":[{"title":"MEDI\u00c7\u00c3O","id":"medi\u00e7\u00e3o","content":"<div class=\"list\">\n<div class=\"list\" style=\"color: #282828;\"><strong style=\"font-weight: bold;\">Alta: <\/strong>Mesa: 75cm \/ Cadeiras: 80cm<\/div>\n<div class=\"list\" style=\"color: #282828;\"><strong style=\"font-weight: bold;\">Largura: <\/strong>Mesa: 220cm (fechada) 300cm (aberta) \/ Cadeiras: 53cm<\/div>\n<div class=\"list\" style=\"color: #282828;\"><strong style=\"font-weight: bold;\">Parte inferior: <\/strong>Mesa: 100cm \/ Cadeiras: 60cm<\/div>\n<div><\/div>\n<\/div>"},{"title":"DESEMBALAR E ASSEMBL\u00c9IA","id":"desembalar-e-assembleia","content":"<div class=\"list\"><strong style=\"font-weight: bold; color: #282828;\">Recomenda\u00e7\u00f5es para desempacotar:<\/strong><span style=\"color: #282828;\"> N\u00e3o utilizar ferramentas afiadas ao desembalar o mobili\u00e1rio, pois isso pode causar danos.<\/span><br style=\"color: #282828;\"><strong style=\"font-weight: bold; color: #282828;\">Montagem necess\u00e1ria (sim\/n\u00e3o):<\/strong><span style=\"color: #282828;\"> Sim (apenas tabela)<\/span><br style=\"color: #282828;\"><strong style=\"font-weight: bold; color: #282828;\">Dificuldade de montagem:<\/strong><span style=\"color: #282828;\"> F\u00e1cil<\/span><br style=\"color: #282828;\"><strong style=\"font-weight: bold; color: #282828;\">Tempo de montagem:<\/strong><span style=\"color: #282828;\"> 70 minutos<\/span><br style=\"color: #282828;\"><strong style=\"font-weight: bold; color: #282828;\">Pessoas recomendadas para a montagem:<\/strong><span style=\"color: #282828;\"> 2<\/span><br style=\"color: #282828;\"><strong style=\"font-weight: bold; color: #282828;\">Sugest\u00f5es da assembleia:<\/strong><span style=\"color: #282828;\">  Preparar uma \u00e1rea de montagem limpa e seca, verificar se nenhuma das pe\u00e7as listadas no manual est\u00e1 em falta. Recomendamos o uso de luvas adequadas para a montagem. Utilize apenas pe\u00e7as e hardware fornecidos.<\/span><\/div>"},{"title":"MANUTEN\u00c7\u00c3O E GARANTIAS","id":"manutencao-e-garantias","content":"<strong>Recomenda\u00e7\u00f5es gerais:<\/strong> \u2022 Avarias ou danos causados por: \u2022 Causas acidentais como quedas, golpes, derrames de l\u00edquidos, introdu\u00e7\u00e3o de corpos estranhos, bem como qualquer outro caso de for\u00e7a maior est\u00e3o exclu\u00eddos da garantia. \u2022 Utiliza\u00e7\u00e3o negligente, impr\u00f3pria ou n\u00e3o dom\u00e9stica. \u2022 Danos, corros\u00e3o e\/ou oxida\u00e7\u00e3o acelerados por condi\u00e7\u00f5es ambientais adversas \u2022 Manchas e descolora\u00e7\u00e3o devido ao n\u00e3o cumprimento das nossas instru\u00e7\u00f5es de limpeza \u2022 Danos ocorridos durante a montagem e manuseamento sem ter seguido as instru\u00e7\u00f5es de montagem indicadas. <strong>Instru\u00e7\u00f5es de utiliza\u00e7\u00e3o e manuten\u00e7\u00e3o: \u2022 Limpe<\/strong> suavemente com a ajuda de um pano ou use um sabonete l\u00edquido neutro, enxaguando com bastante \u00e1gua. \u2022 Retire regularmente o p\u00f3 com a ajuda de um pano macio e \u00e1gua l\u00edmpia. \u2022 N\u00e3o utilize detergentes ou produtos abrasivos para a limpeza. \u2022 Tratamento com \u00f3leo de linha\u00e7a: Antes de aplicar uma camada de \u00f3leo de linho no produto no seu estado natural, \u00e9 conveniente deix\u00e1-lo l\u00e1 fora durante 2 ou 3 semanas, de modo a ter uma apar\u00eancia homog\u00e9nea e arej\u00e1-lo. Limpe com \u00e1gua limpa com uma escova e deixe secar. Uma vez bem seco, deve ser lixado com uma folha de lixa de peso entre 120 e 150 cuidadosamente e sem apertar, seguindo, na medida do poss\u00edvel, a dire\u00e7\u00e3o das veias; esta opera\u00e7\u00e3o nunca \u00e9 realizada nas primeiras horas do dia. Para manter a cor \u00e9 aconselh\u00e1vel repetir o processo uma ou duas vezes por ano. Se o \u00f3leo de linho j\u00e1 tiver sido aplicado no m\u00f3vel, \u00e9 aconselh\u00e1vel lix\u00e1-lo a cada tr\u00eas anos para que as sucessivas camadas de \u00f3leo n\u00e3o impe\u00e7am a madeira de transpirar. <strong>Anos de garantia:<\/strong> 3 anos <strong>Fabricado de acordo com a norma:<\/strong> 581-1,581-2,581-3 <strong>Certifica\u00e7\u00e3o FSC (sim\/n\u00e3o):<\/strong> Sim"}],"_links":{"self":[{"href":"https:\/\/keramamueblesdejardin.com\/pt-pt\/wp-json\/wp\/v2\/product\/167833","targetHints":{"allow":["GET"]}}],"collection":[{"href":"https:\/\/keramamueblesdejardin.com\/pt-pt\/wp-json\/wp\/v2\/product"}],"about":[{"href":"https:\/\/keramamueblesdejardin.com\/pt-pt\/wp-json\/wp\/v2\/types\/product"}],"replies":[{"embeddable":true,"href":"https:\/\/keramamueblesdejardin.com\/pt-pt\/wp-json\/wp\/v2\/comments?post=167833"}],"wp:featuredmedia":[{"embeddable":true,"href":"https:\/\/keramamueblesdejardin.com\/pt-pt\/wp-json\/wp\/v2\/media\/167557"}],"wp:attachment":[{"href":"https:\/\/keramamueblesdejardin.com\/pt-pt\/wp-json\/wp\/v2\/media?parent=167833"}],"wp:term":[{"taxonomy":"product_brand","embeddable":true,"href":"https:\/\/keramamueblesdejardin.com\/pt-pt\/wp-json\/wp\/v2\/product_brand?post=167833"},{"taxonomy":"product_cat","embeddable":true,"href":"https:\/\/keramamueblesdejardin.com\/pt-pt\/wp-json\/wp\/v2\/product_cat?post=167833"},{"taxonomy":"product_tag","embeddable":true,"href":"https:\/\/keramamueblesdejardin.com\/pt-pt\/wp-json\/wp\/v2\/product_tag?post=167833"}],"curies":[{"name":"wp","href":"https:\/\/api.w.org\/{rel}","templated":true}]}}