{"id":165825,"date":"2024-05-23T17:05:12","date_gmt":"2024-05-23T15:05:12","guid":{"rendered":"https:\/\/keramamueblesdejardin.com\/sem%20categoria\/conjunto-de-jardim-de-rattan-sintetico-5-lugares-cinza-zimbabwe\/"},"modified":"2024-10-04T12:19:50","modified_gmt":"2024-10-04T10:19:50","slug":"conjunto-garden-rattan-synthetic-5-seater-grey-zimbabwe","status":"publish","type":"product","link":"https:\/\/keramamueblesdejardin.com\/pt-pt\/lounges-ao-ar-livre\/conjuntos-de-jardim\/conjunto-garden-rattan-synthetic-5-seater-grey-zimbabwe\/","title":{"rendered":"Conjunto de jardim de rattan sint\u00e9tico 5 lugares cinza &#8211; Zimbabwe"},"content":{"rendered":"<p>Conjunto de jardim composto por 1 sof\u00e1 de tr\u00eas lugares, duas poltronas e uma mesa baixa. As pe\u00e7as da cole\u00e7\u00e3o Zimbabwe s\u00e3o feitas com uma estrutura de alum\u00ednio pintado ep\u00f3xi para aumentar sua durabilidade, esta estrutura \u00e9 envolta em uma tran\u00e7a manual de rattan sint\u00e9tico espesso em cinza. As almofadas da cole\u00e7\u00e3o Zimbabwe s\u00e3o de cor cinzenta e t\u00eam um tratamento repelente de \u00e1gua, al\u00e9m de serem remov\u00edveis e lav\u00e1veis.<br \/>\nA cole\u00e7\u00e3o do Zimbabu\u00e9 n\u00e3o requer montagem, pelo que s\u00f3 ter\u00e1 de ser desembalada e apreciada.<\/p>\n<p>Sof\u00e1 3: 250x92x64cm, Poltrona: 110x92x64cm, Mesa: 119&#215;58.5x43cm<\/p>\n","protected":false},"excerpt":{"rendered":"<ul>\n<li>Conjunto de jardim cinza rattan sint\u00e9tico de 5 lugares<\/li>\n<li>Estrutura em alum\u00ednio sem montagem<\/li>\n<li>Almofadas remov\u00edveis e lav\u00e1veis bege<\/li>\n<li>Medidas: Sof\u00e1 3: 250x92x64cm, Poltrona: 110x92x64cm, Mesa: 119&#215;58.5x43cm<\/li>\n<\/ul>\n","protected":false},"featured_media":160399,"comment_status":"closed","ping_status":"closed","template":"","meta":{"_acf_changed":false},"product_brand":[],"product_cat":[445,446],"product_tag":[3679,429,6059],"class_list":{"0":"post-165825","1":"product","2":"type-product","3":"status-publish","4":"has-post-thumbnail","6":"product_cat-conjuntos-de-jardim","7":"product_cat-lounges-ao-ar-livre","8":"product_tag-corda","9":"product_tag-madeira-pt-pt","10":"product_tag-zimbabue","11":"product_shipping_class-envio-gratuito-pt-pt","12":"pa_alto-64-pt-pt","13":"pa_ancho-283-pt-pt","14":"pa_asientos-5-pt-pt","15":"pa_caracteristicas-coberturas-lavaveis","16":"pa_caracteristicas-repelente-de-agua","17":"pa_coleccion-zimbabue","18":"pa_espacio-102163-pt-pt","19":"pa_largo-361-pt-pt","20":"pa_m2-102163-pt-pt","21":"pa_material-cristal-templado-pt-pt","22":"pa_material-ratan-pt-pt","23":"pa_tamano-espacio-grande-pt-pt-2","25":"first","26":"instock","27":"sale","28":"purchasable","29":"product-type-simple","30":"add-to-wishlist-before_image"},"acf":[],"yoast_head":"<!-- This site is optimized with the Yoast SEO plugin v27.2 - https:\/\/yoast.com\/product\/yoast-seo-wordpress\/ -->\n<title>Conjunto de jardim de rattan sint\u00e9tico 5 lugares cinza - Zimbabwe - Kerama<\/title>\n<meta name=\"robots\" content=\"index, follow, max-snippet:-1, max-image-preview:large, max-video-preview:-1\" \/>\n<link rel=\"canonical\" href=\"https:\/\/keramamueblesdejardin.com\/pt-pt\/lounges-ao-ar-livre\/conjuntos-de-jardim\/conjunto-garden-rattan-synthetic-5-seater-grey-zimbabwe\/\" \/>\n<meta property=\"og:locale\" content=\"pt_PT\" \/>\n<meta property=\"og:type\" content=\"article\" \/>\n<meta property=\"og:title\" content=\"Conjunto de jardim de rattan sint\u00e9tico 5 lugares cinza - Zimbabwe - Kerama\" \/>\n<meta property=\"og:description\" content=\"Conjunto de jardim cinza rattan sint\u00e9tico de 5 lugares  Estrutura em alum\u00ednio sem montagem  Almofadas remov\u00edveis e lav\u00e1veis bege  Medidas: Sof\u00e1 3: 250x92x64cm, Poltrona: 110x92x64cm, Mesa: 119x58.5x43cm\" \/>\n<meta property=\"og:url\" content=\"https:\/\/keramamueblesdejardin.com\/pt-pt\/lounges-ao-ar-livre\/conjuntos-de-jardim\/conjunto-garden-rattan-synthetic-5-seater-grey-zimbabwe\/\" \/>\n<meta property=\"og:site_name\" content=\"Kerama\" \/>\n<meta property=\"article:publisher\" content=\"https:\/\/www.facebook.com\/Kerama-Muebles-de-Jard%c3%adn-106209328312568\/\" \/>\n<meta property=\"article:modified_time\" content=\"2024-10-04T10:19:50+00:00\" \/>\n<meta property=\"og:image\" content=\"https:\/\/keramamueblesdejardin.com\/wp-content\/uploads\/2024\/05\/Pro-Capture-One-1905.jpg\" \/>\n\t<meta property=\"og:image:width\" content=\"1200\" \/>\n\t<meta property=\"og:image:height\" content=\"1200\" \/>\n\t<meta property=\"og:image:type\" content=\"image\/jpeg\" \/>\n<meta name=\"twitter:card\" content=\"summary_large_image\" \/>\n<meta name=\"twitter:label1\" content=\"Tempo estimado de leitura\" \/>\n\t<meta name=\"twitter:data1\" content=\"1 minuto\" \/>\n<script type=\"application\/ld+json\" class=\"yoast-schema-graph\">{\"@context\":\"https:\/\/schema.org\",\"@graph\":[{\"@type\":\"WebPage\",\"@id\":\"https:\/\/keramamueblesdejardin.com\/pt-pt\/lounges-ao-ar-livre\/conjuntos-de-jardim\/conjunto-garden-rattan-synthetic-5-seater-grey-zimbabwe\/\",\"url\":\"https:\/\/keramamueblesdejardin.com\/pt-pt\/lounges-ao-ar-livre\/conjuntos-de-jardim\/conjunto-garden-rattan-synthetic-5-seater-grey-zimbabwe\/\",\"name\":\"Conjunto de jardim de rattan sint\u00e9tico 5 lugares cinza - Zimbabwe - Kerama\",\"isPartOf\":{\"@id\":\"https:\/\/keramamueblesdejardin.com\/pt-pt\/#website\"},\"primaryImageOfPage\":{\"@id\":\"https:\/\/keramamueblesdejardin.com\/pt-pt\/lounges-ao-ar-livre\/conjuntos-de-jardim\/conjunto-garden-rattan-synthetic-5-seater-grey-zimbabwe\/#primaryimage\"},\"image\":{\"@id\":\"https:\/\/keramamueblesdejardin.com\/pt-pt\/lounges-ao-ar-livre\/conjuntos-de-jardim\/conjunto-garden-rattan-synthetic-5-seater-grey-zimbabwe\/#primaryimage\"},\"thumbnailUrl\":\"https:\/\/keramamueblesdejardin.com\/wp-content\/uploads\/2024\/05\/Pro-Capture-One-1905.jpg\",\"datePublished\":\"2024-05-23T15:05:12+00:00\",\"dateModified\":\"2024-10-04T10:19:50+00:00\",\"breadcrumb\":{\"@id\":\"https:\/\/keramamueblesdejardin.com\/pt-pt\/lounges-ao-ar-livre\/conjuntos-de-jardim\/conjunto-garden-rattan-synthetic-5-seater-grey-zimbabwe\/#breadcrumb\"},\"inLanguage\":\"pt-PT\",\"potentialAction\":[{\"@type\":\"ReadAction\",\"target\":[\"https:\/\/keramamueblesdejardin.com\/pt-pt\/lounges-ao-ar-livre\/conjuntos-de-jardim\/conjunto-garden-rattan-synthetic-5-seater-grey-zimbabwe\/\"]}]},{\"@type\":\"ImageObject\",\"inLanguage\":\"pt-PT\",\"@id\":\"https:\/\/keramamueblesdejardin.com\/pt-pt\/lounges-ao-ar-livre\/conjuntos-de-jardim\/conjunto-garden-rattan-synthetic-5-seater-grey-zimbabwe\/#primaryimage\",\"url\":\"https:\/\/keramamueblesdejardin.com\/wp-content\/uploads\/2024\/05\/Pro-Capture-One-1905.jpg\",\"contentUrl\":\"https:\/\/keramamueblesdejardin.com\/wp-content\/uploads\/2024\/05\/Pro-Capture-One-1905.jpg\",\"width\":1200,\"height\":1200,\"caption\":\"Conjunto Jardim Zimbabu\u00e9\"},{\"@type\":\"BreadcrumbList\",\"@id\":\"https:\/\/keramamueblesdejardin.com\/pt-pt\/lounges-ao-ar-livre\/conjuntos-de-jardim\/conjunto-garden-rattan-synthetic-5-seater-grey-zimbabwe\/#breadcrumb\",\"itemListElement\":[{\"@type\":\"ListItem\",\"position\":1,\"name\":\"Home\",\"item\":\"https:\/\/keramamueblesdejardin.com\/pt-pt\/\"},{\"@type\":\"ListItem\",\"position\":2,\"name\":\"Tienda\",\"item\":\"https:\/\/keramamueblesdejardin.com\/pt-pt\/tienda-2\/\"},{\"@type\":\"ListItem\",\"position\":3,\"name\":\"Lounges ao ar livre\",\"item\":\"https:\/\/keramamueblesdejardin.com\/pt-pt\/lounges-ao-ar-livre\/\"},{\"@type\":\"ListItem\",\"position\":4,\"name\":\"Conjuntos de jardim\",\"item\":\"https:\/\/keramamueblesdejardin.com\/pt-pt\/lounges-ao-ar-livre\/conjuntos-de-jardim\/\"},{\"@type\":\"ListItem\",\"position\":5,\"name\":\"Conjunto de jardim de rattan sint\u00e9tico 5 lugares cinza &#8211; Zimbabwe\"}]},{\"@type\":\"WebSite\",\"@id\":\"https:\/\/keramamueblesdejardin.com\/pt-pt\/#website\",\"url\":\"https:\/\/keramamueblesdejardin.com\/pt-pt\/\",\"name\":\"Kerama\",\"description\":\"muebles de jard\u00edn\",\"publisher\":{\"@id\":\"https:\/\/keramamueblesdejardin.com\/pt-pt\/#organization\"},\"potentialAction\":[{\"@type\":\"SearchAction\",\"target\":{\"@type\":\"EntryPoint\",\"urlTemplate\":\"https:\/\/keramamueblesdejardin.com\/pt-pt\/?s={search_term_string}\"},\"query-input\":{\"@type\":\"PropertyValueSpecification\",\"valueRequired\":true,\"valueName\":\"search_term_string\"}}],\"inLanguage\":\"pt-PT\"},{\"@type\":\"Organization\",\"@id\":\"https:\/\/keramamueblesdejardin.com\/pt-pt\/#organization\",\"name\":\"kerama\",\"url\":\"https:\/\/keramamueblesdejardin.com\/pt-pt\/\",\"logo\":{\"@type\":\"ImageObject\",\"inLanguage\":\"pt-PT\",\"@id\":\"https:\/\/keramamueblesdejardin.com\/pt-pt\/#\/schema\/logo\/image\/\",\"url\":\"https:\/\/keramamueblesdejardin.com\/wp-content\/uploads\/2020\/12\/k.-scaled.jpg\",\"contentUrl\":\"https:\/\/keramamueblesdejardin.com\/wp-content\/uploads\/2020\/12\/k.-scaled.jpg\",\"width\":2560,\"height\":551,\"caption\":\"kerama\"},\"image\":{\"@id\":\"https:\/\/keramamueblesdejardin.com\/pt-pt\/#\/schema\/logo\/image\/\"},\"sameAs\":[\"https:\/\/www.facebook.com\/Kerama-Muebles-de-Jard\u00edn-106209328312568\/\"]}]}<\/script>\n<!-- \/ Yoast SEO plugin. -->","yoast_head_json":{"title":"Conjunto de jardim de rattan sint\u00e9tico 5 lugares cinza - Zimbabwe - Kerama","robots":{"index":"index","follow":"follow","max-snippet":"max-snippet:-1","max-image-preview":"max-image-preview:large","max-video-preview":"max-video-preview:-1"},"canonical":"https:\/\/keramamueblesdejardin.com\/pt-pt\/lounges-ao-ar-livre\/conjuntos-de-jardim\/conjunto-garden-rattan-synthetic-5-seater-grey-zimbabwe\/","og_locale":"pt_PT","og_type":"article","og_title":"Conjunto de jardim de rattan sint\u00e9tico 5 lugares cinza - Zimbabwe - Kerama","og_description":"Conjunto de jardim cinza rattan sint\u00e9tico de 5 lugares  Estrutura em alum\u00ednio sem montagem  Almofadas remov\u00edveis e lav\u00e1veis bege  Medidas: Sof\u00e1 3: 250x92x64cm, Poltrona: 110x92x64cm, Mesa: 119x58.5x43cm","og_url":"https:\/\/keramamueblesdejardin.com\/pt-pt\/lounges-ao-ar-livre\/conjuntos-de-jardim\/conjunto-garden-rattan-synthetic-5-seater-grey-zimbabwe\/","og_site_name":"Kerama","article_publisher":"https:\/\/www.facebook.com\/Kerama-Muebles-de-Jard%c3%adn-106209328312568\/","article_modified_time":"2024-10-04T10:19:50+00:00","og_image":[{"width":1200,"height":1200,"url":"https:\/\/keramamueblesdejardin.com\/wp-content\/uploads\/2024\/05\/Pro-Capture-One-1905.jpg","type":"image\/jpeg"}],"twitter_card":"summary_large_image","twitter_misc":{"Tempo estimado de leitura":"1 minuto"},"schema":{"@context":"https:\/\/schema.org","@graph":[{"@type":"WebPage","@id":"https:\/\/keramamueblesdejardin.com\/pt-pt\/lounges-ao-ar-livre\/conjuntos-de-jardim\/conjunto-garden-rattan-synthetic-5-seater-grey-zimbabwe\/","url":"https:\/\/keramamueblesdejardin.com\/pt-pt\/lounges-ao-ar-livre\/conjuntos-de-jardim\/conjunto-garden-rattan-synthetic-5-seater-grey-zimbabwe\/","name":"Conjunto de jardim de rattan sint\u00e9tico 5 lugares cinza - Zimbabwe - Kerama","isPartOf":{"@id":"https:\/\/keramamueblesdejardin.com\/pt-pt\/#website"},"primaryImageOfPage":{"@id":"https:\/\/keramamueblesdejardin.com\/pt-pt\/lounges-ao-ar-livre\/conjuntos-de-jardim\/conjunto-garden-rattan-synthetic-5-seater-grey-zimbabwe\/#primaryimage"},"image":{"@id":"https:\/\/keramamueblesdejardin.com\/pt-pt\/lounges-ao-ar-livre\/conjuntos-de-jardim\/conjunto-garden-rattan-synthetic-5-seater-grey-zimbabwe\/#primaryimage"},"thumbnailUrl":"https:\/\/keramamueblesdejardin.com\/wp-content\/uploads\/2024\/05\/Pro-Capture-One-1905.jpg","datePublished":"2024-05-23T15:05:12+00:00","dateModified":"2024-10-04T10:19:50+00:00","breadcrumb":{"@id":"https:\/\/keramamueblesdejardin.com\/pt-pt\/lounges-ao-ar-livre\/conjuntos-de-jardim\/conjunto-garden-rattan-synthetic-5-seater-grey-zimbabwe\/#breadcrumb"},"inLanguage":"pt-PT","potentialAction":[{"@type":"ReadAction","target":["https:\/\/keramamueblesdejardin.com\/pt-pt\/lounges-ao-ar-livre\/conjuntos-de-jardim\/conjunto-garden-rattan-synthetic-5-seater-grey-zimbabwe\/"]}]},{"@type":"ImageObject","inLanguage":"pt-PT","@id":"https:\/\/keramamueblesdejardin.com\/pt-pt\/lounges-ao-ar-livre\/conjuntos-de-jardim\/conjunto-garden-rattan-synthetic-5-seater-grey-zimbabwe\/#primaryimage","url":"https:\/\/keramamueblesdejardin.com\/wp-content\/uploads\/2024\/05\/Pro-Capture-One-1905.jpg","contentUrl":"https:\/\/keramamueblesdejardin.com\/wp-content\/uploads\/2024\/05\/Pro-Capture-One-1905.jpg","width":1200,"height":1200,"caption":"Conjunto Jardim Zimbabu\u00e9"},{"@type":"BreadcrumbList","@id":"https:\/\/keramamueblesdejardin.com\/pt-pt\/lounges-ao-ar-livre\/conjuntos-de-jardim\/conjunto-garden-rattan-synthetic-5-seater-grey-zimbabwe\/#breadcrumb","itemListElement":[{"@type":"ListItem","position":1,"name":"Home","item":"https:\/\/keramamueblesdejardin.com\/pt-pt\/"},{"@type":"ListItem","position":2,"name":"Tienda","item":"https:\/\/keramamueblesdejardin.com\/pt-pt\/tienda-2\/"},{"@type":"ListItem","position":3,"name":"Lounges ao ar livre","item":"https:\/\/keramamueblesdejardin.com\/pt-pt\/lounges-ao-ar-livre\/"},{"@type":"ListItem","position":4,"name":"Conjuntos de jardim","item":"https:\/\/keramamueblesdejardin.com\/pt-pt\/lounges-ao-ar-livre\/conjuntos-de-jardim\/"},{"@type":"ListItem","position":5,"name":"Conjunto de jardim de rattan sint\u00e9tico 5 lugares cinza &#8211; Zimbabwe"}]},{"@type":"WebSite","@id":"https:\/\/keramamueblesdejardin.com\/pt-pt\/#website","url":"https:\/\/keramamueblesdejardin.com\/pt-pt\/","name":"Kerama","description":"muebles de jard\u00edn","publisher":{"@id":"https:\/\/keramamueblesdejardin.com\/pt-pt\/#organization"},"potentialAction":[{"@type":"SearchAction","target":{"@type":"EntryPoint","urlTemplate":"https:\/\/keramamueblesdejardin.com\/pt-pt\/?s={search_term_string}"},"query-input":{"@type":"PropertyValueSpecification","valueRequired":true,"valueName":"search_term_string"}}],"inLanguage":"pt-PT"},{"@type":"Organization","@id":"https:\/\/keramamueblesdejardin.com\/pt-pt\/#organization","name":"kerama","url":"https:\/\/keramamueblesdejardin.com\/pt-pt\/","logo":{"@type":"ImageObject","inLanguage":"pt-PT","@id":"https:\/\/keramamueblesdejardin.com\/pt-pt\/#\/schema\/logo\/image\/","url":"https:\/\/keramamueblesdejardin.com\/wp-content\/uploads\/2020\/12\/k.-scaled.jpg","contentUrl":"https:\/\/keramamueblesdejardin.com\/wp-content\/uploads\/2020\/12\/k.-scaled.jpg","width":2560,"height":551,"caption":"kerama"},"image":{"@id":"https:\/\/keramamueblesdejardin.com\/pt-pt\/#\/schema\/logo\/image\/"},"sameAs":["https:\/\/www.facebook.com\/Kerama-Muebles-de-Jard\u00edn-106209328312568\/"]}]}},"df_price":3009,"df_sale_price":3009,"df_regular_price":3577,"df_image_link":"https:\/\/keramamueblesdejardin.com\/wp-content\/uploads\/2024\/05\/Pro-Capture-One-1905-300x300.jpg","custom_tabs":[{"title":"MEDI\u00c7\u00c3O","id":"medi\u00e7\u00e3o","content":"<div class=\"list\">\n<div class=\"list\"><strong>Alta: <\/strong>Sof\u00e1 3: 64cm \/ Poltrona: 64cm \/ Mesa: 43cm<\/div>\n<div class=\"list\"><strong>Largura: <\/strong>Sof\u00e1 3: 250cm \/ Poltrona: 110cm \/ Mesa: 119cm<\/div>\n<div class=\"list\"><strong>Parte inferior: <\/strong>Sof\u00e1 3: 92cm \/ Poltrona: 92cm \/ Mesa: 158.5cm<\/div>\n<\/div>"},{"title":"DESEMBALAR E ASSEMBL\u00c9IA","id":"desembalar-e-assembleia","content":"<div class=\"list\"><strong style=\"font-weight: bold; color: #282828;\">Recomenda\u00e7\u00f5es para desempacotar:<\/strong><span style=\"color: #282828;\"> N\u00e3o utilizar ferramentas afiadas ao desembalar o mobili\u00e1rio, pois isso pode causar danos.<\/span><br style=\"color: #282828;\"><strong style=\"font-weight: bold; color: #282828;\">Requer montagem (sim\/n\u00e3o):<\/strong> <span style=\"color: #282828;\">N\u00e3o<\/span><\/div>"},{"title":"MANUTEN\u00c7\u00c3O E GARANTIAS","id":"manutencao-e-garantias","content":"<div class=\"moz-signature\">\n<div class=\"list\"><strong>Recomenda\u00e7\u00f5es gerais:<\/strong>\n\u2022 Avarias ou danos causados por:\n\u2022 Causas acidentais como quedas, golpes, derrame de l\u00edquidos, introdu\u00e7\u00e3o de corpos estranhos, bem como qualquer outro caso de for\u00e7a maior.\n\u2022 Utiliza\u00e7\u00e3o negligente, impr\u00f3pria ou n\u00e3o dom\u00e9stica.\n\u2022 Danos, corros\u00e3o e\/ou oxida\u00e7\u00e3o acelerados por condi\u00e7\u00f5es ambientais adversas\n\u2022 Manchas e descolora\u00e7\u00f5es devido ao n\u00e3o respeito dos nossos slogans de limpeza\n\u2022 Os danos ocorreram durante a montagem e o manuseamento sem ter seguido as instru\u00e7\u00f5es de montagem indicadas.\n<strong>Instru\u00e7\u00f5es de utiliza\u00e7\u00e3o e manuten\u00e7\u00e3o:<\/strong>\n\u2022 Limpe com a ajuda de um pano suavemente ou utilize um sab\u00e3o l\u00edquido neutro, enxaguando com muita \u00e1gua.\n\u2022 Retire regularmente o p\u00f3 com a ajuda de um pano macio e \u00e1gua l\u00edmpia.\n\u2022 N\u00e3o utilize detergentes ou produtos abrasivos para a limpeza.\n<strong>Anos de garantia:<\/strong> 3 anos\n<strong>Fabricado de acordo com a Norma:<\/strong> 581-1.581-2.581-3<\/div>\n<\/div>"}],"_links":{"self":[{"href":"https:\/\/keramamueblesdejardin.com\/pt-pt\/wp-json\/wp\/v2\/product\/165825","targetHints":{"allow":["GET"]}}],"collection":[{"href":"https:\/\/keramamueblesdejardin.com\/pt-pt\/wp-json\/wp\/v2\/product"}],"about":[{"href":"https:\/\/keramamueblesdejardin.com\/pt-pt\/wp-json\/wp\/v2\/types\/product"}],"replies":[{"embeddable":true,"href":"https:\/\/keramamueblesdejardin.com\/pt-pt\/wp-json\/wp\/v2\/comments?post=165825"}],"wp:featuredmedia":[{"embeddable":true,"href":"https:\/\/keramamueblesdejardin.com\/pt-pt\/wp-json\/wp\/v2\/media\/160399"}],"wp:attachment":[{"href":"https:\/\/keramamueblesdejardin.com\/pt-pt\/wp-json\/wp\/v2\/media?parent=165825"}],"wp:term":[{"taxonomy":"product_brand","embeddable":true,"href":"https:\/\/keramamueblesdejardin.com\/pt-pt\/wp-json\/wp\/v2\/product_brand?post=165825"},{"taxonomy":"product_cat","embeddable":true,"href":"https:\/\/keramamueblesdejardin.com\/pt-pt\/wp-json\/wp\/v2\/product_cat?post=165825"},{"taxonomy":"product_tag","embeddable":true,"href":"https:\/\/keramamueblesdejardin.com\/pt-pt\/wp-json\/wp\/v2\/product_tag?post=165825"}],"curies":[{"name":"wp","href":"https:\/\/api.w.org\/{rel}","templated":true}]}}