{"id":155491,"date":"2024-03-05T13:18:07","date_gmt":"2024-03-05T12:18:07","guid":{"rendered":"https:\/\/keramamueblesdejardin.com\/sem%20categoria\/jardim-de-5-lugares-em-aluminio-branco-e-almofadas-impermeaveis-lugano\/"},"modified":"2025-03-26T10:07:09","modified_gmt":"2025-03-26T09:07:09","slug":"5-lugares-branco-aluminio-jardim-conjunto-e-impermeavel-almofadas-lugano","status":"publish","type":"product","link":"https:\/\/keramamueblesdejardin.com\/pt-pt\/lounges-ao-ar-livre\/conjuntos-de-jardim\/5-lugares-branco-aluminio-jardim-conjunto-e-impermeavel-almofadas-lugano\/","title":{"rendered":"Jardim de 5 lugares em alum\u00ednio branco e almofadas imperme\u00e1veis &#8211; Lugano"},"content":{"rendered":"<p>Conjunto de jardim de 5 lugares com estrutura de alum\u00ednio branco, almofadas de tecido n\u00e1utico branco imperme\u00e1veis. \u00c9 acompanhado por uma mesa com uma estrutura de alum\u00ednio completa em cinzento. Tamanho da tabela: Tabela 140x80x30cm Poltrona: 100x85x54cm Sof\u00e1: 225x85x54cm<\/p>\n","protected":false},"excerpt":{"rendered":"<ul>\n<li>Estrutura em alum\u00ednio na cor branca<\/li>\n<li>Tecido n\u00e1utico imperme\u00e1vel<\/li>\n<li>Almofadas cinzentas que podem ser removidas e lavadas<\/li>\n<li>Mesa 140x80x30cm Poltrona: 100x85x54cm Sof\u00e1: 225x85x54cm<\/li>\n<\/ul>\n","protected":false},"featured_media":145416,"comment_status":"closed","ping_status":"closed","template":"","meta":{"_acf_changed":false},"product_brand":[],"product_cat":[445,446],"product_tag":[426,532],"class_list":{"0":"post-155491","1":"product","2":"type-product","3":"status-publish","4":"has-post-thumbnail","6":"product_cat-conjuntos-de-jardim","7":"product_cat-lounges-ao-ar-livre","8":"product_tag-aluminio-pt-pt","9":"product_tag-gabardina","10":"product_shipping_class-envio-gratuito-pt-pt","11":"pa_alto-54-pt-pt","12":"pa_ancho-170-pt-pt","13":"pa_asientos-5-pt-pt","14":"pa_caracteristicas-capa-de-chuva","15":"pa_coleccion-lugano-pt-pt","16":"pa_espacio-672-pt-pt","17":"pa_largo-395-pt-pt","18":"pa_m2-672-pt-pt","19":"pa_material-aluminio-pt-pt","20":"pa_tamano-espacio-grande-pt-pt-2","22":"first","23":"instock","24":"sale","25":"purchasable","26":"product-type-simple","27":"add-to-wishlist-before_image"},"acf":[],"yoast_head":"<!-- This site is optimized with the Yoast SEO plugin v27.2 - https:\/\/yoast.com\/product\/yoast-seo-wordpress\/ -->\n<title>Jardim de 5 lugares em alum\u00ednio branco e almofadas imperme\u00e1veis - Lugano - Kerama<\/title>\n<meta name=\"robots\" content=\"index, follow, max-snippet:-1, max-image-preview:large, max-video-preview:-1\" \/>\n<link rel=\"canonical\" href=\"https:\/\/keramamueblesdejardin.com\/pt-pt\/lounges-ao-ar-livre\/conjuntos-de-jardim\/5-lugares-branco-aluminio-jardim-conjunto-e-impermeavel-almofadas-lugano\/\" \/>\n<meta property=\"og:locale\" content=\"pt_PT\" \/>\n<meta property=\"og:type\" content=\"article\" \/>\n<meta property=\"og:title\" content=\"Jardim de 5 lugares em alum\u00ednio branco e almofadas imperme\u00e1veis - Lugano - Kerama\" \/>\n<meta property=\"og:description\" content=\"Estrutura em alum\u00ednio na cor branca  Tecido n\u00e1utico imperme\u00e1vel  Almofadas cinzentas que podem ser removidas e lavadas  Mesa 140x80x30cm Poltrona: 100x85x54cm Sof\u00e1: 225x85x54cm\" \/>\n<meta property=\"og:url\" content=\"https:\/\/keramamueblesdejardin.com\/pt-pt\/lounges-ao-ar-livre\/conjuntos-de-jardim\/5-lugares-branco-aluminio-jardim-conjunto-e-impermeavel-almofadas-lugano\/\" \/>\n<meta property=\"og:site_name\" content=\"Kerama\" \/>\n<meta property=\"article:publisher\" content=\"https:\/\/www.facebook.com\/Kerama-Muebles-de-Jard%c3%adn-106209328312568\/\" \/>\n<meta property=\"article:modified_time\" content=\"2025-03-26T09:07:09+00:00\" \/>\n<meta property=\"og:image\" content=\"https:\/\/keramamueblesdejardin.com\/wp-content\/uploads\/2024\/03\/cojunto-lugano.jpg\" \/>\n\t<meta property=\"og:image:width\" content=\"1200\" \/>\n\t<meta property=\"og:image:height\" content=\"1200\" \/>\n\t<meta property=\"og:image:type\" content=\"image\/jpeg\" \/>\n<meta name=\"twitter:card\" content=\"summary_large_image\" \/>\n<script type=\"application\/ld+json\" class=\"yoast-schema-graph\">{\"@context\":\"https:\/\/schema.org\",\"@graph\":[{\"@type\":\"WebPage\",\"@id\":\"https:\/\/keramamueblesdejardin.com\/pt-pt\/lounges-ao-ar-livre\/conjuntos-de-jardim\/5-lugares-branco-aluminio-jardim-conjunto-e-impermeavel-almofadas-lugano\/\",\"url\":\"https:\/\/keramamueblesdejardin.com\/pt-pt\/lounges-ao-ar-livre\/conjuntos-de-jardim\/5-lugares-branco-aluminio-jardim-conjunto-e-impermeavel-almofadas-lugano\/\",\"name\":\"Jardim de 5 lugares em alum\u00ednio branco e almofadas imperme\u00e1veis - Lugano - Kerama\",\"isPartOf\":{\"@id\":\"https:\/\/keramamueblesdejardin.com\/pt-pt\/#website\"},\"primaryImageOfPage\":{\"@id\":\"https:\/\/keramamueblesdejardin.com\/pt-pt\/lounges-ao-ar-livre\/conjuntos-de-jardim\/5-lugares-branco-aluminio-jardim-conjunto-e-impermeavel-almofadas-lugano\/#primaryimage\"},\"image\":{\"@id\":\"https:\/\/keramamueblesdejardin.com\/pt-pt\/lounges-ao-ar-livre\/conjuntos-de-jardim\/5-lugares-branco-aluminio-jardim-conjunto-e-impermeavel-almofadas-lugano\/#primaryimage\"},\"thumbnailUrl\":\"https:\/\/keramamueblesdejardin.com\/wp-content\/uploads\/2024\/03\/cojunto-lugano.jpg\",\"datePublished\":\"2024-03-05T12:18:07+00:00\",\"dateModified\":\"2025-03-26T09:07:09+00:00\",\"breadcrumb\":{\"@id\":\"https:\/\/keramamueblesdejardin.com\/pt-pt\/lounges-ao-ar-livre\/conjuntos-de-jardim\/5-lugares-branco-aluminio-jardim-conjunto-e-impermeavel-almofadas-lugano\/#breadcrumb\"},\"inLanguage\":\"pt-PT\",\"potentialAction\":[{\"@type\":\"ReadAction\",\"target\":[\"https:\/\/keramamueblesdejardin.com\/pt-pt\/lounges-ao-ar-livre\/conjuntos-de-jardim\/5-lugares-branco-aluminio-jardim-conjunto-e-impermeavel-almofadas-lugano\/\"]}]},{\"@type\":\"ImageObject\",\"inLanguage\":\"pt-PT\",\"@id\":\"https:\/\/keramamueblesdejardin.com\/pt-pt\/lounges-ao-ar-livre\/conjuntos-de-jardim\/5-lugares-branco-aluminio-jardim-conjunto-e-impermeavel-almofadas-lugano\/#primaryimage\",\"url\":\"https:\/\/keramamueblesdejardin.com\/wp-content\/uploads\/2024\/03\/cojunto-lugano.jpg\",\"contentUrl\":\"https:\/\/keramamueblesdejardin.com\/wp-content\/uploads\/2024\/03\/cojunto-lugano.jpg\",\"width\":1200,\"height\":1200},{\"@type\":\"BreadcrumbList\",\"@id\":\"https:\/\/keramamueblesdejardin.com\/pt-pt\/lounges-ao-ar-livre\/conjuntos-de-jardim\/5-lugares-branco-aluminio-jardim-conjunto-e-impermeavel-almofadas-lugano\/#breadcrumb\",\"itemListElement\":[{\"@type\":\"ListItem\",\"position\":1,\"name\":\"Home\",\"item\":\"https:\/\/keramamueblesdejardin.com\/pt-pt\/\"},{\"@type\":\"ListItem\",\"position\":2,\"name\":\"Tienda\",\"item\":\"https:\/\/keramamueblesdejardin.com\/pt-pt\/tienda-2\/\"},{\"@type\":\"ListItem\",\"position\":3,\"name\":\"Lounges ao ar livre\",\"item\":\"https:\/\/keramamueblesdejardin.com\/pt-pt\/lounges-ao-ar-livre\/\"},{\"@type\":\"ListItem\",\"position\":4,\"name\":\"Conjuntos de jardim\",\"item\":\"https:\/\/keramamueblesdejardin.com\/pt-pt\/lounges-ao-ar-livre\/conjuntos-de-jardim\/\"},{\"@type\":\"ListItem\",\"position\":5,\"name\":\"Jardim de 5 lugares em alum\u00ednio branco e almofadas imperme\u00e1veis &#8211; Lugano\"}]},{\"@type\":\"WebSite\",\"@id\":\"https:\/\/keramamueblesdejardin.com\/pt-pt\/#website\",\"url\":\"https:\/\/keramamueblesdejardin.com\/pt-pt\/\",\"name\":\"Kerama\",\"description\":\"muebles de jard\u00edn\",\"publisher\":{\"@id\":\"https:\/\/keramamueblesdejardin.com\/pt-pt\/#organization\"},\"potentialAction\":[{\"@type\":\"SearchAction\",\"target\":{\"@type\":\"EntryPoint\",\"urlTemplate\":\"https:\/\/keramamueblesdejardin.com\/pt-pt\/?s={search_term_string}\"},\"query-input\":{\"@type\":\"PropertyValueSpecification\",\"valueRequired\":true,\"valueName\":\"search_term_string\"}}],\"inLanguage\":\"pt-PT\"},{\"@type\":\"Organization\",\"@id\":\"https:\/\/keramamueblesdejardin.com\/pt-pt\/#organization\",\"name\":\"kerama\",\"url\":\"https:\/\/keramamueblesdejardin.com\/pt-pt\/\",\"logo\":{\"@type\":\"ImageObject\",\"inLanguage\":\"pt-PT\",\"@id\":\"https:\/\/keramamueblesdejardin.com\/pt-pt\/#\/schema\/logo\/image\/\",\"url\":\"https:\/\/keramamueblesdejardin.com\/wp-content\/uploads\/2020\/12\/k.-scaled.jpg\",\"contentUrl\":\"https:\/\/keramamueblesdejardin.com\/wp-content\/uploads\/2020\/12\/k.-scaled.jpg\",\"width\":2560,\"height\":551,\"caption\":\"kerama\"},\"image\":{\"@id\":\"https:\/\/keramamueblesdejardin.com\/pt-pt\/#\/schema\/logo\/image\/\"},\"sameAs\":[\"https:\/\/www.facebook.com\/Kerama-Muebles-de-Jard\u00edn-106209328312568\/\"]}]}<\/script>\n<!-- \/ Yoast SEO plugin. -->","yoast_head_json":{"title":"Jardim de 5 lugares em alum\u00ednio branco e almofadas imperme\u00e1veis - Lugano - Kerama","robots":{"index":"index","follow":"follow","max-snippet":"max-snippet:-1","max-image-preview":"max-image-preview:large","max-video-preview":"max-video-preview:-1"},"canonical":"https:\/\/keramamueblesdejardin.com\/pt-pt\/lounges-ao-ar-livre\/conjuntos-de-jardim\/5-lugares-branco-aluminio-jardim-conjunto-e-impermeavel-almofadas-lugano\/","og_locale":"pt_PT","og_type":"article","og_title":"Jardim de 5 lugares em alum\u00ednio branco e almofadas imperme\u00e1veis - Lugano - Kerama","og_description":"Estrutura em alum\u00ednio na cor branca  Tecido n\u00e1utico imperme\u00e1vel  Almofadas cinzentas que podem ser removidas e lavadas  Mesa 140x80x30cm Poltrona: 100x85x54cm Sof\u00e1: 225x85x54cm","og_url":"https:\/\/keramamueblesdejardin.com\/pt-pt\/lounges-ao-ar-livre\/conjuntos-de-jardim\/5-lugares-branco-aluminio-jardim-conjunto-e-impermeavel-almofadas-lugano\/","og_site_name":"Kerama","article_publisher":"https:\/\/www.facebook.com\/Kerama-Muebles-de-Jard%c3%adn-106209328312568\/","article_modified_time":"2025-03-26T09:07:09+00:00","og_image":[{"width":1200,"height":1200,"url":"https:\/\/keramamueblesdejardin.com\/wp-content\/uploads\/2024\/03\/cojunto-lugano.jpg","type":"image\/jpeg"}],"twitter_card":"summary_large_image","schema":{"@context":"https:\/\/schema.org","@graph":[{"@type":"WebPage","@id":"https:\/\/keramamueblesdejardin.com\/pt-pt\/lounges-ao-ar-livre\/conjuntos-de-jardim\/5-lugares-branco-aluminio-jardim-conjunto-e-impermeavel-almofadas-lugano\/","url":"https:\/\/keramamueblesdejardin.com\/pt-pt\/lounges-ao-ar-livre\/conjuntos-de-jardim\/5-lugares-branco-aluminio-jardim-conjunto-e-impermeavel-almofadas-lugano\/","name":"Jardim de 5 lugares em alum\u00ednio branco e almofadas imperme\u00e1veis - Lugano - Kerama","isPartOf":{"@id":"https:\/\/keramamueblesdejardin.com\/pt-pt\/#website"},"primaryImageOfPage":{"@id":"https:\/\/keramamueblesdejardin.com\/pt-pt\/lounges-ao-ar-livre\/conjuntos-de-jardim\/5-lugares-branco-aluminio-jardim-conjunto-e-impermeavel-almofadas-lugano\/#primaryimage"},"image":{"@id":"https:\/\/keramamueblesdejardin.com\/pt-pt\/lounges-ao-ar-livre\/conjuntos-de-jardim\/5-lugares-branco-aluminio-jardim-conjunto-e-impermeavel-almofadas-lugano\/#primaryimage"},"thumbnailUrl":"https:\/\/keramamueblesdejardin.com\/wp-content\/uploads\/2024\/03\/cojunto-lugano.jpg","datePublished":"2024-03-05T12:18:07+00:00","dateModified":"2025-03-26T09:07:09+00:00","breadcrumb":{"@id":"https:\/\/keramamueblesdejardin.com\/pt-pt\/lounges-ao-ar-livre\/conjuntos-de-jardim\/5-lugares-branco-aluminio-jardim-conjunto-e-impermeavel-almofadas-lugano\/#breadcrumb"},"inLanguage":"pt-PT","potentialAction":[{"@type":"ReadAction","target":["https:\/\/keramamueblesdejardin.com\/pt-pt\/lounges-ao-ar-livre\/conjuntos-de-jardim\/5-lugares-branco-aluminio-jardim-conjunto-e-impermeavel-almofadas-lugano\/"]}]},{"@type":"ImageObject","inLanguage":"pt-PT","@id":"https:\/\/keramamueblesdejardin.com\/pt-pt\/lounges-ao-ar-livre\/conjuntos-de-jardim\/5-lugares-branco-aluminio-jardim-conjunto-e-impermeavel-almofadas-lugano\/#primaryimage","url":"https:\/\/keramamueblesdejardin.com\/wp-content\/uploads\/2024\/03\/cojunto-lugano.jpg","contentUrl":"https:\/\/keramamueblesdejardin.com\/wp-content\/uploads\/2024\/03\/cojunto-lugano.jpg","width":1200,"height":1200},{"@type":"BreadcrumbList","@id":"https:\/\/keramamueblesdejardin.com\/pt-pt\/lounges-ao-ar-livre\/conjuntos-de-jardim\/5-lugares-branco-aluminio-jardim-conjunto-e-impermeavel-almofadas-lugano\/#breadcrumb","itemListElement":[{"@type":"ListItem","position":1,"name":"Home","item":"https:\/\/keramamueblesdejardin.com\/pt-pt\/"},{"@type":"ListItem","position":2,"name":"Tienda","item":"https:\/\/keramamueblesdejardin.com\/pt-pt\/tienda-2\/"},{"@type":"ListItem","position":3,"name":"Lounges ao ar livre","item":"https:\/\/keramamueblesdejardin.com\/pt-pt\/lounges-ao-ar-livre\/"},{"@type":"ListItem","position":4,"name":"Conjuntos de jardim","item":"https:\/\/keramamueblesdejardin.com\/pt-pt\/lounges-ao-ar-livre\/conjuntos-de-jardim\/"},{"@type":"ListItem","position":5,"name":"Jardim de 5 lugares em alum\u00ednio branco e almofadas imperme\u00e1veis &#8211; Lugano"}]},{"@type":"WebSite","@id":"https:\/\/keramamueblesdejardin.com\/pt-pt\/#website","url":"https:\/\/keramamueblesdejardin.com\/pt-pt\/","name":"Kerama","description":"muebles de jard\u00edn","publisher":{"@id":"https:\/\/keramamueblesdejardin.com\/pt-pt\/#organization"},"potentialAction":[{"@type":"SearchAction","target":{"@type":"EntryPoint","urlTemplate":"https:\/\/keramamueblesdejardin.com\/pt-pt\/?s={search_term_string}"},"query-input":{"@type":"PropertyValueSpecification","valueRequired":true,"valueName":"search_term_string"}}],"inLanguage":"pt-PT"},{"@type":"Organization","@id":"https:\/\/keramamueblesdejardin.com\/pt-pt\/#organization","name":"kerama","url":"https:\/\/keramamueblesdejardin.com\/pt-pt\/","logo":{"@type":"ImageObject","inLanguage":"pt-PT","@id":"https:\/\/keramamueblesdejardin.com\/pt-pt\/#\/schema\/logo\/image\/","url":"https:\/\/keramamueblesdejardin.com\/wp-content\/uploads\/2020\/12\/k.-scaled.jpg","contentUrl":"https:\/\/keramamueblesdejardin.com\/wp-content\/uploads\/2020\/12\/k.-scaled.jpg","width":2560,"height":551,"caption":"kerama"},"image":{"@id":"https:\/\/keramamueblesdejardin.com\/pt-pt\/#\/schema\/logo\/image\/"},"sameAs":["https:\/\/www.facebook.com\/Kerama-Muebles-de-Jard\u00edn-106209328312568\/"]}]}},"df_price":2689,"df_sale_price":2689,"df_regular_price":3349,"df_image_link":"https:\/\/keramamueblesdejardin.com\/wp-content\/uploads\/2024\/03\/cojunto-lugano-300x300.jpg","custom_tabs":[{"title":"MEDI\u00c7\u00c3O","id":"medi\u00e7\u00e3o","content":"<div class=\"list\"><strong style=\"font-weight: bold; color: #282828;\">Altura:<\/strong><span style=\"color: #282828;\"> Poltrona 54 cm \/ Mesa 30cm \/ Sof\u00e1 3 lugares 54cm<\/span><br style=\"color: #282828;\"><strong style=\"font-weight: bold; color: #282828;\">Largura:<\/strong><span style=\"color: #282828;\"> Poltrona 100 cm \/ Mesa 140cm \/ Sof\u00e1 3 lugares 225cm<\/span><br style=\"color: #282828;\"><strong style=\"font-weight: bold; color: #282828;\">Fundo:<\/strong><span style=\"color: #282828;\"> Poltrona 85 cm \/ Mesa 80cm \/ Sof\u00e1 3 lugares 85cm<\/span><\/div>"},{"title":"DESEMBALAR E ASSEMBL\u00c9IA","id":"desembalar-e-assembleia","content":"<div class=\"list\"><strong style=\"font-weight: bold; color: #282828;\">Recomenda\u00e7\u00f5es para desempacotar:<\/strong><span style=\"color: #282828;\"> N\u00e3o utilizar ferramentas afiadas ao desembalar o mobili\u00e1rio, pois isso pode causar danos.<\/span><br style=\"color: #282828;\"><strong style=\"font-weight: bold; color: #282828;\">Requer montagem (sim\/n\u00e3o):<\/strong> <span style=\"color: #282828;\">N\u00e3o<\/span><\/div>"},{"title":"MANUTEN\u00c7\u00c3O E GARANTIAS","id":"manutencao-e-garantias","content":"<div class=\"moz-signature\">\n<div class=\"list\"><strong>Recomenda\u00e7\u00f5es gerais:<\/strong>\n\u2022 Avarias ou danos causados por:\n\u2022 Causas acidentais como quedas, golpes, derrame de l\u00edquidos, introdu\u00e7\u00e3o de corpos estranhos, bem como qualquer outro caso de for\u00e7a maior.\n\u2022 Utiliza\u00e7\u00e3o negligente, impr\u00f3pria ou n\u00e3o dom\u00e9stica.\n\u2022 Danos, corros\u00e3o e\/ou oxida\u00e7\u00e3o acelerados por condi\u00e7\u00f5es ambientais adversas\n\u2022 Manchas e descolora\u00e7\u00f5es devido ao n\u00e3o respeito dos nossos slogans de limpeza\n\u2022 Os danos ocorreram durante a montagem e o manuseamento sem ter seguido as instru\u00e7\u00f5es de montagem indicadas.\n<strong>Instru\u00e7\u00f5es de utiliza\u00e7\u00e3o e manuten\u00e7\u00e3o:<\/strong>\n\u2022 Limpe com a ajuda de um pano suavemente ou utilize um sab\u00e3o l\u00edquido neutro, enxaguando com muita \u00e1gua.\n\u2022 Retire regularmente o p\u00f3 com a ajuda de um pano macio e \u00e1gua l\u00edmpia.\n\u2022 N\u00e3o utilize detergentes ou produtos abrasivos para a limpeza.\n<strong>Anos de garantia:<\/strong> 3 anos\n<strong>Fabricado de acordo com a Norma:<\/strong> 581-1.581-2.581-3<\/div>\n<\/div>"}],"_links":{"self":[{"href":"https:\/\/keramamueblesdejardin.com\/pt-pt\/wp-json\/wp\/v2\/product\/155491","targetHints":{"allow":["GET"]}}],"collection":[{"href":"https:\/\/keramamueblesdejardin.com\/pt-pt\/wp-json\/wp\/v2\/product"}],"about":[{"href":"https:\/\/keramamueblesdejardin.com\/pt-pt\/wp-json\/wp\/v2\/types\/product"}],"replies":[{"embeddable":true,"href":"https:\/\/keramamueblesdejardin.com\/pt-pt\/wp-json\/wp\/v2\/comments?post=155491"}],"wp:featuredmedia":[{"embeddable":true,"href":"https:\/\/keramamueblesdejardin.com\/pt-pt\/wp-json\/wp\/v2\/media\/145416"}],"wp:attachment":[{"href":"https:\/\/keramamueblesdejardin.com\/pt-pt\/wp-json\/wp\/v2\/media?parent=155491"}],"wp:term":[{"taxonomy":"product_brand","embeddable":true,"href":"https:\/\/keramamueblesdejardin.com\/pt-pt\/wp-json\/wp\/v2\/product_brand?post=155491"},{"taxonomy":"product_cat","embeddable":true,"href":"https:\/\/keramamueblesdejardin.com\/pt-pt\/wp-json\/wp\/v2\/product_cat?post=155491"},{"taxonomy":"product_tag","embeddable":true,"href":"https:\/\/keramamueblesdejardin.com\/pt-pt\/wp-json\/wp\/v2\/product_tag?post=155491"}],"curies":[{"name":"wp","href":"https:\/\/api.w.org\/{rel}","templated":true}]}}