{"id":155384,"date":"2024-04-02T16:04:22","date_gmt":"2024-04-02T14:04:22","guid":{"rendered":"https:\/\/keramamueblesdejardin.com\/sem%20categoria\/conjunto-de-jardim-de-2-mesas-de-centro-redondas-50-84cm-imitacao-de-pedra-palermo\/"},"modified":"2024-10-02T16:30:38","modified_gmt":"2024-10-02T14:30:38","slug":"jardim-set-2-round-low-tables-50-84cm-imitacao-pedra-palermo","status":"publish","type":"product","link":"https:\/\/keramamueblesdejardin.com\/pt-pt\/lounges-ao-ar-livre\/mesas-laterais-do-jardim\/jardim-set-2-round-low-tables-50-84cm-imitacao-pedra-palermo\/","title":{"rendered":"Conjunto de jardim de 2 mesas de centro redondas 50\/84cm imita\u00e7\u00e3o de pedra &#8211; Palermo"},"content":{"rendered":"<p>Conjunto de 2 mesas da cole\u00e7\u00e3o Palermo. A cole\u00e7\u00e3o Palermo \u00e9 feita de uma estrutura de alum\u00ednio com linhas elegantes em bege com um topo com um acabamento de imita\u00e7\u00e3o de pedra. Medidas 84&#215;52 e 50x52cm:<\/p>\n","protected":false},"excerpt":{"rendered":"<ul>\n<li>Conjunto de mesa lateral redonda de alum\u00ednio bege<\/li>\n<li>Imita\u00e7\u00e3o do tampo em pedra na cor cinzenta<\/li>\n<li>Medidas: tabelas 84x52cm e 50x52cm<\/li>\n<\/ul>\n","protected":false},"featured_media":154028,"comment_status":"closed","ping_status":"closed","template":"","meta":{"_acf_changed":false},"product_brand":[],"product_cat":[446,456],"product_tag":[426,427,4778],"class_list":{"0":"post-155384","1":"product","2":"type-product","3":"status-publish","4":"has-post-thumbnail","6":"product_cat-lounges-ao-ar-livre","7":"product_cat-mesas-laterais-do-jardim","8":"product_tag-aluminio-pt-pt","9":"product_tag-espacos-amplos","10":"product_tag-palermo-pt-pt","11":"product_shipping_class-envio-gratuito-pt-pt","12":"pa_alto-52-pt-pt","13":"pa_ancho-80-pt-pt","14":"pa_coleccion-palermo-pt-pt","15":"pa_forma-circulo","16":"pa_largo-80-pt-pt","17":"pa_material-aluminio-pt-pt","19":"first","20":"instock","21":"sale","22":"purchasable","23":"product-type-simple","24":"add-to-wishlist-before_image"},"acf":[],"yoast_head":"<!-- This site is optimized with the Yoast SEO plugin v27.2 - https:\/\/yoast.com\/product\/yoast-seo-wordpress\/ -->\n<title>Conjunto de jardim de 2 mesas de centro redondas 50\/84cm imita\u00e7\u00e3o de pedra - Palermo - Kerama<\/title>\n<meta name=\"robots\" content=\"index, follow, max-snippet:-1, max-image-preview:large, max-video-preview:-1\" \/>\n<link rel=\"canonical\" href=\"https:\/\/keramamueblesdejardin.com\/pt-pt\/lounges-ao-ar-livre\/mesas-laterais-do-jardim\/jardim-set-2-round-low-tables-50-84cm-imitacao-pedra-palermo\/\" \/>\n<meta property=\"og:locale\" content=\"pt_PT\" \/>\n<meta property=\"og:type\" content=\"article\" \/>\n<meta property=\"og:title\" content=\"Conjunto de jardim de 2 mesas de centro redondas 50\/84cm imita\u00e7\u00e3o de pedra - Palermo - Kerama\" \/>\n<meta property=\"og:description\" content=\"Conjunto de mesa lateral redonda de alum\u00ednio bege  Imita\u00e7\u00e3o do tampo em pedra na cor cinzenta  Medidas: tabelas 84x52cm e 50x52cm\" \/>\n<meta property=\"og:url\" content=\"https:\/\/keramamueblesdejardin.com\/pt-pt\/lounges-ao-ar-livre\/mesas-laterais-do-jardim\/jardim-set-2-round-low-tables-50-84cm-imitacao-pedra-palermo\/\" \/>\n<meta property=\"og:site_name\" content=\"Kerama\" \/>\n<meta property=\"article:publisher\" content=\"https:\/\/www.facebook.com\/Kerama-Muebles-de-Jard%c3%adn-106209328312568\/\" \/>\n<meta property=\"article:modified_time\" content=\"2024-10-02T14:30:38+00:00\" \/>\n<meta property=\"og:image\" content=\"https:\/\/keramamueblesdejardin.com\/wp-content\/uploads\/2024\/04\/palermo-2-mesas.jpg\" \/>\n\t<meta property=\"og:image:width\" content=\"1200\" \/>\n\t<meta property=\"og:image:height\" content=\"1200\" \/>\n\t<meta property=\"og:image:type\" content=\"image\/jpeg\" \/>\n<meta name=\"twitter:card\" content=\"summary_large_image\" \/>\n<script type=\"application\/ld+json\" class=\"yoast-schema-graph\">{\"@context\":\"https:\/\/schema.org\",\"@graph\":[{\"@type\":\"WebPage\",\"@id\":\"https:\/\/keramamueblesdejardin.com\/pt-pt\/lounges-ao-ar-livre\/mesas-laterais-do-jardim\/jardim-set-2-round-low-tables-50-84cm-imitacao-pedra-palermo\/\",\"url\":\"https:\/\/keramamueblesdejardin.com\/pt-pt\/lounges-ao-ar-livre\/mesas-laterais-do-jardim\/jardim-set-2-round-low-tables-50-84cm-imitacao-pedra-palermo\/\",\"name\":\"Conjunto de jardim de 2 mesas de centro redondas 50\/84cm imita\u00e7\u00e3o de pedra - Palermo - Kerama\",\"isPartOf\":{\"@id\":\"https:\/\/keramamueblesdejardin.com\/pt-pt\/#website\"},\"primaryImageOfPage\":{\"@id\":\"https:\/\/keramamueblesdejardin.com\/pt-pt\/lounges-ao-ar-livre\/mesas-laterais-do-jardim\/jardim-set-2-round-low-tables-50-84cm-imitacao-pedra-palermo\/#primaryimage\"},\"image\":{\"@id\":\"https:\/\/keramamueblesdejardin.com\/pt-pt\/lounges-ao-ar-livre\/mesas-laterais-do-jardim\/jardim-set-2-round-low-tables-50-84cm-imitacao-pedra-palermo\/#primaryimage\"},\"thumbnailUrl\":\"https:\/\/keramamueblesdejardin.com\/wp-content\/uploads\/2024\/04\/palermo-2-mesas.jpg\",\"datePublished\":\"2024-04-02T14:04:22+00:00\",\"dateModified\":\"2024-10-02T14:30:38+00:00\",\"breadcrumb\":{\"@id\":\"https:\/\/keramamueblesdejardin.com\/pt-pt\/lounges-ao-ar-livre\/mesas-laterais-do-jardim\/jardim-set-2-round-low-tables-50-84cm-imitacao-pedra-palermo\/#breadcrumb\"},\"inLanguage\":\"pt-PT\",\"potentialAction\":[{\"@type\":\"ReadAction\",\"target\":[\"https:\/\/keramamueblesdejardin.com\/pt-pt\/lounges-ao-ar-livre\/mesas-laterais-do-jardim\/jardim-set-2-round-low-tables-50-84cm-imitacao-pedra-palermo\/\"]}]},{\"@type\":\"ImageObject\",\"inLanguage\":\"pt-PT\",\"@id\":\"https:\/\/keramamueblesdejardin.com\/pt-pt\/lounges-ao-ar-livre\/mesas-laterais-do-jardim\/jardim-set-2-round-low-tables-50-84cm-imitacao-pedra-palermo\/#primaryimage\",\"url\":\"https:\/\/keramamueblesdejardin.com\/wp-content\/uploads\/2024\/04\/palermo-2-mesas.jpg\",\"contentUrl\":\"https:\/\/keramamueblesdejardin.com\/wp-content\/uploads\/2024\/04\/palermo-2-mesas.jpg\",\"width\":1200,\"height\":1200},{\"@type\":\"BreadcrumbList\",\"@id\":\"https:\/\/keramamueblesdejardin.com\/pt-pt\/lounges-ao-ar-livre\/mesas-laterais-do-jardim\/jardim-set-2-round-low-tables-50-84cm-imitacao-pedra-palermo\/#breadcrumb\",\"itemListElement\":[{\"@type\":\"ListItem\",\"position\":1,\"name\":\"Home\",\"item\":\"https:\/\/keramamueblesdejardin.com\/pt-pt\/\"},{\"@type\":\"ListItem\",\"position\":2,\"name\":\"Tienda\",\"item\":\"https:\/\/keramamueblesdejardin.com\/pt-pt\/tienda-2\/\"},{\"@type\":\"ListItem\",\"position\":3,\"name\":\"Lounges ao ar livre\",\"item\":\"https:\/\/keramamueblesdejardin.com\/pt-pt\/lounges-ao-ar-livre\/\"},{\"@type\":\"ListItem\",\"position\":4,\"name\":\"Mesas laterais do jardim\",\"item\":\"https:\/\/keramamueblesdejardin.com\/pt-pt\/lounges-ao-ar-livre\/mesas-laterais-do-jardim\/\"},{\"@type\":\"ListItem\",\"position\":5,\"name\":\"Conjunto de jardim de 2 mesas de centro redondas 50\/84cm imita\u00e7\u00e3o de pedra &#8211; Palermo\"}]},{\"@type\":\"WebSite\",\"@id\":\"https:\/\/keramamueblesdejardin.com\/pt-pt\/#website\",\"url\":\"https:\/\/keramamueblesdejardin.com\/pt-pt\/\",\"name\":\"Kerama\",\"description\":\"muebles de jard\u00edn\",\"publisher\":{\"@id\":\"https:\/\/keramamueblesdejardin.com\/pt-pt\/#organization\"},\"potentialAction\":[{\"@type\":\"SearchAction\",\"target\":{\"@type\":\"EntryPoint\",\"urlTemplate\":\"https:\/\/keramamueblesdejardin.com\/pt-pt\/?s={search_term_string}\"},\"query-input\":{\"@type\":\"PropertyValueSpecification\",\"valueRequired\":true,\"valueName\":\"search_term_string\"}}],\"inLanguage\":\"pt-PT\"},{\"@type\":\"Organization\",\"@id\":\"https:\/\/keramamueblesdejardin.com\/pt-pt\/#organization\",\"name\":\"kerama\",\"url\":\"https:\/\/keramamueblesdejardin.com\/pt-pt\/\",\"logo\":{\"@type\":\"ImageObject\",\"inLanguage\":\"pt-PT\",\"@id\":\"https:\/\/keramamueblesdejardin.com\/pt-pt\/#\/schema\/logo\/image\/\",\"url\":\"https:\/\/keramamueblesdejardin.com\/wp-content\/uploads\/2020\/12\/k.-scaled.jpg\",\"contentUrl\":\"https:\/\/keramamueblesdejardin.com\/wp-content\/uploads\/2020\/12\/k.-scaled.jpg\",\"width\":2560,\"height\":551,\"caption\":\"kerama\"},\"image\":{\"@id\":\"https:\/\/keramamueblesdejardin.com\/pt-pt\/#\/schema\/logo\/image\/\"},\"sameAs\":[\"https:\/\/www.facebook.com\/Kerama-Muebles-de-Jard\u00edn-106209328312568\/\"]}]}<\/script>\n<!-- \/ Yoast SEO plugin. -->","yoast_head_json":{"title":"Conjunto de jardim de 2 mesas de centro redondas 50\/84cm imita\u00e7\u00e3o de pedra - Palermo - Kerama","robots":{"index":"index","follow":"follow","max-snippet":"max-snippet:-1","max-image-preview":"max-image-preview:large","max-video-preview":"max-video-preview:-1"},"canonical":"https:\/\/keramamueblesdejardin.com\/pt-pt\/lounges-ao-ar-livre\/mesas-laterais-do-jardim\/jardim-set-2-round-low-tables-50-84cm-imitacao-pedra-palermo\/","og_locale":"pt_PT","og_type":"article","og_title":"Conjunto de jardim de 2 mesas de centro redondas 50\/84cm imita\u00e7\u00e3o de pedra - Palermo - Kerama","og_description":"Conjunto de mesa lateral redonda de alum\u00ednio bege  Imita\u00e7\u00e3o do tampo em pedra na cor cinzenta  Medidas: tabelas 84x52cm e 50x52cm","og_url":"https:\/\/keramamueblesdejardin.com\/pt-pt\/lounges-ao-ar-livre\/mesas-laterais-do-jardim\/jardim-set-2-round-low-tables-50-84cm-imitacao-pedra-palermo\/","og_site_name":"Kerama","article_publisher":"https:\/\/www.facebook.com\/Kerama-Muebles-de-Jard%c3%adn-106209328312568\/","article_modified_time":"2024-10-02T14:30:38+00:00","og_image":[{"width":1200,"height":1200,"url":"https:\/\/keramamueblesdejardin.com\/wp-content\/uploads\/2024\/04\/palermo-2-mesas.jpg","type":"image\/jpeg"}],"twitter_card":"summary_large_image","schema":{"@context":"https:\/\/schema.org","@graph":[{"@type":"WebPage","@id":"https:\/\/keramamueblesdejardin.com\/pt-pt\/lounges-ao-ar-livre\/mesas-laterais-do-jardim\/jardim-set-2-round-low-tables-50-84cm-imitacao-pedra-palermo\/","url":"https:\/\/keramamueblesdejardin.com\/pt-pt\/lounges-ao-ar-livre\/mesas-laterais-do-jardim\/jardim-set-2-round-low-tables-50-84cm-imitacao-pedra-palermo\/","name":"Conjunto de jardim de 2 mesas de centro redondas 50\/84cm imita\u00e7\u00e3o de pedra - Palermo - Kerama","isPartOf":{"@id":"https:\/\/keramamueblesdejardin.com\/pt-pt\/#website"},"primaryImageOfPage":{"@id":"https:\/\/keramamueblesdejardin.com\/pt-pt\/lounges-ao-ar-livre\/mesas-laterais-do-jardim\/jardim-set-2-round-low-tables-50-84cm-imitacao-pedra-palermo\/#primaryimage"},"image":{"@id":"https:\/\/keramamueblesdejardin.com\/pt-pt\/lounges-ao-ar-livre\/mesas-laterais-do-jardim\/jardim-set-2-round-low-tables-50-84cm-imitacao-pedra-palermo\/#primaryimage"},"thumbnailUrl":"https:\/\/keramamueblesdejardin.com\/wp-content\/uploads\/2024\/04\/palermo-2-mesas.jpg","datePublished":"2024-04-02T14:04:22+00:00","dateModified":"2024-10-02T14:30:38+00:00","breadcrumb":{"@id":"https:\/\/keramamueblesdejardin.com\/pt-pt\/lounges-ao-ar-livre\/mesas-laterais-do-jardim\/jardim-set-2-round-low-tables-50-84cm-imitacao-pedra-palermo\/#breadcrumb"},"inLanguage":"pt-PT","potentialAction":[{"@type":"ReadAction","target":["https:\/\/keramamueblesdejardin.com\/pt-pt\/lounges-ao-ar-livre\/mesas-laterais-do-jardim\/jardim-set-2-round-low-tables-50-84cm-imitacao-pedra-palermo\/"]}]},{"@type":"ImageObject","inLanguage":"pt-PT","@id":"https:\/\/keramamueblesdejardin.com\/pt-pt\/lounges-ao-ar-livre\/mesas-laterais-do-jardim\/jardim-set-2-round-low-tables-50-84cm-imitacao-pedra-palermo\/#primaryimage","url":"https:\/\/keramamueblesdejardin.com\/wp-content\/uploads\/2024\/04\/palermo-2-mesas.jpg","contentUrl":"https:\/\/keramamueblesdejardin.com\/wp-content\/uploads\/2024\/04\/palermo-2-mesas.jpg","width":1200,"height":1200},{"@type":"BreadcrumbList","@id":"https:\/\/keramamueblesdejardin.com\/pt-pt\/lounges-ao-ar-livre\/mesas-laterais-do-jardim\/jardim-set-2-round-low-tables-50-84cm-imitacao-pedra-palermo\/#breadcrumb","itemListElement":[{"@type":"ListItem","position":1,"name":"Home","item":"https:\/\/keramamueblesdejardin.com\/pt-pt\/"},{"@type":"ListItem","position":2,"name":"Tienda","item":"https:\/\/keramamueblesdejardin.com\/pt-pt\/tienda-2\/"},{"@type":"ListItem","position":3,"name":"Lounges ao ar livre","item":"https:\/\/keramamueblesdejardin.com\/pt-pt\/lounges-ao-ar-livre\/"},{"@type":"ListItem","position":4,"name":"Mesas laterais do jardim","item":"https:\/\/keramamueblesdejardin.com\/pt-pt\/lounges-ao-ar-livre\/mesas-laterais-do-jardim\/"},{"@type":"ListItem","position":5,"name":"Conjunto de jardim de 2 mesas de centro redondas 50\/84cm imita\u00e7\u00e3o de pedra &#8211; Palermo"}]},{"@type":"WebSite","@id":"https:\/\/keramamueblesdejardin.com\/pt-pt\/#website","url":"https:\/\/keramamueblesdejardin.com\/pt-pt\/","name":"Kerama","description":"muebles de jard\u00edn","publisher":{"@id":"https:\/\/keramamueblesdejardin.com\/pt-pt\/#organization"},"potentialAction":[{"@type":"SearchAction","target":{"@type":"EntryPoint","urlTemplate":"https:\/\/keramamueblesdejardin.com\/pt-pt\/?s={search_term_string}"},"query-input":{"@type":"PropertyValueSpecification","valueRequired":true,"valueName":"search_term_string"}}],"inLanguage":"pt-PT"},{"@type":"Organization","@id":"https:\/\/keramamueblesdejardin.com\/pt-pt\/#organization","name":"kerama","url":"https:\/\/keramamueblesdejardin.com\/pt-pt\/","logo":{"@type":"ImageObject","inLanguage":"pt-PT","@id":"https:\/\/keramamueblesdejardin.com\/pt-pt\/#\/schema\/logo\/image\/","url":"https:\/\/keramamueblesdejardin.com\/wp-content\/uploads\/2020\/12\/k.-scaled.jpg","contentUrl":"https:\/\/keramamueblesdejardin.com\/wp-content\/uploads\/2020\/12\/k.-scaled.jpg","width":2560,"height":551,"caption":"kerama"},"image":{"@id":"https:\/\/keramamueblesdejardin.com\/pt-pt\/#\/schema\/logo\/image\/"},"sameAs":["https:\/\/www.facebook.com\/Kerama-Muebles-de-Jard\u00edn-106209328312568\/"]}]}},"df_price":339,"df_sale_price":339,"df_regular_price":372,"df_image_link":"https:\/\/keramamueblesdejardin.com\/wp-content\/uploads\/2024\/04\/palermo-2-mesas-300x300.jpg","custom_tabs":[{"title":"MEDI\u00c7\u00c3O","id":"medicao","content":"<div class=\"list\"><strong>Altura:<\/strong> mesa 1 52cm \/\/ mesa 2 52cm\r\n<strong>Largura:<\/strong> mesa 1 50cm \/\/ mesa 2 84cm\r\n<strong>Profundidade:<\/strong> mesa 1 50cm \/\/ mesa 2 84cm<\/div>"},{"title":"DESEMBALAR E ASSEMBL\u00c9IA","id":"desembalar-e-assembleia","content":"<strong style=\"font-weight: bold; color: #282828;\">Recomenda\u00e7\u00f5es para desempacotar:<\/strong><span style=\"color: #282828;\">\u00a0N\u00e3o utilize utens\u00edlios afiados ao desempacotar o mobili\u00e1rio, pois pode causar danos\r\n<strong style=\"font-weight: bold;\">Montagem necess\u00e1ria (S\/N):<\/strong>\u00a0Sim\r\n<strong style=\"font-weight: bold;\">Dificuldade de montagem:<\/strong>\u00a0Baixo\r\n<strong style=\"font-weight: bold;\">Tempo de montagem:<\/strong> 10 minutos\r\n<strong style=\"font-weight: bold;\">Pessoas recomendadas para a montagem:<\/strong>\u00a02\r\n<strong style=\"font-weight: bold;\">Sugest\u00f5es da assembleia:<\/strong>\u00a0Preparar uma \u00e1rea de montagem limpa e seca, verificar se nenhuma das pe\u00e7as listadas no manual est\u00e1 em falta. Recomendamos o uso de luvas adequadas para a montagem. Utilize apenas pe\u00e7as e hardware fornecidos.<\/span>"}],"_links":{"self":[{"href":"https:\/\/keramamueblesdejardin.com\/pt-pt\/wp-json\/wp\/v2\/product\/155384","targetHints":{"allow":["GET"]}}],"collection":[{"href":"https:\/\/keramamueblesdejardin.com\/pt-pt\/wp-json\/wp\/v2\/product"}],"about":[{"href":"https:\/\/keramamueblesdejardin.com\/pt-pt\/wp-json\/wp\/v2\/types\/product"}],"replies":[{"embeddable":true,"href":"https:\/\/keramamueblesdejardin.com\/pt-pt\/wp-json\/wp\/v2\/comments?post=155384"}],"wp:featuredmedia":[{"embeddable":true,"href":"https:\/\/keramamueblesdejardin.com\/pt-pt\/wp-json\/wp\/v2\/media\/154028"}],"wp:attachment":[{"href":"https:\/\/keramamueblesdejardin.com\/pt-pt\/wp-json\/wp\/v2\/media?parent=155384"}],"wp:term":[{"taxonomy":"product_brand","embeddable":true,"href":"https:\/\/keramamueblesdejardin.com\/pt-pt\/wp-json\/wp\/v2\/product_brand?post=155384"},{"taxonomy":"product_cat","embeddable":true,"href":"https:\/\/keramamueblesdejardin.com\/pt-pt\/wp-json\/wp\/v2\/product_cat?post=155384"},{"taxonomy":"product_tag","embeddable":true,"href":"https:\/\/keramamueblesdejardin.com\/pt-pt\/wp-json\/wp\/v2\/product_tag?post=155384"}],"curies":[{"name":"wp","href":"https:\/\/api.w.org\/{rel}","templated":true}]}}