{"id":155353,"date":"2024-04-02T16:05:14","date_gmt":"2024-04-02T14:05:14","guid":{"rendered":"https:\/\/keramamueblesdejardin.com\/sem%20categoria\/cama-dupla-balinesa-antracite-com-almofadas-cinzentas-balinese\/"},"modified":"2024-10-10T15:20:05","modified_gmt":"2024-10-10T13:20:05","slug":"balinesa-duplo-antracite-cama-e-almofadas-coloridas-cinzentas-balinesas","status":"publish","type":"product","link":"https:\/\/keramamueblesdejardin.com\/pt-pt\/espreguicadeiras-e-descanso\/camas-balinesas-pt-pt\/balinesa-duplo-antracite-cama-e-almofadas-coloridas-cinzentas-balinesas\/","title":{"rendered":"Cama dupla balinesa antracite com almofadas cinzentas &#8211; Balinese"},"content":{"rendered":"<p>Cama balinesa dupla feita de estrutura de alum\u00ednio e almofadas em couro n\u00e1utico. Al\u00e9m disso, os 2 encostos est\u00e3o reclinados a 5 posi\u00e7\u00f5es. O colch\u00e3o imperme\u00e1vel tem uma espessura de 15 cm e inclui 2 almofadas para desfrutar de relaxamento total. \u00c9 ideal para desfrutar e relaxar l\u00e1 fora. Medidas: 180x190x44<\/p>\n","protected":false},"excerpt":{"rendered":"<ul>\n<li>Estrutura de alum\u00ednio e almofadas em couro n\u00e1utico<\/li>\n<li>Os encostos reclinam-se em 5 posi\u00e7\u00f5es<\/li>\n<li>Colch\u00e3o imperme\u00e1vel 15 cm de espessura e 2 almofadas inclu\u00eddas<\/li>\n<\/ul>\n","protected":false},"featured_media":153018,"comment_status":"closed","ping_status":"closed","template":"","meta":{"_acf_changed":false},"product_brand":[],"product_cat":[414,412],"product_tag":[426,427,532],"class_list":{"0":"post-155353","1":"product","2":"type-product","3":"status-publish","4":"has-post-thumbnail","6":"product_cat-camas-balinesas-pt-pt","7":"product_cat-espreguicadeiras-e-descanso","8":"product_tag-aluminio-pt-pt","9":"product_tag-espacos-amplos","10":"product_tag-gabardina","11":"product_shipping_class-envio-gratuito-pt-pt","12":"pa_alto-44-pt-pt-2","13":"pa_ancho-180-pt-pt","14":"pa_asientos-2-pt-pt-2","15":"pa_caracteristicas-capa-de-chuva","16":"pa_coleccion-balines","17":"pa_largo-190-pt-pt-2","18":"pa_material-aluminio-pt-pt","19":"pa_tamano-espacio-grande-pt-pt-2","21":"first","22":"instock","23":"sale","24":"purchasable","25":"product-type-simple","26":"add-to-wishlist-before_image"},"acf":[],"yoast_head":"<!-- This site is optimized with the Yoast SEO plugin v27.4 - https:\/\/yoast.com\/product\/yoast-seo-wordpress\/ -->\n<title>Cama dupla balinesa antracite com almofadas cinzentas - Balinese - Kerama<\/title>\n<meta name=\"robots\" content=\"index, follow, max-snippet:-1, max-image-preview:large, max-video-preview:-1\" \/>\n<link rel=\"canonical\" href=\"https:\/\/keramamueblesdejardin.com\/pt-pt\/espreguicadeiras-e-descanso\/camas-balinesas-pt-pt\/balinesa-duplo-antracite-cama-e-almofadas-coloridas-cinzentas-balinesas\/\" \/>\n<meta property=\"og:locale\" content=\"pt_PT\" \/>\n<meta property=\"og:type\" content=\"article\" \/>\n<meta property=\"og:title\" content=\"Cama dupla balinesa antracite com almofadas cinzentas - Balinese - Kerama\" \/>\n<meta property=\"og:description\" content=\"Estrutura de alum\u00ednio e almofadas em couro n\u00e1utico  Os encostos reclinam-se em 5 posi\u00e7\u00f5es  Colch\u00e3o imperme\u00e1vel 15 cm de espessura e 2 almofadas inclu\u00eddas\" \/>\n<meta property=\"og:url\" content=\"https:\/\/keramamueblesdejardin.com\/pt-pt\/espreguicadeiras-e-descanso\/camas-balinesas-pt-pt\/balinesa-duplo-antracite-cama-e-almofadas-coloridas-cinzentas-balinesas\/\" \/>\n<meta property=\"og:site_name\" content=\"Kerama\" \/>\n<meta property=\"article:publisher\" content=\"https:\/\/www.facebook.com\/Kerama-Muebles-de-Jard%c3%adn-106209328312568\/\" \/>\n<meta property=\"article:modified_time\" content=\"2024-10-10T13:20:05+00:00\" \/>\n<meta property=\"og:image\" content=\"https:\/\/keramamueblesdejardin.com\/wp-content\/uploads\/2024\/04\/0d55c4383029de7d666ad16c3b22407e.jpg\" \/>\n\t<meta property=\"og:image:width\" content=\"1500\" \/>\n\t<meta property=\"og:image:height\" content=\"1501\" \/>\n\t<meta property=\"og:image:type\" content=\"image\/jpeg\" \/>\n<meta name=\"twitter:card\" content=\"summary_large_image\" \/>\n<script type=\"application\/ld+json\" class=\"yoast-schema-graph\">{\"@context\":\"https:\\\/\\\/schema.org\",\"@graph\":[{\"@type\":\"WebPage\",\"@id\":\"https:\\\/\\\/keramamueblesdejardin.com\\\/pt-pt\\\/espreguicadeiras-e-descanso\\\/camas-balinesas-pt-pt\\\/balinesa-duplo-antracite-cama-e-almofadas-coloridas-cinzentas-balinesas\\\/\",\"url\":\"https:\\\/\\\/keramamueblesdejardin.com\\\/pt-pt\\\/espreguicadeiras-e-descanso\\\/camas-balinesas-pt-pt\\\/balinesa-duplo-antracite-cama-e-almofadas-coloridas-cinzentas-balinesas\\\/\",\"name\":\"Cama dupla balinesa antracite com almofadas cinzentas - Balinese - Kerama\",\"isPartOf\":{\"@id\":\"https:\\\/\\\/keramamueblesdejardin.com\\\/pt-pt\\\/#website\"},\"primaryImageOfPage\":{\"@id\":\"https:\\\/\\\/keramamueblesdejardin.com\\\/pt-pt\\\/espreguicadeiras-e-descanso\\\/camas-balinesas-pt-pt\\\/balinesa-duplo-antracite-cama-e-almofadas-coloridas-cinzentas-balinesas\\\/#primaryimage\"},\"image\":{\"@id\":\"https:\\\/\\\/keramamueblesdejardin.com\\\/pt-pt\\\/espreguicadeiras-e-descanso\\\/camas-balinesas-pt-pt\\\/balinesa-duplo-antracite-cama-e-almofadas-coloridas-cinzentas-balinesas\\\/#primaryimage\"},\"thumbnailUrl\":\"https:\\\/\\\/keramamueblesdejardin.com\\\/wp-content\\\/uploads\\\/2024\\\/04\\\/0d55c4383029de7d666ad16c3b22407e.jpg\",\"datePublished\":\"2024-04-02T14:05:14+00:00\",\"dateModified\":\"2024-10-10T13:20:05+00:00\",\"breadcrumb\":{\"@id\":\"https:\\\/\\\/keramamueblesdejardin.com\\\/pt-pt\\\/espreguicadeiras-e-descanso\\\/camas-balinesas-pt-pt\\\/balinesa-duplo-antracite-cama-e-almofadas-coloridas-cinzentas-balinesas\\\/#breadcrumb\"},\"inLanguage\":\"pt-PT\",\"potentialAction\":[{\"@type\":\"ReadAction\",\"target\":[\"https:\\\/\\\/keramamueblesdejardin.com\\\/pt-pt\\\/espreguicadeiras-e-descanso\\\/camas-balinesas-pt-pt\\\/balinesa-duplo-antracite-cama-e-almofadas-coloridas-cinzentas-balinesas\\\/\"]}]},{\"@type\":\"ImageObject\",\"inLanguage\":\"pt-PT\",\"@id\":\"https:\\\/\\\/keramamueblesdejardin.com\\\/pt-pt\\\/espreguicadeiras-e-descanso\\\/camas-balinesas-pt-pt\\\/balinesa-duplo-antracite-cama-e-almofadas-coloridas-cinzentas-balinesas\\\/#primaryimage\",\"url\":\"https:\\\/\\\/keramamueblesdejardin.com\\\/wp-content\\\/uploads\\\/2024\\\/04\\\/0d55c4383029de7d666ad16c3b22407e.jpg\",\"contentUrl\":\"https:\\\/\\\/keramamueblesdejardin.com\\\/wp-content\\\/uploads\\\/2024\\\/04\\\/0d55c4383029de7d666ad16c3b22407e.jpg\",\"width\":1500,\"height\":1501},{\"@type\":\"BreadcrumbList\",\"@id\":\"https:\\\/\\\/keramamueblesdejardin.com\\\/pt-pt\\\/espreguicadeiras-e-descanso\\\/camas-balinesas-pt-pt\\\/balinesa-duplo-antracite-cama-e-almofadas-coloridas-cinzentas-balinesas\\\/#breadcrumb\",\"itemListElement\":[{\"@type\":\"ListItem\",\"position\":1,\"name\":\"Home\",\"item\":\"https:\\\/\\\/keramamueblesdejardin.com\\\/pt-pt\\\/\"},{\"@type\":\"ListItem\",\"position\":2,\"name\":\"Tienda\",\"item\":\"https:\\\/\\\/keramamueblesdejardin.com\\\/pt-pt\\\/tienda-2\\\/\"},{\"@type\":\"ListItem\",\"position\":3,\"name\":\"Espregui\u00e7adeiras e descanso\",\"item\":\"https:\\\/\\\/keramamueblesdejardin.com\\\/pt-pt\\\/espreguicadeiras-e-descanso\\\/\"},{\"@type\":\"ListItem\",\"position\":4,\"name\":\"Camas balinesas\",\"item\":\"https:\\\/\\\/keramamueblesdejardin.com\\\/pt-pt\\\/espreguicadeiras-e-descanso\\\/camas-balinesas-pt-pt\\\/\"},{\"@type\":\"ListItem\",\"position\":5,\"name\":\"Cama dupla balinesa antracite com almofadas cinzentas &#8211; Balinese\"}]},{\"@type\":\"WebSite\",\"@id\":\"https:\\\/\\\/keramamueblesdejardin.com\\\/pt-pt\\\/#website\",\"url\":\"https:\\\/\\\/keramamueblesdejardin.com\\\/pt-pt\\\/\",\"name\":\"Kerama\",\"description\":\"muebles de jard\u00edn\",\"publisher\":{\"@id\":\"https:\\\/\\\/keramamueblesdejardin.com\\\/pt-pt\\\/#organization\"},\"potentialAction\":[{\"@type\":\"SearchAction\",\"target\":{\"@type\":\"EntryPoint\",\"urlTemplate\":\"https:\\\/\\\/keramamueblesdejardin.com\\\/pt-pt\\\/?s={search_term_string}\"},\"query-input\":{\"@type\":\"PropertyValueSpecification\",\"valueRequired\":true,\"valueName\":\"search_term_string\"}}],\"inLanguage\":\"pt-PT\"},{\"@type\":\"Organization\",\"@id\":\"https:\\\/\\\/keramamueblesdejardin.com\\\/pt-pt\\\/#organization\",\"name\":\"kerama\",\"url\":\"https:\\\/\\\/keramamueblesdejardin.com\\\/pt-pt\\\/\",\"logo\":{\"@type\":\"ImageObject\",\"inLanguage\":\"pt-PT\",\"@id\":\"https:\\\/\\\/keramamueblesdejardin.com\\\/pt-pt\\\/#\\\/schema\\\/logo\\\/image\\\/\",\"url\":\"https:\\\/\\\/keramamueblesdejardin.com\\\/wp-content\\\/uploads\\\/2020\\\/12\\\/k.-scaled.jpg\",\"contentUrl\":\"https:\\\/\\\/keramamueblesdejardin.com\\\/wp-content\\\/uploads\\\/2020\\\/12\\\/k.-scaled.jpg\",\"width\":2560,\"height\":551,\"caption\":\"kerama\"},\"image\":{\"@id\":\"https:\\\/\\\/keramamueblesdejardin.com\\\/pt-pt\\\/#\\\/schema\\\/logo\\\/image\\\/\"},\"sameAs\":[\"https:\\\/\\\/www.facebook.com\\\/Kerama-Muebles-de-Jard\u00edn-106209328312568\\\/\"]}]}<\/script>\n<!-- \/ Yoast SEO plugin. -->","yoast_head_json":{"title":"Cama dupla balinesa antracite com almofadas cinzentas - Balinese - Kerama","robots":{"index":"index","follow":"follow","max-snippet":"max-snippet:-1","max-image-preview":"max-image-preview:large","max-video-preview":"max-video-preview:-1"},"canonical":"https:\/\/keramamueblesdejardin.com\/pt-pt\/espreguicadeiras-e-descanso\/camas-balinesas-pt-pt\/balinesa-duplo-antracite-cama-e-almofadas-coloridas-cinzentas-balinesas\/","og_locale":"pt_PT","og_type":"article","og_title":"Cama dupla balinesa antracite com almofadas cinzentas - Balinese - Kerama","og_description":"Estrutura de alum\u00ednio e almofadas em couro n\u00e1utico  Os encostos reclinam-se em 5 posi\u00e7\u00f5es  Colch\u00e3o imperme\u00e1vel 15 cm de espessura e 2 almofadas inclu\u00eddas","og_url":"https:\/\/keramamueblesdejardin.com\/pt-pt\/espreguicadeiras-e-descanso\/camas-balinesas-pt-pt\/balinesa-duplo-antracite-cama-e-almofadas-coloridas-cinzentas-balinesas\/","og_site_name":"Kerama","article_publisher":"https:\/\/www.facebook.com\/Kerama-Muebles-de-Jard%c3%adn-106209328312568\/","article_modified_time":"2024-10-10T13:20:05+00:00","og_image":[{"width":1500,"height":1501,"url":"https:\/\/keramamueblesdejardin.com\/wp-content\/uploads\/2024\/04\/0d55c4383029de7d666ad16c3b22407e.jpg","type":"image\/jpeg"}],"twitter_card":"summary_large_image","schema":{"@context":"https:\/\/schema.org","@graph":[{"@type":"WebPage","@id":"https:\/\/keramamueblesdejardin.com\/pt-pt\/espreguicadeiras-e-descanso\/camas-balinesas-pt-pt\/balinesa-duplo-antracite-cama-e-almofadas-coloridas-cinzentas-balinesas\/","url":"https:\/\/keramamueblesdejardin.com\/pt-pt\/espreguicadeiras-e-descanso\/camas-balinesas-pt-pt\/balinesa-duplo-antracite-cama-e-almofadas-coloridas-cinzentas-balinesas\/","name":"Cama dupla balinesa antracite com almofadas cinzentas - Balinese - Kerama","isPartOf":{"@id":"https:\/\/keramamueblesdejardin.com\/pt-pt\/#website"},"primaryImageOfPage":{"@id":"https:\/\/keramamueblesdejardin.com\/pt-pt\/espreguicadeiras-e-descanso\/camas-balinesas-pt-pt\/balinesa-duplo-antracite-cama-e-almofadas-coloridas-cinzentas-balinesas\/#primaryimage"},"image":{"@id":"https:\/\/keramamueblesdejardin.com\/pt-pt\/espreguicadeiras-e-descanso\/camas-balinesas-pt-pt\/balinesa-duplo-antracite-cama-e-almofadas-coloridas-cinzentas-balinesas\/#primaryimage"},"thumbnailUrl":"https:\/\/keramamueblesdejardin.com\/wp-content\/uploads\/2024\/04\/0d55c4383029de7d666ad16c3b22407e.jpg","datePublished":"2024-04-02T14:05:14+00:00","dateModified":"2024-10-10T13:20:05+00:00","breadcrumb":{"@id":"https:\/\/keramamueblesdejardin.com\/pt-pt\/espreguicadeiras-e-descanso\/camas-balinesas-pt-pt\/balinesa-duplo-antracite-cama-e-almofadas-coloridas-cinzentas-balinesas\/#breadcrumb"},"inLanguage":"pt-PT","potentialAction":[{"@type":"ReadAction","target":["https:\/\/keramamueblesdejardin.com\/pt-pt\/espreguicadeiras-e-descanso\/camas-balinesas-pt-pt\/balinesa-duplo-antracite-cama-e-almofadas-coloridas-cinzentas-balinesas\/"]}]},{"@type":"ImageObject","inLanguage":"pt-PT","@id":"https:\/\/keramamueblesdejardin.com\/pt-pt\/espreguicadeiras-e-descanso\/camas-balinesas-pt-pt\/balinesa-duplo-antracite-cama-e-almofadas-coloridas-cinzentas-balinesas\/#primaryimage","url":"https:\/\/keramamueblesdejardin.com\/wp-content\/uploads\/2024\/04\/0d55c4383029de7d666ad16c3b22407e.jpg","contentUrl":"https:\/\/keramamueblesdejardin.com\/wp-content\/uploads\/2024\/04\/0d55c4383029de7d666ad16c3b22407e.jpg","width":1500,"height":1501},{"@type":"BreadcrumbList","@id":"https:\/\/keramamueblesdejardin.com\/pt-pt\/espreguicadeiras-e-descanso\/camas-balinesas-pt-pt\/balinesa-duplo-antracite-cama-e-almofadas-coloridas-cinzentas-balinesas\/#breadcrumb","itemListElement":[{"@type":"ListItem","position":1,"name":"Home","item":"https:\/\/keramamueblesdejardin.com\/pt-pt\/"},{"@type":"ListItem","position":2,"name":"Tienda","item":"https:\/\/keramamueblesdejardin.com\/pt-pt\/tienda-2\/"},{"@type":"ListItem","position":3,"name":"Espregui\u00e7adeiras e descanso","item":"https:\/\/keramamueblesdejardin.com\/pt-pt\/espreguicadeiras-e-descanso\/"},{"@type":"ListItem","position":4,"name":"Camas balinesas","item":"https:\/\/keramamueblesdejardin.com\/pt-pt\/espreguicadeiras-e-descanso\/camas-balinesas-pt-pt\/"},{"@type":"ListItem","position":5,"name":"Cama dupla balinesa antracite com almofadas cinzentas &#8211; Balinese"}]},{"@type":"WebSite","@id":"https:\/\/keramamueblesdejardin.com\/pt-pt\/#website","url":"https:\/\/keramamueblesdejardin.com\/pt-pt\/","name":"Kerama","description":"muebles de jard\u00edn","publisher":{"@id":"https:\/\/keramamueblesdejardin.com\/pt-pt\/#organization"},"potentialAction":[{"@type":"SearchAction","target":{"@type":"EntryPoint","urlTemplate":"https:\/\/keramamueblesdejardin.com\/pt-pt\/?s={search_term_string}"},"query-input":{"@type":"PropertyValueSpecification","valueRequired":true,"valueName":"search_term_string"}}],"inLanguage":"pt-PT"},{"@type":"Organization","@id":"https:\/\/keramamueblesdejardin.com\/pt-pt\/#organization","name":"kerama","url":"https:\/\/keramamueblesdejardin.com\/pt-pt\/","logo":{"@type":"ImageObject","inLanguage":"pt-PT","@id":"https:\/\/keramamueblesdejardin.com\/pt-pt\/#\/schema\/logo\/image\/","url":"https:\/\/keramamueblesdejardin.com\/wp-content\/uploads\/2020\/12\/k.-scaled.jpg","contentUrl":"https:\/\/keramamueblesdejardin.com\/wp-content\/uploads\/2020\/12\/k.-scaled.jpg","width":2560,"height":551,"caption":"kerama"},"image":{"@id":"https:\/\/keramamueblesdejardin.com\/pt-pt\/#\/schema\/logo\/image\/"},"sameAs":["https:\/\/www.facebook.com\/Kerama-Muebles-de-Jard\u00edn-106209328312568\/"]}]}},"df_price":1499,"df_sale_price":1499,"df_regular_price":1657,"df_image_link":"https:\/\/keramamueblesdejardin.com\/wp-content\/uploads\/2024\/04\/0d55c4383029de7d666ad16c3b22407e-300x300.jpg","custom_tabs":[{"title":"MEDI\u00c7\u00c3O","id":"medi\u00e7\u00e3o","content":"<div class=\"list\">\n<div class=\"list\"><strong>Altura: <\/strong>51cm<\/div>\n<div class=\"list\"><strong>Largura: <\/strong>190cm<\/div>\n<div class=\"list\"><strong>Profundidade: <\/strong>180cm<\/div>\n<\/div>"},{"title":"DESEMBALAR E ASSEMBL\u00c9IA","id":"desembalar-e-assembleia","content":"<div class=\"list\"><strong style=\"font-weight: bold; color: #282828;\">Recomenda\u00e7\u00f5es para desempacotar:<\/strong><span style=\"color: #282828;\"> N\u00e3o utilizar ferramentas afiadas ao desembalar o mobili\u00e1rio, pois isso pode causar danos.<\/span><br style=\"color: #282828;\"><strong style=\"font-weight: bold; color: #282828;\">Requer montagem (sim\/n\u00e3o):<\/strong> <span style=\"color: #282828;\">N\u00e3o<\/span><\/div>"},{"title":"MANUTEN\u00c7\u00c3O E GARANTIAS","id":"manutencao-e-garantias","content":"<div class=\"moz-signature\">\n<div class=\"list\"><strong>Recomenda\u00e7\u00f5es gerais:<\/strong>\n\u2022 Avarias ou danos causados por:\n\u2022 Causas acidentais como quedas, golpes, derrame de l\u00edquidos, introdu\u00e7\u00e3o de corpos estranhos, bem como qualquer outro caso de for\u00e7a maior.\n\u2022 Utiliza\u00e7\u00e3o negligente, impr\u00f3pria ou n\u00e3o dom\u00e9stica.\n\u2022 Danos, corros\u00e3o e\/ou oxida\u00e7\u00e3o acelerados por condi\u00e7\u00f5es ambientais adversas\n\u2022 Manchas e descolora\u00e7\u00f5es devido ao n\u00e3o respeito dos nossos slogans de limpeza\n\u2022 Os danos ocorreram durante a montagem e o manuseamento sem ter seguido as instru\u00e7\u00f5es de montagem indicadas.\n<strong>Instru\u00e7\u00f5es de utiliza\u00e7\u00e3o e manuten\u00e7\u00e3o:<\/strong>\n\u2022 Limpe com a ajuda de um pano suavemente ou utilize um sab\u00e3o l\u00edquido neutro, enxaguando com muita \u00e1gua.\n\u2022 Retire regularmente o p\u00f3 com a ajuda de um pano macio e \u00e1gua l\u00edmpia.\n\u2022 N\u00e3o utilize detergentes ou produtos abrasivos para a limpeza.\n<strong>Anos de garantia:<\/strong> 3 anos\n<strong>Fabricado de acordo com a Norma:<\/strong> 581-1.581-2.581-3<\/div>\n<\/div>"}],"_links":{"self":[{"href":"https:\/\/keramamueblesdejardin.com\/pt-pt\/wp-json\/wp\/v2\/product\/155353","targetHints":{"allow":["GET"]}}],"collection":[{"href":"https:\/\/keramamueblesdejardin.com\/pt-pt\/wp-json\/wp\/v2\/product"}],"about":[{"href":"https:\/\/keramamueblesdejardin.com\/pt-pt\/wp-json\/wp\/v2\/types\/product"}],"replies":[{"embeddable":true,"href":"https:\/\/keramamueblesdejardin.com\/pt-pt\/wp-json\/wp\/v2\/comments?post=155353"}],"wp:featuredmedia":[{"embeddable":true,"href":"https:\/\/keramamueblesdejardin.com\/pt-pt\/wp-json\/wp\/v2\/media\/153018"}],"wp:attachment":[{"href":"https:\/\/keramamueblesdejardin.com\/pt-pt\/wp-json\/wp\/v2\/media?parent=155353"}],"wp:term":[{"taxonomy":"product_brand","embeddable":true,"href":"https:\/\/keramamueblesdejardin.com\/pt-pt\/wp-json\/wp\/v2\/product_brand?post=155353"},{"taxonomy":"product_cat","embeddable":true,"href":"https:\/\/keramamueblesdejardin.com\/pt-pt\/wp-json\/wp\/v2\/product_cat?post=155353"},{"taxonomy":"product_tag","embeddable":true,"href":"https:\/\/keramamueblesdejardin.com\/pt-pt\/wp-json\/wp\/v2\/product_tag?post=155353"}],"curies":[{"name":"wp","href":"https:\/\/api.w.org\/{rel}","templated":true}]}}