{"id":154734,"date":"2024-04-02T16:08:04","date_gmt":"2024-04-02T14:08:04","guid":{"rendered":"https:\/\/keramamueblesdejardin.com\/sem%20categoria\/mesinha-de-jardim-45x45-em-madeira-e-mostarda-ceramica-ceramik\/"},"modified":"2025-01-30T09:03:13","modified_gmt":"2025-01-30T08:03:13","slug":"mesa-lateral-jardim-45x45-madeira-e-ceramica-mostarda-ceramik","status":"publish","type":"product","link":"https:\/\/keramamueblesdejardin.com\/pt-pt\/lounges-ao-ar-livre\/mesas-laterais-do-jardim\/mesa-lateral-jardim-45x45-madeira-e-ceramica-mostarda-ceramik\/","title":{"rendered":"Mesinha de jardim 45&#215;45 em madeira e mostarda cer\u00e2mica &#8211; Ceramik"},"content":{"rendered":"<p>Mesa de jardim da fam\u00edlia Ceramik. As mesas da fam\u00edlia Ceramik s\u00e3o feitas com uma estrutura robusta feita de madeira de ac\u00e1cia de cor clara e com um tampo cer\u00e2mico vidrado feito \u00e0 m\u00e3o com dimens\u00f5es de 20x20cm. As cer\u00e2micas artesanais fabricadas em Girona s\u00e3o a raz\u00e3o de ser da cole\u00e7\u00e3o Ceramik. A combina\u00e7\u00e3o de ambos os elementos resulta em pe\u00e7as \u00fanicas capazes de se encaixar em todos os tipos de estilos de decora\u00e7\u00e3o e vestir o seu terra\u00e7o ou jardim com gosto. Medidas: Tabela: 45x45x45<\/p>\n","protected":false},"excerpt":{"rendered":"<ul>\n<li>Dimens\u00f5es: 45x45x45 cm<\/li>\n<li>Feito de madeira de ac\u00e1cia certificada FSC.<\/li>\n<li>Cer\u00e2mica vidrada cor mostarda 20&#215;20<\/li>\n<li>Acabamento em madeira de cor clara<\/li>\n<\/ul>\n","protected":false},"featured_media":151549,"comment_status":"closed","ping_status":"closed","template":"","meta":{"_acf_changed":false},"product_brand":[],"product_cat":[446,456],"product_tag":[2766,5252,429],"class_list":{"0":"post-154734","1":"product","2":"type-product","3":"status-publish","4":"has-post-thumbnail","6":"product_cat-lounges-ao-ar-livre","7":"product_cat-mesas-laterais-do-jardim","8":"product_tag-ceramica-pt-pt","9":"product_tag-ceramik-pt-pt","10":"product_tag-madeira-pt-pt","11":"product_shipping_class-envio-gratuito-pt-pt","12":"pa_alto-72-pt-pt","13":"pa_ancho-145-pt-pt","14":"pa_coleccion-ceramik-pt-pt","15":"pa_espacio-09425-pt-pt","16":"pa_forma-cruadrada-pt-pt","17":"pa_largo-65-pt-pt","18":"pa_m2-09425-pt-pt","19":"pa_material-ceramica-pt-pt","20":"pa_material-madera-pt-pt","21":"pa_tamano-espacio-pequeno-pt-pt-2","23":"first","24":"instock","25":"sale","26":"purchasable","27":"product-type-simple","28":"add-to-wishlist-before_image"},"acf":[],"yoast_head":"<!-- This site is optimized with the Yoast SEO plugin v27.2 - https:\/\/yoast.com\/product\/yoast-seo-wordpress\/ -->\n<title>Mesinha de jardim 45x45 em madeira e mostarda cer\u00e2mica - Ceramik - Kerama<\/title>\n<meta name=\"robots\" content=\"index, follow, max-snippet:-1, max-image-preview:large, max-video-preview:-1\" \/>\n<link rel=\"canonical\" href=\"https:\/\/keramamueblesdejardin.com\/pt-pt\/lounges-ao-ar-livre\/mesas-laterais-do-jardim\/mesa-lateral-jardim-45x45-madeira-e-ceramica-mostarda-ceramik\/\" \/>\n<meta property=\"og:locale\" content=\"pt_PT\" \/>\n<meta property=\"og:type\" content=\"article\" \/>\n<meta property=\"og:title\" content=\"Mesinha de jardim 45x45 em madeira e mostarda cer\u00e2mica - Ceramik - Kerama\" \/>\n<meta property=\"og:description\" content=\"Dimens\u00f5es: 45x45x45 cm  Feito de madeira de ac\u00e1cia certificada FSC.  Cer\u00e2mica vidrada cor mostarda 20x20  Acabamento em madeira de cor clara\" \/>\n<meta property=\"og:url\" content=\"https:\/\/keramamueblesdejardin.com\/pt-pt\/lounges-ao-ar-livre\/mesas-laterais-do-jardim\/mesa-lateral-jardim-45x45-madeira-e-ceramica-mostarda-ceramik\/\" \/>\n<meta property=\"og:site_name\" content=\"Kerama\" \/>\n<meta property=\"article:publisher\" content=\"https:\/\/www.facebook.com\/Kerama-Muebles-de-Jard%c3%adn-106209328312568\/\" \/>\n<meta property=\"article:modified_time\" content=\"2025-01-30T08:03:13+00:00\" \/>\n<meta property=\"og:image\" content=\"https:\/\/keramamueblesdejardin.com\/wp-content\/uploads\/2024\/04\/45-mostaza.jpg\" \/>\n\t<meta property=\"og:image:width\" content=\"1200\" \/>\n\t<meta property=\"og:image:height\" content=\"1200\" \/>\n\t<meta property=\"og:image:type\" content=\"image\/jpeg\" \/>\n<meta name=\"twitter:card\" content=\"summary_large_image\" \/>\n<meta name=\"twitter:label1\" content=\"Tempo estimado de leitura\" \/>\n\t<meta name=\"twitter:data1\" content=\"1 minuto\" \/>\n<script type=\"application\/ld+json\" class=\"yoast-schema-graph\">{\"@context\":\"https:\/\/schema.org\",\"@graph\":[{\"@type\":\"WebPage\",\"@id\":\"https:\/\/keramamueblesdejardin.com\/pt-pt\/lounges-ao-ar-livre\/mesas-laterais-do-jardim\/mesa-lateral-jardim-45x45-madeira-e-ceramica-mostarda-ceramik\/\",\"url\":\"https:\/\/keramamueblesdejardin.com\/pt-pt\/lounges-ao-ar-livre\/mesas-laterais-do-jardim\/mesa-lateral-jardim-45x45-madeira-e-ceramica-mostarda-ceramik\/\",\"name\":\"Mesinha de jardim 45x45 em madeira e mostarda cer\u00e2mica - Ceramik - Kerama\",\"isPartOf\":{\"@id\":\"https:\/\/keramamueblesdejardin.com\/pt-pt\/#website\"},\"primaryImageOfPage\":{\"@id\":\"https:\/\/keramamueblesdejardin.com\/pt-pt\/lounges-ao-ar-livre\/mesas-laterais-do-jardim\/mesa-lateral-jardim-45x45-madeira-e-ceramica-mostarda-ceramik\/#primaryimage\"},\"image\":{\"@id\":\"https:\/\/keramamueblesdejardin.com\/pt-pt\/lounges-ao-ar-livre\/mesas-laterais-do-jardim\/mesa-lateral-jardim-45x45-madeira-e-ceramica-mostarda-ceramik\/#primaryimage\"},\"thumbnailUrl\":\"https:\/\/keramamueblesdejardin.com\/wp-content\/uploads\/2024\/04\/45-mostaza.jpg\",\"datePublished\":\"2024-04-02T14:08:04+00:00\",\"dateModified\":\"2025-01-30T08:03:13+00:00\",\"breadcrumb\":{\"@id\":\"https:\/\/keramamueblesdejardin.com\/pt-pt\/lounges-ao-ar-livre\/mesas-laterais-do-jardim\/mesa-lateral-jardim-45x45-madeira-e-ceramica-mostarda-ceramik\/#breadcrumb\"},\"inLanguage\":\"pt-PT\",\"potentialAction\":[{\"@type\":\"ReadAction\",\"target\":[\"https:\/\/keramamueblesdejardin.com\/pt-pt\/lounges-ao-ar-livre\/mesas-laterais-do-jardim\/mesa-lateral-jardim-45x45-madeira-e-ceramica-mostarda-ceramik\/\"]}]},{\"@type\":\"ImageObject\",\"inLanguage\":\"pt-PT\",\"@id\":\"https:\/\/keramamueblesdejardin.com\/pt-pt\/lounges-ao-ar-livre\/mesas-laterais-do-jardim\/mesa-lateral-jardim-45x45-madeira-e-ceramica-mostarda-ceramik\/#primaryimage\",\"url\":\"https:\/\/keramamueblesdejardin.com\/wp-content\/uploads\/2024\/04\/45-mostaza.jpg\",\"contentUrl\":\"https:\/\/keramamueblesdejardin.com\/wp-content\/uploads\/2024\/04\/45-mostaza.jpg\",\"width\":1200,\"height\":1200},{\"@type\":\"BreadcrumbList\",\"@id\":\"https:\/\/keramamueblesdejardin.com\/pt-pt\/lounges-ao-ar-livre\/mesas-laterais-do-jardim\/mesa-lateral-jardim-45x45-madeira-e-ceramica-mostarda-ceramik\/#breadcrumb\",\"itemListElement\":[{\"@type\":\"ListItem\",\"position\":1,\"name\":\"Home\",\"item\":\"https:\/\/keramamueblesdejardin.com\/pt-pt\/\"},{\"@type\":\"ListItem\",\"position\":2,\"name\":\"Tienda\",\"item\":\"https:\/\/keramamueblesdejardin.com\/pt-pt\/tienda-2\/\"},{\"@type\":\"ListItem\",\"position\":3,\"name\":\"Lounges ao ar livre\",\"item\":\"https:\/\/keramamueblesdejardin.com\/pt-pt\/lounges-ao-ar-livre\/\"},{\"@type\":\"ListItem\",\"position\":4,\"name\":\"Mesas laterais do jardim\",\"item\":\"https:\/\/keramamueblesdejardin.com\/pt-pt\/lounges-ao-ar-livre\/mesas-laterais-do-jardim\/\"},{\"@type\":\"ListItem\",\"position\":5,\"name\":\"Mesinha de jardim 45&#215;45 em madeira e mostarda cer\u00e2mica &#8211; Ceramik\"}]},{\"@type\":\"WebSite\",\"@id\":\"https:\/\/keramamueblesdejardin.com\/pt-pt\/#website\",\"url\":\"https:\/\/keramamueblesdejardin.com\/pt-pt\/\",\"name\":\"Kerama\",\"description\":\"muebles de jard\u00edn\",\"publisher\":{\"@id\":\"https:\/\/keramamueblesdejardin.com\/pt-pt\/#organization\"},\"potentialAction\":[{\"@type\":\"SearchAction\",\"target\":{\"@type\":\"EntryPoint\",\"urlTemplate\":\"https:\/\/keramamueblesdejardin.com\/pt-pt\/?s={search_term_string}\"},\"query-input\":{\"@type\":\"PropertyValueSpecification\",\"valueRequired\":true,\"valueName\":\"search_term_string\"}}],\"inLanguage\":\"pt-PT\"},{\"@type\":\"Organization\",\"@id\":\"https:\/\/keramamueblesdejardin.com\/pt-pt\/#organization\",\"name\":\"kerama\",\"url\":\"https:\/\/keramamueblesdejardin.com\/pt-pt\/\",\"logo\":{\"@type\":\"ImageObject\",\"inLanguage\":\"pt-PT\",\"@id\":\"https:\/\/keramamueblesdejardin.com\/pt-pt\/#\/schema\/logo\/image\/\",\"url\":\"https:\/\/keramamueblesdejardin.com\/wp-content\/uploads\/2020\/12\/k.-scaled.jpg\",\"contentUrl\":\"https:\/\/keramamueblesdejardin.com\/wp-content\/uploads\/2020\/12\/k.-scaled.jpg\",\"width\":2560,\"height\":551,\"caption\":\"kerama\"},\"image\":{\"@id\":\"https:\/\/keramamueblesdejardin.com\/pt-pt\/#\/schema\/logo\/image\/\"},\"sameAs\":[\"https:\/\/www.facebook.com\/Kerama-Muebles-de-Jard\u00edn-106209328312568\/\"]}]}<\/script>\n<!-- \/ Yoast SEO plugin. -->","yoast_head_json":{"title":"Mesinha de jardim 45x45 em madeira e mostarda cer\u00e2mica - Ceramik - Kerama","robots":{"index":"index","follow":"follow","max-snippet":"max-snippet:-1","max-image-preview":"max-image-preview:large","max-video-preview":"max-video-preview:-1"},"canonical":"https:\/\/keramamueblesdejardin.com\/pt-pt\/lounges-ao-ar-livre\/mesas-laterais-do-jardim\/mesa-lateral-jardim-45x45-madeira-e-ceramica-mostarda-ceramik\/","og_locale":"pt_PT","og_type":"article","og_title":"Mesinha de jardim 45x45 em madeira e mostarda cer\u00e2mica - Ceramik - Kerama","og_description":"Dimens\u00f5es: 45x45x45 cm  Feito de madeira de ac\u00e1cia certificada FSC.  Cer\u00e2mica vidrada cor mostarda 20x20  Acabamento em madeira de cor clara","og_url":"https:\/\/keramamueblesdejardin.com\/pt-pt\/lounges-ao-ar-livre\/mesas-laterais-do-jardim\/mesa-lateral-jardim-45x45-madeira-e-ceramica-mostarda-ceramik\/","og_site_name":"Kerama","article_publisher":"https:\/\/www.facebook.com\/Kerama-Muebles-de-Jard%c3%adn-106209328312568\/","article_modified_time":"2025-01-30T08:03:13+00:00","og_image":[{"width":1200,"height":1200,"url":"https:\/\/keramamueblesdejardin.com\/wp-content\/uploads\/2024\/04\/45-mostaza.jpg","type":"image\/jpeg"}],"twitter_card":"summary_large_image","twitter_misc":{"Tempo estimado de leitura":"1 minuto"},"schema":{"@context":"https:\/\/schema.org","@graph":[{"@type":"WebPage","@id":"https:\/\/keramamueblesdejardin.com\/pt-pt\/lounges-ao-ar-livre\/mesas-laterais-do-jardim\/mesa-lateral-jardim-45x45-madeira-e-ceramica-mostarda-ceramik\/","url":"https:\/\/keramamueblesdejardin.com\/pt-pt\/lounges-ao-ar-livre\/mesas-laterais-do-jardim\/mesa-lateral-jardim-45x45-madeira-e-ceramica-mostarda-ceramik\/","name":"Mesinha de jardim 45x45 em madeira e mostarda cer\u00e2mica - Ceramik - Kerama","isPartOf":{"@id":"https:\/\/keramamueblesdejardin.com\/pt-pt\/#website"},"primaryImageOfPage":{"@id":"https:\/\/keramamueblesdejardin.com\/pt-pt\/lounges-ao-ar-livre\/mesas-laterais-do-jardim\/mesa-lateral-jardim-45x45-madeira-e-ceramica-mostarda-ceramik\/#primaryimage"},"image":{"@id":"https:\/\/keramamueblesdejardin.com\/pt-pt\/lounges-ao-ar-livre\/mesas-laterais-do-jardim\/mesa-lateral-jardim-45x45-madeira-e-ceramica-mostarda-ceramik\/#primaryimage"},"thumbnailUrl":"https:\/\/keramamueblesdejardin.com\/wp-content\/uploads\/2024\/04\/45-mostaza.jpg","datePublished":"2024-04-02T14:08:04+00:00","dateModified":"2025-01-30T08:03:13+00:00","breadcrumb":{"@id":"https:\/\/keramamueblesdejardin.com\/pt-pt\/lounges-ao-ar-livre\/mesas-laterais-do-jardim\/mesa-lateral-jardim-45x45-madeira-e-ceramica-mostarda-ceramik\/#breadcrumb"},"inLanguage":"pt-PT","potentialAction":[{"@type":"ReadAction","target":["https:\/\/keramamueblesdejardin.com\/pt-pt\/lounges-ao-ar-livre\/mesas-laterais-do-jardim\/mesa-lateral-jardim-45x45-madeira-e-ceramica-mostarda-ceramik\/"]}]},{"@type":"ImageObject","inLanguage":"pt-PT","@id":"https:\/\/keramamueblesdejardin.com\/pt-pt\/lounges-ao-ar-livre\/mesas-laterais-do-jardim\/mesa-lateral-jardim-45x45-madeira-e-ceramica-mostarda-ceramik\/#primaryimage","url":"https:\/\/keramamueblesdejardin.com\/wp-content\/uploads\/2024\/04\/45-mostaza.jpg","contentUrl":"https:\/\/keramamueblesdejardin.com\/wp-content\/uploads\/2024\/04\/45-mostaza.jpg","width":1200,"height":1200},{"@type":"BreadcrumbList","@id":"https:\/\/keramamueblesdejardin.com\/pt-pt\/lounges-ao-ar-livre\/mesas-laterais-do-jardim\/mesa-lateral-jardim-45x45-madeira-e-ceramica-mostarda-ceramik\/#breadcrumb","itemListElement":[{"@type":"ListItem","position":1,"name":"Home","item":"https:\/\/keramamueblesdejardin.com\/pt-pt\/"},{"@type":"ListItem","position":2,"name":"Tienda","item":"https:\/\/keramamueblesdejardin.com\/pt-pt\/tienda-2\/"},{"@type":"ListItem","position":3,"name":"Lounges ao ar livre","item":"https:\/\/keramamueblesdejardin.com\/pt-pt\/lounges-ao-ar-livre\/"},{"@type":"ListItem","position":4,"name":"Mesas laterais do jardim","item":"https:\/\/keramamueblesdejardin.com\/pt-pt\/lounges-ao-ar-livre\/mesas-laterais-do-jardim\/"},{"@type":"ListItem","position":5,"name":"Mesinha de jardim 45&#215;45 em madeira e mostarda cer\u00e2mica &#8211; Ceramik"}]},{"@type":"WebSite","@id":"https:\/\/keramamueblesdejardin.com\/pt-pt\/#website","url":"https:\/\/keramamueblesdejardin.com\/pt-pt\/","name":"Kerama","description":"muebles de jard\u00edn","publisher":{"@id":"https:\/\/keramamueblesdejardin.com\/pt-pt\/#organization"},"potentialAction":[{"@type":"SearchAction","target":{"@type":"EntryPoint","urlTemplate":"https:\/\/keramamueblesdejardin.com\/pt-pt\/?s={search_term_string}"},"query-input":{"@type":"PropertyValueSpecification","valueRequired":true,"valueName":"search_term_string"}}],"inLanguage":"pt-PT"},{"@type":"Organization","@id":"https:\/\/keramamueblesdejardin.com\/pt-pt\/#organization","name":"kerama","url":"https:\/\/keramamueblesdejardin.com\/pt-pt\/","logo":{"@type":"ImageObject","inLanguage":"pt-PT","@id":"https:\/\/keramamueblesdejardin.com\/pt-pt\/#\/schema\/logo\/image\/","url":"https:\/\/keramamueblesdejardin.com\/wp-content\/uploads\/2020\/12\/k.-scaled.jpg","contentUrl":"https:\/\/keramamueblesdejardin.com\/wp-content\/uploads\/2020\/12\/k.-scaled.jpg","width":2560,"height":551,"caption":"kerama"},"image":{"@id":"https:\/\/keramamueblesdejardin.com\/pt-pt\/#\/schema\/logo\/image\/"},"sameAs":["https:\/\/www.facebook.com\/Kerama-Muebles-de-Jard\u00edn-106209328312568\/"]}]}},"df_price":129,"df_sale_price":129,"df_regular_price":161,"df_image_link":"https:\/\/keramamueblesdejardin.com\/wp-content\/uploads\/2024\/04\/45-mostaza-300x300.jpg","custom_tabs":[{"title":"MEDI\u00c7\u00c3O","id":"medi\u00e7\u00e3o","content":"<div class=\"list\">\n<div class=\"list\" style=\"color: #282828;\"><strong style=\"font-weight: bold;\">Altura: <\/strong>mesa 45cm<\/div>\n<div class=\"list\" style=\"color: #282828;\"><strong style=\"font-weight: bold;\">Largura: <\/strong>mesa 45cm<\/div>\n<div class=\"list\" style=\"color: #282828;\"><strong style=\"font-weight: bold;\">Profundidade: <\/strong>mesa 45cm<\/div>\n<\/div>"},{"title":"DESEMBALAR E ASSEMBL\u00c9IA","id":"desembalar-e-assembleia","content":"<div class=\"list\"><strong style=\"font-weight: bold; color: #282828;\">Recomenda\u00e7\u00f5es para desempacotar:<\/strong><span style=\"color: #282828;\"> N\u00e3o utilizar ferramentas afiadas ao desembalar o mobili\u00e1rio, pois isso pode causar danos.<\/span><br style=\"color: #282828;\"><strong style=\"font-weight: bold; color: #282828;\">Montagem necess\u00e1ria (S\/N):<\/strong><span style=\"color: #282828;\"> Sim<\/span><br style=\"color: #282828;\"><strong style=\"font-weight: bold; color: #282828;\">Dificuldade de montagem:<\/strong><span style=\"color: #282828;\"> Baixo<\/span><br style=\"color: #282828;\"><strong style=\"font-weight: bold; color: #282828;\">Tempo de montagem:<\/strong> <span style=\"color: #282828;\">20 minutos<\/span><br style=\"color: #282828;\"><strong style=\"font-weight: bold; color: #282828;\">Pessoas recomendadas para a montagem:<\/strong><span style=\"color: #282828;\"> 2<\/span><\/div>"},{"title":"MANUTEN\u00c7\u00c3O E GARANTIAS","id":"manutencao-e-garantias","content":"<strong>Recomenda\u00e7\u00f5es gerais:<\/strong>\n\u2022 Avarias ou danos causados por:\n\u2022 Causas acidentais como quedas, golpes, derrame de l\u00edquidos, introdu\u00e7\u00e3o de corpos estranhos, bem como qualquer outro caso de for\u00e7a maior.\n\u2022 Utiliza\u00e7\u00e3o negligente, impr\u00f3pria ou n\u00e3o dom\u00e9stica.\n\u2022 Danos, corros\u00e3o e\/ou oxida\u00e7\u00e3o acelerados por condi\u00e7\u00f5es ambientais adversas\n\u2022 Manchas e descolora\u00e7\u00f5es devido ao n\u00e3o respeito dos nossos slogans de limpeza\n\u2022 Os danos ocorreram durante a montagem e o manuseamento sem ter seguido as instru\u00e7\u00f5es de montagem indicadas.\n<strong>Instru\u00e7\u00f5es de utiliza\u00e7\u00e3o e manuten\u00e7\u00e3o:<\/strong>\n\u2022 Limpe com a ajuda de um pano suavemente ou utilize um sab\u00e3o l\u00edquido neutro, enxaguando com muita \u00e1gua.\n\u2022 Retire regularmente o p\u00f3 com a ajuda de um pano macio e \u00e1gua l\u00edmpia.\n\u2022 N\u00e3o utilize detergentes ou produtos abrasivos para a limpeza.\n\u2022 Tratamento com \u00f3leo de linha\u00e7a: Antes de aplicar uma camada de \u00f3leo de linho no produto no seu estado natural, \u00e9 conveniente deix\u00e1-lo l\u00e1 fora durante 2 ou 3 semanas, de modo a ter uma apar\u00eancia homog\u00e9nea e arej\u00e1-lo. Limpe com \u00e1gua limpa com uma escova e deixe secar. Uma vez bem seco, deve ser lixado com uma folha de lixa de peso entre 120 e 150 cuidadosamente e sem apertar, seguindo, na medida do poss\u00edvel, a dire\u00e7\u00e3o das veias; esta opera\u00e7\u00e3o nunca \u00e9 realizada nas primeiras horas do dia.\nPara manter a cor \u00e9 aconselh\u00e1vel repetir o processo uma ou duas vezes por ano.\nSe o \u00f3leo de linho j\u00e1 tiver sido aplicado no mobili\u00e1rio, \u00e9 conveniente lix\u00e1-lo de tr\u00eas em tr\u00eas anos para que as sucessivas camadas de \u00f3leo n\u00e3o impe\u00e7am a transpira\u00e7\u00e3o da madeira.\n<strong>Anos de garantia:<\/strong> 3 anos\n<strong>Fabricado de acordo com a Norma:<\/strong> 581-1.581-2.581-3\n<strong>Certificado FSC (S\/N):<\/strong> Sim"}],"_links":{"self":[{"href":"https:\/\/keramamueblesdejardin.com\/pt-pt\/wp-json\/wp\/v2\/product\/154734","targetHints":{"allow":["GET"]}}],"collection":[{"href":"https:\/\/keramamueblesdejardin.com\/pt-pt\/wp-json\/wp\/v2\/product"}],"about":[{"href":"https:\/\/keramamueblesdejardin.com\/pt-pt\/wp-json\/wp\/v2\/types\/product"}],"replies":[{"embeddable":true,"href":"https:\/\/keramamueblesdejardin.com\/pt-pt\/wp-json\/wp\/v2\/comments?post=154734"}],"wp:featuredmedia":[{"embeddable":true,"href":"https:\/\/keramamueblesdejardin.com\/pt-pt\/wp-json\/wp\/v2\/media\/151549"}],"wp:attachment":[{"href":"https:\/\/keramamueblesdejardin.com\/pt-pt\/wp-json\/wp\/v2\/media?parent=154734"}],"wp:term":[{"taxonomy":"product_brand","embeddable":true,"href":"https:\/\/keramamueblesdejardin.com\/pt-pt\/wp-json\/wp\/v2\/product_brand?post=154734"},{"taxonomy":"product_cat","embeddable":true,"href":"https:\/\/keramamueblesdejardin.com\/pt-pt\/wp-json\/wp\/v2\/product_cat?post=154734"},{"taxonomy":"product_tag","embeddable":true,"href":"https:\/\/keramamueblesdejardin.com\/pt-pt\/wp-json\/wp\/v2\/product_tag?post=154734"}],"curies":[{"name":"wp","href":"https:\/\/api.w.org\/{rel}","templated":true}]}}