{"id":154575,"date":"2024-04-02T16:09:36","date_gmt":"2024-04-02T14:09:36","guid":{"rendered":"https:\/\/keramamueblesdejardin.com\/sem%20categoria\/conjunto-de-jantar-de-jardim-6-lugares-mesa-de-ceramica-terracota-168x87-ceramik-riviera\/"},"modified":"2025-01-28T10:04:54","modified_gmt":"2025-01-28T09:04:54","slug":"set-dining-garden-6-seater-table-ceramic-terracotta-168x87-ceramik-riviera","status":"publish","type":"product","link":"https:\/\/keramamueblesdejardin.com\/pt-pt\/salas-de-jantar-ao-ar-livre\/definir-mesa-e-cadeiras-jardim\/set-dining-garden-6-seater-table-ceramic-terracotta-168x87-ceramik-riviera\/","title":{"rendered":"Conjunto de jantar de jardim 6 lugares mesa de cer\u00e2mica terracota 168&#215;87 &#8211; Ceramik &amp; Riviera"},"content":{"rendered":"<p>Conjunto de mesa ao ar livre e 6 cadeiras Riviera. As mesas da fam\u00edlia Ceramik s\u00e3o feitas com uma estrutura robusta feita de madeira de ac\u00e1cia de cor clara e com um tampo cer\u00e2mico vidrado feito \u00e0 m\u00e3o com dimens\u00f5es de 20x20cm. As cer\u00e2micas artesanais fabricadas em Girona s\u00e3o a raz\u00e3o de ser da cole\u00e7\u00e3o Ceramik. A combina\u00e7\u00e3o de ambos os elementos resulta em pe\u00e7as \u00fanicas capazes de se encaixar em todos os tipos de estilos de decora\u00e7\u00e3o e vestir o seu terra\u00e7o ou jardim com gosto. As cadeiras Riviera s\u00e3o feitas de uma bela madeira de ac\u00e1cia em uma cor clara acompanhada por uma corda de poli\u00e9ster tran\u00e7ada \u00e0 m\u00e3o em bege por nossos artes\u00e3os e almofadas remov\u00edveis em bege imitando linho. Medidas: Tabela: 168x87x75cm, Cadeira: 58x66x75cm<\/p>\n","protected":false},"excerpt":{"rendered":"<ul>\n<li>Conjunto composto por uma mesa e 6 cadeiras de madeira e corda<\/li>\n<li>Tampo de mesa em cer\u00e2mica terracota<\/li>\n<li>Almofadas amov\u00edveis e lav\u00e1veis<\/li>\n<li>Dimens\u00f5es: Mesa: 168x87x75 cm e Cadeira: 58x66x75cm<\/li>\n<\/ul>\n","protected":false},"featured_media":149591,"comment_status":"closed","ping_status":"closed","template":"","meta":{"_acf_changed":false},"product_brand":[],"product_cat":[422,420],"product_tag":[2766,5252,429,458],"class_list":{"0":"post-154575","1":"product","2":"type-product","3":"status-publish","4":"has-post-thumbnail","6":"product_cat-definir-mesa-e-cadeiras-jardim","7":"product_cat-salas-de-jantar-ao-ar-livre","8":"product_tag-ceramica-pt-pt","9":"product_tag-ceramik-pt-pt","10":"product_tag-madeira-pt-pt","11":"product_tag-riviera-pt-pt","12":"product_shipping_class-envio-gratuito-pt-pt","13":"pa_alto-74-pt-pt","14":"pa_ancho-167-pt-pt","15":"pa_asientos-6-pt-pt","16":"pa_caracteristicas-coberturas-lavaveis","17":"pa_coleccion-ceramik-pt-pt","18":"pa_coleccion-riviera-pt-pt","19":"pa_espacio-4008-pt-pt","20":"pa_forma-retangular","21":"pa_largo-240-pt-pt","22":"pa_m2-4008-pt-pt","23":"pa_material-ceramica-pt-pt","24":"pa_material-cuerda-pt-pt","25":"pa_material-madera-pt-pt","26":"pa_tamano-espacio-grande-pt-pt-2","28":"first","29":"instock","30":"sale","31":"purchasable","32":"product-type-simple","33":"add-to-wishlist-before_image"},"acf":[],"yoast_head":"<!-- This site is optimized with the Yoast SEO plugin v27.4 - https:\/\/yoast.com\/product\/yoast-seo-wordpress\/ -->\n<title>Conjunto de jantar de jardim 6 lugares mesa de cer\u00e2mica terracota 168x87 - Ceramik &amp; Riviera - Kerama<\/title>\n<meta name=\"robots\" content=\"index, follow, max-snippet:-1, max-image-preview:large, max-video-preview:-1\" \/>\n<link rel=\"canonical\" href=\"https:\/\/keramamueblesdejardin.com\/pt-pt\/salas-de-jantar-ao-ar-livre\/definir-mesa-e-cadeiras-jardim\/set-dining-garden-6-seater-table-ceramic-terracotta-168x87-ceramik-riviera\/\" \/>\n<meta property=\"og:locale\" content=\"pt_PT\" \/>\n<meta property=\"og:type\" content=\"article\" \/>\n<meta property=\"og:title\" content=\"Conjunto de jantar de jardim 6 lugares mesa de cer\u00e2mica terracota 168x87 - Ceramik &amp; Riviera - Kerama\" \/>\n<meta property=\"og:description\" content=\"Conjunto composto por uma mesa e 6 cadeiras de madeira e corda  Tampo de mesa em cer\u00e2mica terracota  Almofadas amov\u00edveis e lav\u00e1veis  Dimens\u00f5es: Mesa: 168x87x75 cm e Cadeira: 58x66x75cm\" \/>\n<meta property=\"og:url\" content=\"https:\/\/keramamueblesdejardin.com\/pt-pt\/salas-de-jantar-ao-ar-livre\/definir-mesa-e-cadeiras-jardim\/set-dining-garden-6-seater-table-ceramic-terracotta-168x87-ceramik-riviera\/\" \/>\n<meta property=\"og:site_name\" content=\"Kerama\" \/>\n<meta property=\"article:publisher\" content=\"https:\/\/www.facebook.com\/Kerama-Muebles-de-Jard%c3%adn-106209328312568\/\" \/>\n<meta property=\"article:modified_time\" content=\"2025-01-28T09:04:54+00:00\" \/>\n<meta property=\"og:image\" content=\"https:\/\/keramamueblesdejardin.com\/wp-content\/uploads\/2024\/04\/168-6-Riviera-terracota.jpg\" \/>\n\t<meta property=\"og:image:width\" content=\"1200\" \/>\n\t<meta property=\"og:image:height\" content=\"1200\" \/>\n\t<meta property=\"og:image:type\" content=\"image\/jpeg\" \/>\n<meta name=\"twitter:card\" content=\"summary_large_image\" \/>\n<meta name=\"twitter:label1\" content=\"Tempo estimado de leitura\" \/>\n\t<meta name=\"twitter:data1\" content=\"1 minuto\" \/>\n<script type=\"application\/ld+json\" class=\"yoast-schema-graph\">{\"@context\":\"https:\\\/\\\/schema.org\",\"@graph\":[{\"@type\":\"WebPage\",\"@id\":\"https:\\\/\\\/keramamueblesdejardin.com\\\/pt-pt\\\/salas-de-jantar-ao-ar-livre\\\/definir-mesa-e-cadeiras-jardim\\\/set-dining-garden-6-seater-table-ceramic-terracotta-168x87-ceramik-riviera\\\/\",\"url\":\"https:\\\/\\\/keramamueblesdejardin.com\\\/pt-pt\\\/salas-de-jantar-ao-ar-livre\\\/definir-mesa-e-cadeiras-jardim\\\/set-dining-garden-6-seater-table-ceramic-terracotta-168x87-ceramik-riviera\\\/\",\"name\":\"Conjunto de jantar de jardim 6 lugares mesa de cer\u00e2mica terracota 168x87 - Ceramik &amp; Riviera - Kerama\",\"isPartOf\":{\"@id\":\"https:\\\/\\\/keramamueblesdejardin.com\\\/pt-pt\\\/#website\"},\"primaryImageOfPage\":{\"@id\":\"https:\\\/\\\/keramamueblesdejardin.com\\\/pt-pt\\\/salas-de-jantar-ao-ar-livre\\\/definir-mesa-e-cadeiras-jardim\\\/set-dining-garden-6-seater-table-ceramic-terracotta-168x87-ceramik-riviera\\\/#primaryimage\"},\"image\":{\"@id\":\"https:\\\/\\\/keramamueblesdejardin.com\\\/pt-pt\\\/salas-de-jantar-ao-ar-livre\\\/definir-mesa-e-cadeiras-jardim\\\/set-dining-garden-6-seater-table-ceramic-terracotta-168x87-ceramik-riviera\\\/#primaryimage\"},\"thumbnailUrl\":\"https:\\\/\\\/keramamueblesdejardin.com\\\/wp-content\\\/uploads\\\/2024\\\/04\\\/168-6-Riviera-terracota.jpg\",\"datePublished\":\"2024-04-02T14:09:36+00:00\",\"dateModified\":\"2025-01-28T09:04:54+00:00\",\"breadcrumb\":{\"@id\":\"https:\\\/\\\/keramamueblesdejardin.com\\\/pt-pt\\\/salas-de-jantar-ao-ar-livre\\\/definir-mesa-e-cadeiras-jardim\\\/set-dining-garden-6-seater-table-ceramic-terracotta-168x87-ceramik-riviera\\\/#breadcrumb\"},\"inLanguage\":\"pt-PT\",\"potentialAction\":[{\"@type\":\"ReadAction\",\"target\":[\"https:\\\/\\\/keramamueblesdejardin.com\\\/pt-pt\\\/salas-de-jantar-ao-ar-livre\\\/definir-mesa-e-cadeiras-jardim\\\/set-dining-garden-6-seater-table-ceramic-terracotta-168x87-ceramik-riviera\\\/\"]}]},{\"@type\":\"ImageObject\",\"inLanguage\":\"pt-PT\",\"@id\":\"https:\\\/\\\/keramamueblesdejardin.com\\\/pt-pt\\\/salas-de-jantar-ao-ar-livre\\\/definir-mesa-e-cadeiras-jardim\\\/set-dining-garden-6-seater-table-ceramic-terracotta-168x87-ceramik-riviera\\\/#primaryimage\",\"url\":\"https:\\\/\\\/keramamueblesdejardin.com\\\/wp-content\\\/uploads\\\/2024\\\/04\\\/168-6-Riviera-terracota.jpg\",\"contentUrl\":\"https:\\\/\\\/keramamueblesdejardin.com\\\/wp-content\\\/uploads\\\/2024\\\/04\\\/168-6-Riviera-terracota.jpg\",\"width\":1200,\"height\":1200},{\"@type\":\"BreadcrumbList\",\"@id\":\"https:\\\/\\\/keramamueblesdejardin.com\\\/pt-pt\\\/salas-de-jantar-ao-ar-livre\\\/definir-mesa-e-cadeiras-jardim\\\/set-dining-garden-6-seater-table-ceramic-terracotta-168x87-ceramik-riviera\\\/#breadcrumb\",\"itemListElement\":[{\"@type\":\"ListItem\",\"position\":1,\"name\":\"Home\",\"item\":\"https:\\\/\\\/keramamueblesdejardin.com\\\/pt-pt\\\/\"},{\"@type\":\"ListItem\",\"position\":2,\"name\":\"Tienda\",\"item\":\"https:\\\/\\\/keramamueblesdejardin.com\\\/pt-pt\\\/tienda-2\\\/\"},{\"@type\":\"ListItem\",\"position\":3,\"name\":\"Salas de jantar ao ar livre\",\"item\":\"https:\\\/\\\/keramamueblesdejardin.com\\\/pt-pt\\\/salas-de-jantar-ao-ar-livre\\\/\"},{\"@type\":\"ListItem\",\"position\":4,\"name\":\"Definir mesa e cadeiras jardim\",\"item\":\"https:\\\/\\\/keramamueblesdejardin.com\\\/pt-pt\\\/salas-de-jantar-ao-ar-livre\\\/definir-mesa-e-cadeiras-jardim\\\/\"},{\"@type\":\"ListItem\",\"position\":5,\"name\":\"Conjunto de jantar de jardim 6 lugares mesa de cer\u00e2mica terracota 168&#215;87 &#8211; Ceramik &amp; Riviera\"}]},{\"@type\":\"WebSite\",\"@id\":\"https:\\\/\\\/keramamueblesdejardin.com\\\/pt-pt\\\/#website\",\"url\":\"https:\\\/\\\/keramamueblesdejardin.com\\\/pt-pt\\\/\",\"name\":\"Kerama\",\"description\":\"muebles de jard\u00edn\",\"publisher\":{\"@id\":\"https:\\\/\\\/keramamueblesdejardin.com\\\/pt-pt\\\/#organization\"},\"potentialAction\":[{\"@type\":\"SearchAction\",\"target\":{\"@type\":\"EntryPoint\",\"urlTemplate\":\"https:\\\/\\\/keramamueblesdejardin.com\\\/pt-pt\\\/?s={search_term_string}\"},\"query-input\":{\"@type\":\"PropertyValueSpecification\",\"valueRequired\":true,\"valueName\":\"search_term_string\"}}],\"inLanguage\":\"pt-PT\"},{\"@type\":\"Organization\",\"@id\":\"https:\\\/\\\/keramamueblesdejardin.com\\\/pt-pt\\\/#organization\",\"name\":\"kerama\",\"url\":\"https:\\\/\\\/keramamueblesdejardin.com\\\/pt-pt\\\/\",\"logo\":{\"@type\":\"ImageObject\",\"inLanguage\":\"pt-PT\",\"@id\":\"https:\\\/\\\/keramamueblesdejardin.com\\\/pt-pt\\\/#\\\/schema\\\/logo\\\/image\\\/\",\"url\":\"https:\\\/\\\/keramamueblesdejardin.com\\\/wp-content\\\/uploads\\\/2020\\\/12\\\/k.-scaled.jpg\",\"contentUrl\":\"https:\\\/\\\/keramamueblesdejardin.com\\\/wp-content\\\/uploads\\\/2020\\\/12\\\/k.-scaled.jpg\",\"width\":2560,\"height\":551,\"caption\":\"kerama\"},\"image\":{\"@id\":\"https:\\\/\\\/keramamueblesdejardin.com\\\/pt-pt\\\/#\\\/schema\\\/logo\\\/image\\\/\"},\"sameAs\":[\"https:\\\/\\\/www.facebook.com\\\/Kerama-Muebles-de-Jard\u00edn-106209328312568\\\/\"]}]}<\/script>\n<!-- \/ Yoast SEO plugin. -->","yoast_head_json":{"title":"Conjunto de jantar de jardim 6 lugares mesa de cer\u00e2mica terracota 168x87 - Ceramik &amp; Riviera - Kerama","robots":{"index":"index","follow":"follow","max-snippet":"max-snippet:-1","max-image-preview":"max-image-preview:large","max-video-preview":"max-video-preview:-1"},"canonical":"https:\/\/keramamueblesdejardin.com\/pt-pt\/salas-de-jantar-ao-ar-livre\/definir-mesa-e-cadeiras-jardim\/set-dining-garden-6-seater-table-ceramic-terracotta-168x87-ceramik-riviera\/","og_locale":"pt_PT","og_type":"article","og_title":"Conjunto de jantar de jardim 6 lugares mesa de cer\u00e2mica terracota 168x87 - Ceramik &amp; Riviera - Kerama","og_description":"Conjunto composto por uma mesa e 6 cadeiras de madeira e corda  Tampo de mesa em cer\u00e2mica terracota  Almofadas amov\u00edveis e lav\u00e1veis  Dimens\u00f5es: Mesa: 168x87x75 cm e Cadeira: 58x66x75cm","og_url":"https:\/\/keramamueblesdejardin.com\/pt-pt\/salas-de-jantar-ao-ar-livre\/definir-mesa-e-cadeiras-jardim\/set-dining-garden-6-seater-table-ceramic-terracotta-168x87-ceramik-riviera\/","og_site_name":"Kerama","article_publisher":"https:\/\/www.facebook.com\/Kerama-Muebles-de-Jard%c3%adn-106209328312568\/","article_modified_time":"2025-01-28T09:04:54+00:00","og_image":[{"width":1200,"height":1200,"url":"https:\/\/keramamueblesdejardin.com\/wp-content\/uploads\/2024\/04\/168-6-Riviera-terracota.jpg","type":"image\/jpeg"}],"twitter_card":"summary_large_image","twitter_misc":{"Tempo estimado de leitura":"1 minuto"},"schema":{"@context":"https:\/\/schema.org","@graph":[{"@type":"WebPage","@id":"https:\/\/keramamueblesdejardin.com\/pt-pt\/salas-de-jantar-ao-ar-livre\/definir-mesa-e-cadeiras-jardim\/set-dining-garden-6-seater-table-ceramic-terracotta-168x87-ceramik-riviera\/","url":"https:\/\/keramamueblesdejardin.com\/pt-pt\/salas-de-jantar-ao-ar-livre\/definir-mesa-e-cadeiras-jardim\/set-dining-garden-6-seater-table-ceramic-terracotta-168x87-ceramik-riviera\/","name":"Conjunto de jantar de jardim 6 lugares mesa de cer\u00e2mica terracota 168x87 - Ceramik &amp; Riviera - Kerama","isPartOf":{"@id":"https:\/\/keramamueblesdejardin.com\/pt-pt\/#website"},"primaryImageOfPage":{"@id":"https:\/\/keramamueblesdejardin.com\/pt-pt\/salas-de-jantar-ao-ar-livre\/definir-mesa-e-cadeiras-jardim\/set-dining-garden-6-seater-table-ceramic-terracotta-168x87-ceramik-riviera\/#primaryimage"},"image":{"@id":"https:\/\/keramamueblesdejardin.com\/pt-pt\/salas-de-jantar-ao-ar-livre\/definir-mesa-e-cadeiras-jardim\/set-dining-garden-6-seater-table-ceramic-terracotta-168x87-ceramik-riviera\/#primaryimage"},"thumbnailUrl":"https:\/\/keramamueblesdejardin.com\/wp-content\/uploads\/2024\/04\/168-6-Riviera-terracota.jpg","datePublished":"2024-04-02T14:09:36+00:00","dateModified":"2025-01-28T09:04:54+00:00","breadcrumb":{"@id":"https:\/\/keramamueblesdejardin.com\/pt-pt\/salas-de-jantar-ao-ar-livre\/definir-mesa-e-cadeiras-jardim\/set-dining-garden-6-seater-table-ceramic-terracotta-168x87-ceramik-riviera\/#breadcrumb"},"inLanguage":"pt-PT","potentialAction":[{"@type":"ReadAction","target":["https:\/\/keramamueblesdejardin.com\/pt-pt\/salas-de-jantar-ao-ar-livre\/definir-mesa-e-cadeiras-jardim\/set-dining-garden-6-seater-table-ceramic-terracotta-168x87-ceramik-riviera\/"]}]},{"@type":"ImageObject","inLanguage":"pt-PT","@id":"https:\/\/keramamueblesdejardin.com\/pt-pt\/salas-de-jantar-ao-ar-livre\/definir-mesa-e-cadeiras-jardim\/set-dining-garden-6-seater-table-ceramic-terracotta-168x87-ceramik-riviera\/#primaryimage","url":"https:\/\/keramamueblesdejardin.com\/wp-content\/uploads\/2024\/04\/168-6-Riviera-terracota.jpg","contentUrl":"https:\/\/keramamueblesdejardin.com\/wp-content\/uploads\/2024\/04\/168-6-Riviera-terracota.jpg","width":1200,"height":1200},{"@type":"BreadcrumbList","@id":"https:\/\/keramamueblesdejardin.com\/pt-pt\/salas-de-jantar-ao-ar-livre\/definir-mesa-e-cadeiras-jardim\/set-dining-garden-6-seater-table-ceramic-terracotta-168x87-ceramik-riviera\/#breadcrumb","itemListElement":[{"@type":"ListItem","position":1,"name":"Home","item":"https:\/\/keramamueblesdejardin.com\/pt-pt\/"},{"@type":"ListItem","position":2,"name":"Tienda","item":"https:\/\/keramamueblesdejardin.com\/pt-pt\/tienda-2\/"},{"@type":"ListItem","position":3,"name":"Salas de jantar ao ar livre","item":"https:\/\/keramamueblesdejardin.com\/pt-pt\/salas-de-jantar-ao-ar-livre\/"},{"@type":"ListItem","position":4,"name":"Definir mesa e cadeiras jardim","item":"https:\/\/keramamueblesdejardin.com\/pt-pt\/salas-de-jantar-ao-ar-livre\/definir-mesa-e-cadeiras-jardim\/"},{"@type":"ListItem","position":5,"name":"Conjunto de jantar de jardim 6 lugares mesa de cer\u00e2mica terracota 168&#215;87 &#8211; Ceramik &amp; Riviera"}]},{"@type":"WebSite","@id":"https:\/\/keramamueblesdejardin.com\/pt-pt\/#website","url":"https:\/\/keramamueblesdejardin.com\/pt-pt\/","name":"Kerama","description":"muebles de jard\u00edn","publisher":{"@id":"https:\/\/keramamueblesdejardin.com\/pt-pt\/#organization"},"potentialAction":[{"@type":"SearchAction","target":{"@type":"EntryPoint","urlTemplate":"https:\/\/keramamueblesdejardin.com\/pt-pt\/?s={search_term_string}"},"query-input":{"@type":"PropertyValueSpecification","valueRequired":true,"valueName":"search_term_string"}}],"inLanguage":"pt-PT"},{"@type":"Organization","@id":"https:\/\/keramamueblesdejardin.com\/pt-pt\/#organization","name":"kerama","url":"https:\/\/keramamueblesdejardin.com\/pt-pt\/","logo":{"@type":"ImageObject","inLanguage":"pt-PT","@id":"https:\/\/keramamueblesdejardin.com\/pt-pt\/#\/schema\/logo\/image\/","url":"https:\/\/keramamueblesdejardin.com\/wp-content\/uploads\/2020\/12\/k.-scaled.jpg","contentUrl":"https:\/\/keramamueblesdejardin.com\/wp-content\/uploads\/2020\/12\/k.-scaled.jpg","width":2560,"height":551,"caption":"kerama"},"image":{"@id":"https:\/\/keramamueblesdejardin.com\/pt-pt\/#\/schema\/logo\/image\/"},"sameAs":["https:\/\/www.facebook.com\/Kerama-Muebles-de-Jard\u00edn-106209328312568\/"]}]}},"df_price":1739,"df_sale_price":1739,"df_regular_price":2065,"df_image_link":"https:\/\/keramamueblesdejardin.com\/wp-content\/uploads\/2024\/04\/168-6-Riviera-terracota-300x300.jpg","custom_tabs":[{"title":"MEDI\u00c7\u00c3O","id":"medi\u00e7\u00e3o","content":"<div class=\"list\"><strong style=\"font-weight: bold; color: #282828;\">Altura:<\/strong><span style=\"color: #282828;\"> Cadeira 75 cm \/ Mesa 75 cm<\/span><br style=\"color: #282828;\"><strong style=\"font-weight: bold; color: #282828;\">Largura:<\/strong><span style=\"color: #282828;\"> Cadeira 58 cm \/ Mesa 168 cm<\/span><br style=\"color: #282828;\"><strong style=\"font-weight: bold; color: #282828;\">Fundo<\/strong><span style=\"color: #282828;\">: Cadeira 66 cm \/ Mesa 87 cm<\/span><br style=\"color: #282828;\">Profundidade do assento sem almofada: 71cm<br style=\"color: #282828;\">Profundidade do assento com almofada: 51cm<br style=\"color: #282828;\">Altura do assento: 45cm<\/div>"},{"title":"DESEMBALAR E ASSEMBL\u00c9IA","id":"desembalar-e-assembleia","content":"<div class=\"list\"><strong style=\"font-weight: bold; color: #282828;\">Recomenda\u00e7\u00f5es para desempacotar:<\/strong><span style=\"color: #282828;\"> N\u00e3o utilizar ferramentas afiadas ao desembalar o mobili\u00e1rio, pois isso pode causar danos.<\/span><br style=\"color: #282828;\"><strong style=\"font-weight: bold; color: #282828;\">Montagem necess\u00e1ria (S\/N):<\/strong><span style=\"color: #282828;\"> Sim<\/span><br style=\"color: #282828;\"><strong style=\"font-weight: bold; color: #282828;\">Dificuldade de montagem:<\/strong><span style=\"color: #282828;\"> Baixo<\/span><br style=\"color: #282828;\"><strong style=\"font-weight: bold; color: #282828;\">Tempo de montagem:<\/strong><span style=\"color: #282828;\"> 60 minutos<\/span><br style=\"color: #282828;\"><strong style=\"font-weight: bold; color: #282828;\">Pessoas recomendadas para a montagem:<\/strong><span style=\"color: #282828;\"> 2<\/span><br style=\"color: #282828;\"><strong style=\"font-weight: bold; color: #282828;\">Sugest\u00f5es da assembleia:<\/strong><span style=\"color: #282828;\">  Preparar uma \u00e1rea de montagem limpa e seca, verificar se nenhuma das pe\u00e7as listadas no manual est\u00e1 em falta. Recomendamos o uso de luvas adequadas para a montagem. Utilize apenas pe\u00e7as e hardware fornecidos.<\/span><\/div>"}],"_links":{"self":[{"href":"https:\/\/keramamueblesdejardin.com\/pt-pt\/wp-json\/wp\/v2\/product\/154575","targetHints":{"allow":["GET"]}}],"collection":[{"href":"https:\/\/keramamueblesdejardin.com\/pt-pt\/wp-json\/wp\/v2\/product"}],"about":[{"href":"https:\/\/keramamueblesdejardin.com\/pt-pt\/wp-json\/wp\/v2\/types\/product"}],"replies":[{"embeddable":true,"href":"https:\/\/keramamueblesdejardin.com\/pt-pt\/wp-json\/wp\/v2\/comments?post=154575"}],"wp:featuredmedia":[{"embeddable":true,"href":"https:\/\/keramamueblesdejardin.com\/pt-pt\/wp-json\/wp\/v2\/media\/149591"}],"wp:attachment":[{"href":"https:\/\/keramamueblesdejardin.com\/pt-pt\/wp-json\/wp\/v2\/media?parent=154575"}],"wp:term":[{"taxonomy":"product_brand","embeddable":true,"href":"https:\/\/keramamueblesdejardin.com\/pt-pt\/wp-json\/wp\/v2\/product_brand?post=154575"},{"taxonomy":"product_cat","embeddable":true,"href":"https:\/\/keramamueblesdejardin.com\/pt-pt\/wp-json\/wp\/v2\/product_cat?post=154575"},{"taxonomy":"product_tag","embeddable":true,"href":"https:\/\/keramamueblesdejardin.com\/pt-pt\/wp-json\/wp\/v2\/product_tag?post=154575"}],"curies":[{"name":"wp","href":"https:\/\/api.w.org\/{rel}","templated":true}]}}