{"id":154499,"date":"2024-04-02T16:09:54","date_gmt":"2024-04-02T14:09:54","guid":{"rendered":"https:\/\/keramamueblesdejardin.com\/sem%20categoria\/conjunto-de-jantar-de-jardim-6-lugares-mesa-de-ceramica-de-terracota-168x87-ceramik-sicilia\/"},"modified":"2025-01-28T10:00:27","modified_gmt":"2025-01-28T09:00:27","slug":"set-dining-garden-6-seater-table-ceramic-terracotta-168x87-ceramik-sicilia","status":"publish","type":"product","link":"https:\/\/keramamueblesdejardin.com\/pt-pt\/salas-de-jantar-ao-ar-livre\/definir-mesa-e-cadeiras-jardim\/set-dining-garden-6-seater-table-ceramic-terracotta-168x87-ceramik-sicilia\/","title":{"rendered":"Conjunto de jantar de jardim 6 lugares mesa de cer\u00e2mica de terracota 168&#215;87 &#8211; Ceramik &amp; Sicilia"},"content":{"rendered":"<p>Conjunto de mesa ao ar livre e 6 cadeiras da cole\u00e7\u00e3o Sicilia. As mesas da fam\u00edlia Ceramik s\u00e3o feitas com uma estrutura robusta feita de madeira de ac\u00e1cia de cor clara e com um tampo cer\u00e2mico vidrado feito \u00e0 m\u00e3o com dimens\u00f5es de 20x20cm. As cer\u00e2micas artesanais, fabricadas em Girona, s\u00e3o a raz\u00e3o de ser da cole\u00e7\u00e3o Ceramik. A combina\u00e7\u00e3o de ambos os elementos resulta em pe\u00e7as \u00fanicas capazes de se encaixar em todos os tipos de estilos de decora\u00e7\u00e3o e vestir o seu terra\u00e7o ou jardim com gosto. As cadeiras Sicilia s\u00e3o feitas de uma bela madeira de ac\u00e1cia em uma cor clara acompanhada por uma corda de poli\u00e9ster tran\u00e7ada \u00e0 m\u00e3o em bege por nossos artes\u00e3os e almofadas remov\u00edveis em bege imitando linho. Medidas: Tabela: 168x87x75cm, cadeira: 53x60x80cm<\/p>\n","protected":false},"excerpt":{"rendered":"<ul>\n<li>Conjunto composto por uma mesa e 6 cadeiras de madeira e corda<\/li>\n<li>Tampo de mesa em cer\u00e2mica terracota<\/li>\n<li>Almofadas amov\u00edveis e lav\u00e1veis<\/li>\n<li>Dimens\u00f5es : Mesa: 168x87x75 cm Cadeira: 53x60x80cm<\/li>\n<\/ul>\n","protected":false},"featured_media":149518,"comment_status":"closed","ping_status":"closed","template":"","meta":{"_acf_changed":false},"product_brand":[],"product_cat":[422,420],"product_tag":[2766,5252,3679,429,458],"class_list":{"0":"post-154499","1":"product","2":"type-product","3":"status-publish","4":"has-post-thumbnail","6":"product_cat-definir-mesa-e-cadeiras-jardim","7":"product_cat-salas-de-jantar-ao-ar-livre","8":"product_tag-ceramica-pt-pt","9":"product_tag-ceramik-pt-pt","10":"product_tag-corda","11":"product_tag-madeira-pt-pt","12":"product_tag-riviera-pt-pt","13":"product_shipping_class-envio-gratuito-pt-pt","14":"pa_alto-74-pt-pt","15":"pa_ancho-167-pt-pt","16":"pa_asientos-6-pt-pt","17":"pa_caracteristicas-coberturas-lavaveis","18":"pa_coleccion-ceramik-pt-pt","19":"pa_coleccion-sicilia-pt-pt","20":"pa_espacio-4008-pt-pt","21":"pa_forma-retangular","22":"pa_largo-240-pt-pt","23":"pa_m2-4008-pt-pt","24":"pa_material-ceramica-pt-pt","25":"pa_material-cuerda-pt-pt","26":"pa_material-madera-pt-pt","27":"pa_tamano-espacio-grande-pt-pt-2","29":"first","30":"instock","31":"sale","32":"purchasable","33":"product-type-simple","34":"add-to-wishlist-before_image"},"acf":[],"yoast_head":"<!-- This site is optimized with the Yoast SEO plugin v27.2 - https:\/\/yoast.com\/product\/yoast-seo-wordpress\/ -->\n<title>Conjunto de jantar de jardim 6 lugares mesa de cer\u00e2mica de terracota 168x87 - Ceramik &amp; Sicilia - Kerama<\/title>\n<meta name=\"robots\" content=\"index, follow, max-snippet:-1, max-image-preview:large, max-video-preview:-1\" \/>\n<link rel=\"canonical\" href=\"https:\/\/keramamueblesdejardin.com\/pt-pt\/salas-de-jantar-ao-ar-livre\/definir-mesa-e-cadeiras-jardim\/set-dining-garden-6-seater-table-ceramic-terracotta-168x87-ceramik-sicilia\/\" \/>\n<meta property=\"og:locale\" content=\"pt_PT\" \/>\n<meta property=\"og:type\" content=\"article\" \/>\n<meta property=\"og:title\" content=\"Conjunto de jantar de jardim 6 lugares mesa de cer\u00e2mica de terracota 168x87 - Ceramik &amp; Sicilia - Kerama\" \/>\n<meta property=\"og:description\" content=\"Conjunto composto por uma mesa e 6 cadeiras de madeira e corda  Tampo de mesa em cer\u00e2mica terracota  Almofadas amov\u00edveis e lav\u00e1veis  Dimens\u00f5es : Mesa: 168x87x75 cm Cadeira: 53x60x80cm\" \/>\n<meta property=\"og:url\" content=\"https:\/\/keramamueblesdejardin.com\/pt-pt\/salas-de-jantar-ao-ar-livre\/definir-mesa-e-cadeiras-jardim\/set-dining-garden-6-seater-table-ceramic-terracotta-168x87-ceramik-sicilia\/\" \/>\n<meta property=\"og:site_name\" content=\"Kerama\" \/>\n<meta property=\"article:publisher\" content=\"https:\/\/www.facebook.com\/Kerama-Muebles-de-Jard%c3%adn-106209328312568\/\" \/>\n<meta property=\"article:modified_time\" content=\"2025-01-28T09:00:27+00:00\" \/>\n<meta property=\"og:image\" content=\"https:\/\/keramamueblesdejardin.com\/wp-content\/uploads\/2024\/04\/168-6-Sicilia-terracota.jpg\" \/>\n\t<meta property=\"og:image:width\" content=\"1200\" \/>\n\t<meta property=\"og:image:height\" content=\"1200\" \/>\n\t<meta property=\"og:image:type\" content=\"image\/jpeg\" \/>\n<meta name=\"twitter:card\" content=\"summary_large_image\" \/>\n<meta name=\"twitter:label1\" content=\"Tempo estimado de leitura\" \/>\n\t<meta name=\"twitter:data1\" content=\"1 minuto\" \/>\n<script type=\"application\/ld+json\" class=\"yoast-schema-graph\">{\"@context\":\"https:\/\/schema.org\",\"@graph\":[{\"@type\":\"WebPage\",\"@id\":\"https:\/\/keramamueblesdejardin.com\/pt-pt\/salas-de-jantar-ao-ar-livre\/definir-mesa-e-cadeiras-jardim\/set-dining-garden-6-seater-table-ceramic-terracotta-168x87-ceramik-sicilia\/\",\"url\":\"https:\/\/keramamueblesdejardin.com\/pt-pt\/salas-de-jantar-ao-ar-livre\/definir-mesa-e-cadeiras-jardim\/set-dining-garden-6-seater-table-ceramic-terracotta-168x87-ceramik-sicilia\/\",\"name\":\"Conjunto de jantar de jardim 6 lugares mesa de cer\u00e2mica de terracota 168x87 - Ceramik &amp; Sicilia - Kerama\",\"isPartOf\":{\"@id\":\"https:\/\/keramamueblesdejardin.com\/pt-pt\/#website\"},\"primaryImageOfPage\":{\"@id\":\"https:\/\/keramamueblesdejardin.com\/pt-pt\/salas-de-jantar-ao-ar-livre\/definir-mesa-e-cadeiras-jardim\/set-dining-garden-6-seater-table-ceramic-terracotta-168x87-ceramik-sicilia\/#primaryimage\"},\"image\":{\"@id\":\"https:\/\/keramamueblesdejardin.com\/pt-pt\/salas-de-jantar-ao-ar-livre\/definir-mesa-e-cadeiras-jardim\/set-dining-garden-6-seater-table-ceramic-terracotta-168x87-ceramik-sicilia\/#primaryimage\"},\"thumbnailUrl\":\"https:\/\/keramamueblesdejardin.com\/wp-content\/uploads\/2024\/04\/168-6-Sicilia-terracota.jpg\",\"datePublished\":\"2024-04-02T14:09:54+00:00\",\"dateModified\":\"2025-01-28T09:00:27+00:00\",\"breadcrumb\":{\"@id\":\"https:\/\/keramamueblesdejardin.com\/pt-pt\/salas-de-jantar-ao-ar-livre\/definir-mesa-e-cadeiras-jardim\/set-dining-garden-6-seater-table-ceramic-terracotta-168x87-ceramik-sicilia\/#breadcrumb\"},\"inLanguage\":\"pt-PT\",\"potentialAction\":[{\"@type\":\"ReadAction\",\"target\":[\"https:\/\/keramamueblesdejardin.com\/pt-pt\/salas-de-jantar-ao-ar-livre\/definir-mesa-e-cadeiras-jardim\/set-dining-garden-6-seater-table-ceramic-terracotta-168x87-ceramik-sicilia\/\"]}]},{\"@type\":\"ImageObject\",\"inLanguage\":\"pt-PT\",\"@id\":\"https:\/\/keramamueblesdejardin.com\/pt-pt\/salas-de-jantar-ao-ar-livre\/definir-mesa-e-cadeiras-jardim\/set-dining-garden-6-seater-table-ceramic-terracotta-168x87-ceramik-sicilia\/#primaryimage\",\"url\":\"https:\/\/keramamueblesdejardin.com\/wp-content\/uploads\/2024\/04\/168-6-Sicilia-terracota.jpg\",\"contentUrl\":\"https:\/\/keramamueblesdejardin.com\/wp-content\/uploads\/2024\/04\/168-6-Sicilia-terracota.jpg\",\"width\":1200,\"height\":1200},{\"@type\":\"BreadcrumbList\",\"@id\":\"https:\/\/keramamueblesdejardin.com\/pt-pt\/salas-de-jantar-ao-ar-livre\/definir-mesa-e-cadeiras-jardim\/set-dining-garden-6-seater-table-ceramic-terracotta-168x87-ceramik-sicilia\/#breadcrumb\",\"itemListElement\":[{\"@type\":\"ListItem\",\"position\":1,\"name\":\"Home\",\"item\":\"https:\/\/keramamueblesdejardin.com\/pt-pt\/\"},{\"@type\":\"ListItem\",\"position\":2,\"name\":\"Tienda\",\"item\":\"https:\/\/keramamueblesdejardin.com\/pt-pt\/tienda-2\/\"},{\"@type\":\"ListItem\",\"position\":3,\"name\":\"Salas de jantar ao ar livre\",\"item\":\"https:\/\/keramamueblesdejardin.com\/pt-pt\/salas-de-jantar-ao-ar-livre\/\"},{\"@type\":\"ListItem\",\"position\":4,\"name\":\"Definir mesa e cadeiras jardim\",\"item\":\"https:\/\/keramamueblesdejardin.com\/pt-pt\/salas-de-jantar-ao-ar-livre\/definir-mesa-e-cadeiras-jardim\/\"},{\"@type\":\"ListItem\",\"position\":5,\"name\":\"Conjunto de jantar de jardim 6 lugares mesa de cer\u00e2mica de terracota 168&#215;87 &#8211; Ceramik &amp; Sicilia\"}]},{\"@type\":\"WebSite\",\"@id\":\"https:\/\/keramamueblesdejardin.com\/pt-pt\/#website\",\"url\":\"https:\/\/keramamueblesdejardin.com\/pt-pt\/\",\"name\":\"Kerama\",\"description\":\"muebles de jard\u00edn\",\"publisher\":{\"@id\":\"https:\/\/keramamueblesdejardin.com\/pt-pt\/#organization\"},\"potentialAction\":[{\"@type\":\"SearchAction\",\"target\":{\"@type\":\"EntryPoint\",\"urlTemplate\":\"https:\/\/keramamueblesdejardin.com\/pt-pt\/?s={search_term_string}\"},\"query-input\":{\"@type\":\"PropertyValueSpecification\",\"valueRequired\":true,\"valueName\":\"search_term_string\"}}],\"inLanguage\":\"pt-PT\"},{\"@type\":\"Organization\",\"@id\":\"https:\/\/keramamueblesdejardin.com\/pt-pt\/#organization\",\"name\":\"kerama\",\"url\":\"https:\/\/keramamueblesdejardin.com\/pt-pt\/\",\"logo\":{\"@type\":\"ImageObject\",\"inLanguage\":\"pt-PT\",\"@id\":\"https:\/\/keramamueblesdejardin.com\/pt-pt\/#\/schema\/logo\/image\/\",\"url\":\"https:\/\/keramamueblesdejardin.com\/wp-content\/uploads\/2020\/12\/k.-scaled.jpg\",\"contentUrl\":\"https:\/\/keramamueblesdejardin.com\/wp-content\/uploads\/2020\/12\/k.-scaled.jpg\",\"width\":2560,\"height\":551,\"caption\":\"kerama\"},\"image\":{\"@id\":\"https:\/\/keramamueblesdejardin.com\/pt-pt\/#\/schema\/logo\/image\/\"},\"sameAs\":[\"https:\/\/www.facebook.com\/Kerama-Muebles-de-Jard\u00edn-106209328312568\/\"]}]}<\/script>\n<!-- \/ Yoast SEO plugin. -->","yoast_head_json":{"title":"Conjunto de jantar de jardim 6 lugares mesa de cer\u00e2mica de terracota 168x87 - Ceramik &amp; Sicilia - Kerama","robots":{"index":"index","follow":"follow","max-snippet":"max-snippet:-1","max-image-preview":"max-image-preview:large","max-video-preview":"max-video-preview:-1"},"canonical":"https:\/\/keramamueblesdejardin.com\/pt-pt\/salas-de-jantar-ao-ar-livre\/definir-mesa-e-cadeiras-jardim\/set-dining-garden-6-seater-table-ceramic-terracotta-168x87-ceramik-sicilia\/","og_locale":"pt_PT","og_type":"article","og_title":"Conjunto de jantar de jardim 6 lugares mesa de cer\u00e2mica de terracota 168x87 - Ceramik &amp; Sicilia - Kerama","og_description":"Conjunto composto por uma mesa e 6 cadeiras de madeira e corda  Tampo de mesa em cer\u00e2mica terracota  Almofadas amov\u00edveis e lav\u00e1veis  Dimens\u00f5es : Mesa: 168x87x75 cm Cadeira: 53x60x80cm","og_url":"https:\/\/keramamueblesdejardin.com\/pt-pt\/salas-de-jantar-ao-ar-livre\/definir-mesa-e-cadeiras-jardim\/set-dining-garden-6-seater-table-ceramic-terracotta-168x87-ceramik-sicilia\/","og_site_name":"Kerama","article_publisher":"https:\/\/www.facebook.com\/Kerama-Muebles-de-Jard%c3%adn-106209328312568\/","article_modified_time":"2025-01-28T09:00:27+00:00","og_image":[{"width":1200,"height":1200,"url":"https:\/\/keramamueblesdejardin.com\/wp-content\/uploads\/2024\/04\/168-6-Sicilia-terracota.jpg","type":"image\/jpeg"}],"twitter_card":"summary_large_image","twitter_misc":{"Tempo estimado de leitura":"1 minuto"},"schema":{"@context":"https:\/\/schema.org","@graph":[{"@type":"WebPage","@id":"https:\/\/keramamueblesdejardin.com\/pt-pt\/salas-de-jantar-ao-ar-livre\/definir-mesa-e-cadeiras-jardim\/set-dining-garden-6-seater-table-ceramic-terracotta-168x87-ceramik-sicilia\/","url":"https:\/\/keramamueblesdejardin.com\/pt-pt\/salas-de-jantar-ao-ar-livre\/definir-mesa-e-cadeiras-jardim\/set-dining-garden-6-seater-table-ceramic-terracotta-168x87-ceramik-sicilia\/","name":"Conjunto de jantar de jardim 6 lugares mesa de cer\u00e2mica de terracota 168x87 - Ceramik &amp; Sicilia - Kerama","isPartOf":{"@id":"https:\/\/keramamueblesdejardin.com\/pt-pt\/#website"},"primaryImageOfPage":{"@id":"https:\/\/keramamueblesdejardin.com\/pt-pt\/salas-de-jantar-ao-ar-livre\/definir-mesa-e-cadeiras-jardim\/set-dining-garden-6-seater-table-ceramic-terracotta-168x87-ceramik-sicilia\/#primaryimage"},"image":{"@id":"https:\/\/keramamueblesdejardin.com\/pt-pt\/salas-de-jantar-ao-ar-livre\/definir-mesa-e-cadeiras-jardim\/set-dining-garden-6-seater-table-ceramic-terracotta-168x87-ceramik-sicilia\/#primaryimage"},"thumbnailUrl":"https:\/\/keramamueblesdejardin.com\/wp-content\/uploads\/2024\/04\/168-6-Sicilia-terracota.jpg","datePublished":"2024-04-02T14:09:54+00:00","dateModified":"2025-01-28T09:00:27+00:00","breadcrumb":{"@id":"https:\/\/keramamueblesdejardin.com\/pt-pt\/salas-de-jantar-ao-ar-livre\/definir-mesa-e-cadeiras-jardim\/set-dining-garden-6-seater-table-ceramic-terracotta-168x87-ceramik-sicilia\/#breadcrumb"},"inLanguage":"pt-PT","potentialAction":[{"@type":"ReadAction","target":["https:\/\/keramamueblesdejardin.com\/pt-pt\/salas-de-jantar-ao-ar-livre\/definir-mesa-e-cadeiras-jardim\/set-dining-garden-6-seater-table-ceramic-terracotta-168x87-ceramik-sicilia\/"]}]},{"@type":"ImageObject","inLanguage":"pt-PT","@id":"https:\/\/keramamueblesdejardin.com\/pt-pt\/salas-de-jantar-ao-ar-livre\/definir-mesa-e-cadeiras-jardim\/set-dining-garden-6-seater-table-ceramic-terracotta-168x87-ceramik-sicilia\/#primaryimage","url":"https:\/\/keramamueblesdejardin.com\/wp-content\/uploads\/2024\/04\/168-6-Sicilia-terracota.jpg","contentUrl":"https:\/\/keramamueblesdejardin.com\/wp-content\/uploads\/2024\/04\/168-6-Sicilia-terracota.jpg","width":1200,"height":1200},{"@type":"BreadcrumbList","@id":"https:\/\/keramamueblesdejardin.com\/pt-pt\/salas-de-jantar-ao-ar-livre\/definir-mesa-e-cadeiras-jardim\/set-dining-garden-6-seater-table-ceramic-terracotta-168x87-ceramik-sicilia\/#breadcrumb","itemListElement":[{"@type":"ListItem","position":1,"name":"Home","item":"https:\/\/keramamueblesdejardin.com\/pt-pt\/"},{"@type":"ListItem","position":2,"name":"Tienda","item":"https:\/\/keramamueblesdejardin.com\/pt-pt\/tienda-2\/"},{"@type":"ListItem","position":3,"name":"Salas de jantar ao ar livre","item":"https:\/\/keramamueblesdejardin.com\/pt-pt\/salas-de-jantar-ao-ar-livre\/"},{"@type":"ListItem","position":4,"name":"Definir mesa e cadeiras jardim","item":"https:\/\/keramamueblesdejardin.com\/pt-pt\/salas-de-jantar-ao-ar-livre\/definir-mesa-e-cadeiras-jardim\/"},{"@type":"ListItem","position":5,"name":"Conjunto de jantar de jardim 6 lugares mesa de cer\u00e2mica de terracota 168&#215;87 &#8211; Ceramik &amp; Sicilia"}]},{"@type":"WebSite","@id":"https:\/\/keramamueblesdejardin.com\/pt-pt\/#website","url":"https:\/\/keramamueblesdejardin.com\/pt-pt\/","name":"Kerama","description":"muebles de jard\u00edn","publisher":{"@id":"https:\/\/keramamueblesdejardin.com\/pt-pt\/#organization"},"potentialAction":[{"@type":"SearchAction","target":{"@type":"EntryPoint","urlTemplate":"https:\/\/keramamueblesdejardin.com\/pt-pt\/?s={search_term_string}"},"query-input":{"@type":"PropertyValueSpecification","valueRequired":true,"valueName":"search_term_string"}}],"inLanguage":"pt-PT"},{"@type":"Organization","@id":"https:\/\/keramamueblesdejardin.com\/pt-pt\/#organization","name":"kerama","url":"https:\/\/keramamueblesdejardin.com\/pt-pt\/","logo":{"@type":"ImageObject","inLanguage":"pt-PT","@id":"https:\/\/keramamueblesdejardin.com\/pt-pt\/#\/schema\/logo\/image\/","url":"https:\/\/keramamueblesdejardin.com\/wp-content\/uploads\/2020\/12\/k.-scaled.jpg","contentUrl":"https:\/\/keramamueblesdejardin.com\/wp-content\/uploads\/2020\/12\/k.-scaled.jpg","width":2560,"height":551,"caption":"kerama"},"image":{"@id":"https:\/\/keramamueblesdejardin.com\/pt-pt\/#\/schema\/logo\/image\/"},"sameAs":["https:\/\/www.facebook.com\/Kerama-Muebles-de-Jard\u00edn-106209328312568\/"]}]}},"df_price":1969,"df_sale_price":1969,"df_regular_price":2342,"df_image_link":"https:\/\/keramamueblesdejardin.com\/wp-content\/uploads\/2024\/04\/168-6-Sicilia-terracota-300x300.jpg","custom_tabs":[{"title":"MEDI\u00c7\u00c3O","id":"medi\u00e7\u00e3o","content":"<div class=\"list\">\n<div class=\"list\" style=\"color: #282828;\"><strong style=\"font-weight: bold;\">Altura: <\/strong>cadeira 80cm \/ mesa 75cm<\/div>\n<div class=\"list\" style=\"color: #282828;\"><strong style=\"font-weight: bold;\">Largura: <\/strong>cadeira 53cm \/ mesa 168cm<\/div>\n<div class=\"list\" style=\"color: #282828;\"><strong style=\"font-weight: bold;\">Fundo: <\/strong>cadeira 60cm \/ mesa 87cm<\/div>\n<\/div>"},{"title":"DESEMBALAR E ASSEMBL\u00c9IA","id":"desembalar-e-assembleia","content":"<div class=\"list\"><strong style=\"font-weight: bold; color: #282828;\">Recomenda\u00e7\u00f5es para desempacotar:<\/strong><span style=\"color: #282828;\"> N\u00e3o utilizar ferramentas afiadas ao desembalar o mobili\u00e1rio, pois isso pode causar danos.<\/span><br style=\"color: #282828;\"><strong style=\"font-weight: bold; color: #282828;\">Montagem necess\u00e1ria (S\/N):<\/strong><span style=\"color: #282828;\"> Sim<\/span><br style=\"color: #282828;\"><strong style=\"font-weight: bold; color: #282828;\">Dificuldade de montagem:<\/strong><span style=\"color: #282828;\"> Baixo<\/span><br style=\"color: #282828;\"><strong style=\"font-weight: bold; color: #282828;\">Tempo de montagem:<\/strong><span style=\"color: #282828;\"> 40 minutos<\/span><br style=\"color: #282828;\"><strong style=\"font-weight: bold; color: #282828;\">Pessoas recomendadas para a montagem:<\/strong><span style=\"color: #282828;\"> 2<\/span><br style=\"color: #282828;\"><strong style=\"font-weight: bold; color: #282828;\">Sugest\u00f5es da assembleia:<\/strong><span style=\"color: #282828;\">  Preparar uma \u00e1rea de montagem limpa e seca, verificar se nenhuma das pe\u00e7as listadas no manual est\u00e1 em falta. Recomendamos o uso de luvas adequadas para a montagem. Utilize apenas pe\u00e7as e hardware fornecidos.<\/span><\/div>"},{"title":"MANUTEN\u00c7\u00c3O E GARANTIAS","id":"manutencao-e-garantias","content":"<strong>Recomenda\u00e7\u00f5es gerais:<\/strong> \u2022 Avarias ou danos causados por: \u2022 Causas acidentais como quedas, golpes, derrames de l\u00edquidos, introdu\u00e7\u00e3o de corpos estranhos, bem como qualquer outro caso de for\u00e7a maior est\u00e3o exclu\u00eddos da garantia. \u2022 Utiliza\u00e7\u00e3o negligente, impr\u00f3pria ou n\u00e3o dom\u00e9stica. \u2022 Danos, corros\u00e3o e\/ou oxida\u00e7\u00e3o acelerados por condi\u00e7\u00f5es ambientais adversas \u2022 Manchas e descolora\u00e7\u00e3o devido ao n\u00e3o cumprimento das nossas instru\u00e7\u00f5es de limpeza \u2022 Danos ocorridos durante a montagem e manuseamento sem ter seguido as instru\u00e7\u00f5es de montagem indicadas. <strong>Instru\u00e7\u00f5es de utiliza\u00e7\u00e3o e manuten\u00e7\u00e3o: \u2022 Limpe<\/strong> suavemente com a ajuda de um pano ou use um sabonete l\u00edquido neutro, enxaguando com bastante \u00e1gua. \u2022 Retire regularmente o p\u00f3 com a ajuda de um pano macio e \u00e1gua l\u00edmpia. \u2022 N\u00e3o utilize detergentes ou produtos abrasivos para a limpeza. \u2022 Tratamento com \u00f3leo de linha\u00e7a: Antes de aplicar uma camada de \u00f3leo de linho no produto no seu estado natural, \u00e9 conveniente deix\u00e1-lo l\u00e1 fora durante 2 ou 3 semanas, de modo a ter uma apar\u00eancia homog\u00e9nea e arej\u00e1-lo. Limpe com \u00e1gua limpa com uma escova e deixe secar. Uma vez bem seco, deve ser lixado com uma folha de lixa de peso entre 120 e 150 cuidadosamente e sem apertar, seguindo, na medida do poss\u00edvel, a dire\u00e7\u00e3o das veias; esta opera\u00e7\u00e3o nunca \u00e9 realizada nas primeiras horas do dia. Para manter a cor \u00e9 aconselh\u00e1vel repetir o processo uma ou duas vezes por ano. Se o \u00f3leo de linho j\u00e1 tiver sido aplicado no m\u00f3vel, \u00e9 aconselh\u00e1vel lix\u00e1-lo a cada tr\u00eas anos para que as sucessivas camadas de \u00f3leo n\u00e3o impe\u00e7am a madeira de transpirar. <strong>Anos de garantia:<\/strong> 3 anos <strong>Fabricado de acordo com a norma:<\/strong> 581-1,581-2,581-3 <strong>Certifica\u00e7\u00e3o FSC (sim\/n\u00e3o):<\/strong> Sim"}],"_links":{"self":[{"href":"https:\/\/keramamueblesdejardin.com\/pt-pt\/wp-json\/wp\/v2\/product\/154499","targetHints":{"allow":["GET"]}}],"collection":[{"href":"https:\/\/keramamueblesdejardin.com\/pt-pt\/wp-json\/wp\/v2\/product"}],"about":[{"href":"https:\/\/keramamueblesdejardin.com\/pt-pt\/wp-json\/wp\/v2\/types\/product"}],"replies":[{"embeddable":true,"href":"https:\/\/keramamueblesdejardin.com\/pt-pt\/wp-json\/wp\/v2\/comments?post=154499"}],"wp:featuredmedia":[{"embeddable":true,"href":"https:\/\/keramamueblesdejardin.com\/pt-pt\/wp-json\/wp\/v2\/media\/149518"}],"wp:attachment":[{"href":"https:\/\/keramamueblesdejardin.com\/pt-pt\/wp-json\/wp\/v2\/media?parent=154499"}],"wp:term":[{"taxonomy":"product_brand","embeddable":true,"href":"https:\/\/keramamueblesdejardin.com\/pt-pt\/wp-json\/wp\/v2\/product_brand?post=154499"},{"taxonomy":"product_cat","embeddable":true,"href":"https:\/\/keramamueblesdejardin.com\/pt-pt\/wp-json\/wp\/v2\/product_cat?post=154499"},{"taxonomy":"product_tag","embeddable":true,"href":"https:\/\/keramamueblesdejardin.com\/pt-pt\/wp-json\/wp\/v2\/product_tag?post=154499"}],"curies":[{"name":"wp","href":"https:\/\/api.w.org\/{rel}","templated":true}]}}