{"id":146324,"date":"2024-03-05T13:20:43","date_gmt":"2024-03-05T12:20:43","guid":{"rendered":"https:\/\/keramamueblesdejardin.com\/sem%20categoria\/jardim-de-5-lugares-em-aluminio-e-corda-bege-palermo\/"},"modified":"2025-03-13T11:03:32","modified_gmt":"2025-03-13T10:03:32","slug":"5-lugares-aluminio-e-corda-jardim-conjunto-bege-palermo","status":"publish","type":"product","link":"https:\/\/keramamueblesdejardin.com\/pt-pt\/lounges-ao-ar-livre\/conjuntos-de-jardim\/5-lugares-aluminio-e-corda-jardim-conjunto-bege-palermo\/","title":{"rendered":"Jardim de 5 lugares em alum\u00ednio e corda bege &#8211; Palermo"},"content":{"rendered":"<p>Conjunto de jardim de 5 lugares da cole\u00e7\u00e3o Palermo composto por 2 poltronas, um sof\u00e1 de 3 lugares e 2 mesas de centro. Feito de alum\u00ednio e corda tran\u00e7ada \u00e0 m\u00e3o pelos nossos artes\u00e3os em bege. O conjunto \u00e9 extremamente confort\u00e1vel e espa\u00e7oso. As almofadas s\u00e3o feitas de poli\u00e9ster que cobrem uma espuma de firmeza m\u00e9dia no assento e um acolchoamento de poli\u00e9ster macio no encosto. A mesa \u00e9 composta por uma estrutura de alum\u00ednio que suporta um tampo de pedra sinterizada Medidas: Poltrona 85x78x68 Sof\u00e1 171x78x68cm Mesa: 80&#215;54 e 50x54cm<\/p>\n","protected":false},"excerpt":{"rendered":"<ul>\n<li>Conjunto de 2 poltronas, sof\u00e1 de 3 lugares e 1 mesa<\/li>\n<li>Caixilharia de alum\u00ednio e corda bege<\/li>\n<li>Almofadas de poli\u00e9ster amov\u00edveis e lav\u00e1veis<\/li>\n<li>Corda de poli\u00e9ster tran\u00e7ada \u00e0 m\u00e3o<\/li>\n<\/ul>\n","protected":false},"featured_media":145132,"comment_status":"closed","ping_status":"closed","template":"","meta":{"_acf_changed":false},"product_brand":[],"product_cat":[445,446],"product_tag":[426,4778],"class_list":{"0":"post-146324","1":"product","2":"type-product","3":"status-publish","4":"has-post-thumbnail","6":"product_cat-conjuntos-de-jardim","7":"product_cat-lounges-ao-ar-livre","8":"product_tag-aluminio-pt-pt","9":"product_tag-palermo-pt-pt","10":"product_shipping_class-envio-gratuito-pt-pt","11":"pa_alto-68-pt-pt","12":"pa_ancho-160-pt-pt","13":"pa_asientos-5-pt-pt","14":"pa_caracteristicas-coberturas-lavaveis","15":"pa_coleccion-palermo-pt-pt","16":"pa_largo-320-pt-pt","17":"pa_m2-512-pt-pt","18":"pa_material-aluminio-pt-pt","19":"pa_material-cuerda-pt-pt","20":"pa_material-pedra","21":"pa_tamano-espacio-grande-pt-pt-2","23":"first","24":"instock","25":"sale","26":"purchasable","27":"product-type-simple","28":"add-to-wishlist-before_image"},"acf":[],"yoast_head":"<!-- This site is optimized with the Yoast SEO plugin v27.2 - https:\/\/yoast.com\/product\/yoast-seo-wordpress\/ -->\n<title>Jardim de 5 lugares em alum\u00ednio e corda bege - Palermo - Kerama<\/title>\n<meta name=\"robots\" content=\"index, follow, max-snippet:-1, max-image-preview:large, max-video-preview:-1\" \/>\n<link rel=\"canonical\" href=\"https:\/\/keramamueblesdejardin.com\/pt-pt\/lounges-ao-ar-livre\/conjuntos-de-jardim\/5-lugares-aluminio-e-corda-jardim-conjunto-bege-palermo\/\" \/>\n<meta property=\"og:locale\" content=\"pt_PT\" \/>\n<meta property=\"og:type\" content=\"article\" \/>\n<meta property=\"og:title\" content=\"Jardim de 5 lugares em alum\u00ednio e corda bege - Palermo - Kerama\" \/>\n<meta property=\"og:description\" content=\"Conjunto de 2 poltronas, sof\u00e1 de 3 lugares e 1 mesa  Caixilharia de alum\u00ednio e corda bege  Almofadas de poli\u00e9ster amov\u00edveis e lav\u00e1veis  Corda de poli\u00e9ster tran\u00e7ada \u00e0 m\u00e3o\" \/>\n<meta property=\"og:url\" content=\"https:\/\/keramamueblesdejardin.com\/pt-pt\/lounges-ao-ar-livre\/conjuntos-de-jardim\/5-lugares-aluminio-e-corda-jardim-conjunto-bege-palermo\/\" \/>\n<meta property=\"og:site_name\" content=\"Kerama\" \/>\n<meta property=\"article:publisher\" content=\"https:\/\/www.facebook.com\/Kerama-Muebles-de-Jard%c3%adn-106209328312568\/\" \/>\n<meta property=\"article:modified_time\" content=\"2025-03-13T10:03:32+00:00\" \/>\n<meta property=\"og:image\" content=\"https:\/\/keramamueblesdejardin.com\/wp-content\/uploads\/2024\/03\/palermo-5-plazas.jpg\" \/>\n\t<meta property=\"og:image:width\" content=\"1200\" \/>\n\t<meta property=\"og:image:height\" content=\"1200\" \/>\n\t<meta property=\"og:image:type\" content=\"image\/jpeg\" \/>\n<meta name=\"twitter:card\" content=\"summary_large_image\" \/>\n<meta name=\"twitter:label1\" content=\"Tempo estimado de leitura\" \/>\n\t<meta name=\"twitter:data1\" content=\"1 minuto\" \/>\n<script type=\"application\/ld+json\" class=\"yoast-schema-graph\">{\"@context\":\"https:\/\/schema.org\",\"@graph\":[{\"@type\":\"WebPage\",\"@id\":\"https:\/\/keramamueblesdejardin.com\/pt-pt\/lounges-ao-ar-livre\/conjuntos-de-jardim\/5-lugares-aluminio-e-corda-jardim-conjunto-bege-palermo\/\",\"url\":\"https:\/\/keramamueblesdejardin.com\/pt-pt\/lounges-ao-ar-livre\/conjuntos-de-jardim\/5-lugares-aluminio-e-corda-jardim-conjunto-bege-palermo\/\",\"name\":\"Jardim de 5 lugares em alum\u00ednio e corda bege - Palermo - Kerama\",\"isPartOf\":{\"@id\":\"https:\/\/keramamueblesdejardin.com\/pt-pt\/#website\"},\"primaryImageOfPage\":{\"@id\":\"https:\/\/keramamueblesdejardin.com\/pt-pt\/lounges-ao-ar-livre\/conjuntos-de-jardim\/5-lugares-aluminio-e-corda-jardim-conjunto-bege-palermo\/#primaryimage\"},\"image\":{\"@id\":\"https:\/\/keramamueblesdejardin.com\/pt-pt\/lounges-ao-ar-livre\/conjuntos-de-jardim\/5-lugares-aluminio-e-corda-jardim-conjunto-bege-palermo\/#primaryimage\"},\"thumbnailUrl\":\"https:\/\/keramamueblesdejardin.com\/wp-content\/uploads\/2024\/03\/palermo-5-plazas.jpg\",\"datePublished\":\"2024-03-05T12:20:43+00:00\",\"dateModified\":\"2025-03-13T10:03:32+00:00\",\"breadcrumb\":{\"@id\":\"https:\/\/keramamueblesdejardin.com\/pt-pt\/lounges-ao-ar-livre\/conjuntos-de-jardim\/5-lugares-aluminio-e-corda-jardim-conjunto-bege-palermo\/#breadcrumb\"},\"inLanguage\":\"pt-PT\",\"potentialAction\":[{\"@type\":\"ReadAction\",\"target\":[\"https:\/\/keramamueblesdejardin.com\/pt-pt\/lounges-ao-ar-livre\/conjuntos-de-jardim\/5-lugares-aluminio-e-corda-jardim-conjunto-bege-palermo\/\"]}]},{\"@type\":\"ImageObject\",\"inLanguage\":\"pt-PT\",\"@id\":\"https:\/\/keramamueblesdejardin.com\/pt-pt\/lounges-ao-ar-livre\/conjuntos-de-jardim\/5-lugares-aluminio-e-corda-jardim-conjunto-bege-palermo\/#primaryimage\",\"url\":\"https:\/\/keramamueblesdejardin.com\/wp-content\/uploads\/2024\/03\/palermo-5-plazas.jpg\",\"contentUrl\":\"https:\/\/keramamueblesdejardin.com\/wp-content\/uploads\/2024\/03\/palermo-5-plazas.jpg\",\"width\":1200,\"height\":1200},{\"@type\":\"BreadcrumbList\",\"@id\":\"https:\/\/keramamueblesdejardin.com\/pt-pt\/lounges-ao-ar-livre\/conjuntos-de-jardim\/5-lugares-aluminio-e-corda-jardim-conjunto-bege-palermo\/#breadcrumb\",\"itemListElement\":[{\"@type\":\"ListItem\",\"position\":1,\"name\":\"Home\",\"item\":\"https:\/\/keramamueblesdejardin.com\/pt-pt\/\"},{\"@type\":\"ListItem\",\"position\":2,\"name\":\"Tienda\",\"item\":\"https:\/\/keramamueblesdejardin.com\/pt-pt\/tienda-2\/\"},{\"@type\":\"ListItem\",\"position\":3,\"name\":\"Lounges ao ar livre\",\"item\":\"https:\/\/keramamueblesdejardin.com\/pt-pt\/lounges-ao-ar-livre\/\"},{\"@type\":\"ListItem\",\"position\":4,\"name\":\"Conjuntos de jardim\",\"item\":\"https:\/\/keramamueblesdejardin.com\/pt-pt\/lounges-ao-ar-livre\/conjuntos-de-jardim\/\"},{\"@type\":\"ListItem\",\"position\":5,\"name\":\"Jardim de 5 lugares em alum\u00ednio e corda bege &#8211; Palermo\"}]},{\"@type\":\"WebSite\",\"@id\":\"https:\/\/keramamueblesdejardin.com\/pt-pt\/#website\",\"url\":\"https:\/\/keramamueblesdejardin.com\/pt-pt\/\",\"name\":\"Kerama\",\"description\":\"muebles de jard\u00edn\",\"publisher\":{\"@id\":\"https:\/\/keramamueblesdejardin.com\/pt-pt\/#organization\"},\"potentialAction\":[{\"@type\":\"SearchAction\",\"target\":{\"@type\":\"EntryPoint\",\"urlTemplate\":\"https:\/\/keramamueblesdejardin.com\/pt-pt\/?s={search_term_string}\"},\"query-input\":{\"@type\":\"PropertyValueSpecification\",\"valueRequired\":true,\"valueName\":\"search_term_string\"}}],\"inLanguage\":\"pt-PT\"},{\"@type\":\"Organization\",\"@id\":\"https:\/\/keramamueblesdejardin.com\/pt-pt\/#organization\",\"name\":\"kerama\",\"url\":\"https:\/\/keramamueblesdejardin.com\/pt-pt\/\",\"logo\":{\"@type\":\"ImageObject\",\"inLanguage\":\"pt-PT\",\"@id\":\"https:\/\/keramamueblesdejardin.com\/pt-pt\/#\/schema\/logo\/image\/\",\"url\":\"https:\/\/keramamueblesdejardin.com\/wp-content\/uploads\/2020\/12\/k.-scaled.jpg\",\"contentUrl\":\"https:\/\/keramamueblesdejardin.com\/wp-content\/uploads\/2020\/12\/k.-scaled.jpg\",\"width\":2560,\"height\":551,\"caption\":\"kerama\"},\"image\":{\"@id\":\"https:\/\/keramamueblesdejardin.com\/pt-pt\/#\/schema\/logo\/image\/\"},\"sameAs\":[\"https:\/\/www.facebook.com\/Kerama-Muebles-de-Jard\u00edn-106209328312568\/\"]}]}<\/script>\n<!-- \/ Yoast SEO plugin. -->","yoast_head_json":{"title":"Jardim de 5 lugares em alum\u00ednio e corda bege - Palermo - Kerama","robots":{"index":"index","follow":"follow","max-snippet":"max-snippet:-1","max-image-preview":"max-image-preview:large","max-video-preview":"max-video-preview:-1"},"canonical":"https:\/\/keramamueblesdejardin.com\/pt-pt\/lounges-ao-ar-livre\/conjuntos-de-jardim\/5-lugares-aluminio-e-corda-jardim-conjunto-bege-palermo\/","og_locale":"pt_PT","og_type":"article","og_title":"Jardim de 5 lugares em alum\u00ednio e corda bege - Palermo - Kerama","og_description":"Conjunto de 2 poltronas, sof\u00e1 de 3 lugares e 1 mesa  Caixilharia de alum\u00ednio e corda bege  Almofadas de poli\u00e9ster amov\u00edveis e lav\u00e1veis  Corda de poli\u00e9ster tran\u00e7ada \u00e0 m\u00e3o","og_url":"https:\/\/keramamueblesdejardin.com\/pt-pt\/lounges-ao-ar-livre\/conjuntos-de-jardim\/5-lugares-aluminio-e-corda-jardim-conjunto-bege-palermo\/","og_site_name":"Kerama","article_publisher":"https:\/\/www.facebook.com\/Kerama-Muebles-de-Jard%c3%adn-106209328312568\/","article_modified_time":"2025-03-13T10:03:32+00:00","og_image":[{"width":1200,"height":1200,"url":"https:\/\/keramamueblesdejardin.com\/wp-content\/uploads\/2024\/03\/palermo-5-plazas.jpg","type":"image\/jpeg"}],"twitter_card":"summary_large_image","twitter_misc":{"Tempo estimado de leitura":"1 minuto"},"schema":{"@context":"https:\/\/schema.org","@graph":[{"@type":"WebPage","@id":"https:\/\/keramamueblesdejardin.com\/pt-pt\/lounges-ao-ar-livre\/conjuntos-de-jardim\/5-lugares-aluminio-e-corda-jardim-conjunto-bege-palermo\/","url":"https:\/\/keramamueblesdejardin.com\/pt-pt\/lounges-ao-ar-livre\/conjuntos-de-jardim\/5-lugares-aluminio-e-corda-jardim-conjunto-bege-palermo\/","name":"Jardim de 5 lugares em alum\u00ednio e corda bege - Palermo - Kerama","isPartOf":{"@id":"https:\/\/keramamueblesdejardin.com\/pt-pt\/#website"},"primaryImageOfPage":{"@id":"https:\/\/keramamueblesdejardin.com\/pt-pt\/lounges-ao-ar-livre\/conjuntos-de-jardim\/5-lugares-aluminio-e-corda-jardim-conjunto-bege-palermo\/#primaryimage"},"image":{"@id":"https:\/\/keramamueblesdejardin.com\/pt-pt\/lounges-ao-ar-livre\/conjuntos-de-jardim\/5-lugares-aluminio-e-corda-jardim-conjunto-bege-palermo\/#primaryimage"},"thumbnailUrl":"https:\/\/keramamueblesdejardin.com\/wp-content\/uploads\/2024\/03\/palermo-5-plazas.jpg","datePublished":"2024-03-05T12:20:43+00:00","dateModified":"2025-03-13T10:03:32+00:00","breadcrumb":{"@id":"https:\/\/keramamueblesdejardin.com\/pt-pt\/lounges-ao-ar-livre\/conjuntos-de-jardim\/5-lugares-aluminio-e-corda-jardim-conjunto-bege-palermo\/#breadcrumb"},"inLanguage":"pt-PT","potentialAction":[{"@type":"ReadAction","target":["https:\/\/keramamueblesdejardin.com\/pt-pt\/lounges-ao-ar-livre\/conjuntos-de-jardim\/5-lugares-aluminio-e-corda-jardim-conjunto-bege-palermo\/"]}]},{"@type":"ImageObject","inLanguage":"pt-PT","@id":"https:\/\/keramamueblesdejardin.com\/pt-pt\/lounges-ao-ar-livre\/conjuntos-de-jardim\/5-lugares-aluminio-e-corda-jardim-conjunto-bege-palermo\/#primaryimage","url":"https:\/\/keramamueblesdejardin.com\/wp-content\/uploads\/2024\/03\/palermo-5-plazas.jpg","contentUrl":"https:\/\/keramamueblesdejardin.com\/wp-content\/uploads\/2024\/03\/palermo-5-plazas.jpg","width":1200,"height":1200},{"@type":"BreadcrumbList","@id":"https:\/\/keramamueblesdejardin.com\/pt-pt\/lounges-ao-ar-livre\/conjuntos-de-jardim\/5-lugares-aluminio-e-corda-jardim-conjunto-bege-palermo\/#breadcrumb","itemListElement":[{"@type":"ListItem","position":1,"name":"Home","item":"https:\/\/keramamueblesdejardin.com\/pt-pt\/"},{"@type":"ListItem","position":2,"name":"Tienda","item":"https:\/\/keramamueblesdejardin.com\/pt-pt\/tienda-2\/"},{"@type":"ListItem","position":3,"name":"Lounges ao ar livre","item":"https:\/\/keramamueblesdejardin.com\/pt-pt\/lounges-ao-ar-livre\/"},{"@type":"ListItem","position":4,"name":"Conjuntos de jardim","item":"https:\/\/keramamueblesdejardin.com\/pt-pt\/lounges-ao-ar-livre\/conjuntos-de-jardim\/"},{"@type":"ListItem","position":5,"name":"Jardim de 5 lugares em alum\u00ednio e corda bege &#8211; Palermo"}]},{"@type":"WebSite","@id":"https:\/\/keramamueblesdejardin.com\/pt-pt\/#website","url":"https:\/\/keramamueblesdejardin.com\/pt-pt\/","name":"Kerama","description":"muebles de jard\u00edn","publisher":{"@id":"https:\/\/keramamueblesdejardin.com\/pt-pt\/#organization"},"potentialAction":[{"@type":"SearchAction","target":{"@type":"EntryPoint","urlTemplate":"https:\/\/keramamueblesdejardin.com\/pt-pt\/?s={search_term_string}"},"query-input":{"@type":"PropertyValueSpecification","valueRequired":true,"valueName":"search_term_string"}}],"inLanguage":"pt-PT"},{"@type":"Organization","@id":"https:\/\/keramamueblesdejardin.com\/pt-pt\/#organization","name":"kerama","url":"https:\/\/keramamueblesdejardin.com\/pt-pt\/","logo":{"@type":"ImageObject","inLanguage":"pt-PT","@id":"https:\/\/keramamueblesdejardin.com\/pt-pt\/#\/schema\/logo\/image\/","url":"https:\/\/keramamueblesdejardin.com\/wp-content\/uploads\/2020\/12\/k.-scaled.jpg","contentUrl":"https:\/\/keramamueblesdejardin.com\/wp-content\/uploads\/2020\/12\/k.-scaled.jpg","width":2560,"height":551,"caption":"kerama"},"image":{"@id":"https:\/\/keramamueblesdejardin.com\/pt-pt\/#\/schema\/logo\/image\/"},"sameAs":["https:\/\/www.facebook.com\/Kerama-Muebles-de-Jard\u00edn-106209328312568\/"]}]}},"df_price":1559,"df_sale_price":1559,"df_regular_price":2449,"df_image_link":"https:\/\/keramamueblesdejardin.com\/wp-content\/uploads\/2024\/03\/palermo-5-plazas-300x300.jpg","custom_tabs":[{"title":"MEDI\u00c7\u00c3O","id":"medicao","content":"<div class=\"list\">Altura: mesa 1 54cm \/\/ mesa 2 54cm \/\/ 68cm poltrona 73cm \/\/ sof\u00e1 3 lugares 68cm\r\n<strong>Largura:<\/strong> mesa 1 80 cm \/\/ mesa 2 50cm \/\/ poltrona 85cm \/\/ sof\u00e1 3 lugares 171cm\r\n<strong>Fundo:<\/strong> mesa 1 80cm \/\/ mesa 2 50cm \/\/ poltrona 78cm \/\/ sof\u00e1 3 lugares 78cm<\/div>"},{"title":"DESEMBALAR E ASSEMBL\u00c9IA","id":"desembalar-e-assembleia","content":"<div class=\"list\"><strong style=\"font-weight: bold; color: #282828;\">Recomenda\u00e7\u00f5es para desempacotar:<\/strong><span style=\"color: #282828;\"> N\u00e3o utilizar ferramentas afiadas ao desembalar o mobili\u00e1rio, pois isso pode causar danos.<\/span><br style=\"color: #282828;\" \/><strong>Montagem necess\u00e1ria (S\/N):<\/strong>\u00a0Sim\r\n<strong>Dificuldade de montagem:<\/strong>\u00a0Baixo\r\n<strong>Tempo de montagem:<\/strong> 40 minutos\r\n<strong>Pessoas recomendadas para a montagem:<\/strong>\u00a02\r\n<strong>Sugest\u00f5es da assembleia:<\/strong>\u00a0Preparar uma \u00e1rea de montagem limpa e seca, verificar se nenhuma das pe\u00e7as listadas no manual est\u00e1 em falta. Recomendamos o uso de luvas adequadas para a montagem. Utilize apenas pe\u00e7as e hardware fornecidos.<\/div>"},{"title":"MANUTEN\u00c7\u00c3O E GARANTIAS","id":"manutencao-e-garantias","content":"<div class=\"moz-signature\">\r\n<div class=\"list\"><strong>Recomenda\u00e7\u00f5es gerais:<\/strong>\r\n\u2022 Avarias ou danos causados por:\r\n\u2022 Causas acidentais como quedas, golpes, derrame de l\u00edquidos, introdu\u00e7\u00e3o de corpos estranhos, bem como qualquer outro caso de for\u00e7a maior.\r\n\u2022 Utiliza\u00e7\u00e3o negligente, impr\u00f3pria ou n\u00e3o dom\u00e9stica.\r\n\u2022 Danos, corros\u00e3o e\/ou oxida\u00e7\u00e3o acelerados por condi\u00e7\u00f5es ambientais adversas\r\n\u2022 Manchas e descolora\u00e7\u00f5es devido ao n\u00e3o respeito dos nossos slogans de limpeza\r\n\u2022 Os danos ocorreram durante a montagem e o manuseamento sem ter seguido as instru\u00e7\u00f5es de montagem indicadas.\r\n<strong>Instru\u00e7\u00f5es de utiliza\u00e7\u00e3o e manuten\u00e7\u00e3o:<\/strong>\r\n\u2022 Limpe com a ajuda de um pano suavemente ou utilize um sab\u00e3o l\u00edquido neutro, enxaguando com muita \u00e1gua.\r\n\u2022 Retire regularmente o p\u00f3 com a ajuda de um pano macio e \u00e1gua l\u00edmpia.\r\n\u2022 N\u00e3o utilize detergentes ou produtos abrasivos para a limpeza.\r\n<strong>Anos de garantia:<\/strong> 3 anos\r\n<strong>Fabricado de acordo com a Norma:<\/strong> 581-1.581-2.581-3<\/div>\r\n<\/div>"}],"_links":{"self":[{"href":"https:\/\/keramamueblesdejardin.com\/pt-pt\/wp-json\/wp\/v2\/product\/146324","targetHints":{"allow":["GET"]}}],"collection":[{"href":"https:\/\/keramamueblesdejardin.com\/pt-pt\/wp-json\/wp\/v2\/product"}],"about":[{"href":"https:\/\/keramamueblesdejardin.com\/pt-pt\/wp-json\/wp\/v2\/types\/product"}],"replies":[{"embeddable":true,"href":"https:\/\/keramamueblesdejardin.com\/pt-pt\/wp-json\/wp\/v2\/comments?post=146324"}],"wp:featuredmedia":[{"embeddable":true,"href":"https:\/\/keramamueblesdejardin.com\/pt-pt\/wp-json\/wp\/v2\/media\/145132"}],"wp:attachment":[{"href":"https:\/\/keramamueblesdejardin.com\/pt-pt\/wp-json\/wp\/v2\/media?parent=146324"}],"wp:term":[{"taxonomy":"product_brand","embeddable":true,"href":"https:\/\/keramamueblesdejardin.com\/pt-pt\/wp-json\/wp\/v2\/product_brand?post=146324"},{"taxonomy":"product_cat","embeddable":true,"href":"https:\/\/keramamueblesdejardin.com\/pt-pt\/wp-json\/wp\/v2\/product_cat?post=146324"},{"taxonomy":"product_tag","embeddable":true,"href":"https:\/\/keramamueblesdejardin.com\/pt-pt\/wp-json\/wp\/v2\/product_tag?post=146324"}],"curies":[{"name":"wp","href":"https:\/\/api.w.org\/{rel}","templated":true}]}}