{"id":142040,"date":"2024-01-02T12:34:03","date_gmt":"2024-01-02T11:34:03","guid":{"rendered":"https:\/\/keramamueblesdejardin.com\/sem%20categoria\/cozinha-exterior-em-aluminio-preto-e-teca-127x53cm-ambar\/"},"modified":"2024-07-09T11:59:59","modified_gmt":"2024-07-09T09:59:59","slug":"exterior-aluminio-preto-e-teca-cozinha-127x53cm-ambar","status":"publish","type":"product","link":"https:\/\/keramamueblesdejardin.com\/pt-pt\/sin-categoria\/exterior-aluminio-preto-e-teca-cozinha-127x53cm-ambar\/","title":{"rendered":"Cozinha exterior em alum\u00ednio preto e teca 127x53cm &#8211; \u00c2mbar"},"content":{"rendered":"<p>Cozinha exterior \u00e2mbar feita de alum\u00ednio preto e teca medindo 127x53x95cm de altura. A cozinha do jardim tem uma pia de a\u00e7o inoxid\u00e1vel com torneira e bancada de teca. A cozinha \u00e2mbar inclui 2 bandejas na parte inferior para lhe oferecer espa\u00e7o extra, os materiais utilizados t\u00eam grande durabilidade e s\u00e3o muito resistentes a climas adversos. Tem uma capa para cobri-lo.<\/p>\n","protected":false},"excerpt":{"rendered":"<p>&#8220;<\/p>\n<ul>\n<li>Cozinha de jardim em alum\u00ednio e teca<\/li>\n<li>Pia de a\u00e7o inoxid\u00e1vel, bancada de teca e espa\u00e7o de armazenamento<\/li>\n<li>Toda a madeira utilizada \u00e9 certificada pelo FSC<\/li>\n<li>Medidas: 127x53x95cm<\/li>\n<\/ul>\n<p>&#8220;<\/p>\n","protected":false},"featured_media":140698,"comment_status":"closed","ping_status":"closed","template":"","meta":{"_acf_changed":false},"product_brand":[],"product_cat":[41],"product_tag":[427,4226,4225],"class_list":{"0":"post-142040","1":"product","2":"type-product","3":"status-publish","4":"has-post-thumbnail","6":"product_cat-sin-categoria","7":"product_tag-espacos-amplos","8":"product_tag-portais","9":"product_tag-teca-pt-pt","10":"product_shipping_class-envio-gratuito-pt-pt","11":"pa_alto-95-pt-pt","12":"pa_ancho-53-pt-pt","13":"pa_coleccion-ambar","14":"pa_forma-retangular","15":"pa_largo-127-pt-pt","16":"pa_material-madeira-de-teca-aluminio","17":"pa_tamano-espacio-grande-pt-pt-2","19":"first","20":"outofstock","21":"sale","22":"purchasable","23":"product-type-simple","24":"add-to-wishlist-before_image"},"acf":[],"yoast_head":"<!-- This site is optimized with the Yoast SEO plugin v27.2 - https:\/\/yoast.com\/product\/yoast-seo-wordpress\/ -->\n<title>Cozinha exterior em alum\u00ednio preto e teca 127x53cm - \u00c2mbar - Kerama<\/title>\n<meta name=\"robots\" content=\"index, follow, max-snippet:-1, max-image-preview:large, max-video-preview:-1\" \/>\n<link rel=\"canonical\" href=\"https:\/\/keramamueblesdejardin.com\/pt-pt\/sin-categoria\/exterior-aluminio-preto-e-teca-cozinha-127x53cm-ambar\/\" \/>\n<meta property=\"og:locale\" content=\"pt_PT\" \/>\n<meta property=\"og:type\" content=\"article\" \/>\n<meta property=\"og:title\" content=\"Cozinha exterior em alum\u00ednio preto e teca 127x53cm - \u00c2mbar - Kerama\" \/>\n<meta property=\"og:description\" content=\"&quot; Cozinha de jardim em alum\u00ednio e teca Pia de a\u00e7o inoxid\u00e1vel, bancada de teca e espa\u00e7o de armazenamento Toda a madeira utilizada \u00e9 certificada pelo FSC Medidas: 127x53x95cm &quot;\" \/>\n<meta property=\"og:url\" content=\"https:\/\/keramamueblesdejardin.com\/pt-pt\/sin-categoria\/exterior-aluminio-preto-e-teca-cozinha-127x53cm-ambar\/\" \/>\n<meta property=\"og:site_name\" content=\"Kerama\" \/>\n<meta property=\"article:publisher\" content=\"https:\/\/www.facebook.com\/Kerama-Muebles-de-Jard%c3%adn-106209328312568\/\" \/>\n<meta property=\"article:modified_time\" content=\"2024-07-09T09:59:59+00:00\" \/>\n<meta property=\"og:image\" content=\"https:\/\/keramamueblesdejardin.com\/wp-content\/uploads\/2024\/01\/amber-1.jpg\" \/>\n\t<meta property=\"og:image:width\" content=\"800\" \/>\n\t<meta property=\"og:image:height\" content=\"800\" \/>\n\t<meta property=\"og:image:type\" content=\"image\/jpeg\" \/>\n<meta name=\"twitter:card\" content=\"summary_large_image\" \/>\n<script type=\"application\/ld+json\" class=\"yoast-schema-graph\">{\"@context\":\"https:\/\/schema.org\",\"@graph\":[{\"@type\":\"WebPage\",\"@id\":\"https:\/\/keramamueblesdejardin.com\/pt-pt\/sin-categoria\/exterior-aluminio-preto-e-teca-cozinha-127x53cm-ambar\/\",\"url\":\"https:\/\/keramamueblesdejardin.com\/pt-pt\/sin-categoria\/exterior-aluminio-preto-e-teca-cozinha-127x53cm-ambar\/\",\"name\":\"Cozinha exterior em alum\u00ednio preto e teca 127x53cm - \u00c2mbar - Kerama\",\"isPartOf\":{\"@id\":\"https:\/\/keramamueblesdejardin.com\/pt-pt\/#website\"},\"primaryImageOfPage\":{\"@id\":\"https:\/\/keramamueblesdejardin.com\/pt-pt\/sin-categoria\/exterior-aluminio-preto-e-teca-cozinha-127x53cm-ambar\/#primaryimage\"},\"image\":{\"@id\":\"https:\/\/keramamueblesdejardin.com\/pt-pt\/sin-categoria\/exterior-aluminio-preto-e-teca-cozinha-127x53cm-ambar\/#primaryimage\"},\"thumbnailUrl\":\"https:\/\/keramamueblesdejardin.com\/wp-content\/uploads\/2024\/01\/amber-1.jpg\",\"datePublished\":\"2024-01-02T11:34:03+00:00\",\"dateModified\":\"2024-07-09T09:59:59+00:00\",\"breadcrumb\":{\"@id\":\"https:\/\/keramamueblesdejardin.com\/pt-pt\/sin-categoria\/exterior-aluminio-preto-e-teca-cozinha-127x53cm-ambar\/#breadcrumb\"},\"inLanguage\":\"pt-PT\",\"potentialAction\":[{\"@type\":\"ReadAction\",\"target\":[\"https:\/\/keramamueblesdejardin.com\/pt-pt\/sin-categoria\/exterior-aluminio-preto-e-teca-cozinha-127x53cm-ambar\/\"]}]},{\"@type\":\"ImageObject\",\"inLanguage\":\"pt-PT\",\"@id\":\"https:\/\/keramamueblesdejardin.com\/pt-pt\/sin-categoria\/exterior-aluminio-preto-e-teca-cozinha-127x53cm-ambar\/#primaryimage\",\"url\":\"https:\/\/keramamueblesdejardin.com\/wp-content\/uploads\/2024\/01\/amber-1.jpg\",\"contentUrl\":\"https:\/\/keramamueblesdejardin.com\/wp-content\/uploads\/2024\/01\/amber-1.jpg\",\"width\":800,\"height\":800},{\"@type\":\"BreadcrumbList\",\"@id\":\"https:\/\/keramamueblesdejardin.com\/pt-pt\/sin-categoria\/exterior-aluminio-preto-e-teca-cozinha-127x53cm-ambar\/#breadcrumb\",\"itemListElement\":[{\"@type\":\"ListItem\",\"position\":1,\"name\":\"Home\",\"item\":\"https:\/\/keramamueblesdejardin.com\/pt-pt\/\"},{\"@type\":\"ListItem\",\"position\":2,\"name\":\"Tienda\",\"item\":\"https:\/\/keramamueblesdejardin.com\/pt-pt\/tienda-2\/\"},{\"@type\":\"ListItem\",\"position\":3,\"name\":\"Cozinhas exteriores\",\"item\":\"https:\/\/keramamueblesdejardin.com\/pt-pt\/cozinhas-exteriores\/\"},{\"@type\":\"ListItem\",\"position\":4,\"name\":\"Cozinha exterior em alum\u00ednio preto e teca 127x53cm &#8211; \u00c2mbar\"}]},{\"@type\":\"WebSite\",\"@id\":\"https:\/\/keramamueblesdejardin.com\/pt-pt\/#website\",\"url\":\"https:\/\/keramamueblesdejardin.com\/pt-pt\/\",\"name\":\"Kerama\",\"description\":\"muebles de jard\u00edn\",\"publisher\":{\"@id\":\"https:\/\/keramamueblesdejardin.com\/pt-pt\/#organization\"},\"potentialAction\":[{\"@type\":\"SearchAction\",\"target\":{\"@type\":\"EntryPoint\",\"urlTemplate\":\"https:\/\/keramamueblesdejardin.com\/pt-pt\/?s={search_term_string}\"},\"query-input\":{\"@type\":\"PropertyValueSpecification\",\"valueRequired\":true,\"valueName\":\"search_term_string\"}}],\"inLanguage\":\"pt-PT\"},{\"@type\":\"Organization\",\"@id\":\"https:\/\/keramamueblesdejardin.com\/pt-pt\/#organization\",\"name\":\"kerama\",\"url\":\"https:\/\/keramamueblesdejardin.com\/pt-pt\/\",\"logo\":{\"@type\":\"ImageObject\",\"inLanguage\":\"pt-PT\",\"@id\":\"https:\/\/keramamueblesdejardin.com\/pt-pt\/#\/schema\/logo\/image\/\",\"url\":\"https:\/\/keramamueblesdejardin.com\/wp-content\/uploads\/2020\/12\/k.-scaled.jpg\",\"contentUrl\":\"https:\/\/keramamueblesdejardin.com\/wp-content\/uploads\/2020\/12\/k.-scaled.jpg\",\"width\":2560,\"height\":551,\"caption\":\"kerama\"},\"image\":{\"@id\":\"https:\/\/keramamueblesdejardin.com\/pt-pt\/#\/schema\/logo\/image\/\"},\"sameAs\":[\"https:\/\/www.facebook.com\/Kerama-Muebles-de-Jard\u00edn-106209328312568\/\"]}]}<\/script>\n<!-- \/ Yoast SEO plugin. -->","yoast_head_json":{"title":"Cozinha exterior em alum\u00ednio preto e teca 127x53cm - \u00c2mbar - Kerama","robots":{"index":"index","follow":"follow","max-snippet":"max-snippet:-1","max-image-preview":"max-image-preview:large","max-video-preview":"max-video-preview:-1"},"canonical":"https:\/\/keramamueblesdejardin.com\/pt-pt\/sin-categoria\/exterior-aluminio-preto-e-teca-cozinha-127x53cm-ambar\/","og_locale":"pt_PT","og_type":"article","og_title":"Cozinha exterior em alum\u00ednio preto e teca 127x53cm - \u00c2mbar - Kerama","og_description":"\" Cozinha de jardim em alum\u00ednio e teca Pia de a\u00e7o inoxid\u00e1vel, bancada de teca e espa\u00e7o de armazenamento Toda a madeira utilizada \u00e9 certificada pelo FSC Medidas: 127x53x95cm \"","og_url":"https:\/\/keramamueblesdejardin.com\/pt-pt\/sin-categoria\/exterior-aluminio-preto-e-teca-cozinha-127x53cm-ambar\/","og_site_name":"Kerama","article_publisher":"https:\/\/www.facebook.com\/Kerama-Muebles-de-Jard%c3%adn-106209328312568\/","article_modified_time":"2024-07-09T09:59:59+00:00","og_image":[{"width":800,"height":800,"url":"https:\/\/keramamueblesdejardin.com\/wp-content\/uploads\/2024\/01\/amber-1.jpg","type":"image\/jpeg"}],"twitter_card":"summary_large_image","schema":{"@context":"https:\/\/schema.org","@graph":[{"@type":"WebPage","@id":"https:\/\/keramamueblesdejardin.com\/pt-pt\/sin-categoria\/exterior-aluminio-preto-e-teca-cozinha-127x53cm-ambar\/","url":"https:\/\/keramamueblesdejardin.com\/pt-pt\/sin-categoria\/exterior-aluminio-preto-e-teca-cozinha-127x53cm-ambar\/","name":"Cozinha exterior em alum\u00ednio preto e teca 127x53cm - \u00c2mbar - Kerama","isPartOf":{"@id":"https:\/\/keramamueblesdejardin.com\/pt-pt\/#website"},"primaryImageOfPage":{"@id":"https:\/\/keramamueblesdejardin.com\/pt-pt\/sin-categoria\/exterior-aluminio-preto-e-teca-cozinha-127x53cm-ambar\/#primaryimage"},"image":{"@id":"https:\/\/keramamueblesdejardin.com\/pt-pt\/sin-categoria\/exterior-aluminio-preto-e-teca-cozinha-127x53cm-ambar\/#primaryimage"},"thumbnailUrl":"https:\/\/keramamueblesdejardin.com\/wp-content\/uploads\/2024\/01\/amber-1.jpg","datePublished":"2024-01-02T11:34:03+00:00","dateModified":"2024-07-09T09:59:59+00:00","breadcrumb":{"@id":"https:\/\/keramamueblesdejardin.com\/pt-pt\/sin-categoria\/exterior-aluminio-preto-e-teca-cozinha-127x53cm-ambar\/#breadcrumb"},"inLanguage":"pt-PT","potentialAction":[{"@type":"ReadAction","target":["https:\/\/keramamueblesdejardin.com\/pt-pt\/sin-categoria\/exterior-aluminio-preto-e-teca-cozinha-127x53cm-ambar\/"]}]},{"@type":"ImageObject","inLanguage":"pt-PT","@id":"https:\/\/keramamueblesdejardin.com\/pt-pt\/sin-categoria\/exterior-aluminio-preto-e-teca-cozinha-127x53cm-ambar\/#primaryimage","url":"https:\/\/keramamueblesdejardin.com\/wp-content\/uploads\/2024\/01\/amber-1.jpg","contentUrl":"https:\/\/keramamueblesdejardin.com\/wp-content\/uploads\/2024\/01\/amber-1.jpg","width":800,"height":800},{"@type":"BreadcrumbList","@id":"https:\/\/keramamueblesdejardin.com\/pt-pt\/sin-categoria\/exterior-aluminio-preto-e-teca-cozinha-127x53cm-ambar\/#breadcrumb","itemListElement":[{"@type":"ListItem","position":1,"name":"Home","item":"https:\/\/keramamueblesdejardin.com\/pt-pt\/"},{"@type":"ListItem","position":2,"name":"Tienda","item":"https:\/\/keramamueblesdejardin.com\/pt-pt\/tienda-2\/"},{"@type":"ListItem","position":3,"name":"Cozinhas exteriores","item":"https:\/\/keramamueblesdejardin.com\/pt-pt\/cozinhas-exteriores\/"},{"@type":"ListItem","position":4,"name":"Cozinha exterior em alum\u00ednio preto e teca 127x53cm &#8211; \u00c2mbar"}]},{"@type":"WebSite","@id":"https:\/\/keramamueblesdejardin.com\/pt-pt\/#website","url":"https:\/\/keramamueblesdejardin.com\/pt-pt\/","name":"Kerama","description":"muebles de jard\u00edn","publisher":{"@id":"https:\/\/keramamueblesdejardin.com\/pt-pt\/#organization"},"potentialAction":[{"@type":"SearchAction","target":{"@type":"EntryPoint","urlTemplate":"https:\/\/keramamueblesdejardin.com\/pt-pt\/?s={search_term_string}"},"query-input":{"@type":"PropertyValueSpecification","valueRequired":true,"valueName":"search_term_string"}}],"inLanguage":"pt-PT"},{"@type":"Organization","@id":"https:\/\/keramamueblesdejardin.com\/pt-pt\/#organization","name":"kerama","url":"https:\/\/keramamueblesdejardin.com\/pt-pt\/","logo":{"@type":"ImageObject","inLanguage":"pt-PT","@id":"https:\/\/keramamueblesdejardin.com\/pt-pt\/#\/schema\/logo\/image\/","url":"https:\/\/keramamueblesdejardin.com\/wp-content\/uploads\/2020\/12\/k.-scaled.jpg","contentUrl":"https:\/\/keramamueblesdejardin.com\/wp-content\/uploads\/2020\/12\/k.-scaled.jpg","width":2560,"height":551,"caption":"kerama"},"image":{"@id":"https:\/\/keramamueblesdejardin.com\/pt-pt\/#\/schema\/logo\/image\/"},"sameAs":["https:\/\/www.facebook.com\/Kerama-Muebles-de-Jard\u00edn-106209328312568\/"]}]}},"df_price":1999,"df_sale_price":1999,"df_regular_price":2859,"df_image_link":"https:\/\/keramamueblesdejardin.com\/wp-content\/uploads\/2024\/01\/amber-1-300x300.jpg","custom_tabs":[{"title":"MEDI\u00c7\u00c3O","id":"medi\u00e7\u00e3o","content":"\"<div class=\"\" list=\"\">Altura: 95cm <\/div>\n<div class=\"\" list=\"\"><strong>Largura: <\/strong> 127cm<\/div>\n<div class=\"\" list=\"\"><strong>Profundidade: <\/strong>53cm<\/div>\""},{"title":"DESEMBALAR E ASSEMBL\u00c9IA","id":"desembalar-e-assembleia","content":"<strong>Recomenda\u00e7\u00f5es de desembalagem:<\/strong> N\u00e3o utilize utens\u00edlios afiados ao desempacotar o mobili\u00e1rio, pois pode causar danos\n<strong>Requer montagem (sim\/n\u00e3o):<\/strong> N\u00e3o"},{"title":"MANUTEN\u00c7\u00c3O E GARANTIAS","id":"manutencao-e-garantias","content":"<p><strong>Recomenda\u00e7\u00f5es gerais:<\/strong><br>\u2022 Avarias ou danos causados por:<br>\u2022 Causas acidentais como quedas, golpes, derrame de l\u00edquidos, introdu\u00e7\u00e3o de corpos estranhos, bem como qualquer outro caso de for\u00e7a maior.<br>\u2022 Utiliza\u00e7\u00e3o negligente, impr\u00f3pria ou n\u00e3o dom\u00e9stica.<br>\u2022 Danos, corros\u00e3o e\/ou oxida\u00e7\u00e3o acelerados por condi\u00e7\u00f5es ambientais adversas<br>\u2022 Manchas e descolora\u00e7\u00f5es devido ao n\u00e3o respeito dos nossos slogans de limpeza<br>\u2022 Os danos ocorreram durante a montagem e o manuseamento sem ter seguido as instru\u00e7\u00f5es de montagem indicadas.<br><strong>Instru\u00e7\u00f5es de utiliza\u00e7\u00e3o e manuten\u00e7\u00e3o:<\/strong><br>\u2022 Limpe com a ajuda de um pano suavemente ou utilize um sab\u00e3o l\u00edquido neutro, enxaguando com muita \u00e1gua.<br>\u2022 Retire regularmente o p\u00f3 com a ajuda de um pano macio e \u00e1gua l\u00edmpia.<br>\u2022 N\u00e3o utilize detergentes ou produtos abrasivos para a limpeza.<br>\u2022 Tratamento com \u00f3leo de linha\u00e7a: Antes de aplicar uma camada de \u00f3leo de linho no produto no seu estado natural, \u00e9 conveniente deix\u00e1-lo l\u00e1 fora durante 2 ou 3 semanas, de modo a ter uma apar\u00eancia homog\u00e9nea e arej\u00e1-lo. Limpe com \u00e1gua limpa com uma escova e deixe secar. Uma vez bem seco, deve ser lixado com uma folha de lixa de peso entre 120 e 150 cuidadosamente e sem apertar, seguindo, na medida do poss\u00edvel, a dire\u00e7\u00e3o das veias; esta opera\u00e7\u00e3o nunca \u00e9 realizada nas primeiras horas do dia.<br>Para manter a cor \u00e9 aconselh\u00e1vel repetir o processo uma ou duas vezes por ano.<br>Se o \u00f3leo de linho j\u00e1 tiver sido aplicado no mobili\u00e1rio, \u00e9 conveniente lix\u00e1-lo de tr\u00eas em tr\u00eas anos para que as sucessivas camadas de \u00f3leo n\u00e3o impe\u00e7am a transpira\u00e7\u00e3o da madeira.<br><strong>Anos de garantia:<\/strong> 3 anos<br><strong>Fabricado de acordo com a Norma:<\/strong> 581-1.581-2.581-3<br><strong>Certificado FSC (S\/N):<\/strong> Sim<\/p>"}],"_links":{"self":[{"href":"https:\/\/keramamueblesdejardin.com\/pt-pt\/wp-json\/wp\/v2\/product\/142040","targetHints":{"allow":["GET"]}}],"collection":[{"href":"https:\/\/keramamueblesdejardin.com\/pt-pt\/wp-json\/wp\/v2\/product"}],"about":[{"href":"https:\/\/keramamueblesdejardin.com\/pt-pt\/wp-json\/wp\/v2\/types\/product"}],"replies":[{"embeddable":true,"href":"https:\/\/keramamueblesdejardin.com\/pt-pt\/wp-json\/wp\/v2\/comments?post=142040"}],"wp:featuredmedia":[{"embeddable":true,"href":"https:\/\/keramamueblesdejardin.com\/pt-pt\/wp-json\/wp\/v2\/media\/140698"}],"wp:attachment":[{"href":"https:\/\/keramamueblesdejardin.com\/pt-pt\/wp-json\/wp\/v2\/media?parent=142040"}],"wp:term":[{"taxonomy":"product_brand","embeddable":true,"href":"https:\/\/keramamueblesdejardin.com\/pt-pt\/wp-json\/wp\/v2\/product_brand?post=142040"},{"taxonomy":"product_cat","embeddable":true,"href":"https:\/\/keramamueblesdejardin.com\/pt-pt\/wp-json\/wp\/v2\/product_cat?post=142040"},{"taxonomy":"product_tag","embeddable":true,"href":"https:\/\/keramamueblesdejardin.com\/pt-pt\/wp-json\/wp\/v2\/product_tag?post=142040"}],"curies":[{"name":"wp","href":"https:\/\/api.w.org\/{rel}","templated":true}]}}