{"id":141730,"date":"2024-01-02T12:36:16","date_gmt":"2024-01-02T11:36:16","guid":{"rendered":"https:\/\/keramamueblesdejardin.com\/sem%20categoria\/conjunto-exterior-de-4-lugares-em-aluminio-branco-e-mesa-de-centro-de-teca-portals\/"},"modified":"2024-06-03T12:24:03","modified_gmt":"2024-06-03T10:24:03","slug":"portais-exteriores-set-4-seater-white-aluminium-and-low-teak-table-portals","status":"publish","type":"product","link":"https:\/\/keramamueblesdejardin.com\/pt-pt\/lounges-ao-ar-livre\/conjuntos-de-jardim\/portais-exteriores-set-4-seater-white-aluminium-and-low-teak-table-portals\/","title":{"rendered":"Conjunto exterior de 4 lugares em alum\u00ednio branco e mesa de centro de teca &#8211; Portals"},"content":{"rendered":"<p>Conjunto de 4 lugares com estrutura de alum\u00ednio fundido branco com mesa de centro de teca certificada pelo FSC. Inclui uma mesa de centro com tampos de teca. As almofadas s\u00e3o feitas de oleofina cinzenta. Medidas: 172x78x73cm Altura do assento: 43cm. Altura da mesa: 72x72x32cm<\/p>\n","protected":false},"excerpt":{"rendered":"<ul>\n<li>Estrutura de alum\u00ednio fundido em branco<\/li>\n<li>Mesa de apoio em madeira de teca certificada pelo FSC<\/li>\n<li>Almofadas de oleofina cinzenta<\/li>\n<li>  Sof\u00e1 172x78x73cm Mesa: 72x72x32cm<\/li>\n<\/ul>\n","protected":false},"featured_media":141628,"comment_status":"closed","ping_status":"closed","template":"","meta":{"_acf_changed":false},"product_brand":[],"product_cat":[445,446],"product_tag":[4226],"class_list":{"0":"post-141730","1":"product","2":"type-product","3":"status-publish","4":"has-post-thumbnail","6":"product_cat-conjuntos-de-jardim","7":"product_cat-lounges-ao-ar-livre","8":"product_tag-portais","9":"product_shipping_class-envio-gratuito-pt-pt","10":"pa_alto-73-pt-pt","11":"pa_ancho-172-pt-pt","12":"pa_asientos-4-pt-pt","13":"pa_coleccion-portais","14":"pa_largo-180-pt-pt","15":"pa_material-madeira-de-teca-aluminio-oolefina","17":"first","18":"outofstock","19":"sale","20":"purchasable","21":"product-type-simple","22":"add-to-wishlist-before_image"},"acf":[],"yoast_head":"<!-- This site is optimized with the Yoast SEO plugin v27.2 - https:\/\/yoast.com\/product\/yoast-seo-wordpress\/ -->\n<title>Conjunto exterior de 4 lugares em alum\u00ednio branco e mesa de centro de teca - Portals - Kerama<\/title>\n<meta name=\"robots\" content=\"index, follow, max-snippet:-1, max-image-preview:large, max-video-preview:-1\" \/>\n<link rel=\"canonical\" href=\"https:\/\/keramamueblesdejardin.com\/pt-pt\/lounges-ao-ar-livre\/conjuntos-de-jardim\/portais-exteriores-set-4-seater-white-aluminium-and-low-teak-table-portals\/\" \/>\n<meta property=\"og:locale\" content=\"pt_PT\" \/>\n<meta property=\"og:type\" content=\"article\" \/>\n<meta property=\"og:title\" content=\"Conjunto exterior de 4 lugares em alum\u00ednio branco e mesa de centro de teca - Portals - Kerama\" \/>\n<meta property=\"og:description\" content=\"Estrutura de alum\u00ednio fundido em branco Mesa de apoio em madeira de teca certificada pelo FSC Almofadas de oleofina cinzenta  Sof\u00e1 172x78x73cm Mesa: 72x72x32cm\" \/>\n<meta property=\"og:url\" content=\"https:\/\/keramamueblesdejardin.com\/pt-pt\/lounges-ao-ar-livre\/conjuntos-de-jardim\/portais-exteriores-set-4-seater-white-aluminium-and-low-teak-table-portals\/\" \/>\n<meta property=\"og:site_name\" content=\"Kerama\" \/>\n<meta property=\"article:publisher\" content=\"https:\/\/www.facebook.com\/Kerama-Muebles-de-Jard%c3%adn-106209328312568\/\" \/>\n<meta property=\"article:modified_time\" content=\"2024-06-03T10:24:03+00:00\" \/>\n<meta property=\"og:image\" content=\"https:\/\/keramamueblesdejardin.com\/wp-content\/uploads\/2024\/01\/conjutno-4-mesa.jpg\" \/>\n\t<meta property=\"og:image:width\" content=\"1200\" \/>\n\t<meta property=\"og:image:height\" content=\"1200\" \/>\n\t<meta property=\"og:image:type\" content=\"image\/jpeg\" \/>\n<meta name=\"twitter:card\" content=\"summary_large_image\" \/>\n<script type=\"application\/ld+json\" class=\"yoast-schema-graph\">{\"@context\":\"https:\/\/schema.org\",\"@graph\":[{\"@type\":\"WebPage\",\"@id\":\"https:\/\/keramamueblesdejardin.com\/pt-pt\/lounges-ao-ar-livre\/conjuntos-de-jardim\/portais-exteriores-set-4-seater-white-aluminium-and-low-teak-table-portals\/\",\"url\":\"https:\/\/keramamueblesdejardin.com\/pt-pt\/lounges-ao-ar-livre\/conjuntos-de-jardim\/portais-exteriores-set-4-seater-white-aluminium-and-low-teak-table-portals\/\",\"name\":\"Conjunto exterior de 4 lugares em alum\u00ednio branco e mesa de centro de teca - Portals - Kerama\",\"isPartOf\":{\"@id\":\"https:\/\/keramamueblesdejardin.com\/pt-pt\/#website\"},\"primaryImageOfPage\":{\"@id\":\"https:\/\/keramamueblesdejardin.com\/pt-pt\/lounges-ao-ar-livre\/conjuntos-de-jardim\/portais-exteriores-set-4-seater-white-aluminium-and-low-teak-table-portals\/#primaryimage\"},\"image\":{\"@id\":\"https:\/\/keramamueblesdejardin.com\/pt-pt\/lounges-ao-ar-livre\/conjuntos-de-jardim\/portais-exteriores-set-4-seater-white-aluminium-and-low-teak-table-portals\/#primaryimage\"},\"thumbnailUrl\":\"https:\/\/keramamueblesdejardin.com\/wp-content\/uploads\/2024\/01\/conjutno-4-mesa.jpg\",\"datePublished\":\"2024-01-02T11:36:16+00:00\",\"dateModified\":\"2024-06-03T10:24:03+00:00\",\"breadcrumb\":{\"@id\":\"https:\/\/keramamueblesdejardin.com\/pt-pt\/lounges-ao-ar-livre\/conjuntos-de-jardim\/portais-exteriores-set-4-seater-white-aluminium-and-low-teak-table-portals\/#breadcrumb\"},\"inLanguage\":\"pt-PT\",\"potentialAction\":[{\"@type\":\"ReadAction\",\"target\":[\"https:\/\/keramamueblesdejardin.com\/pt-pt\/lounges-ao-ar-livre\/conjuntos-de-jardim\/portais-exteriores-set-4-seater-white-aluminium-and-low-teak-table-portals\/\"]}]},{\"@type\":\"ImageObject\",\"inLanguage\":\"pt-PT\",\"@id\":\"https:\/\/keramamueblesdejardin.com\/pt-pt\/lounges-ao-ar-livre\/conjuntos-de-jardim\/portais-exteriores-set-4-seater-white-aluminium-and-low-teak-table-portals\/#primaryimage\",\"url\":\"https:\/\/keramamueblesdejardin.com\/wp-content\/uploads\/2024\/01\/conjutno-4-mesa.jpg\",\"contentUrl\":\"https:\/\/keramamueblesdejardin.com\/wp-content\/uploads\/2024\/01\/conjutno-4-mesa.jpg\",\"width\":1200,\"height\":1200},{\"@type\":\"BreadcrumbList\",\"@id\":\"https:\/\/keramamueblesdejardin.com\/pt-pt\/lounges-ao-ar-livre\/conjuntos-de-jardim\/portais-exteriores-set-4-seater-white-aluminium-and-low-teak-table-portals\/#breadcrumb\",\"itemListElement\":[{\"@type\":\"ListItem\",\"position\":1,\"name\":\"Home\",\"item\":\"https:\/\/keramamueblesdejardin.com\/pt-pt\/\"},{\"@type\":\"ListItem\",\"position\":2,\"name\":\"Tienda\",\"item\":\"https:\/\/keramamueblesdejardin.com\/pt-pt\/tienda-2\/\"},{\"@type\":\"ListItem\",\"position\":3,\"name\":\"Lounges ao ar livre\",\"item\":\"https:\/\/keramamueblesdejardin.com\/pt-pt\/lounges-ao-ar-livre\/\"},{\"@type\":\"ListItem\",\"position\":4,\"name\":\"Conjuntos de jardim\",\"item\":\"https:\/\/keramamueblesdejardin.com\/pt-pt\/lounges-ao-ar-livre\/conjuntos-de-jardim\/\"},{\"@type\":\"ListItem\",\"position\":5,\"name\":\"Conjunto exterior de 4 lugares em alum\u00ednio branco e mesa de centro de teca &#8211; Portals\"}]},{\"@type\":\"WebSite\",\"@id\":\"https:\/\/keramamueblesdejardin.com\/pt-pt\/#website\",\"url\":\"https:\/\/keramamueblesdejardin.com\/pt-pt\/\",\"name\":\"Kerama\",\"description\":\"muebles de jard\u00edn\",\"publisher\":{\"@id\":\"https:\/\/keramamueblesdejardin.com\/pt-pt\/#organization\"},\"potentialAction\":[{\"@type\":\"SearchAction\",\"target\":{\"@type\":\"EntryPoint\",\"urlTemplate\":\"https:\/\/keramamueblesdejardin.com\/pt-pt\/?s={search_term_string}\"},\"query-input\":{\"@type\":\"PropertyValueSpecification\",\"valueRequired\":true,\"valueName\":\"search_term_string\"}}],\"inLanguage\":\"pt-PT\"},{\"@type\":\"Organization\",\"@id\":\"https:\/\/keramamueblesdejardin.com\/pt-pt\/#organization\",\"name\":\"kerama\",\"url\":\"https:\/\/keramamueblesdejardin.com\/pt-pt\/\",\"logo\":{\"@type\":\"ImageObject\",\"inLanguage\":\"pt-PT\",\"@id\":\"https:\/\/keramamueblesdejardin.com\/pt-pt\/#\/schema\/logo\/image\/\",\"url\":\"https:\/\/keramamueblesdejardin.com\/wp-content\/uploads\/2020\/12\/k.-scaled.jpg\",\"contentUrl\":\"https:\/\/keramamueblesdejardin.com\/wp-content\/uploads\/2020\/12\/k.-scaled.jpg\",\"width\":2560,\"height\":551,\"caption\":\"kerama\"},\"image\":{\"@id\":\"https:\/\/keramamueblesdejardin.com\/pt-pt\/#\/schema\/logo\/image\/\"},\"sameAs\":[\"https:\/\/www.facebook.com\/Kerama-Muebles-de-Jard\u00edn-106209328312568\/\"]}]}<\/script>\n<!-- \/ Yoast SEO plugin. -->","yoast_head_json":{"title":"Conjunto exterior de 4 lugares em alum\u00ednio branco e mesa de centro de teca - Portals - Kerama","robots":{"index":"index","follow":"follow","max-snippet":"max-snippet:-1","max-image-preview":"max-image-preview:large","max-video-preview":"max-video-preview:-1"},"canonical":"https:\/\/keramamueblesdejardin.com\/pt-pt\/lounges-ao-ar-livre\/conjuntos-de-jardim\/portais-exteriores-set-4-seater-white-aluminium-and-low-teak-table-portals\/","og_locale":"pt_PT","og_type":"article","og_title":"Conjunto exterior de 4 lugares em alum\u00ednio branco e mesa de centro de teca - Portals - Kerama","og_description":"Estrutura de alum\u00ednio fundido em branco Mesa de apoio em madeira de teca certificada pelo FSC Almofadas de oleofina cinzenta  Sof\u00e1 172x78x73cm Mesa: 72x72x32cm","og_url":"https:\/\/keramamueblesdejardin.com\/pt-pt\/lounges-ao-ar-livre\/conjuntos-de-jardim\/portais-exteriores-set-4-seater-white-aluminium-and-low-teak-table-portals\/","og_site_name":"Kerama","article_publisher":"https:\/\/www.facebook.com\/Kerama-Muebles-de-Jard%c3%adn-106209328312568\/","article_modified_time":"2024-06-03T10:24:03+00:00","og_image":[{"width":1200,"height":1200,"url":"https:\/\/keramamueblesdejardin.com\/wp-content\/uploads\/2024\/01\/conjutno-4-mesa.jpg","type":"image\/jpeg"}],"twitter_card":"summary_large_image","schema":{"@context":"https:\/\/schema.org","@graph":[{"@type":"WebPage","@id":"https:\/\/keramamueblesdejardin.com\/pt-pt\/lounges-ao-ar-livre\/conjuntos-de-jardim\/portais-exteriores-set-4-seater-white-aluminium-and-low-teak-table-portals\/","url":"https:\/\/keramamueblesdejardin.com\/pt-pt\/lounges-ao-ar-livre\/conjuntos-de-jardim\/portais-exteriores-set-4-seater-white-aluminium-and-low-teak-table-portals\/","name":"Conjunto exterior de 4 lugares em alum\u00ednio branco e mesa de centro de teca - Portals - Kerama","isPartOf":{"@id":"https:\/\/keramamueblesdejardin.com\/pt-pt\/#website"},"primaryImageOfPage":{"@id":"https:\/\/keramamueblesdejardin.com\/pt-pt\/lounges-ao-ar-livre\/conjuntos-de-jardim\/portais-exteriores-set-4-seater-white-aluminium-and-low-teak-table-portals\/#primaryimage"},"image":{"@id":"https:\/\/keramamueblesdejardin.com\/pt-pt\/lounges-ao-ar-livre\/conjuntos-de-jardim\/portais-exteriores-set-4-seater-white-aluminium-and-low-teak-table-portals\/#primaryimage"},"thumbnailUrl":"https:\/\/keramamueblesdejardin.com\/wp-content\/uploads\/2024\/01\/conjutno-4-mesa.jpg","datePublished":"2024-01-02T11:36:16+00:00","dateModified":"2024-06-03T10:24:03+00:00","breadcrumb":{"@id":"https:\/\/keramamueblesdejardin.com\/pt-pt\/lounges-ao-ar-livre\/conjuntos-de-jardim\/portais-exteriores-set-4-seater-white-aluminium-and-low-teak-table-portals\/#breadcrumb"},"inLanguage":"pt-PT","potentialAction":[{"@type":"ReadAction","target":["https:\/\/keramamueblesdejardin.com\/pt-pt\/lounges-ao-ar-livre\/conjuntos-de-jardim\/portais-exteriores-set-4-seater-white-aluminium-and-low-teak-table-portals\/"]}]},{"@type":"ImageObject","inLanguage":"pt-PT","@id":"https:\/\/keramamueblesdejardin.com\/pt-pt\/lounges-ao-ar-livre\/conjuntos-de-jardim\/portais-exteriores-set-4-seater-white-aluminium-and-low-teak-table-portals\/#primaryimage","url":"https:\/\/keramamueblesdejardin.com\/wp-content\/uploads\/2024\/01\/conjutno-4-mesa.jpg","contentUrl":"https:\/\/keramamueblesdejardin.com\/wp-content\/uploads\/2024\/01\/conjutno-4-mesa.jpg","width":1200,"height":1200},{"@type":"BreadcrumbList","@id":"https:\/\/keramamueblesdejardin.com\/pt-pt\/lounges-ao-ar-livre\/conjuntos-de-jardim\/portais-exteriores-set-4-seater-white-aluminium-and-low-teak-table-portals\/#breadcrumb","itemListElement":[{"@type":"ListItem","position":1,"name":"Home","item":"https:\/\/keramamueblesdejardin.com\/pt-pt\/"},{"@type":"ListItem","position":2,"name":"Tienda","item":"https:\/\/keramamueblesdejardin.com\/pt-pt\/tienda-2\/"},{"@type":"ListItem","position":3,"name":"Lounges ao ar livre","item":"https:\/\/keramamueblesdejardin.com\/pt-pt\/lounges-ao-ar-livre\/"},{"@type":"ListItem","position":4,"name":"Conjuntos de jardim","item":"https:\/\/keramamueblesdejardin.com\/pt-pt\/lounges-ao-ar-livre\/conjuntos-de-jardim\/"},{"@type":"ListItem","position":5,"name":"Conjunto exterior de 4 lugares em alum\u00ednio branco e mesa de centro de teca &#8211; Portals"}]},{"@type":"WebSite","@id":"https:\/\/keramamueblesdejardin.com\/pt-pt\/#website","url":"https:\/\/keramamueblesdejardin.com\/pt-pt\/","name":"Kerama","description":"muebles de jard\u00edn","publisher":{"@id":"https:\/\/keramamueblesdejardin.com\/pt-pt\/#organization"},"potentialAction":[{"@type":"SearchAction","target":{"@type":"EntryPoint","urlTemplate":"https:\/\/keramamueblesdejardin.com\/pt-pt\/?s={search_term_string}"},"query-input":{"@type":"PropertyValueSpecification","valueRequired":true,"valueName":"search_term_string"}}],"inLanguage":"pt-PT"},{"@type":"Organization","@id":"https:\/\/keramamueblesdejardin.com\/pt-pt\/#organization","name":"kerama","url":"https:\/\/keramamueblesdejardin.com\/pt-pt\/","logo":{"@type":"ImageObject","inLanguage":"pt-PT","@id":"https:\/\/keramamueblesdejardin.com\/pt-pt\/#\/schema\/logo\/image\/","url":"https:\/\/keramamueblesdejardin.com\/wp-content\/uploads\/2020\/12\/k.-scaled.jpg","contentUrl":"https:\/\/keramamueblesdejardin.com\/wp-content\/uploads\/2020\/12\/k.-scaled.jpg","width":2560,"height":551,"caption":"kerama"},"image":{"@id":"https:\/\/keramamueblesdejardin.com\/pt-pt\/#\/schema\/logo\/image\/"},"sameAs":["https:\/\/www.facebook.com\/Kerama-Muebles-de-Jard\u00edn-106209328312568\/"]}]}},"df_price":1999,"df_sale_price":1999,"df_regular_price":2969,"df_image_link":"https:\/\/keramamueblesdejardin.com\/wp-content\/uploads\/2024\/01\/conjutno-4-mesa-300x300.jpg","custom_tabs":[{"title":"MEDI\u00c7\u00c3O","id":"medi\u00e7\u00e3o","content":"<div class=\"\" list=\"\"><strong>Altura: <\/strong> sof\u00e1 73cm \/ mesa 32cm<\/div>\n<div class=\"\" list=\"\"><strong>Largura: <\/strong> sof\u00e1 78cm \/ mesa 72cm<\/div>\n<div class=\"\" list=\"\"><strong>Fundo: <\/strong> sof\u00e1 172cm \/ mesa 72cm<\/div>"},{"title":"DESEMBALAR E ASSEMBL\u00c9IA","id":"desembalar-e-assembleia","content":"<strong>Recomenda\u00e7\u00f5es de desembalagem:<\/strong> N\u00e3o utilize utens\u00edlios afiados ao desempacotar o mobili\u00e1rio, pois pode causar danos\n<strong>Requer montagem (sim\/n\u00e3o):<\/strong> Sim\n<strong>Dificuldade de montagem:<\/strong> Acidente\n<strong>Tempo de montagem:<\/strong> 20 minutos\n<strong>Pessoas recomendadas para montagem:<\/strong> 2\n<strong>Sugest\u00f5es de montagem:<\/strong> Prepare uma \u00e1rea de montagem limpa e seca, verifique se n\u00e3o faltam nenhuma das pe\u00e7as indicadas no manual. Recomendamos o uso de luvas adequadas para a montagem. Utilize apenas pe\u00e7as e hardware fornecidos. N\u00c3O recomendamos a op\u00e7\u00e3o de compra com montagem para este item, uma vez que a dificuldade de montagem \u00e9 muito baixa."},{"title":"MANUTEN\u00c7\u00c3O E GARANTIAS","id":"manutencao-e-garantias","content":"<strong>Recomenda\u00e7\u00f5es gerais:<\/strong>\n\u2022 Avarias ou danos causados por:\n\u2022 Causas acidentais como quedas, golpes, derrame de l\u00edquidos, introdu\u00e7\u00e3o de corpos estranhos, bem como qualquer outro caso de for\u00e7a maior.\n\u2022 Utiliza\u00e7\u00e3o negligente, impr\u00f3pria ou n\u00e3o dom\u00e9stica.\n\u2022 Danos, corros\u00e3o e\/ou oxida\u00e7\u00e3o acelerados por condi\u00e7\u00f5es ambientais adversas\n\u2022 Manchas e descolora\u00e7\u00f5es devido ao n\u00e3o respeito dos nossos slogans de limpeza\n\u2022 Os danos ocorreram durante a montagem e o manuseamento sem ter seguido as instru\u00e7\u00f5es de montagem indicadas.\n<strong>Instru\u00e7\u00f5es de utiliza\u00e7\u00e3o e manuten\u00e7\u00e3o:<\/strong>\n\u2022 Limpe com a ajuda de um pano suavemente ou utilize um sab\u00e3o l\u00edquido neutro, enxaguando com muita \u00e1gua.\n\u2022 Retire regularmente o p\u00f3 com a ajuda de um pano macio e \u00e1gua l\u00edmpia.\n\u2022 N\u00e3o utilize detergentes ou produtos abrasivos para a limpeza.\n\u2022 Tratamento com \u00f3leo de linha\u00e7a: Antes de aplicar uma camada de \u00f3leo de linho no produto no seu estado natural, \u00e9 conveniente deix\u00e1-lo l\u00e1 fora durante 2 ou 3 semanas, de modo a ter uma apar\u00eancia homog\u00e9nea e arej\u00e1-lo. Limpe com \u00e1gua limpa com uma escova e deixe secar. Uma vez bem seco, deve ser lixado com uma folha de lixa de peso entre 120 e 150 cuidadosamente e sem apertar, seguindo, na medida do poss\u00edvel, a dire\u00e7\u00e3o das veias; esta opera\u00e7\u00e3o nunca \u00e9 realizada nas primeiras horas do dia.\nPara manter a cor \u00e9 aconselh\u00e1vel repetir o processo uma ou duas vezes por ano.\nSe o \u00f3leo de linho j\u00e1 tiver sido aplicado no mobili\u00e1rio, \u00e9 conveniente lix\u00e1-lo de tr\u00eas em tr\u00eas anos para que as sucessivas camadas de \u00f3leo n\u00e3o impe\u00e7am a transpira\u00e7\u00e3o da madeira.\n<strong>Anos de garantia:<\/strong> 3 anos\n<strong>Fabricado de acordo com a Norma:<\/strong> 581-1.581-2.581-3\n<strong>Certificado FSC (S\/N):<\/strong> Sim"}],"_links":{"self":[{"href":"https:\/\/keramamueblesdejardin.com\/pt-pt\/wp-json\/wp\/v2\/product\/141730","targetHints":{"allow":["GET"]}}],"collection":[{"href":"https:\/\/keramamueblesdejardin.com\/pt-pt\/wp-json\/wp\/v2\/product"}],"about":[{"href":"https:\/\/keramamueblesdejardin.com\/pt-pt\/wp-json\/wp\/v2\/types\/product"}],"replies":[{"embeddable":true,"href":"https:\/\/keramamueblesdejardin.com\/pt-pt\/wp-json\/wp\/v2\/comments?post=141730"}],"wp:featuredmedia":[{"embeddable":true,"href":"https:\/\/keramamueblesdejardin.com\/pt-pt\/wp-json\/wp\/v2\/media\/141628"}],"wp:attachment":[{"href":"https:\/\/keramamueblesdejardin.com\/pt-pt\/wp-json\/wp\/v2\/media?parent=141730"}],"wp:term":[{"taxonomy":"product_brand","embeddable":true,"href":"https:\/\/keramamueblesdejardin.com\/pt-pt\/wp-json\/wp\/v2\/product_brand?post=141730"},{"taxonomy":"product_cat","embeddable":true,"href":"https:\/\/keramamueblesdejardin.com\/pt-pt\/wp-json\/wp\/v2\/product_cat?post=141730"},{"taxonomy":"product_tag","embeddable":true,"href":"https:\/\/keramamueblesdejardin.com\/pt-pt\/wp-json\/wp\/v2\/product_tag?post=141730"}],"curies":[{"name":"wp","href":"https:\/\/api.w.org\/{rel}","templated":true}]}}