{"id":32792,"date":"2021-01-19T12:37:15","date_gmt":"2021-01-19T11:37:15","guid":{"rendered":"https:\/\/keramamueblesdejardin.com\/metodos-de-pagamento\/"},"modified":"2026-02-11T14:52:38","modified_gmt":"2026-02-11T13:52:38","slug":"metodos-de-pagamento","status":"publish","type":"page","link":"https:\/\/keramamueblesdejardin.com\/pt-pt\/metodos-de-pagamento\/","title":{"rendered":"M\u00e9todos de pagamento"},"content":{"rendered":"\t\t<div data-elementor-type=\"wp-page\" data-elementor-id=\"32792\" class=\"elementor elementor-32792 elementor-7277\" data-elementor-post-type=\"page\">\n\t\t\t\t<div class=\"elementor-element elementor-element-c7bb200 e-flex e-con-boxed e-con e-parent\" data-id=\"c7bb200\" data-element_type=\"container\" data-e-type=\"container\" data-settings=\"{&quot;background_background&quot;:&quot;classic&quot;}\">\n\t\t\t\t\t<div class=\"e-con-inner\">\n\t\t\t\t<div class=\"elementor-element elementor-element-c2d1d4f elementor-widget elementor-widget-image\" data-id=\"c2d1d4f\" data-element_type=\"widget\" data-e-type=\"widget\" data-widget_type=\"image.default\">\n\t\t\t\t<div class=\"elementor-widget-container\">\n\t\t\t\t\t\t\t\t\t\t\t\t\t\t\t<img fetchpriority=\"high\" decoding=\"async\" width=\"800\" height=\"174\" src=\"https:\/\/keramamueblesdejardin.com\/wp-content\/uploads\/2025\/05\/logo-kerama.png\" class=\"attachment-large size-large wp-image-178529\" alt=\"\" srcset=\"https:\/\/keramamueblesdejardin.com\/wp-content\/uploads\/2025\/05\/logo-kerama.png 800w, https:\/\/keramamueblesdejardin.com\/wp-content\/uploads\/2025\/05\/logo-kerama-300x65.png 300w, https:\/\/keramamueblesdejardin.com\/wp-content\/uploads\/2025\/05\/logo-kerama-768x167.png 768w\" sizes=\"(max-width: 800px) 100vw, 800px\" \/>\t\t\t\t\t\t\t\t\t\t\t\t\t\t\t<\/div>\n\t\t\t\t<\/div>\n\t\t\t\t<div class=\"elementor-element elementor-element-ffcd1fe elementor-widget__width-initial elementor-widget elementor-widget-heading\" data-id=\"ffcd1fe\" data-element_type=\"widget\" data-e-type=\"widget\" data-widget_type=\"heading.default\">\n\t\t\t\t<div class=\"elementor-widget-container\">\n\t\t\t\t\t<div class=\"elementor-heading-title elementor-size-default\">M\u00e9todos de pagamento<\/div>\t\t\t\t<\/div>\n\t\t\t\t<\/div>\n\t\t\t\t<div class=\"elementor-element elementor-element-204e963 elementor-widget elementor-widget-image\" data-id=\"204e963\" data-element_type=\"widget\" data-e-type=\"widget\" data-widget_type=\"image.default\">\n\t\t\t\t<div class=\"elementor-widget-container\">\n\t\t\t\t\t\t\t\t\t\t\t\t\t\t\t<img decoding=\"async\" width=\"48\" height=\"48\" src=\"https:\/\/keramamueblesdejardin.com\/wp-content\/uploads\/2025\/12\/arrow_cool_down.svg\" class=\"attachment-full size-full wp-image-192120\" alt=\"\" \/>\t\t\t\t\t\t\t\t\t\t\t\t\t\t\t<\/div>\n\t\t\t\t<\/div>\n\t\t\t\t\t<\/div>\n\t\t\t\t<\/div>\n\t\t<div class=\"elementor-element elementor-element-2566afed e-flex e-con-boxed e-con e-parent\" data-id=\"2566afed\" data-element_type=\"container\" data-e-type=\"container\">\n\t\t\t\t\t<div class=\"e-con-inner\">\n\t\t\t\t<div class=\"elementor-element elementor-element-597ff982 elementor-widget elementor-widget-text-editor\" data-id=\"597ff982\" data-element_type=\"widget\" data-e-type=\"widget\" data-widget_type=\"text-editor.default\">\n\t\t\t\t<div class=\"elementor-widget-container\">\n\t\t\t\t\t\t\t\t\t<h3>PAGAMENTO EM PRESTA\u00c7\u00d5ES<\/h3><p>Divida o pagamento da sua encomenda em 3, 6 ou 12 meses por apenas um pequeno custo fixo por m\u00eas. S\u00f3 com a sua identifica\u00e7\u00e3o, telem\u00f3vel e cart\u00e3o banc\u00e1rio. Pode completar o pagamento sempre que quiser sem custos adicionais.<\/p><p>Por exemplo, se optar por pagar uma encomenda de 180\u20ac em 3 meses, pagaria 63\u20ac por m\u00eas (apenas 3\u20ac por m\u00eas por presta\u00e7\u00e3o).<\/p><p>\u00c9 assim que \u00e9 f\u00e1cil e r\u00e1pido dividir o seu pagamento com a SeQura:<\/p><p>1. Selecione Dividir o pagamento como m\u00e9todo de pagamento no checkout.<br>2. Introduza os seus dados (ID e telem\u00f3vel), escolha o seu plano de pagamentos e pague a primeira presta\u00e7\u00e3o mensal.<br>3. Desfrute da sua compra! Todos os outros pagamentos ser\u00e3o feitos automaticamente todos os meses.<\/p><p>Se tiver d\u00favidas, resolva-as <a href=\"https:\/\/www.sequra.es\/preguntas-frecuentes\/?utm_source=merchant&amp;utm_medium=paginainfo&amp;utm_term=faqs&amp;utm_content=descripci%C3%B3n_PP3_SQ&amp;utm_campaign=paginainfometodosdepago\" target=\"_blank\" rel=\"noopener noreferrer\">aqui<\/a>.<\/p><h3 class=\"font_3\">CART\u00c3O DE CR\u00c9DITO<\/h3><p class=\"font_8\">Garantimos que cada uma das transa\u00e7\u00f5es efetivas efeccionais na KERAMA \u00e9 100% segura. Todas as opera\u00e7\u00f5es que envolvam a transmiss\u00e3o de dados pessoais ou banc\u00e1rios s\u00e3o realizadas atrav\u00e9s de um ambiente seguro. A nossa loja kerama.es utiliza um servidor baseado na tecnologia de seguran\u00e7a padr\u00e3o SSL (Secure Socked Layer). Toda a informa\u00e7\u00e3o que nos transmite viaja encriptada atrav\u00e9s da rede.<\/p><p class=\"font_8\">Da mesma forma, os dados sobre o seu cart\u00e3o de cr\u00e9dito n\u00e3o est\u00e3o registados em nenhuma base de dados, mas v\u00e3o diretamente para o POS (Terminal de Ponto de Venda do Banco).<\/p><p class=\"font_8\">Informamos tamb\u00e9m que, num esfor\u00e7o para proporcionar maior seguran\u00e7a aos propriet\u00e1rios de cart\u00f5es de cr\u00e9dito, incorporamos na nossa porta de pagamento o sistema de pagamento seguro chamado CES (Com\u00e9rcio Eletr\u00f3nico Seguro). Isto significa que, se for titular de um cart\u00e3o &#8220;garantido&#8221;, pode sempre efetuar pagamentos atrav\u00e9s do cart\u00e3o VISA, MASTERCARD ou AMERICAN EXPRESS na nossa loja.<\/p><p class=\"font_8\">Caso o seu cart\u00e3o n\u00e3o siga este sistema de pagamento, o pagamento por cart\u00e3o de cr\u00e9dito VISA, MASTERCARD ou AMERICAN EXPRESS s\u00f3 kerama.es aceite para clientes com antiguidade e fiabilidade previamente comprovadas.<\/p><p class=\"font_8\">Em todos os casos, ao pagar por cart\u00e3o VISA, MASTERCARD ou AMERICAN EXPRESS, ser-lhe-\u00e1 sempre solicitado o seguinte informe: o n\u00famero do cart\u00e3o, a data de validade e um C\u00f3digo de Valida\u00e7\u00e3o que corresponda aos \u00faltimos 3 d\u00edgitos do n\u00famero impressos em it\u00e1lico no verso do seu cart\u00e3o VISA, MASTERCARD ou AMERICAN EXPRESS,  oferecendo assim mais garantias sobre a seguran\u00e7a da transa\u00e7\u00e3o.<\/p><h3 class=\"font_3\">TRANSFER\u00caNCIA BANC\u00c1RIA<\/h3><p class=\"font_8\">Garantimos que cada uma das transa\u00e7\u00f5es efetivas efeccionais na KERAMA \u00e9 100% segura. Todas as opera\u00e7\u00f5es que envolvam a transmiss\u00e3o de dados pessoais ou banc\u00e1rios s\u00e3o realizadas atrav\u00e9s de um ambiente seguro. A nossa loja kerama.es utiliza um servidor baseado na tecnologia de seguran\u00e7a padr\u00e3o SSL (Secure Socked Layer). Toda a informa\u00e7\u00e3o que nos transmite viaja encriptada atrav\u00e9s da rede.<\/p><p class=\"font_8\">Neste caso, o montante total da encomenda \u00e9 depositado no n\u00famero de conta fornecido. Depois de efetuado o pagamento, a encomenda \u00e9 preparada e o envio \u00e9 gerido. <\/p><p class=\"font_8\">Se por alguma raz\u00e3o n\u00e3o estiver satisfeito com a sua encomenda, tem um per\u00edodo de 14 dias de calend\u00e1rio, a contar a partir da data de entrega da encomenda para a devolu\u00e7\u00e3o do dinheiro e um m\u00eas para altera\u00e7\u00f5es. Basta enviar-nos o produto em perfeitas condi\u00e7\u00f5es e na sua embalagem original, incluindo garantias, etiquetas e instru\u00e7\u00f5es de utiliza\u00e7\u00e3o. Em caso de troca, ter\u00e1 de pagar os custos de envio da devolu\u00e7\u00e3o e do novo envio.<\/p><p class=\"font_8\">\u00c9 muito importante que nos devolva os produtos de troca ou devolu\u00e7\u00e3o perfeitamente embalados. No caso de os produtos estarem danificados devido a uma embalagem inadequada, n\u00e3o aceitaremos a devolu\u00e7\u00e3o. Nem a devolu\u00e7\u00e3o de itens sem o seu selo original ser\u00e1 aceite.<\/p><p class=\"font_8\">Assim que recebermos a mercadoria nos nossos armaz\u00e9ns e verificarmos se todas as condi\u00e7\u00f5es acima referidas est\u00e3o reunidas, a KERAMA admitir\u00e1 a devolu\u00e7\u00e3o do produto e proceder\u00e1 ao reembolso do seu montante de acordo com o m\u00e9todo de pagamento efetuado e, se for caso disso, com a expedi\u00e7\u00e3o do novo produto:<\/p><ul><li class=\"font_8\">Se efetuar o pagamento com cart\u00e3o de cr\u00e9dito, ser\u00e1 creditado com o mesmo cart\u00e3o de cr\u00e9dito.<\/li><li class=\"font_8\">Se efetuou o pagamento por transfer\u00eancia banc\u00e1ria, pediremos um n\u00famero de conta onde deve pagar o valor.<br><br><\/li><\/ul><p class=\"font_8\">Nota, note. Receber\u00e1 o reembolso do valor no prazo m\u00e1ximo de 10 dias a contar da rece\u00e7\u00e3o no nosso armaz\u00e9m do produto de troca ou devolu\u00e7\u00e3o. Tenha em mente que, se pagou com cart\u00e3o de cr\u00e9dito, \u00e9 prov\u00e1vel que o seu banco n\u00e3o lhe mostre o valor do reembolso no seu saldo at\u00e9 ao m\u00eas seguinte.<\/p><p class=\"font_8\">No caso de produtos defeituosos ou envios err\u00f3neos, todos os custos de envio ser\u00e3o suportados pela KERAMA.<\/p>\t\t\t\t\t\t\t\t<\/div>\n\t\t\t\t<\/div>\n\t\t\t\t\t<\/div>\n\t\t\t\t<\/div>\n\t\t\t\t<\/div>\n\t\t","protected":false},"excerpt":{"rendered":"<p>M\u00e9todos de pagamento PAGAMENTO EM PRESTA\u00c7\u00d5ES Divida o pagamento da sua encomenda em 3, 6 ou 12 meses por apenas um pequeno custo fixo por m\u00eas. S\u00f3 com a sua identifica\u00e7\u00e3o, telem\u00f3vel e cart\u00e3o banc\u00e1rio. Pode completar o pagamento sempre que quiser sem custos adicionais. Por exemplo, se optar por pagar uma encomenda de 180\u20ac [&hellip;]<\/p>\n","protected":false},"author":1,"featured_media":0,"parent":0,"menu_order":0,"comment_status":"closed","ping_status":"open","template":"","meta":{"_acf_changed":false,"footnotes":""},"class_list":["post-32792","page","type-page","status-publish","hentry"],"acf":[],"yoast_head":"<!-- This site is optimized with the Yoast SEO plugin v27.2 - https:\/\/yoast.com\/product\/yoast-seo-wordpress\/ -->\n<title>M\u00e9todos de pagamento - Kerama<\/title>\n<meta name=\"description\" content=\"Formas de pagamento dos websites Kerama especializados na venda de mobili\u00e1rio ao ar livre para jardins, terra\u00e7os e varandas.\" \/>\n<meta name=\"robots\" content=\"noindex, follow\" \/>\n<meta property=\"og:locale\" content=\"pt_PT\" \/>\n<meta property=\"og:type\" content=\"article\" \/>\n<meta property=\"og:title\" content=\"M\u00e9todos de pagamento - Kerama\" \/>\n<meta property=\"og:description\" content=\"Formas de pagamento dos websites Kerama especializados na venda de mobili\u00e1rio ao ar livre para jardins, terra\u00e7os e varandas.\" \/>\n<meta property=\"og:url\" content=\"https:\/\/keramamueblesdejardin.com\/pt-pt\/metodos-de-pagamento\/\" \/>\n<meta property=\"og:site_name\" content=\"Kerama\" \/>\n<meta property=\"article:publisher\" content=\"https:\/\/www.facebook.com\/Kerama-Muebles-de-Jard%c3%adn-106209328312568\/\" \/>\n<meta property=\"article:modified_time\" content=\"2026-02-11T13:52:38+00:00\" \/>\n<meta property=\"og:image\" content=\"https:\/\/keramamueblesdejardin.com\/wp-content\/uploads\/2025\/05\/logo-kerama.png\" \/>\n\t<meta property=\"og:image:width\" content=\"800\" \/>\n\t<meta property=\"og:image:height\" content=\"174\" \/>\n\t<meta property=\"og:image:type\" content=\"image\/png\" \/>\n<meta name=\"twitter:card\" content=\"summary_large_image\" \/>\n<meta name=\"twitter:label1\" content=\"Tempo estimado de leitura\" \/>\n\t<meta name=\"twitter:data1\" content=\"4 minutos\" \/>\n<script type=\"application\/ld+json\" class=\"yoast-schema-graph\">{\"@context\":\"https:\/\/schema.org\",\"@graph\":[{\"@type\":\"WebPage\",\"@id\":\"https:\/\/keramamueblesdejardin.com\/pt-pt\/metodos-de-pagamento\/\",\"url\":\"https:\/\/keramamueblesdejardin.com\/pt-pt\/metodos-de-pagamento\/\",\"name\":\"M\u00e9todos de pagamento - Kerama\",\"isPartOf\":{\"@id\":\"https:\/\/keramamueblesdejardin.com\/pt-pt\/#website\"},\"primaryImageOfPage\":{\"@id\":\"https:\/\/keramamueblesdejardin.com\/pt-pt\/metodos-de-pagamento\/#primaryimage\"},\"image\":{\"@id\":\"https:\/\/keramamueblesdejardin.com\/pt-pt\/metodos-de-pagamento\/#primaryimage\"},\"thumbnailUrl\":\"https:\/\/keramamueblesdejardin.com\/wp-content\/uploads\/2025\/05\/logo-kerama.png\",\"datePublished\":\"2021-01-19T11:37:15+00:00\",\"dateModified\":\"2026-02-11T13:52:38+00:00\",\"description\":\"Formas de pagamento dos websites Kerama especializados na venda de mobili\u00e1rio ao ar livre para jardins, terra\u00e7os e varandas.\",\"breadcrumb\":{\"@id\":\"https:\/\/keramamueblesdejardin.com\/pt-pt\/metodos-de-pagamento\/#breadcrumb\"},\"inLanguage\":\"pt-PT\",\"potentialAction\":[{\"@type\":\"ReadAction\",\"target\":[\"https:\/\/keramamueblesdejardin.com\/pt-pt\/metodos-de-pagamento\/\"]}]},{\"@type\":\"ImageObject\",\"inLanguage\":\"pt-PT\",\"@id\":\"https:\/\/keramamueblesdejardin.com\/pt-pt\/metodos-de-pagamento\/#primaryimage\",\"url\":\"https:\/\/keramamueblesdejardin.com\/wp-content\/uploads\/2025\/05\/logo-kerama.png\",\"contentUrl\":\"https:\/\/keramamueblesdejardin.com\/wp-content\/uploads\/2025\/05\/logo-kerama.png\"},{\"@type\":\"BreadcrumbList\",\"@id\":\"https:\/\/keramamueblesdejardin.com\/pt-pt\/metodos-de-pagamento\/#breadcrumb\",\"itemListElement\":[{\"@type\":\"ListItem\",\"position\":1,\"name\":\"Home\",\"item\":\"https:\/\/keramamueblesdejardin.com\/pt-pt\/\"},{\"@type\":\"ListItem\",\"position\":2,\"name\":\"M\u00e9todos de pagamento\"}]},{\"@type\":\"WebSite\",\"@id\":\"https:\/\/keramamueblesdejardin.com\/pt-pt\/#website\",\"url\":\"https:\/\/keramamueblesdejardin.com\/pt-pt\/\",\"name\":\"Kerama\",\"description\":\"muebles de jard\u00edn\",\"publisher\":{\"@id\":\"https:\/\/keramamueblesdejardin.com\/pt-pt\/#organization\"},\"potentialAction\":[{\"@type\":\"SearchAction\",\"target\":{\"@type\":\"EntryPoint\",\"urlTemplate\":\"https:\/\/keramamueblesdejardin.com\/pt-pt\/?s={search_term_string}\"},\"query-input\":{\"@type\":\"PropertyValueSpecification\",\"valueRequired\":true,\"valueName\":\"search_term_string\"}}],\"inLanguage\":\"pt-PT\"},{\"@type\":\"Organization\",\"@id\":\"https:\/\/keramamueblesdejardin.com\/pt-pt\/#organization\",\"name\":\"kerama\",\"url\":\"https:\/\/keramamueblesdejardin.com\/pt-pt\/\",\"logo\":{\"@type\":\"ImageObject\",\"inLanguage\":\"pt-PT\",\"@id\":\"https:\/\/keramamueblesdejardin.com\/pt-pt\/#\/schema\/logo\/image\/\",\"url\":\"https:\/\/keramamueblesdejardin.com\/wp-content\/uploads\/2020\/12\/k.-scaled.jpg\",\"contentUrl\":\"https:\/\/keramamueblesdejardin.com\/wp-content\/uploads\/2020\/12\/k.-scaled.jpg\",\"width\":2560,\"height\":551,\"caption\":\"kerama\"},\"image\":{\"@id\":\"https:\/\/keramamueblesdejardin.com\/pt-pt\/#\/schema\/logo\/image\/\"},\"sameAs\":[\"https:\/\/www.facebook.com\/Kerama-Muebles-de-Jard\u00edn-106209328312568\/\"]}]}<\/script>\n<!-- \/ Yoast SEO plugin. -->","yoast_head_json":{"title":"M\u00e9todos de pagamento - Kerama","description":"Formas de pagamento dos websites Kerama especializados na venda de mobili\u00e1rio ao ar livre para jardins, terra\u00e7os e varandas.","robots":{"index":"noindex","follow":"follow"},"og_locale":"pt_PT","og_type":"article","og_title":"M\u00e9todos de pagamento - Kerama","og_description":"Formas de pagamento dos websites Kerama especializados na venda de mobili\u00e1rio ao ar livre para jardins, terra\u00e7os e varandas.","og_url":"https:\/\/keramamueblesdejardin.com\/pt-pt\/metodos-de-pagamento\/","og_site_name":"Kerama","article_publisher":"https:\/\/www.facebook.com\/Kerama-Muebles-de-Jard%c3%adn-106209328312568\/","article_modified_time":"2026-02-11T13:52:38+00:00","og_image":[{"width":800,"height":174,"url":"https:\/\/keramamueblesdejardin.com\/wp-content\/uploads\/2025\/05\/logo-kerama.png","type":"image\/png"}],"twitter_card":"summary_large_image","twitter_misc":{"Tempo estimado de leitura":"4 minutos"},"schema":{"@context":"https:\/\/schema.org","@graph":[{"@type":"WebPage","@id":"https:\/\/keramamueblesdejardin.com\/pt-pt\/metodos-de-pagamento\/","url":"https:\/\/keramamueblesdejardin.com\/pt-pt\/metodos-de-pagamento\/","name":"M\u00e9todos de pagamento - Kerama","isPartOf":{"@id":"https:\/\/keramamueblesdejardin.com\/pt-pt\/#website"},"primaryImageOfPage":{"@id":"https:\/\/keramamueblesdejardin.com\/pt-pt\/metodos-de-pagamento\/#primaryimage"},"image":{"@id":"https:\/\/keramamueblesdejardin.com\/pt-pt\/metodos-de-pagamento\/#primaryimage"},"thumbnailUrl":"https:\/\/keramamueblesdejardin.com\/wp-content\/uploads\/2025\/05\/logo-kerama.png","datePublished":"2021-01-19T11:37:15+00:00","dateModified":"2026-02-11T13:52:38+00:00","description":"Formas de pagamento dos websites Kerama especializados na venda de mobili\u00e1rio ao ar livre para jardins, terra\u00e7os e varandas.","breadcrumb":{"@id":"https:\/\/keramamueblesdejardin.com\/pt-pt\/metodos-de-pagamento\/#breadcrumb"},"inLanguage":"pt-PT","potentialAction":[{"@type":"ReadAction","target":["https:\/\/keramamueblesdejardin.com\/pt-pt\/metodos-de-pagamento\/"]}]},{"@type":"ImageObject","inLanguage":"pt-PT","@id":"https:\/\/keramamueblesdejardin.com\/pt-pt\/metodos-de-pagamento\/#primaryimage","url":"https:\/\/keramamueblesdejardin.com\/wp-content\/uploads\/2025\/05\/logo-kerama.png","contentUrl":"https:\/\/keramamueblesdejardin.com\/wp-content\/uploads\/2025\/05\/logo-kerama.png"},{"@type":"BreadcrumbList","@id":"https:\/\/keramamueblesdejardin.com\/pt-pt\/metodos-de-pagamento\/#breadcrumb","itemListElement":[{"@type":"ListItem","position":1,"name":"Home","item":"https:\/\/keramamueblesdejardin.com\/pt-pt\/"},{"@type":"ListItem","position":2,"name":"M\u00e9todos de pagamento"}]},{"@type":"WebSite","@id":"https:\/\/keramamueblesdejardin.com\/pt-pt\/#website","url":"https:\/\/keramamueblesdejardin.com\/pt-pt\/","name":"Kerama","description":"muebles de jard\u00edn","publisher":{"@id":"https:\/\/keramamueblesdejardin.com\/pt-pt\/#organization"},"potentialAction":[{"@type":"SearchAction","target":{"@type":"EntryPoint","urlTemplate":"https:\/\/keramamueblesdejardin.com\/pt-pt\/?s={search_term_string}"},"query-input":{"@type":"PropertyValueSpecification","valueRequired":true,"valueName":"search_term_string"}}],"inLanguage":"pt-PT"},{"@type":"Organization","@id":"https:\/\/keramamueblesdejardin.com\/pt-pt\/#organization","name":"kerama","url":"https:\/\/keramamueblesdejardin.com\/pt-pt\/","logo":{"@type":"ImageObject","inLanguage":"pt-PT","@id":"https:\/\/keramamueblesdejardin.com\/pt-pt\/#\/schema\/logo\/image\/","url":"https:\/\/keramamueblesdejardin.com\/wp-content\/uploads\/2020\/12\/k.-scaled.jpg","contentUrl":"https:\/\/keramamueblesdejardin.com\/wp-content\/uploads\/2020\/12\/k.-scaled.jpg","width":2560,"height":551,"caption":"kerama"},"image":{"@id":"https:\/\/keramamueblesdejardin.com\/pt-pt\/#\/schema\/logo\/image\/"},"sameAs":["https:\/\/www.facebook.com\/Kerama-Muebles-de-Jard\u00edn-106209328312568\/"]}]}},"_links":{"self":[{"href":"https:\/\/keramamueblesdejardin.com\/pt-pt\/wp-json\/wp\/v2\/pages\/32792","targetHints":{"allow":["GET"]}}],"collection":[{"href":"https:\/\/keramamueblesdejardin.com\/pt-pt\/wp-json\/wp\/v2\/pages"}],"about":[{"href":"https:\/\/keramamueblesdejardin.com\/pt-pt\/wp-json\/wp\/v2\/types\/page"}],"author":[{"embeddable":true,"href":"https:\/\/keramamueblesdejardin.com\/pt-pt\/wp-json\/wp\/v2\/users\/1"}],"replies":[{"embeddable":true,"href":"https:\/\/keramamueblesdejardin.com\/pt-pt\/wp-json\/wp\/v2\/comments?post=32792"}],"version-history":[{"count":4,"href":"https:\/\/keramamueblesdejardin.com\/pt-pt\/wp-json\/wp\/v2\/pages\/32792\/revisions"}],"predecessor-version":[{"id":192142,"href":"https:\/\/keramamueblesdejardin.com\/pt-pt\/wp-json\/wp\/v2\/pages\/32792\/revisions\/192142"}],"wp:attachment":[{"href":"https:\/\/keramamueblesdejardin.com\/pt-pt\/wp-json\/wp\/v2\/media?parent=32792"}],"curies":[{"name":"wp","href":"https:\/\/api.w.org\/{rel}","templated":true}]}}