{"id":90231,"date":"2021-05-06T08:49:24","date_gmt":"2021-05-06T06:49:24","guid":{"rendered":"https:\/\/keramamueblesdejardin.com\/senza-categoria\/eccentrico-ombrellone-antracite-tessuto-antracite-tessuto-3x3m-milano\/"},"modified":"2023-08-29T10:52:53","modified_gmt":"2023-08-29T08:52:53","slug":"ombrellone-sospeso-3x3-grigio-milano","status":"publish","type":"product","link":"https:\/\/keramamueblesdejardin.com\/it\/ombrelloni-e-pergolati\/ombrelloni\/ombrellone-sospeso-3x3-grigio-milano\/","title":{"rendered":"Eccentrico ombrellone antracite tessuto antracite tessuto 3x3m &#8211; Milano"},"content":{"rendered":"<p>L&#8217;eccentrico ombrellone Milan 3\u00d73 con gonna da esterno per giardino o terrazza, ha un palo laterale molto robusto realizzato in alluminio. Il tessuto ha una bella finitura grigia, che \u00e8 idrorepellente, antimacchia e comprende anche un camino di ventilazione. Pu\u00f2 essere ruotato di 360 gradi per scegliere l&#8217;orientamento pi\u00f9 conveniente e ha una manovella che consente di aprire e chiudere l&#8217;ombrellone molto facilmente. \u00c8 anche inclinabile in altezza. L&#8217;eccentrico ombrellone Milan ha una struttura resistente con un totale di 8 aste e un design elegante che lo rendono ideale per formare un insieme di giardino o terrazza che si desidera mantenere durante tutto l&#8217;anno.<\/p>\n<p>&nbsp;<\/p>\n","protected":false},"excerpt":{"rendered":"<ul>\n<li>Ombrellone eccentrico 300\u00d7300 cm quadrato<\/li>\n<li>360\u00ba e funzione di rotazione inclinabile<\/li>\n<li>Struttura antracite<\/li>\n<li>Tessuto grigio<\/li>\n<\/ul>\n","protected":false},"featured_media":87470,"comment_status":"closed","ping_status":"open","template":"","meta":{"_acf_changed":false},"product_brand":[],"product_cat":[2820,2819],"product_tag":[2901,2778,2981],"class_list":{"0":"post-90231","1":"product","2":"type-product","3":"status-publish","4":"has-post-thumbnail","6":"product_cat-ombrelloni","7":"product_cat-ombrelloni-e-pergolati","8":"product_tag-alluminio","9":"product_tag-ampi-spazi","10":"product_tag-milano","11":"product_shipping_class-envio-gratuito-it","12":"pa_forma-quadrato","13":"pa_material-alluminio","14":"pa_material-poliestere","16":"first","17":"instock","18":"sale","19":"purchasable","20":"product-type-simple","21":"add-to-wishlist-before_image"},"acf":[],"yoast_head":"<!-- This site is optimized with the Yoast SEO plugin v27.2 - https:\/\/yoast.com\/product\/yoast-seo-wordpress\/ -->\n<title>Eccentrico ombrellone antracite tessuto antracite tessuto 3x3m - Milano - Kerama<\/title>\n<meta name=\"robots\" content=\"index, follow, max-snippet:-1, max-image-preview:large, max-video-preview:-1\" \/>\n<link rel=\"canonical\" href=\"https:\/\/keramamueblesdejardin.com\/it\/ombrelloni-e-pergolati\/ombrelloni\/ombrellone-sospeso-3x3-grigio-milano\/\" \/>\n<meta property=\"og:locale\" content=\"it_IT\" \/>\n<meta property=\"og:type\" content=\"article\" \/>\n<meta property=\"og:title\" content=\"Eccentrico ombrellone antracite tessuto antracite tessuto 3x3m - Milano - Kerama\" \/>\n<meta property=\"og:description\" content=\"Ombrellone eccentrico 300\u00d7300 cm quadrato  360\u00ba e funzione di rotazione inclinabile  Struttura antracite  Tessuto grigio\" \/>\n<meta property=\"og:url\" content=\"https:\/\/keramamueblesdejardin.com\/it\/ombrelloni-e-pergolati\/ombrelloni\/ombrellone-sospeso-3x3-grigio-milano\/\" \/>\n<meta property=\"og:site_name\" content=\"Kerama\" \/>\n<meta property=\"article:publisher\" content=\"https:\/\/www.facebook.com\/Kerama-Muebles-de-Jard%c3%adn-106209328312568\/\" \/>\n<meta property=\"article:modified_time\" content=\"2023-08-29T08:52:53+00:00\" \/>\n<meta property=\"og:image\" content=\"https:\/\/keramamueblesdejardin.com\/wp-content\/uploads\/2021\/05\/KMJ21122_01-1.jpg\" \/>\n\t<meta property=\"og:image:width\" content=\"2000\" \/>\n\t<meta property=\"og:image:height\" content=\"2000\" \/>\n\t<meta property=\"og:image:type\" content=\"image\/jpeg\" \/>\n<meta name=\"twitter:card\" content=\"summary_large_image\" \/>\n<meta name=\"twitter:label1\" content=\"Tempo di lettura stimato\" \/>\n\t<meta name=\"twitter:data1\" content=\"1 minuto\" \/>\n<script type=\"application\/ld+json\" class=\"yoast-schema-graph\">{\"@context\":\"https:\/\/schema.org\",\"@graph\":[{\"@type\":\"WebPage\",\"@id\":\"https:\/\/keramamueblesdejardin.com\/it\/ombrelloni-e-pergolati\/ombrelloni\/ombrellone-sospeso-3x3-grigio-milano\/\",\"url\":\"https:\/\/keramamueblesdejardin.com\/it\/ombrelloni-e-pergolati\/ombrelloni\/ombrellone-sospeso-3x3-grigio-milano\/\",\"name\":\"Eccentrico ombrellone antracite tessuto antracite tessuto 3x3m - Milano - Kerama\",\"isPartOf\":{\"@id\":\"https:\/\/keramamueblesdejardin.com\/it\/#website\"},\"primaryImageOfPage\":{\"@id\":\"https:\/\/keramamueblesdejardin.com\/it\/ombrelloni-e-pergolati\/ombrelloni\/ombrellone-sospeso-3x3-grigio-milano\/#primaryimage\"},\"image\":{\"@id\":\"https:\/\/keramamueblesdejardin.com\/it\/ombrelloni-e-pergolati\/ombrelloni\/ombrellone-sospeso-3x3-grigio-milano\/#primaryimage\"},\"thumbnailUrl\":\"https:\/\/keramamueblesdejardin.com\/wp-content\/uploads\/2021\/05\/KMJ21122_01-1.jpg\",\"datePublished\":\"2021-05-06T06:49:24+00:00\",\"dateModified\":\"2023-08-29T08:52:53+00:00\",\"breadcrumb\":{\"@id\":\"https:\/\/keramamueblesdejardin.com\/it\/ombrelloni-e-pergolati\/ombrelloni\/ombrellone-sospeso-3x3-grigio-milano\/#breadcrumb\"},\"inLanguage\":\"it-IT\",\"potentialAction\":[{\"@type\":\"ReadAction\",\"target\":[\"https:\/\/keramamueblesdejardin.com\/it\/ombrelloni-e-pergolati\/ombrelloni\/ombrellone-sospeso-3x3-grigio-milano\/\"]}]},{\"@type\":\"ImageObject\",\"inLanguage\":\"it-IT\",\"@id\":\"https:\/\/keramamueblesdejardin.com\/it\/ombrelloni-e-pergolati\/ombrelloni\/ombrellone-sospeso-3x3-grigio-milano\/#primaryimage\",\"url\":\"https:\/\/keramamueblesdejardin.com\/wp-content\/uploads\/2021\/05\/KMJ21122_01-1.jpg\",\"contentUrl\":\"https:\/\/keramamueblesdejardin.com\/wp-content\/uploads\/2021\/05\/KMJ21122_01-1.jpg\",\"width\":2000,\"height\":2000},{\"@type\":\"BreadcrumbList\",\"@id\":\"https:\/\/keramamueblesdejardin.com\/it\/ombrelloni-e-pergolati\/ombrelloni\/ombrellone-sospeso-3x3-grigio-milano\/#breadcrumb\",\"itemListElement\":[{\"@type\":\"ListItem\",\"position\":1,\"name\":\"Home\",\"item\":\"https:\/\/keramamueblesdejardin.com\/it\/\"},{\"@type\":\"ListItem\",\"position\":2,\"name\":\"Negozio\",\"item\":\"https:\/\/keramamueblesdejardin.com\/it\/negozio\/\"},{\"@type\":\"ListItem\",\"position\":3,\"name\":\"Ombrelloni e pergolati\",\"item\":\"https:\/\/keramamueblesdejardin.com\/it\/ombrelloni-e-pergolati\/\"},{\"@type\":\"ListItem\",\"position\":4,\"name\":\"Ombrelloni\",\"item\":\"https:\/\/keramamueblesdejardin.com\/it\/ombrelloni-e-pergolati\/ombrelloni\/\"},{\"@type\":\"ListItem\",\"position\":5,\"name\":\"Eccentrico ombrellone antracite tessuto antracite tessuto 3x3m &#8211; Milano\"}]},{\"@type\":\"WebSite\",\"@id\":\"https:\/\/keramamueblesdejardin.com\/it\/#website\",\"url\":\"https:\/\/keramamueblesdejardin.com\/it\/\",\"name\":\"Kerama\",\"description\":\"muebles de jard\u00edn\",\"publisher\":{\"@id\":\"https:\/\/keramamueblesdejardin.com\/it\/#organization\"},\"potentialAction\":[{\"@type\":\"SearchAction\",\"target\":{\"@type\":\"EntryPoint\",\"urlTemplate\":\"https:\/\/keramamueblesdejardin.com\/it\/?s={search_term_string}\"},\"query-input\":{\"@type\":\"PropertyValueSpecification\",\"valueRequired\":true,\"valueName\":\"search_term_string\"}}],\"inLanguage\":\"it-IT\"},{\"@type\":\"Organization\",\"@id\":\"https:\/\/keramamueblesdejardin.com\/it\/#organization\",\"name\":\"kerama\",\"url\":\"https:\/\/keramamueblesdejardin.com\/it\/\",\"logo\":{\"@type\":\"ImageObject\",\"inLanguage\":\"it-IT\",\"@id\":\"https:\/\/keramamueblesdejardin.com\/it\/#\/schema\/logo\/image\/\",\"url\":\"https:\/\/keramamueblesdejardin.com\/wp-content\/uploads\/2020\/12\/k.-scaled.jpg\",\"contentUrl\":\"https:\/\/keramamueblesdejardin.com\/wp-content\/uploads\/2020\/12\/k.-scaled.jpg\",\"width\":2560,\"height\":551,\"caption\":\"kerama\"},\"image\":{\"@id\":\"https:\/\/keramamueblesdejardin.com\/it\/#\/schema\/logo\/image\/\"},\"sameAs\":[\"https:\/\/www.facebook.com\/Kerama-Muebles-de-Jard\u00edn-106209328312568\/\"]}]}<\/script>\n<!-- \/ Yoast SEO plugin. -->","yoast_head_json":{"title":"Eccentrico ombrellone antracite tessuto antracite tessuto 3x3m - Milano - Kerama","robots":{"index":"index","follow":"follow","max-snippet":"max-snippet:-1","max-image-preview":"max-image-preview:large","max-video-preview":"max-video-preview:-1"},"canonical":"https:\/\/keramamueblesdejardin.com\/it\/ombrelloni-e-pergolati\/ombrelloni\/ombrellone-sospeso-3x3-grigio-milano\/","og_locale":"it_IT","og_type":"article","og_title":"Eccentrico ombrellone antracite tessuto antracite tessuto 3x3m - Milano - Kerama","og_description":"Ombrellone eccentrico 300\u00d7300 cm quadrato  360\u00ba e funzione di rotazione inclinabile  Struttura antracite  Tessuto grigio","og_url":"https:\/\/keramamueblesdejardin.com\/it\/ombrelloni-e-pergolati\/ombrelloni\/ombrellone-sospeso-3x3-grigio-milano\/","og_site_name":"Kerama","article_publisher":"https:\/\/www.facebook.com\/Kerama-Muebles-de-Jard%c3%adn-106209328312568\/","article_modified_time":"2023-08-29T08:52:53+00:00","og_image":[{"width":2000,"height":2000,"url":"https:\/\/keramamueblesdejardin.com\/wp-content\/uploads\/2021\/05\/KMJ21122_01-1.jpg","type":"image\/jpeg"}],"twitter_card":"summary_large_image","twitter_misc":{"Tempo di lettura stimato":"1 minuto"},"schema":{"@context":"https:\/\/schema.org","@graph":[{"@type":"WebPage","@id":"https:\/\/keramamueblesdejardin.com\/it\/ombrelloni-e-pergolati\/ombrelloni\/ombrellone-sospeso-3x3-grigio-milano\/","url":"https:\/\/keramamueblesdejardin.com\/it\/ombrelloni-e-pergolati\/ombrelloni\/ombrellone-sospeso-3x3-grigio-milano\/","name":"Eccentrico ombrellone antracite tessuto antracite tessuto 3x3m - Milano - Kerama","isPartOf":{"@id":"https:\/\/keramamueblesdejardin.com\/it\/#website"},"primaryImageOfPage":{"@id":"https:\/\/keramamueblesdejardin.com\/it\/ombrelloni-e-pergolati\/ombrelloni\/ombrellone-sospeso-3x3-grigio-milano\/#primaryimage"},"image":{"@id":"https:\/\/keramamueblesdejardin.com\/it\/ombrelloni-e-pergolati\/ombrelloni\/ombrellone-sospeso-3x3-grigio-milano\/#primaryimage"},"thumbnailUrl":"https:\/\/keramamueblesdejardin.com\/wp-content\/uploads\/2021\/05\/KMJ21122_01-1.jpg","datePublished":"2021-05-06T06:49:24+00:00","dateModified":"2023-08-29T08:52:53+00:00","breadcrumb":{"@id":"https:\/\/keramamueblesdejardin.com\/it\/ombrelloni-e-pergolati\/ombrelloni\/ombrellone-sospeso-3x3-grigio-milano\/#breadcrumb"},"inLanguage":"it-IT","potentialAction":[{"@type":"ReadAction","target":["https:\/\/keramamueblesdejardin.com\/it\/ombrelloni-e-pergolati\/ombrelloni\/ombrellone-sospeso-3x3-grigio-milano\/"]}]},{"@type":"ImageObject","inLanguage":"it-IT","@id":"https:\/\/keramamueblesdejardin.com\/it\/ombrelloni-e-pergolati\/ombrelloni\/ombrellone-sospeso-3x3-grigio-milano\/#primaryimage","url":"https:\/\/keramamueblesdejardin.com\/wp-content\/uploads\/2021\/05\/KMJ21122_01-1.jpg","contentUrl":"https:\/\/keramamueblesdejardin.com\/wp-content\/uploads\/2021\/05\/KMJ21122_01-1.jpg","width":2000,"height":2000},{"@type":"BreadcrumbList","@id":"https:\/\/keramamueblesdejardin.com\/it\/ombrelloni-e-pergolati\/ombrelloni\/ombrellone-sospeso-3x3-grigio-milano\/#breadcrumb","itemListElement":[{"@type":"ListItem","position":1,"name":"Home","item":"https:\/\/keramamueblesdejardin.com\/it\/"},{"@type":"ListItem","position":2,"name":"Negozio","item":"https:\/\/keramamueblesdejardin.com\/it\/negozio\/"},{"@type":"ListItem","position":3,"name":"Ombrelloni e pergolati","item":"https:\/\/keramamueblesdejardin.com\/it\/ombrelloni-e-pergolati\/"},{"@type":"ListItem","position":4,"name":"Ombrelloni","item":"https:\/\/keramamueblesdejardin.com\/it\/ombrelloni-e-pergolati\/ombrelloni\/"},{"@type":"ListItem","position":5,"name":"Eccentrico ombrellone antracite tessuto antracite tessuto 3x3m &#8211; Milano"}]},{"@type":"WebSite","@id":"https:\/\/keramamueblesdejardin.com\/it\/#website","url":"https:\/\/keramamueblesdejardin.com\/it\/","name":"Kerama","description":"muebles de jard\u00edn","publisher":{"@id":"https:\/\/keramamueblesdejardin.com\/it\/#organization"},"potentialAction":[{"@type":"SearchAction","target":{"@type":"EntryPoint","urlTemplate":"https:\/\/keramamueblesdejardin.com\/it\/?s={search_term_string}"},"query-input":{"@type":"PropertyValueSpecification","valueRequired":true,"valueName":"search_term_string"}}],"inLanguage":"it-IT"},{"@type":"Organization","@id":"https:\/\/keramamueblesdejardin.com\/it\/#organization","name":"kerama","url":"https:\/\/keramamueblesdejardin.com\/it\/","logo":{"@type":"ImageObject","inLanguage":"it-IT","@id":"https:\/\/keramamueblesdejardin.com\/it\/#\/schema\/logo\/image\/","url":"https:\/\/keramamueblesdejardin.com\/wp-content\/uploads\/2020\/12\/k.-scaled.jpg","contentUrl":"https:\/\/keramamueblesdejardin.com\/wp-content\/uploads\/2020\/12\/k.-scaled.jpg","width":2560,"height":551,"caption":"kerama"},"image":{"@id":"https:\/\/keramamueblesdejardin.com\/it\/#\/schema\/logo\/image\/"},"sameAs":["https:\/\/www.facebook.com\/Kerama-Muebles-de-Jard\u00edn-106209328312568\/"]}]}},"df_price":459,"df_sale_price":459,"df_regular_price":566,"df_image_link":"https:\/\/keramamueblesdejardin.com\/wp-content\/uploads\/2021\/05\/KMJ21122_01-1-300x300.jpg","custom_tabs":[{"title":"MISURAZIONE","id":"misurazione","content":"Quota massima: 2,40 m\nLarghezza tessuto: 3 m\nLunghezza tessuto: 3 m\nDimensione albero: 53 x 77 mm\nDimensione stelo: 14 x 24 mm\nNumero di aste: 8\nPeso del prodotto: 25 kg\nRotazione: 360\u00ba\nInclinabile: S\u00ec"},{"title":"DISIMBALLAGGIO E MONTAGGIO","id":"disimballaggio-e-assemblaggio","content":"<strong>Raccomandazioni per il disimballaggio:<\/strong> Non utilizzare utensili affilati durante il disimballaggio dei mobili in quanto potrebbe causare danni\n<strong>Richiede il montaggio (s\u00ec\/no):<\/strong> S\u00ec\n<strong>Difficolt\u00e0 di montaggio:<\/strong> Bassa\n<strong>Tempo di montaggio:<\/strong> 20 minuti\n<strong>Persone consigliate per il montaggio:<\/strong> 2\n<strong>Suggerimenti di montaggio:<\/strong> Preparare un'area di assemblaggio pulita e asciutta, verificare che nessuna delle parti indicate nel manuale manchi. Si consiglia di indossare guanti adatti al montaggio. Utilizzare solo le parti e l'hardware in dotazione. NON consigliamo l'acquisto con opzione di montaggio per questo articolo in quanto la difficolt\u00e0 di assemblaggio \u00e8 molto bassa."},{"title":"MANUTENZIONE E GARANZIE","id":"manutenzione-e-garanzie","content":"<div class=\"moz-signature\">\n<div class=\"list\"><strong>Raccomandazioni generali:<\/strong>\n\u2022 Guasti o danni causati da:\n\u2022 Cause accidentali come cadute, colpi, fuoriuscite di liquidi, introduzione di corpi estranei, nonch\u00e9 qualsiasi altra causa di forza maggiore.\n\u2022 Uso negligente, improprio o non domestico.\n\u2022 Danni, corrosione e\/o ossidazione accelerati da condizioni ambientali avverse\n\u2022 Macchie e scolorimenti dovuti al mancato rispetto delle nostre istruzioni di pulizia\n\u2022 Danni verificatisi durante il montaggio e la manipolazione senza aver seguito le istruzioni di montaggio indicate.\n<strong>Istruzioni per l'uso e la manutenzione:<\/strong>\n\u2022 Pulire delicatamente con l'aiuto di un panno o utilizzare un sapone liquido neutro, risciacquando con abbondante acqua.\n\u2022 Rimuovere regolarmente la polvere con l'aiuto di un panno morbido e acqua pulita.\n\u2022 Non utilizzare detergenti o prodotti abrasivi per la pulizia.\n<strong>Anni di garanzia:<\/strong> 3 anni\n<strong>Prodotto secondo lo standard:<\/strong> 581-1,581-2,581-3<\/div>\n<\/div>"}],"_links":{"self":[{"href":"https:\/\/keramamueblesdejardin.com\/it\/wp-json\/wp\/v2\/product\/90231","targetHints":{"allow":["GET"]}}],"collection":[{"href":"https:\/\/keramamueblesdejardin.com\/it\/wp-json\/wp\/v2\/product"}],"about":[{"href":"https:\/\/keramamueblesdejardin.com\/it\/wp-json\/wp\/v2\/types\/product"}],"replies":[{"embeddable":true,"href":"https:\/\/keramamueblesdejardin.com\/it\/wp-json\/wp\/v2\/comments?post=90231"}],"wp:featuredmedia":[{"embeddable":true,"href":"https:\/\/keramamueblesdejardin.com\/it\/wp-json\/wp\/v2\/media\/87470"}],"wp:attachment":[{"href":"https:\/\/keramamueblesdejardin.com\/it\/wp-json\/wp\/v2\/media?parent=90231"}],"wp:term":[{"taxonomy":"product_brand","embeddable":true,"href":"https:\/\/keramamueblesdejardin.com\/it\/wp-json\/wp\/v2\/product_brand?post=90231"},{"taxonomy":"product_cat","embeddable":true,"href":"https:\/\/keramamueblesdejardin.com\/it\/wp-json\/wp\/v2\/product_cat?post=90231"},{"taxonomy":"product_tag","embeddable":true,"href":"https:\/\/keramamueblesdejardin.com\/it\/wp-json\/wp\/v2\/product_tag?post=90231"}],"curies":[{"name":"wp","href":"https:\/\/api.w.org\/{rel}","templated":true}]}}