{"id":88263,"date":"2021-10-21T15:53:17","date_gmt":"2021-10-21T13:53:17","guid":{"rendered":"https:\/\/keramamueblesdejardin.com\/senza-categoria\/sedia-singola-sospesa-in-acciaio-e-corda-con-cuscino-moon\/"},"modified":"2023-08-30T08:38:58","modified_gmt":"2023-08-30T06:38:58","slug":"sedia-monosospensione-in-acciaio-e-corda-con-cuscino-lunare","status":"publish","type":"product","link":"https:\/\/keramamueblesdejardin.com\/it\/sedie-a-sdraio-e-riposo\/sedie-sospese\/sedia-monosospensione-in-acciaio-e-corda-con-cuscino-lunare\/","title":{"rendered":"Sedia singola sospesa in acciaio e corda con cuscino &#8211; Moon"},"content":{"rendered":"<p>Sedia sospesa individuale in acciaio antracite e corda intrecciata grigia con un design elegante, decorativo e confortevole progettato per una persona. Include cuscini in poliestere grigio con poggiatesta. Supporta un carico massimo di 120 kg grazie alla sua struttura solida e resistente. \u00c8 consigliato per l&#8217;uso in spazi esterni dati i suoi materiali. Con questo prodotto puoi goderti letture rilassanti sulla tua terrazza o balcone. Piedi\/supporto \u00e8 incluso.<\/p>\n","protected":false},"excerpt":{"rendered":"<p>Sedia sospesa individuale in acciaio antracite e corda intrecciata grigia con un design elegante, decorativo e confortevole progettato per una persona. Include cuscini in poliestere grigio con poggiatesta. Supporta un carico massimo di 120 kg grazie alla sua struttura solida e resistente. \u00c8 consigliato per l&#8217;uso in spazi esterni dati i suoi materiali. Con questo prodotto puoi goderti letture rilassanti sulla tua terrazza o balcone. Piedi\/supporto \u00e8 incluso.<\/p>\n","protected":false},"featured_media":88303,"comment_status":"closed","ping_status":"closed","template":"","meta":{"_acf_changed":false},"product_brand":[],"product_cat":[2783,3052],"product_tag":[2778,3053,2948,2831],"class_list":{"0":"post-88263","1":"product","2":"type-product","3":"status-publish","4":"has-post-thumbnail","6":"product_cat-sedie-a-sdraio-e-riposo","7":"product_cat-sedie-sospese","8":"product_tag-ampi-spazi","9":"product_tag-luna","10":"product_tag-piccoli-spazi","11":"product_tag-rattan-it","12":"product_shipping_class-envio-gratuito-it","13":"pa_coleccion-luna","14":"pa_material-acciaio","15":"pa_material-corda","17":"first","18":"outofstock","19":"sale","20":"purchasable","21":"product-type-simple","22":"add-to-wishlist-before_image"},"acf":[],"yoast_head":"<!-- This site is optimized with the Yoast SEO plugin v27.2 - https:\/\/yoast.com\/product\/yoast-seo-wordpress\/ -->\n<title>Sedia singola sospesa in acciaio e corda con cuscino - Moon - Kerama<\/title>\n<meta name=\"robots\" content=\"index, follow, max-snippet:-1, max-image-preview:large, max-video-preview:-1\" \/>\n<link rel=\"canonical\" href=\"https:\/\/keramamueblesdejardin.com\/it\/sedie-a-sdraio-e-riposo\/sedie-sospese\/sedia-monosospensione-in-acciaio-e-corda-con-cuscino-lunare\/\" \/>\n<meta property=\"og:locale\" content=\"it_IT\" \/>\n<meta property=\"og:type\" content=\"article\" \/>\n<meta property=\"og:title\" content=\"Sedia singola sospesa in acciaio e corda con cuscino - Moon - Kerama\" \/>\n<meta property=\"og:description\" content=\"Sedia sospesa individuale in acciaio antracite e corda intrecciata grigia con un design elegante, decorativo e confortevole progettato per una persona. Include cuscini in poliestere grigio con poggiatesta. Supporta un carico massimo di 120 kg grazie alla sua struttura solida e resistente. \u00c8 consigliato per l&#039;uso in spazi esterni dati i suoi materiali. Con questo prodotto puoi goderti letture rilassanti sulla tua terrazza o balcone. Piedi\/supporto \u00e8 incluso.\" \/>\n<meta property=\"og:url\" content=\"https:\/\/keramamueblesdejardin.com\/it\/sedie-a-sdraio-e-riposo\/sedie-sospese\/sedia-monosospensione-in-acciaio-e-corda-con-cuscino-lunare\/\" \/>\n<meta property=\"og:site_name\" content=\"Kerama\" \/>\n<meta property=\"article:publisher\" content=\"https:\/\/www.facebook.com\/Kerama-Muebles-de-Jard%c3%adn-106209328312568\/\" \/>\n<meta property=\"article:modified_time\" content=\"2023-08-30T06:38:58+00:00\" \/>\n<meta property=\"og:image\" content=\"https:\/\/keramamueblesdejardin.com\/wp-content\/uploads\/2021\/10\/KMJ21445_01_-scaled.jpg\" \/>\n\t<meta property=\"og:image:width\" content=\"2560\" \/>\n\t<meta property=\"og:image:height\" content=\"2560\" \/>\n\t<meta property=\"og:image:type\" content=\"image\/jpeg\" \/>\n<meta name=\"twitter:card\" content=\"summary_large_image\" \/>\n<script type=\"application\/ld+json\" class=\"yoast-schema-graph\">{\"@context\":\"https:\/\/schema.org\",\"@graph\":[{\"@type\":\"WebPage\",\"@id\":\"https:\/\/keramamueblesdejardin.com\/it\/sedie-a-sdraio-e-riposo\/sedie-sospese\/sedia-monosospensione-in-acciaio-e-corda-con-cuscino-lunare\/\",\"url\":\"https:\/\/keramamueblesdejardin.com\/it\/sedie-a-sdraio-e-riposo\/sedie-sospese\/sedia-monosospensione-in-acciaio-e-corda-con-cuscino-lunare\/\",\"name\":\"Sedia singola sospesa in acciaio e corda con cuscino - Moon - Kerama\",\"isPartOf\":{\"@id\":\"https:\/\/keramamueblesdejardin.com\/it\/#website\"},\"primaryImageOfPage\":{\"@id\":\"https:\/\/keramamueblesdejardin.com\/it\/sedie-a-sdraio-e-riposo\/sedie-sospese\/sedia-monosospensione-in-acciaio-e-corda-con-cuscino-lunare\/#primaryimage\"},\"image\":{\"@id\":\"https:\/\/keramamueblesdejardin.com\/it\/sedie-a-sdraio-e-riposo\/sedie-sospese\/sedia-monosospensione-in-acciaio-e-corda-con-cuscino-lunare\/#primaryimage\"},\"thumbnailUrl\":\"https:\/\/keramamueblesdejardin.com\/wp-content\/uploads\/2021\/10\/KMJ21445_01_-scaled.jpg\",\"datePublished\":\"2021-10-21T13:53:17+00:00\",\"dateModified\":\"2023-08-30T06:38:58+00:00\",\"breadcrumb\":{\"@id\":\"https:\/\/keramamueblesdejardin.com\/it\/sedie-a-sdraio-e-riposo\/sedie-sospese\/sedia-monosospensione-in-acciaio-e-corda-con-cuscino-lunare\/#breadcrumb\"},\"inLanguage\":\"it-IT\",\"potentialAction\":[{\"@type\":\"ReadAction\",\"target\":[\"https:\/\/keramamueblesdejardin.com\/it\/sedie-a-sdraio-e-riposo\/sedie-sospese\/sedia-monosospensione-in-acciaio-e-corda-con-cuscino-lunare\/\"]}]},{\"@type\":\"ImageObject\",\"inLanguage\":\"it-IT\",\"@id\":\"https:\/\/keramamueblesdejardin.com\/it\/sedie-a-sdraio-e-riposo\/sedie-sospese\/sedia-monosospensione-in-acciaio-e-corda-con-cuscino-lunare\/#primaryimage\",\"url\":\"https:\/\/keramamueblesdejardin.com\/wp-content\/uploads\/2021\/10\/KMJ21445_01_-scaled.jpg\",\"contentUrl\":\"https:\/\/keramamueblesdejardin.com\/wp-content\/uploads\/2021\/10\/KMJ21445_01_-scaled.jpg\",\"width\":2560,\"height\":2560},{\"@type\":\"BreadcrumbList\",\"@id\":\"https:\/\/keramamueblesdejardin.com\/it\/sedie-a-sdraio-e-riposo\/sedie-sospese\/sedia-monosospensione-in-acciaio-e-corda-con-cuscino-lunare\/#breadcrumb\",\"itemListElement\":[{\"@type\":\"ListItem\",\"position\":1,\"name\":\"Home\",\"item\":\"https:\/\/keramamueblesdejardin.com\/it\/\"},{\"@type\":\"ListItem\",\"position\":2,\"name\":\"Negozio\",\"item\":\"https:\/\/keramamueblesdejardin.com\/it\/negozio\/\"},{\"@type\":\"ListItem\",\"position\":3,\"name\":\"Sedie a sdraio e riposo\",\"item\":\"https:\/\/keramamueblesdejardin.com\/it\/sedie-a-sdraio-e-riposo\/\"},{\"@type\":\"ListItem\",\"position\":4,\"name\":\"Sedie sospese\",\"item\":\"https:\/\/keramamueblesdejardin.com\/it\/sedie-a-sdraio-e-riposo\/sedie-sospese\/\"},{\"@type\":\"ListItem\",\"position\":5,\"name\":\"Sedia singola sospesa in acciaio e corda con cuscino &#8211; Moon\"}]},{\"@type\":\"WebSite\",\"@id\":\"https:\/\/keramamueblesdejardin.com\/it\/#website\",\"url\":\"https:\/\/keramamueblesdejardin.com\/it\/\",\"name\":\"Kerama\",\"description\":\"muebles de jard\u00edn\",\"publisher\":{\"@id\":\"https:\/\/keramamueblesdejardin.com\/it\/#organization\"},\"potentialAction\":[{\"@type\":\"SearchAction\",\"target\":{\"@type\":\"EntryPoint\",\"urlTemplate\":\"https:\/\/keramamueblesdejardin.com\/it\/?s={search_term_string}\"},\"query-input\":{\"@type\":\"PropertyValueSpecification\",\"valueRequired\":true,\"valueName\":\"search_term_string\"}}],\"inLanguage\":\"it-IT\"},{\"@type\":\"Organization\",\"@id\":\"https:\/\/keramamueblesdejardin.com\/it\/#organization\",\"name\":\"kerama\",\"url\":\"https:\/\/keramamueblesdejardin.com\/it\/\",\"logo\":{\"@type\":\"ImageObject\",\"inLanguage\":\"it-IT\",\"@id\":\"https:\/\/keramamueblesdejardin.com\/it\/#\/schema\/logo\/image\/\",\"url\":\"https:\/\/keramamueblesdejardin.com\/wp-content\/uploads\/2020\/12\/k.-scaled.jpg\",\"contentUrl\":\"https:\/\/keramamueblesdejardin.com\/wp-content\/uploads\/2020\/12\/k.-scaled.jpg\",\"width\":2560,\"height\":551,\"caption\":\"kerama\"},\"image\":{\"@id\":\"https:\/\/keramamueblesdejardin.com\/it\/#\/schema\/logo\/image\/\"},\"sameAs\":[\"https:\/\/www.facebook.com\/Kerama-Muebles-de-Jard\u00edn-106209328312568\/\"]}]}<\/script>\n<!-- \/ Yoast SEO plugin. -->","yoast_head_json":{"title":"Sedia singola sospesa in acciaio e corda con cuscino - Moon - Kerama","robots":{"index":"index","follow":"follow","max-snippet":"max-snippet:-1","max-image-preview":"max-image-preview:large","max-video-preview":"max-video-preview:-1"},"canonical":"https:\/\/keramamueblesdejardin.com\/it\/sedie-a-sdraio-e-riposo\/sedie-sospese\/sedia-monosospensione-in-acciaio-e-corda-con-cuscino-lunare\/","og_locale":"it_IT","og_type":"article","og_title":"Sedia singola sospesa in acciaio e corda con cuscino - Moon - Kerama","og_description":"Sedia sospesa individuale in acciaio antracite e corda intrecciata grigia con un design elegante, decorativo e confortevole progettato per una persona. Include cuscini in poliestere grigio con poggiatesta. Supporta un carico massimo di 120 kg grazie alla sua struttura solida e resistente. \u00c8 consigliato per l'uso in spazi esterni dati i suoi materiali. Con questo prodotto puoi goderti letture rilassanti sulla tua terrazza o balcone. Piedi\/supporto \u00e8 incluso.","og_url":"https:\/\/keramamueblesdejardin.com\/it\/sedie-a-sdraio-e-riposo\/sedie-sospese\/sedia-monosospensione-in-acciaio-e-corda-con-cuscino-lunare\/","og_site_name":"Kerama","article_publisher":"https:\/\/www.facebook.com\/Kerama-Muebles-de-Jard%c3%adn-106209328312568\/","article_modified_time":"2023-08-30T06:38:58+00:00","og_image":[{"width":2560,"height":2560,"url":"https:\/\/keramamueblesdejardin.com\/wp-content\/uploads\/2021\/10\/KMJ21445_01_-scaled.jpg","type":"image\/jpeg"}],"twitter_card":"summary_large_image","schema":{"@context":"https:\/\/schema.org","@graph":[{"@type":"WebPage","@id":"https:\/\/keramamueblesdejardin.com\/it\/sedie-a-sdraio-e-riposo\/sedie-sospese\/sedia-monosospensione-in-acciaio-e-corda-con-cuscino-lunare\/","url":"https:\/\/keramamueblesdejardin.com\/it\/sedie-a-sdraio-e-riposo\/sedie-sospese\/sedia-monosospensione-in-acciaio-e-corda-con-cuscino-lunare\/","name":"Sedia singola sospesa in acciaio e corda con cuscino - Moon - Kerama","isPartOf":{"@id":"https:\/\/keramamueblesdejardin.com\/it\/#website"},"primaryImageOfPage":{"@id":"https:\/\/keramamueblesdejardin.com\/it\/sedie-a-sdraio-e-riposo\/sedie-sospese\/sedia-monosospensione-in-acciaio-e-corda-con-cuscino-lunare\/#primaryimage"},"image":{"@id":"https:\/\/keramamueblesdejardin.com\/it\/sedie-a-sdraio-e-riposo\/sedie-sospese\/sedia-monosospensione-in-acciaio-e-corda-con-cuscino-lunare\/#primaryimage"},"thumbnailUrl":"https:\/\/keramamueblesdejardin.com\/wp-content\/uploads\/2021\/10\/KMJ21445_01_-scaled.jpg","datePublished":"2021-10-21T13:53:17+00:00","dateModified":"2023-08-30T06:38:58+00:00","breadcrumb":{"@id":"https:\/\/keramamueblesdejardin.com\/it\/sedie-a-sdraio-e-riposo\/sedie-sospese\/sedia-monosospensione-in-acciaio-e-corda-con-cuscino-lunare\/#breadcrumb"},"inLanguage":"it-IT","potentialAction":[{"@type":"ReadAction","target":["https:\/\/keramamueblesdejardin.com\/it\/sedie-a-sdraio-e-riposo\/sedie-sospese\/sedia-monosospensione-in-acciaio-e-corda-con-cuscino-lunare\/"]}]},{"@type":"ImageObject","inLanguage":"it-IT","@id":"https:\/\/keramamueblesdejardin.com\/it\/sedie-a-sdraio-e-riposo\/sedie-sospese\/sedia-monosospensione-in-acciaio-e-corda-con-cuscino-lunare\/#primaryimage","url":"https:\/\/keramamueblesdejardin.com\/wp-content\/uploads\/2021\/10\/KMJ21445_01_-scaled.jpg","contentUrl":"https:\/\/keramamueblesdejardin.com\/wp-content\/uploads\/2021\/10\/KMJ21445_01_-scaled.jpg","width":2560,"height":2560},{"@type":"BreadcrumbList","@id":"https:\/\/keramamueblesdejardin.com\/it\/sedie-a-sdraio-e-riposo\/sedie-sospese\/sedia-monosospensione-in-acciaio-e-corda-con-cuscino-lunare\/#breadcrumb","itemListElement":[{"@type":"ListItem","position":1,"name":"Home","item":"https:\/\/keramamueblesdejardin.com\/it\/"},{"@type":"ListItem","position":2,"name":"Negozio","item":"https:\/\/keramamueblesdejardin.com\/it\/negozio\/"},{"@type":"ListItem","position":3,"name":"Sedie a sdraio e riposo","item":"https:\/\/keramamueblesdejardin.com\/it\/sedie-a-sdraio-e-riposo\/"},{"@type":"ListItem","position":4,"name":"Sedie sospese","item":"https:\/\/keramamueblesdejardin.com\/it\/sedie-a-sdraio-e-riposo\/sedie-sospese\/"},{"@type":"ListItem","position":5,"name":"Sedia singola sospesa in acciaio e corda con cuscino &#8211; Moon"}]},{"@type":"WebSite","@id":"https:\/\/keramamueblesdejardin.com\/it\/#website","url":"https:\/\/keramamueblesdejardin.com\/it\/","name":"Kerama","description":"muebles de jard\u00edn","publisher":{"@id":"https:\/\/keramamueblesdejardin.com\/it\/#organization"},"potentialAction":[{"@type":"SearchAction","target":{"@type":"EntryPoint","urlTemplate":"https:\/\/keramamueblesdejardin.com\/it\/?s={search_term_string}"},"query-input":{"@type":"PropertyValueSpecification","valueRequired":true,"valueName":"search_term_string"}}],"inLanguage":"it-IT"},{"@type":"Organization","@id":"https:\/\/keramamueblesdejardin.com\/it\/#organization","name":"kerama","url":"https:\/\/keramamueblesdejardin.com\/it\/","logo":{"@type":"ImageObject","inLanguage":"it-IT","@id":"https:\/\/keramamueblesdejardin.com\/it\/#\/schema\/logo\/image\/","url":"https:\/\/keramamueblesdejardin.com\/wp-content\/uploads\/2020\/12\/k.-scaled.jpg","contentUrl":"https:\/\/keramamueblesdejardin.com\/wp-content\/uploads\/2020\/12\/k.-scaled.jpg","width":2560,"height":551,"caption":"kerama"},"image":{"@id":"https:\/\/keramamueblesdejardin.com\/it\/#\/schema\/logo\/image\/"},"sameAs":["https:\/\/www.facebook.com\/Kerama-Muebles-de-Jard\u00edn-106209328312568\/"]}]}},"df_price":395,"df_sale_price":395,"df_regular_price":514,"df_image_link":"https:\/\/keramamueblesdejardin.com\/wp-content\/uploads\/2021\/10\/KMJ21445_01_-300x300.jpg","custom_tabs":[{"title":"MISURAZIONE","id":"misurazione","content":"<div class=\"list\">\n<div class=\"list\"><strong>Alto: <\/strong> Sedia 111cm \/\/ Struttura 198cm<\/div>\n<div class=\"list\"><strong>Largo: <\/strong> Sedia 83cm \/\/ Struttura 98cm<\/div>\n<div class=\"list\"><strong>Fondoschiena: <\/strong> Sedia 75cm \/\/ Struttura 106cm<\/div>\n<div class=\"list\"><\/div>\n<\/div>"},{"title":"DISIMBALLAGGIO E MONTAGGIO","id":"disimballaggio-e-assemblaggio","content":"<div class=\"list\"><strong style=\"font-weight: bold; color: #282828;\">Raccomandazioni per<\/strong> il disimballaggio: <span style=\"color: #282828;\"> Non utilizzare utensili affilati durante il disimballaggio dei mobili in quanto potrebbe causare danni<\/span><br style=\"color: #282828;\"><strong style=\"font-weight: bold; color: #282828;\">Richiede il montaggio (s\u00ec\/no):<\/strong><span style=\"color: #282828;\"> S\u00ec<\/span><br style=\"color: #282828;\"><strong style=\"font-weight: bold; color: #282828;\">Difficolt\u00e0 di montaggio:<\/strong><span style=\"color: #282828;\"> Bassa<\/span><br style=\"color: #282828;\"><strong style=\"font-weight: bold; color: #282828;\">Tempo di montaggio:<\/strong><span style=\"color: #282828;\"> 30 minuti<\/span><br style=\"color: #282828;\"><strong style=\"font-weight: bold; color: #282828;\">Persone consigliate per il montaggio:<\/strong><span style=\"color: #282828;\"> 2<\/span><br style=\"color: #282828;\"><strong style=\"font-weight: bold; color: #282828;\">Suggerimenti di montaggio:<\/strong><span style=\"color: #282828;\">  Preparare un'area di assemblaggio pulita e asciutta, verificare che nessuna delle parti indicate nel manuale manchi. Si consiglia di indossare guanti adatti al montaggio. Utilizzare solo le parti e l'hardware in dotazione.<\/span><\/div>"},{"title":"MANUTENZIONE E GARANZIE","id":"manutenzione-e-garanzie","content":"<strong>Raccomandazioni generali:<\/strong>\n\u2022 Guasti o danni causati da:\n\u2022 Cause accidentali come cadute, colpi, fuoriuscite di liquidi, introduzione di corpi estranei, nonch\u00e9 qualsiasi altra causa di forza maggiore.\n\u2022 Uso negligente, improprio o non domestico.\n\u2022 Danni, corrosione e\/o ossidazione accelerati da condizioni ambientali avverse\n\u2022 Macchie e scolorimenti dovuti al mancato rispetto delle nostre istruzioni di pulizia\n\u2022 Danni verificatisi durante il montaggio e la manipolazione senza aver seguito le istruzioni di montaggio indicate.\n<strong>Istruzioni per l'uso e la manutenzione:<\/strong>\n\u2022 Pulire delicatamente con l'aiuto di un panno o utilizzare un sapone liquido neutro, risciacquando con abbondante acqua.\n\u2022 Rimuovere regolarmente la polvere con l'aiuto di un panno morbido e acqua pulita.\n\u2022 Non utilizzare detergenti o prodotti abrasivi per la pulizia.\n\u2022 Trattamento con olio di lino: Prima di applicare uno strato di olio di lino sul prodotto allo stato naturale \u00e8 consigliabile lasciarlo all'esterno per 2 o 3 settimane, in modo da assumere un aspetto omogeneo e aerarlo. Pulire con acqua pulita usando un pennello e lasciare asciugare. Una volta ben asciutto, va carteggiato con una carta vetrata di grammatura tra 120 e 150 con cura e senza stringere, seguendo, per quanto possibile, la direzione delle vene; Questa operazione non viene mai eseguita nelle prime ore del giorno.\nPer mantenere il colore \u00e8 consigliabile ripetere il processo una o due volte l'anno.\nSe l'olio di lino \u00e8 gi\u00e0 stato applicato ai mobili \u00e8 consigliabile carteggiarlo ogni tre anni in modo che gli strati successivi di olio non impediscano la traspirazione del legno.\n<strong>Anni di garanzia:<\/strong> 3 anni\n<strong>Prodotto secondo lo standard:<\/strong> 581-1,581-2,581-3\n<strong>Certificazione FSC (s\u00ec\/no):<\/strong> S\u00ec"}],"_links":{"self":[{"href":"https:\/\/keramamueblesdejardin.com\/it\/wp-json\/wp\/v2\/product\/88263","targetHints":{"allow":["GET"]}}],"collection":[{"href":"https:\/\/keramamueblesdejardin.com\/it\/wp-json\/wp\/v2\/product"}],"about":[{"href":"https:\/\/keramamueblesdejardin.com\/it\/wp-json\/wp\/v2\/types\/product"}],"replies":[{"embeddable":true,"href":"https:\/\/keramamueblesdejardin.com\/it\/wp-json\/wp\/v2\/comments?post=88263"}],"wp:featuredmedia":[{"embeddable":true,"href":"https:\/\/keramamueblesdejardin.com\/it\/wp-json\/wp\/v2\/media\/88303"}],"wp:attachment":[{"href":"https:\/\/keramamueblesdejardin.com\/it\/wp-json\/wp\/v2\/media?parent=88263"}],"wp:term":[{"taxonomy":"product_brand","embeddable":true,"href":"https:\/\/keramamueblesdejardin.com\/it\/wp-json\/wp\/v2\/product_brand?post=88263"},{"taxonomy":"product_cat","embeddable":true,"href":"https:\/\/keramamueblesdejardin.com\/it\/wp-json\/wp\/v2\/product_cat?post=88263"},{"taxonomy":"product_tag","embeddable":true,"href":"https:\/\/keramamueblesdejardin.com\/it\/wp-json\/wp\/v2\/product_tag?post=88263"}],"curies":[{"name":"wp","href":"https:\/\/api.w.org\/{rel}","templated":true}]}}